{"id":297816,"date":"2024-04-15T08:21:20","date_gmt":"2024-04-15T12:21:20","guid":{"rendered":"https:\/\/www.miamibeachfl.gov\/?page_id=297816"},"modified":"2025-12-30T14:43:28","modified_gmt":"2025-12-30T19:43:28","slug":"david-martinez","status":"publish","type":"page","link":"https:\/\/www.miamibeachfl.gov\/es\/staff\/david-martinez\/","title":{"rendered":"David Mart\u00ednez <br><span style=\"font-size:18px\">Administrador asistente de la ciudad <\/span>"},"content":{"rendered":"<img decoding=\"async\" src=\"https:\/\/www.miamibeachfl.gov\/wp-content\/uploads\/bb-plugin\/cache\/DavidMartinez-circle-circle.png\" alt=\"David Martinez\" title=\"DavidMartinez-circle\" itemprop=\"image\"\/>\n\t\t<h1>\n\t\t\tDavid Mart\u00ednez\t<\/h1>\n<h2>\n\t\t\tAdministrador asistente de la ciudad\t<\/h2>\n\t<ul>\n\t\t<li><a href=\"mailto:DavidMartinez@miamibeachfl.gov\" target=\"_self\"  aria-label=\"Vaya al correo:DavidMartinez@miamibeachfl.gov\">\t\t\t\t\n\t\t<h3>DavidMartinez@miamibeachfl.gov<\/h3><\/a><\/li><li>\t\t\t\t\n\t\t<h3>Sitio web del administrador de la ciudad<\/h3><p><strong><a href=\"https:\/\/www.miamibeachfl.gov\/es\/city-hall\/city-manager\/\">Visita el sitio web del administrador de la ciudad<\/a><\/strong><\/p><\/li>\t<\/ul>\n\t<p><strong>\u00c1reas de responsabilidad:<\/strong> Proyectos de mejoras de capital, vivienda y servicios comunitarios, estacionamiento, planificaci\u00f3n, adquisiciones, obras p\u00fablicas y transporte y movilidad.<\/p>\n\t<p>David Mart\u00ednez se incorpor\u00f3 a la Ciudad de Miami Beach en 2011, donde trabaj\u00f3 durante 11 a\u00f1os como Director de Proyectos de Mejoras de Capital (CIP) y dos a\u00f1os como Subdirector de CIP. Como Subadministrador Municipal, David supervisa los Proyectos de Mejoras de Capital, Vivienda y Servicios Comunitarios, Estacionamiento, Planificaci\u00f3n, Adquisiciones, Obras P\u00fablicas y Transporte y Movilidad.<\/p>\n<p>David cuenta con m\u00e1s de 38 a\u00f1os de experiencia en el sector de la ingenier\u00eda y la construcci\u00f3n, incluyendo m\u00e1s de 19 a\u00f1os dedicados al servicio p\u00fablico en puestos de alto nivel y ejecutivos. Antes de incorporarse a la Ciudad, fue Gerente S\u00e9nior de Proyectos en Miller Construction y Director de Construcci\u00f3n en Tri-C Construction. Posee una maestr\u00eda en Administraci\u00f3n de Empresas por la Universidad Nova Southeastern y una licenciatura en Ingenier\u00eda Civil por la Universidad Internacional de Florida. Est\u00e1 registrado como Ingeniero Profesional en el estado de Florida.<\/p>","protected":false},"excerpt":{"rendered":"<p>David Martinez Assistant City Manager DavidMartinez@miamibeachfl.gov City Manager Website Visit City Manager Website Areas of Responsibility: Capital Improvement Projects, Housing [&hellip;]<\/p>\n","protected":false},"author":222,"featured_media":297818,"parent":261112,"menu_order":12,"comment_status":"closed","ping_status":"closed","template":"","meta":{"_searchwp_excluded":"","site-sidebar-layout":"default","site-content-layout":"","ast-site-content-layout":"default","site-content-style":"default","site-sidebar-style":"default","ast-global-header-display":"","ast-banner-title-visibility":"","ast-main-header-display":"","ast-hfb-above-header-display":"","ast-hfb-below-header-display":"","ast-hfb-mobile-header-display":"","site-post-title":"","ast-breadcrumbs-content":"","ast-featured-img":"","footer-sml-layout":"","ast-disable-related-posts":"","theme-transparent-header-meta":"","adv-header-id-meta":"","stick-header-meta":"","header-above-stick-meta":"","header-main-stick-meta":"","header-below-stick-meta":"","astra-migrate-meta-layouts":"default","ast-page-background-enabled":"default","ast-page-background-meta":{"desktop":{"background-color":"var(--ast-global-color-5)","background-image":"","background-repeat":"repeat","background-position":"center center","background-size":"auto","background-attachment":"scroll","background-type":"","background-media":"","overlay-type":"","overlay-color":"","overlay-opacity":"","overlay-gradient":""},"tablet":{"background-color":"","background-image":"","background-repeat":"repeat","background-position":"center center","background-size":"auto","background-attachment":"scroll","background-type":"","background-media":"","overlay-type":"","overlay-color":"","overlay-opacity":"","overlay-gradient":""},"mobile":{"background-color":"","background-image":"","background-repeat":"repeat","background-position":"center center","background-size":"auto","background-attachment":"scroll","background-type":"","background-media":"","overlay-type":"","overlay-color":"","overlay-opacity":"","overlay-gradient":""}},"ast-content-background-meta":{"desktop":{"background-color":"var(--ast-global-color-4)","background-image":"","background-repeat":"repeat","background-position":"center center","background-size":"auto","background-attachment":"scroll","background-type":"","background-media":"","overlay-type":"","overlay-color":"","overlay-opacity":"","overlay-gradient":""},"tablet":{"background-color":"var(--ast-global-color-4)","background-image":"","background-repeat":"repeat","background-position":"center center","background-size":"auto","background-attachment":"scroll","background-type":"","background-media":"","overlay-type":"","overlay-color":"","overlay-opacity":"","overlay-gradient":""},"mobile":{"background-color":"var(--ast-global-color-4)","background-image":"","background-repeat":"repeat","background-position":"center center","background-size":"auto","background-attachment":"scroll","background-type":"","background-media":"","overlay-type":"","overlay-color":"","overlay-opacity":"","overlay-gradient":""}},"footnotes":""},"categories":[],"tags":[961,1471,960],"class_list":["post-297816","page","type-page","status-publish","has-post-thumbnail","hentry","tag-staff-city-manager-team","tag-david-martinez","tag-staff"],"yoast_head":"<!-- This site is optimized with the Yoast SEO Premium plugin v27.4 (Yoast SEO v27.4) - https:\/\/yoast.com\/product\/yoast-seo-premium-wordpress\/ -->\n<title>David Martinez Assistant City Manager  - City of Miami Beach<\/title>\n<meta name=\"description\" content=\"David Martinez began with the City of Miami Beach in 2011, with 11 years serving as Capital Improvement Projects (CIP) Director and two years serving as Assistant CIP Director. As Assistant City Manager, David oversees Capital Improvement Projects, Housing and Community Services, Planning, Procurement, and Public Works.\" \/>\n<meta name=\"robots\" content=\"index, follow, max-snippet:-1, max-image-preview:large, max-video-preview:-1\" \/>\n<link rel=\"canonical\" href=\"https:\/\/www.miamibeachfl.gov\/es\/staff\/david-martinez\/\" \/>\n<meta property=\"og:locale\" content=\"es_ES\" \/>\n<meta property=\"og:type\" content=\"article\" \/>\n<meta property=\"og:title\" content=\"David Martinez Assistant City Manager\" \/>\n<meta property=\"og:description\" content=\"David Martinez began with the City of Miami Beach in 2011, with 11 years serving as Capital Improvement Projects (CIP) Director and two years serving as Assistant CIP Director. As Assistant City Manager, David oversees Capital Improvement Projects, Housing and Community Services, Planning, Procurement, and Public Works.\" \/>\n<meta property=\"og:url\" content=\"https:\/\/www.miamibeachfl.gov\/es\/staff\/david-martinez\/\" \/>\n<meta property=\"og:site_name\" content=\"City of Miami Beach\" \/>\n<meta property=\"article:publisher\" content=\"https:\/\/www.facebook.com\/cityofmiamibeach\" \/>\n<meta property=\"article:modified_time\" content=\"2025-12-30T19:43:28+00:00\" \/>\n<meta property=\"og:image\" content=\"https:\/\/www.miamibeachfl.gov\/wp-content\/uploads\/2024\/04\/DavidMartinez-circle.png\" \/>\n\t<meta property=\"og:image:width\" content=\"250\" \/>\n\t<meta property=\"og:image:height\" content=\"250\" \/>\n\t<meta property=\"og:image:type\" content=\"image\/png\" \/>\n<meta name=\"twitter:card\" content=\"summary_large_image\" \/>\n<meta name=\"twitter:site\" content=\"@Miamibeachnews\" \/>\n<script type=\"application\/ld+json\" class=\"yoast-schema-graph\">{\"@context\":\"https:\\\/\\\/schema.org\",\"@graph\":[{\"@type\":\"WebPage\",\"@id\":\"https:\\\/\\\/www.miamibeachfl.gov\\\/staff\\\/david-martinez\\\/\",\"url\":\"https:\\\/\\\/www.miamibeachfl.gov\\\/staff\\\/david-martinez\\\/\",\"name\":\"David Martinez Assistant City Manager - City of Miami Beach\",\"isPartOf\":{\"@id\":\"https:\\\/\\\/www.miamibeachfl.gov\\\/#website\"},\"primaryImageOfPage\":{\"@id\":\"https:\\\/\\\/www.miamibeachfl.gov\\\/staff\\\/david-martinez\\\/#primaryimage\"},\"image\":{\"@id\":\"https:\\\/\\\/www.miamibeachfl.gov\\\/staff\\\/david-martinez\\\/#primaryimage\"},\"thumbnailUrl\":\"https:\\\/\\\/www.miamibeachfl.gov\\\/wp-content\\\/uploads\\\/2024\\\/04\\\/DavidMartinez-circle.png\",\"datePublished\":\"2024-04-15T12:21:20+00:00\",\"dateModified\":\"2025-12-30T19:43:28+00:00\",\"description\":\"David Martinez began with the City of Miami Beach in 2011, with 11 years serving as Capital Improvement Projects (CIP) Director and two years serving as Assistant CIP Director. As Assistant City Manager, David oversees Capital Improvement Projects, Housing and Community Services, Planning, Procurement, and Public Works.\",\"breadcrumb\":{\"@id\":\"https:\\\/\\\/www.miamibeachfl.gov\\\/staff\\\/david-martinez\\\/#breadcrumb\"},\"inLanguage\":\"es\",\"potentialAction\":[{\"@type\":\"ReadAction\",\"target\":[\"https:\\\/\\\/www.miamibeachfl.gov\\\/staff\\\/david-martinez\\\/\"]}]},{\"@type\":\"ImageObject\",\"inLanguage\":\"es\",\"@id\":\"https:\\\/\\\/www.miamibeachfl.gov\\\/staff\\\/david-martinez\\\/#primaryimage\",\"url\":\"https:\\\/\\\/www.miamibeachfl.gov\\\/wp-content\\\/uploads\\\/2024\\\/04\\\/DavidMartinez-circle.png\",\"contentUrl\":\"https:\\\/\\\/www.miamibeachfl.gov\\\/wp-content\\\/uploads\\\/2024\\\/04\\\/DavidMartinez-circle.png\",\"width\":250,\"height\":250,\"caption\":\"David Martinez\"},{\"@type\":\"BreadcrumbList\",\"@id\":\"https:\\\/\\\/www.miamibeachfl.gov\\\/staff\\\/david-martinez\\\/#breadcrumb\",\"itemListElement\":[{\"@type\":\"ListItem\",\"position\":1,\"name\":\"Home\",\"item\":\"https:\\\/\\\/www.miamibeachfl.gov\\\/\"},{\"@type\":\"ListItem\",\"position\":2,\"name\":\"Staff\",\"item\":\"https:\\\/\\\/www.miamibeachfl.gov\\\/staff\\\/\"},{\"@type\":\"ListItem\",\"position\":3,\"name\":\"David Martinez Assistant City Manager\"}]},{\"@type\":\"WebSite\",\"@id\":\"https:\\\/\\\/www.miamibeachfl.gov\\\/#website\",\"url\":\"https:\\\/\\\/www.miamibeachfl.gov\\\/\",\"name\":\"City of Miami Beach\",\"description\":\"The official website of the City of Miami Beach. Stay informed, find important information on city services, news, alerts, events, trolley routes, government employment and more.\",\"publisher\":{\"@id\":\"https:\\\/\\\/www.miamibeachfl.gov\\\/#organization\"},\"potentialAction\":[{\"@type\":\"SearchAction\",\"target\":{\"@type\":\"EntryPoint\",\"urlTemplate\":\"https:\\\/\\\/www.miamibeachfl.gov\\\/?s={search_term_string}\"},\"query-input\":{\"@type\":\"PropertyValueSpecification\",\"valueRequired\":true,\"valueName\":\"search_term_string\"}}],\"inLanguage\":\"es\"},{\"@type\":\"Organization\",\"@id\":\"https:\\\/\\\/www.miamibeachfl.gov\\\/#organization\",\"name\":\"City of Miami Beach\",\"url\":\"https:\\\/\\\/www.miamibeachfl.gov\\\/\",\"logo\":{\"@type\":\"ImageObject\",\"inLanguage\":\"es\",\"@id\":\"https:\\\/\\\/www.miamibeachfl.gov\\\/#\\\/schema\\\/logo\\\/image\\\/\",\"url\":\"https:\\\/\\\/www.miamibeachfl.gov\\\/wp-content\\\/uploads\\\/2022\\\/06\\\/miamibeach-logoblue.png\",\"contentUrl\":\"https:\\\/\\\/www.miamibeachfl.gov\\\/wp-content\\\/uploads\\\/2022\\\/06\\\/miamibeach-logoblue.png\",\"width\":1962,\"height\":381,\"caption\":\"City of Miami Beach\"},\"image\":{\"@id\":\"https:\\\/\\\/www.miamibeachfl.gov\\\/#\\\/schema\\\/logo\\\/image\\\/\"},\"sameAs\":[\"https:\\\/\\\/www.facebook.com\\\/cityofmiamibeach\",\"https:\\\/\\\/x.com\\\/Miamibeachnews\",\"https:\\\/\\\/www.instagram.com\\\/miamibeachnews\\\/\"],\"description\":\"The official website of the City of Miami Beach. Stay informed, find important information on city services, news, alerts, events, trolley routes, government employment and more.\",\"telephone\":\"305.604.CITY(2489)\",\"legalName\":\"City of Miami Beach\"}]}<\/script>\n<!-- \/ Yoast SEO Premium plugin. -->","yoast_head_json":{"title":"David Mart\u00ednez, subgerente municipal de Miami Beach","description":"David Mart\u00ednez se incorpor\u00f3 a la Ciudad de Miami Beach en 2011, donde trabaj\u00f3 durante 11 a\u00f1os como Director de Proyectos de Mejoras de Capital (CIP) y dos a\u00f1os como Subdirector de CIP. Como Subadministrador Municipal, David supervisa los Proyectos de Mejoras de Capital, Vivienda y Servicios Comunitarios, Planificaci\u00f3n, Adquisiciones y Obras P\u00fablicas.","robots":{"index":"index","follow":"follow","max-snippet":"max-snippet:-1","max-image-preview":"max-image-preview:large","max-video-preview":"max-video-preview:-1"},"canonical":"https:\/\/www.miamibeachfl.gov\/es\/staff\/david-martinez\/","og_locale":"es_ES","og_type":"article","og_title":"David Martinez Assistant City Manager","og_description":"David Martinez began with the City of Miami Beach in 2011, with 11 years serving as Capital Improvement Projects (CIP) Director and two years serving as Assistant CIP Director. As Assistant City Manager, David oversees Capital Improvement Projects, Housing and Community Services, Planning, Procurement, and Public Works.","og_url":"https:\/\/www.miamibeachfl.gov\/es\/staff\/david-martinez\/","og_site_name":"City of Miami Beach","article_publisher":"https:\/\/www.facebook.com\/cityofmiamibeach","article_modified_time":"2025-12-30T19:43:28+00:00","og_image":[{"width":250,"height":250,"url":"https:\/\/www.miamibeachfl.gov\/wp-content\/uploads\/2024\/04\/DavidMartinez-circle.png","type":"image\/png"}],"twitter_card":"summary_large_image","twitter_site":"@Miamibeachnews","schema":{"@context":"https:\/\/schema.org","@graph":[{"@type":"WebPage","@id":"https:\/\/www.miamibeachfl.gov\/staff\/david-martinez\/","url":"https:\/\/www.miamibeachfl.gov\/staff\/david-martinez\/","name":"David Mart\u00ednez, subgerente municipal de Miami Beach","isPartOf":{"@id":"https:\/\/www.miamibeachfl.gov\/#website"},"primaryImageOfPage":{"@id":"https:\/\/www.miamibeachfl.gov\/staff\/david-martinez\/#primaryimage"},"image":{"@id":"https:\/\/www.miamibeachfl.gov\/staff\/david-martinez\/#primaryimage"},"thumbnailUrl":"https:\/\/www.miamibeachfl.gov\/wp-content\/uploads\/2024\/04\/DavidMartinez-circle.png","datePublished":"2024-04-15T12:21:20+00:00","dateModified":"2025-12-30T19:43:28+00:00","description":"David Mart\u00ednez se incorpor\u00f3 a la Ciudad de Miami Beach en 2011, donde trabaj\u00f3 durante 11 a\u00f1os como Director de Proyectos de Mejoras de Capital (CIP) y dos a\u00f1os como Subdirector de CIP. Como Subadministrador Municipal, David supervisa los Proyectos de Mejoras de Capital, Vivienda y Servicios Comunitarios, Planificaci\u00f3n, Adquisiciones y Obras P\u00fablicas.","breadcrumb":{"@id":"https:\/\/www.miamibeachfl.gov\/staff\/david-martinez\/#breadcrumb"},"inLanguage":"es","potentialAction":[{"@type":"ReadAction","target":["https:\/\/www.miamibeachfl.gov\/staff\/david-martinez\/"]}]},{"@type":"ImageObject","inLanguage":"es","@id":"https:\/\/www.miamibeachfl.gov\/staff\/david-martinez\/#primaryimage","url":"https:\/\/www.miamibeachfl.gov\/wp-content\/uploads\/2024\/04\/DavidMartinez-circle.png","contentUrl":"https:\/\/www.miamibeachfl.gov\/wp-content\/uploads\/2024\/04\/DavidMartinez-circle.png","width":250,"height":250,"caption":"David Martinez"},{"@type":"BreadcrumbList","@id":"https:\/\/www.miamibeachfl.gov\/staff\/david-martinez\/#breadcrumb","itemListElement":[{"@type":"ListItem","position":1,"name":"Home","item":"https:\/\/www.miamibeachfl.gov\/"},{"@type":"ListItem","position":2,"name":"Staff","item":"https:\/\/www.miamibeachfl.gov\/staff\/"},{"@type":"ListItem","position":3,"name":"David Martinez Assistant City Manager"}]},{"@type":"WebSite","@id":"https:\/\/www.miamibeachfl.gov\/#website","url":"https:\/\/www.miamibeachfl.gov\/","name":"Ciudad de Miami Beach","description":"Sitio web oficial de la Ciudad de Miami Beach. Mant\u00e9ngase informado, encuentre informaci\u00f3n importante sobre servicios municipales, noticias, alertas, eventos, rutas de tranv\u00edas, empleos gubernamentales y m\u00e1s.","publisher":{"@id":"https:\/\/www.miamibeachfl.gov\/#organization"},"potentialAction":[{"@type":"SearchAction","target":{"@type":"EntryPoint","urlTemplate":"https:\/\/www.miamibeachfl.gov\/?s={search_term_string}"},"query-input":{"@type":"PropertyValueSpecification","valueRequired":true,"valueName":"search_term_string"}}],"inLanguage":"es"},{"@type":"Organization","@id":"https:\/\/www.miamibeachfl.gov\/#organization","name":"Ciudad de Miami Beach","url":"https:\/\/www.miamibeachfl.gov\/","logo":{"@type":"ImageObject","inLanguage":"es","@id":"https:\/\/www.miamibeachfl.gov\/#\/schema\/logo\/image\/","url":"https:\/\/www.miamibeachfl.gov\/wp-content\/uploads\/2022\/06\/miamibeach-logoblue.png","contentUrl":"https:\/\/www.miamibeachfl.gov\/wp-content\/uploads\/2022\/06\/miamibeach-logoblue.png","width":1962,"height":381,"caption":"City of Miami Beach"},"image":{"@id":"https:\/\/www.miamibeachfl.gov\/#\/schema\/logo\/image\/"},"sameAs":["https:\/\/www.facebook.com\/cityofmiamibeach","https:\/\/x.com\/Miamibeachnews","https:\/\/www.instagram.com\/miamibeachnews\/"],"description":"Sitio web oficial de la Ciudad de Miami Beach. Mant\u00e9ngase informado, encuentre informaci\u00f3n importante sobre servicios municipales, noticias, alertas, eventos, rutas de tranv\u00edas, empleos gubernamentales y m\u00e1s.","telephone":"305.604.CITY(2489)","legalName":"City of Miami Beach"}]}},"_links":{"self":[{"href":"https:\/\/www.miamibeachfl.gov\/es\/wp-json\/wp\/v2\/pages\/297816","targetHints":{"allow":["GET"]}}],"collection":[{"href":"https:\/\/www.miamibeachfl.gov\/es\/wp-json\/wp\/v2\/pages"}],"about":[{"href":"https:\/\/www.miamibeachfl.gov\/es\/wp-json\/wp\/v2\/types\/page"}],"author":[{"embeddable":true,"href":"https:\/\/www.miamibeachfl.gov\/es\/wp-json\/wp\/v2\/users\/222"}],"replies":[{"embeddable":true,"href":"https:\/\/www.miamibeachfl.gov\/es\/wp-json\/wp\/v2\/comments?post=297816"}],"version-history":[{"count":4,"href":"https:\/\/www.miamibeachfl.gov\/es\/wp-json\/wp\/v2\/pages\/297816\/revisions"}],"predecessor-version":[{"id":394062,"href":"https:\/\/www.miamibeachfl.gov\/es\/wp-json\/wp\/v2\/pages\/297816\/revisions\/394062"}],"up":[{"embeddable":true,"href":"https:\/\/www.miamibeachfl.gov\/es\/wp-json\/wp\/v2\/pages\/261112"}],"wp:featuredmedia":[{"embeddable":true,"href":"https:\/\/www.miamibeachfl.gov\/es\/wp-json\/wp\/v2\/media\/297818"}],"wp:attachment":[{"href":"https:\/\/www.miamibeachfl.gov\/es\/wp-json\/wp\/v2\/media?parent=297816"}],"wp:term":[{"taxonomy":"category","embeddable":true,"href":"https:\/\/www.miamibeachfl.gov\/es\/wp-json\/wp\/v2\/categories?post=297816"},{"taxonomy":"post_tag","embeddable":true,"href":"https:\/\/www.miamibeachfl.gov\/es\/wp-json\/wp\/v2\/tags?post=297816"}],"curies":[{"name":"gracias","href":"https:\/\/api.w.org\/{rel}","templated":true}]}}