{"id":334025,"date":"2024-08-21T14:37:38","date_gmt":"2024-08-21T18:37:38","guid":{"rendered":"https:\/\/www.miamibeachfl.gov\/?page_id=334025"},"modified":"2025-05-29T19:45:43","modified_gmt":"2025-05-29T23:45:43","slug":"joe-tom-easley","status":"publish","type":"page","link":"https:\/\/www.miamibeachfl.gov\/es\/joe-tom-easley\/","title":{"rendered":"Joe Tom Easley"},"content":{"rendered":"<img decoding=\"async\" src=\"https:\/\/www.miamibeachfl.gov\/wp-content\/uploads\/bb-plugin\/cache\/Joe-Tom-Easley-circle.jpg\" alt=\"Joe Tom Easley\" title=\"Joe Tom Easley\" itemprop=\"image\"\/>\n<h2>\n\t\tBiograf\u00eda de Joe Tom Easley\n\t\t\t\t<\/h2>\t\n\t<p>Joe Tom fue llamado por su nombre y segundo nombre desde su nacimiento. Fue un dedicado activista LGBTQ+ y de derechos humanos. Fue un hombre extraordinario cuyo prop\u00f3sito en la vida fue hacer el bien, y lo logr\u00f3.<\/p>\n<p>Los padres de Joe Tom, Lady Hampton y Tom Lee Easley, le inculcaron idealismo y confianza. Pas\u00f3 sus primeros a\u00f1os en Truby, Texas, una peque\u00f1a comunidad agr\u00edcola donde comenz\u00f3 su educaci\u00f3n en una escuela de una sola aula. A los 10 a\u00f1os, la familia se mud\u00f3 a la ciudad de Eagle Pass, en la frontera con M\u00e9xico, donde sus padres le compraron r\u00e1pidamente una motocicleta Harley-Davidson (despu\u00e9s de todo, esto era Texas) para ir a la escuela, la cual condujo con seguridad durante toda la preparatoria. De adolescente, gan\u00f3 dinero como DJ en una estaci\u00f3n de radio local, poniendo \u00e9xitos actuales de los a\u00f1os 50, as\u00ed como cl\u00e1sicos de los 40. Mientras asist\u00eda a la universidad, su agradable voz y apariencia adulta le consiguieron trabajo como locutor deportivo en una estaci\u00f3n de televisi\u00f3n de Houston.<\/p>\n<p>Graduado de la Universidad Texas A&amp;M, Joe Tom ense\u00f1\u00f3 ingl\u00e9s y se desempe\u00f1\u00f3 como superintendente escolar adjunto en Eagle Pass hasta que la guerra de Vietnam se intensific\u00f3 y fue reclutado. Se uni\u00f3 a la Inteligencia Naval, sirviendo en Adak, Alaska, cerca de la frontera con Rusia. Un a\u00f1o despu\u00e9s, un antiguo amigo les cont\u00f3 a los militares que Joe Tom era gay. Su comandante le explic\u00f3 que estaba obligado a despedirlo debido a las regulaciones que prohib\u00edan el acceso de los homosexuales al ej\u00e9rcito. Dado que Joe Tom hab\u00eda ganado varias condecoraciones en la base, el comandante le prometi\u00f3 una baja honorable y beneficios de veterano por su servicio ejemplar. Joe Tom sab\u00eda que era extremadamente afortunado, ya que miles de otros militares LGBTQ solo recibieron bajas deshonrosas, neg\u00e1ndoles los beneficios de veterano y perjudicando sus futuras carreras. A\u00f1os despu\u00e9s, Joe Tom ayud\u00f3 a liderar el movimiento que en 2010 logr\u00f3 la derogaci\u00f3n de la pol\u00edtica homof\u00f3bica del Pent\u00e1gono &quot;No preguntes, no digas&quot;, permitiendo finalmente que hombres gays y lesbianas (y posteriormente, personas transg\u00e9nero) sirvieran a su pa\u00eds abiertamente.<\/p>\n<p>Tras dejar la Marina, Joe Tom utiliz\u00f3 sus beneficios del GI Bill para financiar sus estudios en la Facultad de Derecho de la Universidad de Texas, donde se convirti\u00f3 en activista contra la guerra de Vietnam y editor jefe de la revista jur\u00eddica. Durante los veranos, se uni\u00f3 al primer grupo de activistas del consumidor, los &quot;Nader Raiders&quot;, de Ralph Nader, un grupo de estudiantes de derecho y abogados de inter\u00e9s p\u00fablico que investigaban las irregularidades gubernamentales y corporativas.<\/p>\n<p>Tras graduarse de la facultad de derecho, trabaj\u00f3 como asistente legal de un juez federal y posteriormente obtuvo una c\u00e1tedra titular en la Facultad de Derecho de la Universidad de Georgia. Dos a\u00f1os despu\u00e9s, recibi\u00f3 una oferta irresistible: el Consejo Regional del Sur, una destacada organizaci\u00f3n de derechos civiles, le encarg\u00f3 dirigir un proyecto para supervisar si el gobierno federal discriminaba a las comunidades afroamericanas en la distribuci\u00f3n de fondos federales. Al concluir dicho proyecto, Joe Tom decidi\u00f3 perseguir su sue\u00f1o de estudiar franc\u00e9s mientras viv\u00eda en Europa, tras haber ahorrado suficiente dinero para al menos dos a\u00f1os en el extranjero. Poco despu\u00e9s de llegar a Europa, la mayor organizaci\u00f3n de consumidores del continente le pidi\u00f3 que aceptara un trabajo investigando la manipulaci\u00f3n de precios por parte de las farmac\u00e9uticas, trabajo que desempe\u00f1\u00f3 durante dos a\u00f1os.<\/p>\n<p>Joe Tom, en un momento dado, emprendi\u00f3 una peligrosa misi\u00f3n a petici\u00f3n de un compa\u00f1ero de su clase de franc\u00e9s en Par\u00eds. Habiendo crecido en Checoslovaquia, su compa\u00f1ero hab\u00eda logrado escapar del pa\u00eds comunista, pero varios miembros mayores de su familia no hab\u00edan podido salir de Praga. Quer\u00edan entregar un tesoro de fotos familiares a sus parientes en Israel, pero los inspectores de correo del gobierno checo las habr\u00edan destruido y los remitentes probablemente habr\u00edan sido castigados. Al enterarse de que Joe Tom planeaba un viaje a Praga, su compa\u00f1ero le pregunt\u00f3 si intentar\u00eda sacar esas fotos de contrabando.<\/p>\n<p>A pesar del peligro, Joe Tom acept\u00f3 una expedici\u00f3n clandestina que podr\u00eda haberle acarreado un severo castigo. Conoci\u00f3 a la familia en Praga, recibi\u00f3 sus preciadas fotos y logr\u00f3 llev\u00e1rselas del pa\u00eds en tren escondi\u00e9ndolas en el fondo de una bolsa con su ropa sucia. Su compa\u00f1era de clase se llen\u00f3 de alegr\u00eda cuando le trajo las fotos.<\/p>\n<p>Al regresar a Estados Unidos desde Europa en 1977, Joe Tom fue contratado como profesor por la Facultad de Derecho de la Universidad Americana en Washington D. C. Pronto fue nombrado vicedecano y posteriormente se traslad\u00f3 a la Facultad de Derecho de Antioch, tambi\u00e9n en Washington D. C. Con el paso de los a\u00f1os, imparti\u00f3 clases adjuntas en la Facultad de Derecho Cardozo de la Universidad de Virginia y en la Facultad de Medicina de Yale, donde imparti\u00f3 clases de derecho sanitario tras obtener una maestr\u00eda en Salud P\u00fablica en Yale.<\/p>\n<p>En 1978, Joe Tom tom\u00f3 la crucial decisi\u00f3n de declararse gay. Casi de inmediato, se involucr\u00f3 en la lucha contra la discriminaci\u00f3n y por la igualdad LGBTQ. En Washington D. C., el alcalde lo nombr\u00f3 miembro de la junta de revisi\u00f3n civil de la polic\u00eda y fue elegido presidente del influyente club pol\u00edtico dem\u00f3crata LGBTQ de la ciudad.<\/p>\n<p>M\u00e1s tarde, tras mudarse a Nueva York, se desempe\u00f1\u00f3 como copresidente pionero de Lambda Legal, contribuyendo a la transformaci\u00f3n de la organizaci\u00f3n en un referente legal para la comunidad LGBTQ+. A esto le siguieron periodos como presidente de la Fundaci\u00f3n de la Campa\u00f1a de Derechos Humanos y copresidente de la Red de Defensa Legal de los Militares, que lider\u00f3 la lucha por la igualdad de trato en el ej\u00e9rcito. Redact\u00f3 testamentos para personas con SIDA y apareci\u00f3 en televisi\u00f3n como defensor de la comunidad LGBTQ+. El trabajo voluntario de Joe Tom fue posible gracias a su decisi\u00f3n de dejar de impartir clases a tiempo completo en la facultad de derecho y, en su lugar, impartir clases a tiempo parcial en BARBRI, el curso de preparaci\u00f3n para el examen de abogac\u00eda m\u00e1s grande del pa\u00eds.<\/p>\n<p>Mientras tanto, en 1983, la vida de Joe Tom hab\u00eda cambiado dr\u00e1sticamente. Un amigo en com\u00fan le present\u00f3 a Peter Freiberg, un periodista. Ambos ten\u00edan 42 a\u00f1os y hab\u00edan salido del armario, casualmente, al mismo tiempo. En su primera cita, cada uno decidi\u00f3 que hab\u00eda conocido a su alma gemela, y m\u00e1s tarde ese a\u00f1o Joe Tom se mud\u00f3 de Washington D. C. al apartamento de Peter en Manhattan. En 2003, despu\u00e9s de 20 a\u00f1os juntos, la pareja finalmente pudo casarse legalmente cuando Ontario, Canad\u00e1, aprob\u00f3 el matrimonio entre personas del mismo sexo. Su boda en el Ayuntamiento de Toronto fue uno de los primeros matrimonios entre personas del mismo sexo en ser reportados por el New York Times. Sin embargo, no fue hasta doce a\u00f1os despu\u00e9s, cuando la Corte Suprema de los Estados Unidos dictamin\u00f3 que las parejas LGBTQ ten\u00edan el derecho constitucional a casarse, que su matrimonio fue reconocido en todo Estados Unidos. Un mes antes de la muerte de Joe Tom, la pareja celebr\u00f3 el 39.\u00ba aniversario de su encuentro.<\/p>\n<p>Joe Tom atrajo la atenci\u00f3n nacional en 2005 al superar numerosos obst\u00e1culos burocr\u00e1ticos. Con la ayuda de soldados estadounidenses en Irak, trajo a un ni\u00f1o iraqu\u00ed herido por una bomba estadounidense a nuestro pa\u00eds para que recibiera tratamiento m\u00e9dico. Esto demostr\u00f3 su compasi\u00f3n de toda la vida por las personas y grupos perjudicados por acciones y acontecimientos ajenos a su control. A lo largo de su vida, sostuvo que las personas de buen coraz\u00f3n, trabajando juntas, pod\u00edan generar cambios que beneficiar\u00edan a la sociedad en su conjunto.<\/p>\n<p>Incluso en sus \u00faltimos dos a\u00f1os, Joe Tom estuvo en silla de ruedas debido a una presi\u00f3n arterial anormalmente baja, pero conserv\u00f3 su optimismo, su sentido del humor, su capacidad para contar historias y su amor por los libros y la m\u00fasica country. Disfrutaba de la vida en South Beach, donde \u00e9l y Peter pasaban la mayor parte del a\u00f1o, y en su casa de verano en el valle del Hudson. Continu\u00f3 su defensa de la preservaci\u00f3n hist\u00f3rica formando parte de la Junta Directiva de la Liga de Preservaci\u00f3n del Dise\u00f1o de Miami. Cuando falleci\u00f3 en 2022, el impacto de su vida y obra qued\u00f3 patente tanto en el duelo de sus familiares y amigos como en los extensos obituarios publicados por el Washington Post, el Miami Herald y el New York Times.<\/p>","protected":false},"excerpt":{"rendered":"<p>Biograf\u00eda de Joe Tom Easley. Joe Tom fue llamado por su nombre y segundo nombre desde su nacimiento. Era un dedicado [\u2026]<\/p>","protected":false},"author":222,"featured_media":0,"parent":0,"menu_order":17,"comment_status":"closed","ping_status":"closed","template":"","meta":{"_searchwp_excluded":"","site-sidebar-layout":"default","site-content-layout":"","ast-site-content-layout":"default","site-content-style":"default","site-sidebar-style":"default","ast-global-header-display":"","ast-banner-title-visibility":"","ast-main-header-display":"","ast-hfb-above-header-display":"","ast-hfb-below-header-display":"","ast-hfb-mobile-header-display":"","site-post-title":"","ast-breadcrumbs-content":"","ast-featured-img":"","footer-sml-layout":"","theme-transparent-header-meta":"","adv-header-id-meta":"","stick-header-meta":"","header-above-stick-meta":"","header-main-stick-meta":"","header-below-stick-meta":"","astra-migrate-meta-layouts":"default","ast-page-background-enabled":"default","ast-page-background-meta":{"desktop":{"background-color":"var(--ast-global-color-5)","background-image":"","background-repeat":"repeat","background-position":"center center","background-size":"auto","background-attachment":"scroll","background-type":"","background-media":"","overlay-type":"","overlay-color":"","overlay-opacity":"","overlay-gradient":""},"tablet":{"background-color":"","background-image":"","background-repeat":"repeat","background-position":"center center","background-size":"auto","background-attachment":"scroll","background-type":"","background-media":"","overlay-type":"","overlay-color":"","overlay-opacity":"","overlay-gradient":""},"mobile":{"background-color":"","background-image":"","background-repeat":"repeat","background-position":"center center","background-size":"auto","background-attachment":"scroll","background-type":"","background-media":"","overlay-type":"","overlay-color":"","overlay-opacity":"","overlay-gradient":""}},"ast-content-background-meta":{"desktop":{"background-color":"var(--ast-global-color-4)","background-image":"","background-repeat":"repeat","background-position":"center center","background-size":"auto","background-attachment":"scroll","background-type":"","background-media":"","overlay-type":"","overlay-color":"","overlay-opacity":"","overlay-gradient":""},"tablet":{"background-color":"var(--ast-global-color-4)","background-image":"","background-repeat":"repeat","background-position":"center center","background-size":"auto","background-attachment":"scroll","background-type":"","background-media":"","overlay-type":"","overlay-color":"","overlay-opacity":"","overlay-gradient":""},"mobile":{"background-color":"var(--ast-global-color-4)","background-image":"","background-repeat":"repeat","background-position":"center center","background-size":"auto","background-attachment":"scroll","background-type":"","background-media":"","overlay-type":"","overlay-color":"","overlay-opacity":"","overlay-gradient":""}},"footnotes":""},"categories":[],"tags":[],"class_list":["post-334025","page","type-page","status-publish","hentry"],"yoast_head":"<!-- This site is optimized with the Yoast SEO Premium plugin v26.6 (Yoast SEO v26.6) - https:\/\/yoast.com\/wordpress\/plugins\/seo\/ -->\n<title>Joe Tom Easley - City of Miami Beach<\/title>\n<meta name=\"description\" content=\"Joe Tom was called by his first and middle names from birth. He was a dedicated LGBTQ and human rights activist. He was an extraordinary man whose aim in life was to do good and he succeeded.\" \/>\n<meta name=\"robots\" content=\"index, follow, max-snippet:-1, max-image-preview:large, max-video-preview:-1\" \/>\n<link rel=\"canonical\" href=\"https:\/\/www.miamibeachfl.gov\/es\/joe-tom-easley\/\" \/>\n<meta property=\"og:locale\" content=\"es_ES\" \/>\n<meta property=\"og:type\" content=\"article\" \/>\n<meta property=\"og:title\" content=\"Joe Tom Easley\" \/>\n<meta property=\"og:description\" content=\"Joe Tom was called by his first and middle names from birth. He was a dedicated LGBTQ and human rights activist. He was an extraordinary man whose aim in life was to do good and he succeeded.\" \/>\n<meta property=\"og:url\" content=\"https:\/\/www.miamibeachfl.gov\/es\/joe-tom-easley\/\" \/>\n<meta property=\"og:site_name\" content=\"City of Miami Beach\" \/>\n<meta property=\"article:publisher\" content=\"https:\/\/www.facebook.com\/cityofmiamibeach\" \/>\n<meta property=\"article:modified_time\" content=\"2025-05-29T23:45:43+00:00\" \/>\n<meta property=\"og:image\" content=\"https:\/\/www.miamibeachfl.gov\/wp-content\/uploads\/bb-plugin\/cache\/Joe-Tom-Easley-circle.jpg\" \/>\n<meta name=\"twitter:card\" content=\"summary_large_image\" \/>\n<meta name=\"twitter:site\" content=\"@Miamibeachnews\" \/>\n<script type=\"application\/ld+json\" class=\"yoast-schema-graph\">{\"@context\":\"https:\/\/schema.org\",\"@graph\":[{\"@type\":\"WebPage\",\"@id\":\"https:\/\/www.miamibeachfl.gov\/joe-tom-easley\/\",\"url\":\"https:\/\/www.miamibeachfl.gov\/joe-tom-easley\/\",\"name\":\"Joe Tom Easley - City of Miami Beach\",\"isPartOf\":{\"@id\":\"https:\/\/www.miamibeachfl.gov\/#website\"},\"primaryImageOfPage\":{\"@id\":\"https:\/\/www.miamibeachfl.gov\/joe-tom-easley\/#primaryimage\"},\"image\":{\"@id\":\"https:\/\/www.miamibeachfl.gov\/joe-tom-easley\/#primaryimage\"},\"thumbnailUrl\":\"https:\/\/www.miamibeachfl.gov\/wp-content\/uploads\/bb-plugin\/cache\/Joe-Tom-Easley-circle.jpg\",\"datePublished\":\"2024-08-21T18:37:38+00:00\",\"dateModified\":\"2025-05-29T23:45:43+00:00\",\"description\":\"Joe Tom was called by his first and middle names from birth. He was a dedicated LGBTQ and human rights activist. He was an extraordinary man whose aim in life was to do good and he succeeded.\",\"breadcrumb\":{\"@id\":\"https:\/\/www.miamibeachfl.gov\/joe-tom-easley\/#breadcrumb\"},\"inLanguage\":\"es\",\"potentialAction\":[{\"@type\":\"ReadAction\",\"target\":[\"https:\/\/www.miamibeachfl.gov\/joe-tom-easley\/\"]}]},{\"@type\":\"ImageObject\",\"inLanguage\":\"es\",\"@id\":\"https:\/\/www.miamibeachfl.gov\/joe-tom-easley\/#primaryimage\",\"url\":\"https:\/\/www.miamibeachfl.gov\/wp-content\/uploads\/bb-plugin\/cache\/Joe-Tom-Easley-circle.jpg\",\"contentUrl\":\"https:\/\/www.miamibeachfl.gov\/wp-content\/uploads\/bb-plugin\/cache\/Joe-Tom-Easley-circle.jpg\"},{\"@type\":\"BreadcrumbList\",\"@id\":\"https:\/\/www.miamibeachfl.gov\/joe-tom-easley\/#breadcrumb\",\"itemListElement\":[{\"@type\":\"ListItem\",\"position\":1,\"name\":\"Home\",\"item\":\"https:\/\/www.miamibeachfl.gov\/\"},{\"@type\":\"ListItem\",\"position\":2,\"name\":\"Joe Tom Easley\"}]},{\"@type\":\"WebSite\",\"@id\":\"https:\/\/www.miamibeachfl.gov\/#website\",\"url\":\"https:\/\/www.miamibeachfl.gov\/\",\"name\":\"City of Miami Beach\",\"description\":\"The official website of the City of Miami Beach. Stay informed, find important information on city services, news, alerts, events, trolley routes, government employment and more.\",\"publisher\":{\"@id\":\"https:\/\/www.miamibeachfl.gov\/#organization\"},\"potentialAction\":[{\"@type\":\"SearchAction\",\"target\":{\"@type\":\"EntryPoint\",\"urlTemplate\":\"https:\/\/www.miamibeachfl.gov\/?s={search_term_string}\"},\"query-input\":{\"@type\":\"PropertyValueSpecification\",\"valueRequired\":true,\"valueName\":\"search_term_string\"}}],\"inLanguage\":\"es\"},{\"@type\":\"Organization\",\"@id\":\"https:\/\/www.miamibeachfl.gov\/#organization\",\"name\":\"City of Miami Beach\",\"url\":\"https:\/\/www.miamibeachfl.gov\/\",\"logo\":{\"@type\":\"ImageObject\",\"inLanguage\":\"es\",\"@id\":\"https:\/\/www.miamibeachfl.gov\/#\/schema\/logo\/image\/\",\"url\":\"https:\/\/www.miamibeachfl.gov\/wp-content\/uploads\/2022\/06\/miamibeach-logoblue.png\",\"contentUrl\":\"https:\/\/www.miamibeachfl.gov\/wp-content\/uploads\/2022\/06\/miamibeach-logoblue.png\",\"width\":1962,\"height\":381,\"caption\":\"City of Miami Beach\"},\"image\":{\"@id\":\"https:\/\/www.miamibeachfl.gov\/#\/schema\/logo\/image\/\"},\"sameAs\":[\"https:\/\/www.facebook.com\/cityofmiamibeach\",\"https:\/\/x.com\/Miamibeachnews\",\"https:\/\/www.instagram.com\/miamibeachnews\/\"],\"description\":\"The official website of the City of Miami Beach. Stay informed, find important information on city services, news, alerts, events, trolley routes, government employment and more.\",\"telephone\":\"305.604.CITY(2489)\",\"legalName\":\"City of Miami Beach\"}]}<\/script>\n<!-- \/ Yoast SEO Premium plugin. -->","yoast_head_json":{"title":"Joe Tom Easley - City of Miami Beach","description":"Joe Tom fue llamado por su nombre y segundo nombre desde su nacimiento. Fue un dedicado activista LGBTQ+ y de derechos humanos. Fue un hombre extraordinario cuyo prop\u00f3sito en la vida fue hacer el bien, y lo logr\u00f3.","robots":{"index":"index","follow":"follow","max-snippet":"max-snippet:-1","max-image-preview":"max-image-preview:large","max-video-preview":"max-video-preview:-1"},"canonical":"https:\/\/www.miamibeachfl.gov\/es\/joe-tom-easley\/","og_locale":"es_ES","og_type":"article","og_title":"Joe Tom Easley","og_description":"Joe Tom was called by his first and middle names from birth. He was a dedicated LGBTQ and human rights activist. He was an extraordinary man whose aim in life was to do good and he succeeded.","og_url":"https:\/\/www.miamibeachfl.gov\/es\/joe-tom-easley\/","og_site_name":"City of Miami Beach","article_publisher":"https:\/\/www.facebook.com\/cityofmiamibeach","article_modified_time":"2025-05-29T23:45:43+00:00","og_image":[{"url":"https:\/\/www.miamibeachfl.gov\/wp-content\/uploads\/bb-plugin\/cache\/Joe-Tom-Easley-circle.jpg","type":"","width":"","height":""}],"twitter_card":"summary_large_image","twitter_site":"@Miamibeachnews","schema":{"@context":"https:\/\/schema.org","@graph":[{"@type":"WebPage","@id":"https:\/\/www.miamibeachfl.gov\/joe-tom-easley\/","url":"https:\/\/www.miamibeachfl.gov\/joe-tom-easley\/","name":"Joe Tom Easley - City of Miami Beach","isPartOf":{"@id":"https:\/\/www.miamibeachfl.gov\/#website"},"primaryImageOfPage":{"@id":"https:\/\/www.miamibeachfl.gov\/joe-tom-easley\/#primaryimage"},"image":{"@id":"https:\/\/www.miamibeachfl.gov\/joe-tom-easley\/#primaryimage"},"thumbnailUrl":"https:\/\/www.miamibeachfl.gov\/wp-content\/uploads\/bb-plugin\/cache\/Joe-Tom-Easley-circle.jpg","datePublished":"2024-08-21T18:37:38+00:00","dateModified":"2025-05-29T23:45:43+00:00","description":"Joe Tom fue llamado por su nombre y segundo nombre desde su nacimiento. Fue un dedicado activista LGBTQ+ y de derechos humanos. Fue un hombre extraordinario cuyo prop\u00f3sito en la vida fue hacer el bien, y lo logr\u00f3.","breadcrumb":{"@id":"https:\/\/www.miamibeachfl.gov\/joe-tom-easley\/#breadcrumb"},"inLanguage":"es","potentialAction":[{"@type":"ReadAction","target":["https:\/\/www.miamibeachfl.gov\/joe-tom-easley\/"]}]},{"@type":"ImageObject","inLanguage":"es","@id":"https:\/\/www.miamibeachfl.gov\/joe-tom-easley\/#primaryimage","url":"https:\/\/www.miamibeachfl.gov\/wp-content\/uploads\/bb-plugin\/cache\/Joe-Tom-Easley-circle.jpg","contentUrl":"https:\/\/www.miamibeachfl.gov\/wp-content\/uploads\/bb-plugin\/cache\/Joe-Tom-Easley-circle.jpg"},{"@type":"BreadcrumbList","@id":"https:\/\/www.miamibeachfl.gov\/joe-tom-easley\/#breadcrumb","itemListElement":[{"@type":"ListItem","position":1,"name":"Home","item":"https:\/\/www.miamibeachfl.gov\/"},{"@type":"ListItem","position":2,"name":"Joe Tom Easley"}]},{"@type":"WebSite","@id":"https:\/\/www.miamibeachfl.gov\/#website","url":"https:\/\/www.miamibeachfl.gov\/","name":"Ciudad de Miami Beach","description":"Sitio web oficial de la Ciudad de Miami Beach. Mant\u00e9ngase informado, encuentre informaci\u00f3n importante sobre servicios municipales, noticias, alertas, eventos, rutas de tranv\u00edas, empleos gubernamentales y m\u00e1s.","publisher":{"@id":"https:\/\/www.miamibeachfl.gov\/#organization"},"potentialAction":[{"@type":"SearchAction","target":{"@type":"EntryPoint","urlTemplate":"https:\/\/www.miamibeachfl.gov\/?s={search_term_string}"},"query-input":{"@type":"PropertyValueSpecification","valueRequired":true,"valueName":"search_term_string"}}],"inLanguage":"es"},{"@type":"Organization","@id":"https:\/\/www.miamibeachfl.gov\/#organization","name":"Ciudad de Miami Beach","url":"https:\/\/www.miamibeachfl.gov\/","logo":{"@type":"ImageObject","inLanguage":"es","@id":"https:\/\/www.miamibeachfl.gov\/#\/schema\/logo\/image\/","url":"https:\/\/www.miamibeachfl.gov\/wp-content\/uploads\/2022\/06\/miamibeach-logoblue.png","contentUrl":"https:\/\/www.miamibeachfl.gov\/wp-content\/uploads\/2022\/06\/miamibeach-logoblue.png","width":1962,"height":381,"caption":"City of Miami Beach"},"image":{"@id":"https:\/\/www.miamibeachfl.gov\/#\/schema\/logo\/image\/"},"sameAs":["https:\/\/www.facebook.com\/cityofmiamibeach","https:\/\/x.com\/Miamibeachnews","https:\/\/www.instagram.com\/miamibeachnews\/"],"description":"Sitio web oficial de la Ciudad de Miami Beach. Mant\u00e9ngase informado, encuentre informaci\u00f3n importante sobre servicios municipales, noticias, alertas, eventos, rutas de tranv\u00edas, empleos gubernamentales y m\u00e1s.","telephone":"305.604.CITY(2489)","legalName":"City of Miami Beach"}]}},"_links":{"self":[{"href":"https:\/\/www.miamibeachfl.gov\/es\/wp-json\/wp\/v2\/pages\/334025","targetHints":{"allow":["GET"]}}],"collection":[{"href":"https:\/\/www.miamibeachfl.gov\/es\/wp-json\/wp\/v2\/pages"}],"about":[{"href":"https:\/\/www.miamibeachfl.gov\/es\/wp-json\/wp\/v2\/types\/page"}],"author":[{"embeddable":true,"href":"https:\/\/www.miamibeachfl.gov\/es\/wp-json\/wp\/v2\/users\/222"}],"replies":[{"embeddable":true,"href":"https:\/\/www.miamibeachfl.gov\/es\/wp-json\/wp\/v2\/comments?post=334025"}],"version-history":[{"count":0,"href":"https:\/\/www.miamibeachfl.gov\/es\/wp-json\/wp\/v2\/pages\/334025\/revisions"}],"wp:attachment":[{"href":"https:\/\/www.miamibeachfl.gov\/es\/wp-json\/wp\/v2\/media?parent=334025"}],"wp:term":[{"taxonomy":"category","embeddable":true,"href":"https:\/\/www.miamibeachfl.gov\/es\/wp-json\/wp\/v2\/categories?post=334025"},{"taxonomy":"post_tag","embeddable":true,"href":"https:\/\/www.miamibeachfl.gov\/es\/wp-json\/wp\/v2\/tags?post=334025"}],"curies":[{"name":"gracias","href":"https:\/\/api.w.org\/{rel}","templated":true}]}}