{"id":346801,"date":"2024-11-08T08:02:25","date_gmt":"2024-11-08T13:02:25","guid":{"rendered":"https:\/\/www.miamibeachfl.gov\/city-hall\/procurement\/kristy-bada-bio\/"},"modified":"2026-03-03T10:54:14","modified_gmt":"2026-03-03T15:54:14","slug":"kristy-bada-bio","status":"publish","type":"page","link":"https:\/\/www.miamibeachfl.gov\/es\/city-hall\/procurement\/kristy-bada-bio\/","title":{"rendered":"Biograf\u00eda de Kristy Bada"},"content":{"rendered":"<img decoding=\"async\" src=\"https:\/\/www.miamibeachfl.gov\/wp-content\/uploads\/2022\/07\/hero-small.jpg\" alt=\"ocean drive art deco buildings\" itemprop=\"image\" height=\"211\" width=\"2395\" title=\"h\u00e9roe peque\u00f1o\" onerror=\"this.style.display='none'\" loading=\"lazy\" \/>\n<h1>\n\t\t\tBiograf\u00eda de Kristy Bada\t<\/h1>\n\t<nav id=\"breadcrumbs\" aria-label=\"Pan rallado\"><a href=\"https:\/\/www.miamibeachfl.gov\/es\/\">Hogar<\/a> &gt; <a href=\"https:\/\/www.miamibeachfl.gov\/es\/city-hall\/\">Ayuntamiento<\/a> &gt; <a href=\"https:\/\/www.miamibeachfl.gov\/es\/city-hall\/procurement\/\">Obtenci\u00f3n<\/a> &gt; <strong>Biograf\u00eda de Kristy Bada<\/strong><\/nav>\n\t<p>Kristy Bada fue nombrada Directora de Adquisiciones del Departamento de Adquisiciones de la Ciudad de Miami Beach en septiembre de 2024. En este puesto, supervisa todas las actividades de adquisiciones, liderando iniciativas de contrataci\u00f3n, cumplimiento normativo y gesti\u00f3n de proveedores para la Ciudad. Con casi diecisiete a\u00f1os de experiencia en adquisiciones p\u00fablicas en el sur de Florida, Kristy aporta una amplia experiencia en la gesti\u00f3n de proyectos complejos y de alto perfil, incluyendo licitaciones de obras p\u00fablicas. Durante sus nueve a\u00f1os en el Departamento de Adquisiciones de la Ciudad de Miami Beach, Kristy ha desempe\u00f1ado un papel clave en numerosas mejoras de procesos. Como Directora de Contrataciones, lider\u00f3 estrategias innovadoras de adquisiciones dise\u00f1adas para optimizar la rentabilidad, manteniendo los m\u00e1s altos est\u00e1ndares de calidad y cumplimiento normativo.<\/p>\n<p>Tambi\u00e9n se ha destacado por establecer relaciones de colaboraci\u00f3n con actores clave internos y externos, incluyendo agencias como el Departamento de Transporte de Florida y otras entidades estatales y federales. Antes de incorporarse a la Ciudad, Kristy ocup\u00f3 diversos cargos en la Villa de Palmetto Bay, donde dirigi\u00f3 todas las licitaciones para el Departamento de Obras P\u00fablicas y se convirti\u00f3 en la primera agente de compras de la Villa. Kristy tiene una Maestr\u00eda en Administraci\u00f3n P\u00fablica y una Licenciatura en Justicia Penal de la Universidad Internacional de Florida (FIU). Est\u00e1 certificada como Profesional Certificada en Adquisiciones (NIGP-CPP) por el NIGP, como Oficial Certificada en Adquisiciones P\u00fablicas (CPPO) y como Compradora P\u00fablica Profesional Certificada (CPPB) por el Consejo Universal de Certificaci\u00f3n en Adquisiciones P\u00fablicas (UPPCC).<\/p>\n\t\tNavegar a\u2026\t\t\t\n\t\t\t\t\t<ul id=\"menu-procurement-main-menu\"><li id=\"menu-item-363357\"><a href=\"\/es\/city-hall\/procurement\/bid-opportunities\/\">Oportunidades de licitaci\u00f3n<\/a><\/li>\n<li id=\"menu-item-363358\"><a href=\"\/es\/city-hall\/procurement\/contact-procurement\/\">Cont\u00e1ctenos<\/a><\/li>\n<li id=\"menu-item-363359\"><a href=\"\/es\/city-hall\/procurement\/how-to-become-a-vendor\/\">\u00bfC\u00f3mo convertirse en vendedor?<\/a><\/li>\n<li id=\"menu-item-363360\"><a href=\"\/es\/city-hall\/procurement\/kristy-bada-bio\/\">Biograf\u00eda de Kristy Bada<\/a><\/li>\n<li id=\"menu-item-363361\"><a href=\"\/es\/city-hall\/procurement\/procurement-related-ordinance-and-procedures\/\">Pol\u00edticas y procedimientos relacionados con las adquisiciones<\/a><\/li>\n<li id=\"menu-item-363362\"><a href=\"\/es\/city-hall\/procurement\/standard-terms-and-conditions\/\">T\u00e9rminos y condiciones est\u00e1ndar<\/a><\/li>\n<\/ul>\t\n\t<div class=\"page-navigation\"><a class=\"prev-page\" href=\"https:\/\/www.miamibeachfl.gov\/es\/city-hall\/building\/permits\/building-permits-101\/\">\u2190 Permisos de construcci\u00f3n: Primeros pasos<\/a> <a class=\"next-page\" href=\"https:\/\/www.miamibeachfl.gov\/es\/business\/vacation-short-term-rentals\/\">Alquileres vacacionales a corto plazo \u2192<\/a><\/div>","protected":false},"excerpt":{"rendered":"<p>Kristy Bada Bio Home &gt; City Hall &gt; Procurement &gt; Kristy Bada Bio Kristy Bada was appointed Chief Procurement Officer [&hellip;]<\/p>\n","protected":false},"author":222,"featured_media":0,"parent":28912,"menu_order":0,"comment_status":"closed","ping_status":"closed","template":"","meta":{"_searchwp_excluded":"","site-sidebar-layout":"default","site-content-layout":"","ast-site-content-layout":"default","site-content-style":"default","site-sidebar-style":"default","ast-global-header-display":"","ast-banner-title-visibility":"","ast-main-header-display":"","ast-hfb-above-header-display":"","ast-hfb-below-header-display":"","ast-hfb-mobile-header-display":"","site-post-title":"","ast-breadcrumbs-content":"","ast-featured-img":"","footer-sml-layout":"","theme-transparent-header-meta":"","adv-header-id-meta":"","stick-header-meta":"","header-above-stick-meta":"","header-main-stick-meta":"","header-below-stick-meta":"","astra-migrate-meta-layouts":"default","ast-page-background-enabled":"default","ast-page-background-meta":{"desktop":{"background-color":"var(--ast-global-color-5)","background-image":"","background-repeat":"repeat","background-position":"center center","background-size":"auto","background-attachment":"scroll","background-type":"","background-media":"","overlay-type":"","overlay-color":"","overlay-opacity":"","overlay-gradient":""},"tablet":{"background-color":"","background-image":"","background-repeat":"repeat","background-position":"center center","background-size":"auto","background-attachment":"scroll","background-type":"","background-media":"","overlay-type":"","overlay-color":"","overlay-opacity":"","overlay-gradient":""},"mobile":{"background-color":"","background-image":"","background-repeat":"repeat","background-position":"center center","background-size":"auto","background-attachment":"scroll","background-type":"","background-media":"","overlay-type":"","overlay-color":"","overlay-opacity":"","overlay-gradient":""}},"ast-content-background-meta":{"desktop":{"background-color":"var(--ast-global-color-4)","background-image":"","background-repeat":"repeat","background-position":"center center","background-size":"auto","background-attachment":"scroll","background-type":"","background-media":"","overlay-type":"","overlay-color":"","overlay-opacity":"","overlay-gradient":""},"tablet":{"background-color":"var(--ast-global-color-4)","background-image":"","background-repeat":"repeat","background-position":"center center","background-size":"auto","background-attachment":"scroll","background-type":"","background-media":"","overlay-type":"","overlay-color":"","overlay-opacity":"","overlay-gradient":""},"mobile":{"background-color":"var(--ast-global-color-4)","background-image":"","background-repeat":"repeat","background-position":"center center","background-size":"auto","background-attachment":"scroll","background-type":"","background-media":"","overlay-type":"","overlay-color":"","overlay-opacity":"","overlay-gradient":""}},"footnotes":""},"categories":[],"tags":[],"class_list":["post-346801","page","type-page","status-publish","hentry"],"yoast_head":"<!-- This site is optimized with the Yoast SEO Premium plugin v27.4 (Yoast SEO v27.4) - https:\/\/yoast.com\/product\/yoast-seo-premium-wordpress\/ -->\n<title>Kristy Bada Bio - City of Miami Beach<\/title>\n<meta name=\"description\" content=\"%\" \/>\n<meta name=\"robots\" content=\"index, follow, max-snippet:-1, max-image-preview:large, max-video-preview:-1\" \/>\n<link rel=\"canonical\" href=\"https:\/\/www.miamibeachfl.gov\/es\/city-hall\/procurement\/kristy-bada-bio\/\" \/>\n<meta property=\"og:locale\" content=\"es_ES\" \/>\n<meta property=\"og:type\" content=\"article\" \/>\n<meta property=\"og:title\" content=\"Kristy Bada Bio\" \/>\n<meta property=\"og:description\" content=\"%\" \/>\n<meta property=\"og:url\" content=\"https:\/\/www.miamibeachfl.gov\/es\/city-hall\/procurement\/kristy-bada-bio\/\" \/>\n<meta property=\"og:site_name\" content=\"City of Miami Beach\" \/>\n<meta property=\"article:publisher\" content=\"https:\/\/www.facebook.com\/cityofmiamibeach\" \/>\n<meta property=\"article:modified_time\" content=\"2026-03-03T15:54:14+00:00\" \/>\n<meta property=\"og:image\" content=\"https:\/\/www.miamibeachfl.gov\/wp-content\/uploads\/2022\/07\/hero-small.jpg\" \/>\n<meta name=\"twitter:card\" content=\"summary_large_image\" \/>\n<meta name=\"twitter:site\" content=\"@Miamibeachnews\" \/>\n<script type=\"application\/ld+json\" class=\"yoast-schema-graph\">{\"@context\":\"https:\\\/\\\/schema.org\",\"@graph\":[{\"@type\":\"WebPage\",\"@id\":\"https:\\\/\\\/www.miamibeachfl.gov\\\/city-hall\\\/procurement\\\/kristy-bada-bio\\\/\",\"url\":\"https:\\\/\\\/www.miamibeachfl.gov\\\/city-hall\\\/procurement\\\/kristy-bada-bio\\\/\",\"name\":\"Kristy Bada Bio - City of Miami Beach\",\"isPartOf\":{\"@id\":\"https:\\\/\\\/www.miamibeachfl.gov\\\/#website\"},\"primaryImageOfPage\":{\"@id\":\"https:\\\/\\\/www.miamibeachfl.gov\\\/city-hall\\\/procurement\\\/kristy-bada-bio\\\/#primaryimage\"},\"image\":{\"@id\":\"https:\\\/\\\/www.miamibeachfl.gov\\\/city-hall\\\/procurement\\\/kristy-bada-bio\\\/#primaryimage\"},\"thumbnailUrl\":\"https:\\\/\\\/www.miamibeachfl.gov\\\/wp-content\\\/uploads\\\/2022\\\/07\\\/hero-small.jpg\",\"datePublished\":\"2024-11-08T13:02:25+00:00\",\"dateModified\":\"2026-03-03T15:54:14+00:00\",\"description\":\"%\",\"breadcrumb\":{\"@id\":\"https:\\\/\\\/www.miamibeachfl.gov\\\/city-hall\\\/procurement\\\/kristy-bada-bio\\\/#breadcrumb\"},\"inLanguage\":\"es\",\"potentialAction\":[{\"@type\":\"ReadAction\",\"target\":[\"https:\\\/\\\/www.miamibeachfl.gov\\\/city-hall\\\/procurement\\\/kristy-bada-bio\\\/\"]}]},{\"@type\":\"ImageObject\",\"inLanguage\":\"es\",\"@id\":\"https:\\\/\\\/www.miamibeachfl.gov\\\/city-hall\\\/procurement\\\/kristy-bada-bio\\\/#primaryimage\",\"url\":\"https:\\\/\\\/www.miamibeachfl.gov\\\/wp-content\\\/uploads\\\/2022\\\/07\\\/hero-small.jpg\",\"contentUrl\":\"https:\\\/\\\/www.miamibeachfl.gov\\\/wp-content\\\/uploads\\\/2022\\\/07\\\/hero-small.jpg\"},{\"@type\":\"BreadcrumbList\",\"@id\":\"https:\\\/\\\/www.miamibeachfl.gov\\\/city-hall\\\/procurement\\\/kristy-bada-bio\\\/#breadcrumb\",\"itemListElement\":[{\"@type\":\"ListItem\",\"position\":1,\"name\":\"Home\",\"item\":\"https:\\\/\\\/www.miamibeachfl.gov\\\/\"},{\"@type\":\"ListItem\",\"position\":2,\"name\":\"City Hall\",\"item\":\"https:\\\/\\\/www.miamibeachfl.gov\\\/city-hall\\\/\"},{\"@type\":\"ListItem\",\"position\":3,\"name\":\"Procurement\",\"item\":\"https:\\\/\\\/www.miamibeachfl.gov\\\/city-hall\\\/procurement\\\/\"},{\"@type\":\"ListItem\",\"position\":4,\"name\":\"Kristy Bada Bio\"}]},{\"@type\":\"WebSite\",\"@id\":\"https:\\\/\\\/www.miamibeachfl.gov\\\/#website\",\"url\":\"https:\\\/\\\/www.miamibeachfl.gov\\\/\",\"name\":\"City of Miami Beach\",\"description\":\"The official website of the City of Miami Beach. Stay informed, find important information on city services, news, alerts, events, trolley routes, government employment and more.\",\"publisher\":{\"@id\":\"https:\\\/\\\/www.miamibeachfl.gov\\\/#organization\"},\"potentialAction\":[{\"@type\":\"SearchAction\",\"target\":{\"@type\":\"EntryPoint\",\"urlTemplate\":\"https:\\\/\\\/www.miamibeachfl.gov\\\/?s={search_term_string}\"},\"query-input\":{\"@type\":\"PropertyValueSpecification\",\"valueRequired\":true,\"valueName\":\"search_term_string\"}}],\"inLanguage\":\"es\"},{\"@type\":\"Organization\",\"@id\":\"https:\\\/\\\/www.miamibeachfl.gov\\\/#organization\",\"name\":\"City of Miami Beach\",\"url\":\"https:\\\/\\\/www.miamibeachfl.gov\\\/\",\"logo\":{\"@type\":\"ImageObject\",\"inLanguage\":\"es\",\"@id\":\"https:\\\/\\\/www.miamibeachfl.gov\\\/#\\\/schema\\\/logo\\\/image\\\/\",\"url\":\"https:\\\/\\\/www.miamibeachfl.gov\\\/wp-content\\\/uploads\\\/2022\\\/06\\\/miamibeach-logoblue.png\",\"contentUrl\":\"https:\\\/\\\/www.miamibeachfl.gov\\\/wp-content\\\/uploads\\\/2022\\\/06\\\/miamibeach-logoblue.png\",\"width\":1962,\"height\":381,\"caption\":\"City of Miami Beach\"},\"image\":{\"@id\":\"https:\\\/\\\/www.miamibeachfl.gov\\\/#\\\/schema\\\/logo\\\/image\\\/\"},\"sameAs\":[\"https:\\\/\\\/www.facebook.com\\\/cityofmiamibeach\",\"https:\\\/\\\/x.com\\\/Miamibeachnews\",\"https:\\\/\\\/www.instagram.com\\\/miamibeachnews\\\/\"],\"description\":\"The official website of the City of Miami Beach. Stay informed, find important information on city services, news, alerts, events, trolley routes, government employment and more.\",\"telephone\":\"305.604.CITY(2489)\",\"legalName\":\"City of Miami Beach\"}]}<\/script>\n<!-- \/ Yoast SEO Premium plugin. -->","yoast_head_json":{"title":"Biograf\u00eda de Kristy Bada - Ciudad de Miami Beach","description":"%","robots":{"index":"index","follow":"follow","max-snippet":"max-snippet:-1","max-image-preview":"max-image-preview:large","max-video-preview":"max-video-preview:-1"},"canonical":"https:\/\/www.miamibeachfl.gov\/es\/city-hall\/procurement\/kristy-bada-bio\/","og_locale":"es_ES","og_type":"article","og_title":"Kristy Bada Bio","og_description":"%","og_url":"https:\/\/www.miamibeachfl.gov\/es\/city-hall\/procurement\/kristy-bada-bio\/","og_site_name":"City of Miami Beach","article_publisher":"https:\/\/www.facebook.com\/cityofmiamibeach","article_modified_time":"2026-03-03T15:54:14+00:00","og_image":[{"url":"https:\/\/www.miamibeachfl.gov\/wp-content\/uploads\/2022\/07\/hero-small.jpg","type":"","width":"","height":""}],"twitter_card":"summary_large_image","twitter_site":"@Miamibeachnews","schema":{"@context":"https:\/\/schema.org","@graph":[{"@type":"WebPage","@id":"https:\/\/www.miamibeachfl.gov\/city-hall\/procurement\/kristy-bada-bio\/","url":"https:\/\/www.miamibeachfl.gov\/city-hall\/procurement\/kristy-bada-bio\/","name":"Biograf\u00eda de Kristy Bada - Ciudad de Miami Beach","isPartOf":{"@id":"https:\/\/www.miamibeachfl.gov\/#website"},"primaryImageOfPage":{"@id":"https:\/\/www.miamibeachfl.gov\/city-hall\/procurement\/kristy-bada-bio\/#primaryimage"},"image":{"@id":"https:\/\/www.miamibeachfl.gov\/city-hall\/procurement\/kristy-bada-bio\/#primaryimage"},"thumbnailUrl":"https:\/\/www.miamibeachfl.gov\/wp-content\/uploads\/2022\/07\/hero-small.jpg","datePublished":"2024-11-08T13:02:25+00:00","dateModified":"2026-03-03T15:54:14+00:00","description":"%","breadcrumb":{"@id":"https:\/\/www.miamibeachfl.gov\/city-hall\/procurement\/kristy-bada-bio\/#breadcrumb"},"inLanguage":"es","potentialAction":[{"@type":"ReadAction","target":["https:\/\/www.miamibeachfl.gov\/city-hall\/procurement\/kristy-bada-bio\/"]}]},{"@type":"ImageObject","inLanguage":"es","@id":"https:\/\/www.miamibeachfl.gov\/city-hall\/procurement\/kristy-bada-bio\/#primaryimage","url":"https:\/\/www.miamibeachfl.gov\/wp-content\/uploads\/2022\/07\/hero-small.jpg","contentUrl":"https:\/\/www.miamibeachfl.gov\/wp-content\/uploads\/2022\/07\/hero-small.jpg"},{"@type":"BreadcrumbList","@id":"https:\/\/www.miamibeachfl.gov\/city-hall\/procurement\/kristy-bada-bio\/#breadcrumb","itemListElement":[{"@type":"ListItem","position":1,"name":"Home","item":"https:\/\/www.miamibeachfl.gov\/"},{"@type":"ListItem","position":2,"name":"City Hall","item":"https:\/\/www.miamibeachfl.gov\/city-hall\/"},{"@type":"ListItem","position":3,"name":"Procurement","item":"https:\/\/www.miamibeachfl.gov\/city-hall\/procurement\/"},{"@type":"ListItem","position":4,"name":"Kristy Bada Bio"}]},{"@type":"WebSite","@id":"https:\/\/www.miamibeachfl.gov\/#website","url":"https:\/\/www.miamibeachfl.gov\/","name":"Ciudad de Miami Beach","description":"Sitio web oficial de la Ciudad de Miami Beach. Mant\u00e9ngase informado, encuentre informaci\u00f3n importante sobre servicios municipales, noticias, alertas, eventos, rutas de tranv\u00edas, empleos gubernamentales y m\u00e1s.","publisher":{"@id":"https:\/\/www.miamibeachfl.gov\/#organization"},"potentialAction":[{"@type":"SearchAction","target":{"@type":"EntryPoint","urlTemplate":"https:\/\/www.miamibeachfl.gov\/?s={search_term_string}"},"query-input":{"@type":"PropertyValueSpecification","valueRequired":true,"valueName":"search_term_string"}}],"inLanguage":"es"},{"@type":"Organization","@id":"https:\/\/www.miamibeachfl.gov\/#organization","name":"Ciudad de Miami Beach","url":"https:\/\/www.miamibeachfl.gov\/","logo":{"@type":"ImageObject","inLanguage":"es","@id":"https:\/\/www.miamibeachfl.gov\/#\/schema\/logo\/image\/","url":"https:\/\/www.miamibeachfl.gov\/wp-content\/uploads\/2022\/06\/miamibeach-logoblue.png","contentUrl":"https:\/\/www.miamibeachfl.gov\/wp-content\/uploads\/2022\/06\/miamibeach-logoblue.png","width":1962,"height":381,"caption":"City of Miami Beach"},"image":{"@id":"https:\/\/www.miamibeachfl.gov\/#\/schema\/logo\/image\/"},"sameAs":["https:\/\/www.facebook.com\/cityofmiamibeach","https:\/\/x.com\/Miamibeachnews","https:\/\/www.instagram.com\/miamibeachnews\/"],"description":"Sitio web oficial de la Ciudad de Miami Beach. Mant\u00e9ngase informado, encuentre informaci\u00f3n importante sobre servicios municipales, noticias, alertas, eventos, rutas de tranv\u00edas, empleos gubernamentales y m\u00e1s.","telephone":"305.604.CITY(2489)","legalName":"City of Miami Beach"}]}},"_links":{"self":[{"href":"https:\/\/www.miamibeachfl.gov\/es\/wp-json\/wp\/v2\/pages\/346801","targetHints":{"allow":["GET"]}}],"collection":[{"href":"https:\/\/www.miamibeachfl.gov\/es\/wp-json\/wp\/v2\/pages"}],"about":[{"href":"https:\/\/www.miamibeachfl.gov\/es\/wp-json\/wp\/v2\/types\/page"}],"author":[{"embeddable":true,"href":"https:\/\/www.miamibeachfl.gov\/es\/wp-json\/wp\/v2\/users\/222"}],"replies":[{"embeddable":true,"href":"https:\/\/www.miamibeachfl.gov\/es\/wp-json\/wp\/v2\/comments?post=346801"}],"version-history":[{"count":2,"href":"https:\/\/www.miamibeachfl.gov\/es\/wp-json\/wp\/v2\/pages\/346801\/revisions"}],"predecessor-version":[{"id":397039,"href":"https:\/\/www.miamibeachfl.gov\/es\/wp-json\/wp\/v2\/pages\/346801\/revisions\/397039"}],"up":[{"embeddable":true,"href":"https:\/\/www.miamibeachfl.gov\/es\/wp-json\/wp\/v2\/pages\/28912"}],"wp:attachment":[{"href":"https:\/\/www.miamibeachfl.gov\/es\/wp-json\/wp\/v2\/media?parent=346801"}],"wp:term":[{"taxonomy":"category","embeddable":true,"href":"https:\/\/www.miamibeachfl.gov\/es\/wp-json\/wp\/v2\/categories?post=346801"},{"taxonomy":"post_tag","embeddable":true,"href":"https:\/\/www.miamibeachfl.gov\/es\/wp-json\/wp\/v2\/tags?post=346801"}],"curies":[{"name":"gracias","href":"https:\/\/api.w.org\/{rel}","templated":true}]}}