{"id":348561,"date":"2024-11-25T10:24:23","date_gmt":"2024-11-25T15:24:23","guid":{"rendered":"https:\/\/www.miamibeachfl.gov\/?page_id=348561"},"modified":"2025-07-08T10:25:37","modified_gmt":"2025-07-08T14:25:37","slug":"south-beach-bid-election","status":"publish","type":"page","link":"https:\/\/www.miamibeachfl.gov\/es\/city-hall\/city-clerk\/election-information\/south-beach-bid-election\/","title":{"rendered":"ELECCI\u00d3N DE CANDIDATURA DE SOUTH BEACH"},"content":{"rendered":"<nav id=\"breadcrumbs\" aria-label=\"Pan rallado\"><a href=\"https:\/\/www.miamibeachfl.gov\/es\/\">Hogar<\/a> &gt; <a href=\"https:\/\/www.miamibeachfl.gov\/es\/city-hall\/\">Ayuntamiento<\/a> &gt; <a href=\"https:\/\/www.miamibeachfl.gov\/es\/city-hall\/city-clerk\/\">Secretario de la ciudad<\/a> &gt; <a href=\"https:\/\/www.miamibeachfl.gov\/es\/city-hall\/city-clerk\/election-information\/\">Informaci\u00f3n electoral<\/a> &gt; <strong>ELECCI\u00d3N DE CANDIDATURA DE SOUTH BEACH<\/strong><\/nav>\n\t<h2>1 de marzo de 2025 al 30 de abril de 2025: Elecci\u00f3n por correo para la creaci\u00f3n del Distrito de Evaluaci\u00f3n Especial conocido como Distrito de Mejora Comercial de South Beach.<\/h2>\n<ul>\n<li><a href=\"https:\/\/www.miamibeachfl.gov\/wp-content\/uploads\/2025\/05\/Resolution-2025-33651.pdf\">Resoluci\u00f3n No. 2025-33651 Adopci\u00f3n de la Certificaci\u00f3n Electoral Oficial de la Junta de Escrutinio del BID de South Beach<\/a><\/li>\n<li><a href=\"https:\/\/www.miamibeachfl.gov\/wp-content\/uploads\/2025\/05\/LTC-183-2025-Official-Election-Certification-Creation-of-Special-Assessment-to-be-Known-as-SOBE-BID.pdf\">Certificaci\u00f3n Oficial de la Junta de Escrutinio \u2013 Creaci\u00f3n de un Distrito de Evaluaci\u00f3n Especial que se conocer\u00e1 como el Distrito de Mejora Comercial de South Beach<\/a><\/li>\n<li><a href=\"https:\/\/www.miamibeachfl.gov\/wp-content\/uploads\/2025\/05\/Daily-Ballot-Tracking-Totals-for-Web-April-30-2025.pdf\">Seguimiento diario de las votaciones (versi\u00f3n final publicada el 30 de abril de 2025)<\/a><\/li>\n<li><a href=\"https:\/\/www.miamibeachfl.gov\/wp-content\/uploads\/2025\/05\/SOBE-BID-After-Action.pdf\">Acci\u00f3n posterior a la reuni\u00f3n de la junta de escrutinio del 30 de abril de 2025<\/a><\/li>\n<li><a href=\"https:\/\/www.miamibeachfl.gov\/wp-content\/uploads\/2025\/03\/SBBID-Canvassing-Board-Agenda-PDF.pdf\">Orden del d\u00eda de la reuni\u00f3n de la Junta de Escrutinio del 30 de abril de 2025<\/a><\/li>\n<li><a href=\"https:\/\/www.miamibeachfl.gov\/wp-content\/uploads\/2025\/01\/SBBID-Ballot.pdf\">Boleta de muestra oficial<\/a><br \/>\n<a href=\"https:\/\/www.miamibeachfl.gov\/wp-content\/uploads\/2025\/01\/SBBID-Boleta.pdf\">Boleta Oficial de Muestra<\/a><\/li>\n<li><a href=\"https:\/\/www.miamibeachfl.gov\/wp-content\/uploads\/2025\/01\/SBBID-Notice-of-Election.pdf\">Aviso de elecci\u00f3n especial por correo<\/a><br \/>\n<a href=\"https:\/\/www.miamibeachfl.gov\/wp-content\/uploads\/2025\/01\/SBBID-Aviso-de-Eleccion.pdf\">Aviso de Elecci\u00f3n Especial de Voto por Correo<\/a><\/li>\n<li><a href=\"https:\/\/www.miamibeachfl.gov\/wp-content\/uploads\/2025\/01\/Memorandum-of-Understanding-with-South-Beach-BID-Partners-Inc.pdf\">Memorando de entendimiento con South Beach BID Partners, Inc.<\/a><\/li>\n<li><a href=\"https:\/\/www.miamibeachfl.gov\/wp-content\/uploads\/2024\/12\/Special-Mail-Ballot-Election-Procedures-1.pdf\">Procedimientos especiales para la elecci\u00f3n por correo<\/a><\/li>\n<li><a href=\"https:\/\/www.miamibeachfl.gov\/wp-content\/uploads\/2025\/02\/SOBE-BID-Affidavit-and-BID-List.pdf\">Declaraci\u00f3n Jurada y Lista Certificada de Propiedades<\/a><\/li>\n<li><a href=\"https:\/\/www.miamibeachfl.gov\/wp-content\/uploads\/2025\/01\/2-Preliminary-List-of-Property-Owners-1-14-25.pdf\">Lista preliminar de propietarios de inmuebles<\/a><\/li>\n<li><a href=\"https:\/\/www.miamibeachfl.gov\/wp-content\/uploads\/2025\/01\/3-Assessment-Methodologies.pdf\">Metodolog\u00edas de evaluaci\u00f3n<\/a><\/li>\n<li><a href=\"https:\/\/www.miamibeachfl.gov\/wp-content\/uploads\/2025\/01\/4-Proposed-Budget-Year-1.pdf\">Propuesta de presupuesto para el a\u00f1o 1<\/a><\/li>\n<li><a href=\"https:\/\/www.miamibeachfl.gov\/wp-content\/uploads\/2025\/01\/5-Budget-Services-Narrative.pdf\">Narrativa de presupuesto y servicios<\/a><\/li>\n<li><a href=\"https:\/\/www.miamibeachfl.gov\/wp-content\/uploads\/2025\/01\/6-Proposed-District-Map.pdf\">Mapa de distrito propuesto<\/a><\/li>\n<li><a href=\"https:\/\/www.miamibeachfl.gov\/wp-content\/uploads\/2025\/01\/7-Preliminary-Assessment-Roll.pdf\">Lista de evaluaci\u00f3n preliminar<\/a><\/li>\n<li>Para ver avisos legales y p\u00fablicos relacionados con las elecciones de Miami Beach, haga clic en\u00a0<a href=\"http:\/\/www.miamidade.gov\/global\/navigation\/legal-ad-index.page\">AQU\u00cd<\/a>\u00a0y seleccione \u201cElecciones y votaci\u00f3n\u201d en la categor\u00eda y \u201cMiami Beach\u201d en el municipio.<\/li>\n<li><a href=\"https:\/\/www.miamibeachfl.gov\/wp-content\/uploads\/2024\/11\/Resolution-2024-33361-1.pdf\">Resoluci\u00f3n 2024-33361<\/a>:UNA RESOLUCI\u00d3N DEL ALCALDE Y LA COMISI\u00d3N MUNICIPAL DE LA CIUDAD DE MIAMI BEACH, FLORIDA, QUE APRUEBA Y AUTORIZA AL ADMINISTRADOR MUNICIPAL A EJECUTAR UN MEMORANDO DE ENTENDIMIENTO ENTRE LA CIUDAD DE MIAMI BEACH Y SOUTH BEACH BID PARTNERS, INC. (LA \u201cOFERTA\u201d), PARA LLEVAR A CABO UNA ELECCI\u00d3N ESPECIAL POR CORREO PARA DETERMINAR SI LA MAYOR\u00cdA DE LOS PROPIETARIOS AFECTADOS APRUEBA LA CREACI\u00d3N DEL DISTRITO DE EVALUACI\u00d3N ESPECIAL QUE SE CONOCIR\u00c1 COMO EL DISTRITO DE MEJORA DE NEGOCIOS DE SOUTH BEACH, CUYA ELECCI\u00d3N SER\u00c1 LLEVADA A CABO POR LA OFICINA DEL SECRETARIO MUNICIPAL Y LA OFICINA DEL ABOGADO MUNICIPAL, Y PARA ESTABLECER QUE LA OFERTA CUBRIR\u00c1 LOS COSTOS DE LLEVAR A CABO DICHA ELECCI\u00d3N.<\/li>\n<li><a href=\"https:\/\/www.miamibeachfl.gov\/wp-content\/uploads\/2024\/11\/Resolution-2024-33360-1.pdf\">Resoluci\u00f3n 2024-33360<\/a>:UNA RESOLUCI\u00d3N DEL ALCALDE Y LA COMISI\u00d3N MUNICIPAL DE LA CIUDAD DE MIAMI BEACH, FLORIDA, CONVOCANDO A UNA ELECCI\u00d3N ESPECIAL POR CORREO A CELEBRARSE DEL 1 DE MARZO AL 30 DE ABRIL DE 2025 PARA DETERMINAR SI LA MAYOR\u00cdA DE LOS PROPIETARIOS AFECTADOS APRUEBA LA CREACI\u00d3N DEL DISTRITO ESPECIAL DE EVALUACI\u00d3N QUE SE CONOCIR\u00c1 COMO EL DISTRITO DE MEJORA DE NEGOCIOS DE SOUTH BEACH; DISPONIENDO QUE LA OFICINA DEL SECRETARIO MUNICIPAL Y LA OFICINA DEL ABOGADO MUNICIPAL CELEBRAR\u00c1N DICHA ELECCI\u00d3N; ESTABLECIENDO EL FORMULARIO DE LA BOLETA; Y ORDENANDO AL SECRETARIO MUNICIPAL QUE AVISE DICHA ELECCI\u00d3N SEG\u00daN LO REQUIERE EL C\u00d3DIGO DE LA CIUDAD Y LA LEY ESTATAL.<\/li>\n<li><a href=\"https:\/\/www.miamibeachfl.gov\/wp-content\/uploads\/2024\/12\/Resolution-2024-33229.pdf\">Resoluci\u00f3n 2024-33229<\/a>:UNA RESOLUCI\u00d3N DEL ALCALDE Y LA COMISI\u00d3N MUNICIPAL DE LA CIUDAD DE MIAMI BEACH, FLORIDA, QUE ENMIENDA Y REFORMULA LA RESOLUCI\u00d3N N.\u00ba 2020-31144, QUE CRE\u00d3, DE CONFORMIDAD CON EL CAP\u00cdTULO 170 DE LOS ESTATUTOS DE FLORIDA, Y SUJETO A LA APROBACI\u00d3N DE LA MAYOR\u00cdA DE LOS PROPIETARIOS AFECTADOS, UN DISTRITO DE EVALUACI\u00d3N ESPECIAL QUE SE CONOCIR\u00c1 COMO \u201cEL DISTRITO DE MEJORA DE NEGOCIOS DE SOUTH BEACH\u201d, POR UN PER\u00cdODO DE DIEZ (10) A\u00d1OS, PARA ESTABILIZAR Y MEJORAR ESA CIERTA \u00c1REA DE LA CIUDAD DE MIAMI BEACH AQU\u00cd DENOMINADA DISTRITO DE NEGOCIOS MINORISTAS DE OCEAN DRIVE Y COLLINS AVENUE, DISTRITO QUE SE ENCUENTRA UBICADO GENERALMENTE DENTRO DE UN DISTRITO HIST\u00d3RICO RECONOCIDO A NIVEL NACIONAL, A TRAV\u00c9S DE LA PROMOCI\u00d3N, ADMINISTRACI\u00d3N, MARKETING Y OTROS SERVICIOS SIMILARES (LOS \u201cSERVICIOS\u201d); QUE PREV\u00c9N LA IMPOSICI\u00d3N Y RECAUDACI\u00d3N DE CUOTAS ESPECIALES, POR LA CANTIDAD REVISADA DE $2,147,242 POR A\u00d1O, QUE AUMENTAR\u00c1 CADA A\u00d1O SEG\u00daN EL CAMBIO PORCENTUAL ACUMULADO EN EL \u00cdNDICE DE PRECIOS AL CONSUMIDOR (IPC), PERO SIN EXCEDER EL DOS POR CIENTO (2%) POR A\u00d1O; INDICAR LA UBICACI\u00d3N, LA NATURALEZA Y EL COSTO ESTIMADO DE LOS SERVICIOS, CUYOS COSTOS DEBEN SER SUPUESTOS POR LAS CUOTAS ESPECIALES; ESTABLECER LA FORMA EN QUE SE HABR\u00c1N EFECTUADO DICHAS CUOTAS ESPECIALES; ESTABLECER CU\u00c1NDO SE HABR\u00c1N EFECTUADO DICHAS CUOTAS ESPECIALES; DESIGNAR LOS TERRENOS SOBRE LOS QUE SE IMPONDR\u00c1N LAS CUOTAS ESPECIALES; ESTABLECER LA PUBLICACI\u00d3N DE ESTA RESOLUCI\u00d3N, EN DE ACUERDO CON LA SECCI\u00d3N 170.05 DE LOS ESTATUTOS DE FLORIDA; AUTORIZANDO A LA ADMINISTRACI\u00d3N DE LA CIUDAD A ORGANIZAR LA ELABORACI\u00d3N DE UN LISTADO DE EVALUACI\u00d3N PRELIMINAR, DE ACUERDO CON LA SECCI\u00d3N 170.02 DE LOS ESTATUTOS DE FLORIDA; Y UNA VEZ COMPLETADO DICHO LISTADO DE EVALUACI\u00d3N PRELIMINAR, ESTABLECIENDO QUE DICHO LISTADO DE EVALUACI\u00d3N SE ENCUENTRE EN LOS ARCHIVOS DE LA OFICINA DEL SECRETARIO DE LA CIUDAD Y EST\u00c9 ABIERTO A LA INSPECCI\u00d3N DEL P\u00daBLICO.<\/li>\n<li><a href=\"https:\/\/www.miamibeachfl.gov\/wp-content\/uploads\/2024\/12\/Resolution-2020-31144.pdf\">Resoluci\u00f3n 2020-31144<\/a>: UNA RESOLUCI\u00d3N DEL ALCALDE Y LA COMISI\u00d3N MUNICIPAL DE LA CIUDAD DE MIAMI BEACH, FLORIDA, QUE CRE\u00d3, DE CONFORMIDAD CON EL CAP\u00cdTULO 170 DE LOS ESTATUTOS DE FLORIDA, Y SUJETO A LA APROBACI\u00d3N DE LA MAYOR\u00cdA DE LOS PROPIETARIOS AFECTADOS, UN DISTRITO DE EVALUACI\u00d3N ESPECIAL QUE SE CONOCIR\u00c1 COMO \u201cEL DISTRITO DE MEJORA DE NEGOCIOS DE SOUTH BEACH\u201d, POR UN PER\u00cdODO DE DIEZ (10) A\u00d1OS, PARA ESTABILIZAR Y MEJORAR ESA CIERTA \u00c1REA DE LA CIUDAD DE MIAMI BEACH AQU\u00cd DENOMINADA DISTRITO DE NEGOCIOS MINORISTAS DE OCEAN DRIVE Y COLLINS AVENUE, DISTRITO QUE SE ENCUENTRA UBICADO GENERALMENTE DENTRO DE UN DISTRITO HIST\u00d3RICO RECONOCIDO NACIONALMENTE, A TRAV\u00c9S DE LA PROMOCI\u00d3N, ADMINISTRACI\u00d3N, MARKETING Y OTROS SERVICIOS SIMILARES (LOS &quot;SERVICIOS&quot;); QUE ESTABLECE LA IMPOSICI\u00d3N Y RECAUDACI\u00d3N DE CUOTAS ESPECIALES, POR LA CANTIDAD DE $2,093,335 POR A\u00d1O; QUE INDICA LA UBICACI\u00d3N, LA NATURALEZA Y EL COSTO ESTIMADO DE LOS SERVICIOS, CUYOS COSTOS DEBEN SER SUPLIDOS POR LAS CUOTAS ESPECIALES; QUE ESTABLECE LA MANERA EN QUE SE HABR\u00c1N REALIZAR DICHAS CUOTAS ESPECIALES; QUE ESTABLECE CU\u00c1NDO SE HABR\u00c1N REALIZAR DICHAS CUOTAS ESPECIALES; QUE DESIGNA LOS TERRENOS SOBRE LOS QUE SE IMPONDR\u00c1N LAS CUOTAS ESPECIALES; QUE ESTABLECE LA PUBLICACI\u00d3N DE ESTA RESOLUCI\u00d3N, DE CONFORMIDAD CON LA SECCI\u00d3N 170.05 DE LOS ESTATUTOS DE FLORIDA; AUTORIZANDO A LA ADMINISTRACI\u00d3N DE LA CIUDAD A ORGANIZAR LA ELABORACI\u00d3N DE UN LISTADO DE EVALUACI\u00d3N PRELIMINAR, DE CONFORMIDAD CON LA SECCI\u00d3N 170.02 DE LOS ESTATUTOS DE FLORIDA; Y UNA VEZ COMPLETADO DICHO LISTADO DE EVALUACI\u00d3N PRELIMINAR, ESTABLECIENDO QUE DICHO LISTADO DE EVALUACI\u00d3N SE ENCUENTRE EN LOS ARCHIVOS DE LA OFICINA DEL SECRETARIO DE LA CIUDAD Y EST\u00c9 ABIERTO A LA INSPECCI\u00d3N DEL P\u00daBLICO.<\/li>\n<\/ul>\n<div class=\"page-navigation\"><a class=\"prev-page\" href=\"https:\/\/www.miamibeachfl.gov\/es\/city-hall\/city-clerk\/election-information\/lrbid-renewalelection\/\">\u2190 Elecci\u00f3n para la renovaci\u00f3n del Distrito de Mejora Comercial de Lincoln Road<\/a> <a class=\"next-page\" href=\"https:\/\/www.miamibeachfl.gov\/es\/city-hall\/city-clerk\/election-information\/related-resolutions-november-4-2025\/\">Resoluciones relacionadas - 4 DE NOVIEMBRE DE 2025 \u2192<\/a><\/div>","protected":false},"excerpt":{"rendered":"<p>Home &gt; City Hall &gt; City Clerk &gt; Election Information &gt; SOUTH BEACH BID ELECTION March 1, 2025 through April [&hellip;]<\/p>\n","protected":false},"author":222,"featured_media":0,"parent":28358,"menu_order":78,"comment_status":"closed","ping_status":"closed","template":"","meta":{"_searchwp_excluded":"","site-sidebar-layout":"default","site-content-layout":"","ast-site-content-layout":"default","site-content-style":"default","site-sidebar-style":"default","ast-global-header-display":"","ast-banner-title-visibility":"","ast-main-header-display":"","ast-hfb-above-header-display":"","ast-hfb-below-header-display":"","ast-hfb-mobile-header-display":"","site-post-title":"","ast-breadcrumbs-content":"","ast-featured-img":"","footer-sml-layout":"","theme-transparent-header-meta":"","adv-header-id-meta":"","stick-header-meta":"","header-above-stick-meta":"","header-main-stick-meta":"","header-below-stick-meta":"","astra-migrate-meta-layouts":"default","ast-page-background-enabled":"default","ast-page-background-meta":{"desktop":{"background-color":"var(--ast-global-color-5)","background-image":"","background-repeat":"repeat","background-position":"center center","background-size":"auto","background-attachment":"scroll","background-type":"","background-media":"","overlay-type":"","overlay-color":"","overlay-opacity":"","overlay-gradient":""},"tablet":{"background-color":"","background-image":"","background-repeat":"repeat","background-position":"center center","background-size":"auto","background-attachment":"scroll","background-type":"","background-media":"","overlay-type":"","overlay-color":"","overlay-opacity":"","overlay-gradient":""},"mobile":{"background-color":"","background-image":"","background-repeat":"repeat","background-position":"center center","background-size":"auto","background-attachment":"scroll","background-type":"","background-media":"","overlay-type":"","overlay-color":"","overlay-opacity":"","overlay-gradient":""}},"ast-content-background-meta":{"desktop":{"background-color":"var(--ast-global-color-4)","background-image":"","background-repeat":"repeat","background-position":"center center","background-size":"auto","background-attachment":"scroll","background-type":"","background-media":"","overlay-type":"","overlay-color":"","overlay-opacity":"","overlay-gradient":""},"tablet":{"background-color":"var(--ast-global-color-4)","background-image":"","background-repeat":"repeat","background-position":"center center","background-size":"auto","background-attachment":"scroll","background-type":"","background-media":"","overlay-type":"","overlay-color":"","overlay-opacity":"","overlay-gradient":""},"mobile":{"background-color":"var(--ast-global-color-4)","background-image":"","background-repeat":"repeat","background-position":"center center","background-size":"auto","background-attachment":"scroll","background-type":"","background-media":"","overlay-type":"","overlay-color":"","overlay-opacity":"","overlay-gradient":""}},"footnotes":""},"categories":[],"tags":[],"class_list":["post-348561","page","type-page","status-publish","hentry"],"yoast_head":"<!-- This site is optimized with the Yoast SEO Premium plugin v26.6 (Yoast SEO v26.6) - https:\/\/yoast.com\/wordpress\/plugins\/seo\/ -->\n<title>SOUTH BEACH BID ELECTION - City of Miami Beach<\/title>\n<meta name=\"description\" content=\"2024: November 12 - December 16, 2024 Mail-ballot ekection for the Renewal of the Lincoln Road Business Improvement District\" \/>\n<meta name=\"robots\" content=\"index, follow, max-snippet:-1, max-image-preview:large, max-video-preview:-1\" \/>\n<link rel=\"canonical\" href=\"https:\/\/www.miamibeachfl.gov\/es\/city-hall\/city-clerk\/election-information\/south-beach-bid-election\/\" \/>\n<meta property=\"og:locale\" content=\"es_ES\" \/>\n<meta property=\"og:type\" content=\"article\" \/>\n<meta property=\"og:title\" content=\"SOUTH BEACH BID ELECTION\" \/>\n<meta property=\"og:description\" content=\"2024: November 12 - December 16, 2024 Mail-ballot ekection for the Renewal of the Lincoln Road Business Improvement District\" \/>\n<meta property=\"og:url\" content=\"https:\/\/www.miamibeachfl.gov\/es\/city-hall\/city-clerk\/election-information\/south-beach-bid-election\/\" \/>\n<meta property=\"og:site_name\" content=\"City of Miami Beach\" \/>\n<meta property=\"article:publisher\" content=\"https:\/\/www.facebook.com\/cityofmiamibeach\" \/>\n<meta property=\"article:modified_time\" content=\"2025-07-08T14:25:37+00:00\" \/>\n<meta property=\"og:image\" content=\"https:\/\/www.miamibeachfl.gov\/wp-content\/uploads\/2023\/07\/Lincolnroadlights.jpg\" \/>\n\t<meta property=\"og:image:width\" content=\"2000\" \/>\n\t<meta property=\"og:image:height\" content=\"520\" \/>\n\t<meta property=\"og:image:type\" content=\"image\/jpeg\" \/>\n<meta name=\"twitter:card\" content=\"summary_large_image\" \/>\n<meta name=\"twitter:site\" content=\"@Miamibeachnews\" \/>\n<script type=\"application\/ld+json\" class=\"yoast-schema-graph\">{\"@context\":\"https:\/\/schema.org\",\"@graph\":[{\"@type\":\"WebPage\",\"@id\":\"https:\/\/www.miamibeachfl.gov\/city-hall\/city-clerk\/election-information\/south-beach-bid-election\/\",\"url\":\"https:\/\/www.miamibeachfl.gov\/city-hall\/city-clerk\/election-information\/south-beach-bid-election\/\",\"name\":\"SOUTH BEACH BID ELECTION - City of Miami Beach\",\"isPartOf\":{\"@id\":\"https:\/\/www.miamibeachfl.gov\/#website\"},\"datePublished\":\"2024-11-25T15:24:23+00:00\",\"dateModified\":\"2025-07-08T14:25:37+00:00\",\"description\":\"2024: November 12 - December 16, 2024 Mail-ballot ekection for the Renewal of the Lincoln Road Business Improvement District\",\"breadcrumb\":{\"@id\":\"https:\/\/www.miamibeachfl.gov\/city-hall\/city-clerk\/election-information\/south-beach-bid-election\/#breadcrumb\"},\"inLanguage\":\"es\",\"potentialAction\":[{\"@type\":\"ReadAction\",\"target\":[\"https:\/\/www.miamibeachfl.gov\/city-hall\/city-clerk\/election-information\/south-beach-bid-election\/\"]}]},{\"@type\":\"BreadcrumbList\",\"@id\":\"https:\/\/www.miamibeachfl.gov\/city-hall\/city-clerk\/election-information\/south-beach-bid-election\/#breadcrumb\",\"itemListElement\":[{\"@type\":\"ListItem\",\"position\":1,\"name\":\"Home\",\"item\":\"https:\/\/www.miamibeachfl.gov\/\"},{\"@type\":\"ListItem\",\"position\":2,\"name\":\"City Hall\",\"item\":\"https:\/\/www.miamibeachfl.gov\/city-hall\/\"},{\"@type\":\"ListItem\",\"position\":3,\"name\":\"City Clerk\",\"item\":\"https:\/\/www.miamibeachfl.gov\/city-hall\/city-clerk\/\"},{\"@type\":\"ListItem\",\"position\":4,\"name\":\"Election Information\",\"item\":\"https:\/\/www.miamibeachfl.gov\/city-hall\/city-clerk\/election-information\/\"},{\"@type\":\"ListItem\",\"position\":5,\"name\":\"SOUTH BEACH BID ELECTION\"}]},{\"@type\":\"WebSite\",\"@id\":\"https:\/\/www.miamibeachfl.gov\/#website\",\"url\":\"https:\/\/www.miamibeachfl.gov\/\",\"name\":\"City of Miami Beach\",\"description\":\"The official website of the City of Miami Beach. Stay informed, find important information on city services, news, alerts, events, trolley routes, government employment and more.\",\"publisher\":{\"@id\":\"https:\/\/www.miamibeachfl.gov\/#organization\"},\"potentialAction\":[{\"@type\":\"SearchAction\",\"target\":{\"@type\":\"EntryPoint\",\"urlTemplate\":\"https:\/\/www.miamibeachfl.gov\/?s={search_term_string}\"},\"query-input\":{\"@type\":\"PropertyValueSpecification\",\"valueRequired\":true,\"valueName\":\"search_term_string\"}}],\"inLanguage\":\"es\"},{\"@type\":\"Organization\",\"@id\":\"https:\/\/www.miamibeachfl.gov\/#organization\",\"name\":\"City of Miami Beach\",\"url\":\"https:\/\/www.miamibeachfl.gov\/\",\"logo\":{\"@type\":\"ImageObject\",\"inLanguage\":\"es\",\"@id\":\"https:\/\/www.miamibeachfl.gov\/#\/schema\/logo\/image\/\",\"url\":\"https:\/\/www.miamibeachfl.gov\/wp-content\/uploads\/2022\/06\/miamibeach-logoblue.png\",\"contentUrl\":\"https:\/\/www.miamibeachfl.gov\/wp-content\/uploads\/2022\/06\/miamibeach-logoblue.png\",\"width\":1962,\"height\":381,\"caption\":\"City of Miami Beach\"},\"image\":{\"@id\":\"https:\/\/www.miamibeachfl.gov\/#\/schema\/logo\/image\/\"},\"sameAs\":[\"https:\/\/www.facebook.com\/cityofmiamibeach\",\"https:\/\/x.com\/Miamibeachnews\",\"https:\/\/www.instagram.com\/miamibeachnews\/\"],\"description\":\"The official website of the City of Miami Beach. Stay informed, find important information on city services, news, alerts, events, trolley routes, government employment and more.\",\"telephone\":\"305.604.CITY(2489)\",\"legalName\":\"City of Miami Beach\"}]}<\/script>\n<!-- \/ Yoast SEO Premium plugin. -->","yoast_head_json":{"title":"ELECCI\u00d3N DE CANDIDATURA DE SOUTH BEACH - Ciudad de Miami Beach","description":"2024: 12 de noviembre - 16 de diciembre de 2024 Elecci\u00f3n por correo para la renovaci\u00f3n del Distrito de Mejora Comercial de Lincoln Road","robots":{"index":"index","follow":"follow","max-snippet":"max-snippet:-1","max-image-preview":"max-image-preview:large","max-video-preview":"max-video-preview:-1"},"canonical":"https:\/\/www.miamibeachfl.gov\/es\/city-hall\/city-clerk\/election-information\/south-beach-bid-election\/","og_locale":"es_ES","og_type":"article","og_title":"SOUTH BEACH BID ELECTION","og_description":"2024: November 12 - December 16, 2024 Mail-ballot ekection for the Renewal of the Lincoln Road Business Improvement District","og_url":"https:\/\/www.miamibeachfl.gov\/es\/city-hall\/city-clerk\/election-information\/south-beach-bid-election\/","og_site_name":"City of Miami Beach","article_publisher":"https:\/\/www.facebook.com\/cityofmiamibeach","article_modified_time":"2025-07-08T14:25:37+00:00","og_image":[{"width":2000,"height":520,"url":"https:\/\/www.miamibeachfl.gov\/wp-content\/uploads\/2023\/07\/Lincolnroadlights.jpg","type":"image\/jpeg"}],"twitter_card":"summary_large_image","twitter_site":"@Miamibeachnews","schema":{"@context":"https:\/\/schema.org","@graph":[{"@type":"WebPage","@id":"https:\/\/www.miamibeachfl.gov\/city-hall\/city-clerk\/election-information\/south-beach-bid-election\/","url":"https:\/\/www.miamibeachfl.gov\/city-hall\/city-clerk\/election-information\/south-beach-bid-election\/","name":"ELECCI\u00d3N DE CANDIDATURA DE SOUTH BEACH - Ciudad de Miami Beach","isPartOf":{"@id":"https:\/\/www.miamibeachfl.gov\/#website"},"datePublished":"2024-11-25T15:24:23+00:00","dateModified":"2025-07-08T14:25:37+00:00","description":"2024: 12 de noviembre - 16 de diciembre de 2024 Elecci\u00f3n por correo para la renovaci\u00f3n del Distrito de Mejora Comercial de Lincoln Road","breadcrumb":{"@id":"https:\/\/www.miamibeachfl.gov\/city-hall\/city-clerk\/election-information\/south-beach-bid-election\/#breadcrumb"},"inLanguage":"es","potentialAction":[{"@type":"ReadAction","target":["https:\/\/www.miamibeachfl.gov\/city-hall\/city-clerk\/election-information\/south-beach-bid-election\/"]}]},{"@type":"BreadcrumbList","@id":"https:\/\/www.miamibeachfl.gov\/city-hall\/city-clerk\/election-information\/south-beach-bid-election\/#breadcrumb","itemListElement":[{"@type":"ListItem","position":1,"name":"Home","item":"https:\/\/www.miamibeachfl.gov\/"},{"@type":"ListItem","position":2,"name":"City Hall","item":"https:\/\/www.miamibeachfl.gov\/city-hall\/"},{"@type":"ListItem","position":3,"name":"City Clerk","item":"https:\/\/www.miamibeachfl.gov\/city-hall\/city-clerk\/"},{"@type":"ListItem","position":4,"name":"Election Information","item":"https:\/\/www.miamibeachfl.gov\/city-hall\/city-clerk\/election-information\/"},{"@type":"ListItem","position":5,"name":"SOUTH BEACH BID ELECTION"}]},{"@type":"WebSite","@id":"https:\/\/www.miamibeachfl.gov\/#website","url":"https:\/\/www.miamibeachfl.gov\/","name":"Ciudad de Miami Beach","description":"Sitio web oficial de la Ciudad de Miami Beach. Mant\u00e9ngase informado, encuentre informaci\u00f3n importante sobre servicios municipales, noticias, alertas, eventos, rutas de tranv\u00edas, empleos gubernamentales y m\u00e1s.","publisher":{"@id":"https:\/\/www.miamibeachfl.gov\/#organization"},"potentialAction":[{"@type":"SearchAction","target":{"@type":"EntryPoint","urlTemplate":"https:\/\/www.miamibeachfl.gov\/?s={search_term_string}"},"query-input":{"@type":"PropertyValueSpecification","valueRequired":true,"valueName":"search_term_string"}}],"inLanguage":"es"},{"@type":"Organization","@id":"https:\/\/www.miamibeachfl.gov\/#organization","name":"Ciudad de Miami Beach","url":"https:\/\/www.miamibeachfl.gov\/","logo":{"@type":"ImageObject","inLanguage":"es","@id":"https:\/\/www.miamibeachfl.gov\/#\/schema\/logo\/image\/","url":"https:\/\/www.miamibeachfl.gov\/wp-content\/uploads\/2022\/06\/miamibeach-logoblue.png","contentUrl":"https:\/\/www.miamibeachfl.gov\/wp-content\/uploads\/2022\/06\/miamibeach-logoblue.png","width":1962,"height":381,"caption":"City of Miami Beach"},"image":{"@id":"https:\/\/www.miamibeachfl.gov\/#\/schema\/logo\/image\/"},"sameAs":["https:\/\/www.facebook.com\/cityofmiamibeach","https:\/\/x.com\/Miamibeachnews","https:\/\/www.instagram.com\/miamibeachnews\/"],"description":"Sitio web oficial de la Ciudad de Miami Beach. Mant\u00e9ngase informado, encuentre informaci\u00f3n importante sobre servicios municipales, noticias, alertas, eventos, rutas de tranv\u00edas, empleos gubernamentales y m\u00e1s.","telephone":"305.604.CITY(2489)","legalName":"City of Miami Beach"}]}},"_links":{"self":[{"href":"https:\/\/www.miamibeachfl.gov\/es\/wp-json\/wp\/v2\/pages\/348561","targetHints":{"allow":["GET"]}}],"collection":[{"href":"https:\/\/www.miamibeachfl.gov\/es\/wp-json\/wp\/v2\/pages"}],"about":[{"href":"https:\/\/www.miamibeachfl.gov\/es\/wp-json\/wp\/v2\/types\/page"}],"author":[{"embeddable":true,"href":"https:\/\/www.miamibeachfl.gov\/es\/wp-json\/wp\/v2\/users\/222"}],"replies":[{"embeddable":true,"href":"https:\/\/www.miamibeachfl.gov\/es\/wp-json\/wp\/v2\/comments?post=348561"}],"version-history":[{"count":2,"href":"https:\/\/www.miamibeachfl.gov\/es\/wp-json\/wp\/v2\/pages\/348561\/revisions"}],"predecessor-version":[{"id":386146,"href":"https:\/\/www.miamibeachfl.gov\/es\/wp-json\/wp\/v2\/pages\/348561\/revisions\/386146"}],"up":[{"embeddable":true,"href":"https:\/\/www.miamibeachfl.gov\/es\/wp-json\/wp\/v2\/pages\/28358"}],"wp:attachment":[{"href":"https:\/\/www.miamibeachfl.gov\/es\/wp-json\/wp\/v2\/media?parent=348561"}],"wp:term":[{"taxonomy":"category","embeddable":true,"href":"https:\/\/www.miamibeachfl.gov\/es\/wp-json\/wp\/v2\/categories?post=348561"},{"taxonomy":"post_tag","embeddable":true,"href":"https:\/\/www.miamibeachfl.gov\/es\/wp-json\/wp\/v2\/tags?post=348561"}],"curies":[{"name":"gracias","href":"https:\/\/api.w.org\/{rel}","templated":true}]}}