{"id":349268,"date":"2024-12-02T15:03:25","date_gmt":"2024-12-02T20:03:25","guid":{"rendered":"https:\/\/www.miamibeachfl.gov\/?page_id=349268"},"modified":"2025-05-25T10:51:51","modified_gmt":"2025-05-25T14:51:51","slug":"ricardo-alarcon","status":"publish","type":"page","link":"https:\/\/www.miamibeachfl.gov\/es\/city-hall\/city-attorney\/attorneys\/ricardo-alarcon\/","title":{"rendered":"Ricardo Alarc\u00f3n <br> Fiscal\u00eda Municipal"},"content":{"rendered":"<h1>\n\t\t\tRicardo Alarc\u00f3n\t<\/h1>\n<h1>\n\t\t\tFiscal\u00eda Municipal\t<\/h1>\nFiscal de la ciudad\t\t\t\n\t\t\t\t\t<ul id=\"menu-city-attorney\"><li id=\"menu-item-281297\"><a href=\"\/es\/city-hall\/city-attorney\/\">P\u00e1gina de inicio del Fiscal de la Ciudad<\/a><\/li>\n<li id=\"menu-item-281298\"><a href=\"\/es\/city-hall\/city-attorney\/attorneys\/\">Abogados<\/a><\/li>\n<li id=\"menu-item-281299\"><a href=\"\/es\/city-hall\/city-attorney\/internships\/\">Pasant\u00edas<\/a><\/li>\n<li id=\"menu-item-281302\"><a href=\"\/es\/city-hall\/city-attorney\/history-of-previous-attorneys\/\">Ex abogados de la ciudad<\/a><\/li>\n<\/ul>\t\nProcurador de la ciudad \u00d7\t\t\t\t\t\t<ul id=\"menu-city-attorney-1\"><li id=\"menu-item-281297\"><a href=\"\/es\/city-hall\/city-attorney\/\">P\u00e1gina de inicio del Fiscal de la Ciudad<\/a><\/li>\n<li id=\"menu-item-281298\"><a href=\"\/es\/city-hall\/city-attorney\/attorneys\/\">Abogados<\/a><\/li>\n<li id=\"menu-item-281299\"><a href=\"\/es\/city-hall\/city-attorney\/internships\/\">Pasant\u00edas<\/a><\/li>\n<li id=\"menu-item-281302\"><a href=\"\/es\/city-hall\/city-attorney\/history-of-previous-attorneys\/\">Ex abogados de la ciudad<\/a><\/li>\n<\/ul>\t\t\t\t\n\t\t\t\t<img decoding=\"async\" src=\"https:\/\/www.miamibeachfl.gov\/wp-content\/uploads\/bb-plugin\/cache\/Ricardo-Alarcon-CAO-circle.png\" alt=\"Ricardo Alarcon\" title=\"Ricardo Alarc\u00f3n CAO\" itemprop=\"image\"\/>\n\t\t<h2>\n\t\t\tNuevos uniformes\t<\/h2>\n\t<p><strong>Educaci\u00f3n<\/strong>Universidad Nova Southeastern \u2013 Facultad de Derecho Shepard Broad (Doctorado en Derecho, 2023)<\/p>\n<p><strong>Miembro<\/strong>Colegio de Abogados de Florida<\/p>\n<p>Ricardo Alarc\u00f3n es un profesional legal dedicado que actualmente se desempe\u00f1a como Fiscal Municipal. En este cargo, es responsable del procesamiento de infracciones penales del c\u00f3digo de ordenanzas municipales ante el Tribunal del Condado de Miami-Dade, Florida. Anteriormente, como Fiscal Estatal Adjunto del Estado de Florida en el Condado de Miami-Dade, el Sr. Alarc\u00f3n proces\u00f3 casos de delitos menores, DUI y de tr\u00e1fico.<\/p>\n<p>Mientras trabajaba a tiempo completo durante el d\u00eda y estudiaba derecho por las noches, el Sr. Alarc\u00f3n obtuvo su t\u00edtulo en Derecho en la Universidad Nova Southeastern (JD 2023, Cum Laude). Tambi\u00e9n posee una Licenciatura en Ciencias Aplicadas en Gesti\u00f3n de Seguridad P\u00fablica del Miami Dade College (BAS 2015). Ha obtenido m\u00faltiples certificaciones en cumplimiento de c\u00f3digos, supervisi\u00f3n gubernamental y prevenci\u00f3n del lavado de dinero.<\/p>\nAntes de su carrera en derecho, el Sr. Alarc\u00f3n desarroll\u00f3 una distinguida trayectoria en el cumplimiento normativo de la Ciudad de Doral, Florida, ascendiendo de Oficial de Cumplimiento a Supervisor (2013-2023). En este puesto, supervis\u00f3 un equipo de cumplimiento normativo, desarroll\u00f3 programas de extensi\u00f3n comunitaria y desempe\u00f1\u00f3 un papel fundamental en el desarrollo de pol\u00edticas. Exsargento de la Reserva del Ej\u00e9rcito de los Estados Unidos, el Sr. Alarc\u00f3n recibi\u00f3 numerosas condecoraciones militares por su liderazgo y servicio (2010-2014).<br \/>\nRicardo Alarc\u00f3n aporta una gama diversa de habilidades y experiencias al campo legal, combinando la experiencia pr\u00e1ctica con un compromiso con el servicio p\u00fablico.","protected":false},"excerpt":{"rendered":"<p>Ricardo Alarc\u00f3n Fiscal Municipal Procurador de la Ciudad Procurador de la Ciudad Inicio Abogados Pasant\u00edas Abogados de la Ciudad Pasantes Procurador de la Ciudad \u00d7 Procurador de la Ciudad Inicio [\u2026]<\/p>","protected":false},"author":222,"featured_media":359463,"parent":281293,"menu_order":21,"comment_status":"closed","ping_status":"closed","template":"","meta":{"_searchwp_excluded":"","site-sidebar-layout":"default","site-content-layout":"","ast-site-content-layout":"default","site-content-style":"default","site-sidebar-style":"default","ast-global-header-display":"","ast-banner-title-visibility":"","ast-main-header-display":"","ast-hfb-above-header-display":"","ast-hfb-below-header-display":"","ast-hfb-mobile-header-display":"","site-post-title":"","ast-breadcrumbs-content":"","ast-featured-img":"","footer-sml-layout":"","theme-transparent-header-meta":"","adv-header-id-meta":"","stick-header-meta":"","header-above-stick-meta":"","header-main-stick-meta":"","header-below-stick-meta":"","astra-migrate-meta-layouts":"default","ast-page-background-enabled":"default","ast-page-background-meta":{"desktop":{"background-color":"var(--ast-global-color-5)","background-image":"","background-repeat":"repeat","background-position":"center center","background-size":"auto","background-attachment":"scroll","background-type":"","background-media":"","overlay-type":"","overlay-color":"","overlay-opacity":"","overlay-gradient":""},"tablet":{"background-color":"","background-image":"","background-repeat":"repeat","background-position":"center center","background-size":"auto","background-attachment":"scroll","background-type":"","background-media":"","overlay-type":"","overlay-color":"","overlay-opacity":"","overlay-gradient":""},"mobile":{"background-color":"","background-image":"","background-repeat":"repeat","background-position":"center center","background-size":"auto","background-attachment":"scroll","background-type":"","background-media":"","overlay-type":"","overlay-color":"","overlay-opacity":"","overlay-gradient":""}},"ast-content-background-meta":{"desktop":{"background-color":"var(--ast-global-color-4)","background-image":"","background-repeat":"repeat","background-position":"center center","background-size":"auto","background-attachment":"scroll","background-type":"","background-media":"","overlay-type":"","overlay-color":"","overlay-opacity":"","overlay-gradient":""},"tablet":{"background-color":"var(--ast-global-color-4)","background-image":"","background-repeat":"repeat","background-position":"center center","background-size":"auto","background-attachment":"scroll","background-type":"","background-media":"","overlay-type":"","overlay-color":"","overlay-opacity":"","overlay-gradient":""},"mobile":{"background-color":"var(--ast-global-color-4)","background-image":"","background-repeat":"repeat","background-position":"center center","background-size":"auto","background-attachment":"scroll","background-type":"","background-media":"","overlay-type":"","overlay-color":"","overlay-opacity":"","overlay-gradient":""}},"footnotes":""},"categories":[],"tags":[1132,1563],"class_list":["post-349268","page","type-page","status-publish","has-post-thumbnail","hentry","tag-city-attorneys","tag-ricardo-alarcon"],"yoast_head":"<!-- This site is optimized with the Yoast SEO Premium plugin v26.6 (Yoast SEO v26.6) - https:\/\/yoast.com\/wordpress\/plugins\/seo\/ -->\n<title>Ricardo Alarcon  Municipal Prosecutor - City of Miami Beach<\/title>\n<meta name=\"description\" content=\"Ricardo Alarcon is a dedicated legal professional currently serving as a Municipal Prosecutor. In this role, he is responsible for the prosecution of criminal violations of the City&#039;s code of ordinances before the County Court in and for Miami-Dade County, Florida. Formerly an Assistant State Attorney for the State of Florida in Miami-Dade County, Mr. Alarcon prosecuted misdemeanor, DUI, and traffic cases.\" \/>\n<meta name=\"robots\" content=\"index, follow, max-snippet:-1, max-image-preview:large, max-video-preview:-1\" \/>\n<link rel=\"canonical\" href=\"https:\/\/www.miamibeachfl.gov\/es\/city-hall\/city-attorney\/attorneys\/ricardo-alarcon\/\" \/>\n<meta property=\"og:locale\" content=\"es_ES\" \/>\n<meta property=\"og:type\" content=\"article\" \/>\n<meta property=\"og:title\" content=\"Ricardo Alarcon  Municipal Prosecutor\" \/>\n<meta property=\"og:description\" content=\"Ricardo Alarcon is a dedicated legal professional currently serving as a Municipal Prosecutor. In this role, he is responsible for the prosecution of criminal violations of the City&#039;s code of ordinances before the County Court in and for Miami-Dade County, Florida. Formerly an Assistant State Attorney for the State of Florida in Miami-Dade County, Mr. Alarcon prosecuted misdemeanor, DUI, and traffic cases.\" \/>\n<meta property=\"og:url\" content=\"https:\/\/www.miamibeachfl.gov\/es\/city-hall\/city-attorney\/attorneys\/ricardo-alarcon\/\" \/>\n<meta property=\"og:site_name\" content=\"City of Miami Beach\" \/>\n<meta property=\"article:publisher\" content=\"https:\/\/www.facebook.com\/cityofmiamibeach\" \/>\n<meta property=\"article:modified_time\" content=\"2025-05-25T14:51:51+00:00\" \/>\n<meta property=\"og:image\" content=\"https:\/\/www.miamibeachfl.gov\/wp-content\/uploads\/2025\/01\/Ricardo-Alarcon-CAO.png\" \/>\n\t<meta property=\"og:image:width\" content=\"249\" \/>\n\t<meta property=\"og:image:height\" content=\"250\" \/>\n\t<meta property=\"og:image:type\" content=\"image\/png\" \/>\n<meta name=\"twitter:card\" content=\"summary_large_image\" \/>\n<meta name=\"twitter:site\" content=\"@Miamibeachnews\" \/>\n<script type=\"application\/ld+json\" class=\"yoast-schema-graph\">{\"@context\":\"https:\/\/schema.org\",\"@graph\":[{\"@type\":\"WebPage\",\"@id\":\"https:\/\/www.miamibeachfl.gov\/city-hall\/city-attorney\/attorneys\/ricardo-alarcon\/\",\"url\":\"https:\/\/www.miamibeachfl.gov\/city-hall\/city-attorney\/attorneys\/ricardo-alarcon\/\",\"name\":\"Ricardo Alarcon Municipal Prosecutor - City of Miami Beach\",\"isPartOf\":{\"@id\":\"https:\/\/www.miamibeachfl.gov\/#website\"},\"primaryImageOfPage\":{\"@id\":\"https:\/\/www.miamibeachfl.gov\/city-hall\/city-attorney\/attorneys\/ricardo-alarcon\/#primaryimage\"},\"image\":{\"@id\":\"https:\/\/www.miamibeachfl.gov\/city-hall\/city-attorney\/attorneys\/ricardo-alarcon\/#primaryimage\"},\"thumbnailUrl\":\"https:\/\/www.miamibeachfl.gov\/wp-content\/uploads\/2025\/01\/Ricardo-Alarcon-CAO.png\",\"datePublished\":\"2024-12-02T20:03:25+00:00\",\"dateModified\":\"2025-05-25T14:51:51+00:00\",\"description\":\"Ricardo Alarcon is a dedicated legal professional currently serving as a Municipal Prosecutor. In this role, he is responsible for the prosecution of criminal violations of the City's code of ordinances before the County Court in and for Miami-Dade County, Florida. Formerly an Assistant State Attorney for the State of Florida in Miami-Dade County, Mr. Alarcon prosecuted misdemeanor, DUI, and traffic cases.\",\"breadcrumb\":{\"@id\":\"https:\/\/www.miamibeachfl.gov\/city-hall\/city-attorney\/attorneys\/ricardo-alarcon\/#breadcrumb\"},\"inLanguage\":\"es\",\"potentialAction\":[{\"@type\":\"ReadAction\",\"target\":[\"https:\/\/www.miamibeachfl.gov\/city-hall\/city-attorney\/attorneys\/ricardo-alarcon\/\"]}]},{\"@type\":\"ImageObject\",\"inLanguage\":\"es\",\"@id\":\"https:\/\/www.miamibeachfl.gov\/city-hall\/city-attorney\/attorneys\/ricardo-alarcon\/#primaryimage\",\"url\":\"https:\/\/www.miamibeachfl.gov\/wp-content\/uploads\/2025\/01\/Ricardo-Alarcon-CAO.png\",\"contentUrl\":\"https:\/\/www.miamibeachfl.gov\/wp-content\/uploads\/2025\/01\/Ricardo-Alarcon-CAO.png\",\"width\":249,\"height\":250,\"caption\":\"Ricardo Alarcon\"},{\"@type\":\"BreadcrumbList\",\"@id\":\"https:\/\/www.miamibeachfl.gov\/city-hall\/city-attorney\/attorneys\/ricardo-alarcon\/#breadcrumb\",\"itemListElement\":[{\"@type\":\"ListItem\",\"position\":1,\"name\":\"Home\",\"item\":\"https:\/\/www.miamibeachfl.gov\/\"},{\"@type\":\"ListItem\",\"position\":2,\"name\":\"City Hall\",\"item\":\"https:\/\/www.miamibeachfl.gov\/city-hall\/\"},{\"@type\":\"ListItem\",\"position\":3,\"name\":\"City Attorney\",\"item\":\"https:\/\/www.miamibeachfl.gov\/city-hall\/city-attorney\/\"},{\"@type\":\"ListItem\",\"position\":4,\"name\":\"City of Miami Beach Attorneys\",\"item\":\"https:\/\/www.miamibeachfl.gov\/city-hall\/city-attorney\/attorneys\/\"},{\"@type\":\"ListItem\",\"position\":5,\"name\":\"Ricardo Alarcon Municipal Prosecutor\"}]},{\"@type\":\"WebSite\",\"@id\":\"https:\/\/www.miamibeachfl.gov\/#website\",\"url\":\"https:\/\/www.miamibeachfl.gov\/\",\"name\":\"City of Miami Beach\",\"description\":\"The official website of the City of Miami Beach. Stay informed, find important information on city services, news, alerts, events, trolley routes, government employment and more.\",\"publisher\":{\"@id\":\"https:\/\/www.miamibeachfl.gov\/#organization\"},\"potentialAction\":[{\"@type\":\"SearchAction\",\"target\":{\"@type\":\"EntryPoint\",\"urlTemplate\":\"https:\/\/www.miamibeachfl.gov\/?s={search_term_string}\"},\"query-input\":{\"@type\":\"PropertyValueSpecification\",\"valueRequired\":true,\"valueName\":\"search_term_string\"}}],\"inLanguage\":\"es\"},{\"@type\":\"Organization\",\"@id\":\"https:\/\/www.miamibeachfl.gov\/#organization\",\"name\":\"City of Miami Beach\",\"url\":\"https:\/\/www.miamibeachfl.gov\/\",\"logo\":{\"@type\":\"ImageObject\",\"inLanguage\":\"es\",\"@id\":\"https:\/\/www.miamibeachfl.gov\/#\/schema\/logo\/image\/\",\"url\":\"https:\/\/www.miamibeachfl.gov\/wp-content\/uploads\/2022\/06\/miamibeach-logoblue.png\",\"contentUrl\":\"https:\/\/www.miamibeachfl.gov\/wp-content\/uploads\/2022\/06\/miamibeach-logoblue.png\",\"width\":1962,\"height\":381,\"caption\":\"City of Miami Beach\"},\"image\":{\"@id\":\"https:\/\/www.miamibeachfl.gov\/#\/schema\/logo\/image\/\"},\"sameAs\":[\"https:\/\/www.facebook.com\/cityofmiamibeach\",\"https:\/\/x.com\/Miamibeachnews\",\"https:\/\/www.instagram.com\/miamibeachnews\/\"],\"description\":\"The official website of the City of Miami Beach. Stay informed, find important information on city services, news, alerts, events, trolley routes, government employment and more.\",\"telephone\":\"305.604.CITY(2489)\",\"legalName\":\"City of Miami Beach\"}]}<\/script>\n<!-- \/ Yoast SEO Premium plugin. -->","yoast_head_json":{"title":"Ricardo Alarcon  Municipal Prosecutor - City of Miami Beach","description":"Ricardo Alarc\u00f3n es un profesional legal dedicado que actualmente se desempe\u00f1a como Fiscal Municipal. En este cargo, es responsable del procesamiento de infracciones penales del c\u00f3digo de ordenanzas municipales ante el Tribunal del Condado de Miami-Dade, Florida. Anteriormente, como Fiscal Estatal Adjunto del Estado de Florida en el Condado de Miami-Dade, el Sr. Alarc\u00f3n proces\u00f3 casos de delitos menores, DUI y de tr\u00e1fico.","robots":{"index":"index","follow":"follow","max-snippet":"max-snippet:-1","max-image-preview":"max-image-preview:large","max-video-preview":"max-video-preview:-1"},"canonical":"https:\/\/www.miamibeachfl.gov\/es\/city-hall\/city-attorney\/attorneys\/ricardo-alarcon\/","og_locale":"es_ES","og_type":"article","og_title":"Ricardo Alarcon  Municipal Prosecutor","og_description":"Ricardo Alarcon is a dedicated legal professional currently serving as a Municipal Prosecutor. In this role, he is responsible for the prosecution of criminal violations of the City's code of ordinances before the County Court in and for Miami-Dade County, Florida. Formerly an Assistant State Attorney for the State of Florida in Miami-Dade County, Mr. Alarcon prosecuted misdemeanor, DUI, and traffic cases.","og_url":"https:\/\/www.miamibeachfl.gov\/es\/city-hall\/city-attorney\/attorneys\/ricardo-alarcon\/","og_site_name":"City of Miami Beach","article_publisher":"https:\/\/www.facebook.com\/cityofmiamibeach","article_modified_time":"2025-05-25T14:51:51+00:00","og_image":[{"width":249,"height":250,"url":"https:\/\/www.miamibeachfl.gov\/wp-content\/uploads\/2025\/01\/Ricardo-Alarcon-CAO.png","type":"image\/png"}],"twitter_card":"summary_large_image","twitter_site":"@Miamibeachnews","schema":{"@context":"https:\/\/schema.org","@graph":[{"@type":"WebPage","@id":"https:\/\/www.miamibeachfl.gov\/city-hall\/city-attorney\/attorneys\/ricardo-alarcon\/","url":"https:\/\/www.miamibeachfl.gov\/city-hall\/city-attorney\/attorneys\/ricardo-alarcon\/","name":"Ricardo Alarcon Municipal Prosecutor - City of Miami Beach","isPartOf":{"@id":"https:\/\/www.miamibeachfl.gov\/#website"},"primaryImageOfPage":{"@id":"https:\/\/www.miamibeachfl.gov\/city-hall\/city-attorney\/attorneys\/ricardo-alarcon\/#primaryimage"},"image":{"@id":"https:\/\/www.miamibeachfl.gov\/city-hall\/city-attorney\/attorneys\/ricardo-alarcon\/#primaryimage"},"thumbnailUrl":"https:\/\/www.miamibeachfl.gov\/wp-content\/uploads\/2025\/01\/Ricardo-Alarcon-CAO.png","datePublished":"2024-12-02T20:03:25+00:00","dateModified":"2025-05-25T14:51:51+00:00","description":"Ricardo Alarc\u00f3n es un profesional legal dedicado que actualmente se desempe\u00f1a como Fiscal Municipal. En este cargo, es responsable del procesamiento de infracciones penales del c\u00f3digo de ordenanzas municipales ante el Tribunal del Condado de Miami-Dade, Florida. Anteriormente, como Fiscal Estatal Adjunto del Estado de Florida en el Condado de Miami-Dade, el Sr. Alarc\u00f3n proces\u00f3 casos de delitos menores, DUI y de tr\u00e1fico.","breadcrumb":{"@id":"https:\/\/www.miamibeachfl.gov\/city-hall\/city-attorney\/attorneys\/ricardo-alarcon\/#breadcrumb"},"inLanguage":"es","potentialAction":[{"@type":"ReadAction","target":["https:\/\/www.miamibeachfl.gov\/city-hall\/city-attorney\/attorneys\/ricardo-alarcon\/"]}]},{"@type":"ImageObject","inLanguage":"es","@id":"https:\/\/www.miamibeachfl.gov\/city-hall\/city-attorney\/attorneys\/ricardo-alarcon\/#primaryimage","url":"https:\/\/www.miamibeachfl.gov\/wp-content\/uploads\/2025\/01\/Ricardo-Alarcon-CAO.png","contentUrl":"https:\/\/www.miamibeachfl.gov\/wp-content\/uploads\/2025\/01\/Ricardo-Alarcon-CAO.png","width":249,"height":250,"caption":"Ricardo Alarcon"},{"@type":"BreadcrumbList","@id":"https:\/\/www.miamibeachfl.gov\/city-hall\/city-attorney\/attorneys\/ricardo-alarcon\/#breadcrumb","itemListElement":[{"@type":"ListItem","position":1,"name":"Home","item":"https:\/\/www.miamibeachfl.gov\/"},{"@type":"ListItem","position":2,"name":"City Hall","item":"https:\/\/www.miamibeachfl.gov\/city-hall\/"},{"@type":"ListItem","position":3,"name":"City Attorney","item":"https:\/\/www.miamibeachfl.gov\/city-hall\/city-attorney\/"},{"@type":"ListItem","position":4,"name":"City of Miami Beach Attorneys","item":"https:\/\/www.miamibeachfl.gov\/city-hall\/city-attorney\/attorneys\/"},{"@type":"ListItem","position":5,"name":"Ricardo Alarcon Municipal Prosecutor"}]},{"@type":"WebSite","@id":"https:\/\/www.miamibeachfl.gov\/#website","url":"https:\/\/www.miamibeachfl.gov\/","name":"Ciudad de Miami Beach","description":"Sitio web oficial de la Ciudad de Miami Beach. Mant\u00e9ngase informado, encuentre informaci\u00f3n importante sobre servicios municipales, noticias, alertas, eventos, rutas de tranv\u00edas, empleos gubernamentales y m\u00e1s.","publisher":{"@id":"https:\/\/www.miamibeachfl.gov\/#organization"},"potentialAction":[{"@type":"SearchAction","target":{"@type":"EntryPoint","urlTemplate":"https:\/\/www.miamibeachfl.gov\/?s={search_term_string}"},"query-input":{"@type":"PropertyValueSpecification","valueRequired":true,"valueName":"search_term_string"}}],"inLanguage":"es"},{"@type":"Organization","@id":"https:\/\/www.miamibeachfl.gov\/#organization","name":"Ciudad de Miami Beach","url":"https:\/\/www.miamibeachfl.gov\/","logo":{"@type":"ImageObject","inLanguage":"es","@id":"https:\/\/www.miamibeachfl.gov\/#\/schema\/logo\/image\/","url":"https:\/\/www.miamibeachfl.gov\/wp-content\/uploads\/2022\/06\/miamibeach-logoblue.png","contentUrl":"https:\/\/www.miamibeachfl.gov\/wp-content\/uploads\/2022\/06\/miamibeach-logoblue.png","width":1962,"height":381,"caption":"City of Miami Beach"},"image":{"@id":"https:\/\/www.miamibeachfl.gov\/#\/schema\/logo\/image\/"},"sameAs":["https:\/\/www.facebook.com\/cityofmiamibeach","https:\/\/x.com\/Miamibeachnews","https:\/\/www.instagram.com\/miamibeachnews\/"],"description":"Sitio web oficial de la Ciudad de Miami Beach. Mant\u00e9ngase informado, encuentre informaci\u00f3n importante sobre servicios municipales, noticias, alertas, eventos, rutas de tranv\u00edas, empleos gubernamentales y m\u00e1s.","telephone":"305.604.CITY(2489)","legalName":"City of Miami Beach"}]}},"_links":{"self":[{"href":"https:\/\/www.miamibeachfl.gov\/es\/wp-json\/wp\/v2\/pages\/349268","targetHints":{"allow":["GET"]}}],"collection":[{"href":"https:\/\/www.miamibeachfl.gov\/es\/wp-json\/wp\/v2\/pages"}],"about":[{"href":"https:\/\/www.miamibeachfl.gov\/es\/wp-json\/wp\/v2\/types\/page"}],"author":[{"embeddable":true,"href":"https:\/\/www.miamibeachfl.gov\/es\/wp-json\/wp\/v2\/users\/222"}],"replies":[{"embeddable":true,"href":"https:\/\/www.miamibeachfl.gov\/es\/wp-json\/wp\/v2\/comments?post=349268"}],"version-history":[{"count":0,"href":"https:\/\/www.miamibeachfl.gov\/es\/wp-json\/wp\/v2\/pages\/349268\/revisions"}],"up":[{"embeddable":true,"href":"https:\/\/www.miamibeachfl.gov\/es\/wp-json\/wp\/v2\/pages\/281293"}],"wp:featuredmedia":[{"embeddable":true,"href":"https:\/\/www.miamibeachfl.gov\/es\/wp-json\/wp\/v2\/media\/359463"}],"wp:attachment":[{"href":"https:\/\/www.miamibeachfl.gov\/es\/wp-json\/wp\/v2\/media?parent=349268"}],"wp:term":[{"taxonomy":"category","embeddable":true,"href":"https:\/\/www.miamibeachfl.gov\/es\/wp-json\/wp\/v2\/categories?post=349268"},{"taxonomy":"post_tag","embeddable":true,"href":"https:\/\/www.miamibeachfl.gov\/es\/wp-json\/wp\/v2\/tags?post=349268"}],"curies":[{"name":"gracias","href":"https:\/\/api.w.org\/{rel}","templated":true}]}}