{"id":360090,"date":"2025-01-21T16:23:23","date_gmt":"2025-01-21T21:23:23","guid":{"rendered":"https:\/\/www.miamibeachfl.gov\/?page_id=360090"},"modified":"2026-02-26T13:38:10","modified_gmt":"2026-02-26T18:38:10","slug":"policeenforcement","status":"publish","type":"page","link":"https:\/\/www.miamibeachfl.gov\/es\/breakasweat\/policeenforcement\/","title":{"rendered":"Polic\u00eda de Miami Beach"},"content":{"rendered":"<img decoding=\"async\" src=\"https:\/\/www.miamibeachfl.gov\/wp-content\/uploads\/2026\/01\/breakimtoasweat.png\" alt=\"this spring break into a sweat\" itemprop=\"image\" height=\"191\" width=\"571\" title=\"romperme el sudor\" onerror=\"this.style.display='none'\" loading=\"lazy\" \/>\n<h1>\n\t\t\tBienvenido a la Capital de la Salud y el Bienestar\t<\/h1>\n<h2>\n\t\t\tAplicaci\u00f3n de la ley policial\t<\/h2>\n\t\t\t<button tabindex=\"0\" aria-label=\"Men\u00fa de reglas y regulaciones\" aria-expanded=\"false\">\n\t\t\t\tMen\u00fa de reglas y regulaciones\t\t\t<\/button>\n\t<nav aria-label=\"Men\u00fa de reglas y regulaciones\" itemscope=\"itemscope\" itemtype=\"https:\/\/schema.org\/SiteNavigationElement\">\n\t\t<ul id=\"menu-spring-break-menu\"><li id=\"menu-item-359613\"><a href=\"\/es\/breakasweat\/policeenforcement\/\">Aplicaci\u00f3n de la ley policial<\/a><\/li><li id=\"menu-item-359614\"><a href=\"\/es\/breakasweat\/parking-restrictions-and-towing\/\">Estacionamiento, transporte y remolque<\/a><\/li><li id=\"menu-item-359615\"><a href=\"\/es\/breakasweat\/road-closures\/\">Cierres de carreteras<\/a><\/li><li id=\"menu-item-359616\"><a href=\"\/es\/breakasweat\/beach-rules\/\">Reglas de la playa<\/a><\/li><li id=\"menu-item-359617\"><a href=\"\/es\/breakasweat\/beverage-restrictions\/\">Restricciones de bebidas<\/a><\/li><\/ul>\t<\/nav>\n\t<nav id=\"breadcrumbs\" aria-label=\"Pan rallado\"><a href=\"https:\/\/www.miamibeachfl.gov\/es\/\">Hogar<\/a> &gt; <a href=\"https:\/\/www.miamibeachfl.gov\/es\/breakasweat\/\">Suda un poco \u2013 Spring Fitness<\/a> &gt; <strong>Polic\u00eda de Miami Beach<\/strong><\/nav>\n\t\t\t\t<a href=\"https:\/\/www.miamibeachfl.gov\/wp-content\/uploads\/2025\/01\/SpringBreak_160324_DC2_1143-policeroad.jpg\"  target=\"_self\" itemprop=\"url\">\n\t\t\t\t<img decoding=\"async\" src=\"https:\/\/www.miamibeachfl.gov\/wp-content\/uploads\/2025\/01\/SpringBreak_160324_DC2_1143-policeroad.jpg\" alt=\"Police road closure\" itemprop=\"image\" height=\"500\" width=\"500\" title=\"SpringBreak_160324_DC2_1143-polic\u00edacarretera\" onerror=\"this.style.display='none'\" loading=\"lazy\" \/>\n\t\t\t\t<\/a>\n\t<h3><strong>Puntos de control de seguridad<\/strong><\/h3>\n<p>Las entradas a la playa en Ocean Drive estar\u00e1n limitadas a las calles 5, 7, 8, 10, 12 y 14 y tendr\u00e1n <strong>puestos de control de seguridad <\/strong>Para garantizar que no se lleven art\u00edculos prohibidos a la playa, como neveras port\u00e1tiles, recipientes de vidrio, inflables, carpas, mesas y objetos similares. Se restringir\u00e1 la m\u00fasica amplificada sin un permiso municipal. Cabe recordar que el alcohol y el tabaco est\u00e1n siempre prohibidos en las playas de la ciudad.<\/p>\n<hr \/>\n<h3><strong>Lector de matr\u00edculas (LPR)<\/strong><\/h3>\n<p>El Departamento de Polic\u00eda de Miami Beach implementar\u00e1 una <strong>Detalle del lector de matr\u00edculas (LPR)<\/strong> <strong>en el<\/strong> <strong>carriles en direcci\u00f3n este de las calzadas MacArthur y Julia Tuttle<\/strong> <strong>del 13 al 15 de marzo y del 20 al 22 de marzo a partir de las 22 h (inicio del montaje a las 21 h). <\/strong>Los conductores deben esperar importantes impactos en el tr\u00e1fico y retrasos debido a la reducci\u00f3n de los carriles en direcci\u00f3n este en las calzadas MacArthur y Julia Tuttle. El Departamento de Polic\u00eda de MBPD tambi\u00e9n contar\u00e1 con un equipo de lectura de matr\u00edculas a lo largo del corredor de la Calle 5 del 6 al 8 de marzo a partir de las 22:00 h (la instalaci\u00f3n comenzar\u00e1 a las 21:00 h).<\/p>\n<p>Los lectores de matr\u00edculas hist\u00f3ricamente han sido fundamentales en la identificaci\u00f3n de delincuentes graves y violentos, as\u00ed como en la recuperaci\u00f3n de veh\u00edculos robados.<\/p>\n<hr \/>\n<h3><strong>Plan de Tr\u00e1fico<\/strong><\/h3>\n<p>El Departamento de Polic\u00eda de Miami Beach (MBPD) implementar\u00e1 un<strong> plan de tr\u00e1fico <\/strong>A partir de las 6 p. m. de jueves a domingo para reducir el impacto en el tr\u00e1fico en los barrios South of Fifth (SoFi) y Flamingo Park. Los conductores pueden acceder al barrio SoFi por Alton Road, Washington Avenue y Collins Avenue. Al barrio Flamingo Park se puede acceder por Alton Road o desde su lado norte. Se aplicar\u00e1n restricciones de acceso local en algunas calles de la ciudad para limitar el tr\u00e1fico y mejorar la movilidad de residentes y comercios.<\/p>\n<hr \/>\n<h3><strong>Otras medidas<\/strong><\/h3>\n<p><strong>Aplicaci\u00f3n de la ley por conducir bajo los efectos del alcohol <\/strong>Se llevar\u00e1 a cabo los d\u00edas 13 y 14 de marzo y 20 y 21 de marzo.<\/p>\n<p><strong>Empresas que alquilan o arrendan<\/strong> <strong>carros de golf, veh\u00edculos de baja velocidad, autociclos (es decir, hondas), scooters motorizados, ciclomotores,<\/strong> motocicletas impulsadas por motores de 50 cent\u00edmetros c\u00fabicos o menos y bicicletas motorizadas <strong>Se suspender\u00e1 su funcionamiento<\/strong>.<\/p>\n<p>El MBPD ser\u00e1 complementado por el Departamento de Cumplimiento de la Ley de Florida, la Patrulla de Carreteras de Florida, la Oficina del Sheriff de Miami-Dade y otras agencias municipales de cumplimiento de la ley.\u00a0<\/p>\n<p><strong>El MBPD tambi\u00e9n est\u00e1 preparado para implementar zonas de eventos especiales,<\/strong> as outlined in section 316.1891 of Florida&#8217;s Statutes, provided certain criteria are met. These designated zones target unpermitted temporary activities or events drawing 50 or more attendees, which pose disruptions to normal traffic flow. Within these zones, the city holds the authority to impose doubled fines for traffic infractions and has the option to impound vehicles for violations. Furthermore, law enforcement retains the ability to temporarily enforce occupancy limits within special event zones, with associated costs potentially recoverable from event promoters or organizers.<\/p>","protected":false},"excerpt":{"rendered":"<p>Welcome to the Health &#038; Wellness Capital Police Enforcement Rules and Regulations Menu Police Enforcement Parking, Shuttles &#038; Towing Road [&hellip;]<\/p>\n","protected":false},"author":222,"featured_media":0,"parent":395613,"menu_order":0,"comment_status":"closed","ping_status":"closed","template":"","meta":{"_searchwp_excluded":"","site-sidebar-layout":"default","site-content-layout":"","ast-site-content-layout":"default","site-content-style":"default","site-sidebar-style":"default","ast-global-header-display":"","ast-banner-title-visibility":"","ast-main-header-display":"","ast-hfb-above-header-display":"","ast-hfb-below-header-display":"","ast-hfb-mobile-header-display":"","site-post-title":"","ast-breadcrumbs-content":"","ast-featured-img":"","footer-sml-layout":"","theme-transparent-header-meta":"","adv-header-id-meta":"","stick-header-meta":"","header-above-stick-meta":"","header-main-stick-meta":"","header-below-stick-meta":"","astra-migrate-meta-layouts":"default","ast-page-background-enabled":"default","ast-page-background-meta":{"desktop":{"background-color":"var(--ast-global-color-5)","background-image":"","background-repeat":"repeat","background-position":"center center","background-size":"auto","background-attachment":"scroll","background-type":"","background-media":"","overlay-type":"","overlay-color":"","overlay-opacity":"","overlay-gradient":""},"tablet":{"background-color":"","background-image":"","background-repeat":"repeat","background-position":"center center","background-size":"auto","background-attachment":"scroll","background-type":"","background-media":"","overlay-type":"","overlay-color":"","overlay-opacity":"","overlay-gradient":""},"mobile":{"background-color":"","background-image":"","background-repeat":"repeat","background-position":"center center","background-size":"auto","background-attachment":"scroll","background-type":"","background-media":"","overlay-type":"","overlay-color":"","overlay-opacity":"","overlay-gradient":""}},"ast-content-background-meta":{"desktop":{"background-color":"var(--ast-global-color-4)","background-image":"","background-repeat":"repeat","background-position":"center center","background-size":"auto","background-attachment":"scroll","background-type":"","background-media":"","overlay-type":"","overlay-color":"","overlay-opacity":"","overlay-gradient":""},"tablet":{"background-color":"var(--ast-global-color-4)","background-image":"","background-repeat":"repeat","background-position":"center center","background-size":"auto","background-attachment":"scroll","background-type":"","background-media":"","overlay-type":"","overlay-color":"","overlay-opacity":"","overlay-gradient":""},"mobile":{"background-color":"var(--ast-global-color-4)","background-image":"","background-repeat":"repeat","background-position":"center center","background-size":"auto","background-attachment":"scroll","background-type":"","background-media":"","overlay-type":"","overlay-color":"","overlay-opacity":"","overlay-gradient":""}},"footnotes":""},"categories":[],"tags":[],"class_list":["post-360090","page","type-page","status-publish","hentry"],"yoast_head":"<!-- This site is optimized with the Yoast SEO Premium plugin v27.4 (Yoast SEO v27.4) - https:\/\/yoast.com\/product\/yoast-seo-premium-wordpress\/ -->\n<title>Miami Beach Police Enforcement - City of Miami Beach<\/title>\n<meta name=\"description\" content=\"This March, Miami Beach will be heavily enforcing additional rules and restrictions to keep both residents and visitors safe.\" \/>\n<meta name=\"robots\" content=\"index, follow, max-snippet:-1, max-image-preview:large, max-video-preview:-1\" \/>\n<link rel=\"canonical\" href=\"https:\/\/www.miamibeachfl.gov\/es\/breakasweat\/policeenforcement\/\" \/>\n<meta property=\"og:locale\" content=\"es_ES\" \/>\n<meta property=\"og:type\" content=\"article\" \/>\n<meta property=\"og:title\" content=\"Miami Beach Police Enforcement\" \/>\n<meta property=\"og:description\" content=\"This March, Miami Beach will be heavily enforcing additional rules and restrictions to keep both residents and visitors safe.\" \/>\n<meta property=\"og:url\" content=\"https:\/\/www.miamibeachfl.gov\/es\/breakasweat\/policeenforcement\/\" \/>\n<meta property=\"og:site_name\" content=\"City of Miami Beach\" \/>\n<meta property=\"article:publisher\" content=\"https:\/\/www.facebook.com\/cityofmiamibeach\" \/>\n<meta property=\"article:modified_time\" content=\"2026-02-26T18:38:10+00:00\" \/>\n<meta property=\"og:image\" content=\"https:\/\/www.miamibeachfl.gov\/wp-content\/uploads\/2026\/01\/breakimtoasweat.png\" \/>\n<meta name=\"twitter:card\" content=\"summary_large_image\" \/>\n<meta name=\"twitter:site\" content=\"@Miamibeachnews\" \/>\n<script type=\"application\/ld+json\" class=\"yoast-schema-graph\">{\"@context\":\"https:\\\/\\\/schema.org\",\"@graph\":[{\"@type\":\"WebPage\",\"@id\":\"https:\\\/\\\/www.miamibeachfl.gov\\\/breakasweat\\\/policeenforcement\\\/\",\"url\":\"https:\\\/\\\/www.miamibeachfl.gov\\\/breakasweat\\\/policeenforcement\\\/\",\"name\":\"Miami Beach Police Enforcement - City of Miami Beach\",\"isPartOf\":{\"@id\":\"https:\\\/\\\/www.miamibeachfl.gov\\\/#website\"},\"primaryImageOfPage\":{\"@id\":\"https:\\\/\\\/www.miamibeachfl.gov\\\/breakasweat\\\/policeenforcement\\\/#primaryimage\"},\"image\":{\"@id\":\"https:\\\/\\\/www.miamibeachfl.gov\\\/breakasweat\\\/policeenforcement\\\/#primaryimage\"},\"thumbnailUrl\":\"https:\\\/\\\/www.miamibeachfl.gov\\\/wp-content\\\/uploads\\\/2026\\\/01\\\/breakimtoasweat.png\",\"datePublished\":\"2025-01-21T21:23:23+00:00\",\"dateModified\":\"2026-02-26T18:38:10+00:00\",\"description\":\"This March, Miami Beach will be heavily enforcing additional rules and restrictions to keep both residents and visitors safe.\",\"breadcrumb\":{\"@id\":\"https:\\\/\\\/www.miamibeachfl.gov\\\/breakasweat\\\/policeenforcement\\\/#breadcrumb\"},\"inLanguage\":\"es\",\"potentialAction\":[{\"@type\":\"ReadAction\",\"target\":[\"https:\\\/\\\/www.miamibeachfl.gov\\\/breakasweat\\\/policeenforcement\\\/\"]}]},{\"@type\":\"ImageObject\",\"inLanguage\":\"es\",\"@id\":\"https:\\\/\\\/www.miamibeachfl.gov\\\/breakasweat\\\/policeenforcement\\\/#primaryimage\",\"url\":\"https:\\\/\\\/www.miamibeachfl.gov\\\/wp-content\\\/uploads\\\/2026\\\/01\\\/breakimtoasweat.png\",\"contentUrl\":\"https:\\\/\\\/www.miamibeachfl.gov\\\/wp-content\\\/uploads\\\/2026\\\/01\\\/breakimtoasweat.png\"},{\"@type\":\"BreadcrumbList\",\"@id\":\"https:\\\/\\\/www.miamibeachfl.gov\\\/breakasweat\\\/policeenforcement\\\/#breadcrumb\",\"itemListElement\":[{\"@type\":\"ListItem\",\"position\":1,\"name\":\"Home\",\"item\":\"https:\\\/\\\/www.miamibeachfl.gov\\\/\"},{\"@type\":\"ListItem\",\"position\":2,\"name\":\"Break a Sweat &#8211; Spring Fitness\",\"item\":\"https:\\\/\\\/www.miamibeachfl.gov\\\/breakasweat\\\/\"},{\"@type\":\"ListItem\",\"position\":3,\"name\":\"Miami Beach Police Enforcement\"}]},{\"@type\":\"WebSite\",\"@id\":\"https:\\\/\\\/www.miamibeachfl.gov\\\/#website\",\"url\":\"https:\\\/\\\/www.miamibeachfl.gov\\\/\",\"name\":\"City of Miami Beach\",\"description\":\"The official website of the City of Miami Beach. Stay informed, find important information on city services, news, alerts, events, trolley routes, government employment and more.\",\"publisher\":{\"@id\":\"https:\\\/\\\/www.miamibeachfl.gov\\\/#organization\"},\"potentialAction\":[{\"@type\":\"SearchAction\",\"target\":{\"@type\":\"EntryPoint\",\"urlTemplate\":\"https:\\\/\\\/www.miamibeachfl.gov\\\/?s={search_term_string}\"},\"query-input\":{\"@type\":\"PropertyValueSpecification\",\"valueRequired\":true,\"valueName\":\"search_term_string\"}}],\"inLanguage\":\"es\"},{\"@type\":\"Organization\",\"@id\":\"https:\\\/\\\/www.miamibeachfl.gov\\\/#organization\",\"name\":\"City of Miami Beach\",\"url\":\"https:\\\/\\\/www.miamibeachfl.gov\\\/\",\"logo\":{\"@type\":\"ImageObject\",\"inLanguage\":\"es\",\"@id\":\"https:\\\/\\\/www.miamibeachfl.gov\\\/#\\\/schema\\\/logo\\\/image\\\/\",\"url\":\"https:\\\/\\\/www.miamibeachfl.gov\\\/wp-content\\\/uploads\\\/2022\\\/06\\\/miamibeach-logoblue.png\",\"contentUrl\":\"https:\\\/\\\/www.miamibeachfl.gov\\\/wp-content\\\/uploads\\\/2022\\\/06\\\/miamibeach-logoblue.png\",\"width\":1962,\"height\":381,\"caption\":\"City of Miami Beach\"},\"image\":{\"@id\":\"https:\\\/\\\/www.miamibeachfl.gov\\\/#\\\/schema\\\/logo\\\/image\\\/\"},\"sameAs\":[\"https:\\\/\\\/www.facebook.com\\\/cityofmiamibeach\",\"https:\\\/\\\/x.com\\\/Miamibeachnews\",\"https:\\\/\\\/www.instagram.com\\\/miamibeachnews\\\/\"],\"description\":\"The official website of the City of Miami Beach. Stay informed, find important information on city services, news, alerts, events, trolley routes, government employment and more.\",\"telephone\":\"305.604.CITY(2489)\",\"legalName\":\"City of Miami Beach\"}]}<\/script>\n<!-- \/ Yoast SEO Premium plugin. -->","yoast_head_json":{"title":"Miami Beach Police Enforcement - City of Miami Beach","description":"Este marzo, Miami Beach aplicar\u00e1 estrictamente normas y restricciones adicionales para mantener seguros tanto a los residentes como a los visitantes.","robots":{"index":"index","follow":"follow","max-snippet":"max-snippet:-1","max-image-preview":"max-image-preview:large","max-video-preview":"max-video-preview:-1"},"canonical":"https:\/\/www.miamibeachfl.gov\/es\/breakasweat\/policeenforcement\/","og_locale":"es_ES","og_type":"article","og_title":"Miami Beach Police Enforcement","og_description":"This March, Miami Beach will be heavily enforcing additional rules and restrictions to keep both residents and visitors safe.","og_url":"https:\/\/www.miamibeachfl.gov\/es\/breakasweat\/policeenforcement\/","og_site_name":"City of Miami Beach","article_publisher":"https:\/\/www.facebook.com\/cityofmiamibeach","article_modified_time":"2026-02-26T18:38:10+00:00","og_image":[{"url":"https:\/\/www.miamibeachfl.gov\/wp-content\/uploads\/2026\/01\/breakimtoasweat.png","type":"","width":"","height":""}],"twitter_card":"summary_large_image","twitter_site":"@Miamibeachnews","schema":{"@context":"https:\/\/schema.org","@graph":[{"@type":"WebPage","@id":"https:\/\/www.miamibeachfl.gov\/breakasweat\/policeenforcement\/","url":"https:\/\/www.miamibeachfl.gov\/breakasweat\/policeenforcement\/","name":"Miami Beach Police Enforcement - City of Miami Beach","isPartOf":{"@id":"https:\/\/www.miamibeachfl.gov\/#website"},"primaryImageOfPage":{"@id":"https:\/\/www.miamibeachfl.gov\/breakasweat\/policeenforcement\/#primaryimage"},"image":{"@id":"https:\/\/www.miamibeachfl.gov\/breakasweat\/policeenforcement\/#primaryimage"},"thumbnailUrl":"https:\/\/www.miamibeachfl.gov\/wp-content\/uploads\/2026\/01\/breakimtoasweat.png","datePublished":"2025-01-21T21:23:23+00:00","dateModified":"2026-02-26T18:38:10+00:00","description":"Este marzo, Miami Beach aplicar\u00e1 estrictamente normas y restricciones adicionales para mantener seguros tanto a los residentes como a los visitantes.","breadcrumb":{"@id":"https:\/\/www.miamibeachfl.gov\/breakasweat\/policeenforcement\/#breadcrumb"},"inLanguage":"es","potentialAction":[{"@type":"ReadAction","target":["https:\/\/www.miamibeachfl.gov\/breakasweat\/policeenforcement\/"]}]},{"@type":"ImageObject","inLanguage":"es","@id":"https:\/\/www.miamibeachfl.gov\/breakasweat\/policeenforcement\/#primaryimage","url":"https:\/\/www.miamibeachfl.gov\/wp-content\/uploads\/2026\/01\/breakimtoasweat.png","contentUrl":"https:\/\/www.miamibeachfl.gov\/wp-content\/uploads\/2026\/01\/breakimtoasweat.png"},{"@type":"BreadcrumbList","@id":"https:\/\/www.miamibeachfl.gov\/breakasweat\/policeenforcement\/#breadcrumb","itemListElement":[{"@type":"ListItem","position":1,"name":"Home","item":"https:\/\/www.miamibeachfl.gov\/"},{"@type":"ListItem","position":2,"name":"Break a Sweat &#8211; Spring Fitness","item":"https:\/\/www.miamibeachfl.gov\/breakasweat\/"},{"@type":"ListItem","position":3,"name":"Miami Beach Police Enforcement"}]},{"@type":"WebSite","@id":"https:\/\/www.miamibeachfl.gov\/#website","url":"https:\/\/www.miamibeachfl.gov\/","name":"Ciudad de Miami Beach","description":"Sitio web oficial de la Ciudad de Miami Beach. Mant\u00e9ngase informado, encuentre informaci\u00f3n importante sobre servicios municipales, noticias, alertas, eventos, rutas de tranv\u00edas, empleos gubernamentales y m\u00e1s.","publisher":{"@id":"https:\/\/www.miamibeachfl.gov\/#organization"},"potentialAction":[{"@type":"SearchAction","target":{"@type":"EntryPoint","urlTemplate":"https:\/\/www.miamibeachfl.gov\/?s={search_term_string}"},"query-input":{"@type":"PropertyValueSpecification","valueRequired":true,"valueName":"search_term_string"}}],"inLanguage":"es"},{"@type":"Organization","@id":"https:\/\/www.miamibeachfl.gov\/#organization","name":"Ciudad de Miami Beach","url":"https:\/\/www.miamibeachfl.gov\/","logo":{"@type":"ImageObject","inLanguage":"es","@id":"https:\/\/www.miamibeachfl.gov\/#\/schema\/logo\/image\/","url":"https:\/\/www.miamibeachfl.gov\/wp-content\/uploads\/2022\/06\/miamibeach-logoblue.png","contentUrl":"https:\/\/www.miamibeachfl.gov\/wp-content\/uploads\/2022\/06\/miamibeach-logoblue.png","width":1962,"height":381,"caption":"City of Miami Beach"},"image":{"@id":"https:\/\/www.miamibeachfl.gov\/#\/schema\/logo\/image\/"},"sameAs":["https:\/\/www.facebook.com\/cityofmiamibeach","https:\/\/x.com\/Miamibeachnews","https:\/\/www.instagram.com\/miamibeachnews\/"],"description":"Sitio web oficial de la Ciudad de Miami Beach. Mant\u00e9ngase informado, encuentre informaci\u00f3n importante sobre servicios municipales, noticias, alertas, eventos, rutas de tranv\u00edas, empleos gubernamentales y m\u00e1s.","telephone":"305.604.CITY(2489)","legalName":"City of Miami Beach"}]}},"_links":{"self":[{"href":"https:\/\/www.miamibeachfl.gov\/es\/wp-json\/wp\/v2\/pages\/360090","targetHints":{"allow":["GET"]}}],"collection":[{"href":"https:\/\/www.miamibeachfl.gov\/es\/wp-json\/wp\/v2\/pages"}],"about":[{"href":"https:\/\/www.miamibeachfl.gov\/es\/wp-json\/wp\/v2\/types\/page"}],"author":[{"embeddable":true,"href":"https:\/\/www.miamibeachfl.gov\/es\/wp-json\/wp\/v2\/users\/222"}],"replies":[{"embeddable":true,"href":"https:\/\/www.miamibeachfl.gov\/es\/wp-json\/wp\/v2\/comments?post=360090"}],"version-history":[{"count":11,"href":"https:\/\/www.miamibeachfl.gov\/es\/wp-json\/wp\/v2\/pages\/360090\/revisions"}],"predecessor-version":[{"id":396802,"href":"https:\/\/www.miamibeachfl.gov\/es\/wp-json\/wp\/v2\/pages\/360090\/revisions\/396802"}],"up":[{"embeddable":true,"href":"https:\/\/www.miamibeachfl.gov\/es\/wp-json\/wp\/v2\/pages\/395613"}],"wp:attachment":[{"href":"https:\/\/www.miamibeachfl.gov\/es\/wp-json\/wp\/v2\/media?parent=360090"}],"wp:term":[{"taxonomy":"category","embeddable":true,"href":"https:\/\/www.miamibeachfl.gov\/es\/wp-json\/wp\/v2\/categories?post=360090"},{"taxonomy":"post_tag","embeddable":true,"href":"https:\/\/www.miamibeachfl.gov\/es\/wp-json\/wp\/v2\/tags?post=360090"}],"curies":[{"name":"gracias","href":"https:\/\/api.w.org\/{rel}","templated":true}]}}