{"id":361996,"date":"2025-02-10T11:52:38","date_gmt":"2025-02-10T16:52:38","guid":{"rendered":"https:\/\/www.miamibeachfl.gov\/?page_id=361996"},"modified":"2026-03-05T13:36:25","modified_gmt":"2026-03-05T18:36:25","slug":"business-guide","status":"publish","type":"page","link":"https:\/\/www.miamibeachfl.gov\/es\/business\/doing-business-with-mb\/business-concierge\/business-guide\/","title":{"rendered":"Gu\u00eda de negocios"},"content":{"rendered":"<h1>\n\t\t\tGu\u00eda de recursos empresariales\t<\/h1>\n\t<p>La Gu\u00eda de Negocios de Miami Beach es su recurso para iniciar, reubicar o expandir su negocio en Miami Beach. Encuentre informaci\u00f3n sobre zonificaci\u00f3n, permisos, contactos departamentales y m\u00e1s.<\/p>\n\t<iframe allow=\"clipboard-write\" sandbox=\"allow-top-navigation allow-top-navigation-by-user-activation allow-downloads allow-scripts allow-same-origin allow-popups allow-modals allow-popups-to-escape-sandbox allow-forms\" allowfullscreen=\"true\" src=\"https:\/\/e.issuu.com\/embed.html?d=miami_beach_business_resource_guide&#038;u=cityofmiamibeach\"><\/iframe>\n<h2>\n\t\t\tInformaci\u00f3n \u00fatil\t<\/h2>\n\t<p><strong>Departamento de Planificaci\u00f3n y Zonificaci\u00f3n de la Ciudad de Miami Beach<\/strong><\/p>\nSe puede contactar respecto a la solicitud de un Certificado de Uso, el cual acredita que su negocio puede operar en una zona espec\u00edfica que corresponde al tipo de negocio.<br \/>\n<a href=\"https:\/\/www.miamibeachfl.gov\/es\/city-hall\/planning\/\"><strong>miamibeachfl.gov\/ayuntamiento\/planificaci\u00f3n<\/strong><\/a><br \/>\n<a href=\"tel:3056737550\"><strong>305.673.7550<\/strong><\/a>\n<p><strong>Departamento de Finanzas de la Ciudad de Miami Beach<\/strong><\/p>\nResponsable de la administraci\u00f3n de los ingresos fiscales empresariales (IBI). Para operar en la ciudad, se requiere un IBI para cada establecimiento y tipo de negocio.<br \/>\n<a href=\"https:\/\/www.miamibeachfl.gov\/es\/city-hall\/finance\/business-tax-receipts-btr\/\"><strong>miamibeachfl.gov\/city-hall\/finance\/business-tax-receipts-btr<\/strong><\/a><br \/>\n<a href=\"tel:3056737466\"><strong>305.673.7466<\/strong><\/a>\n<p><strong>Permisos de construcci\u00f3n de la ciudad de Miami Beach\u00a0<\/strong><\/p>\n<p>El Departamento de Construcci\u00f3n ofrece una variedad de permisos disponibles para tipos de negocios espec\u00edficos y usos. <a href=\"https:\/\/www.miamibeachfl.gov\/es\/city-hall\/building\/permits\/\"><strong>aqu\u00ed<\/strong><\/a>.<\/p>\n<p><strong><a href=\"tel:3056737610\">305.673.7610<\/a><\/strong><\/p>\n<p><strong>Clasificaci\u00f3n de zonificaci\u00f3n de la ciudad de Miami Beach\u00a0<\/strong><\/p>\n<p><strong><a href=\"http:\/\/miamibeachfl.gov\/wp-content\/uploads\/2019\/02\/zoning2019-2-14-2019.pdf\">Para consultar la zonificaci\u00f3n de una propiedad, consulte el mapa de zonificaci\u00f3n disponible aqu\u00ed<\/a>.<\/strong><\/p>\n<p><strong>Solicitud de zonificaci\u00f3n y permisos de la ciudad de Miami Beach\u00a0<\/strong><\/p>\n<p><strong><a href=\"http:\/\/miamibeachfl.gov\/wp-content\/uploads\/2018\/05\/P-Z-Permit-Application.pdf\">Se puede acceder a la solicitud de zonificaci\u00f3n y permisos de la ciudad de Miami Beach aqu\u00ed<\/a>.<\/strong><\/p>\n<p><strong>Carta de verificaci\u00f3n de zonificaci\u00f3n de la ciudad de Miami Beach<\/strong><\/p>\n<p><a href=\"http:\/\/miamibeachfl.gov\/wp-content\/uploads\/2018\/05\/Zoning-Verification-Letter-Request.pdf\"><strong>haga clic aqu\u00ed<\/strong> para solicitar una carta para verificar que la ubicaci\u00f3n del negocio y el propietario cumplen con los requisitos de zonificaci\u00f3n.<\/a><\/p>\n<p><strong>Contenido de los ocupantes de la ciudad de Miami Beach\u00a0<\/strong><\/p>\n<p>La ciudad se esfuerza por garantizar la protecci\u00f3n y seguridad de todos sus habitantes. <a href=\"https:\/\/www.miamibeachfl.gov\/es\/city-hall\/fire\/fire-prevention\/occupant-content\/\"><strong>Solicitud de contenido de ocupantes<\/strong><\/a> y se requieren inspecci\u00f3n antes de abrir su negocio.<\/p>\n<p><strong><a href=\"tel:3056737123\">305.673.7123<\/a><\/strong><\/p>\n<p><strong>Certificado de ocupaci\u00f3n <\/strong><\/p>\n<p>El Departamento de Edificaci\u00f3n de la Ciudad de Miami Beach es responsable de la administraci\u00f3n del Certificado de Ocupaci\u00f3n. Podr\u00eda requerirse una inspecci\u00f3n antes de abrir su negocio. <a href=\"https:\/\/www.miamibeachfl.gov\/es\/building-certificate-of-occupancy-forms\/\"><strong>Ver formulario aqu\u00ed.<\/strong><\/a><\/p>\n<p><strong><a href=\"tel:3056737610\">305.673.7610<\/a><\/strong><\/p>\n<p><strong>Licencias para establecimientos de servicio de comida y alojamiento p\u00fablicos <\/strong><\/p>\n<p>El estado de Florida requiere que todos los futuros propietarios de restaurantes soliciten una licencia adecuada antes de poder servir comida. <a href=\"http:\/\/myfloridalicense.com\/hotels-restaurants\/licensing\/general\"><strong>myfloridalicense.com\/hoteles-restaurantes\/licencias\/general<\/strong><\/a><\/p>","protected":false},"excerpt":{"rendered":"<p>Business Resource Guide The Miami Beach Business Guide is your resource to starting, relocating or growing your business in Miami [&hellip;]<\/p>\n","protected":false},"author":329,"featured_media":0,"parent":223013,"menu_order":0,"comment_status":"closed","ping_status":"closed","template":"","meta":{"_searchwp_excluded":"","site-sidebar-layout":"default","site-content-layout":"","ast-site-content-layout":"default","site-content-style":"default","site-sidebar-style":"default","ast-global-header-display":"","ast-banner-title-visibility":"","ast-main-header-display":"","ast-hfb-above-header-display":"","ast-hfb-below-header-display":"","ast-hfb-mobile-header-display":"","site-post-title":"","ast-breadcrumbs-content":"","ast-featured-img":"","footer-sml-layout":"","theme-transparent-header-meta":"","adv-header-id-meta":"","stick-header-meta":"","header-above-stick-meta":"","header-main-stick-meta":"","header-below-stick-meta":"","astra-migrate-meta-layouts":"default","ast-page-background-enabled":"default","ast-page-background-meta":{"desktop":{"background-color":"var(--ast-global-color-5)","background-image":"","background-repeat":"repeat","background-position":"center center","background-size":"auto","background-attachment":"scroll","background-type":"","background-media":"","overlay-type":"","overlay-color":"","overlay-opacity":"","overlay-gradient":""},"tablet":{"background-color":"","background-image":"","background-repeat":"repeat","background-position":"center center","background-size":"auto","background-attachment":"scroll","background-type":"","background-media":"","overlay-type":"","overlay-color":"","overlay-opacity":"","overlay-gradient":""},"mobile":{"background-color":"","background-image":"","background-repeat":"repeat","background-position":"center center","background-size":"auto","background-attachment":"scroll","background-type":"","background-media":"","overlay-type":"","overlay-color":"","overlay-opacity":"","overlay-gradient":""}},"ast-content-background-meta":{"desktop":{"background-color":"var(--ast-global-color-4)","background-image":"","background-repeat":"repeat","background-position":"center center","background-size":"auto","background-attachment":"scroll","background-type":"","background-media":"","overlay-type":"","overlay-color":"","overlay-opacity":"","overlay-gradient":""},"tablet":{"background-color":"var(--ast-global-color-4)","background-image":"","background-repeat":"repeat","background-position":"center center","background-size":"auto","background-attachment":"scroll","background-type":"","background-media":"","overlay-type":"","overlay-color":"","overlay-opacity":"","overlay-gradient":""},"mobile":{"background-color":"var(--ast-global-color-4)","background-image":"","background-repeat":"repeat","background-position":"center center","background-size":"auto","background-attachment":"scroll","background-type":"","background-media":"","overlay-type":"","overlay-color":"","overlay-opacity":"","overlay-gradient":""}},"footnotes":""},"categories":[],"tags":[],"class_list":["post-361996","page","type-page","status-publish","hentry"],"yoast_head":"<!-- This site is optimized with the Yoast SEO Premium plugin v27.4 (Yoast SEO v27.4) - https:\/\/yoast.com\/product\/yoast-seo-premium-wordpress\/ -->\n<title>Business Guide - City of Miami Beach<\/title>\n<meta name=\"description\" content=\"%\" \/>\n<meta name=\"robots\" content=\"index, follow, max-snippet:-1, max-image-preview:large, max-video-preview:-1\" \/>\n<link rel=\"canonical\" href=\"https:\/\/www.miamibeachfl.gov\/es\/business\/doing-business-with-mb\/business-concierge\/business-guide\/\" \/>\n<meta property=\"og:locale\" content=\"es_ES\" \/>\n<meta property=\"og:type\" content=\"article\" \/>\n<meta property=\"og:title\" content=\"Business Guide\" \/>\n<meta property=\"og:description\" content=\"%\" \/>\n<meta property=\"og:url\" content=\"https:\/\/www.miamibeachfl.gov\/es\/business\/doing-business-with-mb\/business-concierge\/business-guide\/\" \/>\n<meta property=\"og:site_name\" content=\"City of Miami Beach\" \/>\n<meta property=\"article:publisher\" content=\"https:\/\/www.facebook.com\/cityofmiamibeach\" \/>\n<meta property=\"article:modified_time\" content=\"2026-03-05T18:36:25+00:00\" \/>\n<meta property=\"og:image\" content=\"https:\/\/www.miamibeachfl.gov\/wp-content\/uploads\/2024\/01\/1000pxSquare-miamibeach-aerial-southpointview.jpeg\" \/>\n\t<meta property=\"og:image:width\" content=\"1000\" \/>\n\t<meta property=\"og:image:height\" content=\"1000\" \/>\n\t<meta property=\"og:image:type\" content=\"image\/jpeg\" \/>\n<meta name=\"twitter:card\" content=\"summary_large_image\" \/>\n<meta name=\"twitter:site\" content=\"@Miamibeachnews\" \/>\n<script type=\"application\/ld+json\" class=\"yoast-schema-graph\">{\"@context\":\"https:\\\/\\\/schema.org\",\"@graph\":[{\"@type\":\"WebPage\",\"@id\":\"https:\\\/\\\/www.miamibeachfl.gov\\\/business\\\/doing-business-with-mb\\\/business-concierge\\\/business-guide\\\/\",\"url\":\"https:\\\/\\\/www.miamibeachfl.gov\\\/business\\\/doing-business-with-mb\\\/business-concierge\\\/business-guide\\\/\",\"name\":\"Business Guide - City of Miami Beach\",\"isPartOf\":{\"@id\":\"https:\\\/\\\/www.miamibeachfl.gov\\\/#website\"},\"datePublished\":\"2025-02-10T16:52:38+00:00\",\"dateModified\":\"2026-03-05T18:36:25+00:00\",\"description\":\"%\",\"breadcrumb\":{\"@id\":\"https:\\\/\\\/www.miamibeachfl.gov\\\/business\\\/doing-business-with-mb\\\/business-concierge\\\/business-guide\\\/#breadcrumb\"},\"inLanguage\":\"es\",\"potentialAction\":[{\"@type\":\"ReadAction\",\"target\":[\"https:\\\/\\\/www.miamibeachfl.gov\\\/business\\\/doing-business-with-mb\\\/business-concierge\\\/business-guide\\\/\"]}]},{\"@type\":\"BreadcrumbList\",\"@id\":\"https:\\\/\\\/www.miamibeachfl.gov\\\/business\\\/doing-business-with-mb\\\/business-concierge\\\/business-guide\\\/#breadcrumb\",\"itemListElement\":[{\"@type\":\"ListItem\",\"position\":1,\"name\":\"Home\",\"item\":\"https:\\\/\\\/www.miamibeachfl.gov\\\/\"},{\"@type\":\"ListItem\",\"position\":2,\"name\":\"Business\",\"item\":\"https:\\\/\\\/www.miamibeachfl.gov\\\/business\\\/\"},{\"@type\":\"ListItem\",\"position\":3,\"name\":\"Doing Business with MB\",\"item\":\"https:\\\/\\\/www.miamibeachfl.gov\\\/business\\\/doing-business-with-mb\\\/\"},{\"@type\":\"ListItem\",\"position\":4,\"name\":\"Business Concierge\",\"item\":\"https:\\\/\\\/www.miamibeachfl.gov\\\/business\\\/doing-business-with-mb\\\/business-concierge\\\/\"},{\"@type\":\"ListItem\",\"position\":5,\"name\":\"Business Guide\"}]},{\"@type\":\"WebSite\",\"@id\":\"https:\\\/\\\/www.miamibeachfl.gov\\\/#website\",\"url\":\"https:\\\/\\\/www.miamibeachfl.gov\\\/\",\"name\":\"City of Miami Beach\",\"description\":\"The official website of the City of Miami Beach. Stay informed, find important information on city services, news, alerts, events, trolley routes, government employment and more.\",\"publisher\":{\"@id\":\"https:\\\/\\\/www.miamibeachfl.gov\\\/#organization\"},\"potentialAction\":[{\"@type\":\"SearchAction\",\"target\":{\"@type\":\"EntryPoint\",\"urlTemplate\":\"https:\\\/\\\/www.miamibeachfl.gov\\\/?s={search_term_string}\"},\"query-input\":{\"@type\":\"PropertyValueSpecification\",\"valueRequired\":true,\"valueName\":\"search_term_string\"}}],\"inLanguage\":\"es\"},{\"@type\":\"Organization\",\"@id\":\"https:\\\/\\\/www.miamibeachfl.gov\\\/#organization\",\"name\":\"City of Miami Beach\",\"url\":\"https:\\\/\\\/www.miamibeachfl.gov\\\/\",\"logo\":{\"@type\":\"ImageObject\",\"inLanguage\":\"es\",\"@id\":\"https:\\\/\\\/www.miamibeachfl.gov\\\/#\\\/schema\\\/logo\\\/image\\\/\",\"url\":\"https:\\\/\\\/www.miamibeachfl.gov\\\/wp-content\\\/uploads\\\/2022\\\/06\\\/miamibeach-logoblue.png\",\"contentUrl\":\"https:\\\/\\\/www.miamibeachfl.gov\\\/wp-content\\\/uploads\\\/2022\\\/06\\\/miamibeach-logoblue.png\",\"width\":1962,\"height\":381,\"caption\":\"City of Miami Beach\"},\"image\":{\"@id\":\"https:\\\/\\\/www.miamibeachfl.gov\\\/#\\\/schema\\\/logo\\\/image\\\/\"},\"sameAs\":[\"https:\\\/\\\/www.facebook.com\\\/cityofmiamibeach\",\"https:\\\/\\\/x.com\\\/Miamibeachnews\",\"https:\\\/\\\/www.instagram.com\\\/miamibeachnews\\\/\"],\"description\":\"The official website of the City of Miami Beach. Stay informed, find important information on city services, news, alerts, events, trolley routes, government employment and more.\",\"telephone\":\"305.604.CITY(2489)\",\"legalName\":\"City of Miami Beach\"}]}<\/script>\n<!-- \/ Yoast SEO Premium plugin. -->","yoast_head_json":{"title":"Gu\u00eda de negocios de la ciudad de Miami Beach","description":"%","robots":{"index":"index","follow":"follow","max-snippet":"max-snippet:-1","max-image-preview":"max-image-preview:large","max-video-preview":"max-video-preview:-1"},"canonical":"https:\/\/www.miamibeachfl.gov\/es\/business\/doing-business-with-mb\/business-concierge\/business-guide\/","og_locale":"es_ES","og_type":"article","og_title":"Business Guide","og_description":"%","og_url":"https:\/\/www.miamibeachfl.gov\/es\/business\/doing-business-with-mb\/business-concierge\/business-guide\/","og_site_name":"City of Miami Beach","article_publisher":"https:\/\/www.facebook.com\/cityofmiamibeach","article_modified_time":"2026-03-05T18:36:25+00:00","og_image":[{"width":1000,"height":1000,"url":"https:\/\/www.miamibeachfl.gov\/wp-content\/uploads\/2024\/01\/1000pxSquare-miamibeach-aerial-southpointview.jpeg","type":"image\/jpeg"}],"twitter_card":"summary_large_image","twitter_site":"@Miamibeachnews","schema":{"@context":"https:\/\/schema.org","@graph":[{"@type":"WebPage","@id":"https:\/\/www.miamibeachfl.gov\/business\/doing-business-with-mb\/business-concierge\/business-guide\/","url":"https:\/\/www.miamibeachfl.gov\/business\/doing-business-with-mb\/business-concierge\/business-guide\/","name":"Gu\u00eda de negocios de la ciudad de Miami Beach","isPartOf":{"@id":"https:\/\/www.miamibeachfl.gov\/#website"},"datePublished":"2025-02-10T16:52:38+00:00","dateModified":"2026-03-05T18:36:25+00:00","description":"%","breadcrumb":{"@id":"https:\/\/www.miamibeachfl.gov\/business\/doing-business-with-mb\/business-concierge\/business-guide\/#breadcrumb"},"inLanguage":"es","potentialAction":[{"@type":"ReadAction","target":["https:\/\/www.miamibeachfl.gov\/business\/doing-business-with-mb\/business-concierge\/business-guide\/"]}]},{"@type":"BreadcrumbList","@id":"https:\/\/www.miamibeachfl.gov\/business\/doing-business-with-mb\/business-concierge\/business-guide\/#breadcrumb","itemListElement":[{"@type":"ListItem","position":1,"name":"Home","item":"https:\/\/www.miamibeachfl.gov\/"},{"@type":"ListItem","position":2,"name":"Business","item":"https:\/\/www.miamibeachfl.gov\/business\/"},{"@type":"ListItem","position":3,"name":"Doing Business with MB","item":"https:\/\/www.miamibeachfl.gov\/business\/doing-business-with-mb\/"},{"@type":"ListItem","position":4,"name":"Business Concierge","item":"https:\/\/www.miamibeachfl.gov\/business\/doing-business-with-mb\/business-concierge\/"},{"@type":"ListItem","position":5,"name":"Business Guide"}]},{"@type":"WebSite","@id":"https:\/\/www.miamibeachfl.gov\/#website","url":"https:\/\/www.miamibeachfl.gov\/","name":"Ciudad de Miami Beach","description":"Sitio web oficial de la Ciudad de Miami Beach. Mant\u00e9ngase informado, encuentre informaci\u00f3n importante sobre servicios municipales, noticias, alertas, eventos, rutas de tranv\u00edas, empleos gubernamentales y m\u00e1s.","publisher":{"@id":"https:\/\/www.miamibeachfl.gov\/#organization"},"potentialAction":[{"@type":"SearchAction","target":{"@type":"EntryPoint","urlTemplate":"https:\/\/www.miamibeachfl.gov\/?s={search_term_string}"},"query-input":{"@type":"PropertyValueSpecification","valueRequired":true,"valueName":"search_term_string"}}],"inLanguage":"es"},{"@type":"Organization","@id":"https:\/\/www.miamibeachfl.gov\/#organization","name":"Ciudad de Miami Beach","url":"https:\/\/www.miamibeachfl.gov\/","logo":{"@type":"ImageObject","inLanguage":"es","@id":"https:\/\/www.miamibeachfl.gov\/#\/schema\/logo\/image\/","url":"https:\/\/www.miamibeachfl.gov\/wp-content\/uploads\/2022\/06\/miamibeach-logoblue.png","contentUrl":"https:\/\/www.miamibeachfl.gov\/wp-content\/uploads\/2022\/06\/miamibeach-logoblue.png","width":1962,"height":381,"caption":"City of Miami Beach"},"image":{"@id":"https:\/\/www.miamibeachfl.gov\/#\/schema\/logo\/image\/"},"sameAs":["https:\/\/www.facebook.com\/cityofmiamibeach","https:\/\/x.com\/Miamibeachnews","https:\/\/www.instagram.com\/miamibeachnews\/"],"description":"Sitio web oficial de la Ciudad de Miami Beach. Mant\u00e9ngase informado, encuentre informaci\u00f3n importante sobre servicios municipales, noticias, alertas, eventos, rutas de tranv\u00edas, empleos gubernamentales y m\u00e1s.","telephone":"305.604.CITY(2489)","legalName":"City of Miami Beach"}]}},"_links":{"self":[{"href":"https:\/\/www.miamibeachfl.gov\/es\/wp-json\/wp\/v2\/pages\/361996","targetHints":{"allow":["GET"]}}],"collection":[{"href":"https:\/\/www.miamibeachfl.gov\/es\/wp-json\/wp\/v2\/pages"}],"about":[{"href":"https:\/\/www.miamibeachfl.gov\/es\/wp-json\/wp\/v2\/types\/page"}],"author":[{"embeddable":true,"href":"https:\/\/www.miamibeachfl.gov\/es\/wp-json\/wp\/v2\/users\/329"}],"replies":[{"embeddable":true,"href":"https:\/\/www.miamibeachfl.gov\/es\/wp-json\/wp\/v2\/comments?post=361996"}],"version-history":[{"count":2,"href":"https:\/\/www.miamibeachfl.gov\/es\/wp-json\/wp\/v2\/pages\/361996\/revisions"}],"predecessor-version":[{"id":388022,"href":"https:\/\/www.miamibeachfl.gov\/es\/wp-json\/wp\/v2\/pages\/361996\/revisions\/388022"}],"up":[{"embeddable":true,"href":"https:\/\/www.miamibeachfl.gov\/es\/wp-json\/wp\/v2\/pages\/223013"}],"wp:attachment":[{"href":"https:\/\/www.miamibeachfl.gov\/es\/wp-json\/wp\/v2\/media?parent=361996"}],"wp:term":[{"taxonomy":"category","embeddable":true,"href":"https:\/\/www.miamibeachfl.gov\/es\/wp-json\/wp\/v2\/categories?post=361996"},{"taxonomy":"post_tag","embeddable":true,"href":"https:\/\/www.miamibeachfl.gov\/es\/wp-json\/wp\/v2\/tags?post=361996"}],"curies":[{"name":"gracias","href":"https:\/\/api.w.org\/{rel}","templated":true}]}}