{"id":362357,"date":"2025-02-13T08:02:50","date_gmt":"2025-02-13T13:02:50","guid":{"rendered":"https:\/\/www.miamibeachfl.gov\/?page_id=362357"},"modified":"2026-02-10T12:16:26","modified_gmt":"2026-02-10T17:16:26","slug":"giveawayterms","status":"publish","type":"page","link":"https:\/\/www.miamibeachfl.gov\/es\/giveawayterms\/","title":{"rendered":"T\u00e9rminos y condiciones del concurso de redes sociales de Miami Beach"},"content":{"rendered":"<h1>\n\t\t\tConcurso de redes sociales Miami Beach X SOBEWFF\u00ae\t<\/h1>\n\t<p>The City of Miami Beach has launched a social media drawing for SOBEWFF\u00ae via our Instagram channel asking followers to complete the steps outlined below to be entered into a draw to win two (2) General Admission tickets to the SOBEWFF\u00ae Goya Foods&#8217; Grand Tasting Village on Sunday, February 22, 2026.<\/p>\n<p>Solo se seleccionar\u00e1 un ganador para el premio de 2 boletos que se otorgar\u00e1.<\/p>\n<h3>\n\t\t\tCanal: Instagram @miamibeachnews\t<\/h3>\n\t<blockquote data-instgrm-permalink=\"https:\/\/www.instagram.com\/miamibeachnews\/?utm_source=ig_embed&amp;utm_campaign=loading\" data-instgrm-version=\"14\"> <a href=\"https:\/\/www.instagram.com\/miamibeachnews\/?utm_source=ig_embed&amp;utm_campaign=loading\" target=\"_blank\">       Ver este perfil en Instagram            <\/a><p><a href=\"https:\/\/www.instagram.com\/miamibeachnews\/?utm_source=ig_embed&amp;utm_campaign=loading\" target=\"_blank\">Ciudad de Miami Beach<\/a> (@<a href=\"https:\/\/www.instagram.com\/miamibeachnews\/?utm_source=ig_embed&amp;utm_campaign=loading\" target=\"_blank\">Noticias de Miami Beach<\/a>) \u2022 Fotos y v\u00eddeos de Instagram<\/p><\/blockquote>\n<h3>\n\t\t\tC\u00f3mo funcionar\u00e1:\t<\/h3>\n\t<p>One entry per person per social media channel. The contest for this prize is being promoted on Instagram. Fraudulent methods of entry or circumvention of the rules may result in the City of Miami Beach invalidating a participant&#8217;s entries.<\/p>\n<h3>\n\t\t\tPasos para participar al concurso en Instagram:\t<\/h3>\n\t<ol>\n<li>S\u00edguenos en Instagram en @miamibeachnews y @sobewff<\/li>\n<li>Share this post on your story using the hashtag #MiamiBeachGiveaway. (Don&#8217;t forget to tag us!)<\/li>\n<li>Tag the person you&#8217;d bring with you to the event in the comments on the Instagram post.<\/li>\n<\/ol>\n\t<ol>\n<li><strong>Elegibilidad<\/strong><br \/>\nMust be 21 years or older to be eligible for the contest. Must complete all steps for contest to be eligible for random drawing. City of Miami Beach subsidiaries, affiliates, suppliers, advertising and promotion agencies, employees&#8217; and immediate family members are ineligible participate in the contest\/giveaway. Void where prohibited by law.<\/li>\n<li><strong>Patrocinio<\/strong><br \/>\nConcurso administrado por la Ciudad de Miami Beach ubicada en 1700 Convention Ctr Dr, Miami Beach, FL 33139 con premio donado por SOBEWFF\u00ae ubicada en Chaplin School of Hospitality &amp; Tourism Management, Biscayne Bay Campus, 3000 NE 151st Street, North Miami, FL 33181.<\/li>\n<li><strong>Acuerdo con las reglas<\/strong><br \/>\nBy entering your contest, participants agree to abide by the City of Miami Beach&#8217;s Official Rules and decisions. Miami Beach reserves the right to refuse, withdraw, or disqualify entries at our sole discretion. By entering this contest participants agree to accept the decision of the Sponsor as final and binding.<\/li>\n<li><strong>Per\u00edodo de inscripci\u00f3n<\/strong><br \/>\n\u2022 The SOBEWFF\u00ae Goya Foods&#8217; Grand Tasting Village &#8211; Sunday, February 22, 2026, promotion will run from Tuesday, February 10, 2026 at 12:30 p.m. EST through Wednesday, February 11, 2026 at 12:30 p.m. EST.<\/li>\n<li><strong>Premio<\/strong><br \/>\nOnly one person will be awarded the prize. This prize is not transferable. Acceptance of this prize grants the City of Miami Beach permission to use the winner&#8217;s entry, name, and likeness for advertising, promotion, and trade without further compensation or remuneration unless prohibited by law.<br \/>\n\u2022 One winner will receive a 2 pack of General Admission tickets to the Sunday, February 22, 2026 SOBEWFF\u00ae Goya Foods&#8217; Grand Tasting Village, which is valued at approximately $558.<\/li>\n<li><strong>Impares<\/strong><br \/>\nLas probabilidades de ganar dependen de la cantidad de inscripciones elegibles recibidas.<\/li>\n<li><strong>Selecci\u00f3n y notificaci\u00f3n del ganador<\/strong><br \/>\nLos ganadores se seleccionar\u00e1n mediante un sorteo aleatorio bajo la supervisi\u00f3n de la Ciudad de Miami Beach. Se les notificar\u00e1 el d\u00eda de la finalizaci\u00f3n del concurso mediante un mensaje directo en Instagram y posteriormente por correo electr\u00f3nico. Los ganadores deber\u00e1n reclamar su premio, que podr\u00eda perderse si no responden en un plazo de 24 horas. La Ciudad de Miami Beach no se responsabiliza de que el ganador no reciba la notificaci\u00f3n del premio si present\u00f3 una participaci\u00f3n en el concurso en una cuenta que no funcionaba al momento de notificarle. La recepci\u00f3n del premio est\u00e1 sujeta al cumplimiento de las leyes federales, estatales y locales, entre otras.<\/li>\n<li><strong>Derechos otorgados por el participante<\/strong><br \/>\nAl enviar una participaci\u00f3n al sorteo o concurso, la Ciudad de Miami Beach se reserva el derecho de usar la participaci\u00f3n, su voz, semejanza, imagen, declaraciones sobre el concurso, etc., con fines publicitarios, informativos, promocionales, comerciales, etc., sin previo aviso, revisi\u00f3n, consentimiento, compensaci\u00f3n ni remuneraci\u00f3n. Las participaciones deben ser originales y no violar los derechos de propiedad intelectual de terceros. Las participaciones que infrinjan los derechos de propiedad intelectual de terceros resultar\u00e1n en la descalificaci\u00f3n del participante.<\/li>\n<li><strong>T\u00e9rminos y condiciones<\/strong><br \/>\nLa Ciudad de Miami Beach se reserva el derecho de modificar, suspender, cancelar o dar por terminado este sorteo en caso de que una intervenci\u00f3n humana no autorizada, un error o virus, fraude u otras causas ajenas a la Ciudad de Miami Beach afecten o corrompan la seguridad, imparcialidad, correcta conducta o administraci\u00f3n del concurso\/sorteo. La Ciudad de Miami Beach se reserva el derecho de descalificar a cualquier persona que infrinja las bases, as\u00ed como el derecho a reclamar da\u00f1os y perjuicios hasta el m\u00e1ximo permitido por la ley en caso de que un participante haya causado da\u00f1os deliberados o haya socavado el funcionamiento legal de la promoci\u00f3n.<\/li>\n<li><strong>Limitaci\u00f3n de responsabilidad<\/strong><br \/>\nParticipant&#8217;s entry into this giveaway constitutes his or her agreement to release and hold harmless the City of Miami Beach and its subsidiaries, affiliates, employees, etc., against all claims liability, illness, injury, death, loss, etc., that occurs directly or indirectly from participation in the contest or use\/misuse of the awarded prize.<\/li>\n<li><strong>Disputas<\/strong><br \/>\nEl participante acepta, como condici\u00f3n para participar en la promoci\u00f3n, que las disputas no resueltas entre \u00e9l y la Ciudad de Miami Beach se resolver\u00e1n individualmente y exclusivamente ante un tribunal del Estado de Florida, sin recurrir a ninguna forma de demanda colectiva. Los participantes renuncian a todo derecho a indemnizaci\u00f3n por da\u00f1os punitivos, incidentales o consecuentes, as\u00ed como a todo derecho a que se multipliquen o aumenten los da\u00f1os.<\/li>\n<li><strong>pol\u00edtica de privacidad<\/strong><br \/>\nCualquier informaci\u00f3n compartida est\u00e1 sujeta a la pol\u00edtica de privacidad de la ciudad de Miami Beach (https:\/\/www.miamibeachfl.gov\/policies-disclaimers\/).<\/li>\n<li><strong>Lista de ganadores<\/strong><br \/>\nLos participantes pueden solicitar una copia de la lista de ganadores comunic\u00e1ndose con MadisonBrown@miamibeachfl.gov.<\/li>\n<li><strong>Reglas de las plataformas de redes sociales<\/strong><br \/>\nEl sorteo de entradas de SOBEWFF\u00ae organizado por la ciudad de Miami Beach no est\u00e1 de ninguna manera patrocinado, respaldado, administrado o asociado con SOBEWFF\u00ae o Instagram.<\/li>\n<li><strong>Afirmaci\u00f3n de aceptaci\u00f3n y acuerdo con todas las reglas oficiales<\/strong><br \/>\nAl participar en el concurso, el participante ha revisado, aceptado y acordado afirmativamente todos los t\u00e9rminos y condiciones anteriores.<\/li>\n<\/ol>","protected":false},"excerpt":{"rendered":"<p>Concurso de redes sociales Miami Beach X SOBEWFF\u00ae La ciudad de Miami Beach ha lanzado un sorteo en redes sociales para SOBEWFF\u00ae [\u2026]<\/p>","protected":false},"author":222,"featured_media":0,"parent":0,"menu_order":13,"comment_status":"closed","ping_status":"closed","template":"","meta":{"_searchwp_excluded":"","site-sidebar-layout":"default","site-content-layout":"","ast-site-content-layout":"default","site-content-style":"default","site-sidebar-style":"default","ast-global-header-display":"","ast-banner-title-visibility":"","ast-main-header-display":"","ast-hfb-above-header-display":"","ast-hfb-below-header-display":"","ast-hfb-mobile-header-display":"","site-post-title":"","ast-breadcrumbs-content":"","ast-featured-img":"","footer-sml-layout":"","theme-transparent-header-meta":"","adv-header-id-meta":"","stick-header-meta":"","header-above-stick-meta":"","header-main-stick-meta":"","header-below-stick-meta":"","astra-migrate-meta-layouts":"default","ast-page-background-enabled":"default","ast-page-background-meta":{"desktop":{"background-color":"var(--ast-global-color-5)","background-image":"","background-repeat":"repeat","background-position":"center center","background-size":"auto","background-attachment":"scroll","background-type":"","background-media":"","overlay-type":"","overlay-color":"","overlay-opacity":"","overlay-gradient":""},"tablet":{"background-color":"","background-image":"","background-repeat":"repeat","background-position":"center center","background-size":"auto","background-attachment":"scroll","background-type":"","background-media":"","overlay-type":"","overlay-color":"","overlay-opacity":"","overlay-gradient":""},"mobile":{"background-color":"","background-image":"","background-repeat":"repeat","background-position":"center center","background-size":"auto","background-attachment":"scroll","background-type":"","background-media":"","overlay-type":"","overlay-color":"","overlay-opacity":"","overlay-gradient":""}},"ast-content-background-meta":{"desktop":{"background-color":"var(--ast-global-color-4)","background-image":"","background-repeat":"repeat","background-position":"center center","background-size":"auto","background-attachment":"scroll","background-type":"","background-media":"","overlay-type":"","overlay-color":"","overlay-opacity":"","overlay-gradient":""},"tablet":{"background-color":"var(--ast-global-color-4)","background-image":"","background-repeat":"repeat","background-position":"center center","background-size":"auto","background-attachment":"scroll","background-type":"","background-media":"","overlay-type":"","overlay-color":"","overlay-opacity":"","overlay-gradient":""},"mobile":{"background-color":"var(--ast-global-color-4)","background-image":"","background-repeat":"repeat","background-position":"center center","background-size":"auto","background-attachment":"scroll","background-type":"","background-media":"","overlay-type":"","overlay-color":"","overlay-opacity":"","overlay-gradient":""}},"footnotes":""},"categories":[1],"tags":[],"class_list":["post-362357","page","type-page","status-publish","hentry","category-uncategorized"],"yoast_head":"<!-- This site is optimized with the Yoast SEO Premium plugin v26.6 (Yoast SEO v26.6) - https:\/\/yoast.com\/wordpress\/plugins\/seo\/ -->\n<title>Miami Beach Social Media Contest Giveaway Terms - City of Miami Beach<\/title>\n<meta name=\"description\" content=\"The City of Miami Beach has launched a social media drawing for SOBEWFF\u00ae via our Instagram channel asking followers to complete the steps outlined below to be entered into a draw to win two (2) General Admission tickets to the SOBEWFF\u00ae Goya Foods&#039; Grand Tasting Village- 2\/23\/25.\" \/>\n<meta name=\"robots\" content=\"index, follow, max-snippet:-1, max-image-preview:large, max-video-preview:-1\" \/>\n<link rel=\"canonical\" href=\"https:\/\/www.miamibeachfl.gov\/es\/giveawayterms\/\" \/>\n<meta property=\"og:locale\" content=\"es_ES\" \/>\n<meta property=\"og:type\" content=\"article\" \/>\n<meta property=\"og:title\" content=\"Miami Beach Social Media Contest Giveaway Terms\" \/>\n<meta property=\"og:description\" content=\"The City of Miami Beach has launched a social media drawing for SOBEWFF\u00ae via our Instagram channel asking followers to complete the steps outlined below to be entered into a draw to win two (2) General Admission tickets to the SOBEWFF\u00ae Goya Foods&#039; Grand Tasting Village- 2\/23\/25.\" \/>\n<meta property=\"og:url\" content=\"https:\/\/www.miamibeachfl.gov\/es\/giveawayterms\/\" \/>\n<meta property=\"og:site_name\" content=\"City of Miami Beach\" \/>\n<meta property=\"article:publisher\" content=\"https:\/\/www.facebook.com\/cityofmiamibeach\" \/>\n<meta property=\"article:modified_time\" content=\"2026-02-10T17:16:26+00:00\" \/>\n<meta property=\"og:image\" content=\"https:\/\/www.miamibeachfl.gov\/wp-content\/uploads\/2024\/01\/1000pxSquare-miamibeach-aerial-southpointview.jpeg\" \/>\n\t<meta property=\"og:image:width\" content=\"1000\" \/>\n\t<meta property=\"og:image:height\" content=\"1000\" \/>\n\t<meta property=\"og:image:type\" content=\"image\/jpeg\" \/>\n<meta name=\"twitter:card\" content=\"summary_large_image\" \/>\n<meta name=\"twitter:site\" content=\"@Miamibeachnews\" \/>\n<script type=\"application\/ld+json\" class=\"yoast-schema-graph\">{\"@context\":\"https:\/\/schema.org\",\"@graph\":[{\"@type\":\"WebPage\",\"@id\":\"https:\/\/www.miamibeachfl.gov\/giveawayterms\/\",\"url\":\"https:\/\/www.miamibeachfl.gov\/giveawayterms\/\",\"name\":\"Miami Beach Social Media Contest Giveaway Terms - City of Miami Beach\",\"isPartOf\":{\"@id\":\"https:\/\/www.miamibeachfl.gov\/#website\"},\"datePublished\":\"2025-02-13T13:02:50+00:00\",\"dateModified\":\"2026-02-10T17:16:26+00:00\",\"description\":\"The City of Miami Beach has launched a social media drawing for SOBEWFF\u00ae via our Instagram channel asking followers to complete the steps outlined below to be entered into a draw to win two (2) General Admission tickets to the SOBEWFF\u00ae Goya Foods' Grand Tasting Village- 2\/23\/25.\",\"breadcrumb\":{\"@id\":\"https:\/\/www.miamibeachfl.gov\/giveawayterms\/#breadcrumb\"},\"inLanguage\":\"es\",\"potentialAction\":[{\"@type\":\"ReadAction\",\"target\":[\"https:\/\/www.miamibeachfl.gov\/giveawayterms\/\"]}]},{\"@type\":\"BreadcrumbList\",\"@id\":\"https:\/\/www.miamibeachfl.gov\/giveawayterms\/#breadcrumb\",\"itemListElement\":[{\"@type\":\"ListItem\",\"position\":1,\"name\":\"Home\",\"item\":\"https:\/\/www.miamibeachfl.gov\/\"},{\"@type\":\"ListItem\",\"position\":2,\"name\":\"Miami Beach Social Media Contest Giveaway Terms\"}]},{\"@type\":\"WebSite\",\"@id\":\"https:\/\/www.miamibeachfl.gov\/#website\",\"url\":\"https:\/\/www.miamibeachfl.gov\/\",\"name\":\"City of Miami Beach\",\"description\":\"The official website of the City of Miami Beach. Stay informed, find important information on city services, news, alerts, events, trolley routes, government employment and more.\",\"publisher\":{\"@id\":\"https:\/\/www.miamibeachfl.gov\/#organization\"},\"potentialAction\":[{\"@type\":\"SearchAction\",\"target\":{\"@type\":\"EntryPoint\",\"urlTemplate\":\"https:\/\/www.miamibeachfl.gov\/?s={search_term_string}\"},\"query-input\":{\"@type\":\"PropertyValueSpecification\",\"valueRequired\":true,\"valueName\":\"search_term_string\"}}],\"inLanguage\":\"es\"},{\"@type\":\"Organization\",\"@id\":\"https:\/\/www.miamibeachfl.gov\/#organization\",\"name\":\"City of Miami Beach\",\"url\":\"https:\/\/www.miamibeachfl.gov\/\",\"logo\":{\"@type\":\"ImageObject\",\"inLanguage\":\"es\",\"@id\":\"https:\/\/www.miamibeachfl.gov\/#\/schema\/logo\/image\/\",\"url\":\"https:\/\/www.miamibeachfl.gov\/wp-content\/uploads\/2022\/06\/miamibeach-logoblue.png\",\"contentUrl\":\"https:\/\/www.miamibeachfl.gov\/wp-content\/uploads\/2022\/06\/miamibeach-logoblue.png\",\"width\":1962,\"height\":381,\"caption\":\"City of Miami Beach\"},\"image\":{\"@id\":\"https:\/\/www.miamibeachfl.gov\/#\/schema\/logo\/image\/\"},\"sameAs\":[\"https:\/\/www.facebook.com\/cityofmiamibeach\",\"https:\/\/x.com\/Miamibeachnews\",\"https:\/\/www.instagram.com\/miamibeachnews\/\"],\"description\":\"The official website of the City of Miami Beach. Stay informed, find important information on city services, news, alerts, events, trolley routes, government employment and more.\",\"telephone\":\"305.604.CITY(2489)\",\"legalName\":\"City of Miami Beach\"}]}<\/script>\n<!-- \/ Yoast SEO Premium plugin. -->","yoast_head_json":{"title":"Bases del concurso de redes sociales de Miami Beach - Ciudad de Miami Beach","description":"La Ciudad de Miami Beach ha lanzado un sorteo en las redes sociales para SOBEWFF\u00ae a trav\u00e9s de nuestro canal de Instagram pidiendo a los seguidores que completen los pasos que se detallan a continuaci\u00f3n para participar en un sorteo para ganar dos (2) boletos de admisi\u00f3n general al SOBEWFF\u00ae Goya Foods&#039; Grand Tasting Village - 23\/2\/25.","robots":{"index":"index","follow":"follow","max-snippet":"max-snippet:-1","max-image-preview":"max-image-preview:large","max-video-preview":"max-video-preview:-1"},"canonical":"https:\/\/www.miamibeachfl.gov\/es\/giveawayterms\/","og_locale":"es_ES","og_type":"article","og_title":"Miami Beach Social Media Contest Giveaway Terms","og_description":"The City of Miami Beach has launched a social media drawing for SOBEWFF\u00ae via our Instagram channel asking followers to complete the steps outlined below to be entered into a draw to win two (2) General Admission tickets to the SOBEWFF\u00ae Goya Foods' Grand Tasting Village- 2\/23\/25.","og_url":"https:\/\/www.miamibeachfl.gov\/es\/giveawayterms\/","og_site_name":"City of Miami Beach","article_publisher":"https:\/\/www.facebook.com\/cityofmiamibeach","article_modified_time":"2026-02-10T17:16:26+00:00","og_image":[{"width":1000,"height":1000,"url":"https:\/\/www.miamibeachfl.gov\/wp-content\/uploads\/2024\/01\/1000pxSquare-miamibeach-aerial-southpointview.jpeg","type":"image\/jpeg"}],"twitter_card":"summary_large_image","twitter_site":"@Miamibeachnews","schema":{"@context":"https:\/\/schema.org","@graph":[{"@type":"WebPage","@id":"https:\/\/www.miamibeachfl.gov\/giveawayterms\/","url":"https:\/\/www.miamibeachfl.gov\/giveawayterms\/","name":"Bases del concurso de redes sociales de Miami Beach - Ciudad de Miami Beach","isPartOf":{"@id":"https:\/\/www.miamibeachfl.gov\/#website"},"datePublished":"2025-02-13T13:02:50+00:00","dateModified":"2026-02-10T17:16:26+00:00","description":"La Ciudad de Miami Beach ha lanzado un sorteo en las redes sociales para SOBEWFF\u00ae a trav\u00e9s de nuestro canal de Instagram pidiendo a los seguidores que completen los pasos que se detallan a continuaci\u00f3n para participar en un sorteo para ganar dos (2) boletos de admisi\u00f3n general al SOBEWFF\u00ae Goya Foods&#039; Grand Tasting Village - 23\/2\/25.","breadcrumb":{"@id":"https:\/\/www.miamibeachfl.gov\/giveawayterms\/#breadcrumb"},"inLanguage":"es","potentialAction":[{"@type":"ReadAction","target":["https:\/\/www.miamibeachfl.gov\/giveawayterms\/"]}]},{"@type":"BreadcrumbList","@id":"https:\/\/www.miamibeachfl.gov\/giveawayterms\/#breadcrumb","itemListElement":[{"@type":"ListItem","position":1,"name":"Home","item":"https:\/\/www.miamibeachfl.gov\/"},{"@type":"ListItem","position":2,"name":"Miami Beach Social Media Contest Giveaway Terms"}]},{"@type":"WebSite","@id":"https:\/\/www.miamibeachfl.gov\/#website","url":"https:\/\/www.miamibeachfl.gov\/","name":"Ciudad de Miami Beach","description":"Sitio web oficial de la Ciudad de Miami Beach. Mant\u00e9ngase informado, encuentre informaci\u00f3n importante sobre servicios municipales, noticias, alertas, eventos, rutas de tranv\u00edas, empleos gubernamentales y m\u00e1s.","publisher":{"@id":"https:\/\/www.miamibeachfl.gov\/#organization"},"potentialAction":[{"@type":"SearchAction","target":{"@type":"EntryPoint","urlTemplate":"https:\/\/www.miamibeachfl.gov\/?s={search_term_string}"},"query-input":{"@type":"PropertyValueSpecification","valueRequired":true,"valueName":"search_term_string"}}],"inLanguage":"es"},{"@type":"Organization","@id":"https:\/\/www.miamibeachfl.gov\/#organization","name":"Ciudad de Miami Beach","url":"https:\/\/www.miamibeachfl.gov\/","logo":{"@type":"ImageObject","inLanguage":"es","@id":"https:\/\/www.miamibeachfl.gov\/#\/schema\/logo\/image\/","url":"https:\/\/www.miamibeachfl.gov\/wp-content\/uploads\/2022\/06\/miamibeach-logoblue.png","contentUrl":"https:\/\/www.miamibeachfl.gov\/wp-content\/uploads\/2022\/06\/miamibeach-logoblue.png","width":1962,"height":381,"caption":"City of Miami Beach"},"image":{"@id":"https:\/\/www.miamibeachfl.gov\/#\/schema\/logo\/image\/"},"sameAs":["https:\/\/www.facebook.com\/cityofmiamibeach","https:\/\/x.com\/Miamibeachnews","https:\/\/www.instagram.com\/miamibeachnews\/"],"description":"Sitio web oficial de la Ciudad de Miami Beach. Mant\u00e9ngase informado, encuentre informaci\u00f3n importante sobre servicios municipales, noticias, alertas, eventos, rutas de tranv\u00edas, empleos gubernamentales y m\u00e1s.","telephone":"305.604.CITY(2489)","legalName":"City of Miami Beach"}]}},"_links":{"self":[{"href":"https:\/\/www.miamibeachfl.gov\/es\/wp-json\/wp\/v2\/pages\/362357","targetHints":{"allow":["GET"]}}],"collection":[{"href":"https:\/\/www.miamibeachfl.gov\/es\/wp-json\/wp\/v2\/pages"}],"about":[{"href":"https:\/\/www.miamibeachfl.gov\/es\/wp-json\/wp\/v2\/types\/page"}],"author":[{"embeddable":true,"href":"https:\/\/www.miamibeachfl.gov\/es\/wp-json\/wp\/v2\/users\/222"}],"replies":[{"embeddable":true,"href":"https:\/\/www.miamibeachfl.gov\/es\/wp-json\/wp\/v2\/comments?post=362357"}],"version-history":[{"count":0,"href":"https:\/\/www.miamibeachfl.gov\/es\/wp-json\/wp\/v2\/pages\/362357\/revisions"}],"wp:attachment":[{"href":"https:\/\/www.miamibeachfl.gov\/es\/wp-json\/wp\/v2\/media?parent=362357"}],"wp:term":[{"taxonomy":"category","embeddable":true,"href":"https:\/\/www.miamibeachfl.gov\/es\/wp-json\/wp\/v2\/categories?post=362357"},{"taxonomy":"post_tag","embeddable":true,"href":"https:\/\/www.miamibeachfl.gov\/es\/wp-json\/wp\/v2\/tags?post=362357"}],"curies":[{"name":"gracias","href":"https:\/\/api.w.org\/{rel}","templated":true}]}}