{"id":365708,"date":"2025-03-07T10:01:47","date_gmt":"2025-03-07T15:01:47","guid":{"rendered":"https:\/\/www.miamibeachfl.gov\/?page_id=365708"},"modified":"2026-04-29T10:54:46","modified_gmt":"2026-04-29T14:54:46","slug":"oceandrive5streetbikelaneextension","status":"publish","type":"page","link":"https:\/\/www.miamibeachfl.gov\/es\/projects\/oceandrive5streetbikelaneextension\/","title":{"rendered":"Extensi\u00f3n del carril bici de 5 calles de Ocean Drive Ocean"},"content":{"rendered":"\n<h1>\n\t\t\tOcean Drive and 5 Street Northbound Protected Bicycle Lane Extension\t<\/h1>\n<h2>\n\t\t\tProject Overview:\t<\/h2>\n\t<p>The City of Miami Beach is proposing a bicycle lane extension at the intersection of Ocean Drive and 5th Street. The primary purpose of the project is to connect two existing bike lane segments along a small stretch in the northbound direction. The bicycle lane extension project will extend the bicycle lane so that it is continuous through the intersection without any gaps.<\/p>\n\t\t\t\tNew Updates\n\t\t\t\tPast Updates\n\t\t\t\tBicycle Lane Extension Study\n\t\t\t\tPublic Meetings\n\t\t\t\t\t\t\tNew Updates\n\t\t\t\t<ul>\n<li>\n<p><a href=\"https:\/\/www.youtube.com\/watch?v=Nxb4C-9GN7k\"><strong>Virtual Community Meeting: March 16, 2026<\/strong><\/a><\/p>\n<p>&nbsp;<\/p>\n<\/li>\n<li>\n<p><strong><a href=\"https:\/\/www.miamibeachfl.gov\/oceandrive5streetbikelaneextension\/ocean-dr-5-st-nb-bike-lane-03-16-26-final\/\" rel=\"attachment wp-att-397555\">Ocean Dr 5 St NB Bike Lane 03-16-26 (final)<\/a><\/strong><\/p>\n<\/li>\n<\/ul>\n\t\t\t\t\t\t\tPast Updates\n\t\t\t\t\t\t\tBicycle Lane Extension Study\n\t\t\t\t<ul>\n<li><strong><a href=\"https:\/\/www.miamibeachfl.gov\/oceandrive5streetbikelaneextension\/technical-memo-ocean-drive-and-5th-street-bike-lane-extension-january-2025-2\/\" rel=\"attachment wp-att-397556\">Technical Memo &#8211; Ocean Drive and 5th Street Bike Lane Extension (January 2025)<\/a><\/strong><\/li>\n<\/ul>\n\t\t\t\t\t\t\tPublic Meetings\n\t\t\t\t<h3>&nbsp;<\/h3>\n<h3 id=\"photogallery\">\n\t\t\tFrequently asked questions (FAQs)\t<\/h3>\n\t\t\t\t\t<a role=\"heading\" aria-level=\"2\" tabindex=\"-1\" id=\"fl-accordion--label-0\">Where will this project take place?<\/a>\n\t\t\t\t\t\t\t\t\t\t\t<button type=\"button\" id=\"fl-accordion--icon-0\" aria-expanded=\"false\" aria-controls=\"fl-accordion--panel-0\"><i>Expand<\/i><\/button>\n\t\t\t\t\t<p>Answer<\/p>\n\t\t\t\t\t<a role=\"heading\" aria-level=\"2\" tabindex=\"-1\" id=\"fl-accordion--label-1\">  What is the purpose of this project?<\/a>\n\t\t\t\t\t\t\t\t\t\t\t<button type=\"button\" id=\"fl-accordion--icon-1\" aria-expanded=\"false\" aria-controls=\"fl-accordion--panel-1\"><i>Expand<\/i><\/button>\n\t\t\t\t\t<ul>\n<li>Answer<\/li>\n<\/ul>\n\t\t\t\t\t<a role=\"heading\" aria-level=\"2\" tabindex=\"-1\" id=\"fl-accordion--label-2\">Where will this project take place?<\/a>\n\t\t\t\t\t\t\t\t\t\t\t<button type=\"button\" id=\"fl-accordion--icon-2\" aria-expanded=\"false\" aria-controls=\"fl-accordion--panel-2\"><i>Expand<\/i><\/button>\n\t\t\t\t\t<p>Answer<\/p>\n\t\t\t\t\t<a role=\"heading\" aria-level=\"2\" tabindex=\"-1\" id=\"fl-accordion--label-3\">Project Specific FAQs<\/a>\n\t\t\t\t\t\t\t\t\t\t\t<button type=\"button\" id=\"fl-accordion--icon-3\" aria-expanded=\"false\" aria-controls=\"fl-accordion--panel-3\"><i>Expand<\/i><\/button>\n<h3 id=\"photogallery\">\n\t\t\tPhoto Gallery\t<\/h3>\n\t\t\t\t<a href=\"https:\/\/www.miamibeachfl.gov\/wp-content\/uploads\/2024\/06\/Venetian-Causeway-Project-Phase-II-Map-1024x453.png\" data-fancybox=\"images\" title=\"Venetian Causeway Project Phase II - Map\" data-caption=\"Project Map - Overview\" data-description=\"\" itemprop=\"contentUrl\">\n\t\t\t<img loading=\"lazy\" decoding=\"async\" src=\"https:\/\/www.miamibeachfl.gov\/wp-content\/uploads\/2024\/06\/Venetian-Causeway-Project-Phase-II-Map.png\" alt=\"Venetian Causeway\" data-no-lazy=\"1\" itemprop=\"thumbnail\" width=\"1531\" height=\"678\">\n\t\t\t<!-- Overlay Wrapper -->\n\t\t\t <!-- Overlay Wrapper Closed -->\n\t\t\t\t<\/a>\n\t\t\t\t\t\t\t<meta itemprop=\"width\" content=\"1531\">\n\t\t\t<meta itemprop=\"height\" content=\"678\">\n\t<h3 id=\"photogallery\">\n\t\t\tVideos\t<\/h3>\n\t<iframe allowfullscreen=\"\" allow=\"autoplay\" data-src=\"https:\/\/www.youtube.com\/embed\/egB9ivzbqf4?feature=oembed&amp;start&amp;end&amp;wmode=opaque&amp;loop=0&amp;controls=1&amp;mute=0&amp;rel=0&amp;modestbranding=0\" title=\"West Avenue Phase II - Harmonization Process Overview Video\"><\/iframe>\t\t\n\t\t\t\t\tPlay Video\n\t\t\tWest Avenue Phase II &#8211; Harmonization Process Overview Video\n\t<iframe allowfullscreen=\"\" allow=\"autoplay\" data-src=\"https:\/\/www.youtube.com\/embed\/ZDSz9XhY2fI?feature=oembed&amp;start&amp;end&amp;wmode=opaque&amp;loop=0&amp;controls=1&amp;mute=0&amp;rel=0&amp;modestbranding=0\" title=\"West Avenue Phase II - Neighborhood Improvement Project Update - July 2025\"><\/iframe>\t\t\n\t\t\t\t\tPlay Video\n\t\t\tWest Avenue Phase II &#8211; Neighborhood Improvement Project Update &#8211; July 2025\n<h3 id=\"photogallery\">\n\t\t\tLocation\t<\/h3>\n\t<iframe src=\"https:\/\/www.google.com\/maps\/embed\/v1\/place?q=Ocean+Drive+and+5th+Street&amp;key=AIzaSyD09zQ9PNDNNy9TadMuzRV_UsPUoWKntt8\" aria-hidden=\"true\" title=\"Ocean Drive and 5th Street\"><\/iframe>\n\t<p>The city has opened a comment period for participants to review the plans and provide feedback for the project team. Please submit all comments through the comment form. Click on the button below to access form:<\/p>\n\t\t\t<a href=\"https:\/\/forms.office.com\/g\/i179iNnFyF\" target=\"_blank\" rel=\"noopener\">\n\t\t\t\t\t\t\tFeedback Form\n\t\t\t<\/a>\n<h3>\n\t\t\tQuestions?\t<\/h3>\n\t<p>Reach out for more information.<\/p>\n\t<div class=\"wpforms-container wpforms-container-full\" id=\"wpforms-280042\"><form id=\"wpforms-form-280042\" class=\"wpforms-validate wpforms-form wpforms-ajax-form\" data-formid=\"280042\" method=\"post\" enctype=\"multipart\/form-data\" action=\"\/es\/wp-json\/wp\/v2\/pages\/365708\" data-token=\"3559ffdfff30d06b9f75eb72f3dd4194\" data-token-time=\"1777540040\"><noscript class=\"wpforms-error-noscript\">Por favor, activa JavaScript en tu navegador para completar este formulario.<\/noscript><div class=\"wpforms-field-container\"><div id=\"wpforms-280042-field_0-container\" class=\"wpforms-field wpforms-field-name\" data-field-id=\"0\"><label class=\"wpforms-field-label\">Name <span class=\"wpforms-required-label\">*<\/span><\/label><div class=\"wpforms-field-row wpforms-field-medium\"><div class=\"wpforms-field-row-block wpforms-first wpforms-one-half\"><input type=\"text\" id=\"wpforms-280042-field_0\" class=\"wpforms-field-name-first wpforms-field-required\" name=\"wpforms[fields][0][first]\" required><label for=\"wpforms-280042-field_0\" class=\"wpforms-field-sublabel after\">Nombre<\/label><\/div><div class=\"wpforms-field-row-block wpforms-one-half\"><input type=\"text\" id=\"wpforms-280042-field_0-last\" class=\"wpforms-field-name-last wpforms-field-required\" name=\"wpforms[fields][0][last]\" required><label for=\"wpforms-280042-field_0-last\" class=\"wpforms-field-sublabel after\">Apellidos<\/label><\/div><\/div><\/div><div id=\"wpforms-280042-field_1-container\" class=\"wpforms-field wpforms-field-email\" data-field-id=\"1\"><label class=\"wpforms-field-label\" for=\"wpforms-280042-field_1\">Email <span class=\"wpforms-required-label\">*<\/span><\/label><input type=\"email\" id=\"wpforms-280042-field_1\" class=\"wpforms-field-medium wpforms-field-required\" name=\"wpforms[fields][1]\" spellcheck=\"false\" required><\/div><div id=\"wpforms-280042-field_2-container\" class=\"wpforms-field wpforms-field-textarea\" data-field-id=\"2\"><label class=\"wpforms-field-label\" for=\"wpforms-280042-field_2\">Comment or Message<\/label><textarea id=\"wpforms-280042-field_2\" class=\"wpforms-field-medium\" name=\"wpforms[fields][2]\" ><\/textarea><\/div><div id=\"wpforms-280042-field_4-container\" class=\"wpforms-field wpforms-field-hidden\" data-field-id=\"4\"><input type=\"hidden\" id=\"wpforms-280042-field_4\" name=\"wpforms[fields][4]\" value=\": https:\/\/www.miamibeachfl.gov\/es\/wp-json\/wp\/v2\/pages\/365708\"><\/div><\/div><!-- .wpforms-field-container --><div class=\"wpforms-recaptcha-container wpforms-is-recaptcha wpforms-is-recaptcha-type-v2\" ><div class=\"g-recaptcha\" data-sitekey=\"6Lcwxc4pAAAAAKPjNaeWluTmul42T6sdKruYO3BQ\"><\/div><input type=\"text\" name=\"g-recaptcha-hidden\" class=\"wpforms-recaptcha-hidden\" style=\"position:absolute!important;clip:rect(0,0,0,0)!important;height:1px!important;width:1px!important;border:0!important;overflow:hidden!important;padding:0!important;margin:0!important;\" data-rule-recaptcha=\"1\"><\/div><div class=\"wpforms-submit-container\" ><input type=\"hidden\" name=\"wpforms[id]\" value=\"280042\"><input type=\"hidden\" name=\"page_title\" value=\"\"><input type=\"hidden\" name=\"page_url\" value=\"https:\/\/www.miamibeachfl.gov\/es\/wp-json\/wp\/v2\/pages\/365708\"><input type=\"hidden\" name=\"url_referer\" value=\"\"><button type=\"submit\" name=\"wpforms[submit]\" id=\"wpforms-submit-280042\" class=\"wpforms-submit\" data-alt-text=\"Sending...\" data-submit-text=\"Submit\" aria-live=\"assertive\" value=\"wpforms-submit\">Submit<\/button><img loading=\"lazy\" decoding=\"async\" src=\"https:\/\/www.miamibeachfl.gov\/wp-content\/plugins\/wpforms\/assets\/images\/submit-spin.svg\" class=\"wpforms-submit-spinner\" style=\"display: none;\" width=\"26\" height=\"26\" alt=\"Cargando\"><\/div><\/form><\/div>  <!-- .wpforms-container -->\n<h3 id=\"photogallery\">\n\t\t\tProject Staff\t<\/h3>\n\t<strong>Department Lead<\/strong><br>\nTransportation\n<strong>Department Director<\/strong><br>\nJose Gonzalez\n<strong>Project Manager<\/strong><br>\nGhassan Choeiry\n<strong>Neighborhood Affairs Coordinator<\/strong><br>\nNicholas Levy\n<h3 id=\"photogallery\">\n\t\t\tFunding\t<\/h3>\n<figure itemscope=\"\" itemtype=\"https:\/\/schema.org\/ImageObject\">\n\t\t\t\t<img decoding=\"async\" src=\"https:\/\/www.miamibeachfl.gov\/wp-content\/uploads\/2026\/03\/funding.png\" alt=\"Funding\" height=\"200\" width=\"200\" title=\"funding\" onerror=\"this.style.display='none'\" loading=\"lazy\">\n\t<\/figure>\n\t<p><strong>Total Budget:<\/strong> $18,132,386.40<\/p>\n<h3 id=\"photogallery\">\n\t\t\tProject Status\t<\/h3>\n\t\tConstruction<h2>0%<\/h2>Completed\n<h3 id=\"photogallery\">\n\t\t\tLast updated:\t<\/h3>\n\t<p>March 2026<\/p>\n","protected":false},"excerpt":{"rendered":"<p>Ocean Drive and 5 Street Northbound Protected Bicycle Lane Extension Project Overview: The City of Miami Beach is proposing a [&hellip;]<\/p>\n","protected":false},"author":222,"featured_media":0,"parent":397831,"menu_order":0,"comment_status":"closed","ping_status":"closed","template":"","meta":{"_searchwp_excluded":"","site-sidebar-layout":"default","site-content-layout":"","ast-site-content-layout":"default","site-content-style":"default","site-sidebar-style":"default","ast-global-header-display":"","ast-banner-title-visibility":"","ast-main-header-display":"","ast-hfb-above-header-display":"","ast-hfb-below-header-display":"","ast-hfb-mobile-header-display":"","site-post-title":"","ast-breadcrumbs-content":"","ast-featured-img":"","footer-sml-layout":"","theme-transparent-header-meta":"","adv-header-id-meta":"","stick-header-meta":"","header-above-stick-meta":"","header-main-stick-meta":"","header-below-stick-meta":"","astra-migrate-meta-layouts":"default","ast-page-background-enabled":"default","ast-page-background-meta":{"desktop":{"background-color":"var(--ast-global-color-5)","background-image":"","background-repeat":"repeat","background-position":"center center","background-size":"auto","background-attachment":"scroll","background-type":"","background-media":"","overlay-type":"","overlay-color":"","overlay-opacity":"","overlay-gradient":""},"tablet":{"background-color":"","background-image":"","background-repeat":"repeat","background-position":"center center","background-size":"auto","background-attachment":"scroll","background-type":"","background-media":"","overlay-type":"","overlay-color":"","overlay-opacity":"","overlay-gradient":""},"mobile":{"background-color":"","background-image":"","background-repeat":"repeat","background-position":"center center","background-size":"auto","background-attachment":"scroll","background-type":"","background-media":"","overlay-type":"","overlay-color":"","overlay-opacity":"","overlay-gradient":""}},"ast-content-background-meta":{"desktop":{"background-color":"var(--ast-global-color-4)","background-image":"","background-repeat":"repeat","background-position":"center center","background-size":"auto","background-attachment":"scroll","background-type":"","background-media":"","overlay-type":"","overlay-color":"","overlay-opacity":"","overlay-gradient":""},"tablet":{"background-color":"var(--ast-global-color-4)","background-image":"","background-repeat":"repeat","background-position":"center center","background-size":"auto","background-attachment":"scroll","background-type":"","background-media":"","overlay-type":"","overlay-color":"","overlay-opacity":"","overlay-gradient":""},"mobile":{"background-color":"var(--ast-global-color-4)","background-image":"","background-repeat":"repeat","background-position":"center center","background-size":"auto","background-attachment":"scroll","background-type":"","background-media":"","overlay-type":"","overlay-color":"","overlay-opacity":"","overlay-gradient":""}},"footnotes":""},"categories":[1886,1884],"tags":[],"class_list":["post-365708","page","type-page","status-publish","hentry","category-north-beach-projects","category-other-projects"],"yoast_head":"<!-- This site is optimized with the Yoast SEO Premium plugin v27.4 (Yoast SEO v27.4) - https:\/\/yoast.com\/product\/yoast-seo-premium-wordpress\/ -->\n<title>Ocean Drive 5 Street Bike Lane Extension Ocean - City of Miami Beach<\/title>\n<meta name=\"description\" content=\"Ocean drive one-way southbound reconfiguration traffic impact evaluation - April 2025\" \/>\n<meta name=\"robots\" content=\"index, follow, max-snippet:-1, max-image-preview:large, max-video-preview:-1\" \/>\n<link rel=\"canonical\" href=\"https:\/\/www.miamibeachfl.gov\/es\/projects\/oceandrive5streetbikelaneextension\/\" \/>\n<meta property=\"og:locale\" content=\"es_ES\" \/>\n<meta property=\"og:type\" content=\"article\" \/>\n<meta property=\"og:title\" content=\"Ocean Drive 5 Street Bike Lane Extension Ocean\" \/>\n<meta property=\"og:description\" content=\"Ocean drive one-way southbound reconfiguration traffic impact evaluation - April 2025\" \/>\n<meta property=\"og:url\" content=\"https:\/\/www.miamibeachfl.gov\/es\/projects\/oceandrive5streetbikelaneextension\/\" \/>\n<meta property=\"og:site_name\" content=\"City of Miami Beach\" \/>\n<meta property=\"article:publisher\" content=\"https:\/\/www.facebook.com\/cityofmiamibeach\" \/>\n<meta property=\"article:modified_time\" content=\"2026-04-29T14:54:46+00:00\" \/>\n<meta property=\"og:image\" content=\"https:\/\/www.miamibeachfl.gov\/wp-content\/uploads\/2024\/06\/Venetian-Causeway-Project-Phase-II-Map.png\" \/>\n<meta name=\"twitter:card\" content=\"summary_large_image\" \/>\n<meta name=\"twitter:site\" content=\"@Miamibeachnews\" \/>\n<script type=\"application\/ld+json\" class=\"yoast-schema-graph\">{\"@context\":\"https:\\\/\\\/schema.org\",\"@graph\":[{\"@type\":\"WebPage\",\"@id\":\"https:\\\/\\\/www.miamibeachfl.gov\\\/projects\\\/oceandrive5streetbikelaneextension\\\/\",\"url\":\"https:\\\/\\\/www.miamibeachfl.gov\\\/projects\\\/oceandrive5streetbikelaneextension\\\/\",\"name\":\"Ocean Drive 5 Street Bike Lane Extension Ocean - City of Miami Beach\",\"isPartOf\":{\"@id\":\"https:\\\/\\\/www.miamibeachfl.gov\\\/#website\"},\"primaryImageOfPage\":{\"@id\":\"https:\\\/\\\/www.miamibeachfl.gov\\\/projects\\\/oceandrive5streetbikelaneextension\\\/#primaryimage\"},\"image\":{\"@id\":\"https:\\\/\\\/www.miamibeachfl.gov\\\/projects\\\/oceandrive5streetbikelaneextension\\\/#primaryimage\"},\"thumbnailUrl\":\"https:\\\/\\\/www.miamibeachfl.gov\\\/wp-content\\\/uploads\\\/2024\\\/06\\\/Venetian-Causeway-Project-Phase-II-Map.png\",\"datePublished\":\"2025-03-07T15:01:47+00:00\",\"dateModified\":\"2026-04-29T14:54:46+00:00\",\"description\":\"Ocean drive one-way southbound reconfiguration traffic impact evaluation - April 2025\",\"breadcrumb\":{\"@id\":\"https:\\\/\\\/www.miamibeachfl.gov\\\/projects\\\/oceandrive5streetbikelaneextension\\\/#breadcrumb\"},\"inLanguage\":\"es\",\"potentialAction\":[{\"@type\":\"ReadAction\",\"target\":[\"https:\\\/\\\/www.miamibeachfl.gov\\\/projects\\\/oceandrive5streetbikelaneextension\\\/\"]}]},{\"@type\":\"ImageObject\",\"inLanguage\":\"es\",\"@id\":\"https:\\\/\\\/www.miamibeachfl.gov\\\/projects\\\/oceandrive5streetbikelaneextension\\\/#primaryimage\",\"url\":\"https:\\\/\\\/www.miamibeachfl.gov\\\/wp-content\\\/uploads\\\/2024\\\/06\\\/Venetian-Causeway-Project-Phase-II-Map.png\",\"contentUrl\":\"https:\\\/\\\/www.miamibeachfl.gov\\\/wp-content\\\/uploads\\\/2024\\\/06\\\/Venetian-Causeway-Project-Phase-II-Map.png\"},{\"@type\":\"BreadcrumbList\",\"@id\":\"https:\\\/\\\/www.miamibeachfl.gov\\\/projects\\\/oceandrive5streetbikelaneextension\\\/#breadcrumb\",\"itemListElement\":[{\"@type\":\"ListItem\",\"position\":1,\"name\":\"Home\",\"item\":\"https:\\\/\\\/www.miamibeachfl.gov\\\/\"},{\"@type\":\"ListItem\",\"position\":2,\"name\":\"Projects\",\"item\":\"https:\\\/\\\/www.miamibeachfl.gov\\\/projects\\\/\"},{\"@type\":\"ListItem\",\"position\":3,\"name\":\"Ocean Drive 5 Street Bike Lane Extension Ocean\"}]},{\"@type\":\"WebSite\",\"@id\":\"https:\\\/\\\/www.miamibeachfl.gov\\\/#website\",\"url\":\"https:\\\/\\\/www.miamibeachfl.gov\\\/\",\"name\":\"City of Miami Beach\",\"description\":\"The official website of the City of Miami Beach. Stay informed, find important information on city services, news, alerts, events, trolley routes, government employment and more.\",\"publisher\":{\"@id\":\"https:\\\/\\\/www.miamibeachfl.gov\\\/#organization\"},\"potentialAction\":[{\"@type\":\"SearchAction\",\"target\":{\"@type\":\"EntryPoint\",\"urlTemplate\":\"https:\\\/\\\/www.miamibeachfl.gov\\\/?s={search_term_string}\"},\"query-input\":{\"@type\":\"PropertyValueSpecification\",\"valueRequired\":true,\"valueName\":\"search_term_string\"}}],\"inLanguage\":\"es\"},{\"@type\":\"Organization\",\"@id\":\"https:\\\/\\\/www.miamibeachfl.gov\\\/#organization\",\"name\":\"City of Miami Beach\",\"url\":\"https:\\\/\\\/www.miamibeachfl.gov\\\/\",\"logo\":{\"@type\":\"ImageObject\",\"inLanguage\":\"es\",\"@id\":\"https:\\\/\\\/www.miamibeachfl.gov\\\/#\\\/schema\\\/logo\\\/image\\\/\",\"url\":\"https:\\\/\\\/www.miamibeachfl.gov\\\/wp-content\\\/uploads\\\/2022\\\/06\\\/miamibeach-logoblue.png\",\"contentUrl\":\"https:\\\/\\\/www.miamibeachfl.gov\\\/wp-content\\\/uploads\\\/2022\\\/06\\\/miamibeach-logoblue.png\",\"width\":1962,\"height\":381,\"caption\":\"City of Miami Beach\"},\"image\":{\"@id\":\"https:\\\/\\\/www.miamibeachfl.gov\\\/#\\\/schema\\\/logo\\\/image\\\/\"},\"sameAs\":[\"https:\\\/\\\/www.facebook.com\\\/cityofmiamibeach\",\"https:\\\/\\\/x.com\\\/Miamibeachnews\",\"https:\\\/\\\/www.instagram.com\\\/miamibeachnews\\\/\"],\"description\":\"The official website of the City of Miami Beach. Stay informed, find important information on city services, news, alerts, events, trolley routes, government employment and more.\",\"telephone\":\"305.604.CITY(2489)\",\"legalName\":\"City of Miami Beach\"}]}<\/script>\n<!-- \/ Yoast SEO Premium plugin. -->","yoast_head_json":{"title":"Ocean Drive 5 Street Bike Lane Extension Ocean - City of Miami Beach","description":"Evaluaci\u00f3n del impacto del tr\u00e1fico por la reconfiguraci\u00f3n de la v\u00eda unidireccional en direcci\u00f3n sur de Ocean Drive - abril de 2025","robots":{"index":"index","follow":"follow","max-snippet":"max-snippet:-1","max-image-preview":"max-image-preview:large","max-video-preview":"max-video-preview:-1"},"canonical":"https:\/\/www.miamibeachfl.gov\/es\/projects\/oceandrive5streetbikelaneextension\/","og_locale":"es_ES","og_type":"article","og_title":"Ocean Drive 5 Street Bike Lane Extension Ocean","og_description":"Ocean drive one-way southbound reconfiguration traffic impact evaluation - April 2025","og_url":"https:\/\/www.miamibeachfl.gov\/es\/projects\/oceandrive5streetbikelaneextension\/","og_site_name":"City of Miami Beach","article_publisher":"https:\/\/www.facebook.com\/cityofmiamibeach","article_modified_time":"2026-04-29T14:54:46+00:00","og_image":[{"url":"https:\/\/www.miamibeachfl.gov\/wp-content\/uploads\/2024\/06\/Venetian-Causeway-Project-Phase-II-Map.png","type":"","width":"","height":""}],"twitter_card":"summary_large_image","twitter_site":"@Miamibeachnews","schema":{"@context":"https:\/\/schema.org","@graph":[{"@type":"WebPage","@id":"https:\/\/www.miamibeachfl.gov\/projects\/oceandrive5streetbikelaneextension\/","url":"https:\/\/www.miamibeachfl.gov\/projects\/oceandrive5streetbikelaneextension\/","name":"Ocean Drive 5 Street Bike Lane Extension Ocean - City of Miami Beach","isPartOf":{"@id":"https:\/\/www.miamibeachfl.gov\/#website"},"primaryImageOfPage":{"@id":"https:\/\/www.miamibeachfl.gov\/projects\/oceandrive5streetbikelaneextension\/#primaryimage"},"image":{"@id":"https:\/\/www.miamibeachfl.gov\/projects\/oceandrive5streetbikelaneextension\/#primaryimage"},"thumbnailUrl":"https:\/\/www.miamibeachfl.gov\/wp-content\/uploads\/2024\/06\/Venetian-Causeway-Project-Phase-II-Map.png","datePublished":"2025-03-07T15:01:47+00:00","dateModified":"2026-04-29T14:54:46+00:00","description":"Evaluaci\u00f3n del impacto del tr\u00e1fico por la reconfiguraci\u00f3n de la v\u00eda unidireccional en direcci\u00f3n sur de Ocean Drive - abril de 2025","breadcrumb":{"@id":"https:\/\/www.miamibeachfl.gov\/projects\/oceandrive5streetbikelaneextension\/#breadcrumb"},"inLanguage":"es","potentialAction":[{"@type":"ReadAction","target":["https:\/\/www.miamibeachfl.gov\/projects\/oceandrive5streetbikelaneextension\/"]}]},{"@type":"ImageObject","inLanguage":"es","@id":"https:\/\/www.miamibeachfl.gov\/projects\/oceandrive5streetbikelaneextension\/#primaryimage","url":"https:\/\/www.miamibeachfl.gov\/wp-content\/uploads\/2024\/06\/Venetian-Causeway-Project-Phase-II-Map.png","contentUrl":"https:\/\/www.miamibeachfl.gov\/wp-content\/uploads\/2024\/06\/Venetian-Causeway-Project-Phase-II-Map.png"},{"@type":"BreadcrumbList","@id":"https:\/\/www.miamibeachfl.gov\/projects\/oceandrive5streetbikelaneextension\/#breadcrumb","itemListElement":[{"@type":"ListItem","position":1,"name":"Home","item":"https:\/\/www.miamibeachfl.gov\/"},{"@type":"ListItem","position":2,"name":"Projects","item":"https:\/\/www.miamibeachfl.gov\/projects\/"},{"@type":"ListItem","position":3,"name":"Ocean Drive 5 Street Bike Lane Extension Ocean"}]},{"@type":"WebSite","@id":"https:\/\/www.miamibeachfl.gov\/#website","url":"https:\/\/www.miamibeachfl.gov\/","name":"Ciudad de Miami Beach","description":"Sitio web oficial de la Ciudad de Miami Beach. Mant\u00e9ngase informado, encuentre informaci\u00f3n importante sobre servicios municipales, noticias, alertas, eventos, rutas de tranv\u00edas, empleos gubernamentales y m\u00e1s.","publisher":{"@id":"https:\/\/www.miamibeachfl.gov\/#organization"},"potentialAction":[{"@type":"SearchAction","target":{"@type":"EntryPoint","urlTemplate":"https:\/\/www.miamibeachfl.gov\/?s={search_term_string}"},"query-input":{"@type":"PropertyValueSpecification","valueRequired":true,"valueName":"search_term_string"}}],"inLanguage":"es"},{"@type":"Organization","@id":"https:\/\/www.miamibeachfl.gov\/#organization","name":"Ciudad de Miami Beach","url":"https:\/\/www.miamibeachfl.gov\/","logo":{"@type":"ImageObject","inLanguage":"es","@id":"https:\/\/www.miamibeachfl.gov\/#\/schema\/logo\/image\/","url":"https:\/\/www.miamibeachfl.gov\/wp-content\/uploads\/2022\/06\/miamibeach-logoblue.png","contentUrl":"https:\/\/www.miamibeachfl.gov\/wp-content\/uploads\/2022\/06\/miamibeach-logoblue.png","width":1962,"height":381,"caption":"City of Miami Beach"},"image":{"@id":"https:\/\/www.miamibeachfl.gov\/#\/schema\/logo\/image\/"},"sameAs":["https:\/\/www.facebook.com\/cityofmiamibeach","https:\/\/x.com\/Miamibeachnews","https:\/\/www.instagram.com\/miamibeachnews\/"],"description":"Sitio web oficial de la Ciudad de Miami Beach. Mant\u00e9ngase informado, encuentre informaci\u00f3n importante sobre servicios municipales, noticias, alertas, eventos, rutas de tranv\u00edas, empleos gubernamentales y m\u00e1s.","telephone":"305.604.CITY(2489)","legalName":"City of Miami Beach"}]}},"_links":{"self":[{"href":"https:\/\/www.miamibeachfl.gov\/es\/wp-json\/wp\/v2\/pages\/365708","targetHints":{"allow":["GET"]}}],"collection":[{"href":"https:\/\/www.miamibeachfl.gov\/es\/wp-json\/wp\/v2\/pages"}],"about":[{"href":"https:\/\/www.miamibeachfl.gov\/es\/wp-json\/wp\/v2\/types\/page"}],"author":[{"embeddable":true,"href":"https:\/\/www.miamibeachfl.gov\/es\/wp-json\/wp\/v2\/users\/222"}],"replies":[{"embeddable":true,"href":"https:\/\/www.miamibeachfl.gov\/es\/wp-json\/wp\/v2\/comments?post=365708"}],"version-history":[{"count":13,"href":"https:\/\/www.miamibeachfl.gov\/es\/wp-json\/wp\/v2\/pages\/365708\/revisions"}],"predecessor-version":[{"id":399816,"href":"https:\/\/www.miamibeachfl.gov\/es\/wp-json\/wp\/v2\/pages\/365708\/revisions\/399816"}],"up":[{"embeddable":true,"href":"https:\/\/www.miamibeachfl.gov\/es\/wp-json\/wp\/v2\/pages\/397831"}],"wp:attachment":[{"href":"https:\/\/www.miamibeachfl.gov\/es\/wp-json\/wp\/v2\/media?parent=365708"}],"wp:term":[{"taxonomy":"category","embeddable":true,"href":"https:\/\/www.miamibeachfl.gov\/es\/wp-json\/wp\/v2\/categories?post=365708"},{"taxonomy":"post_tag","embeddable":true,"href":"https:\/\/www.miamibeachfl.gov\/es\/wp-json\/wp\/v2\/tags?post=365708"}],"curies":[{"name":"gracias","href":"https:\/\/api.w.org\/{rel}","templated":true}]}}