{"id":367994,"date":"2025-03-28T13:37:01","date_gmt":"2025-03-28T17:37:01","guid":{"rendered":"https:\/\/www.miamibeachfl.gov\/?page_id=367994"},"modified":"2026-03-30T16:34:17","modified_gmt":"2026-03-30T20:34:17","slug":"freebee","status":"publish","type":"page","link":"https:\/\/www.miamibeachfl.gov\/es\/freebee\/","title":{"rendered":"Abeja gratis"},"content":{"rendered":"<img decoding=\"async\" src=\"https:\/\/www.miamibeachfl.gov\/wp-content\/uploads\/2025\/03\/freebeelogo.jpg\" alt=\"freebee logo\" itemprop=\"image\" height=\"207\" width=\"500\" title=\"logotipo de freebee\" onerror=\"this.style.display='none'\" loading=\"lazy\" \/>\n<h2>\n\t\t\tFreebee On\u2011Demand Service &#8211; Available in both Miami and Miami Beach.\t<\/h2>\n\t<p>La Ciudad de Miami Beach se ha asociado con Freebee para ofrecer un servicio GRATUITO de Transporte P\u00fablico a Demanda (ODT) a los pasajeros de Mid Beach y partes de North Beach. El servicio ODT ofrece un servicio de primera y \u00faltima milla que conecta con el tranv\u00eda de Miami Beach y el autob\u00fas del condado de Miami-Dade dentro del \u00e1rea de servicio geocercada, as\u00ed como servicio puerta a puerta para viajes que se originan y terminan dentro del \u00e1rea de servicio geocercada. El servicio funciona como un servicio continuo de transporte compartido, ajustando din\u00e1micamente las rutas de los veh\u00edculos para satisfacer la demanda de pasajeros y las necesidades de servicio dentro del \u00e1rea.<\/p>\n<strong>Horario de servicio:<\/strong><br \/>\nLunes a viernes: 6:30 a. m. a 10 p. m.<br \/>\nS\u00e1bado: 8 a. m. a 10 p. m.<br \/>\nDomingo: 8 a. m. a 8 p. m.<br \/>\nTarifa: Gratis\n\t<p>Para solicitar un viaje gratuito en Freebee,\u00a0<a title=\"tel:8559183733\" href=\"tel:8559183733\" data-outlook-id=\"9e9c9248-3de6-469d-9d3e-f279b08bec9a\"><b>Por favor llame al 855.918.3733<\/b><\/a>, descargue la aplicaci\u00f3n m\u00f3vil Ride Freebee en su tel\u00e9fono inteligente (instrucciones a continuaci\u00f3n) o llame a un Freebee en la calle.<\/p>\n<hr \/>\n<p><a href=\"https:\/\/www.miamibeachfl.gov\/wp-content\/uploads\/2025\/06\/Miami-Beach-Pamphlet-Update-March-202562.pdf\"><img loading=\"lazy\" decoding=\"async\" src=\"https:\/\/www.miamibeachfl.gov\/wp-content\/uploads\/2025\/06\/freebeeflyer.jpg\" alt=\"freebee flyer\" width=\"696\" height=\"348\" \/><\/a><\/p>\n<hr \/>\n<ul>\n<li>Le sugerimos solicitar el servicio aproximadamente 20 minutos antes de su hora de salida deseada.<\/li>\n<li>Los veh\u00edculos MB Freebee son 100% el\u00e9ctricos y libres de emisiones.<\/li>\n<li>Los ni\u00f1os m\u00e1s peque\u00f1os y los beb\u00e9s deben viajar asegurados en un asiento de seguridad aprobado por el gobierno federal, proporcionado por sus padres o tutores.<\/li>\n<li>Hay asientos elevadores disponibles para ni\u00f1os si los necesita. Si lo necesita, solic\u00edtelo al conductor.<\/li>\n<li>Las conexiones de tr\u00e1nsito disponibles est\u00e1n disponibles en las siguientes ubicaciones:<\/li>\n<\/ul>\n\t\t\t\t<a href=\"https:\/\/www.miamibeachfl.gov\/wp-content\/uploads\/2025\/06\/freebeemap.jpg\"  target=\"_self\" itemprop=\"url\">\n\t\t\t\t<img decoding=\"async\" src=\"https:\/\/www.miamibeachfl.gov\/wp-content\/uploads\/2025\/06\/freebeemap.jpg\" alt=\"freebee map\" itemprop=\"image\" height=\"734\" width=\"500\" title=\"mapa de abejas gratuito\" onerror=\"this.style.display='none'\" loading=\"lazy\" \/>\n\t\t\t\t<\/a>\n\t<ul>\n<li>\n<p>Centro de tr\u00e1nsito en Alton Road\/Lincoln Road<\/p>\n<\/li>\n<li>\n<p>Publix en West Avenue\/19 Street Publix<\/p>\n<\/li>\n<li>\n<p>Centro de tr\u00e1nsito en Washington Avenue\/17 Street<\/p>\n<\/li>\n<li>\n<p>Centro de tr\u00e1nsito en Indian Creek Dr\/41 Street<\/p>\n<\/li>\n<li>\n<p>Centro de tr\u00e1nsito en Indian Creek Drive\/Calle 63<\/p>\n<\/li>\n<li>\n<p>Centro Shane en Indian Creek Drive\/Calle 65<\/p>\n<\/li>\n<li>\n<p>Publix en Collins Avenue\/Calle 69<\/p>\n<\/li>\n<\/ul>\n\t<p>Si no tiene acceso a un tel\u00e9fono inteligente o desea solicitar adaptaciones de accesibilidad adicionales, llame al 855.918.3733.<\/p>\n<p><strong>Enlaces \u00fatiles<\/strong><\/p>\n<a href=\"https:\/\/www.miamibeachfl.gov\/es\/city-hall\/transportation\/trolley\/customer-rights\/\" data-outlook-id=\"1b8617f0-f6d8-4978-8b66-e15ffb5abeec\"><strong>Ver los derechos del cliente<\/strong><\/a><br \/>\n<a href=\"https:\/\/www.miamibeachfl.gov\/es\/city-hall\/transportation\/trolley\/trolley-feedback-form\/\" data-outlook-id=\"45239134-9a4b-4108-a311-9f96db35c14f\"><strong>\u00bfQuiere presentar una queja o proporcionar comentarios?<\/strong><\/a>\n<p>Descargar la aplicaci\u00f3n m\u00f3vil en\u00a0<a href=\"https:\/\/play.google.com\/store\/apps\/details?id=com.ravn.freebee&amp;hl=en_US&amp;pli=1\" data-outlook-id=\"686bdff4-2f50-42b9-996b-9363a60ff591\"><strong>Google Play<\/strong><\/a>\u00a0o\u00a0<a href=\"https:\/\/apps.apple.com\/us\/app\/ride-freebee\/id1014088236\" data-outlook-id=\"d2e46982-43fa-4e02-9951-6c5536b79a04\"><strong>Tienda Apple<\/strong><\/a><\/p>\n<p>Para asuntos de servicio al cliente (preguntas, comentarios o quejas), comun\u00edquese con el Departamento de Transporte y Movilidad de la Ciudad al <a href=\"tel:3056737514\"><strong>305.673.7514<\/strong><\/a>.<\/p>\n<p>\u00a1Nos encantar\u00eda saber de usted!<\/p>","protected":false},"excerpt":{"rendered":"<p>Freebee On\u2011Demand Service &#8211; Available in both Miami and Miami Beach. The City of Miami Beach has partnered with Freebee [&hellip;]<\/p>\n","protected":false},"author":222,"featured_media":0,"parent":0,"menu_order":0,"comment_status":"closed","ping_status":"closed","template":"","meta":{"_searchwp_excluded":"","site-sidebar-layout":"default","site-content-layout":"","ast-site-content-layout":"default","site-content-style":"default","site-sidebar-style":"default","ast-global-header-display":"","ast-banner-title-visibility":"","ast-main-header-display":"","ast-hfb-above-header-display":"","ast-hfb-below-header-display":"","ast-hfb-mobile-header-display":"","site-post-title":"","ast-breadcrumbs-content":"","ast-featured-img":"","footer-sml-layout":"","theme-transparent-header-meta":"","adv-header-id-meta":"","stick-header-meta":"","header-above-stick-meta":"","header-main-stick-meta":"","header-below-stick-meta":"","astra-migrate-meta-layouts":"default","ast-page-background-enabled":"default","ast-page-background-meta":{"desktop":{"background-color":"var(--ast-global-color-5)","background-image":"","background-repeat":"repeat","background-position":"center center","background-size":"auto","background-attachment":"scroll","background-type":"","background-media":"","overlay-type":"","overlay-color":"","overlay-opacity":"","overlay-gradient":""},"tablet":{"background-color":"","background-image":"","background-repeat":"repeat","background-position":"center center","background-size":"auto","background-attachment":"scroll","background-type":"","background-media":"","overlay-type":"","overlay-color":"","overlay-opacity":"","overlay-gradient":""},"mobile":{"background-color":"","background-image":"","background-repeat":"repeat","background-position":"center center","background-size":"auto","background-attachment":"scroll","background-type":"","background-media":"","overlay-type":"","overlay-color":"","overlay-opacity":"","overlay-gradient":""}},"ast-content-background-meta":{"desktop":{"background-color":"var(--ast-global-color-4)","background-image":"","background-repeat":"repeat","background-position":"center center","background-size":"auto","background-attachment":"scroll","background-type":"","background-media":"","overlay-type":"","overlay-color":"","overlay-opacity":"","overlay-gradient":""},"tablet":{"background-color":"var(--ast-global-color-4)","background-image":"","background-repeat":"repeat","background-position":"center center","background-size":"auto","background-attachment":"scroll","background-type":"","background-media":"","overlay-type":"","overlay-color":"","overlay-opacity":"","overlay-gradient":""},"mobile":{"background-color":"var(--ast-global-color-4)","background-image":"","background-repeat":"repeat","background-position":"center center","background-size":"auto","background-attachment":"scroll","background-type":"","background-media":"","overlay-type":"","overlay-color":"","overlay-opacity":"","overlay-gradient":""}},"footnotes":""},"categories":[],"tags":[],"class_list":["post-367994","page","type-page","status-publish","hentry"],"yoast_head":"<!-- This site is optimized with the Yoast SEO Premium plugin v27.4 (Yoast SEO v27.4) - https:\/\/yoast.com\/product\/yoast-seo-premium-wordpress\/ -->\n<title>Freebee - City of Miami Beach<\/title>\n<meta name=\"description\" content=\"%\" \/>\n<meta name=\"robots\" content=\"index, follow, max-snippet:-1, max-image-preview:large, max-video-preview:-1\" \/>\n<link rel=\"canonical\" href=\"https:\/\/www.miamibeachfl.gov\/es\/freebee\/\" \/>\n<meta property=\"og:locale\" content=\"es_ES\" \/>\n<meta property=\"og:type\" content=\"article\" \/>\n<meta property=\"og:title\" content=\"Freebee\" \/>\n<meta property=\"og:description\" content=\"%\" \/>\n<meta property=\"og:url\" content=\"https:\/\/www.miamibeachfl.gov\/es\/freebee\/\" \/>\n<meta property=\"og:site_name\" content=\"City of Miami Beach\" \/>\n<meta property=\"article:publisher\" content=\"https:\/\/www.facebook.com\/cityofmiamibeach\" \/>\n<meta property=\"article:modified_time\" content=\"2026-03-30T20:34:17+00:00\" \/>\n<meta property=\"og:image\" content=\"https:\/\/www.miamibeachfl.gov\/wp-content\/uploads\/2025\/03\/freebeelogo.jpg\" \/>\n<meta name=\"twitter:card\" content=\"summary_large_image\" \/>\n<meta name=\"twitter:site\" content=\"@Miamibeachnews\" \/>\n<script type=\"application\/ld+json\" class=\"yoast-schema-graph\">{\"@context\":\"https:\\\/\\\/schema.org\",\"@graph\":[{\"@type\":\"WebPage\",\"@id\":\"https:\\\/\\\/www.miamibeachfl.gov\\\/freebee\\\/\",\"url\":\"https:\\\/\\\/www.miamibeachfl.gov\\\/freebee\\\/\",\"name\":\"Freebee - City of Miami Beach\",\"isPartOf\":{\"@id\":\"https:\\\/\\\/www.miamibeachfl.gov\\\/#website\"},\"primaryImageOfPage\":{\"@id\":\"https:\\\/\\\/www.miamibeachfl.gov\\\/freebee\\\/#primaryimage\"},\"image\":{\"@id\":\"https:\\\/\\\/www.miamibeachfl.gov\\\/freebee\\\/#primaryimage\"},\"thumbnailUrl\":\"https:\\\/\\\/www.miamibeachfl.gov\\\/wp-content\\\/uploads\\\/2025\\\/03\\\/freebeelogo.jpg\",\"datePublished\":\"2025-03-28T17:37:01+00:00\",\"dateModified\":\"2026-03-30T20:34:17+00:00\",\"description\":\"%\",\"breadcrumb\":{\"@id\":\"https:\\\/\\\/www.miamibeachfl.gov\\\/freebee\\\/#breadcrumb\"},\"inLanguage\":\"es\",\"potentialAction\":[{\"@type\":\"ReadAction\",\"target\":[\"https:\\\/\\\/www.miamibeachfl.gov\\\/freebee\\\/\"]}]},{\"@type\":\"ImageObject\",\"inLanguage\":\"es\",\"@id\":\"https:\\\/\\\/www.miamibeachfl.gov\\\/freebee\\\/#primaryimage\",\"url\":\"https:\\\/\\\/www.miamibeachfl.gov\\\/wp-content\\\/uploads\\\/2025\\\/03\\\/freebeelogo.jpg\",\"contentUrl\":\"https:\\\/\\\/www.miamibeachfl.gov\\\/wp-content\\\/uploads\\\/2025\\\/03\\\/freebeelogo.jpg\"},{\"@type\":\"BreadcrumbList\",\"@id\":\"https:\\\/\\\/www.miamibeachfl.gov\\\/freebee\\\/#breadcrumb\",\"itemListElement\":[{\"@type\":\"ListItem\",\"position\":1,\"name\":\"Home\",\"item\":\"https:\\\/\\\/www.miamibeachfl.gov\\\/\"},{\"@type\":\"ListItem\",\"position\":2,\"name\":\"Freebee\"}]},{\"@type\":\"WebSite\",\"@id\":\"https:\\\/\\\/www.miamibeachfl.gov\\\/#website\",\"url\":\"https:\\\/\\\/www.miamibeachfl.gov\\\/\",\"name\":\"City of Miami Beach\",\"description\":\"The official website of the City of Miami Beach. Stay informed, find important information on city services, news, alerts, events, trolley routes, government employment and more.\",\"publisher\":{\"@id\":\"https:\\\/\\\/www.miamibeachfl.gov\\\/#organization\"},\"potentialAction\":[{\"@type\":\"SearchAction\",\"target\":{\"@type\":\"EntryPoint\",\"urlTemplate\":\"https:\\\/\\\/www.miamibeachfl.gov\\\/?s={search_term_string}\"},\"query-input\":{\"@type\":\"PropertyValueSpecification\",\"valueRequired\":true,\"valueName\":\"search_term_string\"}}],\"inLanguage\":\"es\"},{\"@type\":\"Organization\",\"@id\":\"https:\\\/\\\/www.miamibeachfl.gov\\\/#organization\",\"name\":\"City of Miami Beach\",\"url\":\"https:\\\/\\\/www.miamibeachfl.gov\\\/\",\"logo\":{\"@type\":\"ImageObject\",\"inLanguage\":\"es\",\"@id\":\"https:\\\/\\\/www.miamibeachfl.gov\\\/#\\\/schema\\\/logo\\\/image\\\/\",\"url\":\"https:\\\/\\\/www.miamibeachfl.gov\\\/wp-content\\\/uploads\\\/2022\\\/06\\\/miamibeach-logoblue.png\",\"contentUrl\":\"https:\\\/\\\/www.miamibeachfl.gov\\\/wp-content\\\/uploads\\\/2022\\\/06\\\/miamibeach-logoblue.png\",\"width\":1962,\"height\":381,\"caption\":\"City of Miami Beach\"},\"image\":{\"@id\":\"https:\\\/\\\/www.miamibeachfl.gov\\\/#\\\/schema\\\/logo\\\/image\\\/\"},\"sameAs\":[\"https:\\\/\\\/www.facebook.com\\\/cityofmiamibeach\",\"https:\\\/\\\/x.com\\\/Miamibeachnews\",\"https:\\\/\\\/www.instagram.com\\\/miamibeachnews\\\/\"],\"description\":\"The official website of the City of Miami Beach. Stay informed, find important information on city services, news, alerts, events, trolley routes, government employment and more.\",\"telephone\":\"305.604.CITY(2489)\",\"legalName\":\"City of Miami Beach\"}]}<\/script>\n<!-- \/ Yoast SEO Premium plugin. -->","yoast_head_json":{"title":"Freebee - Ciudad de Miami Beach","description":"%","robots":{"index":"index","follow":"follow","max-snippet":"max-snippet:-1","max-image-preview":"max-image-preview:large","max-video-preview":"max-video-preview:-1"},"canonical":"https:\/\/www.miamibeachfl.gov\/es\/freebee\/","og_locale":"es_ES","og_type":"article","og_title":"Freebee","og_description":"%","og_url":"https:\/\/www.miamibeachfl.gov\/es\/freebee\/","og_site_name":"City of Miami Beach","article_publisher":"https:\/\/www.facebook.com\/cityofmiamibeach","article_modified_time":"2026-03-30T20:34:17+00:00","og_image":[{"url":"https:\/\/www.miamibeachfl.gov\/wp-content\/uploads\/2025\/03\/freebeelogo.jpg","type":"","width":"","height":""}],"twitter_card":"summary_large_image","twitter_site":"@Miamibeachnews","schema":{"@context":"https:\/\/schema.org","@graph":[{"@type":"WebPage","@id":"https:\/\/www.miamibeachfl.gov\/freebee\/","url":"https:\/\/www.miamibeachfl.gov\/freebee\/","name":"Freebee - Ciudad de Miami Beach","isPartOf":{"@id":"https:\/\/www.miamibeachfl.gov\/#website"},"primaryImageOfPage":{"@id":"https:\/\/www.miamibeachfl.gov\/freebee\/#primaryimage"},"image":{"@id":"https:\/\/www.miamibeachfl.gov\/freebee\/#primaryimage"},"thumbnailUrl":"https:\/\/www.miamibeachfl.gov\/wp-content\/uploads\/2025\/03\/freebeelogo.jpg","datePublished":"2025-03-28T17:37:01+00:00","dateModified":"2026-03-30T20:34:17+00:00","description":"%","breadcrumb":{"@id":"https:\/\/www.miamibeachfl.gov\/freebee\/#breadcrumb"},"inLanguage":"es","potentialAction":[{"@type":"ReadAction","target":["https:\/\/www.miamibeachfl.gov\/freebee\/"]}]},{"@type":"ImageObject","inLanguage":"es","@id":"https:\/\/www.miamibeachfl.gov\/freebee\/#primaryimage","url":"https:\/\/www.miamibeachfl.gov\/wp-content\/uploads\/2025\/03\/freebeelogo.jpg","contentUrl":"https:\/\/www.miamibeachfl.gov\/wp-content\/uploads\/2025\/03\/freebeelogo.jpg"},{"@type":"BreadcrumbList","@id":"https:\/\/www.miamibeachfl.gov\/freebee\/#breadcrumb","itemListElement":[{"@type":"ListItem","position":1,"name":"Home","item":"https:\/\/www.miamibeachfl.gov\/"},{"@type":"ListItem","position":2,"name":"Freebee"}]},{"@type":"WebSite","@id":"https:\/\/www.miamibeachfl.gov\/#website","url":"https:\/\/www.miamibeachfl.gov\/","name":"Ciudad de Miami Beach","description":"Sitio web oficial de la Ciudad de Miami Beach. Mant\u00e9ngase informado, encuentre informaci\u00f3n importante sobre servicios municipales, noticias, alertas, eventos, rutas de tranv\u00edas, empleos gubernamentales y m\u00e1s.","publisher":{"@id":"https:\/\/www.miamibeachfl.gov\/#organization"},"potentialAction":[{"@type":"SearchAction","target":{"@type":"EntryPoint","urlTemplate":"https:\/\/www.miamibeachfl.gov\/?s={search_term_string}"},"query-input":{"@type":"PropertyValueSpecification","valueRequired":true,"valueName":"search_term_string"}}],"inLanguage":"es"},{"@type":"Organization","@id":"https:\/\/www.miamibeachfl.gov\/#organization","name":"Ciudad de Miami Beach","url":"https:\/\/www.miamibeachfl.gov\/","logo":{"@type":"ImageObject","inLanguage":"es","@id":"https:\/\/www.miamibeachfl.gov\/#\/schema\/logo\/image\/","url":"https:\/\/www.miamibeachfl.gov\/wp-content\/uploads\/2022\/06\/miamibeach-logoblue.png","contentUrl":"https:\/\/www.miamibeachfl.gov\/wp-content\/uploads\/2022\/06\/miamibeach-logoblue.png","width":1962,"height":381,"caption":"City of Miami Beach"},"image":{"@id":"https:\/\/www.miamibeachfl.gov\/#\/schema\/logo\/image\/"},"sameAs":["https:\/\/www.facebook.com\/cityofmiamibeach","https:\/\/x.com\/Miamibeachnews","https:\/\/www.instagram.com\/miamibeachnews\/"],"description":"Sitio web oficial de la Ciudad de Miami Beach. Mant\u00e9ngase informado, encuentre informaci\u00f3n importante sobre servicios municipales, noticias, alertas, eventos, rutas de tranv\u00edas, empleos gubernamentales y m\u00e1s.","telephone":"305.604.CITY(2489)","legalName":"City of Miami Beach"}]}},"_links":{"self":[{"href":"https:\/\/www.miamibeachfl.gov\/es\/wp-json\/wp\/v2\/pages\/367994","targetHints":{"allow":["GET"]}}],"collection":[{"href":"https:\/\/www.miamibeachfl.gov\/es\/wp-json\/wp\/v2\/pages"}],"about":[{"href":"https:\/\/www.miamibeachfl.gov\/es\/wp-json\/wp\/v2\/types\/page"}],"author":[{"embeddable":true,"href":"https:\/\/www.miamibeachfl.gov\/es\/wp-json\/wp\/v2\/users\/222"}],"replies":[{"embeddable":true,"href":"https:\/\/www.miamibeachfl.gov\/es\/wp-json\/wp\/v2\/comments?post=367994"}],"version-history":[{"count":4,"href":"https:\/\/www.miamibeachfl.gov\/es\/wp-json\/wp\/v2\/pages\/367994\/revisions"}],"predecessor-version":[{"id":398060,"href":"https:\/\/www.miamibeachfl.gov\/es\/wp-json\/wp\/v2\/pages\/367994\/revisions\/398060"}],"wp:attachment":[{"href":"https:\/\/www.miamibeachfl.gov\/es\/wp-json\/wp\/v2\/media?parent=367994"}],"wp:term":[{"taxonomy":"category","embeddable":true,"href":"https:\/\/www.miamibeachfl.gov\/es\/wp-json\/wp\/v2\/categories?post=367994"},{"taxonomy":"post_tag","embeddable":true,"href":"https:\/\/www.miamibeachfl.gov\/es\/wp-json\/wp\/v2\/tags?post=367994"}],"curies":[{"name":"gracias","href":"https:\/\/api.w.org\/{rel}","templated":true}]}}