{"id":372292,"date":"2025-05-12T13:20:50","date_gmt":"2025-05-12T17:20:50","guid":{"rendered":"https:\/\/www.miamibeachfl.gov\/?page_id=372292"},"modified":"2025-05-29T14:27:13","modified_gmt":"2025-05-29T18:27:13","slug":"michelangelo","status":"publish","type":"page","link":"https:\/\/www.miamibeachfl.gov\/es\/michelangelo\/","title":{"rendered":"Miguel \u00c1ngel"},"content":{"rendered":"<img decoding=\"async\" src=\"https:\/\/www.miamibeachfl.gov\/wp-content\/uploads\/2025\/05\/michelangelologo2.jpg\" alt=\"michelangelo logo\" itemprop=\"image\" title=\"miguel \u00e1ngelologo2\" onerror=\"this.style.display='none'\" loading='lazy' \/>\n<h3>\n\t\t\tInauguraci\u00f3n: mi\u00e9rcoles 21 de mayo de 2025 \u2013 1212 Lincoln Road\t<\/h3>\n<h1>\n\t\t\tSum\u00e9rgete en la genialidad de Miguel \u00c1ngel: visitas guiadas inmersivas gratuitas para residentes de Miami Beach\t<\/h1>\n\t<p>La ciudad de Miami Beach invita a sus residentes a vivir el arte de Miguel \u00c1ngel como nunca antes en un impresionante viaje multisensorial que da vida a la obra del maestro. Los residentes de Miami Beach disfrutan de acceso exclusivo y guiado a la Experiencia Inmersiva de Miguel \u00c1ngel. Cada recorrido est\u00e1 limitado a 30 personas para una experiencia \u00edntima. Cinco fechas disponibles.<\/p>\n<p>Los residentes de Miami Beach tambi\u00e9n pueden disfrutar de la exhibici\u00f3n por su cuenta. Los residentes pueden reclamar hasta\u00a0<strong>dos entradas gratuitas por hogar<\/strong> al\u00a0<strong>Miami Beach<\/strong> <strong>Centro de atenci\u00f3n al cliente <\/strong>a partir de\u00a0<strong>Viernes 16 de mayo<\/strong>, hasta agotar existencias.\u00a0<strong>Hay 25 pares de entradas disponibles: \u00a1por orden de llegada! <\/strong>Se requiere prueba de residencia.<\/p>\n\n<h3>\n\t\t\tReserva ahora tu tour gratuito a trav\u00e9s de los siguientes enlaces: \t<\/h3>\n\t\t<ul>\n\t\t\t\t\t<li>\n\t\t\t\t\t<a href=\"http:\/\/www.eventbrite.com\/e\/gmvb-michelangelo-immersive-group-1-tickets-1347239111449?aff=oddtdtcreator\" target=\"_blank\">\n\t\t\t\t\t\t\t\t\t\t\t<img loading=\"lazy\" decoding=\"async\" src=\"https:\/\/www.miamibeachfl.gov\/wp-content\/uploads\/2025\/05\/Eventbrite-Stacked-Logo.png\" alt=\"Eventbrite Stacked Logo\" width=\"1470\" height=\"1362\" \/>\n\t\t\t\t<h4>Grupo Mi\u00e9rcoles 21 de mayo | 10-11:30 h<\/h4>\n\t<\/a>\n\t\t\t<\/li>\n\t\t\t\t\t<li>\n\t\t\t\t\t<a href=\"http:\/\/www.eventbrite.com\/e\/gmvb-michelangelo-immersive-group-2-tickets-1358488298069?aff=oddtdtcreator\" target=\"_blank\">\n\t\t\t\t\t\t\t\t\t\t\t<img loading=\"lazy\" decoding=\"async\" src=\"https:\/\/www.miamibeachfl.gov\/wp-content\/uploads\/2025\/05\/Eventbrite-Stacked-Logo.png\" alt=\"Eventbrite Stacked Logo\" width=\"1470\" height=\"1362\" \/>\n\t\t\t\t<h4>Grupo Mi\u00e9rcoles 21 de mayo | 18-19 h<\/h4>\n\t<\/a>\n\t\t\t<\/li>\n\t\t\t\t\t<li>\n\t\t\t\t\t<a href=\"http:\/\/www.eventbrite.com\/e\/gmvb-michelangelo-immersive-group-3-tickets-1347239713249?aff=oddtdtcreator\" target=\"_blank\">\n\t\t\t\t\t\t\t\t\t\t\t<img loading=\"lazy\" decoding=\"async\" src=\"https:\/\/www.miamibeachfl.gov\/wp-content\/uploads\/2025\/05\/Eventbrite-Stacked-Logo.png\" alt=\"Eventbrite Stacked Logo\" width=\"1470\" height=\"1362\" \/>\n\t\t\t\t<h4>Grupo Jueves 22 de mayo | 10-11:30 am<\/h4>\n\t<\/a>\n\t\t\t<\/li>\n\t\t\t\t\t<li>\n\t\t\t\t\t<a href=\"http:\/\/www.eventbrite.com\/e\/gmvb-michelangelo-immersive-group-4-tickets-1358489170679?aff=oddtdtcreator\" target=\"_blank\">\n\t\t\t\t\t\t\t\t\t\t\t<img loading=\"lazy\" decoding=\"async\" src=\"https:\/\/www.miamibeachfl.gov\/wp-content\/uploads\/2025\/05\/Eventbrite-Stacked-Logo.png\" alt=\"Eventbrite Stacked Logo\" width=\"1470\" height=\"1362\" \/>\n\t\t\t\t<h4>Grupo Jueves 22 de mayo | 6-7 pm<\/h4>\n\t<\/a>\n\t\t\t<\/li>\n\t\t\t\t\t<li>\n\t\t\t\t\t<a href=\"http:\/\/www.eventbrite.com\/e\/gmvb-michelangelo-immersive-group-5-tickets-1347240636009?aff=oddtdtcreator\" target=\"_blank\">\n\t\t\t\t\t\t\t\t\t\t\t<img loading=\"lazy\" decoding=\"async\" src=\"https:\/\/www.miamibeachfl.gov\/wp-content\/uploads\/2025\/05\/Eventbrite-Stacked-Logo.png\" alt=\"Eventbrite Stacked Logo\" width=\"1470\" height=\"1362\" \/>\n\t\t\t\t<h4>Grupo Mi\u00e9rcoles 11 de junio | 10-11:30 am<\/h4>\n\t<\/a>\n\t\t\t<\/li>\n\t\t\t\t<\/ul>\n\t<p><i>Presentada por Premier X Group, Michelangelo Immersive combina el arte cl\u00e1sico con la tecnolog\u00eda moderna en una serie de salas interactivas. Reproducciones a tama\u00f1o real de David, la Piedad, Mois\u00e9s y Baco se iluminan con iluminaci\u00f3n din\u00e1mica y detalles digitales, resaltando la maestr\u00eda y la emoci\u00f3n de la obra escult\u00f3rica de Miguel \u00c1ngel. Un elemento central de la exposici\u00f3n es una recreaci\u00f3n digital a gran escala de la Capilla Sixtina, donde se proyectan en alta resoluci\u00f3n frescos de &quot;La Creaci\u00f3n de Ad\u00e1n&quot;, &quot;El Juicio Final&quot; y otros. Para m\u00e1s informaci\u00f3n sobre la exposici\u00f3n, visite: <a title=\"https:\/\/gcc02.safelinks.protection.outlook.com\/?url=https%3A%2F%2Fwww.michelangeloimmersive.com%2F&amp;data=05%7C02%7COlgaLyons%40miamibeachfl.gov%7Cbf5e370c0e9a49e28f7f08dd8e435071%7C551608f948f34871808aa969ec5cf48a%7C0%7C0%7C638823141973345774%7CUnknown%7CTWFpbGZsb3d8eyJFbXB0eU1hcGkiOnRydWUsIlYiOiIwLjAuMDAwMCIsIlAiOiJXaW4zMiIsIkFOIjoiTWFpbCIsIldUIjoyfQ%3D%3D%7C0%7C%7C%7C&amp;sdata=3Mt2HG8HvOSMWNy3sbC%2BJnhc4epvBYWLarzWkmxkAMY%3D&amp;reserved=0\" href=\"https:\/\/www.michelangeloimmersive.com\" target=\"_blank\" rel=\"noopener\" data-outlook-id=\"99661d37-de66-4dd4-a2c2-8cd87cafa980\">https:\/\/www.michelangeloimmersive.com<\/a><\/i><\/p>","protected":false},"excerpt":{"rendered":"<p>Opening: Wednesday, May 21, 2025 &#8211; 1212 Lincoln Road Surround Yourself in the Genius of Michelangelo &#8211; Free Immersive Guided [&hellip;]<\/p>\n","protected":false},"author":222,"featured_media":0,"parent":0,"menu_order":0,"comment_status":"closed","ping_status":"closed","template":"","meta":{"_searchwp_excluded":"","site-sidebar-layout":"default","site-content-layout":"","ast-site-content-layout":"default","site-content-style":"default","site-sidebar-style":"default","ast-global-header-display":"","ast-banner-title-visibility":"","ast-main-header-display":"","ast-hfb-above-header-display":"","ast-hfb-below-header-display":"","ast-hfb-mobile-header-display":"","site-post-title":"","ast-breadcrumbs-content":"","ast-featured-img":"","footer-sml-layout":"","theme-transparent-header-meta":"","adv-header-id-meta":"","stick-header-meta":"","header-above-stick-meta":"","header-main-stick-meta":"","header-below-stick-meta":"","astra-migrate-meta-layouts":"default","ast-page-background-enabled":"default","ast-page-background-meta":{"desktop":{"background-color":"var(--ast-global-color-5)","background-image":"","background-repeat":"repeat","background-position":"center center","background-size":"auto","background-attachment":"scroll","background-type":"","background-media":"","overlay-type":"","overlay-color":"","overlay-opacity":"","overlay-gradient":""},"tablet":{"background-color":"","background-image":"","background-repeat":"repeat","background-position":"center center","background-size":"auto","background-attachment":"scroll","background-type":"","background-media":"","overlay-type":"","overlay-color":"","overlay-opacity":"","overlay-gradient":""},"mobile":{"background-color":"","background-image":"","background-repeat":"repeat","background-position":"center center","background-size":"auto","background-attachment":"scroll","background-type":"","background-media":"","overlay-type":"","overlay-color":"","overlay-opacity":"","overlay-gradient":""}},"ast-content-background-meta":{"desktop":{"background-color":"var(--ast-global-color-4)","background-image":"","background-repeat":"repeat","background-position":"center center","background-size":"auto","background-attachment":"scroll","background-type":"","background-media":"","overlay-type":"","overlay-color":"","overlay-opacity":"","overlay-gradient":""},"tablet":{"background-color":"var(--ast-global-color-4)","background-image":"","background-repeat":"repeat","background-position":"center center","background-size":"auto","background-attachment":"scroll","background-type":"","background-media":"","overlay-type":"","overlay-color":"","overlay-opacity":"","overlay-gradient":""},"mobile":{"background-color":"var(--ast-global-color-4)","background-image":"","background-repeat":"repeat","background-position":"center center","background-size":"auto","background-attachment":"scroll","background-type":"","background-media":"","overlay-type":"","overlay-color":"","overlay-opacity":"","overlay-gradient":""}},"footnotes":""},"categories":[],"tags":[],"class_list":["post-372292","page","type-page","status-publish","hentry"],"yoast_head":"<!-- This site is optimized with the Yoast SEO Premium plugin v27.4 (Yoast SEO v27.4) - https:\/\/yoast.com\/product\/yoast-seo-premium-wordpress\/ -->\n<title>Michelangelo - City of Miami Beach<\/title>\n<meta name=\"description\" content=\"Surround Yourself in the Genius of Michelangelo \u2014 Free Immersive Guided Tours for Miami Beach Residents\" \/>\n<meta name=\"robots\" content=\"index, follow, max-snippet:-1, max-image-preview:large, max-video-preview:-1\" \/>\n<link rel=\"canonical\" href=\"https:\/\/www.miamibeachfl.gov\/es\/michelangelo\/\" \/>\n<meta property=\"og:locale\" content=\"es_ES\" \/>\n<meta property=\"og:type\" content=\"article\" \/>\n<meta property=\"og:title\" content=\"Michelangelo\" \/>\n<meta property=\"og:description\" content=\"Surround Yourself in the Genius of Michelangelo \u2014 Free Immersive Guided Tours for Miami Beach Residents\" \/>\n<meta property=\"og:url\" content=\"https:\/\/www.miamibeachfl.gov\/es\/michelangelo\/\" \/>\n<meta property=\"og:site_name\" content=\"City of Miami Beach\" \/>\n<meta property=\"article:publisher\" content=\"https:\/\/www.facebook.com\/cityofmiamibeach\" \/>\n<meta property=\"article:modified_time\" content=\"2025-05-29T18:27:13+00:00\" \/>\n<meta property=\"og:image\" content=\"https:\/\/www.miamibeachfl.gov\/wp-content\/uploads\/2025\/05\/michelangelologo2.jpg\" \/>\n<meta name=\"twitter:card\" content=\"summary_large_image\" \/>\n<meta name=\"twitter:site\" content=\"@Miamibeachnews\" \/>\n<script type=\"application\/ld+json\" class=\"yoast-schema-graph\">{\"@context\":\"https:\\\/\\\/schema.org\",\"@graph\":[{\"@type\":\"WebPage\",\"@id\":\"https:\\\/\\\/www.miamibeachfl.gov\\\/michelangelo\\\/\",\"url\":\"https:\\\/\\\/www.miamibeachfl.gov\\\/michelangelo\\\/\",\"name\":\"Michelangelo - City of Miami Beach\",\"isPartOf\":{\"@id\":\"https:\\\/\\\/www.miamibeachfl.gov\\\/#website\"},\"primaryImageOfPage\":{\"@id\":\"https:\\\/\\\/www.miamibeachfl.gov\\\/michelangelo\\\/#primaryimage\"},\"image\":{\"@id\":\"https:\\\/\\\/www.miamibeachfl.gov\\\/michelangelo\\\/#primaryimage\"},\"thumbnailUrl\":\"https:\\\/\\\/www.miamibeachfl.gov\\\/wp-content\\\/uploads\\\/2025\\\/05\\\/michelangelologo2.jpg\",\"datePublished\":\"2025-05-12T17:20:50+00:00\",\"dateModified\":\"2025-05-29T18:27:13+00:00\",\"description\":\"Surround Yourself in the Genius of Michelangelo \u2014 Free Immersive Guided Tours for Miami Beach Residents\",\"breadcrumb\":{\"@id\":\"https:\\\/\\\/www.miamibeachfl.gov\\\/michelangelo\\\/#breadcrumb\"},\"inLanguage\":\"es\",\"potentialAction\":[{\"@type\":\"ReadAction\",\"target\":[\"https:\\\/\\\/www.miamibeachfl.gov\\\/michelangelo\\\/\"]}]},{\"@type\":\"ImageObject\",\"inLanguage\":\"es\",\"@id\":\"https:\\\/\\\/www.miamibeachfl.gov\\\/michelangelo\\\/#primaryimage\",\"url\":\"https:\\\/\\\/www.miamibeachfl.gov\\\/wp-content\\\/uploads\\\/2025\\\/05\\\/michelangelologo2.jpg\",\"contentUrl\":\"https:\\\/\\\/www.miamibeachfl.gov\\\/wp-content\\\/uploads\\\/2025\\\/05\\\/michelangelologo2.jpg\"},{\"@type\":\"BreadcrumbList\",\"@id\":\"https:\\\/\\\/www.miamibeachfl.gov\\\/michelangelo\\\/#breadcrumb\",\"itemListElement\":[{\"@type\":\"ListItem\",\"position\":1,\"name\":\"Home\",\"item\":\"https:\\\/\\\/www.miamibeachfl.gov\\\/\"},{\"@type\":\"ListItem\",\"position\":2,\"name\":\"Michelangelo\"}]},{\"@type\":\"WebSite\",\"@id\":\"https:\\\/\\\/www.miamibeachfl.gov\\\/#website\",\"url\":\"https:\\\/\\\/www.miamibeachfl.gov\\\/\",\"name\":\"City of Miami Beach\",\"description\":\"The official website of the City of Miami Beach. Stay informed, find important information on city services, news, alerts, events, trolley routes, government employment and more.\",\"publisher\":{\"@id\":\"https:\\\/\\\/www.miamibeachfl.gov\\\/#organization\"},\"potentialAction\":[{\"@type\":\"SearchAction\",\"target\":{\"@type\":\"EntryPoint\",\"urlTemplate\":\"https:\\\/\\\/www.miamibeachfl.gov\\\/?s={search_term_string}\"},\"query-input\":{\"@type\":\"PropertyValueSpecification\",\"valueRequired\":true,\"valueName\":\"search_term_string\"}}],\"inLanguage\":\"es\"},{\"@type\":\"Organization\",\"@id\":\"https:\\\/\\\/www.miamibeachfl.gov\\\/#organization\",\"name\":\"City of Miami Beach\",\"url\":\"https:\\\/\\\/www.miamibeachfl.gov\\\/\",\"logo\":{\"@type\":\"ImageObject\",\"inLanguage\":\"es\",\"@id\":\"https:\\\/\\\/www.miamibeachfl.gov\\\/#\\\/schema\\\/logo\\\/image\\\/\",\"url\":\"https:\\\/\\\/www.miamibeachfl.gov\\\/wp-content\\\/uploads\\\/2022\\\/06\\\/miamibeach-logoblue.png\",\"contentUrl\":\"https:\\\/\\\/www.miamibeachfl.gov\\\/wp-content\\\/uploads\\\/2022\\\/06\\\/miamibeach-logoblue.png\",\"width\":1962,\"height\":381,\"caption\":\"City of Miami Beach\"},\"image\":{\"@id\":\"https:\\\/\\\/www.miamibeachfl.gov\\\/#\\\/schema\\\/logo\\\/image\\\/\"},\"sameAs\":[\"https:\\\/\\\/www.facebook.com\\\/cityofmiamibeach\",\"https:\\\/\\\/x.com\\\/Miamibeachnews\",\"https:\\\/\\\/www.instagram.com\\\/miamibeachnews\\\/\"],\"description\":\"The official website of the City of Miami Beach. Stay informed, find important information on city services, news, alerts, events, trolley routes, government employment and more.\",\"telephone\":\"305.604.CITY(2489)\",\"legalName\":\"City of Miami Beach\"}]}<\/script>\n<!-- \/ Yoast SEO Premium plugin. -->","yoast_head_json":{"title":"Miguel \u00c1ngel - Ciudad de Miami Beach","description":"Sum\u00e9rgete en el genio de Miguel \u00c1ngel: visitas guiadas inmersivas gratuitas para residentes de Miami Beach","robots":{"index":"index","follow":"follow","max-snippet":"max-snippet:-1","max-image-preview":"max-image-preview:large","max-video-preview":"max-video-preview:-1"},"canonical":"https:\/\/www.miamibeachfl.gov\/es\/michelangelo\/","og_locale":"es_ES","og_type":"article","og_title":"Michelangelo","og_description":"Surround Yourself in the Genius of Michelangelo \u2014 Free Immersive Guided Tours for Miami Beach Residents","og_url":"https:\/\/www.miamibeachfl.gov\/es\/michelangelo\/","og_site_name":"City of Miami Beach","article_publisher":"https:\/\/www.facebook.com\/cityofmiamibeach","article_modified_time":"2025-05-29T18:27:13+00:00","og_image":[{"url":"https:\/\/www.miamibeachfl.gov\/wp-content\/uploads\/2025\/05\/michelangelologo2.jpg","type":"","width":"","height":""}],"twitter_card":"summary_large_image","twitter_site":"@Miamibeachnews","schema":{"@context":"https:\/\/schema.org","@graph":[{"@type":"WebPage","@id":"https:\/\/www.miamibeachfl.gov\/michelangelo\/","url":"https:\/\/www.miamibeachfl.gov\/michelangelo\/","name":"Miguel \u00c1ngel - Ciudad de Miami Beach","isPartOf":{"@id":"https:\/\/www.miamibeachfl.gov\/#website"},"primaryImageOfPage":{"@id":"https:\/\/www.miamibeachfl.gov\/michelangelo\/#primaryimage"},"image":{"@id":"https:\/\/www.miamibeachfl.gov\/michelangelo\/#primaryimage"},"thumbnailUrl":"https:\/\/www.miamibeachfl.gov\/wp-content\/uploads\/2025\/05\/michelangelologo2.jpg","datePublished":"2025-05-12T17:20:50+00:00","dateModified":"2025-05-29T18:27:13+00:00","description":"Sum\u00e9rgete en el genio de Miguel \u00c1ngel: visitas guiadas inmersivas gratuitas para residentes de Miami Beach","breadcrumb":{"@id":"https:\/\/www.miamibeachfl.gov\/michelangelo\/#breadcrumb"},"inLanguage":"es","potentialAction":[{"@type":"ReadAction","target":["https:\/\/www.miamibeachfl.gov\/michelangelo\/"]}]},{"@type":"ImageObject","inLanguage":"es","@id":"https:\/\/www.miamibeachfl.gov\/michelangelo\/#primaryimage","url":"https:\/\/www.miamibeachfl.gov\/wp-content\/uploads\/2025\/05\/michelangelologo2.jpg","contentUrl":"https:\/\/www.miamibeachfl.gov\/wp-content\/uploads\/2025\/05\/michelangelologo2.jpg"},{"@type":"BreadcrumbList","@id":"https:\/\/www.miamibeachfl.gov\/michelangelo\/#breadcrumb","itemListElement":[{"@type":"ListItem","position":1,"name":"Home","item":"https:\/\/www.miamibeachfl.gov\/"},{"@type":"ListItem","position":2,"name":"Michelangelo"}]},{"@type":"WebSite","@id":"https:\/\/www.miamibeachfl.gov\/#website","url":"https:\/\/www.miamibeachfl.gov\/","name":"Ciudad de Miami Beach","description":"Sitio web oficial de la Ciudad de Miami Beach. Mant\u00e9ngase informado, encuentre informaci\u00f3n importante sobre servicios municipales, noticias, alertas, eventos, rutas de tranv\u00edas, empleos gubernamentales y m\u00e1s.","publisher":{"@id":"https:\/\/www.miamibeachfl.gov\/#organization"},"potentialAction":[{"@type":"SearchAction","target":{"@type":"EntryPoint","urlTemplate":"https:\/\/www.miamibeachfl.gov\/?s={search_term_string}"},"query-input":{"@type":"PropertyValueSpecification","valueRequired":true,"valueName":"search_term_string"}}],"inLanguage":"es"},{"@type":"Organization","@id":"https:\/\/www.miamibeachfl.gov\/#organization","name":"Ciudad de Miami Beach","url":"https:\/\/www.miamibeachfl.gov\/","logo":{"@type":"ImageObject","inLanguage":"es","@id":"https:\/\/www.miamibeachfl.gov\/#\/schema\/logo\/image\/","url":"https:\/\/www.miamibeachfl.gov\/wp-content\/uploads\/2022\/06\/miamibeach-logoblue.png","contentUrl":"https:\/\/www.miamibeachfl.gov\/wp-content\/uploads\/2022\/06\/miamibeach-logoblue.png","width":1962,"height":381,"caption":"City of Miami Beach"},"image":{"@id":"https:\/\/www.miamibeachfl.gov\/#\/schema\/logo\/image\/"},"sameAs":["https:\/\/www.facebook.com\/cityofmiamibeach","https:\/\/x.com\/Miamibeachnews","https:\/\/www.instagram.com\/miamibeachnews\/"],"description":"Sitio web oficial de la Ciudad de Miami Beach. Mant\u00e9ngase informado, encuentre informaci\u00f3n importante sobre servicios municipales, noticias, alertas, eventos, rutas de tranv\u00edas, empleos gubernamentales y m\u00e1s.","telephone":"305.604.CITY(2489)","legalName":"City of Miami Beach"}]}},"_links":{"self":[{"href":"https:\/\/www.miamibeachfl.gov\/es\/wp-json\/wp\/v2\/pages\/372292","targetHints":{"allow":["GET"]}}],"collection":[{"href":"https:\/\/www.miamibeachfl.gov\/es\/wp-json\/wp\/v2\/pages"}],"about":[{"href":"https:\/\/www.miamibeachfl.gov\/es\/wp-json\/wp\/v2\/types\/page"}],"author":[{"embeddable":true,"href":"https:\/\/www.miamibeachfl.gov\/es\/wp-json\/wp\/v2\/users\/222"}],"replies":[{"embeddable":true,"href":"https:\/\/www.miamibeachfl.gov\/es\/wp-json\/wp\/v2\/comments?post=372292"}],"version-history":[{"count":2,"href":"https:\/\/www.miamibeachfl.gov\/es\/wp-json\/wp\/v2\/pages\/372292\/revisions"}],"predecessor-version":[{"id":374721,"href":"https:\/\/www.miamibeachfl.gov\/es\/wp-json\/wp\/v2\/pages\/372292\/revisions\/374721"}],"wp:attachment":[{"href":"https:\/\/www.miamibeachfl.gov\/es\/wp-json\/wp\/v2\/media?parent=372292"}],"wp:term":[{"taxonomy":"category","embeddable":true,"href":"https:\/\/www.miamibeachfl.gov\/es\/wp-json\/wp\/v2\/categories?post=372292"},{"taxonomy":"post_tag","embeddable":true,"href":"https:\/\/www.miamibeachfl.gov\/es\/wp-json\/wp\/v2\/tags?post=372292"}],"curies":[{"name":"gracias","href":"https:\/\/api.w.org\/{rel}","templated":true}]}}