{"id":372495,"date":"2025-05-14T10:43:26","date_gmt":"2025-05-14T14:43:26","guid":{"rendered":"https:\/\/www.miamibeachfl.gov\/?page_id=372495"},"modified":"2025-06-07T16:48:36","modified_gmt":"2025-06-07T20:48:36","slug":"busshelter","status":"publish","type":"page","link":"https:\/\/www.miamibeachfl.gov\/es\/busshelter\/","title":{"rendered":"Parada de autob\u00fas"},"content":{"rendered":"<h1>\n\t\t\tPrototipo de parada de autob\u00fas\t<\/h1>\n<h3>\n\t\t\tAcerca del Proyecto \t<\/h3>\n\t<p>La ciudad de Miami Beach ha desarrollado una nueva serie de emblem\u00e1ticas y esculturales marquesinas de autob\u00fas, dise\u00f1adas para mejorar la comodidad, la funcionalidad y la est\u00e9tica de los usuarios del transporte p\u00fablico. Estas marquesinas se instalar\u00e1n gradualmente en cada parada de autob\u00fas donde el derecho de paso lo permita, contribuyendo a un espacio p\u00fablico m\u00e1s moderno y vibrante. Para garantizar que el producto final satisfaga tanto las necesidades de los usuarios como los objetivos de dise\u00f1o de la ciudad, estamos probando un prototipo en terreno. Esta p\u00e1gina ofrece una descripci\u00f3n general del proyecto y las caracter\u00edsticas espec\u00edficas del prototipo de marquesina que se exhibe actualmente.\u00a0<\/p>\n\t\t\t<a href=\"https:\/\/maps.app.goo.gl\/fzS59j8BXTssR9Ac8\" target=\"_blank\" rel=\"noopener\">\n\t\t\t\t\t\tEl prototipo se encuentra en Indian Creek Drive, justo al sur de la calle 41. Ver en el mapa.\n\t\t\t\t\t<\/a>\n\t\t\t\t<img decoding=\"async\" src=\"https:\/\/www.miamibeachfl.gov\/wp-content\/uploads\/2025\/05\/busshelter-closeup2.jpg\" alt=\"bus shelter prototype\" itemprop=\"image\" title=\"parada de autob\u00fas-primer plano2\" onerror=\"this.style.display='none'\" loading='lazy' \/>\n<h3>\n\t\t\tTipos y tama\u00f1os de refugios \t<\/h3>\n\t<p>Se han dise\u00f1ado tres tipos de refugios para adaptarse a las distintas condiciones del sitio:<\/p>\n\t\t<ul>\n\t\t\t\t\t<li>\n\t\t\t\t<h4>Est\u00e1ndar:<\/h4>\n\t\t<p>20\u2032 de largo x 7\u2032 de ancho (incluye un voladizo delantero de 5\u2032 de ancho y un voladizo trasero de 2\u2032 de ancho)<\/p>\n\t\t\t<\/li>\n\t\t\t\t\t<li>\n\t\t\t\t<h4>M\u00ednimo:<\/h4>\n\t\t<p>10\u2032 de largo x 7\u2032 de ancho (el mismo ancho que el anterior)<\/p>\t\t\t\n\t\t\t<\/li>\n\t\t\t\t\t<li>\n\t\t\t\t<h4>Angosto:<\/h4>\n\t\t<p>10\u2032 de largo x 3\u2032 de ancho (refugio\/techo delgado para aceras con espacio limitado)<\/p>\t\t\t\n\t\t\t<\/li>\n\t\t\t\t<\/ul>\n\t<p>Cada tipo de refugio es modular y se puede configurar con varios componentes seg\u00fan el espacio y las necesidades.\u00a0<\/p>\n\t\t\t\t<img decoding=\"async\" src=\"https:\/\/www.miamibeachfl.gov\/wp-content\/uploads\/2025\/05\/BusShelterPhoto.jpg\" alt=\"bus shelter prototype\" itemprop=\"image\" title=\"Foto de la parada de autob\u00fas\" onerror=\"this.style.display='none'\" loading='lazy' \/>\n<h3>\n\t\t\tDescripci\u00f3n general del prototipo\t<\/h3>\n\t<p>El prototipo de refugio instalado actualmente en la parada de autob\u00fas de Indian Creek Drive, justo al sur de la calle 41, es el Refugio M\u00ednimo (3 x 2 metros). Incluye:<\/p>\n\t\t<ul>\n\t\t\t\t\t<li>\n\t\t\t\t<h4>Un asiento<\/h4>\n\t\t\t<\/li>\n\t\t\t\t\t<li>\n\t\t\t\t<h4>Un riel inclinado<\/h4>\n\t\t\t<\/li>\n\t\t\t\t\t<li>\n\t\t\t\t<h4>Un cartel digital de ETA (hora estimada de llegada) <\/h4>\n\t\t\t<\/li>\n\t\t\t\t<\/ul>\n\t<p><strong>Prop\u00f3sito del Prototipo:<\/strong> Esta instalaci\u00f3n permite a la ciudad probar el rendimiento estructural, la experiencia del usuario, la iluminaci\u00f3n y la funcionalidad de los componentes antes de comenzar la producci\u00f3n e instalaci\u00f3n a gran escala, que se prev\u00e9 que comience a finales de este a\u00f1o.<\/p>\n\t\t\t\t<img decoding=\"async\" src=\"https:\/\/www.miamibeachfl.gov\/wp-content\/uploads\/2025\/05\/busshelter-overhangcircles.jpg\" alt=\"bus shelter prototype\" itemprop=\"image\" title=\"c\u00edrculos de aleros de marquesinas de autobuses\" onerror=\"this.style.display='none'\" loading='lazy' \/>\n<h3>\n\t\t\tVisi\u00f3n de dise\u00f1o \t<\/h3>\n\t<p>Los refugios fueron dise\u00f1ados teniendo en mente los siguientes principios: <\/p>\n\t\t<ul>\n\t\t\t\t\t<li>\n\t\t\t\t<h4>Flujo escult\u00f3rico:<\/h4>\n\t\t<p>Una estructura ligera y fluida que se integra con elegancia en el paisaje urbano. <\/p>\n\t\t\t<\/li>\n\t\t\t\t\t<li>\n\t\t\t\t<h4>Juego de luces y sombras:<\/h4>\n\t\t<p>El uso de paneles perforados, tragaluces y pel\u00edculas dicroicas crea un juego din\u00e1mico de luz a lo largo del d\u00eda.<\/p>\t\t\t\n\t\t\t<\/li>\n\t\t\t\t\t<li>\n\t\t\t\t<h4>Iluminaci\u00f3n integrada:<\/h4>\n\t\t<p>Los elementos de iluminaci\u00f3n sutiles incorporados mejoran la visibilidad y la seguridad durante la noche. <\/p>\n\t\t\t<\/li>\n\t\t\t\t\t<li>\n\t\t\t\t<h4>Colorido y atractivo:<\/h4>\n\t\t<p>Los acentos de color y patrones opcionales brindan inter\u00e9s visual y reflejan el esp\u00edritu de Miami Beach. <\/p>\n\t\t\t<\/li>\n\t\t\t\t<\/ul>\n\t\t\t\t<img decoding=\"async\" src=\"https:\/\/www.miamibeachfl.gov\/wp-content\/uploads\/2025\/05\/busshelter-bench2.jpg\" alt=\"bus shelter prototype\" itemprop=\"image\" title=\"banco-parada-de-autob\u00fas2\" onerror=\"this.style.display='none'\" loading='lazy' \/>\n<h3>\n\t\t\tComponentes clave\t<\/h3>\n<h3>\n\t\t\tRieles para sentarse y apoyarse \t<\/h3>\n\t<p>Dise\u00f1ados para maximizar la comodidad y la accesibilidad, minimizando el espacio ocupado. Los refugios pueden equiparse con diversas configuraciones: <\/p>\n\t\t<ul>\n\t\t\t\t\t<li>\n\t\t\t\t\t\t\t\t\t\t\t<img loading=\"lazy\" decoding=\"async\" src=\"https:\/\/www.miamibeachfl.gov\/wp-content\/uploads\/2025\/05\/busshelter-bench.jpg\" alt=\"busshelter-bench\" width=\"600\" height=\"800\" \/>\n\t\t\t\t<h4>Asientos sin respaldo <\/h4>\n\t\t\t<\/li>\n\t\t\t\t\t<li>\n\t\t\t\t\t\t\t\t\t\t\t<img loading=\"lazy\" decoding=\"async\" src=\"https:\/\/www.miamibeachfl.gov\/wp-content\/uploads\/2025\/05\/busshelter-lean-1.jpg\" alt=\"busshelter-lean\" width=\"600\" height=\"800\" \/>\n\t\t\t\t<h4>Barandillas inclinadas para mayor comodidad a corto plazo<\/h4>\n\t\t\t<\/li>\n\t\t\t\t<\/ul>\n<h3>\n\t\t\tPantalla digital ETA \t<\/h3>\n\t<p>Cada parada puede contar con una pantalla digital de llegadas en tiempo real, que muestra la hora estimada de llegada de los pr\u00f3ximos autobuses. La pantalla est\u00e1 montada a la altura de los ojos y se integra a la perfecci\u00f3n con el dise\u00f1o de la parada.<\/p>\n<h3>\n\t\t\t\u00bfQu\u00e9 sigue? \t<\/h3>\n\t<p>Este prototipo forma parte del compromiso de la Ciudad de reinventar la experiencia de transporte p\u00fablico tanto para residentes como para visitantes. Tras el \u00e9xito de las pruebas de campo de esta marquesina, la Ciudad proceder\u00e1 con la producci\u00f3n en masa y la instalaci\u00f3n de las nuevas marquesinas en las paradas de autob\u00fas elegibles de toda la ciudad, a partir de finales de este a\u00f1o.<\/p>\n<p>Estos refugios de pr\u00f3xima generaci\u00f3n representan una inversi\u00f3n importante en comodidad p\u00fablica, excelencia en el dise\u00f1o e infraestructura de tr\u00e1nsito moderna, y son solo el comienzo.<\/p>\n<p><strong>Gracias por su inter\u00e9s en este proyecto y por ayudarnos a construir una Miami Beach m\u00e1s conectada y acogedora.<\/strong><\/p>","protected":false},"excerpt":{"rendered":"<p>Bus Shelter Prototype About the Project The City of Miami Beach has developed a new series of iconic, sculptural bus [&hellip;]<\/p>\n","protected":false},"author":222,"featured_media":0,"parent":0,"menu_order":0,"comment_status":"closed","ping_status":"closed","template":"","meta":{"_searchwp_excluded":"","site-sidebar-layout":"default","site-content-layout":"","ast-site-content-layout":"default","site-content-style":"default","site-sidebar-style":"default","ast-global-header-display":"","ast-banner-title-visibility":"","ast-main-header-display":"","ast-hfb-above-header-display":"","ast-hfb-below-header-display":"","ast-hfb-mobile-header-display":"","site-post-title":"","ast-breadcrumbs-content":"","ast-featured-img":"","footer-sml-layout":"","theme-transparent-header-meta":"","adv-header-id-meta":"","stick-header-meta":"","header-above-stick-meta":"","header-main-stick-meta":"","header-below-stick-meta":"","astra-migrate-meta-layouts":"default","ast-page-background-enabled":"default","ast-page-background-meta":{"desktop":{"background-color":"var(--ast-global-color-5)","background-image":"","background-repeat":"repeat","background-position":"center center","background-size":"auto","background-attachment":"scroll","background-type":"","background-media":"","overlay-type":"","overlay-color":"","overlay-opacity":"","overlay-gradient":""},"tablet":{"background-color":"","background-image":"","background-repeat":"repeat","background-position":"center center","background-size":"auto","background-attachment":"scroll","background-type":"","background-media":"","overlay-type":"","overlay-color":"","overlay-opacity":"","overlay-gradient":""},"mobile":{"background-color":"","background-image":"","background-repeat":"repeat","background-position":"center center","background-size":"auto","background-attachment":"scroll","background-type":"","background-media":"","overlay-type":"","overlay-color":"","overlay-opacity":"","overlay-gradient":""}},"ast-content-background-meta":{"desktop":{"background-color":"var(--ast-global-color-4)","background-image":"","background-repeat":"repeat","background-position":"center center","background-size":"auto","background-attachment":"scroll","background-type":"","background-media":"","overlay-type":"","overlay-color":"","overlay-opacity":"","overlay-gradient":""},"tablet":{"background-color":"var(--ast-global-color-4)","background-image":"","background-repeat":"repeat","background-position":"center center","background-size":"auto","background-attachment":"scroll","background-type":"","background-media":"","overlay-type":"","overlay-color":"","overlay-opacity":"","overlay-gradient":""},"mobile":{"background-color":"var(--ast-global-color-4)","background-image":"","background-repeat":"repeat","background-position":"center center","background-size":"auto","background-attachment":"scroll","background-type":"","background-media":"","overlay-type":"","overlay-color":"","overlay-opacity":"","overlay-gradient":""}},"footnotes":""},"categories":[],"tags":[],"class_list":["post-372495","page","type-page","status-publish","hentry"],"yoast_head":"<!-- This site is optimized with the Yoast SEO Premium plugin v27.4 (Yoast SEO v27.4) - https:\/\/yoast.com\/product\/yoast-seo-premium-wordpress\/ -->\n<title>Bus Shelter - City of Miami Beach<\/title>\n<meta name=\"description\" content=\"The City of Miami Beach has developed a new series of iconic, sculptural bus shelters designed to improve comfort, functionality, and aesthetics for transit riders. These shelters will be gradually installed at every bus stop where the right-of-way (ROW) permits, contributing to a more modern and vibrant public realm.\u00a0\" \/>\n<meta name=\"robots\" content=\"index, follow, max-snippet:-1, max-image-preview:large, max-video-preview:-1\" \/>\n<link rel=\"canonical\" href=\"https:\/\/www.miamibeachfl.gov\/es\/busshelter\/\" \/>\n<meta property=\"og:locale\" content=\"es_ES\" \/>\n<meta property=\"og:type\" content=\"article\" \/>\n<meta property=\"og:title\" content=\"Bus Shelter\" \/>\n<meta property=\"og:description\" content=\"The City of Miami Beach has developed a new series of iconic, sculptural bus shelters designed to improve comfort, functionality, and aesthetics for transit riders. These shelters will be gradually installed at every bus stop where the right-of-way (ROW) permits, contributing to a more modern and vibrant public realm.\u00a0\" \/>\n<meta property=\"og:url\" content=\"https:\/\/www.miamibeachfl.gov\/es\/busshelter\/\" \/>\n<meta property=\"og:site_name\" content=\"City of Miami Beach\" \/>\n<meta property=\"article:publisher\" content=\"https:\/\/www.facebook.com\/cityofmiamibeach\" \/>\n<meta property=\"article:modified_time\" content=\"2025-06-07T20:48:36+00:00\" \/>\n<meta property=\"og:image\" content=\"https:\/\/www.miamibeachfl.gov\/wp-content\/uploads\/2025\/05\/busshelter-closeup2.jpg\" \/>\n<meta name=\"twitter:card\" content=\"summary_large_image\" \/>\n<meta name=\"twitter:site\" content=\"@Miamibeachnews\" \/>\n<script type=\"application\/ld+json\" class=\"yoast-schema-graph\">{\"@context\":\"https:\\\/\\\/schema.org\",\"@graph\":[{\"@type\":\"WebPage\",\"@id\":\"https:\\\/\\\/www.miamibeachfl.gov\\\/busshelter\\\/\",\"url\":\"https:\\\/\\\/www.miamibeachfl.gov\\\/busshelter\\\/\",\"name\":\"Bus Shelter - City of Miami Beach\",\"isPartOf\":{\"@id\":\"https:\\\/\\\/www.miamibeachfl.gov\\\/#website\"},\"primaryImageOfPage\":{\"@id\":\"https:\\\/\\\/www.miamibeachfl.gov\\\/busshelter\\\/#primaryimage\"},\"image\":{\"@id\":\"https:\\\/\\\/www.miamibeachfl.gov\\\/busshelter\\\/#primaryimage\"},\"thumbnailUrl\":\"https:\\\/\\\/www.miamibeachfl.gov\\\/wp-content\\\/uploads\\\/2025\\\/05\\\/busshelter-closeup2.jpg\",\"datePublished\":\"2025-05-14T14:43:26+00:00\",\"dateModified\":\"2025-06-07T20:48:36+00:00\",\"description\":\"The City of Miami Beach has developed a new series of iconic, sculptural bus shelters designed to improve comfort, functionality, and aesthetics for transit riders. These shelters will be gradually installed at every bus stop where the right-of-way (ROW) permits, contributing to a more modern and vibrant public realm.\u00a0\",\"breadcrumb\":{\"@id\":\"https:\\\/\\\/www.miamibeachfl.gov\\\/busshelter\\\/#breadcrumb\"},\"inLanguage\":\"es\",\"potentialAction\":[{\"@type\":\"ReadAction\",\"target\":[\"https:\\\/\\\/www.miamibeachfl.gov\\\/busshelter\\\/\"]}]},{\"@type\":\"ImageObject\",\"inLanguage\":\"es\",\"@id\":\"https:\\\/\\\/www.miamibeachfl.gov\\\/busshelter\\\/#primaryimage\",\"url\":\"https:\\\/\\\/www.miamibeachfl.gov\\\/wp-content\\\/uploads\\\/2025\\\/05\\\/busshelter-closeup2.jpg\",\"contentUrl\":\"https:\\\/\\\/www.miamibeachfl.gov\\\/wp-content\\\/uploads\\\/2025\\\/05\\\/busshelter-closeup2.jpg\"},{\"@type\":\"BreadcrumbList\",\"@id\":\"https:\\\/\\\/www.miamibeachfl.gov\\\/busshelter\\\/#breadcrumb\",\"itemListElement\":[{\"@type\":\"ListItem\",\"position\":1,\"name\":\"Home\",\"item\":\"https:\\\/\\\/www.miamibeachfl.gov\\\/\"},{\"@type\":\"ListItem\",\"position\":2,\"name\":\"Bus Shelter\"}]},{\"@type\":\"WebSite\",\"@id\":\"https:\\\/\\\/www.miamibeachfl.gov\\\/#website\",\"url\":\"https:\\\/\\\/www.miamibeachfl.gov\\\/\",\"name\":\"City of Miami Beach\",\"description\":\"The official website of the City of Miami Beach. Stay informed, find important information on city services, news, alerts, events, trolley routes, government employment and more.\",\"publisher\":{\"@id\":\"https:\\\/\\\/www.miamibeachfl.gov\\\/#organization\"},\"potentialAction\":[{\"@type\":\"SearchAction\",\"target\":{\"@type\":\"EntryPoint\",\"urlTemplate\":\"https:\\\/\\\/www.miamibeachfl.gov\\\/?s={search_term_string}\"},\"query-input\":{\"@type\":\"PropertyValueSpecification\",\"valueRequired\":true,\"valueName\":\"search_term_string\"}}],\"inLanguage\":\"es\"},{\"@type\":\"Organization\",\"@id\":\"https:\\\/\\\/www.miamibeachfl.gov\\\/#organization\",\"name\":\"City of Miami Beach\",\"url\":\"https:\\\/\\\/www.miamibeachfl.gov\\\/\",\"logo\":{\"@type\":\"ImageObject\",\"inLanguage\":\"es\",\"@id\":\"https:\\\/\\\/www.miamibeachfl.gov\\\/#\\\/schema\\\/logo\\\/image\\\/\",\"url\":\"https:\\\/\\\/www.miamibeachfl.gov\\\/wp-content\\\/uploads\\\/2022\\\/06\\\/miamibeach-logoblue.png\",\"contentUrl\":\"https:\\\/\\\/www.miamibeachfl.gov\\\/wp-content\\\/uploads\\\/2022\\\/06\\\/miamibeach-logoblue.png\",\"width\":1962,\"height\":381,\"caption\":\"City of Miami Beach\"},\"image\":{\"@id\":\"https:\\\/\\\/www.miamibeachfl.gov\\\/#\\\/schema\\\/logo\\\/image\\\/\"},\"sameAs\":[\"https:\\\/\\\/www.facebook.com\\\/cityofmiamibeach\",\"https:\\\/\\\/x.com\\\/Miamibeachnews\",\"https:\\\/\\\/www.instagram.com\\\/miamibeachnews\\\/\"],\"description\":\"The official website of the City of Miami Beach. Stay informed, find important information on city services, news, alerts, events, trolley routes, government employment and more.\",\"telephone\":\"305.604.CITY(2489)\",\"legalName\":\"City of Miami Beach\"}]}<\/script>\n<!-- \/ Yoast SEO Premium plugin. -->","yoast_head_json":{"title":"Parada de autob\u00fas - Ciudad de Miami Beach","description":"La ciudad de Miami Beach ha desarrollado una nueva serie de emblem\u00e1ticas y esculturales marquesinas de autob\u00fas, dise\u00f1adas para mejorar la comodidad, la funcionalidad y la est\u00e9tica de los usuarios del transporte p\u00fablico. Estas marquesinas se instalar\u00e1n gradualmente en todas las paradas de autob\u00fas donde el derecho de paso lo permita, contribuyendo a un espacio p\u00fablico m\u00e1s moderno y din\u00e1mico.\u00a0","robots":{"index":"index","follow":"follow","max-snippet":"max-snippet:-1","max-image-preview":"max-image-preview:large","max-video-preview":"max-video-preview:-1"},"canonical":"https:\/\/www.miamibeachfl.gov\/es\/busshelter\/","og_locale":"es_ES","og_type":"article","og_title":"Bus Shelter","og_description":"The City of Miami Beach has developed a new series of iconic, sculptural bus shelters designed to improve comfort, functionality, and aesthetics for transit riders. These shelters will be gradually installed at every bus stop where the right-of-way (ROW) permits, contributing to a more modern and vibrant public realm.\u00a0","og_url":"https:\/\/www.miamibeachfl.gov\/es\/busshelter\/","og_site_name":"City of Miami Beach","article_publisher":"https:\/\/www.facebook.com\/cityofmiamibeach","article_modified_time":"2025-06-07T20:48:36+00:00","og_image":[{"url":"https:\/\/www.miamibeachfl.gov\/wp-content\/uploads\/2025\/05\/busshelter-closeup2.jpg","type":"","width":"","height":""}],"twitter_card":"summary_large_image","twitter_site":"@Miamibeachnews","schema":{"@context":"https:\/\/schema.org","@graph":[{"@type":"WebPage","@id":"https:\/\/www.miamibeachfl.gov\/busshelter\/","url":"https:\/\/www.miamibeachfl.gov\/busshelter\/","name":"Parada de autob\u00fas - Ciudad de Miami Beach","isPartOf":{"@id":"https:\/\/www.miamibeachfl.gov\/#website"},"primaryImageOfPage":{"@id":"https:\/\/www.miamibeachfl.gov\/busshelter\/#primaryimage"},"image":{"@id":"https:\/\/www.miamibeachfl.gov\/busshelter\/#primaryimage"},"thumbnailUrl":"https:\/\/www.miamibeachfl.gov\/wp-content\/uploads\/2025\/05\/busshelter-closeup2.jpg","datePublished":"2025-05-14T14:43:26+00:00","dateModified":"2025-06-07T20:48:36+00:00","description":"La ciudad de Miami Beach ha desarrollado una nueva serie de emblem\u00e1ticas y esculturales marquesinas de autob\u00fas, dise\u00f1adas para mejorar la comodidad, la funcionalidad y la est\u00e9tica de los usuarios del transporte p\u00fablico. Estas marquesinas se instalar\u00e1n gradualmente en todas las paradas de autob\u00fas donde el derecho de paso lo permita, contribuyendo a un espacio p\u00fablico m\u00e1s moderno y din\u00e1mico.\u00a0","breadcrumb":{"@id":"https:\/\/www.miamibeachfl.gov\/busshelter\/#breadcrumb"},"inLanguage":"es","potentialAction":[{"@type":"ReadAction","target":["https:\/\/www.miamibeachfl.gov\/busshelter\/"]}]},{"@type":"ImageObject","inLanguage":"es","@id":"https:\/\/www.miamibeachfl.gov\/busshelter\/#primaryimage","url":"https:\/\/www.miamibeachfl.gov\/wp-content\/uploads\/2025\/05\/busshelter-closeup2.jpg","contentUrl":"https:\/\/www.miamibeachfl.gov\/wp-content\/uploads\/2025\/05\/busshelter-closeup2.jpg"},{"@type":"BreadcrumbList","@id":"https:\/\/www.miamibeachfl.gov\/busshelter\/#breadcrumb","itemListElement":[{"@type":"ListItem","position":1,"name":"Home","item":"https:\/\/www.miamibeachfl.gov\/"},{"@type":"ListItem","position":2,"name":"Bus Shelter"}]},{"@type":"WebSite","@id":"https:\/\/www.miamibeachfl.gov\/#website","url":"https:\/\/www.miamibeachfl.gov\/","name":"Ciudad de Miami Beach","description":"Sitio web oficial de la Ciudad de Miami Beach. Mant\u00e9ngase informado, encuentre informaci\u00f3n importante sobre servicios municipales, noticias, alertas, eventos, rutas de tranv\u00edas, empleos gubernamentales y m\u00e1s.","publisher":{"@id":"https:\/\/www.miamibeachfl.gov\/#organization"},"potentialAction":[{"@type":"SearchAction","target":{"@type":"EntryPoint","urlTemplate":"https:\/\/www.miamibeachfl.gov\/?s={search_term_string}"},"query-input":{"@type":"PropertyValueSpecification","valueRequired":true,"valueName":"search_term_string"}}],"inLanguage":"es"},{"@type":"Organization","@id":"https:\/\/www.miamibeachfl.gov\/#organization","name":"Ciudad de Miami Beach","url":"https:\/\/www.miamibeachfl.gov\/","logo":{"@type":"ImageObject","inLanguage":"es","@id":"https:\/\/www.miamibeachfl.gov\/#\/schema\/logo\/image\/","url":"https:\/\/www.miamibeachfl.gov\/wp-content\/uploads\/2022\/06\/miamibeach-logoblue.png","contentUrl":"https:\/\/www.miamibeachfl.gov\/wp-content\/uploads\/2022\/06\/miamibeach-logoblue.png","width":1962,"height":381,"caption":"City of Miami Beach"},"image":{"@id":"https:\/\/www.miamibeachfl.gov\/#\/schema\/logo\/image\/"},"sameAs":["https:\/\/www.facebook.com\/cityofmiamibeach","https:\/\/x.com\/Miamibeachnews","https:\/\/www.instagram.com\/miamibeachnews\/"],"description":"Sitio web oficial de la Ciudad de Miami Beach. Mant\u00e9ngase informado, encuentre informaci\u00f3n importante sobre servicios municipales, noticias, alertas, eventos, rutas de tranv\u00edas, empleos gubernamentales y m\u00e1s.","telephone":"305.604.CITY(2489)","legalName":"City of Miami Beach"}]}},"_links":{"self":[{"href":"https:\/\/www.miamibeachfl.gov\/es\/wp-json\/wp\/v2\/pages\/372495","targetHints":{"allow":["GET"]}}],"collection":[{"href":"https:\/\/www.miamibeachfl.gov\/es\/wp-json\/wp\/v2\/pages"}],"about":[{"href":"https:\/\/www.miamibeachfl.gov\/es\/wp-json\/wp\/v2\/types\/page"}],"author":[{"embeddable":true,"href":"https:\/\/www.miamibeachfl.gov\/es\/wp-json\/wp\/v2\/users\/222"}],"replies":[{"embeddable":true,"href":"https:\/\/www.miamibeachfl.gov\/es\/wp-json\/wp\/v2\/comments?post=372495"}],"version-history":[{"count":1,"href":"https:\/\/www.miamibeachfl.gov\/es\/wp-json\/wp\/v2\/pages\/372495\/revisions"}],"predecessor-version":[{"id":375859,"href":"https:\/\/www.miamibeachfl.gov\/es\/wp-json\/wp\/v2\/pages\/372495\/revisions\/375859"}],"wp:attachment":[{"href":"https:\/\/www.miamibeachfl.gov\/es\/wp-json\/wp\/v2\/media?parent=372495"}],"wp:term":[{"taxonomy":"category","embeddable":true,"href":"https:\/\/www.miamibeachfl.gov\/es\/wp-json\/wp\/v2\/categories?post=372495"},{"taxonomy":"post_tag","embeddable":true,"href":"https:\/\/www.miamibeachfl.gov\/es\/wp-json\/wp\/v2\/tags?post=372495"}],"curies":[{"name":"gracias","href":"https:\/\/api.w.org\/{rel}","templated":true}]}}