{"id":38346,"date":"2017-10-09T11:35:36","date_gmt":"2017-10-09T15:35:36","guid":{"rendered":"http:\/\/www.miamibeachfl.gov\/?page_id=38346"},"modified":"2025-07-21T08:34:10","modified_gmt":"2025-07-21T12:34:10","slug":"national-retirement-benefit","status":"publish","type":"page","link":"https:\/\/www.miamibeachfl.gov\/es\/city-hall\/mberp\/national-retirement-benefit\/","title":{"rendered":"Prestaci\u00f3n por jubilaci\u00f3n"},"content":{"rendered":"<img decoding=\"async\" src=\"https:\/\/www.miamibeachfl.gov\/wp-content\/uploads\/2022\/07\/hero-small.jpg\" alt=\"ocean drive art deco buildings\" itemprop=\"image\" height=\"211\" width=\"2395\" title=\"h\u00e9roe peque\u00f1o\" onerror=\"this.style.display='none'\" loading='lazy' \/>\n<h1>\n\t\t\tPrestaci\u00f3n por jubilaci\u00f3n\t<\/h1>\n\t<nav id=\"breadcrumbs\" aria-label=\"Pan rallado\"><a href=\"https:\/\/www.miamibeachfl.gov\/es\/\">Hogar<\/a> &gt; <a href=\"https:\/\/www.miamibeachfl.gov\/es\/city-hall\/\">Ayuntamiento<\/a> &gt; <a href=\"https:\/\/www.miamibeachfl.gov\/es\/city-hall\/mberp\/\">MBERP \u2013 Plan de Jubilaci\u00f3n para Empleados de Miami Beach<\/a> &gt; <strong>Prestaci\u00f3n por jubilaci\u00f3n<\/strong><\/nav>\n\t<p>La prestaci\u00f3n mensual que recibir\u00e1 si contin\u00faa trabajando hasta su Fecha de Jubilaci\u00f3n Normal se denomina Prestaci\u00f3n de Jubilaci\u00f3n Normal. El monto de su Prestaci\u00f3n de Jubilaci\u00f3n Normal se basa en los siguientes factores:<\/p>\n<ul>\n<li>Su salario cubierto seg\u00fan lo definido anteriormente.<\/li>\n<li>Sus ganancias mensuales promedio finales (FAME) seg\u00fan se definieron anteriormente.<\/li>\n<li>Sus a\u00f1os de servicio acreditable en su fecha de jubilaci\u00f3n normal.<\/li>\n<li>Su clasificaci\u00f3n y\/o nivel<\/li>\n<\/ul>\n<h3>Su beneficio de jubilaci\u00f3n normal se calcula de la siguiente manera:<\/h3>\n<strong>Miembro de nivel C<\/strong><br \/>\n2.5% de FAME multiplicado por sus a\u00f1os de Servicio Acreditable, con un m\u00e1ximo de 80% de su FAME. Ejemplo:<br \/>\nSi su FAME es $4,000 y el servicio es de 22 a\u00f1os, entonces su beneficio mensual = 2,5% X $4,000 X 22 a\u00f1os = $2,200.\n<strong>Miembro de nivel B<\/strong><br \/>\n3% de FAME multiplicado por sus a\u00f1os de Servicio Acreditable, con un m\u00e1ximo de 80% de su FAME. Ejemplo:<br \/>\nSi su FAME es $4,000 y el servicio es de 22 a\u00f1os, entonces su beneficio mensual = 3% X $4,000 X 22 a\u00f1os = $2,640.\n<strong>Para clasificados \u2013 Nivel A<\/strong><br \/>\n3% de FAME por cada uno de los primeros 15 a\u00f1os de Servicio Acreditable m\u00e1s 4% de FAME por cada a\u00f1o en exceso de 15.\n<p>El beneficio m\u00e1ximo es 90% de tu FAME.<\/p>\n\t\tNavegar a\u2026\t\t\t\n\t\t\t\t\t<ul id=\"menu-mberp\"><li id=\"menu-item-363202\"><a href=\"\/es\/city-hall\/mberp\/actuarial-valuation\/\">Valoraci\u00f3n actuarial<\/a><\/li>\n<li id=\"menu-item-363203\"><a href=\"\/es\/city-hall\/mberp\/agendas-minutes\/\">\u00d3rdenes del d\u00eda y actas<\/a><\/li>\n<li id=\"menu-item-363204\"><a href=\"\/es\/city-hall\/mberp\/board-of-trustees\/\">Junta directiva<\/a><\/li>\n<li id=\"menu-item-363205\"><a href=\"\/es\/city-hall\/mberp\/deferred-retirement-option-plan\/\">GOTA<\/a><\/li>\n<li id=\"menu-item-363207\"><a href=\"\/es\/city-hall\/mberp\/internal-audit-reports\/\">Informes de auditor\u00eda de pensiones<\/a><\/li>\n<li id=\"menu-item-363208\"><a href=\"\/es\/city-hall\/mberp\/quarterly-investment-report\/\">Informe trimestral de inversiones<\/a><\/li>\n<li id=\"menu-item-363209\"><a href=\"\/es\/city-hall\/mberp\/retiree-benefit-links\/\">Enlaces sobre beneficios para jubilados<\/a><\/li>\n<li id=\"menu-item-363210\"><a href=\"\/es\/city-hall\/mberp\/national-retirement-benefit\/\">Prestaci\u00f3n por jubilaci\u00f3n<\/a><\/li>\n<li id=\"menu-item-363211\"><a href=\"\/es\/city-hall\/mberp\/the-plan\/\">El plan<\/a><\/li>\n<li id=\"menu-item-386061\"><a href=\"https:\/\/www.pensiontechnologygroup.com\/miamibeach\">Portal<\/a><\/li>\n<li id=\"menu-item-386610\"><a href=\"https:\/\/www.miamibeachfl.gov\/es\/city-hall\/mberp\/additional-information\/\">Informaci\u00f3n adicional del MBERP<\/a><\/li>\n<li id=\"menu-item-386611\"><a href=\"https:\/\/www.miamibeachfl.gov\/es\/city-hall\/mberp\/audit-report\/\">Cartera de fondos<\/a><\/li>\n<li id=\"menu-item-386612\"><a href=\"https:\/\/www.miamibeachfl.gov\/es\/city-hall\/mberp\/fl-chapter-112-664\/\">Cap\u00edtulo 112.664 de Florida<\/a><\/li>\n<li id=\"menu-item-386613\"><a href=\"https:\/\/www.miamibeachfl.gov\/es\/city-hall\/mberp\/meeting-calendar\/\">Calendario de reuniones<\/a><\/li>\n<li id=\"menu-item-386614\"><a href=\"https:\/\/www.miamibeachfl.gov\/es\/city-hall\/mberp\/investment-policy\/\">Pol\u00edtica de inversi\u00f3n<\/a><\/li>\n<li id=\"menu-item-386615\"><a href=\"\/es\/city-hall\/mberp\/other-links\/\">Otros enlaces<\/a><\/li>\n<\/ul>\t\n\t<div class=\"page-navigation\"><a class=\"prev-page\" href=\"https:\/\/www.miamibeachfl.gov\/es\/city-hall\/public-works\/engineering-division\/section-7-4-special-considerations\/\">\u2190 Secci\u00f3n 7 4. Consideraciones especiales<\/a> <a class=\"next-page\" href=\"https:\/\/www.miamibeachfl.gov\/es\/city-hall\/mberp\/investment-policy\/\">Pol\u00edtica de inversi\u00f3n \u2192<\/a><\/div>","protected":false},"excerpt":{"rendered":"<p>Retirement Benefit Home &gt; City Hall &gt; MBERP &#8211; Miami Beach Employee Retirement Plan &gt; Retirement Benefit The monthly benefit [&hellip;]<\/p>\n","protected":false},"author":222,"featured_media":0,"parent":28734,"menu_order":183,"comment_status":"closed","ping_status":"closed","template":"","meta":{"_searchwp_excluded":"","site-sidebar-layout":"default","site-content-layout":"","ast-site-content-layout":"default","site-content-style":"default","site-sidebar-style":"default","ast-global-header-display":"","ast-banner-title-visibility":"","ast-main-header-display":"","ast-hfb-above-header-display":"","ast-hfb-below-header-display":"","ast-hfb-mobile-header-display":"","site-post-title":"","ast-breadcrumbs-content":"","ast-featured-img":"","footer-sml-layout":"","theme-transparent-header-meta":"","adv-header-id-meta":"","stick-header-meta":"","header-above-stick-meta":"","header-main-stick-meta":"","header-below-stick-meta":"","astra-migrate-meta-layouts":"default","ast-page-background-enabled":"default","ast-page-background-meta":{"desktop":{"background-color":"var(--ast-global-color-5)","background-image":"","background-repeat":"repeat","background-position":"center center","background-size":"auto","background-attachment":"scroll","background-type":"","background-media":"","overlay-type":"","overlay-color":"","overlay-opacity":"","overlay-gradient":""},"tablet":{"background-color":"","background-image":"","background-repeat":"repeat","background-position":"center center","background-size":"auto","background-attachment":"scroll","background-type":"","background-media":"","overlay-type":"","overlay-color":"","overlay-opacity":"","overlay-gradient":""},"mobile":{"background-color":"","background-image":"","background-repeat":"repeat","background-position":"center center","background-size":"auto","background-attachment":"scroll","background-type":"","background-media":"","overlay-type":"","overlay-color":"","overlay-opacity":"","overlay-gradient":""}},"ast-content-background-meta":{"desktop":{"background-color":"var(--ast-global-color-4)","background-image":"","background-repeat":"repeat","background-position":"center center","background-size":"auto","background-attachment":"scroll","background-type":"","background-media":"","overlay-type":"","overlay-color":"","overlay-opacity":"","overlay-gradient":""},"tablet":{"background-color":"var(--ast-global-color-4)","background-image":"","background-repeat":"repeat","background-position":"center center","background-size":"auto","background-attachment":"scroll","background-type":"","background-media":"","overlay-type":"","overlay-color":"","overlay-opacity":"","overlay-gradient":""},"mobile":{"background-color":"var(--ast-global-color-4)","background-image":"","background-repeat":"repeat","background-position":"center center","background-size":"auto","background-attachment":"scroll","background-type":"","background-media":"","overlay-type":"","overlay-color":"","overlay-opacity":"","overlay-gradient":""}},"footnotes":""},"categories":[],"tags":[],"class_list":["post-38346","page","type-page","status-publish","hentry"],"yoast_head":"<!-- This site is optimized with the Yoast SEO Premium plugin v27.4 (Yoast SEO v27.4) - https:\/\/yoast.com\/product\/yoast-seo-premium-wordpress\/ -->\n<title>Retirement Benefit - City of Miami Beach<\/title>\n<meta name=\"description\" content=\"%\" \/>\n<meta name=\"robots\" content=\"index, follow, max-snippet:-1, max-image-preview:large, max-video-preview:-1\" \/>\n<link rel=\"canonical\" href=\"https:\/\/www.miamibeachfl.gov\/es\/city-hall\/mberp\/national-retirement-benefit\/\" \/>\n<meta property=\"og:locale\" content=\"es_ES\" \/>\n<meta property=\"og:type\" content=\"article\" \/>\n<meta property=\"og:title\" content=\"Retirement Benefit\" \/>\n<meta property=\"og:description\" content=\"%\" \/>\n<meta property=\"og:url\" content=\"https:\/\/www.miamibeachfl.gov\/es\/city-hall\/mberp\/national-retirement-benefit\/\" \/>\n<meta property=\"og:site_name\" content=\"City of Miami Beach\" \/>\n<meta property=\"article:publisher\" content=\"https:\/\/www.facebook.com\/cityofmiamibeach\" \/>\n<meta property=\"article:modified_time\" content=\"2025-07-21T12:34:10+00:00\" \/>\n<meta property=\"og:image\" content=\"https:\/\/www.miamibeachfl.gov\/wp-content\/uploads\/2022\/07\/hero-small.jpg\" \/>\n<meta name=\"twitter:card\" content=\"summary_large_image\" \/>\n<meta name=\"twitter:site\" content=\"@Miamibeachnews\" \/>\n<script type=\"application\/ld+json\" class=\"yoast-schema-graph\">{\"@context\":\"https:\\\/\\\/schema.org\",\"@graph\":[{\"@type\":\"WebPage\",\"@id\":\"https:\\\/\\\/www.miamibeachfl.gov\\\/city-hall\\\/mberp\\\/national-retirement-benefit\\\/\",\"url\":\"https:\\\/\\\/www.miamibeachfl.gov\\\/city-hall\\\/mberp\\\/national-retirement-benefit\\\/\",\"name\":\"Retirement Benefit - City of Miami Beach\",\"isPartOf\":{\"@id\":\"https:\\\/\\\/www.miamibeachfl.gov\\\/#website\"},\"primaryImageOfPage\":{\"@id\":\"https:\\\/\\\/www.miamibeachfl.gov\\\/city-hall\\\/mberp\\\/national-retirement-benefit\\\/#primaryimage\"},\"image\":{\"@id\":\"https:\\\/\\\/www.miamibeachfl.gov\\\/city-hall\\\/mberp\\\/national-retirement-benefit\\\/#primaryimage\"},\"thumbnailUrl\":\"https:\\\/\\\/www.miamibeachfl.gov\\\/wp-content\\\/uploads\\\/2022\\\/07\\\/hero-small.jpg\",\"datePublished\":\"2017-10-09T15:35:36+00:00\",\"dateModified\":\"2025-07-21T12:34:10+00:00\",\"description\":\"%\",\"breadcrumb\":{\"@id\":\"https:\\\/\\\/www.miamibeachfl.gov\\\/city-hall\\\/mberp\\\/national-retirement-benefit\\\/#breadcrumb\"},\"inLanguage\":\"es\",\"potentialAction\":[{\"@type\":\"ReadAction\",\"target\":[\"https:\\\/\\\/www.miamibeachfl.gov\\\/city-hall\\\/mberp\\\/national-retirement-benefit\\\/\"]}]},{\"@type\":\"ImageObject\",\"inLanguage\":\"es\",\"@id\":\"https:\\\/\\\/www.miamibeachfl.gov\\\/city-hall\\\/mberp\\\/national-retirement-benefit\\\/#primaryimage\",\"url\":\"https:\\\/\\\/www.miamibeachfl.gov\\\/wp-content\\\/uploads\\\/2022\\\/07\\\/hero-small.jpg\",\"contentUrl\":\"https:\\\/\\\/www.miamibeachfl.gov\\\/wp-content\\\/uploads\\\/2022\\\/07\\\/hero-small.jpg\"},{\"@type\":\"BreadcrumbList\",\"@id\":\"https:\\\/\\\/www.miamibeachfl.gov\\\/city-hall\\\/mberp\\\/national-retirement-benefit\\\/#breadcrumb\",\"itemListElement\":[{\"@type\":\"ListItem\",\"position\":1,\"name\":\"Home\",\"item\":\"https:\\\/\\\/www.miamibeachfl.gov\\\/\"},{\"@type\":\"ListItem\",\"position\":2,\"name\":\"City Hall\",\"item\":\"https:\\\/\\\/www.miamibeachfl.gov\\\/city-hall\\\/\"},{\"@type\":\"ListItem\",\"position\":3,\"name\":\"MBERP &#8211; Miami Beach Employee Retirement Plan\",\"item\":\"https:\\\/\\\/www.miamibeachfl.gov\\\/city-hall\\\/mberp\\\/\"},{\"@type\":\"ListItem\",\"position\":4,\"name\":\"Retirement Benefit\"}]},{\"@type\":\"WebSite\",\"@id\":\"https:\\\/\\\/www.miamibeachfl.gov\\\/#website\",\"url\":\"https:\\\/\\\/www.miamibeachfl.gov\\\/\",\"name\":\"City of Miami Beach\",\"description\":\"The official website of the City of Miami Beach. Stay informed, find important information on city services, news, alerts, events, trolley routes, government employment and more.\",\"publisher\":{\"@id\":\"https:\\\/\\\/www.miamibeachfl.gov\\\/#organization\"},\"potentialAction\":[{\"@type\":\"SearchAction\",\"target\":{\"@type\":\"EntryPoint\",\"urlTemplate\":\"https:\\\/\\\/www.miamibeachfl.gov\\\/?s={search_term_string}\"},\"query-input\":{\"@type\":\"PropertyValueSpecification\",\"valueRequired\":true,\"valueName\":\"search_term_string\"}}],\"inLanguage\":\"es\"},{\"@type\":\"Organization\",\"@id\":\"https:\\\/\\\/www.miamibeachfl.gov\\\/#organization\",\"name\":\"City of Miami Beach\",\"url\":\"https:\\\/\\\/www.miamibeachfl.gov\\\/\",\"logo\":{\"@type\":\"ImageObject\",\"inLanguage\":\"es\",\"@id\":\"https:\\\/\\\/www.miamibeachfl.gov\\\/#\\\/schema\\\/logo\\\/image\\\/\",\"url\":\"https:\\\/\\\/www.miamibeachfl.gov\\\/wp-content\\\/uploads\\\/2022\\\/06\\\/miamibeach-logoblue.png\",\"contentUrl\":\"https:\\\/\\\/www.miamibeachfl.gov\\\/wp-content\\\/uploads\\\/2022\\\/06\\\/miamibeach-logoblue.png\",\"width\":1962,\"height\":381,\"caption\":\"City of Miami Beach\"},\"image\":{\"@id\":\"https:\\\/\\\/www.miamibeachfl.gov\\\/#\\\/schema\\\/logo\\\/image\\\/\"},\"sameAs\":[\"https:\\\/\\\/www.facebook.com\\\/cityofmiamibeach\",\"https:\\\/\\\/x.com\\\/Miamibeachnews\",\"https:\\\/\\\/www.instagram.com\\\/miamibeachnews\\\/\"],\"description\":\"The official website of the City of Miami Beach. Stay informed, find important information on city services, news, alerts, events, trolley routes, government employment and more.\",\"telephone\":\"305.604.CITY(2489)\",\"legalName\":\"City of Miami Beach\"}]}<\/script>\n<!-- \/ Yoast SEO Premium plugin. -->","yoast_head_json":{"title":"Prestaci\u00f3n por jubilaci\u00f3n - Ciudad de Miami Beach","description":"%","robots":{"index":"index","follow":"follow","max-snippet":"max-snippet:-1","max-image-preview":"max-image-preview:large","max-video-preview":"max-video-preview:-1"},"canonical":"https:\/\/www.miamibeachfl.gov\/es\/city-hall\/mberp\/national-retirement-benefit\/","og_locale":"es_ES","og_type":"article","og_title":"Retirement Benefit","og_description":"%","og_url":"https:\/\/www.miamibeachfl.gov\/es\/city-hall\/mberp\/national-retirement-benefit\/","og_site_name":"City of Miami Beach","article_publisher":"https:\/\/www.facebook.com\/cityofmiamibeach","article_modified_time":"2025-07-21T12:34:10+00:00","og_image":[{"url":"https:\/\/www.miamibeachfl.gov\/wp-content\/uploads\/2022\/07\/hero-small.jpg","type":"","width":"","height":""}],"twitter_card":"summary_large_image","twitter_site":"@Miamibeachnews","schema":{"@context":"https:\/\/schema.org","@graph":[{"@type":"WebPage","@id":"https:\/\/www.miamibeachfl.gov\/city-hall\/mberp\/national-retirement-benefit\/","url":"https:\/\/www.miamibeachfl.gov\/city-hall\/mberp\/national-retirement-benefit\/","name":"Prestaci\u00f3n por jubilaci\u00f3n - Ciudad de Miami Beach","isPartOf":{"@id":"https:\/\/www.miamibeachfl.gov\/#website"},"primaryImageOfPage":{"@id":"https:\/\/www.miamibeachfl.gov\/city-hall\/mberp\/national-retirement-benefit\/#primaryimage"},"image":{"@id":"https:\/\/www.miamibeachfl.gov\/city-hall\/mberp\/national-retirement-benefit\/#primaryimage"},"thumbnailUrl":"https:\/\/www.miamibeachfl.gov\/wp-content\/uploads\/2022\/07\/hero-small.jpg","datePublished":"2017-10-09T15:35:36+00:00","dateModified":"2025-07-21T12:34:10+00:00","description":"%","breadcrumb":{"@id":"https:\/\/www.miamibeachfl.gov\/city-hall\/mberp\/national-retirement-benefit\/#breadcrumb"},"inLanguage":"es","potentialAction":[{"@type":"ReadAction","target":["https:\/\/www.miamibeachfl.gov\/city-hall\/mberp\/national-retirement-benefit\/"]}]},{"@type":"ImageObject","inLanguage":"es","@id":"https:\/\/www.miamibeachfl.gov\/city-hall\/mberp\/national-retirement-benefit\/#primaryimage","url":"https:\/\/www.miamibeachfl.gov\/wp-content\/uploads\/2022\/07\/hero-small.jpg","contentUrl":"https:\/\/www.miamibeachfl.gov\/wp-content\/uploads\/2022\/07\/hero-small.jpg"},{"@type":"BreadcrumbList","@id":"https:\/\/www.miamibeachfl.gov\/city-hall\/mberp\/national-retirement-benefit\/#breadcrumb","itemListElement":[{"@type":"ListItem","position":1,"name":"Home","item":"https:\/\/www.miamibeachfl.gov\/"},{"@type":"ListItem","position":2,"name":"City Hall","item":"https:\/\/www.miamibeachfl.gov\/city-hall\/"},{"@type":"ListItem","position":3,"name":"MBERP &#8211; Miami Beach Employee Retirement Plan","item":"https:\/\/www.miamibeachfl.gov\/city-hall\/mberp\/"},{"@type":"ListItem","position":4,"name":"Retirement Benefit"}]},{"@type":"WebSite","@id":"https:\/\/www.miamibeachfl.gov\/#website","url":"https:\/\/www.miamibeachfl.gov\/","name":"Ciudad de Miami Beach","description":"Sitio web oficial de la Ciudad de Miami Beach. Mant\u00e9ngase informado, encuentre informaci\u00f3n importante sobre servicios municipales, noticias, alertas, eventos, rutas de tranv\u00edas, empleos gubernamentales y m\u00e1s.","publisher":{"@id":"https:\/\/www.miamibeachfl.gov\/#organization"},"potentialAction":[{"@type":"SearchAction","target":{"@type":"EntryPoint","urlTemplate":"https:\/\/www.miamibeachfl.gov\/?s={search_term_string}"},"query-input":{"@type":"PropertyValueSpecification","valueRequired":true,"valueName":"search_term_string"}}],"inLanguage":"es"},{"@type":"Organization","@id":"https:\/\/www.miamibeachfl.gov\/#organization","name":"Ciudad de Miami Beach","url":"https:\/\/www.miamibeachfl.gov\/","logo":{"@type":"ImageObject","inLanguage":"es","@id":"https:\/\/www.miamibeachfl.gov\/#\/schema\/logo\/image\/","url":"https:\/\/www.miamibeachfl.gov\/wp-content\/uploads\/2022\/06\/miamibeach-logoblue.png","contentUrl":"https:\/\/www.miamibeachfl.gov\/wp-content\/uploads\/2022\/06\/miamibeach-logoblue.png","width":1962,"height":381,"caption":"City of Miami Beach"},"image":{"@id":"https:\/\/www.miamibeachfl.gov\/#\/schema\/logo\/image\/"},"sameAs":["https:\/\/www.facebook.com\/cityofmiamibeach","https:\/\/x.com\/Miamibeachnews","https:\/\/www.instagram.com\/miamibeachnews\/"],"description":"Sitio web oficial de la Ciudad de Miami Beach. Mant\u00e9ngase informado, encuentre informaci\u00f3n importante sobre servicios municipales, noticias, alertas, eventos, rutas de tranv\u00edas, empleos gubernamentales y m\u00e1s.","telephone":"305.604.CITY(2489)","legalName":"City of Miami Beach"}]}},"_links":{"self":[{"href":"https:\/\/www.miamibeachfl.gov\/es\/wp-json\/wp\/v2\/pages\/38346","targetHints":{"allow":["GET"]}}],"collection":[{"href":"https:\/\/www.miamibeachfl.gov\/es\/wp-json\/wp\/v2\/pages"}],"about":[{"href":"https:\/\/www.miamibeachfl.gov\/es\/wp-json\/wp\/v2\/types\/page"}],"author":[{"embeddable":true,"href":"https:\/\/www.miamibeachfl.gov\/es\/wp-json\/wp\/v2\/users\/222"}],"replies":[{"embeddable":true,"href":"https:\/\/www.miamibeachfl.gov\/es\/wp-json\/wp\/v2\/comments?post=38346"}],"version-history":[{"count":3,"href":"https:\/\/www.miamibeachfl.gov\/es\/wp-json\/wp\/v2\/pages\/38346\/revisions"}],"predecessor-version":[{"id":386981,"href":"https:\/\/www.miamibeachfl.gov\/es\/wp-json\/wp\/v2\/pages\/38346\/revisions\/386981"}],"up":[{"embeddable":true,"href":"https:\/\/www.miamibeachfl.gov\/es\/wp-json\/wp\/v2\/pages\/28734"}],"wp:attachment":[{"href":"https:\/\/www.miamibeachfl.gov\/es\/wp-json\/wp\/v2\/media?parent=38346"}],"wp:term":[{"taxonomy":"category","embeddable":true,"href":"https:\/\/www.miamibeachfl.gov\/es\/wp-json\/wp\/v2\/categories?post=38346"},{"taxonomy":"post_tag","embeddable":true,"href":"https:\/\/www.miamibeachfl.gov\/es\/wp-json\/wp\/v2\/tags?post=38346"}],"curies":[{"name":"gracias","href":"https:\/\/api.w.org\/{rel}","templated":true}]}}