{"id":38359,"date":"2017-10-09T14:36:33","date_gmt":"2017-10-09T18:36:33","guid":{"rendered":"http:\/\/www.miamibeachfl.gov\/?page_id=38359"},"modified":"2025-07-14T15:26:53","modified_gmt":"2025-07-14T19:26:53","slug":"deferred-retirement-option-plan","status":"publish","type":"page","link":"https:\/\/www.miamibeachfl.gov\/es\/city-hall\/mberp\/deferred-retirement-option-plan\/","title":{"rendered":"GOTA"},"content":{"rendered":"<img decoding=\"async\" src=\"https:\/\/www.miamibeachfl.gov\/wp-content\/uploads\/2022\/07\/hero-small.jpg\" alt=\"ocean drive art deco buildings\" itemprop=\"image\" title=\"h\u00e9roe peque\u00f1o\" onerror=\"this.style.display='none'\" loading='lazy' \/>\n<h1>\n\t\t\tGOTA\t<\/h1>\n\t<nav id=\"breadcrumbs\" aria-label=\"Pan rallado\"><a href=\"https:\/\/www.miamibeachfl.gov\/es\/\">Hogar<\/a> &gt; <a href=\"https:\/\/www.miamibeachfl.gov\/es\/city-hall\/\">Ayuntamiento<\/a> &gt; <a href=\"https:\/\/www.miamibeachfl.gov\/es\/city-hall\/mberp\/\">MBERP \u2013 Plan de Jubilaci\u00f3n para Empleados de Miami Beach<\/a> &gt; <strong>GOTA<\/strong><\/nav>\n\t<p>Hay muchos aspectos que considerar cuando est\u00e1 a punto de dejar de trabajar y finalmente jubilarse. El programa DROP a\u00f1ade a\u00fan m\u00e1s preguntas para su plan de jubilaci\u00f3n. Estamos aqu\u00ed para ayudarle a comprender sus opciones y a desarrollar una estrategia de jubilaci\u00f3n adaptada a su situaci\u00f3n. A continuaci\u00f3n, se presentan algunas de las preguntas que recibimos regularmente:<\/p>\n<p><strong>Tenga en cuenta<\/strong>Hay m\u00e1s preguntas que no se abordan aqu\u00ed, y es posible que estas respuestas no se apliquen a su situaci\u00f3n particular. Programe una cita para analizar sus inquietudes individualmente.<\/p>\n<h3>\u00bfQu\u00e9 es el programa DROP?<\/h3>\n<p>Al ingresar al programa DROP, deja de acumular a\u00f1os de servicio para su pensi\u00f3n. Se jubila y comienza a cobrar su pensi\u00f3n. Contin\u00faa trabajando y recibe su salario y horas extras, pero tambi\u00e9n recibe su pensi\u00f3n mensualmente, que se reserva en una cuenta separada. Esta se conoce como su cuenta DROP. Puede permanecer en el programa hasta cinco a\u00f1os, pero a partir de entonces debe jubilarse oficialmente.<\/p>\n<h3>\u00bfDebo ingresar DROP?<\/h3>\n<p>Hay muchos aspectos a considerar al responder a esta pregunta. \u00bfPlanea ascender pronto o se encuentra en el nivel salarial m\u00e1s alto que espera alcanzar? Si asciende pronto, le conviene esperar para fijar esa pensi\u00f3n m\u00e1s alta debido al aumento de su salario base. \u00bfQuerr\u00e1 dejar el trabajo en cinco a\u00f1os? Algunas personas no est\u00e1n listas para asumir este compromiso. Una vez que decida ingresar al programa DROP, no podr\u00e1 trabajar m\u00e1s de 5 a\u00f1os m\u00e1s, por lo que debe estar mentalmente preparado para jubilarse.<\/p>\n<h3>\u00bfQu\u00e9 hago con el DROP cuando me voy?<\/h3>\n<p>Dado que no puede dejar el dinero en la cuenta DROP, tiene b\u00e1sicamente tres opciones: puede recibir una distribuci\u00f3n global, transferir el dinero a su plan de compensaci\u00f3n diferida (457) o transferirlo a una cuenta IRA de reinversi\u00f3n. Con la distribuci\u00f3n global, deber\u00e1 pagar impuestos sobre la renta sobre el monto total. Es muy importante tener esto en cuenta, ya que las grandes cantidades de dinero en la cuenta DROP pueden generar un impacto fiscal significativo. Si transfiere el dinero a una cuenta de compensaci\u00f3n diferida o a una IRA, puede continuar difiriendo los impuestos e invertirlo. La decisi\u00f3n de usar una cuenta de compensaci\u00f3n diferida o una IRA depender\u00e1 de varios factores, como su edad, la flexibilidad que desee para sus inversiones y los tipos de inversiones en los que desee invertir.<\/p>\n<h3>\u00bfQu\u00e9 inversiones debo elegir en mi Rollover IRA?<\/h3>\n<p>Esta es una pregunta \u00fanica para cada uno de ustedes. Algunas personas desean complementar su pensi\u00f3n e invertir en certificados de dep\u00f3sito, bonos del Tesoro de EE. UU., bonos corporativos o fondos mutuos generadores de ingresos. Otras buscan un mayor riesgo\/rendimiento al invertir en acciones individuales y fondos mutuos. Algunas prefieren considerar las caracter\u00edsticas de seguro de las anualidades variables.<\/p>\n<h3>\u00bfCuando deber\u00eda ir a verte?<\/h3>\n<p>Deber\u00edas venir a verme siempre que tengas preguntas. Puedo ayudarte a hablar sobre tus opciones al final del programa DROP, para que tengas tranquilidad y sepas c\u00f3mo el dinero de DROP puede serte de utilidad. Como m\u00ednimo, deber\u00edas venir a verme un par de meses antes de jubilarte para que podamos establecer una IRA de Reinversi\u00f3n y empezar a completar la documentaci\u00f3n municipal necesaria para iniciar el proceso de reinversi\u00f3n.<\/p>\n\t\tNavegar a\u2026\t\t\t\n\t\t\t\t\t<ul id=\"menu-mberp\"><li id=\"menu-item-363202\"><a href=\"\/es\/city-hall\/mberp\/actuarial-valuation\/\">Valoraci\u00f3n actuarial<\/a><\/li>\n<li id=\"menu-item-363203\"><a href=\"\/es\/city-hall\/mberp\/agendas-minutes\/\">\u00d3rdenes del d\u00eda y actas<\/a><\/li>\n<li id=\"menu-item-363204\"><a href=\"\/es\/city-hall\/mberp\/board-of-trustees\/\">Junta directiva<\/a><\/li>\n<li id=\"menu-item-363205\"><a href=\"\/es\/city-hall\/mberp\/deferred-retirement-option-plan\/\">GOTA<\/a><\/li>\n<li id=\"menu-item-363206\"><a href=\"\/es\/city-hall\/mberp\/notice-drug-coverage-and-medicare\/\">Aviso sobre su cobertura de medicamentos recetados y Medicare<\/a><\/li>\n<li id=\"menu-item-363207\"><a href=\"\/es\/city-hall\/mberp\/internal-audit-reports\/\">Informes de auditor\u00eda de pensiones<\/a><\/li>\n<li id=\"menu-item-363208\"><a href=\"\/es\/city-hall\/mberp\/quarterly-investment-report\/\">Informe trimestral de inversiones<\/a><\/li>\n<li id=\"menu-item-363209\"><a href=\"\/es\/city-hall\/mberp\/retiree-benefit-links\/\">Enlaces sobre beneficios para jubilados<\/a><\/li>\n<li id=\"menu-item-363210\"><a href=\"\/es\/city-hall\/mberp\/national-retirement-benefit\/\">Prestaci\u00f3n por jubilaci\u00f3n<\/a><\/li>\n<li id=\"menu-item-363211\"><a href=\"\/es\/city-hall\/mberp\/the-plan\/\">El plan<\/a><\/li>\n<\/ul>\t\n\t<div class=\"page-navigation\"><a class=\"prev-page\" href=\"https:\/\/www.miamibeachfl.gov\/es\/city-hall\/mberp\/investment-policy\/\">\u2190 Pol\u00edtica de inversi\u00f3n<\/a> <a class=\"next-page\" href=\"https:\/\/www.miamibeachfl.gov\/es\/city-hall\/mberp\/other-links\/\">Otros enlaces sobre planes de jubilaci\u00f3n \u2192<\/a><\/div>","protected":false},"excerpt":{"rendered":"<p>DROP Home &gt; City Hall &gt; MBERP &#8211; Miami Beach Employee Retirement Plan &gt; DROP There are many things to [&hellip;]<\/p>\n","protected":false},"author":222,"featured_media":0,"parent":28734,"menu_order":183,"comment_status":"closed","ping_status":"closed","template":"","meta":{"_searchwp_excluded":"","site-sidebar-layout":"default","site-content-layout":"","ast-site-content-layout":"default","site-content-style":"default","site-sidebar-style":"default","ast-global-header-display":"","ast-banner-title-visibility":"","ast-main-header-display":"","ast-hfb-above-header-display":"","ast-hfb-below-header-display":"","ast-hfb-mobile-header-display":"","site-post-title":"","ast-breadcrumbs-content":"","ast-featured-img":"","footer-sml-layout":"","theme-transparent-header-meta":"","adv-header-id-meta":"","stick-header-meta":"","header-above-stick-meta":"","header-main-stick-meta":"","header-below-stick-meta":"","astra-migrate-meta-layouts":"default","ast-page-background-enabled":"default","ast-page-background-meta":{"desktop":{"background-color":"var(--ast-global-color-5)","background-image":"","background-repeat":"repeat","background-position":"center center","background-size":"auto","background-attachment":"scroll","background-type":"","background-media":"","overlay-type":"","overlay-color":"","overlay-opacity":"","overlay-gradient":""},"tablet":{"background-color":"","background-image":"","background-repeat":"repeat","background-position":"center center","background-size":"auto","background-attachment":"scroll","background-type":"","background-media":"","overlay-type":"","overlay-color":"","overlay-opacity":"","overlay-gradient":""},"mobile":{"background-color":"","background-image":"","background-repeat":"repeat","background-position":"center center","background-size":"auto","background-attachment":"scroll","background-type":"","background-media":"","overlay-type":"","overlay-color":"","overlay-opacity":"","overlay-gradient":""}},"ast-content-background-meta":{"desktop":{"background-color":"var(--ast-global-color-4)","background-image":"","background-repeat":"repeat","background-position":"center center","background-size":"auto","background-attachment":"scroll","background-type":"","background-media":"","overlay-type":"","overlay-color":"","overlay-opacity":"","overlay-gradient":""},"tablet":{"background-color":"var(--ast-global-color-4)","background-image":"","background-repeat":"repeat","background-position":"center center","background-size":"auto","background-attachment":"scroll","background-type":"","background-media":"","overlay-type":"","overlay-color":"","overlay-opacity":"","overlay-gradient":""},"mobile":{"background-color":"var(--ast-global-color-4)","background-image":"","background-repeat":"repeat","background-position":"center center","background-size":"auto","background-attachment":"scroll","background-type":"","background-media":"","overlay-type":"","overlay-color":"","overlay-opacity":"","overlay-gradient":""}},"footnotes":""},"categories":[],"tags":[],"class_list":["post-38359","page","type-page","status-publish","hentry"],"yoast_head":"<!-- This site is optimized with the Yoast SEO Premium plugin v27.4 (Yoast SEO v27.4) - https:\/\/yoast.com\/product\/yoast-seo-premium-wordpress\/ -->\n<title>DROP - City of Miami Beach<\/title>\n<meta name=\"description\" content=\"%\" \/>\n<meta name=\"robots\" content=\"index, follow, max-snippet:-1, max-image-preview:large, max-video-preview:-1\" \/>\n<link rel=\"canonical\" href=\"https:\/\/www.miamibeachfl.gov\/es\/city-hall\/mberp\/deferred-retirement-option-plan\/\" \/>\n<meta property=\"og:locale\" content=\"es_ES\" \/>\n<meta property=\"og:type\" content=\"article\" \/>\n<meta property=\"og:title\" content=\"DROP\" \/>\n<meta property=\"og:description\" content=\"%\" \/>\n<meta property=\"og:url\" content=\"https:\/\/www.miamibeachfl.gov\/es\/city-hall\/mberp\/deferred-retirement-option-plan\/\" \/>\n<meta property=\"og:site_name\" content=\"City of Miami Beach\" \/>\n<meta property=\"article:publisher\" content=\"https:\/\/www.facebook.com\/cityofmiamibeach\" \/>\n<meta property=\"article:modified_time\" content=\"2025-07-14T19:26:53+00:00\" \/>\n<meta property=\"og:image\" content=\"https:\/\/www.miamibeachfl.gov\/wp-content\/uploads\/2022\/07\/hero-small.jpg\" \/>\n<meta name=\"twitter:card\" content=\"summary_large_image\" \/>\n<meta name=\"twitter:site\" content=\"@Miamibeachnews\" \/>\n<script type=\"application\/ld+json\" class=\"yoast-schema-graph\">{\"@context\":\"https:\\\/\\\/schema.org\",\"@graph\":[{\"@type\":\"WebPage\",\"@id\":\"https:\\\/\\\/www.miamibeachfl.gov\\\/city-hall\\\/mberp\\\/deferred-retirement-option-plan\\\/\",\"url\":\"https:\\\/\\\/www.miamibeachfl.gov\\\/city-hall\\\/mberp\\\/deferred-retirement-option-plan\\\/\",\"name\":\"DROP - City of Miami Beach\",\"isPartOf\":{\"@id\":\"https:\\\/\\\/www.miamibeachfl.gov\\\/#website\"},\"primaryImageOfPage\":{\"@id\":\"https:\\\/\\\/www.miamibeachfl.gov\\\/city-hall\\\/mberp\\\/deferred-retirement-option-plan\\\/#primaryimage\"},\"image\":{\"@id\":\"https:\\\/\\\/www.miamibeachfl.gov\\\/city-hall\\\/mberp\\\/deferred-retirement-option-plan\\\/#primaryimage\"},\"thumbnailUrl\":\"https:\\\/\\\/www.miamibeachfl.gov\\\/wp-content\\\/uploads\\\/2022\\\/07\\\/hero-small.jpg\",\"datePublished\":\"2017-10-09T18:36:33+00:00\",\"dateModified\":\"2025-07-14T19:26:53+00:00\",\"description\":\"%\",\"breadcrumb\":{\"@id\":\"https:\\\/\\\/www.miamibeachfl.gov\\\/city-hall\\\/mberp\\\/deferred-retirement-option-plan\\\/#breadcrumb\"},\"inLanguage\":\"es\",\"potentialAction\":[{\"@type\":\"ReadAction\",\"target\":[\"https:\\\/\\\/www.miamibeachfl.gov\\\/city-hall\\\/mberp\\\/deferred-retirement-option-plan\\\/\"]}]},{\"@type\":\"ImageObject\",\"inLanguage\":\"es\",\"@id\":\"https:\\\/\\\/www.miamibeachfl.gov\\\/city-hall\\\/mberp\\\/deferred-retirement-option-plan\\\/#primaryimage\",\"url\":\"https:\\\/\\\/www.miamibeachfl.gov\\\/wp-content\\\/uploads\\\/2022\\\/07\\\/hero-small.jpg\",\"contentUrl\":\"https:\\\/\\\/www.miamibeachfl.gov\\\/wp-content\\\/uploads\\\/2022\\\/07\\\/hero-small.jpg\"},{\"@type\":\"BreadcrumbList\",\"@id\":\"https:\\\/\\\/www.miamibeachfl.gov\\\/city-hall\\\/mberp\\\/deferred-retirement-option-plan\\\/#breadcrumb\",\"itemListElement\":[{\"@type\":\"ListItem\",\"position\":1,\"name\":\"Home\",\"item\":\"https:\\\/\\\/www.miamibeachfl.gov\\\/\"},{\"@type\":\"ListItem\",\"position\":2,\"name\":\"City Hall\",\"item\":\"https:\\\/\\\/www.miamibeachfl.gov\\\/city-hall\\\/\"},{\"@type\":\"ListItem\",\"position\":3,\"name\":\"MBERP &#8211; Miami Beach Employee Retirement Plan\",\"item\":\"https:\\\/\\\/www.miamibeachfl.gov\\\/city-hall\\\/mberp\\\/\"},{\"@type\":\"ListItem\",\"position\":4,\"name\":\"DROP\"}]},{\"@type\":\"WebSite\",\"@id\":\"https:\\\/\\\/www.miamibeachfl.gov\\\/#website\",\"url\":\"https:\\\/\\\/www.miamibeachfl.gov\\\/\",\"name\":\"City of Miami Beach\",\"description\":\"The official website of the City of Miami Beach. Stay informed, find important information on city services, news, alerts, events, trolley routes, government employment and more.\",\"publisher\":{\"@id\":\"https:\\\/\\\/www.miamibeachfl.gov\\\/#organization\"},\"potentialAction\":[{\"@type\":\"SearchAction\",\"target\":{\"@type\":\"EntryPoint\",\"urlTemplate\":\"https:\\\/\\\/www.miamibeachfl.gov\\\/?s={search_term_string}\"},\"query-input\":{\"@type\":\"PropertyValueSpecification\",\"valueRequired\":true,\"valueName\":\"search_term_string\"}}],\"inLanguage\":\"es\"},{\"@type\":\"Organization\",\"@id\":\"https:\\\/\\\/www.miamibeachfl.gov\\\/#organization\",\"name\":\"City of Miami Beach\",\"url\":\"https:\\\/\\\/www.miamibeachfl.gov\\\/\",\"logo\":{\"@type\":\"ImageObject\",\"inLanguage\":\"es\",\"@id\":\"https:\\\/\\\/www.miamibeachfl.gov\\\/#\\\/schema\\\/logo\\\/image\\\/\",\"url\":\"https:\\\/\\\/www.miamibeachfl.gov\\\/wp-content\\\/uploads\\\/2022\\\/06\\\/miamibeach-logoblue.png\",\"contentUrl\":\"https:\\\/\\\/www.miamibeachfl.gov\\\/wp-content\\\/uploads\\\/2022\\\/06\\\/miamibeach-logoblue.png\",\"width\":1962,\"height\":381,\"caption\":\"City of Miami Beach\"},\"image\":{\"@id\":\"https:\\\/\\\/www.miamibeachfl.gov\\\/#\\\/schema\\\/logo\\\/image\\\/\"},\"sameAs\":[\"https:\\\/\\\/www.facebook.com\\\/cityofmiamibeach\",\"https:\\\/\\\/x.com\\\/Miamibeachnews\",\"https:\\\/\\\/www.instagram.com\\\/miamibeachnews\\\/\"],\"description\":\"The official website of the City of Miami Beach. Stay informed, find important information on city services, news, alerts, events, trolley routes, government employment and more.\",\"telephone\":\"305.604.CITY(2489)\",\"legalName\":\"City of Miami Beach\"}]}<\/script>\n<!-- \/ Yoast SEO Premium plugin. -->","yoast_head_json":{"title":"DROP - Ciudad de Miami Beach","description":"%","robots":{"index":"index","follow":"follow","max-snippet":"max-snippet:-1","max-image-preview":"max-image-preview:large","max-video-preview":"max-video-preview:-1"},"canonical":"https:\/\/www.miamibeachfl.gov\/es\/city-hall\/mberp\/deferred-retirement-option-plan\/","og_locale":"es_ES","og_type":"article","og_title":"DROP","og_description":"%","og_url":"https:\/\/www.miamibeachfl.gov\/es\/city-hall\/mberp\/deferred-retirement-option-plan\/","og_site_name":"City of Miami Beach","article_publisher":"https:\/\/www.facebook.com\/cityofmiamibeach","article_modified_time":"2025-07-14T19:26:53+00:00","og_image":[{"url":"https:\/\/www.miamibeachfl.gov\/wp-content\/uploads\/2022\/07\/hero-small.jpg","type":"","width":"","height":""}],"twitter_card":"summary_large_image","twitter_site":"@Miamibeachnews","schema":{"@context":"https:\/\/schema.org","@graph":[{"@type":"WebPage","@id":"https:\/\/www.miamibeachfl.gov\/city-hall\/mberp\/deferred-retirement-option-plan\/","url":"https:\/\/www.miamibeachfl.gov\/city-hall\/mberp\/deferred-retirement-option-plan\/","name":"DROP - Ciudad de Miami Beach","isPartOf":{"@id":"https:\/\/www.miamibeachfl.gov\/#website"},"primaryImageOfPage":{"@id":"https:\/\/www.miamibeachfl.gov\/city-hall\/mberp\/deferred-retirement-option-plan\/#primaryimage"},"image":{"@id":"https:\/\/www.miamibeachfl.gov\/city-hall\/mberp\/deferred-retirement-option-plan\/#primaryimage"},"thumbnailUrl":"https:\/\/www.miamibeachfl.gov\/wp-content\/uploads\/2022\/07\/hero-small.jpg","datePublished":"2017-10-09T18:36:33+00:00","dateModified":"2025-07-14T19:26:53+00:00","description":"%","breadcrumb":{"@id":"https:\/\/www.miamibeachfl.gov\/city-hall\/mberp\/deferred-retirement-option-plan\/#breadcrumb"},"inLanguage":"es","potentialAction":[{"@type":"ReadAction","target":["https:\/\/www.miamibeachfl.gov\/city-hall\/mberp\/deferred-retirement-option-plan\/"]}]},{"@type":"ImageObject","inLanguage":"es","@id":"https:\/\/www.miamibeachfl.gov\/city-hall\/mberp\/deferred-retirement-option-plan\/#primaryimage","url":"https:\/\/www.miamibeachfl.gov\/wp-content\/uploads\/2022\/07\/hero-small.jpg","contentUrl":"https:\/\/www.miamibeachfl.gov\/wp-content\/uploads\/2022\/07\/hero-small.jpg"},{"@type":"BreadcrumbList","@id":"https:\/\/www.miamibeachfl.gov\/city-hall\/mberp\/deferred-retirement-option-plan\/#breadcrumb","itemListElement":[{"@type":"ListItem","position":1,"name":"Home","item":"https:\/\/www.miamibeachfl.gov\/"},{"@type":"ListItem","position":2,"name":"City Hall","item":"https:\/\/www.miamibeachfl.gov\/city-hall\/"},{"@type":"ListItem","position":3,"name":"MBERP &#8211; Miami Beach Employee Retirement Plan","item":"https:\/\/www.miamibeachfl.gov\/city-hall\/mberp\/"},{"@type":"ListItem","position":4,"name":"DROP"}]},{"@type":"WebSite","@id":"https:\/\/www.miamibeachfl.gov\/#website","url":"https:\/\/www.miamibeachfl.gov\/","name":"Ciudad de Miami Beach","description":"Sitio web oficial de la Ciudad de Miami Beach. Mant\u00e9ngase informado, encuentre informaci\u00f3n importante sobre servicios municipales, noticias, alertas, eventos, rutas de tranv\u00edas, empleos gubernamentales y m\u00e1s.","publisher":{"@id":"https:\/\/www.miamibeachfl.gov\/#organization"},"potentialAction":[{"@type":"SearchAction","target":{"@type":"EntryPoint","urlTemplate":"https:\/\/www.miamibeachfl.gov\/?s={search_term_string}"},"query-input":{"@type":"PropertyValueSpecification","valueRequired":true,"valueName":"search_term_string"}}],"inLanguage":"es"},{"@type":"Organization","@id":"https:\/\/www.miamibeachfl.gov\/#organization","name":"Ciudad de Miami Beach","url":"https:\/\/www.miamibeachfl.gov\/","logo":{"@type":"ImageObject","inLanguage":"es","@id":"https:\/\/www.miamibeachfl.gov\/#\/schema\/logo\/image\/","url":"https:\/\/www.miamibeachfl.gov\/wp-content\/uploads\/2022\/06\/miamibeach-logoblue.png","contentUrl":"https:\/\/www.miamibeachfl.gov\/wp-content\/uploads\/2022\/06\/miamibeach-logoblue.png","width":1962,"height":381,"caption":"City of Miami Beach"},"image":{"@id":"https:\/\/www.miamibeachfl.gov\/#\/schema\/logo\/image\/"},"sameAs":["https:\/\/www.facebook.com\/cityofmiamibeach","https:\/\/x.com\/Miamibeachnews","https:\/\/www.instagram.com\/miamibeachnews\/"],"description":"Sitio web oficial de la Ciudad de Miami Beach. Mant\u00e9ngase informado, encuentre informaci\u00f3n importante sobre servicios municipales, noticias, alertas, eventos, rutas de tranv\u00edas, empleos gubernamentales y m\u00e1s.","telephone":"305.604.CITY(2489)","legalName":"City of Miami Beach"}]}},"_links":{"self":[{"href":"https:\/\/www.miamibeachfl.gov\/es\/wp-json\/wp\/v2\/pages\/38359","targetHints":{"allow":["GET"]}}],"collection":[{"href":"https:\/\/www.miamibeachfl.gov\/es\/wp-json\/wp\/v2\/pages"}],"about":[{"href":"https:\/\/www.miamibeachfl.gov\/es\/wp-json\/wp\/v2\/types\/page"}],"author":[{"embeddable":true,"href":"https:\/\/www.miamibeachfl.gov\/es\/wp-json\/wp\/v2\/users\/222"}],"replies":[{"embeddable":true,"href":"https:\/\/www.miamibeachfl.gov\/es\/wp-json\/wp\/v2\/comments?post=38359"}],"version-history":[{"count":1,"href":"https:\/\/www.miamibeachfl.gov\/es\/wp-json\/wp\/v2\/pages\/38359\/revisions"}],"predecessor-version":[{"id":386609,"href":"https:\/\/www.miamibeachfl.gov\/es\/wp-json\/wp\/v2\/pages\/38359\/revisions\/386609"}],"up":[{"embeddable":true,"href":"https:\/\/www.miamibeachfl.gov\/es\/wp-json\/wp\/v2\/pages\/28734"}],"wp:attachment":[{"href":"https:\/\/www.miamibeachfl.gov\/es\/wp-json\/wp\/v2\/media?parent=38359"}],"wp:term":[{"taxonomy":"category","embeddable":true,"href":"https:\/\/www.miamibeachfl.gov\/es\/wp-json\/wp\/v2\/categories?post=38359"},{"taxonomy":"post_tag","embeddable":true,"href":"https:\/\/www.miamibeachfl.gov\/es\/wp-json\/wp\/v2\/tags?post=38359"}],"curies":[{"name":"gracias","href":"https:\/\/api.w.org\/{rel}","templated":true}]}}