{"id":384561,"date":"2025-06-23T13:16:31","date_gmt":"2025-06-23T17:16:31","guid":{"rendered":"https:\/\/www.miamibeachfl.gov\/?page_id=384561"},"modified":"2026-04-01T09:49:17","modified_gmt":"2026-04-01T13:49:17","slug":"business-open-change-relocation","status":"publish","type":"page","link":"https:\/\/www.miamibeachfl.gov\/es\/business-open-change-relocation\/","title":{"rendered":"Apertura, cambio o reubicaci\u00f3n de un negocio"},"content":{"rendered":"<img decoding=\"async\" src=\"https:\/\/www.miamibeachfl.gov\/wp-content\/uploads\/2025\/06\/aqua-arrows-down@3x.png\" alt=\"aqua arrows pointing down\" itemprop=\"image\" height=\"415\" width=\"90\" title=\"flechas acu\u00e1ticas hacia abajo @3x\" onerror=\"this.style.display='none'\" loading=\"lazy\" \/>\n<h2>\n\t\t\tEres\t<\/h2>\n<h2>\n\t\t\tAPERTURA,\t<\/h2>\n<h2>\n\t\t\tCAMBIANDO O\t<\/h2>\n<h1>\n\t\t\tReubicaci\u00f3n\t<\/h1>\n<h1>\n\t\t\t\u00bfSu negocio en Miami Beach?\t<\/h1>\n<h3>\n\t\t\tComience con estos 3 pasos de inmediato para evitar retrasos innecesarios.\t<\/h3>\n\t<p>La Ciudad de Miami Beach se esfuerza por ayudar a nuestros nuevos negocios a tener un comienzo sin contratiempos y a los negocios existentes a mantenerse en buen estado. Estos tres pasos son importantes para que tenga un buen comienzo.<\/p>\n<p>No se desanime si se le solicita que proporcione informaci\u00f3n adicional durante cualquiera de estos procesos de solicitud: descubrir\u00e1 m\u00e1s sobre lo que se necesita para su situaci\u00f3n particular a medida que avanza.<\/p>\n<p><strong>El paso 1 (CU) y el paso 2 (revisi\u00f3n del condado) deben completarse antes del paso 3 (BTR); sin embargo, comience a recopilar los documentos necesarios para la BTR con anticipaci\u00f3n para que el \u00faltimo paso sea un proceso r\u00e1pido.<\/strong><\/p>\n\t\t<ul>\n\t\t\t\t\t<li>\n\t\t\t\t\t\t\t\t\t\t\t<img loading=\"lazy\" decoding=\"async\" src=\"https:\/\/www.miamibeachfl.gov\/wp-content\/uploads\/2025\/06\/arrows-right@2x.png\" alt=\"arrows-right@2x\" width=\"64\" height=\"60\" \/>\n\t\t\t\t<h3>NOTA<\/h3>\n\t\t<p>Un Certificado de Ocupaci\u00f3n Temporal (TCO) o un Certificado de Ocupaci\u00f3n (CO) indican que un permiso de construcci\u00f3n est\u00e1 cerca o en su etapa final. TCO o CO <strong>no<\/strong> Autorizar la operaci\u00f3n de un negocio. Siga los pasos 1, 2 y 3 de esta gu\u00eda para operar de forma segura y legal.<\/p>\t\t\t\n\t\t\t<\/li>\n\t\t\t\t<\/ul>\n\t\t\t\t<img decoding=\"async\" src=\"https:\/\/www.miamibeachfl.gov\/wp-content\/uploads\/2025\/06\/number-one@2x.png\" alt=\"number 1\" itemprop=\"image\" height=\"74\" width=\"30\" title=\"n\u00famero uno@2x\" onerror=\"this.style.display='none'\" loading=\"lazy\" \/>\n\t\t\t\t<img decoding=\"async\" src=\"https:\/\/www.miamibeachfl.gov\/wp-content\/uploads\/2025\/06\/arrowaright@2x.png\" alt=\"arrows pointing right\" itemprop=\"image\" height=\"33\" width=\"148\" title=\"flecha derecha@2x\" onerror=\"this.style.display='none'\" loading=\"lazy\" \/>\n\t\t\t\t<img decoding=\"async\" src=\"https:\/\/www.miamibeachfl.gov\/wp-content\/uploads\/2025\/06\/waitressbringingfood.jpg\" alt=\"Waitress bringing food to customers\" itemprop=\"image\" height=\"400\" width=\"400\" title=\"camarera trayendo comida\" onerror=\"this.style.display='none'\" loading=\"lazy\" \/>\n<h3>\n\t\t\tSolicitar un Certificado de Uso (CU)<br \/>con la ciudad de Miami Beach\t<\/h3>\n\t<p>Un Certificado de Uso (CU) confirma que las operaciones comerciales previstas en una ubicaci\u00f3n determinada cumplen con el Reglamento de Desarrollo Urbano vigente al momento de su aprobaci\u00f3n. Garantiza que las empresas operen de forma legal y segura, y que respeten las regulaciones que protegen nuestra hermosa ciudad.<\/p>\n\t\t\t<a href=\"\/es\/city-hall\/planning\/certificate-of-use\/\" target=\"_blank\" rel=\"noopener\">\n\t\t\t\t\t\t\tInstrucciones, incluidos requisitos y un enlace al formulario de solicitud.\n\t\t\t<\/a>\n\t<p><strong>Paso 1 \u00bfPreguntas?<\/strong> Comun\u00edquese con el Departamento de Planificaci\u00f3n y Zonificaci\u00f3n de la Ciudad de Miami Beach al <strong><a href=\"tel:3056737550\">305.673.7550<\/a><\/strong> De lunes a viernes de 8:30 AM a 4:30 PM.<\/p>\n\t\t\t\t<img decoding=\"async\" src=\"https:\/\/www.miamibeachfl.gov\/wp-content\/uploads\/2025\/06\/number-two@2x.png\" alt=\"number 2\" itemprop=\"image\" height=\"76\" width=\"59\" title=\"n\u00famero dos@2x\" onerror=\"this.style.display='none'\" loading=\"lazy\" \/>\n\t\t\t\t<img decoding=\"async\" src=\"https:\/\/www.miamibeachfl.gov\/wp-content\/uploads\/2025\/06\/arrowaright@2x.png\" alt=\"arrows pointing right\" itemprop=\"image\" height=\"33\" width=\"148\" title=\"flecha derecha@2x\" onerror=\"this.style.display='none'\" loading=\"lazy\" \/>\n\t\t\t\t<img decoding=\"async\" src=\"https:\/\/www.miamibeachfl.gov\/wp-content\/uploads\/2025\/06\/businessmanatcomputer.jpg\" alt=\"business man on a computer\" itemprop=\"image\" height=\"400\" width=\"400\" title=\"empresario en la computadora\" onerror=\"this.style.display='none'\" loading=\"lazy\" \/>\n<h3>\n\t\t\tSolicite la revisi\u00f3n de CU del condado de Miami-Dade\t<\/h3>\n\tLas empresas deben obtener las aprobaciones del condado si hay una &quot;superficie cuadrada definida&quot; y una &quot;ubicaci\u00f3n definida&quot; para un<br \/>\nNegocio. Adem\u00e1s, seg\u00fan el uso comercial, tambi\u00e9n podr\u00eda requerirse un permiso de operaci\u00f3n de la Divisi\u00f3n de Gesti\u00f3n de Recursos Ambientales (DERM).\n<p>Las solicitudes de CU que no necesitan una revisi\u00f3n del condado incluyen:<\/p>\n<ul>\n<li>Negocios desde casa<\/li>\n<li>Propiedades de alquiler a corto plazo<\/li>\n<li>Edificios de apartamentos y condominios<\/li>\n<\/ul>\n\t\t\t<a href=\"https:\/\/www.miamidade.gov\/Apps\/RER\/EPSPortal\/PlanReview\/CUApplications\/Landing\" target=\"_blank\" rel=\"noopener\">\n\t\t\t\t\t\t\tInstrucciones, incluidos requisitos y un enlace al formulario de solicitud.\n\t\t\t<\/a>\n\t<strong>Paso 2 \u00bfPreguntas? <\/strong>Comun\u00edquese con el Departamento de Recursos Regulatorios y Econ\u00f3micos de Miami-Dade al<br \/>\n<strong><a href=\"mailto:dermplanreview@miamidade.gov\">dermplanreview@miamidade.gov<\/a> <\/strong>o <strong><a href=\"tel:7863152800\">786.315.2800<\/a><br \/>\n<\/strong>\n\t\t\t\t<img decoding=\"async\" src=\"https:\/\/www.miamibeachfl.gov\/wp-content\/uploads\/2025\/06\/number-three@2x.png\" alt=\"number 3\" itemprop=\"image\" height=\"79\" width=\"59\" title=\"n\u00famero tres@2x\" onerror=\"this.style.display='none'\" loading=\"lazy\" \/>\n\t\t\t\t<img decoding=\"async\" src=\"https:\/\/www.miamibeachfl.gov\/wp-content\/uploads\/2025\/06\/arrowaright@2x.png\" alt=\"arrows pointing right\" itemprop=\"image\" height=\"33\" width=\"148\" title=\"flecha derecha@2x\" onerror=\"this.style.display='none'\" loading=\"lazy\" \/>\n<h3>\n\t\t\tSolicite un BTR con la Ciudad de Miami Beach y el Condado de Miami-Dade\t<\/h3>\n\t<p>Cualquier persona que proporcione bienes o servicios al p\u00fablico, incluso si se trata de una empresa unipersonal o un negocio que funciona desde el hogar, debe obtener un Recibo de Impuesto Comercial (BTR) de <strong>tanto la ciudad de Miami Beach como el condado de Miami-Dade<\/strong> Para su funcionamiento, las aplicaciones requieren:<\/p>\n<ul>\n<li>CU v\u00e1lida de la ciudad de Miami Beach<\/li>\n<li>Contrato de arrendamiento completamente ejecutado<\/li>\n<li>Aprobaci\u00f3n DERM y CU municipal, si es necesario<\/li>\n<li>N\u00famero de Identificaci\u00f3n Federal (FEIN)<\/li>\n<li>Estatutos de una sociedad comercial<\/li>\n<li>Nombre ficticio (si corresponde)<\/li>\n<li>Licencia estatal (si corresponde)<\/li>\n<li>Documentaci\u00f3n adicional seg\u00fan el tipo de negocio<\/li>\n<\/ul>\n\t\t\t<a href=\"\/es\/city-hall\/finance\/business-tax-receipts-btr\/\" target=\"_blank\" rel=\"noopener\">\n\t\t\t\t\t\t\tInstrucciones, incluidos requisitos y un enlace al formulario de solicitud.\n\t\t\t<\/a>\n\t<p><strong>Paso 3 \u00bfPreguntas?<\/strong> Comun\u00edquese con el Centro de atenci\u00f3n al cliente de la ciudad de Miami Beach al <strong><a href=\"tel:3056737420\">305.673.7420<\/a><\/strong> De lunes a viernes de 8:30 a 18:00 horas (cerrado de 12:00 a 13:00 horas).<\/p>\n\t\t\t<a href=\"\/wp-content\/uploads\/2025\/06\/OpeningABusiness_Flyer_v08.pdf\" target=\"_blank\" rel=\"noopener\">\n\t\t\t\t\t\t\tDescargar versi\u00f3n PDF\n\t\t\t<\/a>\n\t\t\t\t<img decoding=\"async\" src=\"https:\/\/www.miamibeachfl.gov\/wp-content\/uploads\/2025\/06\/arrowaright@2x.png\" alt=\"arrows pointing right\" itemprop=\"image\" height=\"33\" width=\"148\" title=\"flecha derecha@2x\" onerror=\"this.style.display='none'\" loading=\"lazy\" \/>\n<h3>\n\t\t\tDirigir un negocio puede resultar intimidante, \u00a1pero estamos aqu\u00ed para ayudar! \t<\/h3>\n<h3>\n\t\t\tCONT\u00c1CTENOS\t<\/h3>\n\t<p><strong><a href=\"\/es\/city-hall\/customer-service-center\/\">Centro de atenci\u00f3n al cliente de Miami Beach<\/a><\/strong><\/p>\n<p>Lunes a viernes | 8:30 a. m. a 6 p. m.<\/p>\n<p>(Cerrado de 12:30 p. m. a 1 p. m.)<\/p>\n<p><strong><a href=\"tel:3056737420\">305.673.7420<\/a><\/strong><\/p>","protected":false},"excerpt":{"rendered":"<p>Are you OPENING, CHANGING OR Relocating your business in Miami Beach? Start on these 3 steps right away to avoid [&hellip;]<\/p>\n","protected":false},"author":222,"featured_media":0,"parent":0,"menu_order":0,"comment_status":"closed","ping_status":"closed","template":"","meta":{"_searchwp_excluded":"","site-sidebar-layout":"default","site-content-layout":"","ast-site-content-layout":"default","site-content-style":"default","site-sidebar-style":"default","ast-global-header-display":"","ast-banner-title-visibility":"","ast-main-header-display":"","ast-hfb-above-header-display":"","ast-hfb-below-header-display":"","ast-hfb-mobile-header-display":"","site-post-title":"","ast-breadcrumbs-content":"","ast-featured-img":"","footer-sml-layout":"","theme-transparent-header-meta":"","adv-header-id-meta":"","stick-header-meta":"","header-above-stick-meta":"","header-main-stick-meta":"","header-below-stick-meta":"","astra-migrate-meta-layouts":"default","ast-page-background-enabled":"default","ast-page-background-meta":{"desktop":{"background-color":"var(--ast-global-color-5)","background-image":"","background-repeat":"repeat","background-position":"center center","background-size":"auto","background-attachment":"scroll","background-type":"","background-media":"","overlay-type":"","overlay-color":"","overlay-opacity":"","overlay-gradient":""},"tablet":{"background-color":"","background-image":"","background-repeat":"repeat","background-position":"center center","background-size":"auto","background-attachment":"scroll","background-type":"","background-media":"","overlay-type":"","overlay-color":"","overlay-opacity":"","overlay-gradient":""},"mobile":{"background-color":"","background-image":"","background-repeat":"repeat","background-position":"center center","background-size":"auto","background-attachment":"scroll","background-type":"","background-media":"","overlay-type":"","overlay-color":"","overlay-opacity":"","overlay-gradient":""}},"ast-content-background-meta":{"desktop":{"background-color":"var(--ast-global-color-4)","background-image":"","background-repeat":"repeat","background-position":"center center","background-size":"auto","background-attachment":"scroll","background-type":"","background-media":"","overlay-type":"","overlay-color":"","overlay-opacity":"","overlay-gradient":""},"tablet":{"background-color":"var(--ast-global-color-4)","background-image":"","background-repeat":"repeat","background-position":"center center","background-size":"auto","background-attachment":"scroll","background-type":"","background-media":"","overlay-type":"","overlay-color":"","overlay-opacity":"","overlay-gradient":""},"mobile":{"background-color":"var(--ast-global-color-4)","background-image":"","background-repeat":"repeat","background-position":"center center","background-size":"auto","background-attachment":"scroll","background-type":"","background-media":"","overlay-type":"","overlay-color":"","overlay-opacity":"","overlay-gradient":""}},"footnotes":""},"categories":[],"tags":[],"class_list":["post-384561","page","type-page","status-publish","hentry"],"yoast_head":"<!-- This site is optimized with the Yoast SEO Premium plugin v27.4 (Yoast SEO v27.4) - https:\/\/yoast.com\/product\/yoast-seo-premium-wordpress\/ -->\n<title>Opening Changing or Relocating a business - City of Miami Beach<\/title>\n<meta name=\"description\" content=\"The City of Miami Beach is working hard to help our new businesses have a smooth start and our existing businesses to stay in good standing. These three steps are important to \u0003get you off to a great start.\" \/>\n<meta name=\"robots\" content=\"index, follow, max-snippet:-1, max-image-preview:large, max-video-preview:-1\" \/>\n<link rel=\"canonical\" href=\"https:\/\/www.miamibeachfl.gov\/es\/business-open-change-relocation\/\" \/>\n<meta property=\"og:locale\" content=\"es_ES\" \/>\n<meta property=\"og:type\" content=\"article\" \/>\n<meta property=\"og:title\" content=\"Opening Changing or Relocating a business\" \/>\n<meta property=\"og:description\" content=\"The City of Miami Beach is working hard to help our new businesses have a smooth start and our existing businesses to stay in good standing. These three steps are important to \u0003get you off to a great start.\" \/>\n<meta property=\"og:url\" content=\"https:\/\/www.miamibeachfl.gov\/es\/business-open-change-relocation\/\" \/>\n<meta property=\"og:site_name\" content=\"City of Miami Beach\" \/>\n<meta property=\"article:publisher\" content=\"https:\/\/www.facebook.com\/cityofmiamibeach\" \/>\n<meta property=\"article:modified_time\" content=\"2026-04-01T13:49:17+00:00\" \/>\n<meta property=\"og:image\" content=\"https:\/\/www.miamibeachfl.gov\/wp-content\/uploads\/2025\/06\/aqua-arrows-down@3x.png\" \/>\n<meta name=\"twitter:card\" content=\"summary_large_image\" \/>\n<meta name=\"twitter:site\" content=\"@Miamibeachnews\" \/>\n<script type=\"application\/ld+json\" class=\"yoast-schema-graph\">{\"@context\":\"https:\\\/\\\/schema.org\",\"@graph\":[{\"@type\":\"WebPage\",\"@id\":\"https:\\\/\\\/www.miamibeachfl.gov\\\/business-open-change-relocation\\\/\",\"url\":\"https:\\\/\\\/www.miamibeachfl.gov\\\/business-open-change-relocation\\\/\",\"name\":\"Opening Changing or Relocating a business - City of Miami Beach\",\"isPartOf\":{\"@id\":\"https:\\\/\\\/www.miamibeachfl.gov\\\/#website\"},\"primaryImageOfPage\":{\"@id\":\"https:\\\/\\\/www.miamibeachfl.gov\\\/business-open-change-relocation\\\/#primaryimage\"},\"image\":{\"@id\":\"https:\\\/\\\/www.miamibeachfl.gov\\\/business-open-change-relocation\\\/#primaryimage\"},\"thumbnailUrl\":\"https:\\\/\\\/www.miamibeachfl.gov\\\/wp-content\\\/uploads\\\/2025\\\/06\\\/aqua-arrows-down@3x.png\",\"datePublished\":\"2025-06-23T17:16:31+00:00\",\"dateModified\":\"2026-04-01T13:49:17+00:00\",\"description\":\"The City of Miami Beach is working hard to help our new businesses have a smooth start and our existing businesses to stay in good standing. These three steps are important to \\u0003get you off to a great start.\",\"breadcrumb\":{\"@id\":\"https:\\\/\\\/www.miamibeachfl.gov\\\/business-open-change-relocation\\\/#breadcrumb\"},\"inLanguage\":\"es\",\"potentialAction\":[{\"@type\":\"ReadAction\",\"target\":[\"https:\\\/\\\/www.miamibeachfl.gov\\\/business-open-change-relocation\\\/\"]}]},{\"@type\":\"ImageObject\",\"inLanguage\":\"es\",\"@id\":\"https:\\\/\\\/www.miamibeachfl.gov\\\/business-open-change-relocation\\\/#primaryimage\",\"url\":\"https:\\\/\\\/www.miamibeachfl.gov\\\/wp-content\\\/uploads\\\/2025\\\/06\\\/aqua-arrows-down@3x.png\",\"contentUrl\":\"https:\\\/\\\/www.miamibeachfl.gov\\\/wp-content\\\/uploads\\\/2025\\\/06\\\/aqua-arrows-down@3x.png\"},{\"@type\":\"BreadcrumbList\",\"@id\":\"https:\\\/\\\/www.miamibeachfl.gov\\\/business-open-change-relocation\\\/#breadcrumb\",\"itemListElement\":[{\"@type\":\"ListItem\",\"position\":1,\"name\":\"Home\",\"item\":\"https:\\\/\\\/www.miamibeachfl.gov\\\/\"},{\"@type\":\"ListItem\",\"position\":2,\"name\":\"Opening Changing or Relocating a business\"}]},{\"@type\":\"WebSite\",\"@id\":\"https:\\\/\\\/www.miamibeachfl.gov\\\/#website\",\"url\":\"https:\\\/\\\/www.miamibeachfl.gov\\\/\",\"name\":\"City of Miami Beach\",\"description\":\"The official website of the City of Miami Beach. Stay informed, find important information on city services, news, alerts, events, trolley routes, government employment and more.\",\"publisher\":{\"@id\":\"https:\\\/\\\/www.miamibeachfl.gov\\\/#organization\"},\"potentialAction\":[{\"@type\":\"SearchAction\",\"target\":{\"@type\":\"EntryPoint\",\"urlTemplate\":\"https:\\\/\\\/www.miamibeachfl.gov\\\/?s={search_term_string}\"},\"query-input\":{\"@type\":\"PropertyValueSpecification\",\"valueRequired\":true,\"valueName\":\"search_term_string\"}}],\"inLanguage\":\"es\"},{\"@type\":\"Organization\",\"@id\":\"https:\\\/\\\/www.miamibeachfl.gov\\\/#organization\",\"name\":\"City of Miami Beach\",\"url\":\"https:\\\/\\\/www.miamibeachfl.gov\\\/\",\"logo\":{\"@type\":\"ImageObject\",\"inLanguage\":\"es\",\"@id\":\"https:\\\/\\\/www.miamibeachfl.gov\\\/#\\\/schema\\\/logo\\\/image\\\/\",\"url\":\"https:\\\/\\\/www.miamibeachfl.gov\\\/wp-content\\\/uploads\\\/2022\\\/06\\\/miamibeach-logoblue.png\",\"contentUrl\":\"https:\\\/\\\/www.miamibeachfl.gov\\\/wp-content\\\/uploads\\\/2022\\\/06\\\/miamibeach-logoblue.png\",\"width\":1962,\"height\":381,\"caption\":\"City of Miami Beach\"},\"image\":{\"@id\":\"https:\\\/\\\/www.miamibeachfl.gov\\\/#\\\/schema\\\/logo\\\/image\\\/\"},\"sameAs\":[\"https:\\\/\\\/www.facebook.com\\\/cityofmiamibeach\",\"https:\\\/\\\/x.com\\\/Miamibeachnews\",\"https:\\\/\\\/www.instagram.com\\\/miamibeachnews\\\/\"],\"description\":\"The official website of the City of Miami Beach. Stay informed, find important information on city services, news, alerts, events, trolley routes, government employment and more.\",\"telephone\":\"305.604.CITY(2489)\",\"legalName\":\"City of Miami Beach\"}]}<\/script>\n<!-- \/ Yoast SEO Premium plugin. -->","yoast_head_json":{"title":"Apertura, cambio o reubicaci\u00f3n de un negocio - Ciudad de Miami Beach","description":"La Ciudad de Miami Beach est\u00e1 trabajando arduamente para ayudar a nuestros nuevos negocios a tener un comienzo sin contratiempos y a los negocios existentes a mantenerse en buen estado. Estos tres pasos son importantes para que usted tenga un buen comienzo.","robots":{"index":"index","follow":"follow","max-snippet":"max-snippet:-1","max-image-preview":"max-image-preview:large","max-video-preview":"max-video-preview:-1"},"canonical":"https:\/\/www.miamibeachfl.gov\/es\/business-open-change-relocation\/","og_locale":"es_ES","og_type":"article","og_title":"Opening Changing or Relocating a business","og_description":"The City of Miami Beach is working hard to help our new businesses have a smooth start and our existing businesses to stay in good standing. These three steps are important to \u0003get you off to a great start.","og_url":"https:\/\/www.miamibeachfl.gov\/es\/business-open-change-relocation\/","og_site_name":"City of Miami Beach","article_publisher":"https:\/\/www.facebook.com\/cityofmiamibeach","article_modified_time":"2026-04-01T13:49:17+00:00","og_image":[{"url":"https:\/\/www.miamibeachfl.gov\/wp-content\/uploads\/2025\/06\/aqua-arrows-down@3x.png","type":"","width":"","height":""}],"twitter_card":"summary_large_image","twitter_site":"@Miamibeachnews","schema":{"@context":"https:\/\/schema.org","@graph":[{"@type":"WebPage","@id":"https:\/\/www.miamibeachfl.gov\/business-open-change-relocation\/","url":"https:\/\/www.miamibeachfl.gov\/business-open-change-relocation\/","name":"Apertura, cambio o reubicaci\u00f3n de un negocio - Ciudad de Miami Beach","isPartOf":{"@id":"https:\/\/www.miamibeachfl.gov\/#website"},"primaryImageOfPage":{"@id":"https:\/\/www.miamibeachfl.gov\/business-open-change-relocation\/#primaryimage"},"image":{"@id":"https:\/\/www.miamibeachfl.gov\/business-open-change-relocation\/#primaryimage"},"thumbnailUrl":"https:\/\/www.miamibeachfl.gov\/wp-content\/uploads\/2025\/06\/aqua-arrows-down@3x.png","datePublished":"2025-06-23T17:16:31+00:00","dateModified":"2026-04-01T13:49:17+00:00","description":"La Ciudad de Miami Beach est\u00e1 trabajando arduamente para ayudar a nuestros nuevos negocios a tener un comienzo sin contratiempos y a los negocios existentes a mantenerse en buen estado. Estos tres pasos son importantes para que usted tenga un buen comienzo.","breadcrumb":{"@id":"https:\/\/www.miamibeachfl.gov\/business-open-change-relocation\/#breadcrumb"},"inLanguage":"es","potentialAction":[{"@type":"ReadAction","target":["https:\/\/www.miamibeachfl.gov\/business-open-change-relocation\/"]}]},{"@type":"ImageObject","inLanguage":"es","@id":"https:\/\/www.miamibeachfl.gov\/business-open-change-relocation\/#primaryimage","url":"https:\/\/www.miamibeachfl.gov\/wp-content\/uploads\/2025\/06\/aqua-arrows-down@3x.png","contentUrl":"https:\/\/www.miamibeachfl.gov\/wp-content\/uploads\/2025\/06\/aqua-arrows-down@3x.png"},{"@type":"BreadcrumbList","@id":"https:\/\/www.miamibeachfl.gov\/business-open-change-relocation\/#breadcrumb","itemListElement":[{"@type":"ListItem","position":1,"name":"Home","item":"https:\/\/www.miamibeachfl.gov\/"},{"@type":"ListItem","position":2,"name":"Opening Changing or Relocating a business"}]},{"@type":"WebSite","@id":"https:\/\/www.miamibeachfl.gov\/#website","url":"https:\/\/www.miamibeachfl.gov\/","name":"Ciudad de Miami Beach","description":"Sitio web oficial de la Ciudad de Miami Beach. Mant\u00e9ngase informado, encuentre informaci\u00f3n importante sobre servicios municipales, noticias, alertas, eventos, rutas de tranv\u00edas, empleos gubernamentales y m\u00e1s.","publisher":{"@id":"https:\/\/www.miamibeachfl.gov\/#organization"},"potentialAction":[{"@type":"SearchAction","target":{"@type":"EntryPoint","urlTemplate":"https:\/\/www.miamibeachfl.gov\/?s={search_term_string}"},"query-input":{"@type":"PropertyValueSpecification","valueRequired":true,"valueName":"search_term_string"}}],"inLanguage":"es"},{"@type":"Organization","@id":"https:\/\/www.miamibeachfl.gov\/#organization","name":"Ciudad de Miami Beach","url":"https:\/\/www.miamibeachfl.gov\/","logo":{"@type":"ImageObject","inLanguage":"es","@id":"https:\/\/www.miamibeachfl.gov\/#\/schema\/logo\/image\/","url":"https:\/\/www.miamibeachfl.gov\/wp-content\/uploads\/2022\/06\/miamibeach-logoblue.png","contentUrl":"https:\/\/www.miamibeachfl.gov\/wp-content\/uploads\/2022\/06\/miamibeach-logoblue.png","width":1962,"height":381,"caption":"City of Miami Beach"},"image":{"@id":"https:\/\/www.miamibeachfl.gov\/#\/schema\/logo\/image\/"},"sameAs":["https:\/\/www.facebook.com\/cityofmiamibeach","https:\/\/x.com\/Miamibeachnews","https:\/\/www.instagram.com\/miamibeachnews\/"],"description":"Sitio web oficial de la Ciudad de Miami Beach. Mant\u00e9ngase informado, encuentre informaci\u00f3n importante sobre servicios municipales, noticias, alertas, eventos, rutas de tranv\u00edas, empleos gubernamentales y m\u00e1s.","telephone":"305.604.CITY(2489)","legalName":"City of Miami Beach"}]}},"_links":{"self":[{"href":"https:\/\/www.miamibeachfl.gov\/es\/wp-json\/wp\/v2\/pages\/384561","targetHints":{"allow":["GET"]}}],"collection":[{"href":"https:\/\/www.miamibeachfl.gov\/es\/wp-json\/wp\/v2\/pages"}],"about":[{"href":"https:\/\/www.miamibeachfl.gov\/es\/wp-json\/wp\/v2\/types\/page"}],"author":[{"embeddable":true,"href":"https:\/\/www.miamibeachfl.gov\/es\/wp-json\/wp\/v2\/users\/222"}],"replies":[{"embeddable":true,"href":"https:\/\/www.miamibeachfl.gov\/es\/wp-json\/wp\/v2\/comments?post=384561"}],"version-history":[{"count":11,"href":"https:\/\/www.miamibeachfl.gov\/es\/wp-json\/wp\/v2\/pages\/384561\/revisions"}],"predecessor-version":[{"id":398194,"href":"https:\/\/www.miamibeachfl.gov\/es\/wp-json\/wp\/v2\/pages\/384561\/revisions\/398194"}],"wp:attachment":[{"href":"https:\/\/www.miamibeachfl.gov\/es\/wp-json\/wp\/v2\/media?parent=384561"}],"wp:term":[{"taxonomy":"category","embeddable":true,"href":"https:\/\/www.miamibeachfl.gov\/es\/wp-json\/wp\/v2\/categories?post=384561"},{"taxonomy":"post_tag","embeddable":true,"href":"https:\/\/www.miamibeachfl.gov\/es\/wp-json\/wp\/v2\/tags?post=384561"}],"curies":[{"name":"gracias","href":"https:\/\/api.w.org\/{rel}","templated":true}]}}