{"id":385583,"date":"2025-06-30T11:04:42","date_gmt":"2025-06-30T15:04:42","guid":{"rendered":"https:\/\/www.miamibeachfl.gov\/?page_id=385583"},"modified":"2025-06-30T13:17:55","modified_gmt":"2025-06-30T17:17:55","slug":"michelejones","status":"publish","type":"page","link":"https:\/\/www.miamibeachfl.gov\/es\/city-hall\/city-attorney\/attorneys\/michelejones\/","title":{"rendered":"Michele Jones \u2013 Fiscal adjunta principal de la ciudad"},"content":{"rendered":"<h1>\n\t\t\tMichele Jones\t<\/h1>\n<h1>\n\t\t\tFiscal adjunto superior de la ciudad\t<\/h1>\nFiscal de la ciudad\t\t\t\n\t\t\t\t\t<ul id=\"menu-city-attorney\"><li id=\"menu-item-281297\"><a href=\"\/es\/city-hall\/city-attorney\/\">P\u00e1gina de inicio del Fiscal de la Ciudad<\/a><\/li>\n<li id=\"menu-item-281298\"><a href=\"\/es\/city-hall\/city-attorney\/attorneys\/\">Abogados<\/a><\/li>\n<li id=\"menu-item-281299\"><a href=\"\/es\/city-hall\/city-attorney\/internships\/\">Pasant\u00edas<\/a><\/li>\n<li id=\"menu-item-281302\"><a href=\"\/es\/city-hall\/city-attorney\/history-of-previous-attorneys\/\">Ex abogados de la ciudad<\/a><\/li>\n<\/ul>\t\nProcurador de la ciudad \u00d7\t\t\t\t\t\t<ul id=\"menu-city-attorney-1\"><li id=\"menu-item-281297\"><a href=\"\/es\/city-hall\/city-attorney\/\">P\u00e1gina de inicio del Fiscal de la Ciudad<\/a><\/li>\n<li id=\"menu-item-281298\"><a href=\"\/es\/city-hall\/city-attorney\/attorneys\/\">Abogados<\/a><\/li>\n<li id=\"menu-item-281299\"><a href=\"\/es\/city-hall\/city-attorney\/internships\/\">Pasant\u00edas<\/a><\/li>\n<li id=\"menu-item-281302\"><a href=\"\/es\/city-hall\/city-attorney\/history-of-previous-attorneys\/\">Ex abogados de la ciudad<\/a><\/li>\n<\/ul>\t\t\t\t\n\t\t\t\t<img decoding=\"async\" src=\"https:\/\/www.miamibeachfl.gov\/wp-content\/uploads\/bb-plugin\/cache\/MicheleJones_Attorney-circle.png\" alt=\"Michele Jones\" title=\"MicheleJones_Abogada\" itemprop=\"image\"\/>\n\t\t<h2>\n\t\t\tNuevos uniformes\t<\/h2>\n\t<p><strong>Educaci\u00f3n:<\/strong> Universidad de Florida, 2006 (Licenciatura en Ciencias Pol\u00edticas, especializaci\u00f3n en Liderazgo Organizacional sin Fines de Lucro); Facultad de Derecho de la Universidad Howard, 2009 (Doctorado en Jurisprudencia).<\/p>\n<p><strong>Miembro:<\/strong> Florida; Washington, DC; y el Tribunal de Distrito de los Estados Unidos para el Distrito Sur de Florida<\/p>\n<p>Michele Jones es una litigante y asesora experimentada que se uni\u00f3 a la Oficina del Fiscal de la Ciudad como Asesora Legal Policial para el Departamento de Polic\u00eda de la Ciudad de Miami Beach en 2025. Sus principales responsabilidades incluyen brindar asesoramiento legal y capacitaci\u00f3n al Departamento de Polic\u00eda de Miami Beach, supervisar al equipo de Fiscal\u00eda Municipal y litigar asuntos relacionados con el Departamento de Polic\u00eda de Miami Beach.<\/p>\n<p>Antes de ser contratada por la Ciudad de Miami Beach, la Sra. Jones ejerci\u00f3 el derecho laboral como Asesora Jur\u00eddica Principal Adjunta del Departamento de Seguridad Nacional y como Asesora Jur\u00eddica General Adjunta de la Junta Escolar del Condado de Miami-Dade, Florida. Tambi\u00e9n en la Junta Escolar, la Sra. Jones asesor\u00f3 al Departamento de Polic\u00eda Escolar de Miami-Dade y defendi\u00f3 a la Junta Escolar en litigios relacionados con el T\u00edtulo IX y discriminaci\u00f3n ante tribunales estatales y federales. Adem\u00e1s, imparti\u00f3 clases sobre Fundamentos de Justicia Penal en el Programa Magnet de Derecho de las Escuelas P\u00fablicas del Condado de Miami-Dade.<\/p>\n<p>La Sra. Jones comenz\u00f3 su carrera jur\u00eddica como Fiscal Estatal Adjunta en la Fiscal\u00eda Estatal del Condado de Miami-Dade, donde dedic\u00f3 varios a\u00f1os a procesar a reincidentes violentos como parte de la Unidad de Robos y Delincuencia Profesional. Fue miembro fundador de la junta ejecutiva de la Secci\u00f3n Charles B. Morton Jr. del Sur de Florida de la Asociaci\u00f3n Nacional de Fiscales Negros.<\/p>","protected":false},"excerpt":{"rendered":"<p>Michele Jones Senior Assistant City Attorney City Attorney City Attorney Home Attorneys Internships Past City Attorneys City Attorney \u00d7 City [&hellip;]<\/p>\n","protected":false},"author":222,"featured_media":385584,"parent":281293,"menu_order":15,"comment_status":"closed","ping_status":"closed","template":"","meta":{"_searchwp_excluded":"","site-sidebar-layout":"default","site-content-layout":"","ast-site-content-layout":"default","site-content-style":"default","site-sidebar-style":"default","ast-global-header-display":"","ast-banner-title-visibility":"","ast-main-header-display":"","ast-hfb-above-header-display":"","ast-hfb-below-header-display":"","ast-hfb-mobile-header-display":"","site-post-title":"","ast-breadcrumbs-content":"","ast-featured-img":"","footer-sml-layout":"","theme-transparent-header-meta":"","adv-header-id-meta":"","stick-header-meta":"","header-above-stick-meta":"","header-main-stick-meta":"","header-below-stick-meta":"","astra-migrate-meta-layouts":"default","ast-page-background-enabled":"default","ast-page-background-meta":{"desktop":{"background-color":"var(--ast-global-color-5)","background-image":"","background-repeat":"repeat","background-position":"center center","background-size":"auto","background-attachment":"scroll","background-type":"","background-media":"","overlay-type":"","overlay-color":"","overlay-opacity":"","overlay-gradient":""},"tablet":{"background-color":"","background-image":"","background-repeat":"repeat","background-position":"center center","background-size":"auto","background-attachment":"scroll","background-type":"","background-media":"","overlay-type":"","overlay-color":"","overlay-opacity":"","overlay-gradient":""},"mobile":{"background-color":"","background-image":"","background-repeat":"repeat","background-position":"center center","background-size":"auto","background-attachment":"scroll","background-type":"","background-media":"","overlay-type":"","overlay-color":"","overlay-opacity":"","overlay-gradient":""}},"ast-content-background-meta":{"desktop":{"background-color":"var(--ast-global-color-4)","background-image":"","background-repeat":"repeat","background-position":"center center","background-size":"auto","background-attachment":"scroll","background-type":"","background-media":"","overlay-type":"","overlay-color":"","overlay-opacity":"","overlay-gradient":""},"tablet":{"background-color":"var(--ast-global-color-4)","background-image":"","background-repeat":"repeat","background-position":"center center","background-size":"auto","background-attachment":"scroll","background-type":"","background-media":"","overlay-type":"","overlay-color":"","overlay-opacity":"","overlay-gradient":""},"mobile":{"background-color":"var(--ast-global-color-4)","background-image":"","background-repeat":"repeat","background-position":"center center","background-size":"auto","background-attachment":"scroll","background-type":"","background-media":"","overlay-type":"","overlay-color":"","overlay-opacity":"","overlay-gradient":""}},"footnotes":""},"categories":[],"tags":[1132,1815],"class_list":["post-385583","page","type-page","status-publish","has-post-thumbnail","hentry","tag-city-attorneys","tag-michelle-jones"],"yoast_head":"<!-- This site is optimized with the Yoast SEO Premium plugin v26.6 (Yoast SEO v26.6) - https:\/\/yoast.com\/wordpress\/plugins\/seo\/ -->\n<title>Michele Jones - Senior Assistant City Attorney - City of Miami Beach<\/title>\n<meta name=\"description\" content=\"Michele Jones is a seasoned litigator and advisor who joined the City Attorney&#039;s Office as a Police Legal Advisor for the City of Miami Beach Police Department in 2025. Her primary responsibilities include providing legal advice and training to the Miami Beach Police Department, overseeing the Municipal Prosecution team, and litigating matters concerning the Miami Beach Police Department.\" \/>\n<meta name=\"robots\" content=\"index, follow, max-snippet:-1, max-image-preview:large, max-video-preview:-1\" \/>\n<link rel=\"canonical\" href=\"https:\/\/www.miamibeachfl.gov\/es\/city-hall\/city-attorney\/attorneys\/michelejones\/\" \/>\n<meta property=\"og:locale\" content=\"es_ES\" \/>\n<meta property=\"og:type\" content=\"article\" \/>\n<meta property=\"og:title\" content=\"Michele Jones - Senior Assistant City Attorney\" \/>\n<meta property=\"og:description\" content=\"Michele Jones is a seasoned litigator and advisor who joined the City Attorney&#039;s Office as a Police Legal Advisor for the City of Miami Beach Police Department in 2025. Her primary responsibilities include providing legal advice and training to the Miami Beach Police Department, overseeing the Municipal Prosecution team, and litigating matters concerning the Miami Beach Police Department.\" \/>\n<meta property=\"og:url\" content=\"https:\/\/www.miamibeachfl.gov\/es\/city-hall\/city-attorney\/attorneys\/michelejones\/\" \/>\n<meta property=\"og:site_name\" content=\"City of Miami Beach\" \/>\n<meta property=\"article:publisher\" content=\"https:\/\/www.facebook.com\/cityofmiamibeach\" \/>\n<meta property=\"article:modified_time\" content=\"2025-06-30T17:17:55+00:00\" \/>\n<meta property=\"og:image\" content=\"https:\/\/www.miamibeachfl.gov\/wp-content\/uploads\/2025\/06\/MicheleJones_Attorney.png\" \/>\n\t<meta property=\"og:image:width\" content=\"249\" \/>\n\t<meta property=\"og:image:height\" content=\"250\" \/>\n\t<meta property=\"og:image:type\" content=\"image\/png\" \/>\n<meta name=\"twitter:card\" content=\"summary_large_image\" \/>\n<meta name=\"twitter:site\" content=\"@Miamibeachnews\" \/>\n<script type=\"application\/ld+json\" class=\"yoast-schema-graph\">{\"@context\":\"https:\/\/schema.org\",\"@graph\":[{\"@type\":\"WebPage\",\"@id\":\"https:\/\/www.miamibeachfl.gov\/city-hall\/city-attorney\/attorneys\/michelejones\/\",\"url\":\"https:\/\/www.miamibeachfl.gov\/city-hall\/city-attorney\/attorneys\/michelejones\/\",\"name\":\"Michele Jones - Senior Assistant City Attorney - City of Miami Beach\",\"isPartOf\":{\"@id\":\"https:\/\/www.miamibeachfl.gov\/#website\"},\"primaryImageOfPage\":{\"@id\":\"https:\/\/www.miamibeachfl.gov\/city-hall\/city-attorney\/attorneys\/michelejones\/#primaryimage\"},\"image\":{\"@id\":\"https:\/\/www.miamibeachfl.gov\/city-hall\/city-attorney\/attorneys\/michelejones\/#primaryimage\"},\"thumbnailUrl\":\"https:\/\/www.miamibeachfl.gov\/wp-content\/uploads\/2025\/06\/MicheleJones_Attorney.png\",\"datePublished\":\"2025-06-30T15:04:42+00:00\",\"dateModified\":\"2025-06-30T17:17:55+00:00\",\"description\":\"Michele Jones is a seasoned litigator and advisor who joined the City Attorney's Office as a Police Legal Advisor for the City of Miami Beach Police Department in 2025. Her primary responsibilities include providing legal advice and training to the Miami Beach Police Department, overseeing the Municipal Prosecution team, and litigating matters concerning the Miami Beach Police Department.\",\"breadcrumb\":{\"@id\":\"https:\/\/www.miamibeachfl.gov\/city-hall\/city-attorney\/attorneys\/michelejones\/#breadcrumb\"},\"inLanguage\":\"es\",\"potentialAction\":[{\"@type\":\"ReadAction\",\"target\":[\"https:\/\/www.miamibeachfl.gov\/city-hall\/city-attorney\/attorneys\/michelejones\/\"]}]},{\"@type\":\"ImageObject\",\"inLanguage\":\"es\",\"@id\":\"https:\/\/www.miamibeachfl.gov\/city-hall\/city-attorney\/attorneys\/michelejones\/#primaryimage\",\"url\":\"https:\/\/www.miamibeachfl.gov\/wp-content\/uploads\/2025\/06\/MicheleJones_Attorney.png\",\"contentUrl\":\"https:\/\/www.miamibeachfl.gov\/wp-content\/uploads\/2025\/06\/MicheleJones_Attorney.png\",\"width\":249,\"height\":250,\"caption\":\"Michele Jones\"},{\"@type\":\"BreadcrumbList\",\"@id\":\"https:\/\/www.miamibeachfl.gov\/city-hall\/city-attorney\/attorneys\/michelejones\/#breadcrumb\",\"itemListElement\":[{\"@type\":\"ListItem\",\"position\":1,\"name\":\"Home\",\"item\":\"https:\/\/www.miamibeachfl.gov\/\"},{\"@type\":\"ListItem\",\"position\":2,\"name\":\"City Hall\",\"item\":\"https:\/\/www.miamibeachfl.gov\/city-hall\/\"},{\"@type\":\"ListItem\",\"position\":3,\"name\":\"City Attorney\",\"item\":\"https:\/\/www.miamibeachfl.gov\/city-hall\/city-attorney\/\"},{\"@type\":\"ListItem\",\"position\":4,\"name\":\"City of Miami Beach Attorneys\",\"item\":\"https:\/\/www.miamibeachfl.gov\/city-hall\/city-attorney\/attorneys\/\"},{\"@type\":\"ListItem\",\"position\":5,\"name\":\"Michele Jones &#8211; Senior Assistant City Attorney\"}]},{\"@type\":\"WebSite\",\"@id\":\"https:\/\/www.miamibeachfl.gov\/#website\",\"url\":\"https:\/\/www.miamibeachfl.gov\/\",\"name\":\"City of Miami Beach\",\"description\":\"The official website of the City of Miami Beach. Stay informed, find important information on city services, news, alerts, events, trolley routes, government employment and more.\",\"publisher\":{\"@id\":\"https:\/\/www.miamibeachfl.gov\/#organization\"},\"potentialAction\":[{\"@type\":\"SearchAction\",\"target\":{\"@type\":\"EntryPoint\",\"urlTemplate\":\"https:\/\/www.miamibeachfl.gov\/?s={search_term_string}\"},\"query-input\":{\"@type\":\"PropertyValueSpecification\",\"valueRequired\":true,\"valueName\":\"search_term_string\"}}],\"inLanguage\":\"es\"},{\"@type\":\"Organization\",\"@id\":\"https:\/\/www.miamibeachfl.gov\/#organization\",\"name\":\"City of Miami Beach\",\"url\":\"https:\/\/www.miamibeachfl.gov\/\",\"logo\":{\"@type\":\"ImageObject\",\"inLanguage\":\"es\",\"@id\":\"https:\/\/www.miamibeachfl.gov\/#\/schema\/logo\/image\/\",\"url\":\"https:\/\/www.miamibeachfl.gov\/wp-content\/uploads\/2022\/06\/miamibeach-logoblue.png\",\"contentUrl\":\"https:\/\/www.miamibeachfl.gov\/wp-content\/uploads\/2022\/06\/miamibeach-logoblue.png\",\"width\":1962,\"height\":381,\"caption\":\"City of Miami Beach\"},\"image\":{\"@id\":\"https:\/\/www.miamibeachfl.gov\/#\/schema\/logo\/image\/\"},\"sameAs\":[\"https:\/\/www.facebook.com\/cityofmiamibeach\",\"https:\/\/x.com\/Miamibeachnews\",\"https:\/\/www.instagram.com\/miamibeachnews\/\"],\"description\":\"The official website of the City of Miami Beach. Stay informed, find important information on city services, news, alerts, events, trolley routes, government employment and more.\",\"telephone\":\"305.604.CITY(2489)\",\"legalName\":\"City of Miami Beach\"}]}<\/script>\n<!-- \/ Yoast SEO Premium plugin. -->","yoast_head_json":{"title":"Michele Jones - Fiscal adjunta s\u00e9nior de la ciudad - Ciudad de Miami Beach","description":"Michele Jones es una litigante y asesora experimentada que se uni\u00f3 a la Oficina del Fiscal de la Ciudad como Asesora Legal Policial para el Departamento de Polic\u00eda de la Ciudad de Miami Beach en 2025. Sus principales responsabilidades incluyen brindar asesoramiento legal y capacitaci\u00f3n al Departamento de Polic\u00eda de Miami Beach, supervisar al equipo de Fiscal\u00eda Municipal y litigar asuntos relacionados con el Departamento de Polic\u00eda de Miami Beach.","robots":{"index":"index","follow":"follow","max-snippet":"max-snippet:-1","max-image-preview":"max-image-preview:large","max-video-preview":"max-video-preview:-1"},"canonical":"https:\/\/www.miamibeachfl.gov\/es\/city-hall\/city-attorney\/attorneys\/michelejones\/","og_locale":"es_ES","og_type":"article","og_title":"Michele Jones - Senior Assistant City Attorney","og_description":"Michele Jones is a seasoned litigator and advisor who joined the City Attorney's Office as a Police Legal Advisor for the City of Miami Beach Police Department in 2025. Her primary responsibilities include providing legal advice and training to the Miami Beach Police Department, overseeing the Municipal Prosecution team, and litigating matters concerning the Miami Beach Police Department.","og_url":"https:\/\/www.miamibeachfl.gov\/es\/city-hall\/city-attorney\/attorneys\/michelejones\/","og_site_name":"City of Miami Beach","article_publisher":"https:\/\/www.facebook.com\/cityofmiamibeach","article_modified_time":"2025-06-30T17:17:55+00:00","og_image":[{"width":249,"height":250,"url":"https:\/\/www.miamibeachfl.gov\/wp-content\/uploads\/2025\/06\/MicheleJones_Attorney.png","type":"image\/png"}],"twitter_card":"summary_large_image","twitter_site":"@Miamibeachnews","schema":{"@context":"https:\/\/schema.org","@graph":[{"@type":"WebPage","@id":"https:\/\/www.miamibeachfl.gov\/city-hall\/city-attorney\/attorneys\/michelejones\/","url":"https:\/\/www.miamibeachfl.gov\/city-hall\/city-attorney\/attorneys\/michelejones\/","name":"Michele Jones - Fiscal adjunta s\u00e9nior de la ciudad - Ciudad de Miami Beach","isPartOf":{"@id":"https:\/\/www.miamibeachfl.gov\/#website"},"primaryImageOfPage":{"@id":"https:\/\/www.miamibeachfl.gov\/city-hall\/city-attorney\/attorneys\/michelejones\/#primaryimage"},"image":{"@id":"https:\/\/www.miamibeachfl.gov\/city-hall\/city-attorney\/attorneys\/michelejones\/#primaryimage"},"thumbnailUrl":"https:\/\/www.miamibeachfl.gov\/wp-content\/uploads\/2025\/06\/MicheleJones_Attorney.png","datePublished":"2025-06-30T15:04:42+00:00","dateModified":"2025-06-30T17:17:55+00:00","description":"Michele Jones es una litigante y asesora experimentada que se uni\u00f3 a la Oficina del Fiscal de la Ciudad como Asesora Legal Policial para el Departamento de Polic\u00eda de la Ciudad de Miami Beach en 2025. Sus principales responsabilidades incluyen brindar asesoramiento legal y capacitaci\u00f3n al Departamento de Polic\u00eda de Miami Beach, supervisar al equipo de Fiscal\u00eda Municipal y litigar asuntos relacionados con el Departamento de Polic\u00eda de Miami Beach.","breadcrumb":{"@id":"https:\/\/www.miamibeachfl.gov\/city-hall\/city-attorney\/attorneys\/michelejones\/#breadcrumb"},"inLanguage":"es","potentialAction":[{"@type":"ReadAction","target":["https:\/\/www.miamibeachfl.gov\/city-hall\/city-attorney\/attorneys\/michelejones\/"]}]},{"@type":"ImageObject","inLanguage":"es","@id":"https:\/\/www.miamibeachfl.gov\/city-hall\/city-attorney\/attorneys\/michelejones\/#primaryimage","url":"https:\/\/www.miamibeachfl.gov\/wp-content\/uploads\/2025\/06\/MicheleJones_Attorney.png","contentUrl":"https:\/\/www.miamibeachfl.gov\/wp-content\/uploads\/2025\/06\/MicheleJones_Attorney.png","width":249,"height":250,"caption":"Michele Jones"},{"@type":"BreadcrumbList","@id":"https:\/\/www.miamibeachfl.gov\/city-hall\/city-attorney\/attorneys\/michelejones\/#breadcrumb","itemListElement":[{"@type":"ListItem","position":1,"name":"Home","item":"https:\/\/www.miamibeachfl.gov\/"},{"@type":"ListItem","position":2,"name":"City Hall","item":"https:\/\/www.miamibeachfl.gov\/city-hall\/"},{"@type":"ListItem","position":3,"name":"City Attorney","item":"https:\/\/www.miamibeachfl.gov\/city-hall\/city-attorney\/"},{"@type":"ListItem","position":4,"name":"City of Miami Beach Attorneys","item":"https:\/\/www.miamibeachfl.gov\/city-hall\/city-attorney\/attorneys\/"},{"@type":"ListItem","position":5,"name":"Michele Jones &#8211; Senior Assistant City Attorney"}]},{"@type":"WebSite","@id":"https:\/\/www.miamibeachfl.gov\/#website","url":"https:\/\/www.miamibeachfl.gov\/","name":"Ciudad de Miami Beach","description":"Sitio web oficial de la Ciudad de Miami Beach. Mant\u00e9ngase informado, encuentre informaci\u00f3n importante sobre servicios municipales, noticias, alertas, eventos, rutas de tranv\u00edas, empleos gubernamentales y m\u00e1s.","publisher":{"@id":"https:\/\/www.miamibeachfl.gov\/#organization"},"potentialAction":[{"@type":"SearchAction","target":{"@type":"EntryPoint","urlTemplate":"https:\/\/www.miamibeachfl.gov\/?s={search_term_string}"},"query-input":{"@type":"PropertyValueSpecification","valueRequired":true,"valueName":"search_term_string"}}],"inLanguage":"es"},{"@type":"Organization","@id":"https:\/\/www.miamibeachfl.gov\/#organization","name":"Ciudad de Miami Beach","url":"https:\/\/www.miamibeachfl.gov\/","logo":{"@type":"ImageObject","inLanguage":"es","@id":"https:\/\/www.miamibeachfl.gov\/#\/schema\/logo\/image\/","url":"https:\/\/www.miamibeachfl.gov\/wp-content\/uploads\/2022\/06\/miamibeach-logoblue.png","contentUrl":"https:\/\/www.miamibeachfl.gov\/wp-content\/uploads\/2022\/06\/miamibeach-logoblue.png","width":1962,"height":381,"caption":"City of Miami Beach"},"image":{"@id":"https:\/\/www.miamibeachfl.gov\/#\/schema\/logo\/image\/"},"sameAs":["https:\/\/www.facebook.com\/cityofmiamibeach","https:\/\/x.com\/Miamibeachnews","https:\/\/www.instagram.com\/miamibeachnews\/"],"description":"Sitio web oficial de la Ciudad de Miami Beach. Mant\u00e9ngase informado, encuentre informaci\u00f3n importante sobre servicios municipales, noticias, alertas, eventos, rutas de tranv\u00edas, empleos gubernamentales y m\u00e1s.","telephone":"305.604.CITY(2489)","legalName":"City of Miami Beach"}]}},"_links":{"self":[{"href":"https:\/\/www.miamibeachfl.gov\/es\/wp-json\/wp\/v2\/pages\/385583","targetHints":{"allow":["GET"]}}],"collection":[{"href":"https:\/\/www.miamibeachfl.gov\/es\/wp-json\/wp\/v2\/pages"}],"about":[{"href":"https:\/\/www.miamibeachfl.gov\/es\/wp-json\/wp\/v2\/types\/page"}],"author":[{"embeddable":true,"href":"https:\/\/www.miamibeachfl.gov\/es\/wp-json\/wp\/v2\/users\/222"}],"replies":[{"embeddable":true,"href":"https:\/\/www.miamibeachfl.gov\/es\/wp-json\/wp\/v2\/comments?post=385583"}],"version-history":[{"count":6,"href":"https:\/\/www.miamibeachfl.gov\/es\/wp-json\/wp\/v2\/pages\/385583\/revisions"}],"predecessor-version":[{"id":385604,"href":"https:\/\/www.miamibeachfl.gov\/es\/wp-json\/wp\/v2\/pages\/385583\/revisions\/385604"}],"up":[{"embeddable":true,"href":"https:\/\/www.miamibeachfl.gov\/es\/wp-json\/wp\/v2\/pages\/281293"}],"wp:featuredmedia":[{"embeddable":true,"href":"https:\/\/www.miamibeachfl.gov\/es\/wp-json\/wp\/v2\/media\/385584"}],"wp:attachment":[{"href":"https:\/\/www.miamibeachfl.gov\/es\/wp-json\/wp\/v2\/media?parent=385583"}],"wp:term":[{"taxonomy":"category","embeddable":true,"href":"https:\/\/www.miamibeachfl.gov\/es\/wp-json\/wp\/v2\/categories?post=385583"},{"taxonomy":"post_tag","embeddable":true,"href":"https:\/\/www.miamibeachfl.gov\/es\/wp-json\/wp\/v2\/tags?post=385583"}],"curies":[{"name":"gracias","href":"https:\/\/api.w.org\/{rel}","templated":true}]}}