{"id":385722,"date":"2025-07-01T14:38:27","date_gmt":"2025-07-01T18:38:27","guid":{"rendered":"https:\/\/www.miamibeachfl.gov\/?page_id=385722"},"modified":"2026-05-06T08:10:26","modified_gmt":"2026-05-06T12:10:26","slug":"bluezones","status":"publish","type":"page","link":"https:\/\/www.miamibeachfl.gov\/es\/bluezones\/","title":{"rendered":"Zonas azules"},"content":{"rendered":"<figure itemscope itemtype=\"https:\/\/schema.org\/ImageObject\">\n\t\t\t\t<img decoding=\"async\" src=\"https:\/\/www.miamibeachfl.gov\/wp-content\/uploads\/2025\/07\/bluezones_logo_og2.png\" alt=\"blue zones logo\" height=\"109\" width=\"555\" title=\"logotipo de bluezones_og2\" onerror=\"this.style.display='none'\" loading=\"lazy\" \/>\n\t<\/figure>\n<h1>\n\t\t<a href=\"https:\/\/www.bluezones.com\/ignite-miami-beach\/\" title=\"\u00danase a nosotros mientras encendemos Miami Beach\"  target=\"_blank\"  rel=\"noopener\">\n\t\t\t\u00danase a nosotros mientras encendemos Miami Beach\t\t<\/a>\n\t<\/h1>\n\t<p>Miami Beach est\u00e1 participando en un movimiento global para mejorar la salud y el bienestar en los lugares donde vivimos, trabajamos, aprendemos y jugamos.<\/p>\n<p><a href=\"https:\/\/www.bluezones.com\/\"><strong>Conozca las Zonas Azules<\/strong><\/a><\/p>\n\t\t\t\t\t\t\t<img loading=\"lazy\" decoding=\"async\" src=\"https:\/\/www.miamibeachfl.gov\/wp-content\/uploads\/2025\/07\/bluezonesassessmentthumb.jpg\" alt=\"blue zones assessment report thumbnail\" width=\"300\" height=\"230\" \/>\n\t\t\t\t\t\t<h4>Informe de evaluaci\u00f3n de las zonas azules<\/h4>\t\t\t\t\t\n\t\t\t\t\t<p>Este informe repasa el an\u00e1lisis elaborado por Blue Zones sobre las fortalezas y los desaf\u00edos que debe considerar la Ciudad de Miami Beach.<\/p>\t\t\t\t\n\t\t\t<a href=\"https:\/\/www.flipsnack.com\/bluezones\/blue-zones-miami-beach-report\/full-view.html\"  target=\"_blank\" rel=\"noopener\">\n\t\t\t\t\t\t\tLea el informe\n\t\t\t<\/a>\n<h2>\n\t\t\tFase 1 | Eventos pasados\t<\/h2>\n\t<p>El 5 de febrero de 2025, la ciudad de Miami Beach lanz\u00f3 Blue Zones Ignite, una iniciativa de bienestar de 6 meses que re\u00fane a l\u00edderes c\u00edvicos y comunitarios para iniciar mejoras de bienestar, preparando a los residentes para vivir vidas largas, saludables y felices.<\/p>\n\t\t\t\t\t\t\t<img loading=\"lazy\" decoding=\"async\" src=\"https:\/\/www.miamibeachfl.gov\/wp-content\/uploads\/2025\/07\/bluezones-video1.jpg\" alt=\"blue zones go to video thumbnail\" width=\"400\" height=\"222\" \/>\n\t\t\t\t\t\t<h2>Discurso inaugural de Blue Zones 2.5.25 Ignite Miami Beach:<\/h2>\t\t\t\t\t\n\t\t\t\t\t<p>Evento celebrado en el Pabell\u00f3n Truist del New World Center para presentar la historia de las Zonas Azules y a miembros de su equipo de expertos para iniciar el trabajo en nuestra comunidad para mejorar el bienestar. El equipo invit\u00f3 a los l\u00edderes comunitarios y residentes a conocer mejor nuestra ciudad y colaborar en la elaboraci\u00f3n de un plan de cambio.<\/p>\t\t\t\t\n\t\t\t<a href=\"https:\/\/www.youtube.com\/watch?v=q4G_V3mwkGA\"  target=\"_blank\" rel=\"noopener\">\n\t\t\t\t\t\t\tVer v\u00eddeo\n\t\t\t<\/a>\n\t\t\t\t\t\t\t<img loading=\"lazy\" decoding=\"async\" src=\"https:\/\/www.miamibeachfl.gov\/wp-content\/uploads\/2025\/07\/bluezones-video2.jpg\" alt=\"blue zones go to video thumbnail\" width=\"400\" height=\"222\" \/>\n\t\t\t\t\t\t<h2>Zonas Azules 23\/06\/2025 Informe comunitario:<\/h2>\t\t\t\t\t\n\t\t\t\t\t<p>Evento celebrado en el Jard\u00edn Bot\u00e1nico de Miami Beach para presentar los resultados de nuestra Evaluaci\u00f3n Ignite de las Zonas Azules. Esta evaluaci\u00f3n exhaustiva de preparaci\u00f3n y viabilidad es el primer paso para que Miami Beach sea designada como ciudad de las Zonas Azules.<\/p>\t\t\t\t\n\t\t\t<a href=\"https:\/\/www.youtube.com\/watch?v=Xqd2DdGHZp8\"  target=\"_blank\" rel=\"noopener\">\n\t\t\t\t\t\t\tVer v\u00eddeo\n\t\t\t<\/a>\n\t\t\t<a href=\"https:\/\/www.miamibeachfl.gov\/wp-content\/uploads\/2025\/07\/BlueZones_Report_Community_Readout_Pres.pdf\"  target=\"_blank\" rel=\"noopener\">\n\t\t\t\t\t\t\tVer presentaci\u00f3n\n\t\t\t<\/a>\n<h2>\n\t\t\tAcerca de las iniciativas\t<\/h2>\n\t<p>La Ciudad de Miami Beach se compromete a brindar un excelente servicio p\u00fablico y seguridad a todos los que viven, trabajan y se divierten en nuestra vibrante, tropical e hist\u00f3rica comunidad. Con excelentes instalaciones de salud, opciones de transporte activo y una gran variedad de actividades saludables al aire libre, hemos construido una base que apoya el bienestar de toda nuestra comunidad.<\/p>\n<p>Al integrar las Zonas Azules en nuestras iniciativas, nuestro objetivo es ampliar nuestro impacto y crear un futuro brillante y saludable para todos los residentes, garantizando el \u00e9xito a largo plazo para todos los que viven y trabajan en Miami Beach.<\/p>\n<p>\ud83c\udf0d<a href=\"https:\/\/www.bluezones.com\/2016\/11\/power-9\/\">Poder 9\u00ae<\/a><\/p>\n<p><em>H\u00e1bitos que impulsan el estilo de vida y el entorno de las comunidades donde las personas viven vidas m\u00e1s largas y saludables.<\/em><\/p>\n<p><a href=\"https:\/\/www.bluezones.com\/live-longer-better\/life-radius\/\">\u00a0Radio de vida\u00ae<\/a><\/p>\n<p><em>Transformaciones enfocadas a optimizar el espacio cercano a casa donde pasamos el 90 por ciento de nuestra vida.<\/em><\/p>\n<h2>\n\t\t\tZonas Azules de Miami Beach en las Noticias\t<\/h2>\n\t<ul>\n<li>\n<ul>\n<li><strong><a href=\"https:\/\/www.miamibeachfl.gov\/wp-content\/uploads\/2026\/05\/Blue-Zone.pdf\">Estilos de vida en el sur de Florida: Buena vida<\/a><\/strong><\/li>\n<li><a href=\"https:\/\/www.miamitodaynews.com\/2026\/04\/29\/fall-start-due-for-miami-beach-blue-zones-strategy\/\"><strong>Miami Today: Comienza el oto\u00f1o con la estrategia de Zonas Azules de Miami Beach<\/strong><\/a><\/li>\n<li><strong><a href=\"https:\/\/www.miamibeachfl.gov\/wp-content\/uploads\/2025\/07\/Miami-Today-e-Edition-Miami-Today-07032025-e-Edition-8.pdf\">Miami Today: Miami Beach busca entre 1TP y 1,5 millones de d\u00f3lares al a\u00f1o para financiar las Zonas Azules.<\/a><\/strong><\/li>\n<li><strong><a href=\"https:\/\/www.miamitodaynews.com\/2025\/06\/25\/miami-beach-moving-closer-to-becoming-blue-zones-city\/\">Miami Today: Miami Beach se acerca a convertirse en una ciudad de la Zona Azul<\/a><\/strong><\/li>\n<li><strong><a href=\"https:\/\/www.miamiherald.com\/news\/health-care\/article299700669.html\">Miami Herald: \u00bfPuede Miami Beach ser un lugar m\u00e1s saludable para vivir? As\u00ed funciona una &quot;Zona Azul&quot;<\/a><\/strong><\/li>\n<li><a href=\"https:\/\/www.miamiherald.com\/news\/health-care\/article298171243.html\"><strong>Miami Herald: Miami Beach quiere ser la pr\u00f3xima Zona Azul. Esto podr\u00eda significar para su salud.<\/strong><\/a><\/li>\n<li><a href=\"https:\/\/www.realtor.com\/news\/trends\/miami-beach-florida-blue-zone-cities-healthy-living\/\"><strong>Realtor.com: Miami Beach quiere ser la pr\u00f3xima \u201cZona Azul\u201d: \u00bfc\u00f3mo lo lograr\u00e1?<\/strong><\/a><\/li>\n<li><a href=\"https:\/\/www.miamitodaynews.com\/2025\/01\/08\/miami-beach-set-to-take-big-step-to-join-blue-zones\/\"><strong>Miami Today: Miami Beach se prepara para dar un gran paso y unirse a las Zonas Azules<\/strong><\/a><\/li>\n<li><a href=\"https:\/\/www.miamitodaynews.com\/breaking\/beach-budgets-to-assess-becoming-a-blue-zone-city\/#google_vignette\"><strong>Miami Today: Los presupuestos de las playas eval\u00faan convertirse en una ciudad Zona Azul<\/strong><\/a><\/li>\n<li><strong><a href=\"https:\/\/www.youtube.com\/watch?v=PBtxaUKahhU\">El tr\u00e1iler del podcast de Dan Buettner<\/a><\/strong><\/li>\n<li><strong><a href=\"https:\/\/www.miamitodaynews.com\/2025\/09\/10\/miami-beach-follows-four-year-path-to-be-blue-zone-city\/#google_vignette\" target=\"_blank\" rel=\"noopener\">Miami Beach sigue camino de cuatro a\u00f1os para ser ciudad Zona Azul<\/a><br \/>\n<\/strong><\/li>\n<li><strong><a href=\"https:\/\/refreshmiami.com\/news\/with-an-assist-from-tech-could-miami-beach-become-a-healthier-and-happier-blue-zone\/\">\u00bfPodr\u00eda Miami Beach convertirse, con la ayuda de la tecnolog\u00eda, en una &quot;Zona Azul&quot; m\u00e1s saludable y feliz? \u2013 Refresh Miami<\/a><\/strong><\/li>\n<li><a href=\"https:\/\/www.miamitodaynews.com\/2026\/01\/07\/team-seeks-8-million-to-make-miami-beach-a-blue-zone\/\"><strong>Equipo busca $8 millones para convertir Miami Beach en Zona Azul<\/strong><\/a><\/li>\n<\/ul>\n<\/li>\n<\/ul>\n<p>&nbsp;<\/p>\n\t<div class=\"page-navigation\"><a class=\"prev-page\" href=\"https:\/\/www.miamibeachfl.gov\/es\/business-open-change-relocation\/\">\u2190 Apertura Cambio o reubicaci\u00f3n de un negocio<\/a> <a class=\"next-page\" href=\"https:\/\/www.miamibeachfl.gov\/es\/projects\/sunset-islands-2-3-infrastructure-improvements\/\">Mejoras de infraestructura en Sunset Islands 2 y 3 \u2192<\/a><\/div>","protected":false},"excerpt":{"rendered":"<p>Join Us as We Ignite Miami Beach Miami Beach is participating in a global movement to improve health and well-being [&hellip;]<\/p>\n","protected":false},"author":222,"featured_media":385729,"parent":0,"menu_order":0,"comment_status":"closed","ping_status":"closed","template":"","meta":{"_searchwp_excluded":"","site-sidebar-layout":"default","site-content-layout":"","ast-site-content-layout":"default","site-content-style":"default","site-sidebar-style":"default","ast-global-header-display":"","ast-banner-title-visibility":"","ast-main-header-display":"","ast-hfb-above-header-display":"","ast-hfb-below-header-display":"","ast-hfb-mobile-header-display":"","site-post-title":"","ast-breadcrumbs-content":"","ast-featured-img":"","footer-sml-layout":"","ast-disable-related-posts":"","theme-transparent-header-meta":"","adv-header-id-meta":"","stick-header-meta":"","header-above-stick-meta":"","header-main-stick-meta":"","header-below-stick-meta":"","astra-migrate-meta-layouts":"default","ast-page-background-enabled":"default","ast-page-background-meta":{"desktop":{"background-color":"var(--ast-global-color-5)","background-image":"","background-repeat":"repeat","background-position":"center center","background-size":"auto","background-attachment":"scroll","background-type":"","background-media":"","overlay-type":"","overlay-color":"","overlay-opacity":"","overlay-gradient":""},"tablet":{"background-color":"","background-image":"","background-repeat":"repeat","background-position":"center center","background-size":"auto","background-attachment":"scroll","background-type":"","background-media":"","overlay-type":"","overlay-color":"","overlay-opacity":"","overlay-gradient":""},"mobile":{"background-color":"","background-image":"","background-repeat":"repeat","background-position":"center center","background-size":"auto","background-attachment":"scroll","background-type":"","background-media":"","overlay-type":"","overlay-color":"","overlay-opacity":"","overlay-gradient":""}},"ast-content-background-meta":{"desktop":{"background-color":"var(--ast-global-color-4)","background-image":"","background-repeat":"repeat","background-position":"center center","background-size":"auto","background-attachment":"scroll","background-type":"","background-media":"","overlay-type":"","overlay-color":"","overlay-opacity":"","overlay-gradient":""},"tablet":{"background-color":"var(--ast-global-color-4)","background-image":"","background-repeat":"repeat","background-position":"center center","background-size":"auto","background-attachment":"scroll","background-type":"","background-media":"","overlay-type":"","overlay-color":"","overlay-opacity":"","overlay-gradient":""},"mobile":{"background-color":"var(--ast-global-color-4)","background-image":"","background-repeat":"repeat","background-position":"center center","background-size":"auto","background-attachment":"scroll","background-type":"","background-media":"","overlay-type":"","overlay-color":"","overlay-opacity":"","overlay-gradient":""}},"footnotes":""},"categories":[],"tags":[],"class_list":["post-385722","page","type-page","status-publish","has-post-thumbnail","hentry"],"yoast_head":"<!-- This site is optimized with the Yoast SEO Premium plugin v27.4 (Yoast SEO v27.4) - https:\/\/yoast.com\/product\/yoast-seo-premium-wordpress\/ -->\n<title>Blue Zones - City of Miami Beach<\/title>\n<meta name=\"description\" content=\"Miami Beach is participating in a global movement to improve health and well-being in the places we live, work, learn and play.\" \/>\n<meta name=\"robots\" content=\"index, follow, max-snippet:-1, max-image-preview:large, max-video-preview:-1\" \/>\n<link rel=\"canonical\" href=\"https:\/\/www.miamibeachfl.gov\/es\/bluezones\/\" \/>\n<meta property=\"og:locale\" content=\"es_ES\" \/>\n<meta property=\"og:type\" content=\"article\" \/>\n<meta property=\"og:title\" content=\"Blue Zones\" \/>\n<meta property=\"og:description\" content=\"Miami Beach is participating in a global movement to improve health and well-being in the places we live, work, learn and play.\" \/>\n<meta property=\"og:url\" content=\"https:\/\/www.miamibeachfl.gov\/es\/bluezones\/\" \/>\n<meta property=\"og:site_name\" content=\"City of Miami Beach\" \/>\n<meta property=\"article:publisher\" content=\"https:\/\/www.facebook.com\/cityofmiamibeach\" \/>\n<meta property=\"article:modified_time\" content=\"2026-05-06T12:10:26+00:00\" \/>\n<meta property=\"og:image\" content=\"https:\/\/www.miamibeachfl.gov\/wp-content\/uploads\/2025\/07\/bluezones_logo_og.png\" \/>\n\t<meta property=\"og:image:width\" content=\"555\" \/>\n\t<meta property=\"og:image:height\" content=\"109\" \/>\n\t<meta property=\"og:image:type\" content=\"image\/png\" \/>\n<meta name=\"twitter:card\" content=\"summary_large_image\" \/>\n<meta name=\"twitter:site\" content=\"@Miamibeachnews\" \/>\n<script type=\"application\/ld+json\" class=\"yoast-schema-graph\">{\"@context\":\"https:\\\/\\\/schema.org\",\"@graph\":[{\"@type\":\"WebPage\",\"@id\":\"https:\\\/\\\/www.miamibeachfl.gov\\\/bluezones\\\/\",\"url\":\"https:\\\/\\\/www.miamibeachfl.gov\\\/bluezones\\\/\",\"name\":\"Blue Zones - City of Miami Beach\",\"isPartOf\":{\"@id\":\"https:\\\/\\\/www.miamibeachfl.gov\\\/#website\"},\"primaryImageOfPage\":{\"@id\":\"https:\\\/\\\/www.miamibeachfl.gov\\\/bluezones\\\/#primaryimage\"},\"image\":{\"@id\":\"https:\\\/\\\/www.miamibeachfl.gov\\\/bluezones\\\/#primaryimage\"},\"thumbnailUrl\":\"https:\\\/\\\/www.miamibeachfl.gov\\\/wp-content\\\/uploads\\\/2025\\\/07\\\/bluezones_logo_og.png\",\"datePublished\":\"2025-07-01T18:38:27+00:00\",\"dateModified\":\"2026-05-06T12:10:26+00:00\",\"description\":\"Miami Beach is participating in a global movement to improve health and well-being in the places we live, work, learn and play.\",\"breadcrumb\":{\"@id\":\"https:\\\/\\\/www.miamibeachfl.gov\\\/bluezones\\\/#breadcrumb\"},\"inLanguage\":\"es\",\"potentialAction\":[{\"@type\":\"ReadAction\",\"target\":[\"https:\\\/\\\/www.miamibeachfl.gov\\\/bluezones\\\/\"]}]},{\"@type\":\"ImageObject\",\"inLanguage\":\"es\",\"@id\":\"https:\\\/\\\/www.miamibeachfl.gov\\\/bluezones\\\/#primaryimage\",\"url\":\"https:\\\/\\\/www.miamibeachfl.gov\\\/wp-content\\\/uploads\\\/2025\\\/07\\\/bluezones_logo_og.png\",\"contentUrl\":\"https:\\\/\\\/www.miamibeachfl.gov\\\/wp-content\\\/uploads\\\/2025\\\/07\\\/bluezones_logo_og.png\",\"width\":555,\"height\":109,\"caption\":\"blue zones logo\"},{\"@type\":\"BreadcrumbList\",\"@id\":\"https:\\\/\\\/www.miamibeachfl.gov\\\/bluezones\\\/#breadcrumb\",\"itemListElement\":[{\"@type\":\"ListItem\",\"position\":1,\"name\":\"Home\",\"item\":\"https:\\\/\\\/www.miamibeachfl.gov\\\/\"},{\"@type\":\"ListItem\",\"position\":2,\"name\":\"Blue Zones\"}]},{\"@type\":\"WebSite\",\"@id\":\"https:\\\/\\\/www.miamibeachfl.gov\\\/#website\",\"url\":\"https:\\\/\\\/www.miamibeachfl.gov\\\/\",\"name\":\"City of Miami Beach\",\"description\":\"The official website of the City of Miami Beach. Stay informed, find important information on city services, news, alerts, events, trolley routes, government employment and more.\",\"publisher\":{\"@id\":\"https:\\\/\\\/www.miamibeachfl.gov\\\/#organization\"},\"potentialAction\":[{\"@type\":\"SearchAction\",\"target\":{\"@type\":\"EntryPoint\",\"urlTemplate\":\"https:\\\/\\\/www.miamibeachfl.gov\\\/?s={search_term_string}\"},\"query-input\":{\"@type\":\"PropertyValueSpecification\",\"valueRequired\":true,\"valueName\":\"search_term_string\"}}],\"inLanguage\":\"es\"},{\"@type\":\"Organization\",\"@id\":\"https:\\\/\\\/www.miamibeachfl.gov\\\/#organization\",\"name\":\"City of Miami Beach\",\"url\":\"https:\\\/\\\/www.miamibeachfl.gov\\\/\",\"logo\":{\"@type\":\"ImageObject\",\"inLanguage\":\"es\",\"@id\":\"https:\\\/\\\/www.miamibeachfl.gov\\\/#\\\/schema\\\/logo\\\/image\\\/\",\"url\":\"https:\\\/\\\/www.miamibeachfl.gov\\\/wp-content\\\/uploads\\\/2022\\\/06\\\/miamibeach-logoblue.png\",\"contentUrl\":\"https:\\\/\\\/www.miamibeachfl.gov\\\/wp-content\\\/uploads\\\/2022\\\/06\\\/miamibeach-logoblue.png\",\"width\":1962,\"height\":381,\"caption\":\"City of Miami Beach\"},\"image\":{\"@id\":\"https:\\\/\\\/www.miamibeachfl.gov\\\/#\\\/schema\\\/logo\\\/image\\\/\"},\"sameAs\":[\"https:\\\/\\\/www.facebook.com\\\/cityofmiamibeach\",\"https:\\\/\\\/x.com\\\/Miamibeachnews\",\"https:\\\/\\\/www.instagram.com\\\/miamibeachnews\\\/\"],\"description\":\"The official website of the City of Miami Beach. Stay informed, find important information on city services, news, alerts, events, trolley routes, government employment and more.\",\"telephone\":\"305.604.CITY(2489)\",\"legalName\":\"City of Miami Beach\"}]}<\/script>\n<!-- \/ Yoast SEO Premium plugin. -->","yoast_head_json":{"title":"Zonas Azules - Ciudad de Miami Beach","description":"Miami Beach est\u00e1 participando en un movimiento global para mejorar la salud y el bienestar en los lugares donde vivimos, trabajamos, aprendemos y jugamos.","robots":{"index":"index","follow":"follow","max-snippet":"max-snippet:-1","max-image-preview":"max-image-preview:large","max-video-preview":"max-video-preview:-1"},"canonical":"https:\/\/www.miamibeachfl.gov\/es\/bluezones\/","og_locale":"es_ES","og_type":"article","og_title":"Blue Zones","og_description":"Miami Beach is participating in a global movement to improve health and well-being in the places we live, work, learn and play.","og_url":"https:\/\/www.miamibeachfl.gov\/es\/bluezones\/","og_site_name":"City of Miami Beach","article_publisher":"https:\/\/www.facebook.com\/cityofmiamibeach","article_modified_time":"2026-05-06T12:10:26+00:00","og_image":[{"width":555,"height":109,"url":"https:\/\/www.miamibeachfl.gov\/wp-content\/uploads\/2025\/07\/bluezones_logo_og.png","type":"image\/png"}],"twitter_card":"summary_large_image","twitter_site":"@Miamibeachnews","schema":{"@context":"https:\/\/schema.org","@graph":[{"@type":"WebPage","@id":"https:\/\/www.miamibeachfl.gov\/bluezones\/","url":"https:\/\/www.miamibeachfl.gov\/bluezones\/","name":"Zonas Azules - Ciudad de Miami Beach","isPartOf":{"@id":"https:\/\/www.miamibeachfl.gov\/#website"},"primaryImageOfPage":{"@id":"https:\/\/www.miamibeachfl.gov\/bluezones\/#primaryimage"},"image":{"@id":"https:\/\/www.miamibeachfl.gov\/bluezones\/#primaryimage"},"thumbnailUrl":"https:\/\/www.miamibeachfl.gov\/wp-content\/uploads\/2025\/07\/bluezones_logo_og.png","datePublished":"2025-07-01T18:38:27+00:00","dateModified":"2026-05-06T12:10:26+00:00","description":"Miami Beach est\u00e1 participando en un movimiento global para mejorar la salud y el bienestar en los lugares donde vivimos, trabajamos, aprendemos y jugamos.","breadcrumb":{"@id":"https:\/\/www.miamibeachfl.gov\/bluezones\/#breadcrumb"},"inLanguage":"es","potentialAction":[{"@type":"ReadAction","target":["https:\/\/www.miamibeachfl.gov\/bluezones\/"]}]},{"@type":"ImageObject","inLanguage":"es","@id":"https:\/\/www.miamibeachfl.gov\/bluezones\/#primaryimage","url":"https:\/\/www.miamibeachfl.gov\/wp-content\/uploads\/2025\/07\/bluezones_logo_og.png","contentUrl":"https:\/\/www.miamibeachfl.gov\/wp-content\/uploads\/2025\/07\/bluezones_logo_og.png","width":555,"height":109,"caption":"blue zones logo"},{"@type":"BreadcrumbList","@id":"https:\/\/www.miamibeachfl.gov\/bluezones\/#breadcrumb","itemListElement":[{"@type":"ListItem","position":1,"name":"Home","item":"https:\/\/www.miamibeachfl.gov\/"},{"@type":"ListItem","position":2,"name":"Blue Zones"}]},{"@type":"WebSite","@id":"https:\/\/www.miamibeachfl.gov\/#website","url":"https:\/\/www.miamibeachfl.gov\/","name":"Ciudad de Miami Beach","description":"Sitio web oficial de la Ciudad de Miami Beach. Mant\u00e9ngase informado, encuentre informaci\u00f3n importante sobre servicios municipales, noticias, alertas, eventos, rutas de tranv\u00edas, empleos gubernamentales y m\u00e1s.","publisher":{"@id":"https:\/\/www.miamibeachfl.gov\/#organization"},"potentialAction":[{"@type":"SearchAction","target":{"@type":"EntryPoint","urlTemplate":"https:\/\/www.miamibeachfl.gov\/?s={search_term_string}"},"query-input":{"@type":"PropertyValueSpecification","valueRequired":true,"valueName":"search_term_string"}}],"inLanguage":"es"},{"@type":"Organization","@id":"https:\/\/www.miamibeachfl.gov\/#organization","name":"Ciudad de Miami Beach","url":"https:\/\/www.miamibeachfl.gov\/","logo":{"@type":"ImageObject","inLanguage":"es","@id":"https:\/\/www.miamibeachfl.gov\/#\/schema\/logo\/image\/","url":"https:\/\/www.miamibeachfl.gov\/wp-content\/uploads\/2022\/06\/miamibeach-logoblue.png","contentUrl":"https:\/\/www.miamibeachfl.gov\/wp-content\/uploads\/2022\/06\/miamibeach-logoblue.png","width":1962,"height":381,"caption":"City of Miami Beach"},"image":{"@id":"https:\/\/www.miamibeachfl.gov\/#\/schema\/logo\/image\/"},"sameAs":["https:\/\/www.facebook.com\/cityofmiamibeach","https:\/\/x.com\/Miamibeachnews","https:\/\/www.instagram.com\/miamibeachnews\/"],"description":"Sitio web oficial de la Ciudad de Miami Beach. Mant\u00e9ngase informado, encuentre informaci\u00f3n importante sobre servicios municipales, noticias, alertas, eventos, rutas de tranv\u00edas, empleos gubernamentales y m\u00e1s.","telephone":"305.604.CITY(2489)","legalName":"City of Miami Beach"}]}},"_links":{"self":[{"href":"https:\/\/www.miamibeachfl.gov\/es\/wp-json\/wp\/v2\/pages\/385722","targetHints":{"allow":["GET"]}}],"collection":[{"href":"https:\/\/www.miamibeachfl.gov\/es\/wp-json\/wp\/v2\/pages"}],"about":[{"href":"https:\/\/www.miamibeachfl.gov\/es\/wp-json\/wp\/v2\/types\/page"}],"author":[{"embeddable":true,"href":"https:\/\/www.miamibeachfl.gov\/es\/wp-json\/wp\/v2\/users\/222"}],"replies":[{"embeddable":true,"href":"https:\/\/www.miamibeachfl.gov\/es\/wp-json\/wp\/v2\/comments?post=385722"}],"version-history":[{"count":14,"href":"https:\/\/www.miamibeachfl.gov\/es\/wp-json\/wp\/v2\/pages\/385722\/revisions"}],"predecessor-version":[{"id":400110,"href":"https:\/\/www.miamibeachfl.gov\/es\/wp-json\/wp\/v2\/pages\/385722\/revisions\/400110"}],"wp:featuredmedia":[{"embeddable":true,"href":"https:\/\/www.miamibeachfl.gov\/es\/wp-json\/wp\/v2\/media\/385729"}],"wp:attachment":[{"href":"https:\/\/www.miamibeachfl.gov\/es\/wp-json\/wp\/v2\/media?parent=385722"}],"wp:term":[{"taxonomy":"category","embeddable":true,"href":"https:\/\/www.miamibeachfl.gov\/es\/wp-json\/wp\/v2\/categories?post=385722"},{"taxonomy":"post_tag","embeddable":true,"href":"https:\/\/www.miamibeachfl.gov\/es\/wp-json\/wp\/v2\/tags?post=385722"}],"curies":[{"name":"gracias","href":"https:\/\/api.w.org\/{rel}","templated":true}]}}