{"id":386587,"date":"2025-07-14T13:49:28","date_gmt":"2025-07-14T17:49:28","guid":{"rendered":"https:\/\/www.miamibeachfl.gov\/?page_id=386587"},"modified":"2025-07-14T14:04:02","modified_gmt":"2025-07-14T18:04:02","slug":"permitting-faqs","status":"publish","type":"page","link":"https:\/\/www.miamibeachfl.gov\/es\/city-hall\/environmental-sustainability\/permitting-faqs\/","title":{"rendered":"Preguntas frecuentes sobre permisos ambientales y de sostenibilidad"},"content":{"rendered":"<nav id=\"breadcrumbs\" aria-label=\"Pan rallado\"><a href=\"https:\/\/www.miamibeachfl.gov\/es\/\">Hogar<\/a> &gt; <a href=\"https:\/\/www.miamibeachfl.gov\/es\/city-hall\/\">Ayuntamiento<\/a> &gt; <a href=\"https:\/\/www.miamibeachfl.gov\/es\/city-hall\/environmental-sustainability\/\">Medio ambiente y sostenibilidad<\/a> &gt; <strong>Preguntas frecuentes sobre permisos ambientales y de sostenibilidad<\/strong><\/nav><h1>\n\t\t\tPreguntas frecuentes sobre permisos\t<\/h1>\n\t\t\t\t\t\t<h4>\u00bfCu\u00e1nto tiempo se tarda en emitir un permiso de trabajo en \u00e1rboles de silvicultura urbana?<\/h4>\n\t\t\t<p>Silvicultura Urbana debe presentar sus comentarios iniciales dentro de los 10 d\u00edas h\u00e1biles siguientes a la presentaci\u00f3n de la solicitud. El tiempo total entre la presentaci\u00f3n de la solicitud y la emisi\u00f3n del permiso depende de cu\u00e1ndo se proporcione toda la informaci\u00f3n requerida y de si su contenido cumple con los est\u00e1ndares de la solicitud. El solicitante podr\u00eda requerir seguimiento o correcciones posteriores.\u00a0<\/p>\n\t\t\t\t\t\t<h4>\u00bfTodos los \u00e1rboles y palmeras requieren permisos para su remoci\u00f3n?<\/h4>\n\t\t\t<p>Generalmente s\u00ed. Se requiere un permiso de trabajo de \u00e1rboles aprobado para la reubicaci\u00f3n o remoci\u00f3n de cualquier \u00e1rbol o palmera dentro de los l\u00edmites de la ciudad de Miami Beach, con pocas excepciones.<\/p>\n<p>La lista de excepciones se encuentra en la Ordenanza de \u00c1rboles 2016-4055 de la Ciudad de Miami Beach, Sec. 46-58. https:\/\/www.miamibeachfl.gov\/city-hall\/environmental-sustainability\/urban-forestry\/tree-work-permit-information\/<\/p>\n\t\t\t\t\t\t<h4>\u00bfCu\u00e1les son los documentos requeridos m\u00e1s comunes con la presentaci\u00f3n de una solicitud de permiso para trabajar \u00e1rboles?<\/h4>\n\t\t\t<p>El solicitante del permiso para trabajar con \u00e1rboles probablemente tendr\u00e1 que proporcionar un estudio del \u00e1rbol, la disposici\u00f3n del \u00e1rbol, un informe de un arborista que registre los motivos de la eliminaci\u00f3n y planos de paisaje si se requiere mitigaci\u00f3n de la cubierta de los \u00e1rboles.<\/p>\n\t\t\t\t\t\t<h4>\u00bfQui\u00e9n debe completar el Informe del Arborista?<\/h4>\n\t\t\t<p>El informe del arborista debe ser completado por un arborista actual y certificado por la ISA (Sociedad Internacional de Arboricultura) o la ASCA (Sociedad Americana de Arboristas Consultores).<\/p>\n\t\t\t\t\t\t<h4>\u00bfQu\u00e9 es una disposici\u00f3n de \u00e1rbol?<\/h4>\n\t\t\t<p>Una disposici\u00f3n de \u00e1rboles es un inventario de todos los \u00e1rboles\/palmeras existentes que se muestran en el estudio de \u00e1rboles y\/o en los planos del paisaje.\u00a0<\/p>\n<p>El plan de disposici\u00f3n del \u00e1rbol deber\u00e1 contener la siguiente informaci\u00f3n b\u00e1sica: nombre com\u00fan, nombre cient\u00edfico, altura, ancho, di\u00e1metro del tronco a la altura del pecho (en pulgadas), una evaluaci\u00f3n de salud de nivel 1 realizada por un arbolista certificado, y si la propiedad planea retirar, reubicar o conservar el \u00e1rbol o la palmera. El \u00e1rbol o la palmera deber\u00e1 estar numerado y su ubicaci\u00f3n dentro de la propiedad deber\u00e1 estar representada con precisi\u00f3n en el catastro presentado o en un plan de disposici\u00f3n de \u00e1rboles por separado.\u00a0<\/p>\n\t\t\t\t\t\t<h4>\u00bfQu\u00e9 se necesita para conservar los \u00e1rboles durante la construcci\u00f3n?<\/h4>\n\t\t\t<p>Se requiere protecci\u00f3n de los \u00e1rboles para que todos los \u00e1rboles y palmeras \u201cpermanezcan\u201d durante la construcci\u00f3n.\u00a0<\/p>\n<p>Los detalles del plan de protecci\u00f3n de \u00e1rboles aprobado por la ciudad deben incluirse en la disposici\u00f3n del \u00e1rbol o en otra parte del conjunto completo del plan de paisaje.<\/p>\n<p>La protecci\u00f3n de los \u00e1rboles se incluir\u00e1 en el estudio de los \u00e1rboles o en la disposici\u00f3n de los \u00e1rboles a escala del plan en la medida requerida por el C\u00f3digo de la Ciudad. \u00a0<\/p>\n\t\t\t\t\t\t<h4>\u00bfC\u00f3mo puedo solicitar un permiso?<\/h4>\n\t\t\t<p>La Divisi\u00f3n de Silvicultura Urbana de la Ciudad de Miami Beach ha pasado a un proceso de solicitud sin papel.<\/p>\n<p><strong><a href=\"https:\/\/energovcss.miamibeachfl.gov\/EnerGovProd\/SelfService\/#\/home\">Cree una solicitud de permiso en l\u00ednea, cargue documentos y administre su permiso utilizando nuestro sistema de permisos en l\u00ednea a trav\u00e9s del portal de Autoservicio Ciudadano (CSS).<\/a><\/strong><\/p>\n<p><a href=\"https:\/\/www.miamibeachfl.gov\/es\/city-hall\/environmental-sustainability\/urban-forestry\/plant-a-tree\/\"><strong>Para evitar demoras en el procesamiento de su permiso, es imperativo que siga las pautas descritas en INFORMACI\u00d3N SOBRE PERMISOS DE TRABAJO EN \u00c1RBOLES.<\/strong><\/a><\/p>\n\t\t\t\t\t\t<h4>\u00bfEs requerido por c\u00f3digo una carta de protecci\u00f3n de \u00e1rboles?<\/h4>\n\t\t\t<p>La protecci\u00f3n de los \u00e1rboles es requerida por el C\u00f3digo de la Ciudad en la secci\u00f3n 46-62 del c\u00f3digo.<\/p>\n<p>La Divisi\u00f3n de Silvicultura Urbana requiere una Carta de Protecci\u00f3n de \u00c1rboles firmada por el propietario de la propiedad para todos los trabajos de construcci\u00f3n que no sean \u00e1rboles donde las actividades relacionadas con la construcci\u00f3n puedan afectar los \u00e1rboles, las palmeras y sus sistemas de ra\u00edces. El fracaso de un equipo de construcci\u00f3n para proteger los \u00e1rboles y las palmeras puede ser causa de una violaci\u00f3n por abuso de \u00e1rboles y\/o de que se declare que un \u00e1rbol previamente sano ahora est\u00e1 efectivamente destruido. <\/p>\n\t\t\t\t\t\t<h4>\u00bfCu\u00e1les son las especificaciones para el detalle de protecci\u00f3n de \u00e1rboles aprobado?<\/h4>\n\t\t\t<p>La protecci\u00f3n para \u00e1rboles aprobada por la Ciudad de Miami Beach debe construirse seg\u00fan las especificaciones del c\u00f3digo municipal. Esto incluye una estructura de 2\u00d74 con travesa\u00f1os laterales de 2x2 que protegen la zona cr\u00edtica de las ra\u00edces o una estructura de cerca de alambre.<\/p>\n\t\t\t\t\t\t<h4>\u00bfPor qu\u00e9 no puedo subir los documentos solicitados al portal?<\/h4>\n\t\t\t<p>Sus planos\/permisos se encuentran actualmente en el ciclo de revisi\u00f3n del Departamento de Edificaci\u00f3n. Deber\u00e1 esperar a que todas las divisiones los revisen antes de poder enviar los documentos solicitados.<\/p>\n<p>Los permisos de trabajo de \u00e1rboles en silvicultura urbana est\u00e1n siempre abiertos y los documentos se pueden presentar en cualquier momento.<\/p>\n\t\t\t\t\t\t<h4>\u00bfCuanto cuestan las tarifas del permiso?<\/h4>\n\t\t\t<p><a href=\"https:\/\/www.miamibeachfl.gov\/es\/city-hall\/environmental-sustainability\/urban-forestry\/\"><strong>Visite el sitio web de la Divisi\u00f3n de Silvicultura Urbana de la Ciudad de Miami Beach para obtener m\u00e1s informaci\u00f3n.<\/strong><\/a><\/p>\n\t\t\t\t\t\t<h4>\u00bfPuedes revisar mi permiso antes de (establecer fecha)?<\/h4>\n\t\t\t<p>Las solicitudes de permisos se revisan en el orden en que se enviaron para ser equitativos para todos los solicitantes; sin embargo, las Divisiones de Silvicultura Urbana y Medio Ambiente intentan completar las revisiones lo m\u00e1s r\u00e1pidamente posible.<\/p>\n\t\t\t\t\t\t<h4>\u00bfTengo que levantar mi malec\u00f3n incluso si solo estoy haciendo una reparaci\u00f3n menor en \u00e9l?<\/h4>\n\t\t\t<p>S\u00ed, siempre que el malec\u00f3n existente requiera reparaciones sustanciales (es decir, cualquier mejora y\/o reparaci\u00f3n del malec\u00f3n existente con un costo de $300 o m\u00e1s por pie lineal).<\/p>\n\t\t\t\t\t\t<h4>\u00bfPor qu\u00e9 necesito presentar un costo detallado de construcci\u00f3n para la reparaci\u00f3n de mi malec\u00f3n?<\/h4>\n\t\t\t<p>Determinar si la obra del malec\u00f3n cumple con los requisitos de elevaci\u00f3n de la Ordenanza del Malec\u00f3n 2021-4393.<\/p>\n\t\t\t\t\t\t<h4>\u00bfQu\u00e9 son las &quot;notas&quot; en los comentarios ambientales que solicitan la declaraci\u00f3n jurada de sedimentos y erosi\u00f3n y las notas que se deben incluir con los planes?<\/h4>\n\t\t\t<p>Las notas se incluyen en el formulario de declaraci\u00f3n jurada, despu\u00e9s de la p\u00e1gina de firmas. Estas notas pueden presentarse como parte del formulario de declaraci\u00f3n jurada o a\u00f1adirse a los planos (generalmente, hojas civiles).<\/p>\n\t\t\t\t\t\t<h4>\u00bfPor qu\u00e9 necesito presentar la Declaraci\u00f3n Jurada de Control de Erosi\u00f3n y Sedimentos del Sitio de Construcci\u00f3n si solo estoy haciendo una reparaci\u00f3n\/trabajo menor?<\/h4>\n\t\t\t<p>La Declaraci\u00f3n Jurada de Control de Erosi\u00f3n y Sedimentos del Sitio de Construcci\u00f3n es necesaria para toda actividad que altere la tierra seg\u00fan la Ordenanza de Calidad del Agua No. 2021-4435.<\/p>\n\t<div class=\"page-navigation\"><a class=\"prev-page\" href=\"https:\/\/www.miamibeachfl.gov\/es\/city-hall\/finance\/financial-documents\/2024-financial-reports\/\">\u2190 Informes financieros del ejercicio fiscal finalizado el 30 de septiembre de 2024<\/a> <a class=\"next-page\" href=\"https:\/\/www.miamibeachfl.gov\/es\/art-week-miami-beach\/artweek-free-transportation\/\">Transporte gratuito durante la Semana del Arte \u2192<\/a><\/div>","protected":false},"excerpt":{"rendered":"<p>Home &gt; City Hall &gt; Environment &#038; Sustainability &gt; Environmental &amp; Sustainability Permitting FAQs Permitting FAQs How long does it [&hellip;]<\/p>\n","protected":false},"author":222,"featured_media":383955,"parent":28598,"menu_order":3,"comment_status":"closed","ping_status":"closed","template":"","meta":{"_searchwp_excluded":"","site-sidebar-layout":"default","site-content-layout":"","ast-site-content-layout":"default","site-content-style":"default","site-sidebar-style":"default","ast-global-header-display":"","ast-banner-title-visibility":"","ast-main-header-display":"","ast-hfb-above-header-display":"","ast-hfb-below-header-display":"","ast-hfb-mobile-header-display":"","site-post-title":"","ast-breadcrumbs-content":"","ast-featured-img":"","footer-sml-layout":"","theme-transparent-header-meta":"","adv-header-id-meta":"","stick-header-meta":"","header-above-stick-meta":"","header-main-stick-meta":"","header-below-stick-meta":"","astra-migrate-meta-layouts":"default","ast-page-background-enabled":"default","ast-page-background-meta":{"desktop":{"background-color":"var(--ast-global-color-5)","background-image":"","background-repeat":"repeat","background-position":"center center","background-size":"auto","background-attachment":"scroll","background-type":"","background-media":"","overlay-type":"","overlay-color":"","overlay-opacity":"","overlay-gradient":""},"tablet":{"background-color":"","background-image":"","background-repeat":"repeat","background-position":"center center","background-size":"auto","background-attachment":"scroll","background-type":"","background-media":"","overlay-type":"","overlay-color":"","overlay-opacity":"","overlay-gradient":""},"mobile":{"background-color":"","background-image":"","background-repeat":"repeat","background-position":"center center","background-size":"auto","background-attachment":"scroll","background-type":"","background-media":"","overlay-type":"","overlay-color":"","overlay-opacity":"","overlay-gradient":""}},"ast-content-background-meta":{"desktop":{"background-color":"var(--ast-global-color-4)","background-image":"","background-repeat":"repeat","background-position":"center center","background-size":"auto","background-attachment":"scroll","background-type":"","background-media":"","overlay-type":"","overlay-color":"","overlay-opacity":"","overlay-gradient":""},"tablet":{"background-color":"var(--ast-global-color-4)","background-image":"","background-repeat":"repeat","background-position":"center center","background-size":"auto","background-attachment":"scroll","background-type":"","background-media":"","overlay-type":"","overlay-color":"","overlay-opacity":"","overlay-gradient":""},"mobile":{"background-color":"var(--ast-global-color-4)","background-image":"","background-repeat":"repeat","background-position":"center center","background-size":"auto","background-attachment":"scroll","background-type":"","background-media":"","overlay-type":"","overlay-color":"","overlay-opacity":"","overlay-gradient":""}},"footnotes":""},"categories":[],"tags":[1818],"class_list":["post-386587","page","type-page","status-publish","has-post-thumbnail","hentry","tag-environmental-and-sustainability-permits-faqs"],"yoast_head":"<!-- This site is optimized with the Yoast SEO Premium plugin v27.4 (Yoast SEO v27.4) - https:\/\/yoast.com\/product\/yoast-seo-premium-wordpress\/ -->\n<title>Environmental &amp; Sustainability Permitting FAQs - City of Miami Beach<\/title>\n<meta name=\"description\" content=\"%\" \/>\n<meta name=\"robots\" content=\"index, follow, max-snippet:-1, max-image-preview:large, max-video-preview:-1\" \/>\n<link rel=\"canonical\" href=\"https:\/\/www.miamibeachfl.gov\/es\/city-hall\/environmental-sustainability\/permitting-faqs\/\" \/>\n<meta property=\"og:locale\" content=\"es_ES\" \/>\n<meta property=\"og:type\" content=\"article\" \/>\n<meta property=\"og:title\" content=\"Environmental &amp; Sustainability Permitting FAQs\" \/>\n<meta property=\"og:description\" content=\"%\" \/>\n<meta property=\"og:url\" content=\"https:\/\/www.miamibeachfl.gov\/es\/city-hall\/environmental-sustainability\/permitting-faqs\/\" \/>\n<meta property=\"og:site_name\" content=\"City of Miami Beach\" \/>\n<meta property=\"article:publisher\" content=\"https:\/\/www.facebook.com\/cityofmiamibeach\" \/>\n<meta property=\"article:modified_time\" content=\"2025-07-14T18:04:02+00:00\" \/>\n<meta property=\"og:image\" content=\"https:\/\/www.miamibeachfl.gov\/wp-content\/uploads\/2025\/06\/Parks-Gallery-2-SouthPointePark-optimized.jpg\" \/>\n\t<meta property=\"og:image:width\" content=\"400\" \/>\n\t<meta property=\"og:image:height\" content=\"400\" \/>\n\t<meta property=\"og:image:type\" content=\"image\/jpeg\" \/>\n<meta name=\"twitter:card\" content=\"summary_large_image\" \/>\n<meta name=\"twitter:site\" content=\"@Miamibeachnews\" \/>\n<script type=\"application\/ld+json\" class=\"yoast-schema-graph\">{\"@context\":\"https:\\\/\\\/schema.org\",\"@graph\":[{\"@type\":\"WebPage\",\"@id\":\"https:\\\/\\\/www.miamibeachfl.gov\\\/city-hall\\\/environmental-sustainability\\\/permitting-faqs\\\/\",\"url\":\"https:\\\/\\\/www.miamibeachfl.gov\\\/city-hall\\\/environmental-sustainability\\\/permitting-faqs\\\/\",\"name\":\"Environmental &amp; Sustainability Permitting FAQs - City of Miami Beach\",\"isPartOf\":{\"@id\":\"https:\\\/\\\/www.miamibeachfl.gov\\\/#website\"},\"primaryImageOfPage\":{\"@id\":\"https:\\\/\\\/www.miamibeachfl.gov\\\/city-hall\\\/environmental-sustainability\\\/permitting-faqs\\\/#primaryimage\"},\"image\":{\"@id\":\"https:\\\/\\\/www.miamibeachfl.gov\\\/city-hall\\\/environmental-sustainability\\\/permitting-faqs\\\/#primaryimage\"},\"thumbnailUrl\":\"https:\\\/\\\/www.miamibeachfl.gov\\\/wp-content\\\/uploads\\\/2025\\\/06\\\/Parks-Gallery-2-SouthPointePark-optimized.jpg\",\"datePublished\":\"2025-07-14T17:49:28+00:00\",\"dateModified\":\"2025-07-14T18:04:02+00:00\",\"description\":\"%\",\"breadcrumb\":{\"@id\":\"https:\\\/\\\/www.miamibeachfl.gov\\\/city-hall\\\/environmental-sustainability\\\/permitting-faqs\\\/#breadcrumb\"},\"inLanguage\":\"es\",\"potentialAction\":[{\"@type\":\"ReadAction\",\"target\":[\"https:\\\/\\\/www.miamibeachfl.gov\\\/city-hall\\\/environmental-sustainability\\\/permitting-faqs\\\/\"]}]},{\"@type\":\"ImageObject\",\"inLanguage\":\"es\",\"@id\":\"https:\\\/\\\/www.miamibeachfl.gov\\\/city-hall\\\/environmental-sustainability\\\/permitting-faqs\\\/#primaryimage\",\"url\":\"https:\\\/\\\/www.miamibeachfl.gov\\\/wp-content\\\/uploads\\\/2025\\\/06\\\/Parks-Gallery-2-SouthPointePark-optimized.jpg\",\"contentUrl\":\"https:\\\/\\\/www.miamibeachfl.gov\\\/wp-content\\\/uploads\\\/2025\\\/06\\\/Parks-Gallery-2-SouthPointePark-optimized.jpg\",\"width\":400,\"height\":400,\"caption\":\"aerial view of southpoint park beachwalk\"},{\"@type\":\"BreadcrumbList\",\"@id\":\"https:\\\/\\\/www.miamibeachfl.gov\\\/city-hall\\\/environmental-sustainability\\\/permitting-faqs\\\/#breadcrumb\",\"itemListElement\":[{\"@type\":\"ListItem\",\"position\":1,\"name\":\"Home\",\"item\":\"https:\\\/\\\/www.miamibeachfl.gov\\\/\"},{\"@type\":\"ListItem\",\"position\":2,\"name\":\"City Hall\",\"item\":\"https:\\\/\\\/www.miamibeachfl.gov\\\/city-hall\\\/\"},{\"@type\":\"ListItem\",\"position\":3,\"name\":\"Environment &#038; Sustainability\",\"item\":\"https:\\\/\\\/www.miamibeachfl.gov\\\/city-hall\\\/environmental-sustainability\\\/\"},{\"@type\":\"ListItem\",\"position\":4,\"name\":\"Environmental &amp; Sustainability Permitting FAQs\"}]},{\"@type\":\"WebSite\",\"@id\":\"https:\\\/\\\/www.miamibeachfl.gov\\\/#website\",\"url\":\"https:\\\/\\\/www.miamibeachfl.gov\\\/\",\"name\":\"City of Miami Beach\",\"description\":\"The official website of the City of Miami Beach. Stay informed, find important information on city services, news, alerts, events, trolley routes, government employment and more.\",\"publisher\":{\"@id\":\"https:\\\/\\\/www.miamibeachfl.gov\\\/#organization\"},\"potentialAction\":[{\"@type\":\"SearchAction\",\"target\":{\"@type\":\"EntryPoint\",\"urlTemplate\":\"https:\\\/\\\/www.miamibeachfl.gov\\\/?s={search_term_string}\"},\"query-input\":{\"@type\":\"PropertyValueSpecification\",\"valueRequired\":true,\"valueName\":\"search_term_string\"}}],\"inLanguage\":\"es\"},{\"@type\":\"Organization\",\"@id\":\"https:\\\/\\\/www.miamibeachfl.gov\\\/#organization\",\"name\":\"City of Miami Beach\",\"url\":\"https:\\\/\\\/www.miamibeachfl.gov\\\/\",\"logo\":{\"@type\":\"ImageObject\",\"inLanguage\":\"es\",\"@id\":\"https:\\\/\\\/www.miamibeachfl.gov\\\/#\\\/schema\\\/logo\\\/image\\\/\",\"url\":\"https:\\\/\\\/www.miamibeachfl.gov\\\/wp-content\\\/uploads\\\/2022\\\/06\\\/miamibeach-logoblue.png\",\"contentUrl\":\"https:\\\/\\\/www.miamibeachfl.gov\\\/wp-content\\\/uploads\\\/2022\\\/06\\\/miamibeach-logoblue.png\",\"width\":1962,\"height\":381,\"caption\":\"City of Miami Beach\"},\"image\":{\"@id\":\"https:\\\/\\\/www.miamibeachfl.gov\\\/#\\\/schema\\\/logo\\\/image\\\/\"},\"sameAs\":[\"https:\\\/\\\/www.facebook.com\\\/cityofmiamibeach\",\"https:\\\/\\\/x.com\\\/Miamibeachnews\",\"https:\\\/\\\/www.instagram.com\\\/miamibeachnews\\\/\"],\"description\":\"The official website of the City of Miami Beach. Stay informed, find important information on city services, news, alerts, events, trolley routes, government employment and more.\",\"telephone\":\"305.604.CITY(2489)\",\"legalName\":\"City of Miami Beach\"}]}<\/script>\n<!-- \/ Yoast SEO Premium plugin. -->","yoast_head_json":{"title":"Environmental &amp; Sustainability Permitting FAQs - City of Miami Beach","description":"%","robots":{"index":"index","follow":"follow","max-snippet":"max-snippet:-1","max-image-preview":"max-image-preview:large","max-video-preview":"max-video-preview:-1"},"canonical":"https:\/\/www.miamibeachfl.gov\/es\/city-hall\/environmental-sustainability\/permitting-faqs\/","og_locale":"es_ES","og_type":"article","og_title":"Environmental &amp; Sustainability Permitting FAQs","og_description":"%","og_url":"https:\/\/www.miamibeachfl.gov\/es\/city-hall\/environmental-sustainability\/permitting-faqs\/","og_site_name":"City of Miami Beach","article_publisher":"https:\/\/www.facebook.com\/cityofmiamibeach","article_modified_time":"2025-07-14T18:04:02+00:00","og_image":[{"width":400,"height":400,"url":"https:\/\/www.miamibeachfl.gov\/wp-content\/uploads\/2025\/06\/Parks-Gallery-2-SouthPointePark-optimized.jpg","type":"image\/jpeg"}],"twitter_card":"summary_large_image","twitter_site":"@Miamibeachnews","schema":{"@context":"https:\/\/schema.org","@graph":[{"@type":"WebPage","@id":"https:\/\/www.miamibeachfl.gov\/city-hall\/environmental-sustainability\/permitting-faqs\/","url":"https:\/\/www.miamibeachfl.gov\/city-hall\/environmental-sustainability\/permitting-faqs\/","name":"Environmental &amp; Sustainability Permitting FAQs - City of Miami Beach","isPartOf":{"@id":"https:\/\/www.miamibeachfl.gov\/#website"},"primaryImageOfPage":{"@id":"https:\/\/www.miamibeachfl.gov\/city-hall\/environmental-sustainability\/permitting-faqs\/#primaryimage"},"image":{"@id":"https:\/\/www.miamibeachfl.gov\/city-hall\/environmental-sustainability\/permitting-faqs\/#primaryimage"},"thumbnailUrl":"https:\/\/www.miamibeachfl.gov\/wp-content\/uploads\/2025\/06\/Parks-Gallery-2-SouthPointePark-optimized.jpg","datePublished":"2025-07-14T17:49:28+00:00","dateModified":"2025-07-14T18:04:02+00:00","description":"%","breadcrumb":{"@id":"https:\/\/www.miamibeachfl.gov\/city-hall\/environmental-sustainability\/permitting-faqs\/#breadcrumb"},"inLanguage":"es","potentialAction":[{"@type":"ReadAction","target":["https:\/\/www.miamibeachfl.gov\/city-hall\/environmental-sustainability\/permitting-faqs\/"]}]},{"@type":"ImageObject","inLanguage":"es","@id":"https:\/\/www.miamibeachfl.gov\/city-hall\/environmental-sustainability\/permitting-faqs\/#primaryimage","url":"https:\/\/www.miamibeachfl.gov\/wp-content\/uploads\/2025\/06\/Parks-Gallery-2-SouthPointePark-optimized.jpg","contentUrl":"https:\/\/www.miamibeachfl.gov\/wp-content\/uploads\/2025\/06\/Parks-Gallery-2-SouthPointePark-optimized.jpg","width":400,"height":400,"caption":"aerial view of southpoint park beachwalk"},{"@type":"BreadcrumbList","@id":"https:\/\/www.miamibeachfl.gov\/city-hall\/environmental-sustainability\/permitting-faqs\/#breadcrumb","itemListElement":[{"@type":"ListItem","position":1,"name":"Home","item":"https:\/\/www.miamibeachfl.gov\/"},{"@type":"ListItem","position":2,"name":"City Hall","item":"https:\/\/www.miamibeachfl.gov\/city-hall\/"},{"@type":"ListItem","position":3,"name":"Environment &#038; Sustainability","item":"https:\/\/www.miamibeachfl.gov\/city-hall\/environmental-sustainability\/"},{"@type":"ListItem","position":4,"name":"Environmental &amp; Sustainability Permitting FAQs"}]},{"@type":"WebSite","@id":"https:\/\/www.miamibeachfl.gov\/#website","url":"https:\/\/www.miamibeachfl.gov\/","name":"Ciudad de Miami Beach","description":"Sitio web oficial de la Ciudad de Miami Beach. Mant\u00e9ngase informado, encuentre informaci\u00f3n importante sobre servicios municipales, noticias, alertas, eventos, rutas de tranv\u00edas, empleos gubernamentales y m\u00e1s.","publisher":{"@id":"https:\/\/www.miamibeachfl.gov\/#organization"},"potentialAction":[{"@type":"SearchAction","target":{"@type":"EntryPoint","urlTemplate":"https:\/\/www.miamibeachfl.gov\/?s={search_term_string}"},"query-input":{"@type":"PropertyValueSpecification","valueRequired":true,"valueName":"search_term_string"}}],"inLanguage":"es"},{"@type":"Organization","@id":"https:\/\/www.miamibeachfl.gov\/#organization","name":"Ciudad de Miami Beach","url":"https:\/\/www.miamibeachfl.gov\/","logo":{"@type":"ImageObject","inLanguage":"es","@id":"https:\/\/www.miamibeachfl.gov\/#\/schema\/logo\/image\/","url":"https:\/\/www.miamibeachfl.gov\/wp-content\/uploads\/2022\/06\/miamibeach-logoblue.png","contentUrl":"https:\/\/www.miamibeachfl.gov\/wp-content\/uploads\/2022\/06\/miamibeach-logoblue.png","width":1962,"height":381,"caption":"City of Miami Beach"},"image":{"@id":"https:\/\/www.miamibeachfl.gov\/#\/schema\/logo\/image\/"},"sameAs":["https:\/\/www.facebook.com\/cityofmiamibeach","https:\/\/x.com\/Miamibeachnews","https:\/\/www.instagram.com\/miamibeachnews\/"],"description":"Sitio web oficial de la Ciudad de Miami Beach. Mant\u00e9ngase informado, encuentre informaci\u00f3n importante sobre servicios municipales, noticias, alertas, eventos, rutas de tranv\u00edas, empleos gubernamentales y m\u00e1s.","telephone":"305.604.CITY(2489)","legalName":"City of Miami Beach"}]}},"_links":{"self":[{"href":"https:\/\/www.miamibeachfl.gov\/es\/wp-json\/wp\/v2\/pages\/386587","targetHints":{"allow":["GET"]}}],"collection":[{"href":"https:\/\/www.miamibeachfl.gov\/es\/wp-json\/wp\/v2\/pages"}],"about":[{"href":"https:\/\/www.miamibeachfl.gov\/es\/wp-json\/wp\/v2\/types\/page"}],"author":[{"embeddable":true,"href":"https:\/\/www.miamibeachfl.gov\/es\/wp-json\/wp\/v2\/users\/222"}],"replies":[{"embeddable":true,"href":"https:\/\/www.miamibeachfl.gov\/es\/wp-json\/wp\/v2\/comments?post=386587"}],"version-history":[{"count":3,"href":"https:\/\/www.miamibeachfl.gov\/es\/wp-json\/wp\/v2\/pages\/386587\/revisions"}],"predecessor-version":[{"id":386599,"href":"https:\/\/www.miamibeachfl.gov\/es\/wp-json\/wp\/v2\/pages\/386587\/revisions\/386599"}],"up":[{"embeddable":true,"href":"https:\/\/www.miamibeachfl.gov\/es\/wp-json\/wp\/v2\/pages\/28598"}],"wp:featuredmedia":[{"embeddable":true,"href":"https:\/\/www.miamibeachfl.gov\/es\/wp-json\/wp\/v2\/media\/383955"}],"wp:attachment":[{"href":"https:\/\/www.miamibeachfl.gov\/es\/wp-json\/wp\/v2\/media?parent=386587"}],"wp:term":[{"taxonomy":"category","embeddable":true,"href":"https:\/\/www.miamibeachfl.gov\/es\/wp-json\/wp\/v2\/categories?post=386587"},{"taxonomy":"post_tag","embeddable":true,"href":"https:\/\/www.miamibeachfl.gov\/es\/wp-json\/wp\/v2\/tags?post=386587"}],"curies":[{"name":"gracias","href":"https:\/\/api.w.org\/{rel}","templated":true}]}}