{"id":38736,"date":"2017-10-20T15:07:14","date_gmt":"2017-10-20T19:07:14","guid":{"rendered":"http:\/\/www.miamibeachfl.gov\/city-hall\/public-works\/elevator-division\/elevator-faqs\/"},"modified":"2026-03-03T10:24:39","modified_gmt":"2026-03-03T15:24:39","slug":"elevator-faqs","status":"publish","type":"page","link":"https:\/\/www.miamibeachfl.gov\/es\/city-hall\/public-works\/elevator-division\/elevator-faqs\/","title":{"rendered":"Preguntas frecuentes sobre ascensores"},"content":{"rendered":"<img decoding=\"async\" src=\"https:\/\/www.miamibeachfl.gov\/wp-content\/uploads\/2022\/07\/hero-small.jpg\" alt=\"ocean drive art deco buildings\" itemprop=\"image\" height=\"211\" width=\"2395\" title=\"h\u00e9roe peque\u00f1o\" onerror=\"this.style.display='none'\" loading=\"lazy\" \/>\n<h1>\n\t\t\tPreguntas frecuentes sobre ascensores\t<\/h1>\n\t<nav id=\"breadcrumbs\" aria-label=\"Pan rallado\"><a href=\"https:\/\/www.miamibeachfl.gov\/es\/\">Hogar<\/a> &gt; <a href=\"https:\/\/www.miamibeachfl.gov\/es\/city-hall\/\">Ayuntamiento<\/a> &gt; <a href=\"https:\/\/www.miamibeachfl.gov\/es\/city-hall\/public-works\/\">Obras p\u00fablicas<\/a> &gt; <a href=\"https:\/\/www.miamibeachfl.gov\/es\/city-hall\/public-works\/elevator-division\/\">Divisi\u00f3n de Ascensores<\/a> &gt; <strong>Preguntas frecuentes sobre ascensores<\/strong><\/nav>\n\t<strong>\u00bfPor qu\u00e9 existe un Certificado de Funcionamiento en el Ascensor?<br \/>\n<\/strong>El Certificado de Operaci\u00f3n es una licencia que permite operar su elevador. Se emite despu\u00e9s de que su elevador supere una inspecci\u00f3n de seguridad.<strong>\u00bfCu\u00e1l es la diferencia entre un Certificado de Operaci\u00f3n de Ascensor y un Permiso de Ascensor?<br \/>\n<\/strong>Se requiere un permiso para instalar un nuevo elevador o para realizar reparaciones o modificaciones a uno existente. Un Certificado de Operaci\u00f3n es una licencia para operar el elevador. Solo un contratista de ascensores con licencia puede solicitar un permiso.<strong>\u00bfCuando vence el Certificado de Operaci\u00f3n?<br \/>\n<\/strong>La fecha de vencimiento del certificado se generar\u00e1 a partir de la \u00faltima inspecci\u00f3n y prueba realizada y seguir\u00e1 siendo la misma cada a\u00f1o. Consulte la <a href=\"http:\/\/www.miamibeachfl.gov\/wp-content\/uploads\/2018\/06\/MIAMI-BEACH-ELEVATOR-CERTIFICATE-OF-OPERATION-NEW-POLICY-AND-PROCEDURE.pdf\">Certificado de funcionamiento del ascensor de Miami Beach: nueva pol\u00edtica y procedimiento\u00a0<\/a>\u00a0Formulario para m\u00e1s informaci\u00f3n.\n<p><strong>\u00bfSe requiere alg\u00fan pago para recibir el Certificado de Operaci\u00f3n?<\/strong><\/p>\n<p>S\u00ed, se requiere un pago anual por cada unidad. Le enviaremos una factura con un formulario de renovaci\u00f3n cada a\u00f1o. Incluya el formulario de renovaci\u00f3n (incluyendo cualquier cambio de propietario, administraci\u00f3n o empresa de mantenimiento) con su pago y env\u00edenoslo por correo.<\/p>\n\u200b\u200b\u200b<strong>\u200b<\/strong><strong>\u00bfQu\u00e9 pasa si el Certificado de Operaci\u00f3n ha expirado?<br \/>\n<\/strong>Esto es una violaci\u00f3n. Inmediatamente <strong>Cont\u00e1ctanos<\/strong> Para saber c\u00f3mo obtener un certificado vigente. De no hacerlo, se aplicar\u00e1n cargos por demora y posibles multas.<strong>\u200b<\/strong><strong>\u00bfQu\u00e9 dispositivos de elevaci\u00f3n requieren un Certificado de Operaci\u00f3n?<br \/>\n<\/strong>Todos los ascensores comerciales, elevadores para sillas de ruedas\/escaleras, escaleras mec\u00e1nicas, pasillos m\u00f3viles, montaplatos y dispositivos de uso limitado y acceso limitado (LULA) en la ciudad de Miami Beach requieren un Certificado de Operaci\u00f3n.<strong>\u200b<\/strong><strong>\u00bfLos dispositivos de elevaci\u00f3n requieren una inspecci\u00f3n anual?<br \/>\n<\/strong>S\u00ed, los dispositivos de elevaci\u00f3n deben someterse anualmente a pruebas de seguridad. Es su responsabilidad contratar a una empresa de mantenimiento de ascensores autorizada para que realice estas pruebas en el plazo de un a\u00f1o a partir de su \u00faltima inspecci\u00f3n. Todos los dispositivos de elevaci\u00f3n deben aprobar una inspecci\u00f3n anual, corrigiendo cualquier infracci\u00f3n, antes de que se emita un Certificado de Operaci\u00f3n.<strong>\u200b<\/strong><strong>\u00bfQu\u00e9 pasa si no se realiza la inspecci\u00f3n anual?<br \/>\n<\/strong>Si no inspecciona su dispositivo, podr\u00e1 recibir sanciones y multas y, si es necesario, podr\u00e1 ser apagado.<strong>\u200b<\/strong><strong>\u00bfQu\u00e9 sucede si se detectan infracciones durante una inspecci\u00f3n anual?<br \/>\n<\/strong>Todas las infracciones se anotan en el informe de inspecci\u00f3n. Debe corregir todas las infracciones y volver a ser inspeccionado dentro de <strong>90 d\u00edas<\/strong> De la inspecci\u00f3n. Debe corregir todas las infracciones antes de que se emita un Certificado de Operaci\u00f3n vigente.<strong>\u200b<\/strong><strong>\u00bfQu\u00e9 pasa si las violaciones no se corrigen en 90 d\u00edas o en absoluto?<br \/>\n<\/strong>El incumplimiento dentro de los 90 d\u00edas puede estar sujeto a sanciones y multas y, si es necesario, su dispositivo puede ser apagado.<strong>\u00bfQui\u00e9n es responsable de corregir las violaciones?<br \/>\n<\/strong>Usted es responsable de corregir todas las infracciones; sin embargo, su contrato de mantenimiento de ascensores podr\u00eda cubrir la reparaci\u00f3n de algunas o todas las infracciones. Debe contactar a su compa\u00f1\u00eda de ascensores para determinar qui\u00e9n es responsable: usted, la compa\u00f1\u00eda de ascensores o ambos.<strong>\u200b<\/strong><strong>\u00bfQu\u00e9 sucede despu\u00e9s de corregir todas las violaciones?<br \/>\n<\/strong>Una vez corregidas todas las infracciones, usted o el administrador de su edificio deben firmar y fechar la parte inferior de la copia amarilla del informe de inspecci\u00f3n, garantizando que se corrigieron todas las infracciones, y devolvernos el informe dentro de los 90 d\u00edas posteriores a la inspecci\u00f3n. Si su dispositivo tiene un Certificado de Operaci\u00f3n vencido, emitiremos uno nuevo una vez que se haya pagado la tarifa de renovaci\u00f3n y se hayan resuelto los dem\u00e1s problemas pertinentes.<strong>\u200b<\/strong><strong>\u00bfQu\u00e9 pasa si corregir ciertas violaciones requiere m\u00e1s de 90 d\u00edas?<br \/>\n<\/strong>Podemos ayudarle a buscar una <strong>Variaci\u00f3n temporal<\/strong>, lo que puede extender su tiempo para cumplir m\u00e1s all\u00e1 de 90 d\u00edas.<strong>\u200b<\/strong><strong>\u00bfQu\u00e9 es una varianza?<br \/>\n<\/strong>Es un permiso oficial de nuestra parte que extiende el per\u00edodo de 90 d\u00edas que exige la ley de Florida, en el que puede realizar todas las reparaciones y correcciones necesarias a su dispositivo de elevaci\u00f3n.<strong>\u200b<\/strong><strong>\u00bfEs necesario mantener actualizada toda la informaci\u00f3n de contacto del propietario con la Secci\u00f3n de Ascensores?<br \/>\n<\/strong>S\u00ed. Deber\u00edamos poder contactarle para determinar y garantizar el funcionamiento seguro de su dispositivo. Si no mantiene actualizada su informaci\u00f3n y la de la empresa de mantenimiento de ascensores, podr\u00eda recibir multas administrativas y cualquier otra sanci\u00f3n legal. Si tiene alguna pregunta sobre ascensores, no dude en enviarla por correo electr\u00f3nico a:<br \/>\nJoey Gan, inspector jefe de ascensores<br \/>\n<a href=\"mailto:Joeygan@miamibeachfl.gov\">Joeygan@miamibeachfl.gov<\/a>\n\t\tNavegar a\u2026\t\t\t\n\t\t\t\t\t<ul id=\"menu-public-works-elevator\"><li id=\"menu-item-364284\"><a href=\"\/es\/city-hall\/public-works\/elevator-division\/elevator-faqs\/\">Preguntas frecuentes sobre ascensores<\/a><\/li>\n<li id=\"menu-item-364285\"><a href=\"\/es\/city-hall\/public-works\/elevator-division\/elevator-forms\/\">Formularios de ascensor<\/a><\/li>\n<li id=\"menu-item-364286\"><a href=\"\/es\/city-hall\/public-works\/elevator-division\/elevator-permit\/\">Permiso de ascensor<\/a><\/li>\n<li id=\"menu-item-364288\"><a href=\"\/es\/city-hall\/public-works\/elevator-division\/elevator-status-fees\/\">Tarifas por estado del ascensor<\/a><\/li>\n<li id=\"menu-item-364289\"><a href=\"\/es\/city-hall\/public-works\/elevator-division\/regulations-requirements\/\">Reglamentos y requisitos<\/a><\/li>\n<li id=\"menu-item-364290\"><a href=\"\/es\/city-hall\/public-works\/elevator-division\/prescriptive-based-process\/\">Notificaci\u00f3n de accidentes de ascensor<\/a><\/li>\n<li id=\"menu-item-364291\"><a href=\"\/es\/city-hall\/public-works\/elevator-division\/requesting-an-inspection\/\">Solicitar una inspecci\u00f3n<\/a><\/li>\n<\/ul>\t\n\t<div class=\"page-navigation\"><a class=\"prev-page\" href=\"https:\/\/www.miamibeachfl.gov\/es\/city-hall\/public-works\/elevator-division\/elevator-status-fees\/\">\u2190 Tarifas por el estado del ascensor<\/a> <a class=\"next-page\" href=\"https:\/\/www.miamibeachfl.gov\/es\/city-hall\/public-works\/elevator-division\/prescriptive-based-process\/\">Notificaci\u00f3n de accidentes de ascensores \u2192<\/a><\/div>","protected":false},"excerpt":{"rendered":"<p>Elevator FAQs Home &gt; City Hall &gt; Public Works &gt; Elevator Division &gt; Elevator FAQs Why is there a Certificate [&hellip;]<\/p>\n","protected":false},"author":222,"featured_media":0,"parent":28943,"menu_order":0,"comment_status":"closed","ping_status":"closed","template":"","meta":{"_searchwp_excluded":"","site-sidebar-layout":"default","site-content-layout":"","ast-site-content-layout":"default","site-content-style":"default","site-sidebar-style":"default","ast-global-header-display":"","ast-banner-title-visibility":"","ast-main-header-display":"","ast-hfb-above-header-display":"","ast-hfb-below-header-display":"","ast-hfb-mobile-header-display":"","site-post-title":"","ast-breadcrumbs-content":"","ast-featured-img":"","footer-sml-layout":"","theme-transparent-header-meta":"","adv-header-id-meta":"","stick-header-meta":"","header-above-stick-meta":"","header-main-stick-meta":"","header-below-stick-meta":"","astra-migrate-meta-layouts":"default","ast-page-background-enabled":"default","ast-page-background-meta":{"desktop":{"background-color":"var(--ast-global-color-5)","background-image":"","background-repeat":"repeat","background-position":"center center","background-size":"auto","background-attachment":"scroll","background-type":"","background-media":"","overlay-type":"","overlay-color":"","overlay-opacity":"","overlay-gradient":""},"tablet":{"background-color":"","background-image":"","background-repeat":"repeat","background-position":"center center","background-size":"auto","background-attachment":"scroll","background-type":"","background-media":"","overlay-type":"","overlay-color":"","overlay-opacity":"","overlay-gradient":""},"mobile":{"background-color":"","background-image":"","background-repeat":"repeat","background-position":"center center","background-size":"auto","background-attachment":"scroll","background-type":"","background-media":"","overlay-type":"","overlay-color":"","overlay-opacity":"","overlay-gradient":""}},"ast-content-background-meta":{"desktop":{"background-color":"var(--ast-global-color-4)","background-image":"","background-repeat":"repeat","background-position":"center center","background-size":"auto","background-attachment":"scroll","background-type":"","background-media":"","overlay-type":"","overlay-color":"","overlay-opacity":"","overlay-gradient":""},"tablet":{"background-color":"var(--ast-global-color-4)","background-image":"","background-repeat":"repeat","background-position":"center center","background-size":"auto","background-attachment":"scroll","background-type":"","background-media":"","overlay-type":"","overlay-color":"","overlay-opacity":"","overlay-gradient":""},"mobile":{"background-color":"var(--ast-global-color-4)","background-image":"","background-repeat":"repeat","background-position":"center center","background-size":"auto","background-attachment":"scroll","background-type":"","background-media":"","overlay-type":"","overlay-color":"","overlay-opacity":"","overlay-gradient":""}},"footnotes":""},"categories":[],"tags":[],"class_list":["post-38736","page","type-page","status-publish","hentry"],"yoast_head":"<!-- This site is optimized with the Yoast SEO Premium plugin v27.4 (Yoast SEO v27.4) - https:\/\/yoast.com\/product\/yoast-seo-premium-wordpress\/ -->\n<title>Elevator FAQs - City of Miami Beach<\/title>\n<meta name=\"description\" content=\"%\" \/>\n<meta name=\"robots\" content=\"index, follow, max-snippet:-1, max-image-preview:large, max-video-preview:-1\" \/>\n<link rel=\"canonical\" href=\"https:\/\/www.miamibeachfl.gov\/es\/city-hall\/public-works\/elevator-division\/elevator-faqs\/\" \/>\n<meta property=\"og:locale\" content=\"es_ES\" \/>\n<meta property=\"og:type\" content=\"article\" \/>\n<meta property=\"og:title\" content=\"Elevator FAQs\" \/>\n<meta property=\"og:description\" content=\"%\" \/>\n<meta property=\"og:url\" content=\"https:\/\/www.miamibeachfl.gov\/es\/city-hall\/public-works\/elevator-division\/elevator-faqs\/\" \/>\n<meta property=\"og:site_name\" content=\"City of Miami Beach\" \/>\n<meta property=\"article:publisher\" content=\"https:\/\/www.facebook.com\/cityofmiamibeach\" \/>\n<meta property=\"article:modified_time\" content=\"2026-03-03T15:24:39+00:00\" \/>\n<meta property=\"og:image\" content=\"https:\/\/www.miamibeachfl.gov\/wp-content\/uploads\/2022\/07\/hero-small.jpg\" \/>\n<meta name=\"twitter:card\" content=\"summary_large_image\" \/>\n<meta name=\"twitter:site\" content=\"@Miamibeachnews\" \/>\n<script type=\"application\/ld+json\" class=\"yoast-schema-graph\">{\"@context\":\"https:\\\/\\\/schema.org\",\"@graph\":[{\"@type\":\"WebPage\",\"@id\":\"https:\\\/\\\/www.miamibeachfl.gov\\\/city-hall\\\/public-works\\\/elevator-division\\\/elevator-faqs\\\/\",\"url\":\"https:\\\/\\\/www.miamibeachfl.gov\\\/city-hall\\\/public-works\\\/elevator-division\\\/elevator-faqs\\\/\",\"name\":\"Elevator FAQs - City of Miami Beach\",\"isPartOf\":{\"@id\":\"https:\\\/\\\/www.miamibeachfl.gov\\\/#website\"},\"primaryImageOfPage\":{\"@id\":\"https:\\\/\\\/www.miamibeachfl.gov\\\/city-hall\\\/public-works\\\/elevator-division\\\/elevator-faqs\\\/#primaryimage\"},\"image\":{\"@id\":\"https:\\\/\\\/www.miamibeachfl.gov\\\/city-hall\\\/public-works\\\/elevator-division\\\/elevator-faqs\\\/#primaryimage\"},\"thumbnailUrl\":\"https:\\\/\\\/www.miamibeachfl.gov\\\/wp-content\\\/uploads\\\/2022\\\/07\\\/hero-small.jpg\",\"datePublished\":\"2017-10-20T19:07:14+00:00\",\"dateModified\":\"2026-03-03T15:24:39+00:00\",\"description\":\"%\",\"breadcrumb\":{\"@id\":\"https:\\\/\\\/www.miamibeachfl.gov\\\/city-hall\\\/public-works\\\/elevator-division\\\/elevator-faqs\\\/#breadcrumb\"},\"inLanguage\":\"es\",\"potentialAction\":[{\"@type\":\"ReadAction\",\"target\":[\"https:\\\/\\\/www.miamibeachfl.gov\\\/city-hall\\\/public-works\\\/elevator-division\\\/elevator-faqs\\\/\"]}]},{\"@type\":\"ImageObject\",\"inLanguage\":\"es\",\"@id\":\"https:\\\/\\\/www.miamibeachfl.gov\\\/city-hall\\\/public-works\\\/elevator-division\\\/elevator-faqs\\\/#primaryimage\",\"url\":\"https:\\\/\\\/www.miamibeachfl.gov\\\/wp-content\\\/uploads\\\/2022\\\/07\\\/hero-small.jpg\",\"contentUrl\":\"https:\\\/\\\/www.miamibeachfl.gov\\\/wp-content\\\/uploads\\\/2022\\\/07\\\/hero-small.jpg\"},{\"@type\":\"BreadcrumbList\",\"@id\":\"https:\\\/\\\/www.miamibeachfl.gov\\\/city-hall\\\/public-works\\\/elevator-division\\\/elevator-faqs\\\/#breadcrumb\",\"itemListElement\":[{\"@type\":\"ListItem\",\"position\":1,\"name\":\"Home\",\"item\":\"https:\\\/\\\/www.miamibeachfl.gov\\\/\"},{\"@type\":\"ListItem\",\"position\":2,\"name\":\"City Hall\",\"item\":\"https:\\\/\\\/www.miamibeachfl.gov\\\/city-hall\\\/\"},{\"@type\":\"ListItem\",\"position\":3,\"name\":\"Public Works\",\"item\":\"https:\\\/\\\/www.miamibeachfl.gov\\\/city-hall\\\/public-works\\\/\"},{\"@type\":\"ListItem\",\"position\":4,\"name\":\"Elevator Division\",\"item\":\"https:\\\/\\\/www.miamibeachfl.gov\\\/city-hall\\\/public-works\\\/elevator-division\\\/\"},{\"@type\":\"ListItem\",\"position\":5,\"name\":\"Elevator FAQs\"}]},{\"@type\":\"WebSite\",\"@id\":\"https:\\\/\\\/www.miamibeachfl.gov\\\/#website\",\"url\":\"https:\\\/\\\/www.miamibeachfl.gov\\\/\",\"name\":\"City of Miami Beach\",\"description\":\"The official website of the City of Miami Beach. Stay informed, find important information on city services, news, alerts, events, trolley routes, government employment and more.\",\"publisher\":{\"@id\":\"https:\\\/\\\/www.miamibeachfl.gov\\\/#organization\"},\"potentialAction\":[{\"@type\":\"SearchAction\",\"target\":{\"@type\":\"EntryPoint\",\"urlTemplate\":\"https:\\\/\\\/www.miamibeachfl.gov\\\/?s={search_term_string}\"},\"query-input\":{\"@type\":\"PropertyValueSpecification\",\"valueRequired\":true,\"valueName\":\"search_term_string\"}}],\"inLanguage\":\"es\"},{\"@type\":\"Organization\",\"@id\":\"https:\\\/\\\/www.miamibeachfl.gov\\\/#organization\",\"name\":\"City of Miami Beach\",\"url\":\"https:\\\/\\\/www.miamibeachfl.gov\\\/\",\"logo\":{\"@type\":\"ImageObject\",\"inLanguage\":\"es\",\"@id\":\"https:\\\/\\\/www.miamibeachfl.gov\\\/#\\\/schema\\\/logo\\\/image\\\/\",\"url\":\"https:\\\/\\\/www.miamibeachfl.gov\\\/wp-content\\\/uploads\\\/2022\\\/06\\\/miamibeach-logoblue.png\",\"contentUrl\":\"https:\\\/\\\/www.miamibeachfl.gov\\\/wp-content\\\/uploads\\\/2022\\\/06\\\/miamibeach-logoblue.png\",\"width\":1962,\"height\":381,\"caption\":\"City of Miami Beach\"},\"image\":{\"@id\":\"https:\\\/\\\/www.miamibeachfl.gov\\\/#\\\/schema\\\/logo\\\/image\\\/\"},\"sameAs\":[\"https:\\\/\\\/www.facebook.com\\\/cityofmiamibeach\",\"https:\\\/\\\/x.com\\\/Miamibeachnews\",\"https:\\\/\\\/www.instagram.com\\\/miamibeachnews\\\/\"],\"description\":\"The official website of the City of Miami Beach. Stay informed, find important information on city services, news, alerts, events, trolley routes, government employment and more.\",\"telephone\":\"305.604.CITY(2489)\",\"legalName\":\"City of Miami Beach\"}]}<\/script>\n<!-- \/ Yoast SEO Premium plugin. -->","yoast_head_json":{"title":"Preguntas frecuentes sobre ascensores - Ciudad de Miami Beach","description":"%","robots":{"index":"index","follow":"follow","max-snippet":"max-snippet:-1","max-image-preview":"max-image-preview:large","max-video-preview":"max-video-preview:-1"},"canonical":"https:\/\/www.miamibeachfl.gov\/es\/city-hall\/public-works\/elevator-division\/elevator-faqs\/","og_locale":"es_ES","og_type":"article","og_title":"Elevator FAQs","og_description":"%","og_url":"https:\/\/www.miamibeachfl.gov\/es\/city-hall\/public-works\/elevator-division\/elevator-faqs\/","og_site_name":"City of Miami Beach","article_publisher":"https:\/\/www.facebook.com\/cityofmiamibeach","article_modified_time":"2026-03-03T15:24:39+00:00","og_image":[{"url":"https:\/\/www.miamibeachfl.gov\/wp-content\/uploads\/2022\/07\/hero-small.jpg","type":"","width":"","height":""}],"twitter_card":"summary_large_image","twitter_site":"@Miamibeachnews","schema":{"@context":"https:\/\/schema.org","@graph":[{"@type":"WebPage","@id":"https:\/\/www.miamibeachfl.gov\/city-hall\/public-works\/elevator-division\/elevator-faqs\/","url":"https:\/\/www.miamibeachfl.gov\/city-hall\/public-works\/elevator-division\/elevator-faqs\/","name":"Preguntas frecuentes sobre ascensores - Ciudad de Miami Beach","isPartOf":{"@id":"https:\/\/www.miamibeachfl.gov\/#website"},"primaryImageOfPage":{"@id":"https:\/\/www.miamibeachfl.gov\/city-hall\/public-works\/elevator-division\/elevator-faqs\/#primaryimage"},"image":{"@id":"https:\/\/www.miamibeachfl.gov\/city-hall\/public-works\/elevator-division\/elevator-faqs\/#primaryimage"},"thumbnailUrl":"https:\/\/www.miamibeachfl.gov\/wp-content\/uploads\/2022\/07\/hero-small.jpg","datePublished":"2017-10-20T19:07:14+00:00","dateModified":"2026-03-03T15:24:39+00:00","description":"%","breadcrumb":{"@id":"https:\/\/www.miamibeachfl.gov\/city-hall\/public-works\/elevator-division\/elevator-faqs\/#breadcrumb"},"inLanguage":"es","potentialAction":[{"@type":"ReadAction","target":["https:\/\/www.miamibeachfl.gov\/city-hall\/public-works\/elevator-division\/elevator-faqs\/"]}]},{"@type":"ImageObject","inLanguage":"es","@id":"https:\/\/www.miamibeachfl.gov\/city-hall\/public-works\/elevator-division\/elevator-faqs\/#primaryimage","url":"https:\/\/www.miamibeachfl.gov\/wp-content\/uploads\/2022\/07\/hero-small.jpg","contentUrl":"https:\/\/www.miamibeachfl.gov\/wp-content\/uploads\/2022\/07\/hero-small.jpg"},{"@type":"BreadcrumbList","@id":"https:\/\/www.miamibeachfl.gov\/city-hall\/public-works\/elevator-division\/elevator-faqs\/#breadcrumb","itemListElement":[{"@type":"ListItem","position":1,"name":"Home","item":"https:\/\/www.miamibeachfl.gov\/"},{"@type":"ListItem","position":2,"name":"City Hall","item":"https:\/\/www.miamibeachfl.gov\/city-hall\/"},{"@type":"ListItem","position":3,"name":"Public Works","item":"https:\/\/www.miamibeachfl.gov\/city-hall\/public-works\/"},{"@type":"ListItem","position":4,"name":"Elevator Division","item":"https:\/\/www.miamibeachfl.gov\/city-hall\/public-works\/elevator-division\/"},{"@type":"ListItem","position":5,"name":"Elevator FAQs"}]},{"@type":"WebSite","@id":"https:\/\/www.miamibeachfl.gov\/#website","url":"https:\/\/www.miamibeachfl.gov\/","name":"Ciudad de Miami Beach","description":"Sitio web oficial de la Ciudad de Miami Beach. Mant\u00e9ngase informado, encuentre informaci\u00f3n importante sobre servicios municipales, noticias, alertas, eventos, rutas de tranv\u00edas, empleos gubernamentales y m\u00e1s.","publisher":{"@id":"https:\/\/www.miamibeachfl.gov\/#organization"},"potentialAction":[{"@type":"SearchAction","target":{"@type":"EntryPoint","urlTemplate":"https:\/\/www.miamibeachfl.gov\/?s={search_term_string}"},"query-input":{"@type":"PropertyValueSpecification","valueRequired":true,"valueName":"search_term_string"}}],"inLanguage":"es"},{"@type":"Organization","@id":"https:\/\/www.miamibeachfl.gov\/#organization","name":"Ciudad de Miami Beach","url":"https:\/\/www.miamibeachfl.gov\/","logo":{"@type":"ImageObject","inLanguage":"es","@id":"https:\/\/www.miamibeachfl.gov\/#\/schema\/logo\/image\/","url":"https:\/\/www.miamibeachfl.gov\/wp-content\/uploads\/2022\/06\/miamibeach-logoblue.png","contentUrl":"https:\/\/www.miamibeachfl.gov\/wp-content\/uploads\/2022\/06\/miamibeach-logoblue.png","width":1962,"height":381,"caption":"City of Miami Beach"},"image":{"@id":"https:\/\/www.miamibeachfl.gov\/#\/schema\/logo\/image\/"},"sameAs":["https:\/\/www.facebook.com\/cityofmiamibeach","https:\/\/x.com\/Miamibeachnews","https:\/\/www.instagram.com\/miamibeachnews\/"],"description":"Sitio web oficial de la Ciudad de Miami Beach. Mant\u00e9ngase informado, encuentre informaci\u00f3n importante sobre servicios municipales, noticias, alertas, eventos, rutas de tranv\u00edas, empleos gubernamentales y m\u00e1s.","telephone":"305.604.CITY(2489)","legalName":"City of Miami Beach"}]}},"_links":{"self":[{"href":"https:\/\/www.miamibeachfl.gov\/es\/wp-json\/wp\/v2\/pages\/38736","targetHints":{"allow":["GET"]}}],"collection":[{"href":"https:\/\/www.miamibeachfl.gov\/es\/wp-json\/wp\/v2\/pages"}],"about":[{"href":"https:\/\/www.miamibeachfl.gov\/es\/wp-json\/wp\/v2\/types\/page"}],"author":[{"embeddable":true,"href":"https:\/\/www.miamibeachfl.gov\/es\/wp-json\/wp\/v2\/users\/222"}],"replies":[{"embeddable":true,"href":"https:\/\/www.miamibeachfl.gov\/es\/wp-json\/wp\/v2\/comments?post=38736"}],"version-history":[{"count":2,"href":"https:\/\/www.miamibeachfl.gov\/es\/wp-json\/wp\/v2\/pages\/38736\/revisions"}],"predecessor-version":[{"id":397025,"href":"https:\/\/www.miamibeachfl.gov\/es\/wp-json\/wp\/v2\/pages\/38736\/revisions\/397025"}],"up":[{"embeddable":true,"href":"https:\/\/www.miamibeachfl.gov\/es\/wp-json\/wp\/v2\/pages\/28943"}],"wp:attachment":[{"href":"https:\/\/www.miamibeachfl.gov\/es\/wp-json\/wp\/v2\/media?parent=38736"}],"wp:term":[{"taxonomy":"category","embeddable":true,"href":"https:\/\/www.miamibeachfl.gov\/es\/wp-json\/wp\/v2\/categories?post=38736"},{"taxonomy":"post_tag","embeddable":true,"href":"https:\/\/www.miamibeachfl.gov\/es\/wp-json\/wp\/v2\/tags?post=38736"}],"curies":[{"name":"gracias","href":"https:\/\/api.w.org\/{rel}","templated":true}]}}