{"id":38739,"date":"2017-10-20T15:13:39","date_gmt":"2017-10-20T19:13:39","guid":{"rendered":"http:\/\/www.miamibeachfl.gov\/city-hall\/public-works\/elevator-division\/prescriptive-based-process\/"},"modified":"2026-03-03T10:26:47","modified_gmt":"2026-03-03T15:26:47","slug":"prescriptive-based-process","status":"publish","type":"page","link":"https:\/\/www.miamibeachfl.gov\/es\/city-hall\/public-works\/elevator-division\/prescriptive-based-process\/","title":{"rendered":"Notificaci\u00f3n de accidentes de ascensor"},"content":{"rendered":"<img decoding=\"async\" src=\"https:\/\/www.miamibeachfl.gov\/wp-content\/uploads\/2022\/07\/hero-small.jpg\" alt=\"ocean drive art deco buildings\" itemprop=\"image\" height=\"211\" width=\"2395\" title=\"h\u00e9roe peque\u00f1o\" onerror=\"this.style.display='none'\" loading=\"lazy\" \/>\n<h1>\n\t\t\tNotificaci\u00f3n de accidentes de ascensor\t<\/h1>\n\t<nav id=\"breadcrumbs\" aria-label=\"Pan rallado\"><a href=\"https:\/\/www.miamibeachfl.gov\/es\/\">Hogar<\/a> &gt; <a href=\"https:\/\/www.miamibeachfl.gov\/es\/city-hall\/\">Ayuntamiento<\/a> &gt; <a href=\"https:\/\/www.miamibeachfl.gov\/es\/city-hall\/public-works\/\">Obras p\u00fablicas<\/a> &gt; <a href=\"https:\/\/www.miamibeachfl.gov\/es\/city-hall\/public-works\/elevator-division\/\">Divisi\u00f3n de Ascensores<\/a> &gt; <strong>Notificaci\u00f3n de accidentes de ascensor<\/strong><\/nav>\n\t<h3>Notificaci\u00f3n de accidentes de ascensor<\/h3>\n<p>Si ocurre un accidente que involucra una lesi\u00f3n que requiere atenci\u00f3n m\u00e9dica, debe llamar <strong>911 inmediatamente<\/strong>. En ese caso, deber\u00e1 ponerse en contacto con el propietario o con la empresa gestora del propietario, independientemente de la lesi\u00f3n.<\/p>\n<p>Todos los accidentes deben reportarse al propietario o a su empresa administradora, ya que es su responsabilidad contactar a la empresa de mantenimiento del ascensor. El dispositivo permanecer\u00e1 apagado hasta que sea examinado por la empresa de mantenimiento. Es responsabilidad del propietario o de su empresa administradora asegurarse de que el dispositivo se apague correctamente y permanezca apagado hasta que la empresa de mantenimiento y un representante de la Divisi\u00f3n de Seguridad de Ascensores de Obras P\u00fablicas de la Ciudad de Miami Beach hayan examinado y, de ser necesario, reparado el medio de transporte.<\/p>\n<p>El propietario o la empresa administradora del propietario debe presentar un informe de accidente. <strong>dentro de 5 d\u00edas<\/strong> con nosotros y el Estado de Florida. No presentar este informe a tiempo constituye una violaci\u00f3n de este <strong><a href=\"https:\/\/www.flsenate.gov\/Laws\/Statutes\/2018\/Chapter399\/All\">Cap\u00edtulo 399<\/a><\/strong> y someter\u00e1 al titular del certificado de operaci\u00f3n a una multa administrativa, impuesta por la divisi\u00f3n, por un monto m\u00e1ximo de $1,000. El informe debe enviarse a:<\/p>\n<ul>\n<li><strong>Divisi\u00f3n de Seguridad de Ascensores de Obras P\u00fablicas de la Ciudad de Miami Beach <\/strong><br \/>\n1700 Convention Center Drive 1<sup>calle<\/sup> Piso<br \/>\nMiami Beach, FL 33139<br \/>\nInspector jefe de ascensores <a href=\"mailto:joeygan@miamibeachfl.gov\">joeygan@miamibeachfl.gov<\/a><\/li>\n<\/ul>\n<p>Para descargar el formulario <a href=\"http:\/\/www.miamibeachfl.gov\/wp-content\/uploads\/2018\/12\/ELEVATOR-OWNERS-ACCIDENT-REPORT.pdf\">INFORME DE ACCIDENTE DE PROPIETARIOS DE ASCENSORES<\/a><\/p>\n<h3>Quejas\/Problemas<\/h3>\n<p>Si tiene alguna queja sobre un dispositivo o servicio de elevaci\u00f3n, o si el dispositivo no funciona correctamente, comun\u00edquese con el propietario del edificio o con la empresa administradora de la propiedad. La empresa de mantenimiento debe documentar su queja, investigarla y brindar una soluci\u00f3n adecuada a la empresa administradora del propietario. Si cree que el problema es un problema de seguridad, ll\u00e1menos al <strong>305.673.7225<\/strong> o <a href=\"mailto:joeygan@miamibeachfl.gov\">joeygan@miamibeachfl.gov<\/a><\/p>\n\t\tNavegar a\u2026\t\t\t\n\t\t\t\t\t<ul id=\"menu-public-works-elevator\"><li id=\"menu-item-364284\"><a href=\"\/es\/city-hall\/public-works\/elevator-division\/elevator-faqs\/\">Preguntas frecuentes sobre ascensores<\/a><\/li>\n<li id=\"menu-item-364285\"><a href=\"\/es\/city-hall\/public-works\/elevator-division\/elevator-forms\/\">Formularios de ascensor<\/a><\/li>\n<li id=\"menu-item-364286\"><a href=\"\/es\/city-hall\/public-works\/elevator-division\/elevator-permit\/\">Permiso de ascensor<\/a><\/li>\n<li id=\"menu-item-364288\"><a href=\"\/es\/city-hall\/public-works\/elevator-division\/elevator-status-fees\/\">Tarifas por estado del ascensor<\/a><\/li>\n<li id=\"menu-item-364289\"><a href=\"\/es\/city-hall\/public-works\/elevator-division\/regulations-requirements\/\">Reglamentos y requisitos<\/a><\/li>\n<li id=\"menu-item-364290\"><a href=\"\/es\/city-hall\/public-works\/elevator-division\/prescriptive-based-process\/\">Notificaci\u00f3n de accidentes de ascensor<\/a><\/li>\n<li id=\"menu-item-364291\"><a href=\"\/es\/city-hall\/public-works\/elevator-division\/requesting-an-inspection\/\">Solicitar una inspecci\u00f3n<\/a><\/li>\n<\/ul>\t\n\t<div class=\"page-navigation\"><a class=\"prev-page\" href=\"https:\/\/www.miamibeachfl.gov\/es\/city-hall\/public-works\/elevator-division\/elevator-faqs\/\">\u2190 Preguntas frecuentes sobre ascensores<\/a> <a class=\"next-page\" href=\"https:\/\/www.miamibeachfl.gov\/es\/city-hall\/fire\/emergency-management\/hotel-condo-re-entry-registration\/\">Reingreso despu\u00e9s de la evacuaci\u00f3n \u2192<\/a><\/div>","protected":false},"excerpt":{"rendered":"<p>Reporting of Elevator Accidents Home &gt; City Hall &gt; Public Works &gt; Elevator Division &gt; Reporting of Elevator Accidents Reporting [&hellip;]<\/p>\n","protected":false},"author":222,"featured_media":0,"parent":28943,"menu_order":0,"comment_status":"closed","ping_status":"closed","template":"","meta":{"_searchwp_excluded":"","site-sidebar-layout":"default","site-content-layout":"","ast-site-content-layout":"default","site-content-style":"default","site-sidebar-style":"default","ast-global-header-display":"","ast-banner-title-visibility":"","ast-main-header-display":"","ast-hfb-above-header-display":"","ast-hfb-below-header-display":"","ast-hfb-mobile-header-display":"","site-post-title":"","ast-breadcrumbs-content":"","ast-featured-img":"","footer-sml-layout":"","theme-transparent-header-meta":"","adv-header-id-meta":"","stick-header-meta":"","header-above-stick-meta":"","header-main-stick-meta":"","header-below-stick-meta":"","astra-migrate-meta-layouts":"default","ast-page-background-enabled":"default","ast-page-background-meta":{"desktop":{"background-color":"var(--ast-global-color-5)","background-image":"","background-repeat":"repeat","background-position":"center center","background-size":"auto","background-attachment":"scroll","background-type":"","background-media":"","overlay-type":"","overlay-color":"","overlay-opacity":"","overlay-gradient":""},"tablet":{"background-color":"","background-image":"","background-repeat":"repeat","background-position":"center center","background-size":"auto","background-attachment":"scroll","background-type":"","background-media":"","overlay-type":"","overlay-color":"","overlay-opacity":"","overlay-gradient":""},"mobile":{"background-color":"","background-image":"","background-repeat":"repeat","background-position":"center center","background-size":"auto","background-attachment":"scroll","background-type":"","background-media":"","overlay-type":"","overlay-color":"","overlay-opacity":"","overlay-gradient":""}},"ast-content-background-meta":{"desktop":{"background-color":"var(--ast-global-color-4)","background-image":"","background-repeat":"repeat","background-position":"center center","background-size":"auto","background-attachment":"scroll","background-type":"","background-media":"","overlay-type":"","overlay-color":"","overlay-opacity":"","overlay-gradient":""},"tablet":{"background-color":"var(--ast-global-color-4)","background-image":"","background-repeat":"repeat","background-position":"center center","background-size":"auto","background-attachment":"scroll","background-type":"","background-media":"","overlay-type":"","overlay-color":"","overlay-opacity":"","overlay-gradient":""},"mobile":{"background-color":"var(--ast-global-color-4)","background-image":"","background-repeat":"repeat","background-position":"center center","background-size":"auto","background-attachment":"scroll","background-type":"","background-media":"","overlay-type":"","overlay-color":"","overlay-opacity":"","overlay-gradient":""}},"footnotes":""},"categories":[],"tags":[],"class_list":["post-38739","page","type-page","status-publish","hentry"],"yoast_head":"<!-- This site is optimized with the Yoast SEO Premium plugin v27.4 (Yoast SEO v27.4) - https:\/\/yoast.com\/product\/yoast-seo-premium-wordpress\/ -->\n<title>Reporting of Elevator Accidents - City of Miami Beach<\/title>\n<meta name=\"description\" content=\"%\" \/>\n<meta name=\"robots\" content=\"index, follow, max-snippet:-1, max-image-preview:large, max-video-preview:-1\" \/>\n<link rel=\"canonical\" href=\"https:\/\/www.miamibeachfl.gov\/es\/city-hall\/public-works\/elevator-division\/prescriptive-based-process\/\" \/>\n<meta property=\"og:locale\" content=\"es_ES\" \/>\n<meta property=\"og:type\" content=\"article\" \/>\n<meta property=\"og:title\" content=\"Reporting of Elevator Accidents\" \/>\n<meta property=\"og:description\" content=\"%\" \/>\n<meta property=\"og:url\" content=\"https:\/\/www.miamibeachfl.gov\/es\/city-hall\/public-works\/elevator-division\/prescriptive-based-process\/\" \/>\n<meta property=\"og:site_name\" content=\"City of Miami Beach\" \/>\n<meta property=\"article:publisher\" content=\"https:\/\/www.facebook.com\/cityofmiamibeach\" \/>\n<meta property=\"article:modified_time\" content=\"2026-03-03T15:26:47+00:00\" \/>\n<meta property=\"og:image\" content=\"https:\/\/www.miamibeachfl.gov\/wp-content\/uploads\/2022\/07\/hero-small.jpg\" \/>\n<meta name=\"twitter:card\" content=\"summary_large_image\" \/>\n<meta name=\"twitter:site\" content=\"@Miamibeachnews\" \/>\n<script type=\"application\/ld+json\" class=\"yoast-schema-graph\">{\"@context\":\"https:\\\/\\\/schema.org\",\"@graph\":[{\"@type\":\"WebPage\",\"@id\":\"https:\\\/\\\/www.miamibeachfl.gov\\\/city-hall\\\/public-works\\\/elevator-division\\\/prescriptive-based-process\\\/\",\"url\":\"https:\\\/\\\/www.miamibeachfl.gov\\\/city-hall\\\/public-works\\\/elevator-division\\\/prescriptive-based-process\\\/\",\"name\":\"Reporting of Elevator Accidents - City of Miami Beach\",\"isPartOf\":{\"@id\":\"https:\\\/\\\/www.miamibeachfl.gov\\\/#website\"},\"primaryImageOfPage\":{\"@id\":\"https:\\\/\\\/www.miamibeachfl.gov\\\/city-hall\\\/public-works\\\/elevator-division\\\/prescriptive-based-process\\\/#primaryimage\"},\"image\":{\"@id\":\"https:\\\/\\\/www.miamibeachfl.gov\\\/city-hall\\\/public-works\\\/elevator-division\\\/prescriptive-based-process\\\/#primaryimage\"},\"thumbnailUrl\":\"https:\\\/\\\/www.miamibeachfl.gov\\\/wp-content\\\/uploads\\\/2022\\\/07\\\/hero-small.jpg\",\"datePublished\":\"2017-10-20T19:13:39+00:00\",\"dateModified\":\"2026-03-03T15:26:47+00:00\",\"description\":\"%\",\"breadcrumb\":{\"@id\":\"https:\\\/\\\/www.miamibeachfl.gov\\\/city-hall\\\/public-works\\\/elevator-division\\\/prescriptive-based-process\\\/#breadcrumb\"},\"inLanguage\":\"es\",\"potentialAction\":[{\"@type\":\"ReadAction\",\"target\":[\"https:\\\/\\\/www.miamibeachfl.gov\\\/city-hall\\\/public-works\\\/elevator-division\\\/prescriptive-based-process\\\/\"]}]},{\"@type\":\"ImageObject\",\"inLanguage\":\"es\",\"@id\":\"https:\\\/\\\/www.miamibeachfl.gov\\\/city-hall\\\/public-works\\\/elevator-division\\\/prescriptive-based-process\\\/#primaryimage\",\"url\":\"https:\\\/\\\/www.miamibeachfl.gov\\\/wp-content\\\/uploads\\\/2022\\\/07\\\/hero-small.jpg\",\"contentUrl\":\"https:\\\/\\\/www.miamibeachfl.gov\\\/wp-content\\\/uploads\\\/2022\\\/07\\\/hero-small.jpg\"},{\"@type\":\"BreadcrumbList\",\"@id\":\"https:\\\/\\\/www.miamibeachfl.gov\\\/city-hall\\\/public-works\\\/elevator-division\\\/prescriptive-based-process\\\/#breadcrumb\",\"itemListElement\":[{\"@type\":\"ListItem\",\"position\":1,\"name\":\"Home\",\"item\":\"https:\\\/\\\/www.miamibeachfl.gov\\\/\"},{\"@type\":\"ListItem\",\"position\":2,\"name\":\"City Hall\",\"item\":\"https:\\\/\\\/www.miamibeachfl.gov\\\/city-hall\\\/\"},{\"@type\":\"ListItem\",\"position\":3,\"name\":\"Public Works\",\"item\":\"https:\\\/\\\/www.miamibeachfl.gov\\\/city-hall\\\/public-works\\\/\"},{\"@type\":\"ListItem\",\"position\":4,\"name\":\"Elevator Division\",\"item\":\"https:\\\/\\\/www.miamibeachfl.gov\\\/city-hall\\\/public-works\\\/elevator-division\\\/\"},{\"@type\":\"ListItem\",\"position\":5,\"name\":\"Reporting of Elevator Accidents\"}]},{\"@type\":\"WebSite\",\"@id\":\"https:\\\/\\\/www.miamibeachfl.gov\\\/#website\",\"url\":\"https:\\\/\\\/www.miamibeachfl.gov\\\/\",\"name\":\"City of Miami Beach\",\"description\":\"The official website of the City of Miami Beach. Stay informed, find important information on city services, news, alerts, events, trolley routes, government employment and more.\",\"publisher\":{\"@id\":\"https:\\\/\\\/www.miamibeachfl.gov\\\/#organization\"},\"potentialAction\":[{\"@type\":\"SearchAction\",\"target\":{\"@type\":\"EntryPoint\",\"urlTemplate\":\"https:\\\/\\\/www.miamibeachfl.gov\\\/?s={search_term_string}\"},\"query-input\":{\"@type\":\"PropertyValueSpecification\",\"valueRequired\":true,\"valueName\":\"search_term_string\"}}],\"inLanguage\":\"es\"},{\"@type\":\"Organization\",\"@id\":\"https:\\\/\\\/www.miamibeachfl.gov\\\/#organization\",\"name\":\"City of Miami Beach\",\"url\":\"https:\\\/\\\/www.miamibeachfl.gov\\\/\",\"logo\":{\"@type\":\"ImageObject\",\"inLanguage\":\"es\",\"@id\":\"https:\\\/\\\/www.miamibeachfl.gov\\\/#\\\/schema\\\/logo\\\/image\\\/\",\"url\":\"https:\\\/\\\/www.miamibeachfl.gov\\\/wp-content\\\/uploads\\\/2022\\\/06\\\/miamibeach-logoblue.png\",\"contentUrl\":\"https:\\\/\\\/www.miamibeachfl.gov\\\/wp-content\\\/uploads\\\/2022\\\/06\\\/miamibeach-logoblue.png\",\"width\":1962,\"height\":381,\"caption\":\"City of Miami Beach\"},\"image\":{\"@id\":\"https:\\\/\\\/www.miamibeachfl.gov\\\/#\\\/schema\\\/logo\\\/image\\\/\"},\"sameAs\":[\"https:\\\/\\\/www.facebook.com\\\/cityofmiamibeach\",\"https:\\\/\\\/x.com\\\/Miamibeachnews\",\"https:\\\/\\\/www.instagram.com\\\/miamibeachnews\\\/\"],\"description\":\"The official website of the City of Miami Beach. Stay informed, find important information on city services, news, alerts, events, trolley routes, government employment and more.\",\"telephone\":\"305.604.CITY(2489)\",\"legalName\":\"City of Miami Beach\"}]}<\/script>\n<!-- \/ Yoast SEO Premium plugin. -->","yoast_head_json":{"title":"Notificaci\u00f3n de accidentes de ascensores - Ciudad de Miami Beach","description":"%","robots":{"index":"index","follow":"follow","max-snippet":"max-snippet:-1","max-image-preview":"max-image-preview:large","max-video-preview":"max-video-preview:-1"},"canonical":"https:\/\/www.miamibeachfl.gov\/es\/city-hall\/public-works\/elevator-division\/prescriptive-based-process\/","og_locale":"es_ES","og_type":"article","og_title":"Reporting of Elevator Accidents","og_description":"%","og_url":"https:\/\/www.miamibeachfl.gov\/es\/city-hall\/public-works\/elevator-division\/prescriptive-based-process\/","og_site_name":"City of Miami Beach","article_publisher":"https:\/\/www.facebook.com\/cityofmiamibeach","article_modified_time":"2026-03-03T15:26:47+00:00","og_image":[{"url":"https:\/\/www.miamibeachfl.gov\/wp-content\/uploads\/2022\/07\/hero-small.jpg","type":"","width":"","height":""}],"twitter_card":"summary_large_image","twitter_site":"@Miamibeachnews","schema":{"@context":"https:\/\/schema.org","@graph":[{"@type":"WebPage","@id":"https:\/\/www.miamibeachfl.gov\/city-hall\/public-works\/elevator-division\/prescriptive-based-process\/","url":"https:\/\/www.miamibeachfl.gov\/city-hall\/public-works\/elevator-division\/prescriptive-based-process\/","name":"Notificaci\u00f3n de accidentes de ascensores - Ciudad de Miami Beach","isPartOf":{"@id":"https:\/\/www.miamibeachfl.gov\/#website"},"primaryImageOfPage":{"@id":"https:\/\/www.miamibeachfl.gov\/city-hall\/public-works\/elevator-division\/prescriptive-based-process\/#primaryimage"},"image":{"@id":"https:\/\/www.miamibeachfl.gov\/city-hall\/public-works\/elevator-division\/prescriptive-based-process\/#primaryimage"},"thumbnailUrl":"https:\/\/www.miamibeachfl.gov\/wp-content\/uploads\/2022\/07\/hero-small.jpg","datePublished":"2017-10-20T19:13:39+00:00","dateModified":"2026-03-03T15:26:47+00:00","description":"%","breadcrumb":{"@id":"https:\/\/www.miamibeachfl.gov\/city-hall\/public-works\/elevator-division\/prescriptive-based-process\/#breadcrumb"},"inLanguage":"es","potentialAction":[{"@type":"ReadAction","target":["https:\/\/www.miamibeachfl.gov\/city-hall\/public-works\/elevator-division\/prescriptive-based-process\/"]}]},{"@type":"ImageObject","inLanguage":"es","@id":"https:\/\/www.miamibeachfl.gov\/city-hall\/public-works\/elevator-division\/prescriptive-based-process\/#primaryimage","url":"https:\/\/www.miamibeachfl.gov\/wp-content\/uploads\/2022\/07\/hero-small.jpg","contentUrl":"https:\/\/www.miamibeachfl.gov\/wp-content\/uploads\/2022\/07\/hero-small.jpg"},{"@type":"BreadcrumbList","@id":"https:\/\/www.miamibeachfl.gov\/city-hall\/public-works\/elevator-division\/prescriptive-based-process\/#breadcrumb","itemListElement":[{"@type":"ListItem","position":1,"name":"Home","item":"https:\/\/www.miamibeachfl.gov\/"},{"@type":"ListItem","position":2,"name":"City Hall","item":"https:\/\/www.miamibeachfl.gov\/city-hall\/"},{"@type":"ListItem","position":3,"name":"Public Works","item":"https:\/\/www.miamibeachfl.gov\/city-hall\/public-works\/"},{"@type":"ListItem","position":4,"name":"Elevator Division","item":"https:\/\/www.miamibeachfl.gov\/city-hall\/public-works\/elevator-division\/"},{"@type":"ListItem","position":5,"name":"Reporting of Elevator Accidents"}]},{"@type":"WebSite","@id":"https:\/\/www.miamibeachfl.gov\/#website","url":"https:\/\/www.miamibeachfl.gov\/","name":"Ciudad de Miami Beach","description":"Sitio web oficial de la Ciudad de Miami Beach. Mant\u00e9ngase informado, encuentre informaci\u00f3n importante sobre servicios municipales, noticias, alertas, eventos, rutas de tranv\u00edas, empleos gubernamentales y m\u00e1s.","publisher":{"@id":"https:\/\/www.miamibeachfl.gov\/#organization"},"potentialAction":[{"@type":"SearchAction","target":{"@type":"EntryPoint","urlTemplate":"https:\/\/www.miamibeachfl.gov\/?s={search_term_string}"},"query-input":{"@type":"PropertyValueSpecification","valueRequired":true,"valueName":"search_term_string"}}],"inLanguage":"es"},{"@type":"Organization","@id":"https:\/\/www.miamibeachfl.gov\/#organization","name":"Ciudad de Miami Beach","url":"https:\/\/www.miamibeachfl.gov\/","logo":{"@type":"ImageObject","inLanguage":"es","@id":"https:\/\/www.miamibeachfl.gov\/#\/schema\/logo\/image\/","url":"https:\/\/www.miamibeachfl.gov\/wp-content\/uploads\/2022\/06\/miamibeach-logoblue.png","contentUrl":"https:\/\/www.miamibeachfl.gov\/wp-content\/uploads\/2022\/06\/miamibeach-logoblue.png","width":1962,"height":381,"caption":"City of Miami Beach"},"image":{"@id":"https:\/\/www.miamibeachfl.gov\/#\/schema\/logo\/image\/"},"sameAs":["https:\/\/www.facebook.com\/cityofmiamibeach","https:\/\/x.com\/Miamibeachnews","https:\/\/www.instagram.com\/miamibeachnews\/"],"description":"Sitio web oficial de la Ciudad de Miami Beach. Mant\u00e9ngase informado, encuentre informaci\u00f3n importante sobre servicios municipales, noticias, alertas, eventos, rutas de tranv\u00edas, empleos gubernamentales y m\u00e1s.","telephone":"305.604.CITY(2489)","legalName":"City of Miami Beach"}]}},"_links":{"self":[{"href":"https:\/\/www.miamibeachfl.gov\/es\/wp-json\/wp\/v2\/pages\/38739","targetHints":{"allow":["GET"]}}],"collection":[{"href":"https:\/\/www.miamibeachfl.gov\/es\/wp-json\/wp\/v2\/pages"}],"about":[{"href":"https:\/\/www.miamibeachfl.gov\/es\/wp-json\/wp\/v2\/types\/page"}],"author":[{"embeddable":true,"href":"https:\/\/www.miamibeachfl.gov\/es\/wp-json\/wp\/v2\/users\/222"}],"replies":[{"embeddable":true,"href":"https:\/\/www.miamibeachfl.gov\/es\/wp-json\/wp\/v2\/comments?post=38739"}],"version-history":[{"count":2,"href":"https:\/\/www.miamibeachfl.gov\/es\/wp-json\/wp\/v2\/pages\/38739\/revisions"}],"predecessor-version":[{"id":397026,"href":"https:\/\/www.miamibeachfl.gov\/es\/wp-json\/wp\/v2\/pages\/38739\/revisions\/397026"}],"up":[{"embeddable":true,"href":"https:\/\/www.miamibeachfl.gov\/es\/wp-json\/wp\/v2\/pages\/28943"}],"wp:attachment":[{"href":"https:\/\/www.miamibeachfl.gov\/es\/wp-json\/wp\/v2\/media?parent=38739"}],"wp:term":[{"taxonomy":"category","embeddable":true,"href":"https:\/\/www.miamibeachfl.gov\/es\/wp-json\/wp\/v2\/categories?post=38739"},{"taxonomy":"post_tag","embeddable":true,"href":"https:\/\/www.miamibeachfl.gov\/es\/wp-json\/wp\/v2\/tags?post=38739"}],"curies":[{"name":"gracias","href":"https:\/\/api.w.org\/{rel}","templated":true}]}}