{"id":387497,"date":"2025-08-05T14:27:04","date_gmt":"2025-08-05T18:27:04","guid":{"rendered":"https:\/\/www.miamibeachfl.gov\/?page_id=387497"},"modified":"2026-01-22T16:49:35","modified_gmt":"2026-01-22T21:49:35","slug":"family-pathways-form","status":"publish","type":"page","link":"https:\/\/www.miamibeachfl.gov\/es\/city-hall\/housing-and-community-development\/community-services\/youth-services\/family-pathways-form\/","title":{"rendered":"Formulario de admisi\u00f3n de Family Pathways"},"content":{"rendered":"<h2>\n\t\t\tFormulario de admisi\u00f3n de Family Pathways\t<\/h2>\nVivienda y comunidad\t\t\t\n\t\t\t\t\t<ul id=\"menu-housing-and-community-services\"><li id=\"menu-item-273929\"><a href=\"\/es\/city-hall\/housing-and-community-development\/\">H &amp; C Hogar<\/a><\/li>\n<li id=\"menu-item-273934\" aria-haspopup=\"true\"><a aria-expanded=\"false\" href=\"\/es\/city-hall\/housing-and-community-development\/housing-and-community\/\">Vivienda y comunidad<\/a>\n<ul>\n\t<li id=\"menu-item-273935\" aria-haspopup=\"true\"><a aria-expanded=\"false\" href=\"\/es\/city-hall\/housing-and-community-development\/housing-and-community\/community-development\/\">Desarrollo comunitario<\/a>\n\t<ul>\n\t\t<li id=\"menu-item-295056\"><a href=\"\/es\/city-hall\/housing-and-community-development\/housing-and-community\/community-development\/live-local-act-inventory-list\/\">Lista de inventario de la Ley Local Viva<\/a><\/li>\n\t<\/ul>\n<\/li>\n\t<li id=\"menu-item-273936\" aria-haspopup=\"true\"><a aria-expanded=\"false\" href=\"\/es\/city-hall\/housing-and-community-development\/housing-and-community\/\/housing-services\/\">Servicios de Vivienda<\/a>\n\t<ul>\n\t\t<li id=\"menu-item-275063\"><a href=\"\/es\/city-hall\/housing-and-community-development\/housing-and-community\/housing-services\/firsttimehomebuyer\/\">Comprador de vivienda por primera vez<\/a><\/li>\n\t\t<li id=\"menu-item-275064\"><a href=\"\/es\/city-hall\/housing-and-community-development\/housing-and-community\/housing-services\/ship\/\">BARCO<\/a><\/li>\n\t\t<li id=\"menu-item-275065\"><a href=\"\/es\/city-hall\/housing-and-community-development\/housing-and-community\/housing-services\/fairhousing\/\">Vivienda justa<\/a><\/li>\n\t\t<li id=\"menu-item-335207\"><a href=\"\/es\/city-hall\/housing-and-community-development\/housing-and-community\/housing-services\/housing-program\/\">Programa de reembolso de tarifas de solicitud de alquiler<\/a><\/li>\n\t<\/ul>\n<\/li>\n<\/ul>\n<\/li>\n<li id=\"menu-item-273937\"><a href=\"\/es\/city-hall\/housing-and-community-development\/residential-housing\/\">Vivienda residencial<\/a><\/li>\n<li id=\"menu-item-273933\"><a href=\"\/es\/city-hall\/housing-and-community-development\/homeless-outreach\/\">Asistencia para personas sin hogar<\/a><\/li>\n<li id=\"menu-item-273930\" aria-haspopup=\"true\"><a aria-expanded=\"false\" href=\"\/es\/city-hall\/housing-and-community-development\/community-services\/\">Servicios comunitarios<\/a>\n<ul>\n\t<li id=\"menu-item-273931\" aria-haspopup=\"true\"><a aria-expanded=\"false\" href=\"\/es\/city-hall\/housing-and-community-development\/community-services\/elder-services\/\">Servicios para personas mayores<\/a>\n\t<ul>\n\t\t<li id=\"menu-item-279801\"><a href=\"\/es\/city-hall\/housing-and-community-development\/community-services\/elder-services\/senior-centers\/\">Centros para personas mayores<\/a><\/li>\n\t<\/ul>\n<\/li>\n\t<li id=\"menu-item-273932\"><a href=\"\/es\/city-hall\/housing-and-community-development\/community-services\/youth-services\/\">Servicios para j\u00f3venes<\/a><\/li>\n\t<li id=\"menu-item-274595\"><a href=\"\/es\/city-hall\/housing-and-community-development\/community-services\/#communityserviceslocations\">Ubicaciones<\/a><\/li>\n<\/ul>\n<\/li>\n<\/ul>\t\nVivienda y comunidad \u00d7\t\t\t\t\t\t<ul id=\"menu-housing-and-community-services-1\"><li id=\"menu-item-273929\"><a href=\"\/es\/city-hall\/housing-and-community-development\/\">H &amp; C Hogar<\/a><\/li>\n<li id=\"menu-item-273934\" aria-haspopup=\"true\"><a aria-expanded=\"false\" href=\"\/es\/city-hall\/housing-and-community-development\/housing-and-community\/\">Vivienda y comunidad<\/a>\n<ul>\n\t<li id=\"menu-item-273935\" aria-haspopup=\"true\"><a aria-expanded=\"false\" href=\"\/es\/city-hall\/housing-and-community-development\/housing-and-community\/community-development\/\">Desarrollo comunitario<\/a>\n\t<ul>\n\t\t<li id=\"menu-item-295056\"><a href=\"\/es\/city-hall\/housing-and-community-development\/housing-and-community\/community-development\/live-local-act-inventory-list\/\">Lista de inventario de la Ley Local Viva<\/a><\/li>\n\t<\/ul>\n<\/li>\n\t<li id=\"menu-item-273936\" aria-haspopup=\"true\"><a aria-expanded=\"false\" href=\"\/es\/city-hall\/housing-and-community-development\/housing-and-community\/\/housing-services\/\">Servicios de Vivienda<\/a>\n\t<ul>\n\t\t<li id=\"menu-item-275063\"><a href=\"\/es\/city-hall\/housing-and-community-development\/housing-and-community\/housing-services\/firsttimehomebuyer\/\">Comprador de vivienda por primera vez<\/a><\/li>\n\t\t<li id=\"menu-item-275064\"><a href=\"\/es\/city-hall\/housing-and-community-development\/housing-and-community\/housing-services\/ship\/\">BARCO<\/a><\/li>\n\t\t<li id=\"menu-item-275065\"><a href=\"\/es\/city-hall\/housing-and-community-development\/housing-and-community\/housing-services\/fairhousing\/\">Vivienda justa<\/a><\/li>\n\t\t<li id=\"menu-item-335207\"><a href=\"\/es\/city-hall\/housing-and-community-development\/housing-and-community\/housing-services\/housing-program\/\">Programa de reembolso de tarifas de solicitud de alquiler<\/a><\/li>\n\t<\/ul>\n<\/li>\n<\/ul>\n<\/li>\n<li id=\"menu-item-273937\"><a href=\"\/es\/city-hall\/housing-and-community-development\/residential-housing\/\">Vivienda residencial<\/a><\/li>\n<li id=\"menu-item-273933\"><a href=\"\/es\/city-hall\/housing-and-community-development\/homeless-outreach\/\">Asistencia para personas sin hogar<\/a><\/li>\n<li id=\"menu-item-273930\" aria-haspopup=\"true\"><a aria-expanded=\"false\" href=\"\/es\/city-hall\/housing-and-community-development\/community-services\/\">Servicios comunitarios<\/a>\n<ul>\n\t<li id=\"menu-item-273931\" aria-haspopup=\"true\"><a aria-expanded=\"false\" href=\"\/es\/city-hall\/housing-and-community-development\/community-services\/elder-services\/\">Servicios para personas mayores<\/a>\n\t<ul>\n\t\t<li id=\"menu-item-279801\"><a href=\"\/es\/city-hall\/housing-and-community-development\/community-services\/elder-services\/senior-centers\/\">Centros para personas mayores<\/a><\/li>\n\t<\/ul>\n<\/li>\n\t<li id=\"menu-item-273932\"><a href=\"\/es\/city-hall\/housing-and-community-development\/community-services\/youth-services\/\">Servicios para j\u00f3venes<\/a><\/li>\n\t<li id=\"menu-item-274595\"><a href=\"\/es\/city-hall\/housing-and-community-development\/community-services\/#communityserviceslocations\">Ubicaciones<\/a><\/li>\n<\/ul>\n<\/li>\n<\/ul>\t\t\t\t\n\t<iframe loading=\"lazy\" title=\"Formulario de admisi\u00f3n de Family Pathways\" width=\"100%\" height=\"480px\" src=\"https:\/\/forms.cloud.microsoft\/Pages\/ResponsePage.aspx?id=-QgWVfNIcUiAiqlp7Fz0iiA6Qqb27z1DiudlIhtpbEdUNEtNNkI0TVBJQ0lVRFlYSU1IMTRVTUtFUy4u&#038;embed=true\" frameborder=\"0\" marginwidth=\"0\" marginheight=\"0\" allowfullscreen webkitallowfullscreen mozallowfullscreen msallowfullscreen> <\/iframe>\n\t<p>Para obtener m\u00e1s informaci\u00f3n, comun\u00edquese al 305.673.7491 o env\u00ede un correo electr\u00f3nico. <strong><a href=\"mailto:familypathways@miamibeachfl.gov\">familypathways@miamibeachfl.gov<\/a>. <\/strong><\/p>\n\t\t\t\t<img decoding=\"async\" src=\"https:\/\/www.miamibeachfl.gov\/wp-content\/uploads\/bb-plugin\/cache\/Alba-Tarre1000sq-circle.jpg\" alt=\"Alba Tarre\" title=\"Alba-Tarre1000m2\" itemprop=\"image\"\/>\n\t\t\t\t \n\t\t<h3>Alba Tarre<\/h3>Director del Departamento Nos dedicamos a responder a las necesidades de nuestros residentes brindando la m\u00e1s alta calidad de servicio y apoyo, garantizando al mismo tiempo la satisfacci\u00f3n del cliente en cada interacci\u00f3n.\t\t\t\t\t\n\t<ul>\n\t\t<li>\t\t\t\t\n\t\t<h3>Ubicaciones<\/h3><p>765 Calle 17\u00a0<\/p><\/li><li>\t\t\t\t\n\t\t<h3>N\u00famero principal:<\/h3><p><strong><a href=\"tel:3056737491\">305.673.7491<\/a><\/strong><\/p><\/li><li>\t\t\t\t\n\t\t<h3>Correo electr\u00f3nico:<\/h3><p><strong><a href=\"mailto:albatarre@miamibeachfl.gov\">albatarre@miamibeachfl.gov<\/a><\/strong><\/p><\/li><li>\t\t\t\t\n\t\t<h3>Horario de atenci\u00f3n:<\/h3><p>Lunes \u2013 Viernes<br \/>8:30 a. m. \u2013 5 p. m.<\/p><\/li>\t<\/ul>","protected":false},"excerpt":{"rendered":"<p>Formulario de admisi\u00f3n de Family Pathways Vivienda y comunidad H &amp; C Inicio Vivienda y comunidad Desarrollo comunitario Ley Live Local Inventario [\u2026]<\/p>","protected":false},"author":329,"featured_media":0,"parent":273919,"menu_order":0,"comment_status":"closed","ping_status":"closed","template":"","meta":{"_searchwp_excluded":"","site-sidebar-layout":"default","site-content-layout":"","ast-site-content-layout":"default","site-content-style":"default","site-sidebar-style":"default","ast-global-header-display":"","ast-banner-title-visibility":"","ast-main-header-display":"","ast-hfb-above-header-display":"","ast-hfb-below-header-display":"","ast-hfb-mobile-header-display":"","site-post-title":"","ast-breadcrumbs-content":"","ast-featured-img":"","footer-sml-layout":"","theme-transparent-header-meta":"","adv-header-id-meta":"","stick-header-meta":"","header-above-stick-meta":"","header-main-stick-meta":"","header-below-stick-meta":"","astra-migrate-meta-layouts":"default","ast-page-background-enabled":"default","ast-page-background-meta":{"desktop":{"background-color":"var(--ast-global-color-5)","background-image":"","background-repeat":"repeat","background-position":"center center","background-size":"auto","background-attachment":"scroll","background-type":"","background-media":"","overlay-type":"","overlay-color":"","overlay-opacity":"","overlay-gradient":""},"tablet":{"background-color":"","background-image":"","background-repeat":"repeat","background-position":"center center","background-size":"auto","background-attachment":"scroll","background-type":"","background-media":"","overlay-type":"","overlay-color":"","overlay-opacity":"","overlay-gradient":""},"mobile":{"background-color":"","background-image":"","background-repeat":"repeat","background-position":"center center","background-size":"auto","background-attachment":"scroll","background-type":"","background-media":"","overlay-type":"","overlay-color":"","overlay-opacity":"","overlay-gradient":""}},"ast-content-background-meta":{"desktop":{"background-color":"var(--ast-global-color-4)","background-image":"","background-repeat":"repeat","background-position":"center center","background-size":"auto","background-attachment":"scroll","background-type":"","background-media":"","overlay-type":"","overlay-color":"","overlay-opacity":"","overlay-gradient":""},"tablet":{"background-color":"var(--ast-global-color-4)","background-image":"","background-repeat":"repeat","background-position":"center center","background-size":"auto","background-attachment":"scroll","background-type":"","background-media":"","overlay-type":"","overlay-color":"","overlay-opacity":"","overlay-gradient":""},"mobile":{"background-color":"var(--ast-global-color-4)","background-image":"","background-repeat":"repeat","background-position":"center center","background-size":"auto","background-attachment":"scroll","background-type":"","background-media":"","overlay-type":"","overlay-color":"","overlay-opacity":"","overlay-gradient":""}},"footnotes":""},"categories":[],"tags":[1106],"class_list":["post-387497","page","type-page","status-publish","hentry","tag-housing-and-community-development"],"yoast_head":"<!-- This site is optimized with the Yoast SEO Premium plugin v26.6 (Yoast SEO v26.6) - https:\/\/yoast.com\/wordpress\/plugins\/seo\/ -->\n<title>Family Pathways Intake Form - City of Miami Beach<\/title>\n<meta name=\"description\" content=\"%\" \/>\n<meta name=\"robots\" content=\"index, follow, max-snippet:-1, max-image-preview:large, max-video-preview:-1\" \/>\n<link rel=\"canonical\" href=\"https:\/\/www.miamibeachfl.gov\/es\/city-hall\/housing-and-community-development\/community-services\/youth-services\/family-pathways-form\/\" \/>\n<meta property=\"og:locale\" content=\"es_ES\" \/>\n<meta property=\"og:type\" content=\"article\" \/>\n<meta property=\"og:title\" content=\"Family Pathways Intake Form\" \/>\n<meta property=\"og:description\" content=\"%\" \/>\n<meta property=\"og:url\" content=\"https:\/\/www.miamibeachfl.gov\/es\/city-hall\/housing-and-community-development\/community-services\/youth-services\/family-pathways-form\/\" \/>\n<meta property=\"og:site_name\" content=\"City of Miami Beach\" \/>\n<meta property=\"article:publisher\" content=\"https:\/\/www.facebook.com\/cityofmiamibeach\" \/>\n<meta property=\"article:modified_time\" content=\"2026-01-22T21:49:35+00:00\" \/>\n<meta property=\"og:image\" content=\"https:\/\/www.miamibeachfl.gov\/wp-content\/uploads\/bb-plugin\/cache\/Alba-Tarre1000sq-circle.jpg\" \/>\n<meta name=\"twitter:card\" content=\"summary_large_image\" \/>\n<meta name=\"twitter:site\" content=\"@Miamibeachnews\" \/>\n<script type=\"application\/ld+json\" class=\"yoast-schema-graph\">{\"@context\":\"https:\/\/schema.org\",\"@graph\":[{\"@type\":\"WebPage\",\"@id\":\"https:\/\/www.miamibeachfl.gov\/city-hall\/housing-and-community-development\/community-services\/youth-services\/family-pathways-form\/\",\"url\":\"https:\/\/www.miamibeachfl.gov\/city-hall\/housing-and-community-development\/community-services\/youth-services\/family-pathways-form\/\",\"name\":\"Family Pathways Intake Form - City of Miami Beach\",\"isPartOf\":{\"@id\":\"https:\/\/www.miamibeachfl.gov\/#website\"},\"primaryImageOfPage\":{\"@id\":\"https:\/\/www.miamibeachfl.gov\/city-hall\/housing-and-community-development\/community-services\/youth-services\/family-pathways-form\/#primaryimage\"},\"image\":{\"@id\":\"https:\/\/www.miamibeachfl.gov\/city-hall\/housing-and-community-development\/community-services\/youth-services\/family-pathways-form\/#primaryimage\"},\"thumbnailUrl\":\"https:\/\/www.miamibeachfl.gov\/wp-content\/uploads\/bb-plugin\/cache\/Alba-Tarre1000sq-circle.jpg\",\"datePublished\":\"2025-08-05T18:27:04+00:00\",\"dateModified\":\"2026-01-22T21:49:35+00:00\",\"description\":\"%\",\"breadcrumb\":{\"@id\":\"https:\/\/www.miamibeachfl.gov\/city-hall\/housing-and-community-development\/community-services\/youth-services\/family-pathways-form\/#breadcrumb\"},\"inLanguage\":\"es\",\"potentialAction\":[{\"@type\":\"ReadAction\",\"target\":[\"https:\/\/www.miamibeachfl.gov\/city-hall\/housing-and-community-development\/community-services\/youth-services\/family-pathways-form\/\"]}]},{\"@type\":\"ImageObject\",\"inLanguage\":\"es\",\"@id\":\"https:\/\/www.miamibeachfl.gov\/city-hall\/housing-and-community-development\/community-services\/youth-services\/family-pathways-form\/#primaryimage\",\"url\":\"https:\/\/www.miamibeachfl.gov\/wp-content\/uploads\/bb-plugin\/cache\/Alba-Tarre1000sq-circle.jpg\",\"contentUrl\":\"https:\/\/www.miamibeachfl.gov\/wp-content\/uploads\/bb-plugin\/cache\/Alba-Tarre1000sq-circle.jpg\"},{\"@type\":\"BreadcrumbList\",\"@id\":\"https:\/\/www.miamibeachfl.gov\/city-hall\/housing-and-community-development\/community-services\/youth-services\/family-pathways-form\/#breadcrumb\",\"itemListElement\":[{\"@type\":\"ListItem\",\"position\":1,\"name\":\"Home\",\"item\":\"https:\/\/www.miamibeachfl.gov\/\"},{\"@type\":\"ListItem\",\"position\":2,\"name\":\"City Hall\",\"item\":\"https:\/\/www.miamibeachfl.gov\/city-hall\/\"},{\"@type\":\"ListItem\",\"position\":3,\"name\":\"Housing &#038; Community Services\",\"item\":\"https:\/\/www.miamibeachfl.gov\/city-hall\/housing-and-community-development\/\"},{\"@type\":\"ListItem\",\"position\":4,\"name\":\"Community Services\",\"item\":\"https:\/\/www.miamibeachfl.gov\/city-hall\/housing-and-community-development\/community-services\/\"},{\"@type\":\"ListItem\",\"position\":5,\"name\":\"Youth Services\",\"item\":\"https:\/\/www.miamibeachfl.gov\/city-hall\/housing-and-community-development\/community-services\/youth-services\/\"},{\"@type\":\"ListItem\",\"position\":6,\"name\":\"Family Pathways Intake Form\"}]},{\"@type\":\"WebSite\",\"@id\":\"https:\/\/www.miamibeachfl.gov\/#website\",\"url\":\"https:\/\/www.miamibeachfl.gov\/\",\"name\":\"City of Miami Beach\",\"description\":\"The official website of the City of Miami Beach. Stay informed, find important information on city services, news, alerts, events, trolley routes, government employment and more.\",\"publisher\":{\"@id\":\"https:\/\/www.miamibeachfl.gov\/#organization\"},\"potentialAction\":[{\"@type\":\"SearchAction\",\"target\":{\"@type\":\"EntryPoint\",\"urlTemplate\":\"https:\/\/www.miamibeachfl.gov\/?s={search_term_string}\"},\"query-input\":{\"@type\":\"PropertyValueSpecification\",\"valueRequired\":true,\"valueName\":\"search_term_string\"}}],\"inLanguage\":\"es\"},{\"@type\":\"Organization\",\"@id\":\"https:\/\/www.miamibeachfl.gov\/#organization\",\"name\":\"City of Miami Beach\",\"url\":\"https:\/\/www.miamibeachfl.gov\/\",\"logo\":{\"@type\":\"ImageObject\",\"inLanguage\":\"es\",\"@id\":\"https:\/\/www.miamibeachfl.gov\/#\/schema\/logo\/image\/\",\"url\":\"https:\/\/www.miamibeachfl.gov\/wp-content\/uploads\/2022\/06\/miamibeach-logoblue.png\",\"contentUrl\":\"https:\/\/www.miamibeachfl.gov\/wp-content\/uploads\/2022\/06\/miamibeach-logoblue.png\",\"width\":1962,\"height\":381,\"caption\":\"City of Miami Beach\"},\"image\":{\"@id\":\"https:\/\/www.miamibeachfl.gov\/#\/schema\/logo\/image\/\"},\"sameAs\":[\"https:\/\/www.facebook.com\/cityofmiamibeach\",\"https:\/\/x.com\/Miamibeachnews\",\"https:\/\/www.instagram.com\/miamibeachnews\/\"],\"description\":\"The official website of the City of Miami Beach. Stay informed, find important information on city services, news, alerts, events, trolley routes, government employment and more.\",\"telephone\":\"305.604.CITY(2489)\",\"legalName\":\"City of Miami Beach\"}]}<\/script>\n<!-- \/ Yoast SEO Premium plugin. -->","yoast_head_json":{"title":"Formulario de admisi\u00f3n de Family Pathways - Ciudad de Miami Beach","description":"%","robots":{"index":"index","follow":"follow","max-snippet":"max-snippet:-1","max-image-preview":"max-image-preview:large","max-video-preview":"max-video-preview:-1"},"canonical":"https:\/\/www.miamibeachfl.gov\/es\/city-hall\/housing-and-community-development\/community-services\/youth-services\/family-pathways-form\/","og_locale":"es_ES","og_type":"article","og_title":"Family Pathways Intake Form","og_description":"%","og_url":"https:\/\/www.miamibeachfl.gov\/es\/city-hall\/housing-and-community-development\/community-services\/youth-services\/family-pathways-form\/","og_site_name":"City of Miami Beach","article_publisher":"https:\/\/www.facebook.com\/cityofmiamibeach","article_modified_time":"2026-01-22T21:49:35+00:00","og_image":[{"url":"https:\/\/www.miamibeachfl.gov\/wp-content\/uploads\/bb-plugin\/cache\/Alba-Tarre1000sq-circle.jpg","type":"","width":"","height":""}],"twitter_card":"summary_large_image","twitter_site":"@Miamibeachnews","schema":{"@context":"https:\/\/schema.org","@graph":[{"@type":"WebPage","@id":"https:\/\/www.miamibeachfl.gov\/city-hall\/housing-and-community-development\/community-services\/youth-services\/family-pathways-form\/","url":"https:\/\/www.miamibeachfl.gov\/city-hall\/housing-and-community-development\/community-services\/youth-services\/family-pathways-form\/","name":"Formulario de admisi\u00f3n de Family Pathways - Ciudad de Miami Beach","isPartOf":{"@id":"https:\/\/www.miamibeachfl.gov\/#website"},"primaryImageOfPage":{"@id":"https:\/\/www.miamibeachfl.gov\/city-hall\/housing-and-community-development\/community-services\/youth-services\/family-pathways-form\/#primaryimage"},"image":{"@id":"https:\/\/www.miamibeachfl.gov\/city-hall\/housing-and-community-development\/community-services\/youth-services\/family-pathways-form\/#primaryimage"},"thumbnailUrl":"https:\/\/www.miamibeachfl.gov\/wp-content\/uploads\/bb-plugin\/cache\/Alba-Tarre1000sq-circle.jpg","datePublished":"2025-08-05T18:27:04+00:00","dateModified":"2026-01-22T21:49:35+00:00","description":"%","breadcrumb":{"@id":"https:\/\/www.miamibeachfl.gov\/city-hall\/housing-and-community-development\/community-services\/youth-services\/family-pathways-form\/#breadcrumb"},"inLanguage":"es","potentialAction":[{"@type":"ReadAction","target":["https:\/\/www.miamibeachfl.gov\/city-hall\/housing-and-community-development\/community-services\/youth-services\/family-pathways-form\/"]}]},{"@type":"ImageObject","inLanguage":"es","@id":"https:\/\/www.miamibeachfl.gov\/city-hall\/housing-and-community-development\/community-services\/youth-services\/family-pathways-form\/#primaryimage","url":"https:\/\/www.miamibeachfl.gov\/wp-content\/uploads\/bb-plugin\/cache\/Alba-Tarre1000sq-circle.jpg","contentUrl":"https:\/\/www.miamibeachfl.gov\/wp-content\/uploads\/bb-plugin\/cache\/Alba-Tarre1000sq-circle.jpg"},{"@type":"BreadcrumbList","@id":"https:\/\/www.miamibeachfl.gov\/city-hall\/housing-and-community-development\/community-services\/youth-services\/family-pathways-form\/#breadcrumb","itemListElement":[{"@type":"ListItem","position":1,"name":"Home","item":"https:\/\/www.miamibeachfl.gov\/"},{"@type":"ListItem","position":2,"name":"City Hall","item":"https:\/\/www.miamibeachfl.gov\/city-hall\/"},{"@type":"ListItem","position":3,"name":"Housing &#038; Community Services","item":"https:\/\/www.miamibeachfl.gov\/city-hall\/housing-and-community-development\/"},{"@type":"ListItem","position":4,"name":"Community Services","item":"https:\/\/www.miamibeachfl.gov\/city-hall\/housing-and-community-development\/community-services\/"},{"@type":"ListItem","position":5,"name":"Youth Services","item":"https:\/\/www.miamibeachfl.gov\/city-hall\/housing-and-community-development\/community-services\/youth-services\/"},{"@type":"ListItem","position":6,"name":"Family Pathways Intake Form"}]},{"@type":"WebSite","@id":"https:\/\/www.miamibeachfl.gov\/#website","url":"https:\/\/www.miamibeachfl.gov\/","name":"Ciudad de Miami Beach","description":"Sitio web oficial de la Ciudad de Miami Beach. Mant\u00e9ngase informado, encuentre informaci\u00f3n importante sobre servicios municipales, noticias, alertas, eventos, rutas de tranv\u00edas, empleos gubernamentales y m\u00e1s.","publisher":{"@id":"https:\/\/www.miamibeachfl.gov\/#organization"},"potentialAction":[{"@type":"SearchAction","target":{"@type":"EntryPoint","urlTemplate":"https:\/\/www.miamibeachfl.gov\/?s={search_term_string}"},"query-input":{"@type":"PropertyValueSpecification","valueRequired":true,"valueName":"search_term_string"}}],"inLanguage":"es"},{"@type":"Organization","@id":"https:\/\/www.miamibeachfl.gov\/#organization","name":"Ciudad de Miami Beach","url":"https:\/\/www.miamibeachfl.gov\/","logo":{"@type":"ImageObject","inLanguage":"es","@id":"https:\/\/www.miamibeachfl.gov\/#\/schema\/logo\/image\/","url":"https:\/\/www.miamibeachfl.gov\/wp-content\/uploads\/2022\/06\/miamibeach-logoblue.png","contentUrl":"https:\/\/www.miamibeachfl.gov\/wp-content\/uploads\/2022\/06\/miamibeach-logoblue.png","width":1962,"height":381,"caption":"City of Miami Beach"},"image":{"@id":"https:\/\/www.miamibeachfl.gov\/#\/schema\/logo\/image\/"},"sameAs":["https:\/\/www.facebook.com\/cityofmiamibeach","https:\/\/x.com\/Miamibeachnews","https:\/\/www.instagram.com\/miamibeachnews\/"],"description":"Sitio web oficial de la Ciudad de Miami Beach. Mant\u00e9ngase informado, encuentre informaci\u00f3n importante sobre servicios municipales, noticias, alertas, eventos, rutas de tranv\u00edas, empleos gubernamentales y m\u00e1s.","telephone":"305.604.CITY(2489)","legalName":"City of Miami Beach"}]}},"_links":{"self":[{"href":"https:\/\/www.miamibeachfl.gov\/es\/wp-json\/wp\/v2\/pages\/387497","targetHints":{"allow":["GET"]}}],"collection":[{"href":"https:\/\/www.miamibeachfl.gov\/es\/wp-json\/wp\/v2\/pages"}],"about":[{"href":"https:\/\/www.miamibeachfl.gov\/es\/wp-json\/wp\/v2\/types\/page"}],"author":[{"embeddable":true,"href":"https:\/\/www.miamibeachfl.gov\/es\/wp-json\/wp\/v2\/users\/329"}],"replies":[{"embeddable":true,"href":"https:\/\/www.miamibeachfl.gov\/es\/wp-json\/wp\/v2\/comments?post=387497"}],"version-history":[{"count":0,"href":"https:\/\/www.miamibeachfl.gov\/es\/wp-json\/wp\/v2\/pages\/387497\/revisions"}],"up":[{"embeddable":true,"href":"https:\/\/www.miamibeachfl.gov\/es\/wp-json\/wp\/v2\/pages\/273919"}],"wp:attachment":[{"href":"https:\/\/www.miamibeachfl.gov\/es\/wp-json\/wp\/v2\/media?parent=387497"}],"wp:term":[{"taxonomy":"category","embeddable":true,"href":"https:\/\/www.miamibeachfl.gov\/es\/wp-json\/wp\/v2\/categories?post=387497"},{"taxonomy":"post_tag","embeddable":true,"href":"https:\/\/www.miamibeachfl.gov\/es\/wp-json\/wp\/v2\/tags?post=387497"}],"curies":[{"name":"gracias","href":"https:\/\/api.w.org\/{rel}","templated":true}]}}