{"id":391252,"date":"2025-11-06T15:49:24","date_gmt":"2025-11-06T20:49:24","guid":{"rendered":"https:\/\/www.miamibeachfl.gov\/?page_id=391252"},"modified":"2026-04-01T09:44:51","modified_gmt":"2026-04-01T13:44:51","slug":"water-quality-miami-beach","status":"publish","type":"page","link":"https:\/\/www.miamibeachfl.gov\/es\/water-quality\/water-quality-miami-beach\/","title":{"rendered":"Calidad del agua \u2013 Miami Beach"},"content":{"rendered":"<button tabindex=\"0\" aria-label=\"Men\u00fa\" aria-expanded=\"false\">\n\t\t\t\tMen\u00fa\t\t\t<\/button>\n\t<nav aria-label=\"Men\u00fa\" itemscope=\"itemscope\" itemtype=\"https:\/\/schema.org\/SiteNavigationElement\">\n\t\t<a href=\"javascript:void(0)\" aria-label=\"Cerrar el men\u00fa\" role=\"button\">\u00d7<\/a>\n\t\t<ul id=\"menu-water-quality\"><li id=\"menu-item-391246\"><a href=\"https:\/\/www.miamibeachfl.gov\/es\/water-quality\/\">Hogar<\/a><\/li><li id=\"menu-item-391270\"><a href=\"https:\/\/www.miamibeachfl.gov\/es\/water-quality\/water-quality-miami-beach\/\" aria-current=\"page\">Nadar<\/a><\/li><li id=\"menu-item-391303\"><a href=\"https:\/\/www.miamibeachfl.gov\/es\/water-quality\/biscayne-bay\/\">Bah\u00eda Biscayne<\/a><\/li><li id=\"menu-item-391302\"><a href=\"https:\/\/www.miamibeachfl.gov\/es\/water-quality\/pollution-prevention\/\">Prevenci\u00f3n de la contaminaci\u00f3n<\/a><\/li><li id=\"menu-item-391300\"><a href=\"https:\/\/www.miamibeachfl.gov\/es\/water-quality\/drinking-water\/\">Agua potable<\/a><\/li><\/ul>\t<\/nav>\n\t\t\t\t<img decoding=\"async\" src=\"https:\/\/www.miamibeachfl.gov\/wp-content\/uploads\/2024\/02\/ParksSquare-swimming.jpeg\" alt=\"Little girl in the pool\" itemprop=\"image\" height=\"500\" width=\"500\" title=\"Nataci\u00f3n en ParksSquare\" onerror=\"this.style.display='none'\" loading=\"lazy\" \/>\n<h1>\n\t\t\tNadar\t<\/h1>\n\t<p>Miami Beach es mundialmente conocida por sus hermosas playas y vibrante costa. Inf\u00f3rmese sobre d\u00f3nde nadar, las condiciones actuales de la playa y las alertas.<\/p>\n\t<nav id=\"breadcrumbs\" aria-label=\"Pan rallado\"><a href=\"https:\/\/www.miamibeachfl.gov\/es\/\">Hogar<\/a> &gt; <a href=\"https:\/\/www.miamibeachfl.gov\/es\/water-quality\/\">Calidad del agua<\/a> &gt; <strong>Calidad del agua \u2013 Miami Beach<\/strong><\/nav><h2>\n\t\t\tD\u00f3nde nadar\t<\/h2>\n\t\t\t\t<img decoding=\"async\" src=\"https:\/\/www.miamibeachfl.gov\/wp-content\/uploads\/2022\/01\/ViewBeachCameras.jpg\" alt=\"ViewBeachCameras\" itemprop=\"image\" height=\"1076\" width=\"1617\" title=\"Ver c\u00e1maras de playa\" onerror=\"this.style.display='none'\" loading=\"lazy\" \/>\n\t<h3>Playa<\/h3>\nThe City of Miami Beach invites everyone to enjoy swimming and recreation along our 7-mile stretch of beaches. Lifeguard stands are positioned throughout and are staffed by trained professionals who monitor beachgoers and post flag warnings to indicate ocean conditions &#8211; such as strong currents, riptides, marine life presence and water quality. To ensure swimmer safety, boating traffic is restricted by swim buoys.<br \/>\n<strong><a href=\"https:\/\/www.miamibeachfl.gov\/es\/city-hall\/fire\/ocean-rescue\/lifeguard-towers\/\">Location of Lifeguard Towers &#8211; City of Miami Beach<\/a>\u00a0<\/strong>\n\t\t\t\t<img decoding=\"async\" src=\"https:\/\/www.miamibeachfl.gov\/wp-content\/uploads\/2024\/03\/ParksSquare-PeopleSwimmingFlamingoPool.jpeg\" alt=\"Flamingo Pool with people swimming\" itemprop=\"image\" height=\"500\" width=\"500\" title=\"Plaza del Parque - Gente Nadando en la Piscina de Flamencos\" onerror=\"this.style.display='none'\" loading=\"lazy\" \/>\n\t<h3>Piscinas<\/h3>\nMiami Beach ofrece piscinas p\u00fablicas en dos ubicaciones: Flamingo Park y Normandy Isles. Ambas instalaciones cuentan con carriles de nataci\u00f3n, \u00e1reas de juegos infantiles, programas recreativos y vestuarios. Consulte a continuaci\u00f3n el horario de atenci\u00f3n y planifique su visita.<br \/>\n<strong><a href=\"https:\/\/www.miamibeachfl.gov\/es\/city-hall\/parks-and-recreation\/sports-centers-fields-and-courts\/aquatics\/flamingo-and-normandy-pools\/\">Flamingo and Normandy Pools &#8211; City of Miami Beach<\/a>\u00a0<\/strong>\n<h2>\n\t\t\tCondiciones de la playa\t<\/h2>\n\t\t\t\t<img decoding=\"async\" src=\"https:\/\/www.miamibeachfl.gov\/wp-content\/uploads\/2023\/07\/LifeguardStand_46street-1.jpeg\" alt=\"LifeguardStand_46street\" itemprop=\"image\" height=\"667\" width=\"1000\" title=\"Puesto de socorrista_46street\" onerror=\"this.style.display='none'\" loading=\"lazy\" \/>\n\tAntes de salir, aseg\u00farese de consultar el estado actual de la playa, incluyendo informaci\u00f3n sobre mareas, recomendaciones para nadar, temperatura del agua, horario de los salvavidas y m\u00e1s. \u00a1Incluso puede ver nuestras dos c\u00e1maras web en vivo! Haga clic a continuaci\u00f3n para m\u00e1s informaci\u00f3n.<br \/>\n<strong><a href=\"https:\/\/www.miamibeachfl.gov\/es\/city-hall\/fire\/ocean-rescue\/currentbeachconditions\/\">Current Beach Conditions &#8211; City of Miami Beach\u00a0<\/a>\u00a0<\/strong>\n<h2>\n\t\t\tMuestreo de la calidad del agua, avisos y eventos posteriores a la lluvia\t<\/h2>\n\t\t\t\t<img decoding=\"async\" src=\"https:\/\/www.miamibeachfl.gov\/wp-content\/uploads\/2025\/12\/Water-Sample-scaled.png\" alt=\"Water Sample\" itemprop=\"image\" height=\"2257\" width=\"2560\" title=\"Muestra de agua\" onerror=\"this.style.display='none'\" loading=\"lazy\" \/>\n\t<p>The Florida Healthy Beaches Program publishes water quality test results and advisories for beaches across the state. It is recommended to check the program&#8217;s website for the latest advisories, especially following rainfall. South Florida experiences heavy rainfall during the rainy season (May through October). During this time, stormwater runoff often flows into the bay and ocean, carrying pollutants that can affect water quality. Because of this, both residents and visitors are advised to consult current water conditions and health advisories after significant rain events to ensure safe beach use.<\/p>\nEl enlace a continuaci\u00f3n muestra el estado de las playas de Miami Beach y el condado de Miami-Dade.<br \/>\n<strong><a href=\"https:\/\/www.floridahealth.gov\/environmental-health\/beach-water-quality\/county-detail.html?County=Dade&amp;Zip=33126\">Programa de Playas Saludables de Florida | Departamento de Salud de Florida<\/a>\u00a0<\/strong>\nLos avisos sobre la calidad del agua tambi\u00e9n se publican en la p\u00e1gina web de Miami Beach Rising Above.<br \/>\n<strong><a href=\"https:\/\/www.mbrisingabove.com\/climate-adaptation\/biscayne-bay\/water-quality\/\">Water Quality | Miami Beach &#8211; Rising Above<\/a>\u00a0<\/strong>","protected":false},"excerpt":{"rendered":"<p>Menu \u00d7 Home Swimming Biscayne Bay Pollution Prevention Drinking Water Swimming Miami Beach is world-renowned for its beautiful beaches and [&hellip;]<\/p>\n","protected":false},"author":329,"featured_media":0,"parent":391155,"menu_order":29,"comment_status":"closed","ping_status":"closed","template":"","meta":{"_searchwp_excluded":"","site-sidebar-layout":"default","site-content-layout":"","ast-site-content-layout":"default","site-content-style":"default","site-sidebar-style":"default","ast-global-header-display":"","ast-banner-title-visibility":"","ast-main-header-display":"","ast-hfb-above-header-display":"","ast-hfb-below-header-display":"","ast-hfb-mobile-header-display":"","site-post-title":"","ast-breadcrumbs-content":"","ast-featured-img":"","footer-sml-layout":"","theme-transparent-header-meta":"","adv-header-id-meta":"","stick-header-meta":"","header-above-stick-meta":"","header-main-stick-meta":"","header-below-stick-meta":"","astra-migrate-meta-layouts":"default","ast-page-background-enabled":"default","ast-page-background-meta":{"desktop":{"background-color":"var(--ast-global-color-5)","background-image":"","background-repeat":"repeat","background-position":"center center","background-size":"auto","background-attachment":"scroll","background-type":"","background-media":"","overlay-type":"","overlay-color":"","overlay-opacity":"","overlay-gradient":""},"tablet":{"background-color":"","background-image":"","background-repeat":"repeat","background-position":"center center","background-size":"auto","background-attachment":"scroll","background-type":"","background-media":"","overlay-type":"","overlay-color":"","overlay-opacity":"","overlay-gradient":""},"mobile":{"background-color":"","background-image":"","background-repeat":"repeat","background-position":"center center","background-size":"auto","background-attachment":"scroll","background-type":"","background-media":"","overlay-type":"","overlay-color":"","overlay-opacity":"","overlay-gradient":""}},"ast-content-background-meta":{"desktop":{"background-color":"var(--ast-global-color-4)","background-image":"","background-repeat":"repeat","background-position":"center center","background-size":"auto","background-attachment":"scroll","background-type":"","background-media":"","overlay-type":"","overlay-color":"","overlay-opacity":"","overlay-gradient":""},"tablet":{"background-color":"var(--ast-global-color-4)","background-image":"","background-repeat":"repeat","background-position":"center center","background-size":"auto","background-attachment":"scroll","background-type":"","background-media":"","overlay-type":"","overlay-color":"","overlay-opacity":"","overlay-gradient":""},"mobile":{"background-color":"var(--ast-global-color-4)","background-image":"","background-repeat":"repeat","background-position":"center center","background-size":"auto","background-attachment":"scroll","background-type":"","background-media":"","overlay-type":"","overlay-color":"","overlay-opacity":"","overlay-gradient":""}},"footnotes":""},"categories":[],"tags":[],"class_list":["post-391252","page","type-page","status-publish","hentry"],"yoast_head":"<!-- This site is optimized with the Yoast SEO Premium plugin v26.6 (Yoast SEO v26.6) - https:\/\/yoast.com\/wordpress\/plugins\/seo\/ -->\n<title>Water Quality - Miami Beach - City of Miami Beach<\/title>\n<meta name=\"description\" content=\"Miami Beach is world-renowned for its beautiful beaches and vibrant coastline. Learn more about where to swim, current beach conditions and advisories.\" \/>\n<meta name=\"robots\" content=\"index, follow, max-snippet:-1, max-image-preview:large, max-video-preview:-1\" \/>\n<link rel=\"canonical\" href=\"https:\/\/www.miamibeachfl.gov\/es\/water-quality\/water-quality-miami-beach\/\" \/>\n<meta property=\"og:locale\" content=\"es_ES\" \/>\n<meta property=\"og:type\" content=\"article\" \/>\n<meta property=\"og:title\" content=\"Water Quality - Miami Beach\" \/>\n<meta property=\"og:description\" content=\"Miami Beach is world-renowned for its beautiful beaches and vibrant coastline. Learn more about where to swim, current beach conditions and advisories.\" \/>\n<meta property=\"og:url\" content=\"https:\/\/www.miamibeachfl.gov\/es\/water-quality\/water-quality-miami-beach\/\" \/>\n<meta property=\"og:site_name\" content=\"City of Miami Beach\" \/>\n<meta property=\"article:publisher\" content=\"https:\/\/www.facebook.com\/cityofmiamibeach\" \/>\n<meta property=\"article:modified_time\" content=\"2026-04-01T13:44:51+00:00\" \/>\n<meta property=\"og:image\" content=\"https:\/\/www.miamibeachfl.gov\/wp-content\/uploads\/2023\/08\/Masterpermitcircle.jpeg\" \/>\n\t<meta property=\"og:image:width\" content=\"1200\" \/>\n\t<meta property=\"og:image:height\" content=\"1200\" \/>\n\t<meta property=\"og:image:type\" content=\"image\/jpeg\" \/>\n<meta name=\"twitter:card\" content=\"summary_large_image\" \/>\n<meta name=\"twitter:site\" content=\"@Miamibeachnews\" \/>\n<script type=\"application\/ld+json\" class=\"yoast-schema-graph\">{\"@context\":\"https:\/\/schema.org\",\"@graph\":[{\"@type\":\"WebPage\",\"@id\":\"https:\/\/www.miamibeachfl.gov\/water-quality\/water-quality-miami-beach\/\",\"url\":\"https:\/\/www.miamibeachfl.gov\/water-quality\/water-quality-miami-beach\/\",\"name\":\"Water Quality - Miami Beach - City of Miami Beach\",\"isPartOf\":{\"@id\":\"https:\/\/www.miamibeachfl.gov\/#website\"},\"primaryImageOfPage\":{\"@id\":\"https:\/\/www.miamibeachfl.gov\/water-quality\/water-quality-miami-beach\/#primaryimage\"},\"image\":{\"@id\":\"https:\/\/www.miamibeachfl.gov\/water-quality\/water-quality-miami-beach\/#primaryimage\"},\"thumbnailUrl\":\"https:\/\/www.miamibeachfl.gov\/wp-content\/uploads\/2024\/02\/ParksSquare-swimming.jpeg\",\"datePublished\":\"2025-11-06T20:49:24+00:00\",\"dateModified\":\"2026-04-01T13:44:51+00:00\",\"description\":\"Miami Beach is world-renowned for its beautiful beaches and vibrant coastline. Learn more about where to swim, current beach conditions and advisories.\",\"breadcrumb\":{\"@id\":\"https:\/\/www.miamibeachfl.gov\/water-quality\/water-quality-miami-beach\/#breadcrumb\"},\"inLanguage\":\"es\",\"potentialAction\":[{\"@type\":\"ReadAction\",\"target\":[\"https:\/\/www.miamibeachfl.gov\/water-quality\/water-quality-miami-beach\/\"]}]},{\"@type\":\"ImageObject\",\"inLanguage\":\"es\",\"@id\":\"https:\/\/www.miamibeachfl.gov\/water-quality\/water-quality-miami-beach\/#primaryimage\",\"url\":\"https:\/\/www.miamibeachfl.gov\/wp-content\/uploads\/2024\/02\/ParksSquare-swimming.jpeg\",\"contentUrl\":\"https:\/\/www.miamibeachfl.gov\/wp-content\/uploads\/2024\/02\/ParksSquare-swimming.jpeg\"},{\"@type\":\"BreadcrumbList\",\"@id\":\"https:\/\/www.miamibeachfl.gov\/water-quality\/water-quality-miami-beach\/#breadcrumb\",\"itemListElement\":[{\"@type\":\"ListItem\",\"position\":1,\"name\":\"Home\",\"item\":\"https:\/\/www.miamibeachfl.gov\/\"},{\"@type\":\"ListItem\",\"position\":2,\"name\":\"Water Quality\",\"item\":\"https:\/\/www.miamibeachfl.gov\/water-quality\/\"},{\"@type\":\"ListItem\",\"position\":3,\"name\":\"Water Quality &#8211; Miami Beach\"}]},{\"@type\":\"WebSite\",\"@id\":\"https:\/\/www.miamibeachfl.gov\/#website\",\"url\":\"https:\/\/www.miamibeachfl.gov\/\",\"name\":\"City of Miami Beach\",\"description\":\"The official website of the City of Miami Beach. Stay informed, find important information on city services, news, alerts, events, trolley routes, government employment and more.\",\"publisher\":{\"@id\":\"https:\/\/www.miamibeachfl.gov\/#organization\"},\"potentialAction\":[{\"@type\":\"SearchAction\",\"target\":{\"@type\":\"EntryPoint\",\"urlTemplate\":\"https:\/\/www.miamibeachfl.gov\/?s={search_term_string}\"},\"query-input\":{\"@type\":\"PropertyValueSpecification\",\"valueRequired\":true,\"valueName\":\"search_term_string\"}}],\"inLanguage\":\"es\"},{\"@type\":\"Organization\",\"@id\":\"https:\/\/www.miamibeachfl.gov\/#organization\",\"name\":\"City of Miami Beach\",\"url\":\"https:\/\/www.miamibeachfl.gov\/\",\"logo\":{\"@type\":\"ImageObject\",\"inLanguage\":\"es\",\"@id\":\"https:\/\/www.miamibeachfl.gov\/#\/schema\/logo\/image\/\",\"url\":\"https:\/\/www.miamibeachfl.gov\/wp-content\/uploads\/2022\/06\/miamibeach-logoblue.png\",\"contentUrl\":\"https:\/\/www.miamibeachfl.gov\/wp-content\/uploads\/2022\/06\/miamibeach-logoblue.png\",\"width\":1962,\"height\":381,\"caption\":\"City of Miami Beach\"},\"image\":{\"@id\":\"https:\/\/www.miamibeachfl.gov\/#\/schema\/logo\/image\/\"},\"sameAs\":[\"https:\/\/www.facebook.com\/cityofmiamibeach\",\"https:\/\/x.com\/Miamibeachnews\",\"https:\/\/www.instagram.com\/miamibeachnews\/\"],\"description\":\"The official website of the City of Miami Beach. Stay informed, find important information on city services, news, alerts, events, trolley routes, government employment and more.\",\"telephone\":\"305.604.CITY(2489)\",\"legalName\":\"City of Miami Beach\"}]}<\/script>\n<!-- \/ Yoast SEO Premium plugin. -->","yoast_head_json":{"title":"Water Quality - Miami Beach - City of Miami Beach","description":"Miami Beach es mundialmente conocida por sus hermosas playas y vibrante costa. Inf\u00f3rmese sobre d\u00f3nde nadar, las condiciones actuales de la playa y las alertas.","robots":{"index":"index","follow":"follow","max-snippet":"max-snippet:-1","max-image-preview":"max-image-preview:large","max-video-preview":"max-video-preview:-1"},"canonical":"https:\/\/www.miamibeachfl.gov\/es\/water-quality\/water-quality-miami-beach\/","og_locale":"es_ES","og_type":"article","og_title":"Water Quality - Miami Beach","og_description":"Miami Beach is world-renowned for its beautiful beaches and vibrant coastline. Learn more about where to swim, current beach conditions and advisories.","og_url":"https:\/\/www.miamibeachfl.gov\/es\/water-quality\/water-quality-miami-beach\/","og_site_name":"City of Miami Beach","article_publisher":"https:\/\/www.facebook.com\/cityofmiamibeach","article_modified_time":"2026-04-01T13:44:51+00:00","og_image":[{"width":1200,"height":1200,"url":"https:\/\/www.miamibeachfl.gov\/wp-content\/uploads\/2023\/08\/Masterpermitcircle.jpeg","type":"image\/jpeg"}],"twitter_card":"summary_large_image","twitter_site":"@Miamibeachnews","schema":{"@context":"https:\/\/schema.org","@graph":[{"@type":"WebPage","@id":"https:\/\/www.miamibeachfl.gov\/water-quality\/water-quality-miami-beach\/","url":"https:\/\/www.miamibeachfl.gov\/water-quality\/water-quality-miami-beach\/","name":"Water Quality - Miami Beach - City of Miami Beach","isPartOf":{"@id":"https:\/\/www.miamibeachfl.gov\/#website"},"primaryImageOfPage":{"@id":"https:\/\/www.miamibeachfl.gov\/water-quality\/water-quality-miami-beach\/#primaryimage"},"image":{"@id":"https:\/\/www.miamibeachfl.gov\/water-quality\/water-quality-miami-beach\/#primaryimage"},"thumbnailUrl":"https:\/\/www.miamibeachfl.gov\/wp-content\/uploads\/2024\/02\/ParksSquare-swimming.jpeg","datePublished":"2025-11-06T20:49:24+00:00","dateModified":"2026-04-01T13:44:51+00:00","description":"Miami Beach es mundialmente conocida por sus hermosas playas y vibrante costa. Inf\u00f3rmese sobre d\u00f3nde nadar, las condiciones actuales de la playa y las alertas.","breadcrumb":{"@id":"https:\/\/www.miamibeachfl.gov\/water-quality\/water-quality-miami-beach\/#breadcrumb"},"inLanguage":"es","potentialAction":[{"@type":"ReadAction","target":["https:\/\/www.miamibeachfl.gov\/water-quality\/water-quality-miami-beach\/"]}]},{"@type":"ImageObject","inLanguage":"es","@id":"https:\/\/www.miamibeachfl.gov\/water-quality\/water-quality-miami-beach\/#primaryimage","url":"https:\/\/www.miamibeachfl.gov\/wp-content\/uploads\/2024\/02\/ParksSquare-swimming.jpeg","contentUrl":"https:\/\/www.miamibeachfl.gov\/wp-content\/uploads\/2024\/02\/ParksSquare-swimming.jpeg"},{"@type":"BreadcrumbList","@id":"https:\/\/www.miamibeachfl.gov\/water-quality\/water-quality-miami-beach\/#breadcrumb","itemListElement":[{"@type":"ListItem","position":1,"name":"Home","item":"https:\/\/www.miamibeachfl.gov\/"},{"@type":"ListItem","position":2,"name":"Water Quality","item":"https:\/\/www.miamibeachfl.gov\/water-quality\/"},{"@type":"ListItem","position":3,"name":"Water Quality &#8211; Miami Beach"}]},{"@type":"WebSite","@id":"https:\/\/www.miamibeachfl.gov\/#website","url":"https:\/\/www.miamibeachfl.gov\/","name":"Ciudad de Miami Beach","description":"Sitio web oficial de la Ciudad de Miami Beach. Mant\u00e9ngase informado, encuentre informaci\u00f3n importante sobre servicios municipales, noticias, alertas, eventos, rutas de tranv\u00edas, empleos gubernamentales y m\u00e1s.","publisher":{"@id":"https:\/\/www.miamibeachfl.gov\/#organization"},"potentialAction":[{"@type":"SearchAction","target":{"@type":"EntryPoint","urlTemplate":"https:\/\/www.miamibeachfl.gov\/?s={search_term_string}"},"query-input":{"@type":"PropertyValueSpecification","valueRequired":true,"valueName":"search_term_string"}}],"inLanguage":"es"},{"@type":"Organization","@id":"https:\/\/www.miamibeachfl.gov\/#organization","name":"Ciudad de Miami Beach","url":"https:\/\/www.miamibeachfl.gov\/","logo":{"@type":"ImageObject","inLanguage":"es","@id":"https:\/\/www.miamibeachfl.gov\/#\/schema\/logo\/image\/","url":"https:\/\/www.miamibeachfl.gov\/wp-content\/uploads\/2022\/06\/miamibeach-logoblue.png","contentUrl":"https:\/\/www.miamibeachfl.gov\/wp-content\/uploads\/2022\/06\/miamibeach-logoblue.png","width":1962,"height":381,"caption":"City of Miami Beach"},"image":{"@id":"https:\/\/www.miamibeachfl.gov\/#\/schema\/logo\/image\/"},"sameAs":["https:\/\/www.facebook.com\/cityofmiamibeach","https:\/\/x.com\/Miamibeachnews","https:\/\/www.instagram.com\/miamibeachnews\/"],"description":"Sitio web oficial de la Ciudad de Miami Beach. Mant\u00e9ngase informado, encuentre informaci\u00f3n importante sobre servicios municipales, noticias, alertas, eventos, rutas de tranv\u00edas, empleos gubernamentales y m\u00e1s.","telephone":"305.604.CITY(2489)","legalName":"City of Miami Beach"}]}},"_links":{"self":[{"href":"https:\/\/www.miamibeachfl.gov\/es\/wp-json\/wp\/v2\/pages\/391252","targetHints":{"allow":["GET"]}}],"collection":[{"href":"https:\/\/www.miamibeachfl.gov\/es\/wp-json\/wp\/v2\/pages"}],"about":[{"href":"https:\/\/www.miamibeachfl.gov\/es\/wp-json\/wp\/v2\/types\/page"}],"author":[{"embeddable":true,"href":"https:\/\/www.miamibeachfl.gov\/es\/wp-json\/wp\/v2\/users\/329"}],"replies":[{"embeddable":true,"href":"https:\/\/www.miamibeachfl.gov\/es\/wp-json\/wp\/v2\/comments?post=391252"}],"version-history":[{"count":11,"href":"https:\/\/www.miamibeachfl.gov\/es\/wp-json\/wp\/v2\/pages\/391252\/revisions"}],"predecessor-version":[{"id":398191,"href":"https:\/\/www.miamibeachfl.gov\/es\/wp-json\/wp\/v2\/pages\/391252\/revisions\/398191"}],"up":[{"embeddable":true,"href":"https:\/\/www.miamibeachfl.gov\/es\/wp-json\/wp\/v2\/pages\/391155"}],"wp:attachment":[{"href":"https:\/\/www.miamibeachfl.gov\/es\/wp-json\/wp\/v2\/media?parent=391252"}],"wp:term":[{"taxonomy":"category","embeddable":true,"href":"https:\/\/www.miamibeachfl.gov\/es\/wp-json\/wp\/v2\/categories?post=391252"},{"taxonomy":"post_tag","embeddable":true,"href":"https:\/\/www.miamibeachfl.gov\/es\/wp-json\/wp\/v2\/tags?post=391252"}],"curies":[{"name":"gracias","href":"https:\/\/api.w.org\/{rel}","templated":true}]}}