{"id":391271,"date":"2025-11-06T15:59:03","date_gmt":"2025-11-06T20:59:03","guid":{"rendered":"https:\/\/www.miamibeachfl.gov\/?page_id=391271"},"modified":"2025-12-17T10:33:21","modified_gmt":"2025-12-17T15:33:21","slug":"biscayne-bay","status":"publish","type":"page","link":"https:\/\/www.miamibeachfl.gov\/es\/water-quality\/biscayne-bay\/","title":{"rendered":"Calidad del agua \u2013 Bah\u00eda de Biscayne"},"content":{"rendered":"<button tabindex=\"0\" aria-label=\"Men\u00fa\" aria-expanded=\"false\">\n\t\t\t\tMen\u00fa\t\t\t<\/button>\n\t<nav aria-label=\"Men\u00fa\" itemscope=\"itemscope\" itemtype=\"https:\/\/schema.org\/SiteNavigationElement\">\n\t\t<a href=\"javascript:void(0)\" aria-label=\"Cerrar el men\u00fa\" role=\"button\">\u00d7<\/a>\n\t\t<ul id=\"menu-water-quality\"><li id=\"menu-item-391246\"><a href=\"https:\/\/www.miamibeachfl.gov\/es\/water-quality\/\">Hogar<\/a><\/li><li id=\"menu-item-391270\"><a href=\"https:\/\/www.miamibeachfl.gov\/es\/water-quality\/water-quality-miami-beach\/\">Nadar<\/a><\/li><li id=\"menu-item-391303\"><a href=\"https:\/\/www.miamibeachfl.gov\/es\/water-quality\/biscayne-bay\/\" aria-current=\"page\">Bah\u00eda Biscayne<\/a><\/li><li id=\"menu-item-391302\"><a href=\"https:\/\/www.miamibeachfl.gov\/es\/water-quality\/pollution-prevention\/\">Prevenci\u00f3n de la contaminaci\u00f3n<\/a><\/li><li id=\"menu-item-391300\"><a href=\"https:\/\/www.miamibeachfl.gov\/es\/water-quality\/drinking-water\/\">Agua potable<\/a><\/li><\/ul>\t<\/nav>\n\t\t\t\t<img decoding=\"async\" src=\"https:\/\/www.miamibeachfl.gov\/wp-content\/uploads\/2025\/11\/Biscayne-Bay_2optimized.jpg\" alt=\"biscayne bay\" itemprop=\"image\" height=\"500\" width=\"500\" title=\"Bah\u00eda de Biscayne_2optimizada\" onerror=\"this.style.display='none'\" loading=\"lazy\" \/>\n<h1>\n\t\t\tBah\u00eda Biscayne\t<\/h1>\n\t<p>Con una extensi\u00f3n de 428 millas cuadradas, la Bah\u00eda de Biscayne rodea y separa Miami Beach del continente e incluye dos reservas acu\u00e1ticas estatales, un parque nacional y un santuario marino nacional. Proteger este importante recurso natural es una prioridad para la ciudad de Miami Beach. Explore a continuaci\u00f3n para obtener m\u00e1s informaci\u00f3n sobre la historia de la bah\u00eda, la calidad del agua y las iniciativas ambientales relacionadas, as\u00ed como las normas de seguridad para la navegaci\u00f3n y las actividades recreativas.<\/p>\n\t<nav id=\"breadcrumbs\" aria-label=\"Pan rallado\"><a href=\"https:\/\/www.miamibeachfl.gov\/es\/\">Hogar<\/a> &gt; <a href=\"https:\/\/www.miamibeachfl.gov\/es\/water-quality\/\">Calidad del agua<\/a> &gt; <strong>Calidad del agua \u2013 Bah\u00eda de Biscayne<\/strong><\/nav>\n\t\t\t\t<img decoding=\"async\" src=\"https:\/\/www.miamibeachfl.gov\/wp-content\/uploads\/2025\/11\/Biscayne-Bay_1-scaled-1.jpg\" alt=\"Biscayne Bay\" itemprop=\"image\" height=\"600\" width=\"600\" title=\"Bah\u00eda de Biscayne_1-escalado\" onerror=\"this.style.display='none'\" loading=\"lazy\" \/>\n<h2>\n\t\t\tProtegiendo la bah\u00eda\t<\/h2>\n\tLa ciudad de Miami Beach est\u00e1 comprometida con la salud de la Bah\u00eda de Biscayne y sus aguas circundantes. Como l\u00edder regional en protecci\u00f3n ambiental, Miami Beach ha desarrollado ordenanzas innovadoras, campa\u00f1as de educaci\u00f3n p\u00fablica y programas de infraestructura destinados a preservar este ecosistema vital. Conozca m\u00e1s sobre los esfuerzos de la ciudad, incluyendo sus iniciativas educativas y ordenanzas ambientales, a continuaci\u00f3n.<br \/>\n<strong><a href=\"https:\/\/www.mbrisingabove.com\/climate-adaptation\/biscayne-bay\/\">Bah\u00eda de Biscayne | Miami Beach \u2013 Elev\u00e1ndose hacia lo alto<\/a>\u00a0<\/strong>\nEl Departamento de Gesti\u00f3n de Recursos Ambientales del Condado de Miami-Dade lidera las estrategias integrales para la Bah\u00eda de Biscayne. A continuaci\u00f3n, encontrar\u00e1 informaci\u00f3n sobre las estrategias de liderazgo del Condado, incluyendo el Informe del Grupo de Trabajo de la Bah\u00eda de Biscayne y la Junta Asesora de Cuencas Hidrogr\u00e1ficas para la restauraci\u00f3n y la preservaci\u00f3n a largo plazo.<br \/>\n<strong><a href=\"https:\/\/www.miamidade.gov\/global\/economy\/environment\/biscayne-bay-solutions-recovery-plan.page\">Soluciones: Plan de recuperaci\u00f3n<\/a>\u00a0<\/strong>\n<h2>\n\t\t\tNavegaci\u00f3n y recreaci\u00f3n\t<\/h2>\n\t<strong>Seguridad y normas de navegaci\u00f3n<\/strong><br \/>\nObtenga m\u00e1s informaci\u00f3n sobre el Grupo de Trabajo sobre Seguridad N\u00e1utica y Educaci\u00f3n en la Bah\u00eda.<br \/>\nM\u00e1s informaci\u00f3n: <strong><a href=\"https:\/\/www.miamidade.gov\/global\/government\/taskforce\/boater-safety.page\">Grupo de Trabajo sobre Seguridad N\u00e1utica y Educaci\u00f3n sobre la Bah\u00eda<\/a>\u00a0<\/strong>\n<strong>Navegaci\u00f3n inteligente y seguridad contra incendios<\/strong><br \/>\nLa Guardia Costera de Estados Unidos recomienda una serie de pr\u00e1cticas de navegaci\u00f3n inteligentes, que incluyen protocolos de seguridad contra incendios y preparaci\u00f3n para emergencias.<br \/>\nExplora consejos: <strong><a href=\"https:\/\/www.miamidade.gov\/global\/fire\/safety-boats.page\">Consejos de seguridad: Seguridad en la navegaci\u00f3n<\/a><\/strong>\n<strong>Requisitos de educaci\u00f3n para navegantes\u00a0<\/strong><br \/>\nLa ley de Florida exige que toda persona nacida el 1 de enero de 1988 o despu\u00e9s, que opere una embarcaci\u00f3n, debe completar un curso certificado de seguridad n\u00e1utica.<br \/>\nObt\u00e9n tu certificaci\u00f3n: <strong><a href=\"https:\/\/www.flhsmv.gov\/motor-vehicles-tags-titles\/vessels\/boating-safety-education\/\">Seguridad y educaci\u00f3n para navegantes<\/a><\/strong>\n<strong>Pr\u00e1cticas de navegaci\u00f3n limpia<br \/>\n<\/strong>Ayuda a proteger la Bah\u00eda de Biscayne participando en el Programa de Navegaci\u00f3n Limpia de Florida. Aprende c\u00f3mo prevenir la contaminaci\u00f3n y proteger la vida marina mientras disfrutas del agua.<br \/>\n\u00danete al esfuerzo: <strong><a href=\"https:\/\/floridadep.gov\/rcp\/cva\/content\/clean-boater-program\">Programa de Navegantes Limpios<\/a><\/strong>\n<h2>\n\t\t\tPatrulla Marina de Miami Beach\t<\/h2>\n\t<p>El Departamento de Polic\u00eda de la Ciudad de Miami Beach opera una unidad activa de Patrulla Mar\u00edtima que monitorea las v\u00edas navegables locales y responde a las denuncias.<\/p>\n<ul>\n<li>Contacto para asuntos no urgentes: 305.673.7901<\/li>\n<li>En caso de emergencia: Llame al 911<\/li>\n<\/ul>","protected":false},"excerpt":{"rendered":"<p>Menu \u00d7 Home Swimming Biscayne Bay Pollution Prevention Drinking Water Biscayne Bay Spanning 428 square miles, Biscayne Bay surrounds and [&hellip;]<\/p>\n","protected":false},"author":329,"featured_media":0,"parent":391155,"menu_order":29,"comment_status":"closed","ping_status":"closed","template":"","meta":{"_searchwp_excluded":"","site-sidebar-layout":"default","site-content-layout":"","ast-site-content-layout":"default","site-content-style":"default","site-sidebar-style":"default","ast-global-header-display":"","ast-banner-title-visibility":"","ast-main-header-display":"","ast-hfb-above-header-display":"","ast-hfb-below-header-display":"","ast-hfb-mobile-header-display":"","site-post-title":"","ast-breadcrumbs-content":"","ast-featured-img":"","footer-sml-layout":"","theme-transparent-header-meta":"","adv-header-id-meta":"","stick-header-meta":"","header-above-stick-meta":"","header-main-stick-meta":"","header-below-stick-meta":"","astra-migrate-meta-layouts":"default","ast-page-background-enabled":"default","ast-page-background-meta":{"desktop":{"background-color":"var(--ast-global-color-5)","background-image":"","background-repeat":"repeat","background-position":"center center","background-size":"auto","background-attachment":"scroll","background-type":"","background-media":"","overlay-type":"","overlay-color":"","overlay-opacity":"","overlay-gradient":""},"tablet":{"background-color":"","background-image":"","background-repeat":"repeat","background-position":"center center","background-size":"auto","background-attachment":"scroll","background-type":"","background-media":"","overlay-type":"","overlay-color":"","overlay-opacity":"","overlay-gradient":""},"mobile":{"background-color":"","background-image":"","background-repeat":"repeat","background-position":"center center","background-size":"auto","background-attachment":"scroll","background-type":"","background-media":"","overlay-type":"","overlay-color":"","overlay-opacity":"","overlay-gradient":""}},"ast-content-background-meta":{"desktop":{"background-color":"var(--ast-global-color-4)","background-image":"","background-repeat":"repeat","background-position":"center center","background-size":"auto","background-attachment":"scroll","background-type":"","background-media":"","overlay-type":"","overlay-color":"","overlay-opacity":"","overlay-gradient":""},"tablet":{"background-color":"var(--ast-global-color-4)","background-image":"","background-repeat":"repeat","background-position":"center center","background-size":"auto","background-attachment":"scroll","background-type":"","background-media":"","overlay-type":"","overlay-color":"","overlay-opacity":"","overlay-gradient":""},"mobile":{"background-color":"var(--ast-global-color-4)","background-image":"","background-repeat":"repeat","background-position":"center center","background-size":"auto","background-attachment":"scroll","background-type":"","background-media":"","overlay-type":"","overlay-color":"","overlay-opacity":"","overlay-gradient":""}},"footnotes":""},"categories":[],"tags":[],"class_list":["post-391271","page","type-page","status-publish","hentry"],"yoast_head":"<!-- This site is optimized with the Yoast SEO Premium plugin v26.6 (Yoast SEO v26.6) - https:\/\/yoast.com\/wordpress\/plugins\/seo\/ -->\n<title>Water Quality - Biscayne Bay - City of Miami Beach<\/title>\n<meta name=\"description\" content=\"Spanning 428 square miles, Biscayne Bay surrounds and separates Miami Beach from the mainland and includes two state aquatic preserves, a national park and a national marine sanctuary. Protecting this important natural resource is a priority for the City of Miami Beach.\" \/>\n<meta name=\"robots\" content=\"index, follow, max-snippet:-1, max-image-preview:large, max-video-preview:-1\" \/>\n<link rel=\"canonical\" href=\"https:\/\/www.miamibeachfl.gov\/es\/water-quality\/biscayne-bay\/\" \/>\n<meta property=\"og:locale\" content=\"es_ES\" \/>\n<meta property=\"og:type\" content=\"article\" \/>\n<meta property=\"og:title\" content=\"Water Quality - Biscayne Bay\" \/>\n<meta property=\"og:description\" content=\"Spanning 428 square miles, Biscayne Bay surrounds and separates Miami Beach from the mainland and includes two state aquatic preserves, a national park and a national marine sanctuary. Protecting this important natural resource is a priority for the City of Miami Beach.\" \/>\n<meta property=\"og:url\" content=\"https:\/\/www.miamibeachfl.gov\/es\/water-quality\/biscayne-bay\/\" \/>\n<meta property=\"og:site_name\" content=\"City of Miami Beach\" \/>\n<meta property=\"article:publisher\" content=\"https:\/\/www.facebook.com\/cityofmiamibeach\" \/>\n<meta property=\"article:modified_time\" content=\"2025-12-17T15:33:21+00:00\" \/>\n<meta property=\"og:image\" content=\"https:\/\/www.miamibeachfl.gov\/wp-content\/uploads\/2023\/08\/Masterpermitcircle.jpeg\" \/>\n\t<meta property=\"og:image:width\" content=\"1200\" \/>\n\t<meta property=\"og:image:height\" content=\"1200\" \/>\n\t<meta property=\"og:image:type\" content=\"image\/jpeg\" \/>\n<meta name=\"twitter:card\" content=\"summary_large_image\" \/>\n<meta name=\"twitter:site\" content=\"@Miamibeachnews\" \/>\n<script type=\"application\/ld+json\" class=\"yoast-schema-graph\">{\"@context\":\"https:\/\/schema.org\",\"@graph\":[{\"@type\":\"WebPage\",\"@id\":\"https:\/\/www.miamibeachfl.gov\/water-quality\/biscayne-bay\/\",\"url\":\"https:\/\/www.miamibeachfl.gov\/water-quality\/biscayne-bay\/\",\"name\":\"Water Quality - Biscayne Bay - City of Miami Beach\",\"isPartOf\":{\"@id\":\"https:\/\/www.miamibeachfl.gov\/#website\"},\"primaryImageOfPage\":{\"@id\":\"https:\/\/www.miamibeachfl.gov\/water-quality\/biscayne-bay\/#primaryimage\"},\"image\":{\"@id\":\"https:\/\/www.miamibeachfl.gov\/water-quality\/biscayne-bay\/#primaryimage\"},\"thumbnailUrl\":\"https:\/\/www.miamibeachfl.gov\/wp-content\/uploads\/2025\/11\/Biscayne-Bay_2optimized.jpg\",\"datePublished\":\"2025-11-06T20:59:03+00:00\",\"dateModified\":\"2025-12-17T15:33:21+00:00\",\"description\":\"Spanning 428 square miles, Biscayne Bay surrounds and separates Miami Beach from the mainland and includes two state aquatic preserves, a national park and a national marine sanctuary. Protecting this important natural resource is a priority for the City of Miami Beach.\",\"breadcrumb\":{\"@id\":\"https:\/\/www.miamibeachfl.gov\/water-quality\/biscayne-bay\/#breadcrumb\"},\"inLanguage\":\"es\",\"potentialAction\":[{\"@type\":\"ReadAction\",\"target\":[\"https:\/\/www.miamibeachfl.gov\/water-quality\/biscayne-bay\/\"]}]},{\"@type\":\"ImageObject\",\"inLanguage\":\"es\",\"@id\":\"https:\/\/www.miamibeachfl.gov\/water-quality\/biscayne-bay\/#primaryimage\",\"url\":\"https:\/\/www.miamibeachfl.gov\/wp-content\/uploads\/2025\/11\/Biscayne-Bay_2optimized.jpg\",\"contentUrl\":\"https:\/\/www.miamibeachfl.gov\/wp-content\/uploads\/2025\/11\/Biscayne-Bay_2optimized.jpg\"},{\"@type\":\"BreadcrumbList\",\"@id\":\"https:\/\/www.miamibeachfl.gov\/water-quality\/biscayne-bay\/#breadcrumb\",\"itemListElement\":[{\"@type\":\"ListItem\",\"position\":1,\"name\":\"Home\",\"item\":\"https:\/\/www.miamibeachfl.gov\/\"},{\"@type\":\"ListItem\",\"position\":2,\"name\":\"Water Quality\",\"item\":\"https:\/\/www.miamibeachfl.gov\/water-quality\/\"},{\"@type\":\"ListItem\",\"position\":3,\"name\":\"Water Quality &#8211; Biscayne Bay\"}]},{\"@type\":\"WebSite\",\"@id\":\"https:\/\/www.miamibeachfl.gov\/#website\",\"url\":\"https:\/\/www.miamibeachfl.gov\/\",\"name\":\"City of Miami Beach\",\"description\":\"The official website of the City of Miami Beach. Stay informed, find important information on city services, news, alerts, events, trolley routes, government employment and more.\",\"publisher\":{\"@id\":\"https:\/\/www.miamibeachfl.gov\/#organization\"},\"potentialAction\":[{\"@type\":\"SearchAction\",\"target\":{\"@type\":\"EntryPoint\",\"urlTemplate\":\"https:\/\/www.miamibeachfl.gov\/?s={search_term_string}\"},\"query-input\":{\"@type\":\"PropertyValueSpecification\",\"valueRequired\":true,\"valueName\":\"search_term_string\"}}],\"inLanguage\":\"es\"},{\"@type\":\"Organization\",\"@id\":\"https:\/\/www.miamibeachfl.gov\/#organization\",\"name\":\"City of Miami Beach\",\"url\":\"https:\/\/www.miamibeachfl.gov\/\",\"logo\":{\"@type\":\"ImageObject\",\"inLanguage\":\"es\",\"@id\":\"https:\/\/www.miamibeachfl.gov\/#\/schema\/logo\/image\/\",\"url\":\"https:\/\/www.miamibeachfl.gov\/wp-content\/uploads\/2022\/06\/miamibeach-logoblue.png\",\"contentUrl\":\"https:\/\/www.miamibeachfl.gov\/wp-content\/uploads\/2022\/06\/miamibeach-logoblue.png\",\"width\":1962,\"height\":381,\"caption\":\"City of Miami Beach\"},\"image\":{\"@id\":\"https:\/\/www.miamibeachfl.gov\/#\/schema\/logo\/image\/\"},\"sameAs\":[\"https:\/\/www.facebook.com\/cityofmiamibeach\",\"https:\/\/x.com\/Miamibeachnews\",\"https:\/\/www.instagram.com\/miamibeachnews\/\"],\"description\":\"The official website of the City of Miami Beach. Stay informed, find important information on city services, news, alerts, events, trolley routes, government employment and more.\",\"telephone\":\"305.604.CITY(2489)\",\"legalName\":\"City of Miami Beach\"}]}<\/script>\n<!-- \/ Yoast SEO Premium plugin. -->","yoast_head_json":{"title":"Calidad del agua - Bah\u00eda de Biscayne - Ciudad de Miami Beach","description":"Con una extensi\u00f3n de 428 millas cuadradas, la Bah\u00eda de Biscayne rodea y separa Miami Beach del continente e incluye dos reservas acu\u00e1ticas estatales, un parque nacional y un santuario marino nacional. Proteger este importante recurso natural es una prioridad para la ciudad de Miami Beach.","robots":{"index":"index","follow":"follow","max-snippet":"max-snippet:-1","max-image-preview":"max-image-preview:large","max-video-preview":"max-video-preview:-1"},"canonical":"https:\/\/www.miamibeachfl.gov\/es\/water-quality\/biscayne-bay\/","og_locale":"es_ES","og_type":"article","og_title":"Water Quality - Biscayne Bay","og_description":"Spanning 428 square miles, Biscayne Bay surrounds and separates Miami Beach from the mainland and includes two state aquatic preserves, a national park and a national marine sanctuary. Protecting this important natural resource is a priority for the City of Miami Beach.","og_url":"https:\/\/www.miamibeachfl.gov\/es\/water-quality\/biscayne-bay\/","og_site_name":"City of Miami Beach","article_publisher":"https:\/\/www.facebook.com\/cityofmiamibeach","article_modified_time":"2025-12-17T15:33:21+00:00","og_image":[{"width":1200,"height":1200,"url":"https:\/\/www.miamibeachfl.gov\/wp-content\/uploads\/2023\/08\/Masterpermitcircle.jpeg","type":"image\/jpeg"}],"twitter_card":"summary_large_image","twitter_site":"@Miamibeachnews","schema":{"@context":"https:\/\/schema.org","@graph":[{"@type":"WebPage","@id":"https:\/\/www.miamibeachfl.gov\/water-quality\/biscayne-bay\/","url":"https:\/\/www.miamibeachfl.gov\/water-quality\/biscayne-bay\/","name":"Calidad del agua - Bah\u00eda de Biscayne - Ciudad de Miami Beach","isPartOf":{"@id":"https:\/\/www.miamibeachfl.gov\/#website"},"primaryImageOfPage":{"@id":"https:\/\/www.miamibeachfl.gov\/water-quality\/biscayne-bay\/#primaryimage"},"image":{"@id":"https:\/\/www.miamibeachfl.gov\/water-quality\/biscayne-bay\/#primaryimage"},"thumbnailUrl":"https:\/\/www.miamibeachfl.gov\/wp-content\/uploads\/2025\/11\/Biscayne-Bay_2optimized.jpg","datePublished":"2025-11-06T20:59:03+00:00","dateModified":"2025-12-17T15:33:21+00:00","description":"Con una extensi\u00f3n de 428 millas cuadradas, la Bah\u00eda de Biscayne rodea y separa Miami Beach del continente e incluye dos reservas acu\u00e1ticas estatales, un parque nacional y un santuario marino nacional. Proteger este importante recurso natural es una prioridad para la ciudad de Miami Beach.","breadcrumb":{"@id":"https:\/\/www.miamibeachfl.gov\/water-quality\/biscayne-bay\/#breadcrumb"},"inLanguage":"es","potentialAction":[{"@type":"ReadAction","target":["https:\/\/www.miamibeachfl.gov\/water-quality\/biscayne-bay\/"]}]},{"@type":"ImageObject","inLanguage":"es","@id":"https:\/\/www.miamibeachfl.gov\/water-quality\/biscayne-bay\/#primaryimage","url":"https:\/\/www.miamibeachfl.gov\/wp-content\/uploads\/2025\/11\/Biscayne-Bay_2optimized.jpg","contentUrl":"https:\/\/www.miamibeachfl.gov\/wp-content\/uploads\/2025\/11\/Biscayne-Bay_2optimized.jpg"},{"@type":"BreadcrumbList","@id":"https:\/\/www.miamibeachfl.gov\/water-quality\/biscayne-bay\/#breadcrumb","itemListElement":[{"@type":"ListItem","position":1,"name":"Home","item":"https:\/\/www.miamibeachfl.gov\/"},{"@type":"ListItem","position":2,"name":"Water Quality","item":"https:\/\/www.miamibeachfl.gov\/water-quality\/"},{"@type":"ListItem","position":3,"name":"Water Quality &#8211; Biscayne Bay"}]},{"@type":"WebSite","@id":"https:\/\/www.miamibeachfl.gov\/#website","url":"https:\/\/www.miamibeachfl.gov\/","name":"Ciudad de Miami Beach","description":"Sitio web oficial de la Ciudad de Miami Beach. Mant\u00e9ngase informado, encuentre informaci\u00f3n importante sobre servicios municipales, noticias, alertas, eventos, rutas de tranv\u00edas, empleos gubernamentales y m\u00e1s.","publisher":{"@id":"https:\/\/www.miamibeachfl.gov\/#organization"},"potentialAction":[{"@type":"SearchAction","target":{"@type":"EntryPoint","urlTemplate":"https:\/\/www.miamibeachfl.gov\/?s={search_term_string}"},"query-input":{"@type":"PropertyValueSpecification","valueRequired":true,"valueName":"search_term_string"}}],"inLanguage":"es"},{"@type":"Organization","@id":"https:\/\/www.miamibeachfl.gov\/#organization","name":"Ciudad de Miami Beach","url":"https:\/\/www.miamibeachfl.gov\/","logo":{"@type":"ImageObject","inLanguage":"es","@id":"https:\/\/www.miamibeachfl.gov\/#\/schema\/logo\/image\/","url":"https:\/\/www.miamibeachfl.gov\/wp-content\/uploads\/2022\/06\/miamibeach-logoblue.png","contentUrl":"https:\/\/www.miamibeachfl.gov\/wp-content\/uploads\/2022\/06\/miamibeach-logoblue.png","width":1962,"height":381,"caption":"City of Miami Beach"},"image":{"@id":"https:\/\/www.miamibeachfl.gov\/#\/schema\/logo\/image\/"},"sameAs":["https:\/\/www.facebook.com\/cityofmiamibeach","https:\/\/x.com\/Miamibeachnews","https:\/\/www.instagram.com\/miamibeachnews\/"],"description":"Sitio web oficial de la Ciudad de Miami Beach. Mant\u00e9ngase informado, encuentre informaci\u00f3n importante sobre servicios municipales, noticias, alertas, eventos, rutas de tranv\u00edas, empleos gubernamentales y m\u00e1s.","telephone":"305.604.CITY(2489)","legalName":"City of Miami Beach"}]}},"_links":{"self":[{"href":"https:\/\/www.miamibeachfl.gov\/es\/wp-json\/wp\/v2\/pages\/391271","targetHints":{"allow":["GET"]}}],"collection":[{"href":"https:\/\/www.miamibeachfl.gov\/es\/wp-json\/wp\/v2\/pages"}],"about":[{"href":"https:\/\/www.miamibeachfl.gov\/es\/wp-json\/wp\/v2\/types\/page"}],"author":[{"embeddable":true,"href":"https:\/\/www.miamibeachfl.gov\/es\/wp-json\/wp\/v2\/users\/329"}],"replies":[{"embeddable":true,"href":"https:\/\/www.miamibeachfl.gov\/es\/wp-json\/wp\/v2\/comments?post=391271"}],"version-history":[{"count":19,"href":"https:\/\/www.miamibeachfl.gov\/es\/wp-json\/wp\/v2\/pages\/391271\/revisions"}],"predecessor-version":[{"id":392431,"href":"https:\/\/www.miamibeachfl.gov\/es\/wp-json\/wp\/v2\/pages\/391271\/revisions\/392431"}],"up":[{"embeddable":true,"href":"https:\/\/www.miamibeachfl.gov\/es\/wp-json\/wp\/v2\/pages\/391155"}],"wp:attachment":[{"href":"https:\/\/www.miamibeachfl.gov\/es\/wp-json\/wp\/v2\/media?parent=391271"}],"wp:term":[{"taxonomy":"category","embeddable":true,"href":"https:\/\/www.miamibeachfl.gov\/es\/wp-json\/wp\/v2\/categories?post=391271"},{"taxonomy":"post_tag","embeddable":true,"href":"https:\/\/www.miamibeachfl.gov\/es\/wp-json\/wp\/v2\/tags?post=391271"}],"curies":[{"name":"gracias","href":"https:\/\/api.w.org\/{rel}","templated":true}]}}