{"id":391285,"date":"2025-11-06T16:08:07","date_gmt":"2025-11-06T21:08:07","guid":{"rendered":"https:\/\/www.miamibeachfl.gov\/?page_id=391285"},"modified":"2025-12-17T10:54:39","modified_gmt":"2025-12-17T15:54:39","slug":"pollution-prevention","status":"publish","type":"page","link":"https:\/\/www.miamibeachfl.gov\/es\/water-quality\/pollution-prevention\/","title":{"rendered":"Calidad del agua \u2013 Prevenci\u00f3n de la contaminaci\u00f3n"},"content":{"rendered":"<button tabindex=\"0\" aria-label=\"Men\u00fa\" aria-expanded=\"false\">\n\t\t\t\tMen\u00fa\t\t\t<\/button>\n\t<nav aria-label=\"Men\u00fa\" itemscope=\"itemscope\" itemtype=\"https:\/\/schema.org\/SiteNavigationElement\">\n\t\t<a href=\"javascript:void(0)\" aria-label=\"Cerrar el men\u00fa\" role=\"button\">\u00d7<\/a>\n\t\t<ul id=\"menu-water-quality\"><li id=\"menu-item-391246\"><a href=\"https:\/\/www.miamibeachfl.gov\/es\/water-quality\/\">Hogar<\/a><\/li><li id=\"menu-item-391270\"><a href=\"https:\/\/www.miamibeachfl.gov\/es\/water-quality\/water-quality-miami-beach\/\">Nadar<\/a><\/li><li id=\"menu-item-391303\"><a href=\"https:\/\/www.miamibeachfl.gov\/es\/water-quality\/biscayne-bay\/\">Bah\u00eda Biscayne<\/a><\/li><li id=\"menu-item-391302\"><a href=\"https:\/\/www.miamibeachfl.gov\/es\/water-quality\/pollution-prevention\/\" aria-current=\"page\">Prevenci\u00f3n de la contaminaci\u00f3n<\/a><\/li><li id=\"menu-item-391300\"><a href=\"https:\/\/www.miamibeachfl.gov\/es\/water-quality\/drinking-water\/\">Agua potable<\/a><\/li><\/ul>\t<\/nav>\n\t\t\t\t<img decoding=\"async\" src=\"https:\/\/www.miamibeachfl.gov\/wp-content\/uploads\/2025\/11\/Pollution_1optimized.jpg\" alt=\"drain with polution\" itemprop=\"image\" height=\"500\" width=\"500\" title=\"Contaminaci\u00f3n_1optimizada\" onerror=\"this.style.display='none'\" loading=\"lazy\" \/>\n<h1>\n\t\t\tPrevenci\u00f3n de la contaminaci\u00f3n\t<\/h1>\n\t<p>Prevenir la contaminaci\u00f3n en nuestras v\u00edas fluviales es esencial para mantener la alta calidad del agua en la Bah\u00eda Vizca\u00edna. La Ciudad de Miami Beach aplica una Ordenanza Integral de Calidad del Agua y supera constantemente los est\u00e1ndares establecidos por el Sistema Nacional de Eliminaci\u00f3n de Descargas Contaminantes (NPDES).<\/p>\n<p>To further reduce pollution at the source, Miami Beach has adopted several forward-thinking ordinances and launched public education campaigns. These include bans on single-use plastics, balloons, metallized and plastic confetti. In addition, a\u00a0fertilizer ban is in effect May 15 &#8211; November 1,\u00a0during the rainy season.<\/p>\n<p>Estas medidas est\u00e1n dise\u00f1adas para minimizar la escorrent\u00eda y los desechos da\u00f1inos que pueden da\u00f1ar los ecosistemas marinos y degradar la calidad del agua.<\/p>\n\t<nav id=\"breadcrumbs\" aria-label=\"Pan rallado\"><a href=\"https:\/\/www.miamibeachfl.gov\/es\/\">Hogar<\/a> &gt; <a href=\"https:\/\/www.miamibeachfl.gov\/es\/water-quality\/\">Calidad del agua<\/a> &gt; <strong>Calidad del agua \u2013 Prevenci\u00f3n de la contaminaci\u00f3n<\/strong><\/nav>\n\t\t\t\t<img decoding=\"async\" src=\"https:\/\/www.miamibeachfl.gov\/wp-content\/uploads\/2025\/11\/Beach-Clean-Up-1-scaled.png\" alt=\"Beach Clean Up 1\" itemprop=\"image\" height=\"2560\" width=\"1708\" title=\"Limpieza de playa 1\" onerror=\"this.style.display='none'\" loading=\"lazy\" \/>\n<h2>\n\t\t\tOrdenanzas ambientales en Miami Beach\t<\/h2>\n\t<p>La Ciudad de Miami Beach ha promulgado una serie de ordenanzas ambientales para reducir la contaminaci\u00f3n y proteger la salud de la Bah\u00eda Biscayne y los ecosistemas circundantes. Estas regulaciones se centran en materiales y pr\u00e1cticas que presentan riesgos ambientales conocidos.<\/p>\n<p><strong>Resumen de las ordenanzas clave\u00a0<\/strong><\/p>\n<strong><a href=\"http:\/\/www.mbrisingabove.com\/wp-content\/uploads\/Ordinance-2019-4295.pdf\">Pajita y agitador de pl\u00e1stico<\/a><\/strong><strong><br \/>\n<\/strong>El uso de pajitas y agitadores de pl\u00e1stico desechables est\u00e1 prohibido en Miami Beach. Estos art\u00edculos se tiran con frecuencia y pueden da\u00f1ar la vida marina al entrar al agua.\n<a href=\"https:\/\/www.mbrisingabove.com\/your-business\/green-businesses\/foam-free\/\"><strong>Espuma de poliestireno<\/strong>\u00a0y\u00a0<strong>Pr\u00f3rroga de la Ordenanza<\/strong><\/a><strong><br \/>\n<\/strong>Los productos de poliestireno, como hieleras, vasos y recipientes para alimentos, est\u00e1n prohibidos. Estos materiales se descomponen lentamente, liberan toxinas y se encuentran com\u00fanmente como basura en las zonas costeras.\n<strong><a href=\"https:\/\/www.mbrisingabove.com\/climate-mitigation\/plastic-free-miami-beach\/plastic-free-party\/\">Prohibici\u00f3n de globos, confeti met\u00e1lico y pl\u00e1stico<\/a><br \/>\n<\/strong>Los globos y las decoraciones met\u00e1licas y de pl\u00e1stico para fiestas no est\u00e1n permitidos en puertos deportivos, parques ni playas. Una vez liberados o desechados, suelen acabar en el oc\u00e9ano, donde representan una grave amenaza para las aves y la fauna marina.\n<strong><a href=\"https:\/\/www.mbrisingabove.com\/climate-adaptation\/biscayne-bay\/fertilizers\/\">Fertilizante<\/a><\/strong><strong><br \/>\n<\/strong>Improper fertilizer use contributes to nutrient pollution and harmful algal blooms. The city has adopted seasonal restrictions and best practices to reduce fertilizer runoff into stormwater systems and the Bay. Fertilizer application in Miami Beach is prohibited from May 15 through November 1.\n<strong><a href=\"http:\/\/www.mbrisingabove.com\/wp-content\/uploads\/Ordinance-2021-4435-Water-Quality.pdf\">Ordenanza de calidad del agua<\/a><\/strong><strong><br \/>\n<\/strong>Miami Beach&#8217;s Water Quality Ordinance outlines standards for pollution prevention, stormwater management and discharge control. The city exceeds federal requirements under the National Pollutant Discharge Elimination System (NPDES), reinforcing its commitment to clean water.\n<h2>\n\t\t\tOperaci\u00f3n Agua Limpia\t<\/h2>\n\t<p>Los canales urbanos suelen enfrentar problemas de calidad del agua debido a la escorrent\u00eda pluvial y la descarga natural limitada. La Ciudad de Miami Beach lanz\u00f3 la Operaci\u00f3n Agua Limpia en marzo de 2025, una iniciativa aprobada por la Comisi\u00f3n Municipal para enfocar las iniciativas municipales, desde el barrido de calles hasta el cumplimiento del C\u00f3digo, en mejorar la calidad del agua del Canal Park View.<\/p>\nSi bien estudios recientes muestran mejoras mensurables gracias a las acciones tomadas en los \u00faltimos a\u00f1os, Miami Beach contin\u00faa implementando una variedad de estrategias para mejorar a\u00fan m\u00e1s la calidad del agua.<br \/>\nM\u00e1s informaci\u00f3n: <a href=\"https:\/\/www.mbrisingabove.com\/climate-adaptation\/biscayne-bay\/park-view-canal-water-quality\/\">Operaci\u00f3n Agua Limpia<\/a>\n<h2>\n\t\t\tM\u00e1s informaci\u00f3n\t<\/h2>\n\t<strong><a href=\"https:\/\/www.mbrisingabove.com\/climate-adaptation\/biscayne-bay\/\">Miami Beach elev\u00e1ndose por encima<\/a><br \/>\n<\/strong>Explore the City of Miami Beach&#8217;s campaigns and programs to protect the Biscayne Bay.\n<strong><a href=\"https:\/\/www.mbrisingabove.com\/climate-mitigation\/plastic-free-miami-beach\/\">Miami Beach sin pl\u00e1stico<\/a><br \/>\n<\/strong>Descubra las empresas locales que se han comprometido a reducir los residuos pl\u00e1sticos.\n<b><a href=\"https:\/\/www.epa.gov\/npdes\">Sistema Nacional de Eliminaci\u00f3n de Descargas Contaminantes (NPDES)<\/a><\/b><br \/>\nObtenga m\u00e1s informaci\u00f3n sobre el programa federal y c\u00f3mo Miami Beach se alinea con sus est\u00e1ndares.\n<a href=\"https:\/\/www.mbrisingabove.com\/climate-adaptation\/biscayne-bay\/)\"><strong>Residuos de mascotas\u00a0<\/strong><\/a><br \/>\nOwning a pet is a huge responsibility. Not only do they need to be loved, fed, and walked &#8211; but their waste needs to be picked up properly!","protected":false},"excerpt":{"rendered":"<p>Menu \u00d7 Home Swimming Biscayne Bay Pollution Prevention Drinking Water Pollution Prevention Preventing pollution from entering our waterways is essential [&hellip;]<\/p>\n","protected":false},"author":329,"featured_media":0,"parent":391155,"menu_order":29,"comment_status":"closed","ping_status":"closed","template":"","meta":{"_searchwp_excluded":"","site-sidebar-layout":"default","site-content-layout":"","ast-site-content-layout":"default","site-content-style":"default","site-sidebar-style":"default","ast-global-header-display":"","ast-banner-title-visibility":"","ast-main-header-display":"","ast-hfb-above-header-display":"","ast-hfb-below-header-display":"","ast-hfb-mobile-header-display":"","site-post-title":"","ast-breadcrumbs-content":"","ast-featured-img":"","footer-sml-layout":"","theme-transparent-header-meta":"","adv-header-id-meta":"","stick-header-meta":"","header-above-stick-meta":"","header-main-stick-meta":"","header-below-stick-meta":"","astra-migrate-meta-layouts":"default","ast-page-background-enabled":"default","ast-page-background-meta":{"desktop":{"background-color":"var(--ast-global-color-5)","background-image":"","background-repeat":"repeat","background-position":"center center","background-size":"auto","background-attachment":"scroll","background-type":"","background-media":"","overlay-type":"","overlay-color":"","overlay-opacity":"","overlay-gradient":""},"tablet":{"background-color":"","background-image":"","background-repeat":"repeat","background-position":"center center","background-size":"auto","background-attachment":"scroll","background-type":"","background-media":"","overlay-type":"","overlay-color":"","overlay-opacity":"","overlay-gradient":""},"mobile":{"background-color":"","background-image":"","background-repeat":"repeat","background-position":"center center","background-size":"auto","background-attachment":"scroll","background-type":"","background-media":"","overlay-type":"","overlay-color":"","overlay-opacity":"","overlay-gradient":""}},"ast-content-background-meta":{"desktop":{"background-color":"var(--ast-global-color-4)","background-image":"","background-repeat":"repeat","background-position":"center center","background-size":"auto","background-attachment":"scroll","background-type":"","background-media":"","overlay-type":"","overlay-color":"","overlay-opacity":"","overlay-gradient":""},"tablet":{"background-color":"var(--ast-global-color-4)","background-image":"","background-repeat":"repeat","background-position":"center center","background-size":"auto","background-attachment":"scroll","background-type":"","background-media":"","overlay-type":"","overlay-color":"","overlay-opacity":"","overlay-gradient":""},"mobile":{"background-color":"var(--ast-global-color-4)","background-image":"","background-repeat":"repeat","background-position":"center center","background-size":"auto","background-attachment":"scroll","background-type":"","background-media":"","overlay-type":"","overlay-color":"","overlay-opacity":"","overlay-gradient":""}},"footnotes":""},"categories":[],"tags":[],"class_list":["post-391285","page","type-page","status-publish","hentry"],"yoast_head":"<!-- This site is optimized with the Yoast SEO Premium plugin v26.6 (Yoast SEO v26.6) - https:\/\/yoast.com\/wordpress\/plugins\/seo\/ -->\n<title>Water Quality - Pollution Prevention - City of Miami Beach<\/title>\n<meta name=\"description\" content=\"Preventing pollution from entering our waterways is essential to maintaining high water quality in Biscayne Bay. The City of Miami Beach enforces a comprehensive Water Quality Ordinance and consistently exceeds the standards set by the National Pollutant Discharge Elimination System (NPDES).\" \/>\n<meta name=\"robots\" content=\"index, follow, max-snippet:-1, max-image-preview:large, max-video-preview:-1\" \/>\n<link rel=\"canonical\" href=\"https:\/\/www.miamibeachfl.gov\/es\/water-quality\/pollution-prevention\/\" \/>\n<meta property=\"og:locale\" content=\"es_ES\" \/>\n<meta property=\"og:type\" content=\"article\" \/>\n<meta property=\"og:title\" content=\"Water Quality - Pollution Prevention\" \/>\n<meta property=\"og:description\" content=\"Preventing pollution from entering our waterways is essential to maintaining high water quality in Biscayne Bay. The City of Miami Beach enforces a comprehensive Water Quality Ordinance and consistently exceeds the standards set by the National Pollutant Discharge Elimination System (NPDES).\" \/>\n<meta property=\"og:url\" content=\"https:\/\/www.miamibeachfl.gov\/es\/water-quality\/pollution-prevention\/\" \/>\n<meta property=\"og:site_name\" content=\"City of Miami Beach\" \/>\n<meta property=\"article:publisher\" content=\"https:\/\/www.facebook.com\/cityofmiamibeach\" \/>\n<meta property=\"article:modified_time\" content=\"2025-12-17T15:54:39+00:00\" \/>\n<meta property=\"og:image\" content=\"https:\/\/www.miamibeachfl.gov\/wp-content\/uploads\/2023\/08\/Masterpermitcircle.jpeg\" \/>\n\t<meta property=\"og:image:width\" content=\"1200\" \/>\n\t<meta property=\"og:image:height\" content=\"1200\" \/>\n\t<meta property=\"og:image:type\" content=\"image\/jpeg\" \/>\n<meta name=\"twitter:card\" content=\"summary_large_image\" \/>\n<meta name=\"twitter:site\" content=\"@Miamibeachnews\" \/>\n<script type=\"application\/ld+json\" class=\"yoast-schema-graph\">{\"@context\":\"https:\/\/schema.org\",\"@graph\":[{\"@type\":\"WebPage\",\"@id\":\"https:\/\/www.miamibeachfl.gov\/water-quality\/pollution-prevention\/\",\"url\":\"https:\/\/www.miamibeachfl.gov\/water-quality\/pollution-prevention\/\",\"name\":\"Water Quality - Pollution Prevention - City of Miami Beach\",\"isPartOf\":{\"@id\":\"https:\/\/www.miamibeachfl.gov\/#website\"},\"primaryImageOfPage\":{\"@id\":\"https:\/\/www.miamibeachfl.gov\/water-quality\/pollution-prevention\/#primaryimage\"},\"image\":{\"@id\":\"https:\/\/www.miamibeachfl.gov\/water-quality\/pollution-prevention\/#primaryimage\"},\"thumbnailUrl\":\"https:\/\/www.miamibeachfl.gov\/wp-content\/uploads\/2025\/11\/Pollution_1optimized.jpg\",\"datePublished\":\"2025-11-06T21:08:07+00:00\",\"dateModified\":\"2025-12-17T15:54:39+00:00\",\"description\":\"Preventing pollution from entering our waterways is essential to maintaining high water quality in Biscayne Bay. The City of Miami Beach enforces a comprehensive Water Quality Ordinance and consistently exceeds the standards set by the National Pollutant Discharge Elimination System (NPDES).\",\"breadcrumb\":{\"@id\":\"https:\/\/www.miamibeachfl.gov\/water-quality\/pollution-prevention\/#breadcrumb\"},\"inLanguage\":\"es\",\"potentialAction\":[{\"@type\":\"ReadAction\",\"target\":[\"https:\/\/www.miamibeachfl.gov\/water-quality\/pollution-prevention\/\"]}]},{\"@type\":\"ImageObject\",\"inLanguage\":\"es\",\"@id\":\"https:\/\/www.miamibeachfl.gov\/water-quality\/pollution-prevention\/#primaryimage\",\"url\":\"https:\/\/www.miamibeachfl.gov\/wp-content\/uploads\/2025\/11\/Pollution_1optimized.jpg\",\"contentUrl\":\"https:\/\/www.miamibeachfl.gov\/wp-content\/uploads\/2025\/11\/Pollution_1optimized.jpg\"},{\"@type\":\"BreadcrumbList\",\"@id\":\"https:\/\/www.miamibeachfl.gov\/water-quality\/pollution-prevention\/#breadcrumb\",\"itemListElement\":[{\"@type\":\"ListItem\",\"position\":1,\"name\":\"Home\",\"item\":\"https:\/\/www.miamibeachfl.gov\/\"},{\"@type\":\"ListItem\",\"position\":2,\"name\":\"Water Quality\",\"item\":\"https:\/\/www.miamibeachfl.gov\/water-quality\/\"},{\"@type\":\"ListItem\",\"position\":3,\"name\":\"Water Quality &#8211; Pollution Prevention\"}]},{\"@type\":\"WebSite\",\"@id\":\"https:\/\/www.miamibeachfl.gov\/#website\",\"url\":\"https:\/\/www.miamibeachfl.gov\/\",\"name\":\"City of Miami Beach\",\"description\":\"The official website of the City of Miami Beach. Stay informed, find important information on city services, news, alerts, events, trolley routes, government employment and more.\",\"publisher\":{\"@id\":\"https:\/\/www.miamibeachfl.gov\/#organization\"},\"potentialAction\":[{\"@type\":\"SearchAction\",\"target\":{\"@type\":\"EntryPoint\",\"urlTemplate\":\"https:\/\/www.miamibeachfl.gov\/?s={search_term_string}\"},\"query-input\":{\"@type\":\"PropertyValueSpecification\",\"valueRequired\":true,\"valueName\":\"search_term_string\"}}],\"inLanguage\":\"es\"},{\"@type\":\"Organization\",\"@id\":\"https:\/\/www.miamibeachfl.gov\/#organization\",\"name\":\"City of Miami Beach\",\"url\":\"https:\/\/www.miamibeachfl.gov\/\",\"logo\":{\"@type\":\"ImageObject\",\"inLanguage\":\"es\",\"@id\":\"https:\/\/www.miamibeachfl.gov\/#\/schema\/logo\/image\/\",\"url\":\"https:\/\/www.miamibeachfl.gov\/wp-content\/uploads\/2022\/06\/miamibeach-logoblue.png\",\"contentUrl\":\"https:\/\/www.miamibeachfl.gov\/wp-content\/uploads\/2022\/06\/miamibeach-logoblue.png\",\"width\":1962,\"height\":381,\"caption\":\"City of Miami Beach\"},\"image\":{\"@id\":\"https:\/\/www.miamibeachfl.gov\/#\/schema\/logo\/image\/\"},\"sameAs\":[\"https:\/\/www.facebook.com\/cityofmiamibeach\",\"https:\/\/x.com\/Miamibeachnews\",\"https:\/\/www.instagram.com\/miamibeachnews\/\"],\"description\":\"The official website of the City of Miami Beach. Stay informed, find important information on city services, news, alerts, events, trolley routes, government employment and more.\",\"telephone\":\"305.604.CITY(2489)\",\"legalName\":\"City of Miami Beach\"}]}<\/script>\n<!-- \/ Yoast SEO Premium plugin. -->","yoast_head_json":{"title":"Water Quality - Pollution Prevention - City of Miami Beach","description":"Prevenir la contaminaci\u00f3n en nuestras v\u00edas fluviales es esencial para mantener la alta calidad del agua en la Bah\u00eda Vizca\u00edna. La Ciudad de Miami Beach aplica una Ordenanza Integral de Calidad del Agua y supera constantemente los est\u00e1ndares establecidos por el Sistema Nacional de Eliminaci\u00f3n de Descargas Contaminantes (NPDES).","robots":{"index":"index","follow":"follow","max-snippet":"max-snippet:-1","max-image-preview":"max-image-preview:large","max-video-preview":"max-video-preview:-1"},"canonical":"https:\/\/www.miamibeachfl.gov\/es\/water-quality\/pollution-prevention\/","og_locale":"es_ES","og_type":"article","og_title":"Water Quality - Pollution Prevention","og_description":"Preventing pollution from entering our waterways is essential to maintaining high water quality in Biscayne Bay. The City of Miami Beach enforces a comprehensive Water Quality Ordinance and consistently exceeds the standards set by the National Pollutant Discharge Elimination System (NPDES).","og_url":"https:\/\/www.miamibeachfl.gov\/es\/water-quality\/pollution-prevention\/","og_site_name":"City of Miami Beach","article_publisher":"https:\/\/www.facebook.com\/cityofmiamibeach","article_modified_time":"2025-12-17T15:54:39+00:00","og_image":[{"width":1200,"height":1200,"url":"https:\/\/www.miamibeachfl.gov\/wp-content\/uploads\/2023\/08\/Masterpermitcircle.jpeg","type":"image\/jpeg"}],"twitter_card":"summary_large_image","twitter_site":"@Miamibeachnews","schema":{"@context":"https:\/\/schema.org","@graph":[{"@type":"WebPage","@id":"https:\/\/www.miamibeachfl.gov\/water-quality\/pollution-prevention\/","url":"https:\/\/www.miamibeachfl.gov\/water-quality\/pollution-prevention\/","name":"Water Quality - Pollution Prevention - City of Miami Beach","isPartOf":{"@id":"https:\/\/www.miamibeachfl.gov\/#website"},"primaryImageOfPage":{"@id":"https:\/\/www.miamibeachfl.gov\/water-quality\/pollution-prevention\/#primaryimage"},"image":{"@id":"https:\/\/www.miamibeachfl.gov\/water-quality\/pollution-prevention\/#primaryimage"},"thumbnailUrl":"https:\/\/www.miamibeachfl.gov\/wp-content\/uploads\/2025\/11\/Pollution_1optimized.jpg","datePublished":"2025-11-06T21:08:07+00:00","dateModified":"2025-12-17T15:54:39+00:00","description":"Prevenir la contaminaci\u00f3n en nuestras v\u00edas fluviales es esencial para mantener la alta calidad del agua en la Bah\u00eda Vizca\u00edna. La Ciudad de Miami Beach aplica una Ordenanza Integral de Calidad del Agua y supera constantemente los est\u00e1ndares establecidos por el Sistema Nacional de Eliminaci\u00f3n de Descargas Contaminantes (NPDES).","breadcrumb":{"@id":"https:\/\/www.miamibeachfl.gov\/water-quality\/pollution-prevention\/#breadcrumb"},"inLanguage":"es","potentialAction":[{"@type":"ReadAction","target":["https:\/\/www.miamibeachfl.gov\/water-quality\/pollution-prevention\/"]}]},{"@type":"ImageObject","inLanguage":"es","@id":"https:\/\/www.miamibeachfl.gov\/water-quality\/pollution-prevention\/#primaryimage","url":"https:\/\/www.miamibeachfl.gov\/wp-content\/uploads\/2025\/11\/Pollution_1optimized.jpg","contentUrl":"https:\/\/www.miamibeachfl.gov\/wp-content\/uploads\/2025\/11\/Pollution_1optimized.jpg"},{"@type":"BreadcrumbList","@id":"https:\/\/www.miamibeachfl.gov\/water-quality\/pollution-prevention\/#breadcrumb","itemListElement":[{"@type":"ListItem","position":1,"name":"Home","item":"https:\/\/www.miamibeachfl.gov\/"},{"@type":"ListItem","position":2,"name":"Water Quality","item":"https:\/\/www.miamibeachfl.gov\/water-quality\/"},{"@type":"ListItem","position":3,"name":"Water Quality &#8211; Pollution Prevention"}]},{"@type":"WebSite","@id":"https:\/\/www.miamibeachfl.gov\/#website","url":"https:\/\/www.miamibeachfl.gov\/","name":"Ciudad de Miami Beach","description":"Sitio web oficial de la Ciudad de Miami Beach. Mant\u00e9ngase informado, encuentre informaci\u00f3n importante sobre servicios municipales, noticias, alertas, eventos, rutas de tranv\u00edas, empleos gubernamentales y m\u00e1s.","publisher":{"@id":"https:\/\/www.miamibeachfl.gov\/#organization"},"potentialAction":[{"@type":"SearchAction","target":{"@type":"EntryPoint","urlTemplate":"https:\/\/www.miamibeachfl.gov\/?s={search_term_string}"},"query-input":{"@type":"PropertyValueSpecification","valueRequired":true,"valueName":"search_term_string"}}],"inLanguage":"es"},{"@type":"Organization","@id":"https:\/\/www.miamibeachfl.gov\/#organization","name":"Ciudad de Miami Beach","url":"https:\/\/www.miamibeachfl.gov\/","logo":{"@type":"ImageObject","inLanguage":"es","@id":"https:\/\/www.miamibeachfl.gov\/#\/schema\/logo\/image\/","url":"https:\/\/www.miamibeachfl.gov\/wp-content\/uploads\/2022\/06\/miamibeach-logoblue.png","contentUrl":"https:\/\/www.miamibeachfl.gov\/wp-content\/uploads\/2022\/06\/miamibeach-logoblue.png","width":1962,"height":381,"caption":"City of Miami Beach"},"image":{"@id":"https:\/\/www.miamibeachfl.gov\/#\/schema\/logo\/image\/"},"sameAs":["https:\/\/www.facebook.com\/cityofmiamibeach","https:\/\/x.com\/Miamibeachnews","https:\/\/www.instagram.com\/miamibeachnews\/"],"description":"Sitio web oficial de la Ciudad de Miami Beach. Mant\u00e9ngase informado, encuentre informaci\u00f3n importante sobre servicios municipales, noticias, alertas, eventos, rutas de tranv\u00edas, empleos gubernamentales y m\u00e1s.","telephone":"305.604.CITY(2489)","legalName":"City of Miami Beach"}]}},"_links":{"self":[{"href":"https:\/\/www.miamibeachfl.gov\/es\/wp-json\/wp\/v2\/pages\/391285","targetHints":{"allow":["GET"]}}],"collection":[{"href":"https:\/\/www.miamibeachfl.gov\/es\/wp-json\/wp\/v2\/pages"}],"about":[{"href":"https:\/\/www.miamibeachfl.gov\/es\/wp-json\/wp\/v2\/types\/page"}],"author":[{"embeddable":true,"href":"https:\/\/www.miamibeachfl.gov\/es\/wp-json\/wp\/v2\/users\/329"}],"replies":[{"embeddable":true,"href":"https:\/\/www.miamibeachfl.gov\/es\/wp-json\/wp\/v2\/comments?post=391285"}],"version-history":[{"count":19,"href":"https:\/\/www.miamibeachfl.gov\/es\/wp-json\/wp\/v2\/pages\/391285\/revisions"}],"predecessor-version":[{"id":393497,"href":"https:\/\/www.miamibeachfl.gov\/es\/wp-json\/wp\/v2\/pages\/391285\/revisions\/393497"}],"up":[{"embeddable":true,"href":"https:\/\/www.miamibeachfl.gov\/es\/wp-json\/wp\/v2\/pages\/391155"}],"wp:attachment":[{"href":"https:\/\/www.miamibeachfl.gov\/es\/wp-json\/wp\/v2\/media?parent=391285"}],"wp:term":[{"taxonomy":"category","embeddable":true,"href":"https:\/\/www.miamibeachfl.gov\/es\/wp-json\/wp\/v2\/categories?post=391285"},{"taxonomy":"post_tag","embeddable":true,"href":"https:\/\/www.miamibeachfl.gov\/es\/wp-json\/wp\/v2\/tags?post=391285"}],"curies":[{"name":"gracias","href":"https:\/\/api.w.org\/{rel}","templated":true}]}}