{"id":39485,"date":"2017-11-01T12:28:52","date_gmt":"2017-11-01T16:28:52","guid":{"rendered":"http:\/\/www.miamibeachfl.gov\/?page_id=39485"},"modified":"2026-01-02T15:20:34","modified_gmt":"2026-01-02T20:20:34","slug":"elected-officials","status":"publish","type":"page","link":"https:\/\/www.miamibeachfl.gov\/es\/city-hall\/elected-officials\/","title":{"rendered":"Alcalde y comisionados"},"content":{"rendered":"<h1>\n\t\t\tAlcalde y comisionados\t<\/h1>\n\t<p>La Ciudad de Miami Beach se rige por un sistema de gobierno de Comisi\u00f3n Municipal\/Administrador Municipal. La Comisi\u00f3n Municipal est\u00e1 compuesta por seis comisionados electos y un alcalde electo. Los comisionados son elegidos por un per\u00edodo de cuatro a\u00f1os, con un l\u00edmite de dos mandatos. Los mandatos son escalonados, de modo que la mitad de los miembros de la Comisi\u00f3n son elegidos cada dos a\u00f1os. El alcalde es elegido por un per\u00edodo de dos a\u00f1os, con un l\u00edmite de tres mandatos. La Comisi\u00f3n Municipal nombra al <strong><a href=\"\/es\/city-hall\/city-manager\/\"><u>Administrador de la ciudad<\/u><\/a><\/strong> quien supervisa la Administraci\u00f3n Municipal. El organismo tambi\u00e9n nombra al <strong><a href=\"\/es\/city-hall\/city-attorney\/\"><u>Fiscal de la ciudad<\/u><\/a>, <a href=\"https:\/\/www.miamibeachfl.gov\/es\/city-hall\/city-clerk\/\"><u>Secretario de la ciudad<\/u><\/a> <\/strong>y <strong><a href=\"\/es\/inspectorgeneral\/\"><u>Inspector General<\/u><\/a>.<\/strong><\/p>\n\t<a href=\"\/es\/city-hall\/city-clerk\/meeting-notices\/\" target=\"_self\"  aria-label=\"Vaya a \/ayuntamiento\/secretario-municipal\/avisos-de-reuniones\/\"><\/a>\n\t\t<h2>Reuniones de la Comisi\u00f3n<\/h2>\t\t\t\n\t<a href=\"\/es\/city-hall\/city-clerk\/boards-and-committees\/\" target=\"_self\"  aria-label=\"Vaya a \/ayuntamiento\/secretario-municipal\/juntas-y-comit\u00e9s\/\"><\/a>\n\t\t<h2>Juntas y comit\u00e9s<\/h2>\t\t\t\n\t<a href=\"\/es\/city-hall\/city-clerk\/election-information\/\" target=\"_self\"  aria-label=\"Vaya a \/ayuntamiento\/secretario-municipal\/informacion-electoral\/\"><\/a>\n\t\t<h2>Informaci\u00f3n electoral<\/h2>\t\t\t\n\t<a href=\"\/es\/city-hall\/elected-officials\/mayor-and-commission-press-releases\/\" target=\"_self\"  aria-label=\"Vaya a \/ayuntamiento\/funcionarios-electos\/comunicados-de-prensa-del-alcalde-y-la-comisi\u00f3n\/\"><\/a>\n\t\t<h2>Comunicados de prensa<\/h2>\t\t\t\n\t\t\t\t<a href=\"\/es\/staff\/mayor-steven-meiner\/\"  target=\"_self\" itemprop=\"url\">\n\t\t\t\t<img decoding=\"async\" src=\"https:\/\/www.miamibeachfl.gov\/wp-content\/uploads\/2023\/12\/MayorMeiner2024-Circle.png\" alt=\"Steve Meiner\" itemprop=\"image\" height=\"250\" width=\"249\" title=\"C\u00edrculo del alcalde Meiner2024\" onerror=\"this.style.display='none'\" loading=\"lazy\" \/>\n\t\t\t\t<\/a>\n\t\t<h2>El alcalde Steven Meiner<\/h2>\n\t\t\t\t<p>Steven Meiner es el 39\u00ba alcalde de Miami Beach y es conocido como el &quot;Alcalde de la ley y el orden&quot; por su determinaci\u00f3n proactiva para mejorar la seguridad p\u00fablica, mejorar la calidad de vida de los residentes y fomentar la transparencia gubernamental.<\/p>\n\t\t\t<a href=\"\/es\/staff\/mayor-steven-meiner\/\" title=\"Haga clic aqu\u00ed\" target=\"_self\"   role=\"button\" aria-label=\"M\u00e1s informaci\u00f3n\">\n\t\t\t\t\t\t\tM\u00e1s informaci\u00f3n\n\t\t<\/a>\n\t<p>Para consultas de los medios de comunicaci\u00f3n del alcalde y la comisi\u00f3n, env\u00ede un correo electr\u00f3nico a <strong><a title=\"mailto:vp@miamibeachfl.gov\" href=\"mailto:daphnesaba@miamibeachfl.gov\">DaphneSaba@miamibeachfl.gov<\/a><\/strong><\/p>\n\t\t\t<a href=\"\/es\/city-hall\/city-manager\/\" target=\"_self\">\n\t\t\t\t\t\tOficina del Administrador de la Ciudad\n\t\t\t\t\t<\/a>\n\t\t\t<a href=\"\/es\/city-hall\/city-attorney\/\" target=\"_self\">\n\t\t\t\t\t\tOficina del Procurador de la Ciudad\n\t\t\t\t\t<\/a>\n\t\t\t<a href=\"https:\/\/www.miamibeachfl.gov\/es\/city-hall\/city-clerk\/agenda-archive-main-page-2\/agenda-archive-main-page\/\" target=\"_self\">\n\t\t\t\t\t\tInformes posteriores a la acci\u00f3n\n\t\t\t\t\t<\/a>\n<h3>\n\t\t\tOficina central\t<\/h3>\n\t1700 Convention Center Drive,<br \/>\nMiami Beach, FL 33139\n<h3>\n\t\t\tN\u00famero de oficina\t<\/h3>\n\t<p><strong><a href=\"tel:3056737035\">305.673.7035<\/a><\/strong><\/p>\n<h3>\n\t\t\tHorario de atenci\u00f3n\t<\/h3>\n\t<p>9 am \u2013 5 pm | Lunes a viernes<\/p>","protected":false},"excerpt":{"rendered":"<p><a href=\"tel:3056737035\" style=\"text-decoration:none; color:#004896;\"><br \/>\n    <i class=\"fa-solid fa-phone\"><\/i> 305.673.7035<\/a><\/p>","protected":false},"author":222,"featured_media":238770,"parent":28206,"menu_order":247,"comment_status":"closed","ping_status":"closed","template":"","meta":{"_searchwp_excluded":"","site-sidebar-layout":"default","site-content-layout":"","ast-site-content-layout":"default","site-content-style":"default","site-sidebar-style":"default","ast-global-header-display":"","ast-banner-title-visibility":"","ast-main-header-display":"","ast-hfb-above-header-display":"","ast-hfb-below-header-display":"","ast-hfb-mobile-header-display":"","site-post-title":"","ast-breadcrumbs-content":"","ast-featured-img":"","footer-sml-layout":"","ast-disable-related-posts":"","theme-transparent-header-meta":"","adv-header-id-meta":"","stick-header-meta":"","header-above-stick-meta":"","header-main-stick-meta":"","header-below-stick-meta":"","astra-migrate-meta-layouts":"default","ast-page-background-enabled":"default","ast-page-background-meta":{"desktop":{"background-color":"var(--ast-global-color-5)","background-image":"","background-repeat":"repeat","background-position":"center center","background-size":"auto","background-attachment":"scroll","background-type":"","background-media":"","overlay-type":"","overlay-color":"","overlay-opacity":"","overlay-gradient":""},"tablet":{"background-color":"","background-image":"","background-repeat":"repeat","background-position":"center center","background-size":"auto","background-attachment":"scroll","background-type":"","background-media":"","overlay-type":"","overlay-color":"","overlay-opacity":"","overlay-gradient":""},"mobile":{"background-color":"","background-image":"","background-repeat":"repeat","background-position":"center center","background-size":"auto","background-attachment":"scroll","background-type":"","background-media":"","overlay-type":"","overlay-color":"","overlay-opacity":"","overlay-gradient":""}},"ast-content-background-meta":{"desktop":{"background-color":"var(--ast-global-color-4)","background-image":"","background-repeat":"repeat","background-position":"center center","background-size":"auto","background-attachment":"scroll","background-type":"","background-media":"","overlay-type":"","overlay-color":"","overlay-opacity":"","overlay-gradient":""},"tablet":{"background-color":"var(--ast-global-color-4)","background-image":"","background-repeat":"repeat","background-position":"center center","background-size":"auto","background-attachment":"scroll","background-type":"","background-media":"","overlay-type":"","overlay-color":"","overlay-opacity":"","overlay-gradient":""},"mobile":{"background-color":"var(--ast-global-color-4)","background-image":"","background-repeat":"repeat","background-position":"center center","background-size":"auto","background-attachment":"scroll","background-type":"","background-media":"","overlay-type":"","overlay-color":"","overlay-opacity":"","overlay-gradient":""}},"footnotes":""},"categories":[1761],"tags":[1732],"class_list":["post-39485","page","type-page","status-publish","has-post-thumbnail","hentry","category-government","tag-government"],"yoast_head":"<!-- This site is optimized with the Yoast SEO Premium plugin v27.4 (Yoast SEO v27.4) - https:\/\/yoast.com\/product\/yoast-seo-premium-wordpress\/ -->\n<title>Mayor &amp; Commissioners - City of Miami Beach<\/title>\n<meta name=\"description\" content=\"The City of Miami Beach holds a commission\/manager government. The City Commission consists of six elected Commissioners and an elected Mayor.\" \/>\n<meta name=\"robots\" content=\"index, follow, max-snippet:-1, max-image-preview:large, max-video-preview:-1\" \/>\n<link rel=\"canonical\" href=\"https:\/\/www.miamibeachfl.gov\/es\/city-hall\/elected-officials\/\" \/>\n<meta property=\"og:locale\" content=\"es_ES\" \/>\n<meta property=\"og:type\" content=\"article\" \/>\n<meta property=\"og:title\" content=\"Mayor &amp; Commissioners\" \/>\n<meta property=\"og:description\" content=\"The City of Miami Beach holds a commission\/manager government. The City Commission consists of six elected Commissioners and an elected Mayor.\" \/>\n<meta property=\"og:url\" content=\"https:\/\/www.miamibeachfl.gov\/es\/city-hall\/elected-officials\/\" \/>\n<meta property=\"og:site_name\" content=\"City of Miami Beach\" \/>\n<meta property=\"article:publisher\" content=\"https:\/\/www.facebook.com\/cityofmiamibeach\" \/>\n<meta property=\"article:modified_time\" content=\"2026-01-02T20:20:34+00:00\" \/>\n<meta property=\"og:image\" content=\"https:\/\/www.miamibeachfl.gov\/wp-content\/uploads\/2019\/11\/Steven-Meiner.jpg\" \/>\n\t<meta property=\"og:image:width\" content=\"600\" \/>\n\t<meta property=\"og:image:height\" content=\"600\" \/>\n\t<meta property=\"og:image:type\" content=\"image\/jpeg\" \/>\n<meta name=\"twitter:card\" content=\"summary_large_image\" \/>\n<meta name=\"twitter:description\" content=\"The City of Miami Beach holds a commission\/manager government. The City Commission consists of six elected Commissioners and an elected Mayor.\" \/>\n<meta name=\"twitter:site\" content=\"@Miamibeachnews\" \/>\n<script type=\"application\/ld+json\" class=\"yoast-schema-graph\">{\"@context\":\"https:\\\/\\\/schema.org\",\"@graph\":[{\"@type\":\"WebPage\",\"@id\":\"https:\\\/\\\/www.miamibeachfl.gov\\\/city-hall\\\/elected-officials\\\/\",\"url\":\"https:\\\/\\\/www.miamibeachfl.gov\\\/city-hall\\\/elected-officials\\\/\",\"name\":\"Mayor & Commissioners - City of Miami Beach\",\"isPartOf\":{\"@id\":\"https:\\\/\\\/www.miamibeachfl.gov\\\/#website\"},\"primaryImageOfPage\":{\"@id\":\"https:\\\/\\\/www.miamibeachfl.gov\\\/city-hall\\\/elected-officials\\\/#primaryimage\"},\"image\":{\"@id\":\"https:\\\/\\\/www.miamibeachfl.gov\\\/city-hall\\\/elected-officials\\\/#primaryimage\"},\"thumbnailUrl\":\"https:\\\/\\\/www.miamibeachfl.gov\\\/wp-content\\\/uploads\\\/2023\\\/01\\\/MiamiBeach-cityhall.jpg\",\"datePublished\":\"2017-11-01T16:28:52+00:00\",\"dateModified\":\"2026-01-02T20:20:34+00:00\",\"description\":\"The City of Miami Beach holds a commission\\\/manager government. The City Commission consists of six elected Commissioners and an elected Mayor.\",\"breadcrumb\":{\"@id\":\"https:\\\/\\\/www.miamibeachfl.gov\\\/city-hall\\\/elected-officials\\\/#breadcrumb\"},\"inLanguage\":\"es\",\"potentialAction\":[{\"@type\":\"ReadAction\",\"target\":[\"https:\\\/\\\/www.miamibeachfl.gov\\\/city-hall\\\/elected-officials\\\/\"]}]},{\"@type\":\"ImageObject\",\"inLanguage\":\"es\",\"@id\":\"https:\\\/\\\/www.miamibeachfl.gov\\\/city-hall\\\/elected-officials\\\/#primaryimage\",\"url\":\"https:\\\/\\\/www.miamibeachfl.gov\\\/wp-content\\\/uploads\\\/2023\\\/01\\\/MiamiBeach-cityhall.jpg\",\"contentUrl\":\"https:\\\/\\\/www.miamibeachfl.gov\\\/wp-content\\\/uploads\\\/2023\\\/01\\\/MiamiBeach-cityhall.jpg\",\"width\":1000,\"height\":1000,\"caption\":\"City Hall\"},{\"@type\":\"BreadcrumbList\",\"@id\":\"https:\\\/\\\/www.miamibeachfl.gov\\\/city-hall\\\/elected-officials\\\/#breadcrumb\",\"itemListElement\":[{\"@type\":\"ListItem\",\"position\":1,\"name\":\"Home\",\"item\":\"https:\\\/\\\/www.miamibeachfl.gov\\\/\"},{\"@type\":\"ListItem\",\"position\":2,\"name\":\"City Hall\",\"item\":\"https:\\\/\\\/www.miamibeachfl.gov\\\/city-hall\\\/\"},{\"@type\":\"ListItem\",\"position\":3,\"name\":\"Mayor &#038; Commissioners\"}]},{\"@type\":\"WebSite\",\"@id\":\"https:\\\/\\\/www.miamibeachfl.gov\\\/#website\",\"url\":\"https:\\\/\\\/www.miamibeachfl.gov\\\/\",\"name\":\"City of Miami Beach\",\"description\":\"The official website of the City of Miami Beach. Stay informed, find important information on city services, news, alerts, events, trolley routes, government employment and more.\",\"publisher\":{\"@id\":\"https:\\\/\\\/www.miamibeachfl.gov\\\/#organization\"},\"potentialAction\":[{\"@type\":\"SearchAction\",\"target\":{\"@type\":\"EntryPoint\",\"urlTemplate\":\"https:\\\/\\\/www.miamibeachfl.gov\\\/?s={search_term_string}\"},\"query-input\":{\"@type\":\"PropertyValueSpecification\",\"valueRequired\":true,\"valueName\":\"search_term_string\"}}],\"inLanguage\":\"es\"},{\"@type\":\"Organization\",\"@id\":\"https:\\\/\\\/www.miamibeachfl.gov\\\/#organization\",\"name\":\"City of Miami Beach\",\"url\":\"https:\\\/\\\/www.miamibeachfl.gov\\\/\",\"logo\":{\"@type\":\"ImageObject\",\"inLanguage\":\"es\",\"@id\":\"https:\\\/\\\/www.miamibeachfl.gov\\\/#\\\/schema\\\/logo\\\/image\\\/\",\"url\":\"https:\\\/\\\/www.miamibeachfl.gov\\\/wp-content\\\/uploads\\\/2022\\\/06\\\/miamibeach-logoblue.png\",\"contentUrl\":\"https:\\\/\\\/www.miamibeachfl.gov\\\/wp-content\\\/uploads\\\/2022\\\/06\\\/miamibeach-logoblue.png\",\"width\":1962,\"height\":381,\"caption\":\"City of Miami Beach\"},\"image\":{\"@id\":\"https:\\\/\\\/www.miamibeachfl.gov\\\/#\\\/schema\\\/logo\\\/image\\\/\"},\"sameAs\":[\"https:\\\/\\\/www.facebook.com\\\/cityofmiamibeach\",\"https:\\\/\\\/x.com\\\/Miamibeachnews\",\"https:\\\/\\\/www.instagram.com\\\/miamibeachnews\\\/\"],\"description\":\"The official website of the City of Miami Beach. Stay informed, find important information on city services, news, alerts, events, trolley routes, government employment and more.\",\"telephone\":\"305.604.CITY(2489)\",\"legalName\":\"City of Miami Beach\"}]}<\/script>\n<!-- \/ Yoast SEO Premium plugin. -->","yoast_head_json":{"title":"Alcalde y comisionados de la ciudad de Miami Beach","description":"La Ciudad de Miami Beach cuenta con un gobierno de comisi\u00f3n\/administrador. La Comisi\u00f3n Municipal est\u00e1 compuesta por seis comisionados electos y un alcalde electo.","robots":{"index":"index","follow":"follow","max-snippet":"max-snippet:-1","max-image-preview":"max-image-preview:large","max-video-preview":"max-video-preview:-1"},"canonical":"https:\/\/www.miamibeachfl.gov\/es\/city-hall\/elected-officials\/","og_locale":"es_ES","og_type":"article","og_title":"Mayor & Commissioners","og_description":"The City of Miami Beach holds a commission\/manager government. The City Commission consists of six elected Commissioners and an elected Mayor.","og_url":"https:\/\/www.miamibeachfl.gov\/es\/city-hall\/elected-officials\/","og_site_name":"City of Miami Beach","article_publisher":"https:\/\/www.facebook.com\/cityofmiamibeach","article_modified_time":"2026-01-02T20:20:34+00:00","og_image":[{"width":600,"height":600,"url":"https:\/\/www.miamibeachfl.gov\/wp-content\/uploads\/2019\/11\/Steven-Meiner.jpg","type":"image\/jpeg"}],"twitter_card":"summary_large_image","twitter_description":"The City of Miami Beach holds a commission\/manager government. The City Commission consists of six elected Commissioners and an elected Mayor.","twitter_site":"@Miamibeachnews","schema":{"@context":"https:\/\/schema.org","@graph":[{"@type":"WebPage","@id":"https:\/\/www.miamibeachfl.gov\/city-hall\/elected-officials\/","url":"https:\/\/www.miamibeachfl.gov\/city-hall\/elected-officials\/","name":"Alcalde y comisionados de la ciudad de Miami Beach","isPartOf":{"@id":"https:\/\/www.miamibeachfl.gov\/#website"},"primaryImageOfPage":{"@id":"https:\/\/www.miamibeachfl.gov\/city-hall\/elected-officials\/#primaryimage"},"image":{"@id":"https:\/\/www.miamibeachfl.gov\/city-hall\/elected-officials\/#primaryimage"},"thumbnailUrl":"https:\/\/www.miamibeachfl.gov\/wp-content\/uploads\/2023\/01\/MiamiBeach-cityhall.jpg","datePublished":"2017-11-01T16:28:52+00:00","dateModified":"2026-01-02T20:20:34+00:00","description":"La Ciudad de Miami Beach cuenta con un gobierno de comisi\u00f3n\/administrador. La Comisi\u00f3n Municipal est\u00e1 compuesta por seis comisionados electos y un alcalde electo.","breadcrumb":{"@id":"https:\/\/www.miamibeachfl.gov\/city-hall\/elected-officials\/#breadcrumb"},"inLanguage":"es","potentialAction":[{"@type":"ReadAction","target":["https:\/\/www.miamibeachfl.gov\/city-hall\/elected-officials\/"]}]},{"@type":"ImageObject","inLanguage":"es","@id":"https:\/\/www.miamibeachfl.gov\/city-hall\/elected-officials\/#primaryimage","url":"https:\/\/www.miamibeachfl.gov\/wp-content\/uploads\/2023\/01\/MiamiBeach-cityhall.jpg","contentUrl":"https:\/\/www.miamibeachfl.gov\/wp-content\/uploads\/2023\/01\/MiamiBeach-cityhall.jpg","width":1000,"height":1000,"caption":"City Hall"},{"@type":"BreadcrumbList","@id":"https:\/\/www.miamibeachfl.gov\/city-hall\/elected-officials\/#breadcrumb","itemListElement":[{"@type":"ListItem","position":1,"name":"Home","item":"https:\/\/www.miamibeachfl.gov\/"},{"@type":"ListItem","position":2,"name":"City Hall","item":"https:\/\/www.miamibeachfl.gov\/city-hall\/"},{"@type":"ListItem","position":3,"name":"Mayor &#038; Commissioners"}]},{"@type":"WebSite","@id":"https:\/\/www.miamibeachfl.gov\/#website","url":"https:\/\/www.miamibeachfl.gov\/","name":"Ciudad de Miami Beach","description":"Sitio web oficial de la Ciudad de Miami Beach. Mant\u00e9ngase informado, encuentre informaci\u00f3n importante sobre servicios municipales, noticias, alertas, eventos, rutas de tranv\u00edas, empleos gubernamentales y m\u00e1s.","publisher":{"@id":"https:\/\/www.miamibeachfl.gov\/#organization"},"potentialAction":[{"@type":"SearchAction","target":{"@type":"EntryPoint","urlTemplate":"https:\/\/www.miamibeachfl.gov\/?s={search_term_string}"},"query-input":{"@type":"PropertyValueSpecification","valueRequired":true,"valueName":"search_term_string"}}],"inLanguage":"es"},{"@type":"Organization","@id":"https:\/\/www.miamibeachfl.gov\/#organization","name":"Ciudad de Miami Beach","url":"https:\/\/www.miamibeachfl.gov\/","logo":{"@type":"ImageObject","inLanguage":"es","@id":"https:\/\/www.miamibeachfl.gov\/#\/schema\/logo\/image\/","url":"https:\/\/www.miamibeachfl.gov\/wp-content\/uploads\/2022\/06\/miamibeach-logoblue.png","contentUrl":"https:\/\/www.miamibeachfl.gov\/wp-content\/uploads\/2022\/06\/miamibeach-logoblue.png","width":1962,"height":381,"caption":"City of Miami Beach"},"image":{"@id":"https:\/\/www.miamibeachfl.gov\/#\/schema\/logo\/image\/"},"sameAs":["https:\/\/www.facebook.com\/cityofmiamibeach","https:\/\/x.com\/Miamibeachnews","https:\/\/www.instagram.com\/miamibeachnews\/"],"description":"Sitio web oficial de la Ciudad de Miami Beach. Mant\u00e9ngase informado, encuentre informaci\u00f3n importante sobre servicios municipales, noticias, alertas, eventos, rutas de tranv\u00edas, empleos gubernamentales y m\u00e1s.","telephone":"305.604.CITY(2489)","legalName":"City of Miami Beach"}]}},"_links":{"self":[{"href":"https:\/\/www.miamibeachfl.gov\/es\/wp-json\/wp\/v2\/pages\/39485","targetHints":{"allow":["GET"]}}],"collection":[{"href":"https:\/\/www.miamibeachfl.gov\/es\/wp-json\/wp\/v2\/pages"}],"about":[{"href":"https:\/\/www.miamibeachfl.gov\/es\/wp-json\/wp\/v2\/types\/page"}],"author":[{"embeddable":true,"href":"https:\/\/www.miamibeachfl.gov\/es\/wp-json\/wp\/v2\/users\/222"}],"replies":[{"embeddable":true,"href":"https:\/\/www.miamibeachfl.gov\/es\/wp-json\/wp\/v2\/comments?post=39485"}],"version-history":[{"count":4,"href":"https:\/\/www.miamibeachfl.gov\/es\/wp-json\/wp\/v2\/pages\/39485\/revisions"}],"predecessor-version":[{"id":394434,"href":"https:\/\/www.miamibeachfl.gov\/es\/wp-json\/wp\/v2\/pages\/39485\/revisions\/394434"}],"up":[{"embeddable":true,"href":"https:\/\/www.miamibeachfl.gov\/es\/wp-json\/wp\/v2\/pages\/28206"}],"wp:featuredmedia":[{"embeddable":true,"href":"https:\/\/www.miamibeachfl.gov\/es\/wp-json\/wp\/v2\/media\/238770"}],"wp:attachment":[{"href":"https:\/\/www.miamibeachfl.gov\/es\/wp-json\/wp\/v2\/media?parent=39485"}],"wp:term":[{"taxonomy":"category","embeddable":true,"href":"https:\/\/www.miamibeachfl.gov\/es\/wp-json\/wp\/v2\/categories?post=39485"},{"taxonomy":"post_tag","embeddable":true,"href":"https:\/\/www.miamibeachfl.gov\/es\/wp-json\/wp\/v2\/tags?post=39485"}],"curies":[{"name":"gracias","href":"https:\/\/api.w.org\/{rel}","templated":true}]}}