{"id":395110,"date":"2026-01-15T13:17:17","date_gmt":"2026-01-15T18:17:17","guid":{"rendered":"https:\/\/www.miamibeachfl.gov\/?page_id=395110"},"modified":"2026-04-17T10:40:55","modified_gmt":"2026-04-17T14:40:55","slug":"city-commission-meeting-dates","status":"publish","type":"page","link":"https:\/\/www.miamibeachfl.gov\/es\/city-hall\/city-clerk\/city-commission-meeting-dates\/","title":{"rendered":"Fechas de las reuniones de la Comisi\u00f3n de la Ciudad de Miami Beach"},"content":{"rendered":"Men\u00fa del Secretario Municipal\t\t\t\n\t\t\t\t\t<ul id=\"menu-city-clerk\"><li id=\"menu-item-317005\"><a href=\"\/es\/city-hall\/city-clerk\/\">Secretario de la ciudad<\/a><\/li>\n<li id=\"menu-item-258831\"><a href=\"\/es\/city-hall\/city-clerk\/public-records-request\/\">Registros p\u00fablicos<\/a><\/li>\n<li id=\"menu-item-258832\"><a href=\"\/es\/city-hall\/city-clerk\/meetings-and-agendas\/\">Agendas<\/a><\/li>\n<li id=\"menu-item-258833\"><a href=\"\/es\/city-hall\/city-clerk\/forms\/\">Formularios<\/a><\/li>\n<li id=\"menu-item-258834\"><a href=\"\/es\/city-hall\/city-clerk\/boards-and-committees\/\">Juntas y comit\u00e9s<\/a><\/li>\n<li id=\"menu-item-258835\"><a href=\"\/es\/city-hall\/city-clerk\/election-information\/\">Informaci\u00f3n electoral<\/a><\/li>\n<li id=\"menu-item-258836\"><a href=\"\/es\/city-hall\/city-clerk\/notification-system\/\">Notificaciones<\/a><\/li>\n<li id=\"menu-item-258837\"><a href=\"\/es\/city-hall\/city-clerk\/public-records-request\/additional-contacts\/\">Cont\u00e1ctenos<\/a><\/li>\n<\/ul>\t\nMen\u00fa del Secretario Municipal \u00d7\t\t\t\t\t\t<ul id=\"menu-city-clerk-1\"><li id=\"menu-item-317005\"><a href=\"\/es\/city-hall\/city-clerk\/\">Secretario de la ciudad<\/a><\/li>\n<li id=\"menu-item-258831\"><a href=\"\/es\/city-hall\/city-clerk\/public-records-request\/\">Registros p\u00fablicos<\/a><\/li>\n<li id=\"menu-item-258832\"><a href=\"\/es\/city-hall\/city-clerk\/meetings-and-agendas\/\">Agendas<\/a><\/li>\n<li id=\"menu-item-258833\"><a href=\"\/es\/city-hall\/city-clerk\/forms\/\">Formularios<\/a><\/li>\n<li id=\"menu-item-258834\"><a href=\"\/es\/city-hall\/city-clerk\/boards-and-committees\/\">Juntas y comit\u00e9s<\/a><\/li>\n<li id=\"menu-item-258835\"><a href=\"\/es\/city-hall\/city-clerk\/election-information\/\">Informaci\u00f3n electoral<\/a><\/li>\n<li id=\"menu-item-258836\"><a href=\"\/es\/city-hall\/city-clerk\/notification-system\/\">Notificaciones<\/a><\/li>\n<li id=\"menu-item-258837\"><a href=\"\/es\/city-hall\/city-clerk\/public-records-request\/additional-contacts\/\">Cont\u00e1ctenos<\/a><\/li>\n<\/ul>\t\t\t\t\n\t<nav id=\"breadcrumbs\" aria-label=\"Pan rallado\"><a href=\"https:\/\/www.miamibeachfl.gov\/es\/\">Hogar<\/a> &gt; <a href=\"https:\/\/www.miamibeachfl.gov\/es\/city-hall\/\">Ayuntamiento<\/a> &gt; <a href=\"https:\/\/www.miamibeachfl.gov\/es\/city-hall\/city-clerk\/\">Secretario de la ciudad<\/a> &gt; <strong>Fechas de las reuniones de la Comisi\u00f3n de la Ciudad de Miami Beach<\/strong><\/nav><h1>\n\t\t\tFechas de las reuniones de la Comisi\u00f3n de la Ciudad\t<\/h1>\n<h2>\n\t\t\tFechas de la reuni\u00f3n de 2026:\t<\/h2>\n\t<p><strong>Salvo indicaci\u00f3n contraria, las reuniones se celebrar\u00e1n en el Ayuntamiento de Miami Beach, 1700 Convention Center Drive, 3.\u00aa planta, Sala de Sesiones.<\/strong><\/p>\n<h3>\n\t\t\tReuniones de la Comisi\u00f3n\t<\/h3>\n\t<p><strong>Comienza a las 8:30 am (a menos que se indique lo contrario) <\/strong><\/p>\n\t<ul>\n<li>5 de febrero (jueves)<\/li>\n<li>19 de febrero (jueves) a las 3:30 p.m. Reuni\u00f3n de la Comisi\u00f3n Especial<\/li>\n<li>25 de febrero (mi\u00e9rcoles)<\/li>\n<li>18 de marzo (mi\u00e9rcoles)<\/li>\n<li>22 de abril (mi\u00e9rcoles)<\/li>\n<li>May 5 (Tuesday) Budget Meeting at 3:30 p.m. &#8211; Convention Ctr. Room 211*<\/li>\n<li>20 de mayo (mi\u00e9rcoles)<\/li>\n<li>24 de junio (mi\u00e9rcoles)<\/li>\n<li>22 de julio (mi\u00e9rcoles)<\/li>\n<li><strong>Agosto \u2013 La Comisi\u00f3n de la Ciudad est\u00e1 en receso<\/strong><\/li>\n<li>10 de septiembre (jueves)<\/li>\n<li>2.\u00aa Reuni\u00f3n de Presupuesto \u2013 TBA<\/li>\n<li>14 de octubre (mi\u00e9rcoles)<\/li>\n<li>18 de noviembre (mi\u00e9rcoles)<\/li>\n<li>9 de diciembre (mi\u00e9rcoles)<\/li>\n<\/ul>\n<h3>\n\t\t\tPresentaciones y Reuniones de Premios\t<\/h3>\n\t<p><strong>Comienza a las 5:00 p. m. (a menos que se indique lo contrario)<\/strong><\/p>\n\t<ul>\n<li>4 de marzo (mi\u00e9rcoles)<\/li>\n<li>15 de abril (mi\u00e9rcoles)<\/li>\n<li>6 de mayo (mi\u00e9rcoles)<\/li>\n<li>10 de junio (mi\u00e9rcoles)<\/li>\n<li>21 de octubre (mi\u00e9rcoles)<\/li>\n<li>4 de noviembre (mi\u00e9rcoles)<\/li>\n<\/ul>\n\t<p>*La reuni\u00f3n de la Comisi\u00f3n sobre el presupuesto se llevar\u00e1 a cabo en el Centro de Convenciones de Miami Beach, 1901 Convention Center Drive, Sala 211. La reuni\u00f3n comenzar\u00e1 a las 15:30. Esta reuni\u00f3n se realizar\u00e1 \u00fanicamente de forma presencial.<\/p>\n<p>Unless otherwise stated, in addition to attending in person, residents, businesses, and stakeholders may watch these meetings live on MBTV, the City&#8217;s Facebook and YouTube pages, and Zoom. They may also participate via Zoom.<\/p>\n<p>The times for the public comment period, known as the Dr. Stanley Sutnick Citizens&#8217; Forum, are 8:30 a.m. and 1:00 p.m., or as soon as possible thereafter. Approximately thirty minutes will be allocated to each session, with individuals being limited to no more than two minutes or for a period established by the Mayor. No appointment or advance notification is needed to speak to the Commission during this Forum. During the Dr. Stanley Sutnick Citizens&#8217; Forum, the public may address any issues and concerns.<\/p>\n\t<p><iframe loading=\"lazy\" id=\"476515702\" title=\"Reuni\u00f3n h\u00edbrida de la Junta de Revisi\u00f3n de Dise\u00f1o, 1.2.2024\" src=\"https:\/\/www.youtube.com\/embed\/live_stream?channel=UCAthAfV8Iqgyl8znznZodlQ\" width=\"560\" height=\"315\" frameborder=\"0\" allowfullscreen=\"allowfullscreen\"><\/iframe><\/p>\n<h2>\n\t\t\t\u00bfAcaba de finalizar una reuni\u00f3n en vivo de una Comisi\u00f3n de la Ciudad, un Comit\u00e9 o de Uso de Tierras? \u00a0\t<\/h2>\n\t<p>Si estaba viendo una transmisi\u00f3n en vivo de una reuni\u00f3n de la ciudad que acaba de finalizar, el video estar\u00e1 disponible en nuestro sitio web dentro de las 24 horas, ya que lleva tiempo indexar correctamente la grabaci\u00f3n.<\/p>\n<strong>\u00bfQuieres verlo ahora mismo?<br \/>\n<a href=\"https:\/\/www.youtube.com\/@CityofMiamiBeachTV\/streams\">Visita la p\u00e1gina de YouTube de la ciudad aqu\u00ed para acceso inmediato.<\/a><\/strong>\n\t\t\t<a href=\"https:\/\/events.miamibeachfl.gov\/city-meetings\/\"  target=\"_self\">\n\t\t\t\t\t\t\tCalendario de reuniones de la ciudad\n\t\t\t<\/a>\n\t\t\t<a href=\"\/es\/mbtv\/\"  target=\"_self\">\n\t\t\t\t\t\t\tMBTV \u2013 Vea reuniones en vivo y archivo de videos\n\t\t\t<\/a>\n\t<div class=\"page-navigation\"><a class=\"prev-page\" href=\"https:\/\/www.miamibeachfl.gov\/es\/city-hall\/city-clerk\/home-solicitation-ordinance\/\">\u2190 Ordenanza de no solicitar<\/a> <a class=\"next-page\" href=\"https:\/\/www.miamibeachfl.gov\/es\/city-hall\/office-of-budget-peformance\/budget\/budget-archive\/fy-2016-2017-budget-amendments-resolutions\/\">Resoluciones de enmiendas presupuestarias del a\u00f1o fiscal 17\/18 \u2192<\/a><\/div>","protected":false},"excerpt":{"rendered":"<p>City Clerk Menu City Clerk Public Records Agendas Forms Boards &#038; Committees Election Information Notifications Contact Us City Clerk Menu [&hellip;]<\/p>\n","protected":false},"author":222,"featured_media":0,"parent":28337,"menu_order":94,"comment_status":"closed","ping_status":"closed","template":"","meta":{"_searchwp_excluded":"","site-sidebar-layout":"default","site-content-layout":"","ast-site-content-layout":"default","site-content-style":"default","site-sidebar-style":"default","ast-global-header-display":"","ast-banner-title-visibility":"","ast-main-header-display":"","ast-hfb-above-header-display":"","ast-hfb-below-header-display":"","ast-hfb-mobile-header-display":"","site-post-title":"","ast-breadcrumbs-content":"","ast-featured-img":"","footer-sml-layout":"","theme-transparent-header-meta":"","adv-header-id-meta":"","stick-header-meta":"","header-above-stick-meta":"","header-main-stick-meta":"","header-below-stick-meta":"","astra-migrate-meta-layouts":"default","ast-page-background-enabled":"default","ast-page-background-meta":{"desktop":{"background-color":"var(--ast-global-color-5)","background-image":"","background-repeat":"repeat","background-position":"center center","background-size":"auto","background-attachment":"scroll","background-type":"","background-media":"","overlay-type":"","overlay-color":"","overlay-opacity":"","overlay-gradient":""},"tablet":{"background-color":"","background-image":"","background-repeat":"repeat","background-position":"center center","background-size":"auto","background-attachment":"scroll","background-type":"","background-media":"","overlay-type":"","overlay-color":"","overlay-opacity":"","overlay-gradient":""},"mobile":{"background-color":"","background-image":"","background-repeat":"repeat","background-position":"center center","background-size":"auto","background-attachment":"scroll","background-type":"","background-media":"","overlay-type":"","overlay-color":"","overlay-opacity":"","overlay-gradient":""}},"ast-content-background-meta":{"desktop":{"background-color":"var(--ast-global-color-4)","background-image":"","background-repeat":"repeat","background-position":"center center","background-size":"auto","background-attachment":"scroll","background-type":"","background-media":"","overlay-type":"","overlay-color":"","overlay-opacity":"","overlay-gradient":""},"tablet":{"background-color":"var(--ast-global-color-4)","background-image":"","background-repeat":"repeat","background-position":"center center","background-size":"auto","background-attachment":"scroll","background-type":"","background-media":"","overlay-type":"","overlay-color":"","overlay-opacity":"","overlay-gradient":""},"mobile":{"background-color":"var(--ast-global-color-4)","background-image":"","background-repeat":"repeat","background-position":"center center","background-size":"auto","background-attachment":"scroll","background-type":"","background-media":"","overlay-type":"","overlay-color":"","overlay-opacity":"","overlay-gradient":""}},"footnotes":""},"categories":[1],"tags":[1203],"class_list":["post-395110","page","type-page","status-publish","hentry","category-uncategorized","tag-exclude-from-permit-page"],"yoast_head":"<!-- This site is optimized with the Yoast SEO Premium plugin v26.6 (Yoast SEO v26.6) - https:\/\/yoast.com\/wordpress\/plugins\/seo\/ -->\n<title>City of Miami Beach Commission Meeting Dates - City of Miami Beach<\/title>\n<meta name=\"description\" content=\"Meetings will be hosted at Miami Beach City Hall, 1700 Convention Center Drive, 3rd Floor, Commission Chamber.\" \/>\n<meta name=\"robots\" content=\"index, follow, max-snippet:-1, max-image-preview:large, max-video-preview:-1\" \/>\n<link rel=\"canonical\" href=\"https:\/\/www.miamibeachfl.gov\/es\/city-hall\/city-clerk\/city-commission-meeting-dates\/\" \/>\n<meta property=\"og:locale\" content=\"es_ES\" \/>\n<meta property=\"og:type\" content=\"article\" \/>\n<meta property=\"og:title\" content=\"City of Miami Beach Commission Meeting Dates\" \/>\n<meta property=\"og:description\" content=\"Meetings will be hosted at Miami Beach City Hall, 1700 Convention Center Drive, 3rd Floor, Commission Chamber.\" \/>\n<meta property=\"og:url\" content=\"https:\/\/www.miamibeachfl.gov\/es\/city-hall\/city-clerk\/city-commission-meeting-dates\/\" \/>\n<meta property=\"og:site_name\" content=\"City of Miami Beach\" \/>\n<meta property=\"article:publisher\" content=\"https:\/\/www.facebook.com\/cityofmiamibeach\" \/>\n<meta property=\"article:modified_time\" content=\"2026-04-17T14:40:55+00:00\" \/>\n<meta property=\"og:image\" content=\"https:\/\/www.miamibeachfl.gov\/wp-content\/uploads\/2023\/01\/MiamiBeach-cityhall.jpg\" \/>\n\t<meta property=\"og:image:width\" content=\"1000\" \/>\n\t<meta property=\"og:image:height\" content=\"1000\" \/>\n\t<meta property=\"og:image:type\" content=\"image\/jpeg\" \/>\n<meta name=\"twitter:card\" content=\"summary_large_image\" \/>\n<meta name=\"twitter:site\" content=\"@Miamibeachnews\" \/>\n<script type=\"application\/ld+json\" class=\"yoast-schema-graph\">{\"@context\":\"https:\/\/schema.org\",\"@graph\":[{\"@type\":\"WebPage\",\"@id\":\"https:\/\/www.miamibeachfl.gov\/city-hall\/city-clerk\/city-commission-meeting-dates\/\",\"url\":\"https:\/\/www.miamibeachfl.gov\/city-hall\/city-clerk\/city-commission-meeting-dates\/\",\"name\":\"City of Miami Beach Commission Meeting Dates - City of Miami Beach\",\"isPartOf\":{\"@id\":\"https:\/\/www.miamibeachfl.gov\/#website\"},\"datePublished\":\"2026-01-15T18:17:17+00:00\",\"dateModified\":\"2026-04-17T14:40:55+00:00\",\"description\":\"Meetings will be hosted at Miami Beach City Hall, 1700 Convention Center Drive, 3rd Floor, Commission Chamber.\",\"breadcrumb\":{\"@id\":\"https:\/\/www.miamibeachfl.gov\/city-hall\/city-clerk\/city-commission-meeting-dates\/#breadcrumb\"},\"inLanguage\":\"es\",\"potentialAction\":[{\"@type\":\"ReadAction\",\"target\":[\"https:\/\/www.miamibeachfl.gov\/city-hall\/city-clerk\/city-commission-meeting-dates\/\"]}]},{\"@type\":\"BreadcrumbList\",\"@id\":\"https:\/\/www.miamibeachfl.gov\/city-hall\/city-clerk\/city-commission-meeting-dates\/#breadcrumb\",\"itemListElement\":[{\"@type\":\"ListItem\",\"position\":1,\"name\":\"Home\",\"item\":\"https:\/\/www.miamibeachfl.gov\/\"},{\"@type\":\"ListItem\",\"position\":2,\"name\":\"City Hall\",\"item\":\"https:\/\/www.miamibeachfl.gov\/city-hall\/\"},{\"@type\":\"ListItem\",\"position\":3,\"name\":\"City Clerk\",\"item\":\"https:\/\/www.miamibeachfl.gov\/city-hall\/city-clerk\/\"},{\"@type\":\"ListItem\",\"position\":4,\"name\":\"City of Miami Beach Commission Meeting Dates\"}]},{\"@type\":\"WebSite\",\"@id\":\"https:\/\/www.miamibeachfl.gov\/#website\",\"url\":\"https:\/\/www.miamibeachfl.gov\/\",\"name\":\"City of Miami Beach\",\"description\":\"The official website of the City of Miami Beach. Stay informed, find important information on city services, news, alerts, events, trolley routes, government employment and more.\",\"publisher\":{\"@id\":\"https:\/\/www.miamibeachfl.gov\/#organization\"},\"potentialAction\":[{\"@type\":\"SearchAction\",\"target\":{\"@type\":\"EntryPoint\",\"urlTemplate\":\"https:\/\/www.miamibeachfl.gov\/?s={search_term_string}\"},\"query-input\":{\"@type\":\"PropertyValueSpecification\",\"valueRequired\":true,\"valueName\":\"search_term_string\"}}],\"inLanguage\":\"es\"},{\"@type\":\"Organization\",\"@id\":\"https:\/\/www.miamibeachfl.gov\/#organization\",\"name\":\"City of Miami Beach\",\"url\":\"https:\/\/www.miamibeachfl.gov\/\",\"logo\":{\"@type\":\"ImageObject\",\"inLanguage\":\"es\",\"@id\":\"https:\/\/www.miamibeachfl.gov\/#\/schema\/logo\/image\/\",\"url\":\"https:\/\/www.miamibeachfl.gov\/wp-content\/uploads\/2022\/06\/miamibeach-logoblue.png\",\"contentUrl\":\"https:\/\/www.miamibeachfl.gov\/wp-content\/uploads\/2022\/06\/miamibeach-logoblue.png\",\"width\":1962,\"height\":381,\"caption\":\"City of Miami Beach\"},\"image\":{\"@id\":\"https:\/\/www.miamibeachfl.gov\/#\/schema\/logo\/image\/\"},\"sameAs\":[\"https:\/\/www.facebook.com\/cityofmiamibeach\",\"https:\/\/x.com\/Miamibeachnews\",\"https:\/\/www.instagram.com\/miamibeachnews\/\"],\"description\":\"The official website of the City of Miami Beach. Stay informed, find important information on city services, news, alerts, events, trolley routes, government employment and more.\",\"telephone\":\"305.604.CITY(2489)\",\"legalName\":\"City of Miami Beach\"}]}<\/script>\n<!-- \/ Yoast SEO Premium plugin. -->","yoast_head_json":{"title":"Fechas de las reuniones de la Comisi\u00f3n de la Ciudad de Miami Beach - Ciudad de Miami Beach","description":"Las reuniones se llevar\u00e1n a cabo en el Ayuntamiento de Miami Beach, 1700 Convention Center Drive, 3er piso, Sala de la Comisi\u00f3n.","robots":{"index":"index","follow":"follow","max-snippet":"max-snippet:-1","max-image-preview":"max-image-preview:large","max-video-preview":"max-video-preview:-1"},"canonical":"https:\/\/www.miamibeachfl.gov\/es\/city-hall\/city-clerk\/city-commission-meeting-dates\/","og_locale":"es_ES","og_type":"article","og_title":"City of Miami Beach Commission Meeting Dates","og_description":"Meetings will be hosted at Miami Beach City Hall, 1700 Convention Center Drive, 3rd Floor, Commission Chamber.","og_url":"https:\/\/www.miamibeachfl.gov\/es\/city-hall\/city-clerk\/city-commission-meeting-dates\/","og_site_name":"City of Miami Beach","article_publisher":"https:\/\/www.facebook.com\/cityofmiamibeach","article_modified_time":"2026-04-17T14:40:55+00:00","og_image":[{"width":1000,"height":1000,"url":"https:\/\/www.miamibeachfl.gov\/wp-content\/uploads\/2023\/01\/MiamiBeach-cityhall.jpg","type":"image\/jpeg"}],"twitter_card":"summary_large_image","twitter_site":"@Miamibeachnews","schema":{"@context":"https:\/\/schema.org","@graph":[{"@type":"WebPage","@id":"https:\/\/www.miamibeachfl.gov\/city-hall\/city-clerk\/city-commission-meeting-dates\/","url":"https:\/\/www.miamibeachfl.gov\/city-hall\/city-clerk\/city-commission-meeting-dates\/","name":"Fechas de las reuniones de la Comisi\u00f3n de la Ciudad de Miami Beach - Ciudad de Miami Beach","isPartOf":{"@id":"https:\/\/www.miamibeachfl.gov\/#website"},"datePublished":"2026-01-15T18:17:17+00:00","dateModified":"2026-04-17T14:40:55+00:00","description":"Las reuniones se llevar\u00e1n a cabo en el Ayuntamiento de Miami Beach, 1700 Convention Center Drive, 3er piso, Sala de la Comisi\u00f3n.","breadcrumb":{"@id":"https:\/\/www.miamibeachfl.gov\/city-hall\/city-clerk\/city-commission-meeting-dates\/#breadcrumb"},"inLanguage":"es","potentialAction":[{"@type":"ReadAction","target":["https:\/\/www.miamibeachfl.gov\/city-hall\/city-clerk\/city-commission-meeting-dates\/"]}]},{"@type":"BreadcrumbList","@id":"https:\/\/www.miamibeachfl.gov\/city-hall\/city-clerk\/city-commission-meeting-dates\/#breadcrumb","itemListElement":[{"@type":"ListItem","position":1,"name":"Home","item":"https:\/\/www.miamibeachfl.gov\/"},{"@type":"ListItem","position":2,"name":"City Hall","item":"https:\/\/www.miamibeachfl.gov\/city-hall\/"},{"@type":"ListItem","position":3,"name":"City Clerk","item":"https:\/\/www.miamibeachfl.gov\/city-hall\/city-clerk\/"},{"@type":"ListItem","position":4,"name":"City of Miami Beach Commission Meeting Dates"}]},{"@type":"WebSite","@id":"https:\/\/www.miamibeachfl.gov\/#website","url":"https:\/\/www.miamibeachfl.gov\/","name":"Ciudad de Miami Beach","description":"Sitio web oficial de la Ciudad de Miami Beach. Mant\u00e9ngase informado, encuentre informaci\u00f3n importante sobre servicios municipales, noticias, alertas, eventos, rutas de tranv\u00edas, empleos gubernamentales y m\u00e1s.","publisher":{"@id":"https:\/\/www.miamibeachfl.gov\/#organization"},"potentialAction":[{"@type":"SearchAction","target":{"@type":"EntryPoint","urlTemplate":"https:\/\/www.miamibeachfl.gov\/?s={search_term_string}"},"query-input":{"@type":"PropertyValueSpecification","valueRequired":true,"valueName":"search_term_string"}}],"inLanguage":"es"},{"@type":"Organization","@id":"https:\/\/www.miamibeachfl.gov\/#organization","name":"Ciudad de Miami Beach","url":"https:\/\/www.miamibeachfl.gov\/","logo":{"@type":"ImageObject","inLanguage":"es","@id":"https:\/\/www.miamibeachfl.gov\/#\/schema\/logo\/image\/","url":"https:\/\/www.miamibeachfl.gov\/wp-content\/uploads\/2022\/06\/miamibeach-logoblue.png","contentUrl":"https:\/\/www.miamibeachfl.gov\/wp-content\/uploads\/2022\/06\/miamibeach-logoblue.png","width":1962,"height":381,"caption":"City of Miami Beach"},"image":{"@id":"https:\/\/www.miamibeachfl.gov\/#\/schema\/logo\/image\/"},"sameAs":["https:\/\/www.facebook.com\/cityofmiamibeach","https:\/\/x.com\/Miamibeachnews","https:\/\/www.instagram.com\/miamibeachnews\/"],"description":"Sitio web oficial de la Ciudad de Miami Beach. Mant\u00e9ngase informado, encuentre informaci\u00f3n importante sobre servicios municipales, noticias, alertas, eventos, rutas de tranv\u00edas, empleos gubernamentales y m\u00e1s.","telephone":"305.604.CITY(2489)","legalName":"City of Miami Beach"}]}},"_links":{"self":[{"href":"https:\/\/www.miamibeachfl.gov\/es\/wp-json\/wp\/v2\/pages\/395110","targetHints":{"allow":["GET"]}}],"collection":[{"href":"https:\/\/www.miamibeachfl.gov\/es\/wp-json\/wp\/v2\/pages"}],"about":[{"href":"https:\/\/www.miamibeachfl.gov\/es\/wp-json\/wp\/v2\/types\/page"}],"author":[{"embeddable":true,"href":"https:\/\/www.miamibeachfl.gov\/es\/wp-json\/wp\/v2\/users\/222"}],"replies":[{"embeddable":true,"href":"https:\/\/www.miamibeachfl.gov\/es\/wp-json\/wp\/v2\/comments?post=395110"}],"version-history":[{"count":11,"href":"https:\/\/www.miamibeachfl.gov\/es\/wp-json\/wp\/v2\/pages\/395110\/revisions"}],"predecessor-version":[{"id":399054,"href":"https:\/\/www.miamibeachfl.gov\/es\/wp-json\/wp\/v2\/pages\/395110\/revisions\/399054"}],"up":[{"embeddable":true,"href":"https:\/\/www.miamibeachfl.gov\/es\/wp-json\/wp\/v2\/pages\/28337"}],"wp:attachment":[{"href":"https:\/\/www.miamibeachfl.gov\/es\/wp-json\/wp\/v2\/media?parent=395110"}],"wp:term":[{"taxonomy":"category","embeddable":true,"href":"https:\/\/www.miamibeachfl.gov\/es\/wp-json\/wp\/v2\/categories?post=395110"},{"taxonomy":"post_tag","embeddable":true,"href":"https:\/\/www.miamibeachfl.gov\/es\/wp-json\/wp\/v2\/tags?post=395110"}],"curies":[{"name":"gracias","href":"https:\/\/api.w.org\/{rel}","templated":true}]}}