{"id":39550,"date":"2017-11-01T16:54:50","date_gmt":"2017-11-01T20:54:50","guid":{"rendered":"http:\/\/www.miamibeachfl.gov\/city-hall\/procurement\/vendor-campaign-contributions\/how-to-become-a-vendor\/"},"modified":"2026-04-24T15:38:08","modified_gmt":"2026-04-24T19:38:08","slug":"how-to-become-a-vendor","status":"publish","type":"page","link":"https:\/\/www.miamibeachfl.gov\/es\/city-hall\/procurement\/how-to-become-a-vendor\/","title":{"rendered":"\u00bfC\u00f3mo convertirse en vendedor?"},"content":{"rendered":"<figure itemscope itemtype=\"https:\/\/schema.org\/ImageObject\">\n\t\t\t\t<img decoding=\"async\" src=\"https:\/\/www.miamibeachfl.gov\/wp-content\/uploads\/2022\/07\/hero-small.jpg\" alt=\"ocean drive art deco buildings\" height=\"211\" width=\"2395\" title=\"h\u00e9roe peque\u00f1o\" onerror=\"this.style.display='none'\" loading=\"lazy\" \/>\n\t<\/figure>\n<h1>\n\t\t\tC\u00f3mo convertirse en proveedor\t<\/h1>\n\t<nav id=\"breadcrumbs\" aria-label=\"Pan rallado\"><a href=\"https:\/\/www.miamibeachfl.gov\/es\/\">Hogar<\/a> &gt; <a href=\"https:\/\/www.miamibeachfl.gov\/es\/city-hall\/\">Ayuntamiento<\/a> &gt; <a href=\"https:\/\/www.miamibeachfl.gov\/es\/city-hall\/procurement\/\">Obtenci\u00f3n<\/a> &gt; <strong>\u00bfC\u00f3mo convertirse en vendedor?<\/strong><\/nav>\n\t\n<h1>ATENCI\u00d3N PROVEEDORES<\/h1>\n<p><img loading=\"lazy\" decoding=\"async\" src=\"https:\/\/www.miamibeachfl.gov\/wp-content\/uploads\/2026\/04\/ProcurementVendorFairWorkshops_Flyer_2026_v04.jpg\" alt=\"Procurement Vendor Fair and Workshops\" width=\"2100\" height=\"1500\" \/><\/p>\n<h3><strong>Bidnet Direct (Para licitaciones)<\/strong><\/h3>\n<p>We are pleased to announce that the City of Miami Beach migrated to Bidnet Direct (&#8220;Bidnet&#8221;), a new electronic bidding (e-Bid) platform, on January 1, 2025. Vendors not registered with Bidnet will not be notified of new bid opportunities released by the City. Bidnet provides convenient online access to our bid information and other agencies&#8217; bids throughout Florida.<\/p>\n<p>Por favor visite <a href=\"https:\/\/www.bidnetdirect.com\/florida\/cityofmiamibeach\">https:\/\/www.bidnetdirect.com\/florida\/cityofmiamibeach <\/a>through Bidnet Direct&#8217;s Florida Purchasing Group and select the &#8220;Limited&#8221; package for free agency bids. Registering to receive notifications of matching solicitations and addenda is free and easy, and will only take a few minutes. You do not need to register again if you are already registered as a vendor with Bidnet Direct&#8217;s Florida Purchasing Group from another local agency. Refer to the guide for registering and submitting an electronic bid <a href=\"https:\/\/www.miamibeachfl.gov\/wp-content\/uploads\/2024\/11\/Vendor-Registration-Guide-City-of-Miami-Beach.pdf\" target=\"_blank\" rel=\"noopener\">aqu\u00ed<\/a>.<\/p>\n<p>If you need help registering, please contact Bidnet Direct&#8217;s Support Department at 1-800-835-4603, option 2, or <a href=\"mailto:support@bidnet.com\" target=\"_blank\" rel=\"noopener\">support@bidnet.com<\/a>.<\/p>\n<h3><strong>C\u00f3mo administrar o crear un perfil de proveedor en Vendor Self-Service (VSS)<\/strong><\/h3>\n<p>The City&#8217;s online Vendor Self-Service webpage allows City vendors to easily update contact information, attachments (W-9 forms), and commodity information. The Vendor Self-Service (VSS) webpage also provides purchase orders and payment information. Registering in VSS only takes a few minutes, making doing business with the City of Miami Beach easier.<\/p>\n<p>Las \u00f3rdenes de compra tambi\u00e9n se pueden enviar electr\u00f3nicamente al correo electr\u00f3nico que proporcionaste. Aseg\u00farate de que la informaci\u00f3n sea precisa y est\u00e9 actualizada para recibirla a tiempo. Puedes agregar varios contactos, adem\u00e1s del principal (por ejemplo, Cuentas por Pagar, Cuentas por Cobrar, etc.). Aseg\u00farate de identificarlos correctamente durante el proceso de registro y mant\u00e9n su informaci\u00f3n actualizada con frecuencia.<\/p>\n<h3><strong>P\u00e1gina web de autoservicio para proveedores:<\/strong><\/h3>\n<p><strong><a href=\"https:\/\/mbservices.miamibeachfl.gov\/vss\/default.aspx\" target=\"_blank\" rel=\"noopener noreferrer\">https:\/\/mbservices.miamibeachfl.gov\/vss\/default.aspx<\/a><\/strong><\/p>\n<ol>\n<li>Haga clic en el enlace VSS de arriba.<\/li>\n<li>Hacer clic en <strong>\u201cIniciar sesi\u00f3n\/Registrarse.\u201d<\/strong><\/li>\n<li>Haga clic en el enlace en la parte inferior de la p\u00e1gina: <strong>\u00bfNo tienes cuenta? Reg\u00edstrate.<\/strong><\/li>\n<li>Ingrese su direcci\u00f3n de correo electr\u00f3nico, nueva contrase\u00f1a, nombre y apellido y haga clic <strong>&quot;Inscribirse.&quot;<\/strong><\/li>\n<li>Community Access Identity env\u00eda un correo electr\u00f3nico de verificaci\u00f3n a la direcci\u00f3n de correo electr\u00f3nico que ingresaste. Haz clic en el bot\u00f3n &quot;<strong>Activar cuenta\u201d<\/strong> Bot\u00f3n para verificar y activar la cuenta.<\/li>\n<li><strong>\u00a0Iniciar sesi\u00f3n<\/strong> con la nueva direcci\u00f3n de correo electr\u00f3nico y contrase\u00f1a que cre\u00f3 en\u00a0<a href=\"https:\/\/mbservices.miamibeachfl.gov\/vss\">https:\/\/mbservices.miamibeachfl.gov\/vss<\/a>.<\/li>\n<li><strong>\u00a0Ingrese la informaci\u00f3n solicitada<\/strong> en la p\u00e1gina y siga las instrucciones para completar su registro. Es posible que se le solicite <strong>Seleccione un \u201cTipo de proveedor\u201d durante su registro<\/strong>. Por favor\u00a0<strong>seleccione \u201cR\u201d<\/strong>\u00a0Para vendedor habitual.<\/li>\n<li>\u00a0Revise toda la informaci\u00f3n y adjunte una copia actual <strong><a href=\"https:\/\/www.miamibeachfl.gov\/wp-content\/uploads\/2025\/10\/W-9-Fillable-Form-IRS-2024.pdf\" target=\"_blank\" rel=\"noopener\">Formulario W-9<\/a> (obligatorio) y cualquier certificaci\u00f3n de diversidad de proveedores seg\u00fan se indique<\/strong>\u00a0<em>(si aplica).<\/em><\/li>\n<\/ol>\n<p>No dude en enviarnos sus comentarios sobre su experiencia de registro. Si recibe un mensaje de error, tome una captura de pantalla y adj\u00fantela a su correo electr\u00f3nico. Si tiene alguna pregunta o comentario, env\u00edelo a <a href=\"mailto:procurement@miamibeachfl.gov\" target=\"_blank\" rel=\"noopener\">procurement@miamibeachfl.gov<\/a>.<\/p>\n<h3><strong>Diversidad de proveedores<\/strong><\/h3>\n<p>La Ciudad ha establecido un registro de negocios propiedad de personas LGBT, certificado por la C\u00e1mara Nacional de Comercio LGBT (NGLCC), y de peque\u00f1as empresas y negocios en situaci\u00f3n de desventaja, certificado por el Condado de Miami-Dade. Se aceptan las siguientes certificaciones:<\/p>\n<table width=\"701\">\n<tbody>\n<tr>\n<td width=\"347\"><strong>Proceso de dar un t\u00edtulo\u00a0<\/strong><\/td>\n<td width=\"349\"><strong>Agencia certificadora<\/strong><\/td>\n<\/tr>\n<tr>\n<td width=\"347\">Peque\u00f1a empresa comercial \u2013 A&amp;E<\/td>\n<td width=\"349\"><a href=\"https:\/\/mdcsbd.gob2g.com\/frontend\/searchcertifieddirectory.asp\" target=\"_blank\" rel=\"noopener noreferrer\">Condado de Miami-Dade<\/a><\/td>\n<\/tr>\n<tr>\n<td width=\"347\">Peque\u00f1a empresa comercial \u2013 Construcci\u00f3n<\/td>\n<td width=\"349\">\u00a0<a href=\"https:\/\/mdcsbd.gob2g.com\/frontend\/searchcertifieddirectory.asp\" target=\"_blank\" rel=\"noopener noreferrer\">Condado de Miami-Dade<\/a><\/td>\n<\/tr>\n<tr>\n<td width=\"347\">Peque\u00f1a empresa comercial: bienes y servicios<\/td>\n<td width=\"349\">\u00a0<a href=\"https:\/\/mdcsbd.gob2g.com\/frontend\/searchcertifieddirectory.asp\" target=\"_blank\" rel=\"noopener noreferrer\">Condado de Miami-Dade<\/a><\/td>\n<\/tr>\n<tr>\n<td width=\"347\">Empresa comercial en desventaja<\/td>\n<td width=\"349\">\u00a0<a href=\"https:\/\/mdcsbd.gob2g.com\/frontend\/searchcertifieddirectory.asp\" target=\"_blank\" rel=\"noopener noreferrer\">Condado de Miami-Dade<\/a><\/td>\n<\/tr>\n<tr>\n<td width=\"347\">Empresa comercial de veteranos<\/td>\n<td width=\"349\"><a href=\"https:\/\/www.va.gov\/\" target=\"_blank\" rel=\"noopener noreferrer\">Departamento de Asuntos de Veteranos de los Estados Unidos<\/a><br \/>\n<a href=\"https:\/\/www.dms.myflorida.com\/agency_administration\/office_of_supplier_diversity_osd\/get_certified\/veteran_owned_small_businesses\" target=\"_blank\" rel=\"noopener noreferrer\">Estado de Florida, Departamento de Servicios de Gesti\u00f3n<\/a><\/td>\n<\/tr>\n<tr>\n<td width=\"347\">Empresa comercial LGBT<\/td>\n<td width=\"349\"><a href=\"https:\/\/www.nglcc.org\/get-certified\" target=\"_blank\" rel=\"noopener noreferrer\">C\u00e1mara Nacional de Comercio LGBT<\/a><\/td>\n<\/tr>\n<\/tbody>\n<\/table>\n<h3><strong>Soporte del proveedor<\/strong><\/h3>\n<p>No dude en ponerse en contacto con el Departamento de Adquisiciones en <a href=\"http:\/\/procurement@miamibeachfl.gov\" target=\"_blank\" rel=\"noopener\">procurement@miamibeachfl.gov<\/a> o 305.673.7490 para obtener m\u00e1s ayuda.<\/p>\n\t\tNavegar a\u2026\t\t\t\n\t\t\t\t\t<ul id=\"menu-procurement-main-menu\"><li id=\"menu-item-363357\"><a href=\"\/es\/city-hall\/procurement\/bid-opportunities\/\">Oportunidades de licitaci\u00f3n<\/a><\/li>\n<li id=\"menu-item-363358\"><a href=\"\/es\/city-hall\/procurement\/contact-procurement\/\">Cont\u00e1ctenos<\/a><\/li>\n<li id=\"menu-item-363359\"><a href=\"\/es\/city-hall\/procurement\/how-to-become-a-vendor\/\">\u00bfC\u00f3mo convertirse en vendedor?<\/a><\/li>\n<li id=\"menu-item-363360\"><a href=\"\/es\/city-hall\/procurement\/kristy-bada-bio\/\">Biograf\u00eda de Kristy Bada<\/a><\/li>\n<li id=\"menu-item-363361\"><a href=\"\/es\/city-hall\/procurement\/procurement-related-ordinance-and-procedures\/\">Pol\u00edticas y procedimientos relacionados con las adquisiciones<\/a><\/li>\n<li id=\"menu-item-363362\"><a href=\"\/es\/city-hall\/procurement\/standard-terms-and-conditions\/\">T\u00e9rminos y condiciones est\u00e1ndar<\/a><\/li>\n<\/ul>\t\n\t<div class=\"page-navigation\"><a class=\"prev-page\" href=\"https:\/\/www.miamibeachfl.gov\/es\/city-hall\/human-resources\/compensation\/contact-info\/\">\u2190 Informaci\u00f3n de contacto<\/a> <a class=\"next-page\" href=\"https:\/\/www.miamibeachfl.gov\/es\/city-hall\/code-compliance\/hernan-cardeno\/\">Hern\u00e1n Carde\u00f1o \u2192<\/a><\/div>","protected":false},"excerpt":{"rendered":"<p>How to Become a Vendor Home &gt; City Hall &gt; Procurement &gt; How to Become a Vendor? ATTENTION VENDORS Bidnet [&hellip;]<\/p>\n","protected":false},"author":222,"featured_media":0,"parent":28912,"menu_order":0,"comment_status":"closed","ping_status":"closed","template":"","meta":{"_searchwp_excluded":"","site-sidebar-layout":"default","site-content-layout":"","ast-site-content-layout":"default","site-content-style":"default","site-sidebar-style":"default","ast-global-header-display":"","ast-banner-title-visibility":"","ast-main-header-display":"","ast-hfb-above-header-display":"","ast-hfb-below-header-display":"","ast-hfb-mobile-header-display":"","site-post-title":"","ast-breadcrumbs-content":"","ast-featured-img":"","footer-sml-layout":"","theme-transparent-header-meta":"","adv-header-id-meta":"","stick-header-meta":"","header-above-stick-meta":"","header-main-stick-meta":"","header-below-stick-meta":"","astra-migrate-meta-layouts":"default","ast-page-background-enabled":"default","ast-page-background-meta":{"desktop":{"background-color":"var(--ast-global-color-5)","background-image":"","background-repeat":"repeat","background-position":"center center","background-size":"auto","background-attachment":"scroll","background-type":"","background-media":"","overlay-type":"","overlay-color":"","overlay-opacity":"","overlay-gradient":""},"tablet":{"background-color":"","background-image":"","background-repeat":"repeat","background-position":"center center","background-size":"auto","background-attachment":"scroll","background-type":"","background-media":"","overlay-type":"","overlay-color":"","overlay-opacity":"","overlay-gradient":""},"mobile":{"background-color":"","background-image":"","background-repeat":"repeat","background-position":"center center","background-size":"auto","background-attachment":"scroll","background-type":"","background-media":"","overlay-type":"","overlay-color":"","overlay-opacity":"","overlay-gradient":""}},"ast-content-background-meta":{"desktop":{"background-color":"var(--ast-global-color-4)","background-image":"","background-repeat":"repeat","background-position":"center center","background-size":"auto","background-attachment":"scroll","background-type":"","background-media":"","overlay-type":"","overlay-color":"","overlay-opacity":"","overlay-gradient":""},"tablet":{"background-color":"var(--ast-global-color-4)","background-image":"","background-repeat":"repeat","background-position":"center center","background-size":"auto","background-attachment":"scroll","background-type":"","background-media":"","overlay-type":"","overlay-color":"","overlay-opacity":"","overlay-gradient":""},"mobile":{"background-color":"var(--ast-global-color-4)","background-image":"","background-repeat":"repeat","background-position":"center center","background-size":"auto","background-attachment":"scroll","background-type":"","background-media":"","overlay-type":"","overlay-color":"","overlay-opacity":"","overlay-gradient":""}},"footnotes":""},"categories":[1],"tags":[136,1653,1651,1652,152,1654],"class_list":["post-39550","page","type-page","status-publish","hentry","category-uncategorized","tag-procurement","tag-registration","tag-supplier-diversity","tag-vendor","tag-vendors","tag-vss"],"yoast_head":"<!-- This site is optimized with the Yoast SEO Premium plugin v27.4 (Yoast SEO v27.4) - https:\/\/yoast.com\/product\/yoast-seo-premium-wordpress\/ -->\n<title>How to Become a Vendor? - City of Miami Beach<\/title>\n<meta name=\"description\" content=\"Register your company on Bidnet Direct, the City&#039;s electronic bidding platform for easy access to competitive solicitations. Learn more about Vendor Registrations and the City&#039;s supplier diversity registry.\" \/>\n<meta name=\"robots\" content=\"index, follow, max-snippet:-1, max-image-preview:large, max-video-preview:-1\" \/>\n<link rel=\"canonical\" href=\"https:\/\/www.miamibeachfl.gov\/es\/city-hall\/procurement\/how-to-become-a-vendor\/\" \/>\n<meta property=\"og:locale\" content=\"es_ES\" \/>\n<meta property=\"og:type\" content=\"article\" \/>\n<meta property=\"og:title\" content=\"How to Become a Vendor?\" \/>\n<meta property=\"og:description\" content=\"Register your company on Bidnet Direct, the City&#039;s electronic bidding platform for easy access to competitive solicitations. Learn more about Vendor Registrations and the City&#039;s supplier diversity registry.\" \/>\n<meta property=\"og:url\" content=\"https:\/\/www.miamibeachfl.gov\/es\/city-hall\/procurement\/how-to-become-a-vendor\/\" \/>\n<meta property=\"og:site_name\" content=\"City of Miami Beach\" \/>\n<meta property=\"article:publisher\" content=\"https:\/\/www.facebook.com\/cityofmiamibeach\" \/>\n<meta property=\"article:modified_time\" content=\"2026-04-24T19:38:08+00:00\" \/>\n<meta property=\"og:image\" content=\"https:\/\/www.miamibeachfl.gov\/wp-content\/uploads\/2022\/07\/hero-small.jpg\" \/>\n<meta name=\"twitter:card\" content=\"summary_large_image\" \/>\n<meta name=\"twitter:site\" content=\"@Miamibeachnews\" \/>\n<script type=\"application\/ld+json\" class=\"yoast-schema-graph\">{\"@context\":\"https:\\\/\\\/schema.org\",\"@graph\":[{\"@type\":\"WebPage\",\"@id\":\"https:\\\/\\\/www.miamibeachfl.gov\\\/city-hall\\\/procurement\\\/how-to-become-a-vendor\\\/\",\"url\":\"https:\\\/\\\/www.miamibeachfl.gov\\\/city-hall\\\/procurement\\\/how-to-become-a-vendor\\\/\",\"name\":\"How to Become a Vendor? - City of Miami Beach\",\"isPartOf\":{\"@id\":\"https:\\\/\\\/www.miamibeachfl.gov\\\/#website\"},\"primaryImageOfPage\":{\"@id\":\"https:\\\/\\\/www.miamibeachfl.gov\\\/city-hall\\\/procurement\\\/how-to-become-a-vendor\\\/#primaryimage\"},\"image\":{\"@id\":\"https:\\\/\\\/www.miamibeachfl.gov\\\/city-hall\\\/procurement\\\/how-to-become-a-vendor\\\/#primaryimage\"},\"thumbnailUrl\":\"https:\\\/\\\/www.miamibeachfl.gov\\\/wp-content\\\/uploads\\\/2022\\\/07\\\/hero-small.jpg\",\"datePublished\":\"2017-11-01T20:54:50+00:00\",\"dateModified\":\"2026-04-24T19:38:08+00:00\",\"description\":\"Register your company on Bidnet Direct, the City's electronic bidding platform for easy access to competitive solicitations. Learn more about Vendor Registrations and the City's supplier diversity registry.\",\"breadcrumb\":{\"@id\":\"https:\\\/\\\/www.miamibeachfl.gov\\\/city-hall\\\/procurement\\\/how-to-become-a-vendor\\\/#breadcrumb\"},\"inLanguage\":\"es\",\"potentialAction\":[{\"@type\":\"ReadAction\",\"target\":[\"https:\\\/\\\/www.miamibeachfl.gov\\\/city-hall\\\/procurement\\\/how-to-become-a-vendor\\\/\"]}]},{\"@type\":\"ImageObject\",\"inLanguage\":\"es\",\"@id\":\"https:\\\/\\\/www.miamibeachfl.gov\\\/city-hall\\\/procurement\\\/how-to-become-a-vendor\\\/#primaryimage\",\"url\":\"https:\\\/\\\/www.miamibeachfl.gov\\\/wp-content\\\/uploads\\\/2022\\\/07\\\/hero-small.jpg\",\"contentUrl\":\"https:\\\/\\\/www.miamibeachfl.gov\\\/wp-content\\\/uploads\\\/2022\\\/07\\\/hero-small.jpg\"},{\"@type\":\"BreadcrumbList\",\"@id\":\"https:\\\/\\\/www.miamibeachfl.gov\\\/city-hall\\\/procurement\\\/how-to-become-a-vendor\\\/#breadcrumb\",\"itemListElement\":[{\"@type\":\"ListItem\",\"position\":1,\"name\":\"Home\",\"item\":\"https:\\\/\\\/www.miamibeachfl.gov\\\/\"},{\"@type\":\"ListItem\",\"position\":2,\"name\":\"City Hall\",\"item\":\"https:\\\/\\\/www.miamibeachfl.gov\\\/city-hall\\\/\"},{\"@type\":\"ListItem\",\"position\":3,\"name\":\"Procurement\",\"item\":\"https:\\\/\\\/www.miamibeachfl.gov\\\/city-hall\\\/procurement\\\/\"},{\"@type\":\"ListItem\",\"position\":4,\"name\":\"How to Become a Vendor?\"}]},{\"@type\":\"WebSite\",\"@id\":\"https:\\\/\\\/www.miamibeachfl.gov\\\/#website\",\"url\":\"https:\\\/\\\/www.miamibeachfl.gov\\\/\",\"name\":\"City of Miami Beach\",\"description\":\"The official website of the City of Miami Beach. Stay informed, find important information on city services, news, alerts, events, trolley routes, government employment and more.\",\"publisher\":{\"@id\":\"https:\\\/\\\/www.miamibeachfl.gov\\\/#organization\"},\"potentialAction\":[{\"@type\":\"SearchAction\",\"target\":{\"@type\":\"EntryPoint\",\"urlTemplate\":\"https:\\\/\\\/www.miamibeachfl.gov\\\/?s={search_term_string}\"},\"query-input\":{\"@type\":\"PropertyValueSpecification\",\"valueRequired\":true,\"valueName\":\"search_term_string\"}}],\"inLanguage\":\"es\"},{\"@type\":\"Organization\",\"@id\":\"https:\\\/\\\/www.miamibeachfl.gov\\\/#organization\",\"name\":\"City of Miami Beach\",\"url\":\"https:\\\/\\\/www.miamibeachfl.gov\\\/\",\"logo\":{\"@type\":\"ImageObject\",\"inLanguage\":\"es\",\"@id\":\"https:\\\/\\\/www.miamibeachfl.gov\\\/#\\\/schema\\\/logo\\\/image\\\/\",\"url\":\"https:\\\/\\\/www.miamibeachfl.gov\\\/wp-content\\\/uploads\\\/2022\\\/06\\\/miamibeach-logoblue.png\",\"contentUrl\":\"https:\\\/\\\/www.miamibeachfl.gov\\\/wp-content\\\/uploads\\\/2022\\\/06\\\/miamibeach-logoblue.png\",\"width\":1962,\"height\":381,\"caption\":\"City of Miami Beach\"},\"image\":{\"@id\":\"https:\\\/\\\/www.miamibeachfl.gov\\\/#\\\/schema\\\/logo\\\/image\\\/\"},\"sameAs\":[\"https:\\\/\\\/www.facebook.com\\\/cityofmiamibeach\",\"https:\\\/\\\/x.com\\\/Miamibeachnews\",\"https:\\\/\\\/www.instagram.com\\\/miamibeachnews\\\/\"],\"description\":\"The official website of the City of Miami Beach. Stay informed, find important information on city services, news, alerts, events, trolley routes, government employment and more.\",\"telephone\":\"305.604.CITY(2489)\",\"legalName\":\"City of Miami Beach\"}]}<\/script>\n<!-- \/ Yoast SEO Premium plugin. -->","yoast_head_json":{"title":"\u00bfC\u00f3mo convertirse en vendedor? - Ciudad de Miami Beach","description":"Registre su empresa en Bidnet Direct, la plataforma de licitaci\u00f3n electr\u00f3nica de la Ciudad, para acceder f\u00e1cilmente a las convocatorias competitivas. Obtenga m\u00e1s informaci\u00f3n sobre el Registro de Proveedores y el registro de diversidad de proveedores de la Ciudad.","robots":{"index":"index","follow":"follow","max-snippet":"max-snippet:-1","max-image-preview":"max-image-preview:large","max-video-preview":"max-video-preview:-1"},"canonical":"https:\/\/www.miamibeachfl.gov\/es\/city-hall\/procurement\/how-to-become-a-vendor\/","og_locale":"es_ES","og_type":"article","og_title":"How to Become a Vendor?","og_description":"Register your company on Bidnet Direct, the City's electronic bidding platform for easy access to competitive solicitations. Learn more about Vendor Registrations and the City's supplier diversity registry.","og_url":"https:\/\/www.miamibeachfl.gov\/es\/city-hall\/procurement\/how-to-become-a-vendor\/","og_site_name":"City of Miami Beach","article_publisher":"https:\/\/www.facebook.com\/cityofmiamibeach","article_modified_time":"2026-04-24T19:38:08+00:00","og_image":[{"url":"https:\/\/www.miamibeachfl.gov\/wp-content\/uploads\/2022\/07\/hero-small.jpg","type":"","width":"","height":""}],"twitter_card":"summary_large_image","twitter_site":"@Miamibeachnews","schema":{"@context":"https:\/\/schema.org","@graph":[{"@type":"WebPage","@id":"https:\/\/www.miamibeachfl.gov\/city-hall\/procurement\/how-to-become-a-vendor\/","url":"https:\/\/www.miamibeachfl.gov\/city-hall\/procurement\/how-to-become-a-vendor\/","name":"\u00bfC\u00f3mo convertirse en vendedor? - Ciudad de Miami Beach","isPartOf":{"@id":"https:\/\/www.miamibeachfl.gov\/#website"},"primaryImageOfPage":{"@id":"https:\/\/www.miamibeachfl.gov\/city-hall\/procurement\/how-to-become-a-vendor\/#primaryimage"},"image":{"@id":"https:\/\/www.miamibeachfl.gov\/city-hall\/procurement\/how-to-become-a-vendor\/#primaryimage"},"thumbnailUrl":"https:\/\/www.miamibeachfl.gov\/wp-content\/uploads\/2022\/07\/hero-small.jpg","datePublished":"2017-11-01T20:54:50+00:00","dateModified":"2026-04-24T19:38:08+00:00","description":"Registre su empresa en Bidnet Direct, la plataforma de licitaci\u00f3n electr\u00f3nica de la Ciudad, para acceder f\u00e1cilmente a las convocatorias competitivas. Obtenga m\u00e1s informaci\u00f3n sobre el Registro de Proveedores y el registro de diversidad de proveedores de la Ciudad.","breadcrumb":{"@id":"https:\/\/www.miamibeachfl.gov\/city-hall\/procurement\/how-to-become-a-vendor\/#breadcrumb"},"inLanguage":"es","potentialAction":[{"@type":"ReadAction","target":["https:\/\/www.miamibeachfl.gov\/city-hall\/procurement\/how-to-become-a-vendor\/"]}]},{"@type":"ImageObject","inLanguage":"es","@id":"https:\/\/www.miamibeachfl.gov\/city-hall\/procurement\/how-to-become-a-vendor\/#primaryimage","url":"https:\/\/www.miamibeachfl.gov\/wp-content\/uploads\/2022\/07\/hero-small.jpg","contentUrl":"https:\/\/www.miamibeachfl.gov\/wp-content\/uploads\/2022\/07\/hero-small.jpg"},{"@type":"BreadcrumbList","@id":"https:\/\/www.miamibeachfl.gov\/city-hall\/procurement\/how-to-become-a-vendor\/#breadcrumb","itemListElement":[{"@type":"ListItem","position":1,"name":"Home","item":"https:\/\/www.miamibeachfl.gov\/"},{"@type":"ListItem","position":2,"name":"City Hall","item":"https:\/\/www.miamibeachfl.gov\/city-hall\/"},{"@type":"ListItem","position":3,"name":"Procurement","item":"https:\/\/www.miamibeachfl.gov\/city-hall\/procurement\/"},{"@type":"ListItem","position":4,"name":"How to Become a Vendor?"}]},{"@type":"WebSite","@id":"https:\/\/www.miamibeachfl.gov\/#website","url":"https:\/\/www.miamibeachfl.gov\/","name":"Ciudad de Miami Beach","description":"Sitio web oficial de la Ciudad de Miami Beach. Mant\u00e9ngase informado, encuentre informaci\u00f3n importante sobre servicios municipales, noticias, alertas, eventos, rutas de tranv\u00edas, empleos gubernamentales y m\u00e1s.","publisher":{"@id":"https:\/\/www.miamibeachfl.gov\/#organization"},"potentialAction":[{"@type":"SearchAction","target":{"@type":"EntryPoint","urlTemplate":"https:\/\/www.miamibeachfl.gov\/?s={search_term_string}"},"query-input":{"@type":"PropertyValueSpecification","valueRequired":true,"valueName":"search_term_string"}}],"inLanguage":"es"},{"@type":"Organization","@id":"https:\/\/www.miamibeachfl.gov\/#organization","name":"Ciudad de Miami Beach","url":"https:\/\/www.miamibeachfl.gov\/","logo":{"@type":"ImageObject","inLanguage":"es","@id":"https:\/\/www.miamibeachfl.gov\/#\/schema\/logo\/image\/","url":"https:\/\/www.miamibeachfl.gov\/wp-content\/uploads\/2022\/06\/miamibeach-logoblue.png","contentUrl":"https:\/\/www.miamibeachfl.gov\/wp-content\/uploads\/2022\/06\/miamibeach-logoblue.png","width":1962,"height":381,"caption":"City of Miami Beach"},"image":{"@id":"https:\/\/www.miamibeachfl.gov\/#\/schema\/logo\/image\/"},"sameAs":["https:\/\/www.facebook.com\/cityofmiamibeach","https:\/\/x.com\/Miamibeachnews","https:\/\/www.instagram.com\/miamibeachnews\/"],"description":"Sitio web oficial de la Ciudad de Miami Beach. Mant\u00e9ngase informado, encuentre informaci\u00f3n importante sobre servicios municipales, noticias, alertas, eventos, rutas de tranv\u00edas, empleos gubernamentales y m\u00e1s.","telephone":"305.604.CITY(2489)","legalName":"City of Miami Beach"}]}},"_links":{"self":[{"href":"https:\/\/www.miamibeachfl.gov\/es\/wp-json\/wp\/v2\/pages\/39550","targetHints":{"allow":["GET"]}}],"collection":[{"href":"https:\/\/www.miamibeachfl.gov\/es\/wp-json\/wp\/v2\/pages"}],"about":[{"href":"https:\/\/www.miamibeachfl.gov\/es\/wp-json\/wp\/v2\/types\/page"}],"author":[{"embeddable":true,"href":"https:\/\/www.miamibeachfl.gov\/es\/wp-json\/wp\/v2\/users\/222"}],"replies":[{"embeddable":true,"href":"https:\/\/www.miamibeachfl.gov\/es\/wp-json\/wp\/v2\/comments?post=39550"}],"version-history":[{"count":8,"href":"https:\/\/www.miamibeachfl.gov\/es\/wp-json\/wp\/v2\/pages\/39550\/revisions"}],"predecessor-version":[{"id":399504,"href":"https:\/\/www.miamibeachfl.gov\/es\/wp-json\/wp\/v2\/pages\/39550\/revisions\/399504"}],"up":[{"embeddable":true,"href":"https:\/\/www.miamibeachfl.gov\/es\/wp-json\/wp\/v2\/pages\/28912"}],"wp:attachment":[{"href":"https:\/\/www.miamibeachfl.gov\/es\/wp-json\/wp\/v2\/media?parent=39550"}],"wp:term":[{"taxonomy":"category","embeddable":true,"href":"https:\/\/www.miamibeachfl.gov\/es\/wp-json\/wp\/v2\/categories?post=39550"},{"taxonomy":"post_tag","embeddable":true,"href":"https:\/\/www.miamibeachfl.gov\/es\/wp-json\/wp\/v2\/tags?post=39550"}],"curies":[{"name":"gracias","href":"https:\/\/api.w.org\/{rel}","templated":true}]}}