{"id":40045,"date":"2017-11-07T13:23:28","date_gmt":"2017-11-07T18:23:28","guid":{"rendered":"http:\/\/www.miamibeachfl.gov\/city-hall\/code-compliance\/director-info\/"},"modified":"2023-11-03T08:09:55","modified_gmt":"2023-11-03T12:09:55","slug":"hernan-cardeno","status":"publish","type":"page","link":"https:\/\/www.miamibeachfl.gov\/es\/city-hall\/code-compliance\/hernan-cardeno\/","title":{"rendered":"Hern\u00e1n Carde\u00f1o"},"content":{"rendered":"<h1>\n\t\tHern\u00e1n Carde\u00f1o\n\t<\/h1>\n<h1>\n\t\tDirector de Cumplimiento del C\u00f3digo\n\t<\/h1>\nMen\u00fa de Cumplimiento del C\u00f3digo\t\t\t\n\t\t\t\t\t<ul id=\"menu-code-compliance\"><li id=\"menu-item-257356\"><a href=\"\/es\/city-hall\/code-compliance\/\">Cumplimiento del c\u00f3digo<\/a><\/li>\n<li id=\"menu-item-257357\"><a href=\"\/es\/city-hall\/code-compliance\/code-violations\/\">Violaciones del c\u00f3digo<\/a><\/li>\n<li id=\"menu-item-257358\"><a href=\"\/es\/city-hall\/code-compliance\/code-invoice-request\/\">Solicitud de factura de c\u00f3digo<\/a><\/li>\n<li id=\"menu-item-257359\"><a href=\"\/es\/city-hall\/code-compliance\/appeal-violations\/\">Violaci\u00f3n de apelaci\u00f3n<\/a><\/li>\n<li id=\"menu-item-254588\"><a href=\"https:\/\/www.miamibeachfl.gov\/es\/city-hall\/code-compliance\/#codecompliancehours\">Cumplimiento del C\u00f3digo de Contacto<\/a><\/li>\n<\/ul>\t\nMen\u00fa de cumplimiento del c\u00f3digo \u00d7\t\t\t\t\t\t<ul id=\"menu-code-compliance-1\"><li id=\"menu-item-257356\"><a href=\"\/es\/city-hall\/code-compliance\/\">Cumplimiento del c\u00f3digo<\/a><\/li>\n<li id=\"menu-item-257357\"><a href=\"\/es\/city-hall\/code-compliance\/code-violations\/\">Violaciones del c\u00f3digo<\/a><\/li>\n<li id=\"menu-item-257358\"><a href=\"\/es\/city-hall\/code-compliance\/code-invoice-request\/\">Solicitud de factura de c\u00f3digo<\/a><\/li>\n<li id=\"menu-item-257359\"><a href=\"\/es\/city-hall\/code-compliance\/appeal-violations\/\">Violaci\u00f3n de apelaci\u00f3n<\/a><\/li>\n<li id=\"menu-item-254588\"><a href=\"https:\/\/www.miamibeachfl.gov\/es\/city-hall\/code-compliance\/#codecompliancehours\">Cumplimiento del C\u00f3digo de Contacto<\/a><\/li>\n<\/ul>\t\t\t\t\n\t\t\t\t<img decoding=\"async\" src=\"https:\/\/www.miamibeachfl.gov\/wp-content\/uploads\/bb-plugin\/cache\/HernanCordero100sq-circle.jpg\" alt=\"Hernan Cordero\" title=\"Hernan Cordero100sq\" itemprop=\"image\"\/>\n\t\t<h2>\n\t\tNuevos uniformes\n\t<\/h2>\n\t<p>Hernan Cardeno es un veterano de 37 a\u00f1os en la aplicaci\u00f3n de la ley, habiendo servido primero en el Departamento de Polic\u00eda de Bal Harbour, donde ascendi\u00f3 de rango hasta llegar a Subjefe de Polic\u00eda.<\/p>\n<p>Posteriormente, se convirti\u00f3 en uno de los jefes de polic\u00eda m\u00e1s j\u00f3venes en la historia del condado de Miami-Dade al ser nombrado jefe del Departamento de Polic\u00eda de Golden Beach; posteriormente, se desempe\u00f1\u00f3 como subadministrador municipal y, posteriormente, administrador municipal interino. En 2001, acept\u00f3 el puesto de comandante ejecutivo en el Departamento de Polic\u00eda de North Miami Beach, supervisando la Secci\u00f3n de Decomisos, la Gesti\u00f3n de Subvenciones y el grupo de trabajo contra el blanqueo de capitales, antes de ser reclutado por el Departamento de Polic\u00eda de Miami Beach.<\/p>\n<p>Como Comandante de la Divisi\u00f3n de Servicios de Apoyo de la Polic\u00eda de Miami Beach, supervisaba la Unidad de Propiedad y Evidencia (PEU), la Unidad de Capacitaci\u00f3n, la Unidad de Selecci\u00f3n de Personal e Investigaci\u00f3n de Antecedentes, y la Unidad de Recursos Empresariales, compuesta por los servicios policiales fuera de servicio y los servicios de N\u00f3mina. Anteriormente, el Comandante Cardeno comandaba la Divisi\u00f3n de Servicios T\u00e9cnicos, compuesta por el Centro de 9-1-1 de la Unidad de Comunicaciones de Seguridad P\u00fablica (PSCU), la Unidad de Gesti\u00f3n de Registros, la Unidad de Est\u00e1ndares Profesionales, los Recursos de Informaci\u00f3n y la Gesti\u00f3n de Subvenciones.<\/p>\n<p>Como Director del Departamento de Cumplimiento del C\u00f3digo, supervisa la aplicaci\u00f3n de las leyes y ordenanzas de la ciudad para garantizar la salud, la seguridad, el bienestar y la calidad de vida de los residentes, empresas, propietarios y turistas de la ciudad de Miami Beach.<\/p>\n<p>El Sr. Cardeno se gradu\u00f3 del Curso de Desarrollo de Oficiales de Comando del Instituto de la Polic\u00eda del Sur de la Universidad de Louisville y del Curso de Desarrollo Ejecutivo Federal del FBI. Es licenciado por la Universidad Barry, con especializaci\u00f3n en Gesti\u00f3n de Recursos Humanos y una especializaci\u00f3n en Consejer\u00eda; y obtuvo un Doctorado en Derecho por el Centro de Derecho Shepard Broad de la Universidad Nova Southeastern. Es miembro activo del Colegio de Abogados de Florida y de la Asociaci\u00f3n Americana de Abogados.<\/p>","protected":false},"excerpt":{"rendered":"<p>Hernan Cardeno Code Compliance Director Code Compliance Menu Code Compliance Code Violations Code Invoice Request Appeal Violation Contact Code Compliance [&hellip;]<\/p>\n","protected":false},"author":222,"featured_media":0,"parent":28329,"menu_order":0,"comment_status":"closed","ping_status":"closed","template":"page-blank.php","meta":{"_searchwp_excluded":"","site-sidebar-layout":"default","site-content-layout":"","ast-site-content-layout":"default","site-content-style":"default","site-sidebar-style":"default","ast-global-header-display":"","ast-banner-title-visibility":"","ast-main-header-display":"","ast-hfb-above-header-display":"","ast-hfb-below-header-display":"","ast-hfb-mobile-header-display":"","site-post-title":"","ast-breadcrumbs-content":"","ast-featured-img":"","footer-sml-layout":"","theme-transparent-header-meta":"","adv-header-id-meta":"","stick-header-meta":"","header-above-stick-meta":"","header-main-stick-meta":"","header-below-stick-meta":"","astra-migrate-meta-layouts":"default","ast-page-background-enabled":"default","ast-page-background-meta":{"desktop":{"background-color":"var(--ast-global-color-5)","background-image":"","background-repeat":"repeat","background-position":"center center","background-size":"auto","background-attachment":"scroll","background-type":"","background-media":"","overlay-type":"","overlay-color":"","overlay-opacity":"","overlay-gradient":""},"tablet":{"background-color":"","background-image":"","background-repeat":"repeat","background-position":"center center","background-size":"auto","background-attachment":"scroll","background-type":"","background-media":"","overlay-type":"","overlay-color":"","overlay-opacity":"","overlay-gradient":""},"mobile":{"background-color":"","background-image":"","background-repeat":"repeat","background-position":"center center","background-size":"auto","background-attachment":"scroll","background-type":"","background-media":"","overlay-type":"","overlay-color":"","overlay-opacity":"","overlay-gradient":""}},"ast-content-background-meta":{"desktop":{"background-color":"var(--ast-global-color-4)","background-image":"","background-repeat":"repeat","background-position":"center center","background-size":"auto","background-attachment":"scroll","background-type":"","background-media":"","overlay-type":"","overlay-color":"","overlay-opacity":"","overlay-gradient":""},"tablet":{"background-color":"var(--ast-global-color-4)","background-image":"","background-repeat":"repeat","background-position":"center center","background-size":"auto","background-attachment":"scroll","background-type":"","background-media":"","overlay-type":"","overlay-color":"","overlay-opacity":"","overlay-gradient":""},"mobile":{"background-color":"var(--ast-global-color-4)","background-image":"","background-repeat":"repeat","background-position":"center center","background-size":"auto","background-attachment":"scroll","background-type":"","background-media":"","overlay-type":"","overlay-color":"","overlay-opacity":"","overlay-gradient":""}},"footnotes":""},"categories":[],"tags":[],"class_list":["post-40045","page","type-page","status-publish","hentry"],"yoast_head":"<!-- This site is optimized with the Yoast SEO Premium plugin v27.4 (Yoast SEO v27.4) - https:\/\/yoast.com\/product\/yoast-seo-premium-wordpress\/ -->\n<title>Hernan Cardeno - City of Miami Beach<\/title>\n<meta name=\"description\" content=\"As the Code Compliance Department Director, he oversees the enforcement of laws and ordinances ensuring the quality of life for the people of the City of Miami Beach.\" \/>\n<meta name=\"robots\" content=\"index, follow, max-snippet:-1, max-image-preview:large, max-video-preview:-1\" \/>\n<link rel=\"canonical\" href=\"https:\/\/www.miamibeachfl.gov\/es\/city-hall\/code-compliance\/hernan-cardeno\/\" \/>\n<meta property=\"og:locale\" content=\"es_ES\" \/>\n<meta property=\"og:type\" content=\"article\" \/>\n<meta property=\"og:title\" content=\"Hernan Cardeno\" \/>\n<meta property=\"og:description\" content=\"As the Code Compliance Department Director, he oversees the enforcement of laws and ordinances ensuring the quality of life for the people of the City of Miami Beach.\" \/>\n<meta property=\"og:url\" content=\"https:\/\/www.miamibeachfl.gov\/es\/city-hall\/code-compliance\/hernan-cardeno\/\" \/>\n<meta property=\"og:site_name\" content=\"City of Miami Beach\" \/>\n<meta property=\"article:publisher\" content=\"https:\/\/www.facebook.com\/cityofmiamibeach\" \/>\n<meta property=\"article:modified_time\" content=\"2023-11-03T12:09:55+00:00\" \/>\n<meta property=\"og:image\" content=\"https:\/\/www.miamibeachfl.gov\/wp-content\/uploads\/bb-plugin\/cache\/HernanCordero100sq-circle.jpg\" \/>\n<meta name=\"twitter:card\" content=\"summary_large_image\" \/>\n<meta name=\"twitter:site\" content=\"@Miamibeachnews\" \/>\n<script type=\"application\/ld+json\" class=\"yoast-schema-graph\">{\"@context\":\"https:\\\/\\\/schema.org\",\"@graph\":[{\"@type\":\"WebPage\",\"@id\":\"https:\\\/\\\/www.miamibeachfl.gov\\\/city-hall\\\/code-compliance\\\/hernan-cardeno\\\/\",\"url\":\"https:\\\/\\\/www.miamibeachfl.gov\\\/city-hall\\\/code-compliance\\\/hernan-cardeno\\\/\",\"name\":\"Hernan Cardeno - City of Miami Beach\",\"isPartOf\":{\"@id\":\"https:\\\/\\\/www.miamibeachfl.gov\\\/#website\"},\"primaryImageOfPage\":{\"@id\":\"https:\\\/\\\/www.miamibeachfl.gov\\\/city-hall\\\/code-compliance\\\/hernan-cardeno\\\/#primaryimage\"},\"image\":{\"@id\":\"https:\\\/\\\/www.miamibeachfl.gov\\\/city-hall\\\/code-compliance\\\/hernan-cardeno\\\/#primaryimage\"},\"thumbnailUrl\":\"https:\\\/\\\/www.miamibeachfl.gov\\\/wp-content\\\/uploads\\\/bb-plugin\\\/cache\\\/HernanCordero100sq-circle.jpg\",\"datePublished\":\"2017-11-07T18:23:28+00:00\",\"dateModified\":\"2023-11-03T12:09:55+00:00\",\"description\":\"As the Code Compliance Department Director, he oversees the enforcement of laws and ordinances ensuring the quality of life for the people of the City of Miami Beach.\",\"breadcrumb\":{\"@id\":\"https:\\\/\\\/www.miamibeachfl.gov\\\/city-hall\\\/code-compliance\\\/hernan-cardeno\\\/#breadcrumb\"},\"inLanguage\":\"es\",\"potentialAction\":[{\"@type\":\"ReadAction\",\"target\":[\"https:\\\/\\\/www.miamibeachfl.gov\\\/city-hall\\\/code-compliance\\\/hernan-cardeno\\\/\"]}]},{\"@type\":\"ImageObject\",\"inLanguage\":\"es\",\"@id\":\"https:\\\/\\\/www.miamibeachfl.gov\\\/city-hall\\\/code-compliance\\\/hernan-cardeno\\\/#primaryimage\",\"url\":\"https:\\\/\\\/www.miamibeachfl.gov\\\/wp-content\\\/uploads\\\/bb-plugin\\\/cache\\\/HernanCordero100sq-circle.jpg\",\"contentUrl\":\"https:\\\/\\\/www.miamibeachfl.gov\\\/wp-content\\\/uploads\\\/bb-plugin\\\/cache\\\/HernanCordero100sq-circle.jpg\"},{\"@type\":\"BreadcrumbList\",\"@id\":\"https:\\\/\\\/www.miamibeachfl.gov\\\/city-hall\\\/code-compliance\\\/hernan-cardeno\\\/#breadcrumb\",\"itemListElement\":[{\"@type\":\"ListItem\",\"position\":1,\"name\":\"Home\",\"item\":\"https:\\\/\\\/www.miamibeachfl.gov\\\/\"},{\"@type\":\"ListItem\",\"position\":2,\"name\":\"City Hall\",\"item\":\"https:\\\/\\\/www.miamibeachfl.gov\\\/city-hall\\\/\"},{\"@type\":\"ListItem\",\"position\":3,\"name\":\"Code Compliance\",\"item\":\"https:\\\/\\\/www.miamibeachfl.gov\\\/city-hall\\\/code-compliance\\\/\"},{\"@type\":\"ListItem\",\"position\":4,\"name\":\"Hernan Cardeno\"}]},{\"@type\":\"WebSite\",\"@id\":\"https:\\\/\\\/www.miamibeachfl.gov\\\/#website\",\"url\":\"https:\\\/\\\/www.miamibeachfl.gov\\\/\",\"name\":\"City of Miami Beach\",\"description\":\"The official website of the City of Miami Beach. Stay informed, find important information on city services, news, alerts, events, trolley routes, government employment and more.\",\"publisher\":{\"@id\":\"https:\\\/\\\/www.miamibeachfl.gov\\\/#organization\"},\"potentialAction\":[{\"@type\":\"SearchAction\",\"target\":{\"@type\":\"EntryPoint\",\"urlTemplate\":\"https:\\\/\\\/www.miamibeachfl.gov\\\/?s={search_term_string}\"},\"query-input\":{\"@type\":\"PropertyValueSpecification\",\"valueRequired\":true,\"valueName\":\"search_term_string\"}}],\"inLanguage\":\"es\"},{\"@type\":\"Organization\",\"@id\":\"https:\\\/\\\/www.miamibeachfl.gov\\\/#organization\",\"name\":\"City of Miami Beach\",\"url\":\"https:\\\/\\\/www.miamibeachfl.gov\\\/\",\"logo\":{\"@type\":\"ImageObject\",\"inLanguage\":\"es\",\"@id\":\"https:\\\/\\\/www.miamibeachfl.gov\\\/#\\\/schema\\\/logo\\\/image\\\/\",\"url\":\"https:\\\/\\\/www.miamibeachfl.gov\\\/wp-content\\\/uploads\\\/2022\\\/06\\\/miamibeach-logoblue.png\",\"contentUrl\":\"https:\\\/\\\/www.miamibeachfl.gov\\\/wp-content\\\/uploads\\\/2022\\\/06\\\/miamibeach-logoblue.png\",\"width\":1962,\"height\":381,\"caption\":\"City of Miami Beach\"},\"image\":{\"@id\":\"https:\\\/\\\/www.miamibeachfl.gov\\\/#\\\/schema\\\/logo\\\/image\\\/\"},\"sameAs\":[\"https:\\\/\\\/www.facebook.com\\\/cityofmiamibeach\",\"https:\\\/\\\/x.com\\\/Miamibeachnews\",\"https:\\\/\\\/www.instagram.com\\\/miamibeachnews\\\/\"],\"description\":\"The official website of the City of Miami Beach. Stay informed, find important information on city services, news, alerts, events, trolley routes, government employment and more.\",\"telephone\":\"305.604.CITY(2489)\",\"legalName\":\"City of Miami Beach\"}]}<\/script>\n<!-- \/ Yoast SEO Premium plugin. -->","yoast_head_json":{"title":"Hernan Cardeno - Ciudad de Miami Beach","description":"Como Director del Departamento de Cumplimiento del C\u00f3digo, supervisa la aplicaci\u00f3n de las leyes y ordenanzas que garantizan la calidad de vida de los habitantes de la ciudad de Miami Beach.","robots":{"index":"index","follow":"follow","max-snippet":"max-snippet:-1","max-image-preview":"max-image-preview:large","max-video-preview":"max-video-preview:-1"},"canonical":"https:\/\/www.miamibeachfl.gov\/es\/city-hall\/code-compliance\/hernan-cardeno\/","og_locale":"es_ES","og_type":"article","og_title":"Hernan Cardeno","og_description":"As the Code Compliance Department Director, he oversees the enforcement of laws and ordinances ensuring the quality of life for the people of the City of Miami Beach.","og_url":"https:\/\/www.miamibeachfl.gov\/es\/city-hall\/code-compliance\/hernan-cardeno\/","og_site_name":"City of Miami Beach","article_publisher":"https:\/\/www.facebook.com\/cityofmiamibeach","article_modified_time":"2023-11-03T12:09:55+00:00","og_image":[{"url":"https:\/\/www.miamibeachfl.gov\/wp-content\/uploads\/bb-plugin\/cache\/HernanCordero100sq-circle.jpg","type":"","width":"","height":""}],"twitter_card":"summary_large_image","twitter_site":"@Miamibeachnews","schema":{"@context":"https:\/\/schema.org","@graph":[{"@type":"WebPage","@id":"https:\/\/www.miamibeachfl.gov\/city-hall\/code-compliance\/hernan-cardeno\/","url":"https:\/\/www.miamibeachfl.gov\/city-hall\/code-compliance\/hernan-cardeno\/","name":"Hernan Cardeno - Ciudad de Miami Beach","isPartOf":{"@id":"https:\/\/www.miamibeachfl.gov\/#website"},"primaryImageOfPage":{"@id":"https:\/\/www.miamibeachfl.gov\/city-hall\/code-compliance\/hernan-cardeno\/#primaryimage"},"image":{"@id":"https:\/\/www.miamibeachfl.gov\/city-hall\/code-compliance\/hernan-cardeno\/#primaryimage"},"thumbnailUrl":"https:\/\/www.miamibeachfl.gov\/wp-content\/uploads\/bb-plugin\/cache\/HernanCordero100sq-circle.jpg","datePublished":"2017-11-07T18:23:28+00:00","dateModified":"2023-11-03T12:09:55+00:00","description":"Como Director del Departamento de Cumplimiento del C\u00f3digo, supervisa la aplicaci\u00f3n de las leyes y ordenanzas que garantizan la calidad de vida de los habitantes de la ciudad de Miami Beach.","breadcrumb":{"@id":"https:\/\/www.miamibeachfl.gov\/city-hall\/code-compliance\/hernan-cardeno\/#breadcrumb"},"inLanguage":"es","potentialAction":[{"@type":"ReadAction","target":["https:\/\/www.miamibeachfl.gov\/city-hall\/code-compliance\/hernan-cardeno\/"]}]},{"@type":"ImageObject","inLanguage":"es","@id":"https:\/\/www.miamibeachfl.gov\/city-hall\/code-compliance\/hernan-cardeno\/#primaryimage","url":"https:\/\/www.miamibeachfl.gov\/wp-content\/uploads\/bb-plugin\/cache\/HernanCordero100sq-circle.jpg","contentUrl":"https:\/\/www.miamibeachfl.gov\/wp-content\/uploads\/bb-plugin\/cache\/HernanCordero100sq-circle.jpg"},{"@type":"BreadcrumbList","@id":"https:\/\/www.miamibeachfl.gov\/city-hall\/code-compliance\/hernan-cardeno\/#breadcrumb","itemListElement":[{"@type":"ListItem","position":1,"name":"Home","item":"https:\/\/www.miamibeachfl.gov\/"},{"@type":"ListItem","position":2,"name":"City Hall","item":"https:\/\/www.miamibeachfl.gov\/city-hall\/"},{"@type":"ListItem","position":3,"name":"Code Compliance","item":"https:\/\/www.miamibeachfl.gov\/city-hall\/code-compliance\/"},{"@type":"ListItem","position":4,"name":"Hernan Cardeno"}]},{"@type":"WebSite","@id":"https:\/\/www.miamibeachfl.gov\/#website","url":"https:\/\/www.miamibeachfl.gov\/","name":"Ciudad de Miami Beach","description":"Sitio web oficial de la Ciudad de Miami Beach. Mant\u00e9ngase informado, encuentre informaci\u00f3n importante sobre servicios municipales, noticias, alertas, eventos, rutas de tranv\u00edas, empleos gubernamentales y m\u00e1s.","publisher":{"@id":"https:\/\/www.miamibeachfl.gov\/#organization"},"potentialAction":[{"@type":"SearchAction","target":{"@type":"EntryPoint","urlTemplate":"https:\/\/www.miamibeachfl.gov\/?s={search_term_string}"},"query-input":{"@type":"PropertyValueSpecification","valueRequired":true,"valueName":"search_term_string"}}],"inLanguage":"es"},{"@type":"Organization","@id":"https:\/\/www.miamibeachfl.gov\/#organization","name":"Ciudad de Miami Beach","url":"https:\/\/www.miamibeachfl.gov\/","logo":{"@type":"ImageObject","inLanguage":"es","@id":"https:\/\/www.miamibeachfl.gov\/#\/schema\/logo\/image\/","url":"https:\/\/www.miamibeachfl.gov\/wp-content\/uploads\/2022\/06\/miamibeach-logoblue.png","contentUrl":"https:\/\/www.miamibeachfl.gov\/wp-content\/uploads\/2022\/06\/miamibeach-logoblue.png","width":1962,"height":381,"caption":"City of Miami Beach"},"image":{"@id":"https:\/\/www.miamibeachfl.gov\/#\/schema\/logo\/image\/"},"sameAs":["https:\/\/www.facebook.com\/cityofmiamibeach","https:\/\/x.com\/Miamibeachnews","https:\/\/www.instagram.com\/miamibeachnews\/"],"description":"Sitio web oficial de la Ciudad de Miami Beach. Mant\u00e9ngase informado, encuentre informaci\u00f3n importante sobre servicios municipales, noticias, alertas, eventos, rutas de tranv\u00edas, empleos gubernamentales y m\u00e1s.","telephone":"305.604.CITY(2489)","legalName":"City of Miami Beach"}]}},"_links":{"self":[{"href":"https:\/\/www.miamibeachfl.gov\/es\/wp-json\/wp\/v2\/pages\/40045","targetHints":{"allow":["GET"]}}],"collection":[{"href":"https:\/\/www.miamibeachfl.gov\/es\/wp-json\/wp\/v2\/pages"}],"about":[{"href":"https:\/\/www.miamibeachfl.gov\/es\/wp-json\/wp\/v2\/types\/page"}],"author":[{"embeddable":true,"href":"https:\/\/www.miamibeachfl.gov\/es\/wp-json\/wp\/v2\/users\/222"}],"replies":[{"embeddable":true,"href":"https:\/\/www.miamibeachfl.gov\/es\/wp-json\/wp\/v2\/comments?post=40045"}],"version-history":[{"count":0,"href":"https:\/\/www.miamibeachfl.gov\/es\/wp-json\/wp\/v2\/pages\/40045\/revisions"}],"up":[{"embeddable":true,"href":"https:\/\/www.miamibeachfl.gov\/es\/wp-json\/wp\/v2\/pages\/28329"}],"wp:attachment":[{"href":"https:\/\/www.miamibeachfl.gov\/es\/wp-json\/wp\/v2\/media?parent=40045"}],"wp:term":[{"taxonomy":"category","embeddable":true,"href":"https:\/\/www.miamibeachfl.gov\/es\/wp-json\/wp\/v2\/categories?post=40045"},{"taxonomy":"post_tag","embeddable":true,"href":"https:\/\/www.miamibeachfl.gov\/es\/wp-json\/wp\/v2\/tags?post=40045"}],"curies":[{"name":"gracias","href":"https:\/\/api.w.org\/{rel}","templated":true}]}}