{"id":41111,"date":"2017-11-17T11:00:17","date_gmt":"2017-11-17T16:00:17","guid":{"rendered":"http:\/\/www.miamibeachfl.gov\/city-hall\/transportation\/plans-studies\/"},"modified":"2025-06-18T16:57:29","modified_gmt":"2025-06-18T20:57:29","slug":"plans-studies","status":"publish","type":"page","link":"https:\/\/www.miamibeachfl.gov\/es\/city-hall\/transportation\/plans-studies\/","title":{"rendered":"Planes y Estudios"},"content":{"rendered":"<img decoding=\"async\" src=\"https:\/\/www.miamibeachfl.gov\/wp-content\/uploads\/2022\/07\/hero-small.jpg\" alt=\"ocean drive art deco buildings\" itemprop=\"image\" height=\"211\" width=\"2395\" title=\"h\u00e9roe peque\u00f1o\" onerror=\"this.style.display='none'\" loading='lazy' \/>\n<h1>\n\t\t\tPlanes y estudios\t<\/h1>\n\t<nav id=\"breadcrumbs\" aria-label=\"Pan rallado\"><a href=\"https:\/\/www.miamibeachfl.gov\/es\/\">Hogar<\/a> &gt; <a href=\"https:\/\/www.miamibeachfl.gov\/es\/city-hall\/\">Ayuntamiento<\/a> &gt; <a href=\"https:\/\/www.miamibeachfl.gov\/es\/city-hall\/transportation\/\">Transporte y movilidad<\/a> &gt; <strong>Planes y Estudios<\/strong><\/nav>\n\t<p>El Departamento de Transporte de la Ciudad de Miami Beach busca constantemente maneras innovadoras de mejorar la calidad de vida de los residentes y visitantes de nuestro para\u00edso tropical. Una forma de asegurarnos de trabajar hacia este objetivo es asoci\u00e1ndonos con firmas de arquitectura, ingenier\u00eda y planificaci\u00f3n de transporte de primer nivel para hacer realidad estas ideas. A continuaci\u00f3n, se presentan algunos de los \u00faltimos estudios y planes que hemos desarrollado con nuestros consultores.<\/p>\n<table>\n<tbody>\n<tr>\n<td><strong>Informe Final del Plan Maestro<\/strong><\/td>\n<td><strong>Plan de bicicletas y peatones<\/strong><\/td>\n<\/tr>\n<tr>\n<td>\n<h3><a href=\"https:\/\/www.miamibeachfl.gov\/wp-content\/uploads\/2018\/07\/Updated-Transportation-Master-Plan-Final-Report.pdf\" target=\"_blank\" rel=\"noopener\"><img loading=\"lazy\" decoding=\"async\" src=\"http:\/\/www.miamibeachfl.gov\/wp-content\/uploads\/2017\/12\/MasterFinalReport.png\" alt=\"Master Final Report\" width=\"324\" height=\"210\" \/><\/a><\/h3>\n<\/td>\n<td>\n<h3><a href=\"\/wp-content\/uploads\/2017\/12\/miami-beach-bicycle-pedestrian-master-plan-draft-report.pdf\" target=\"_blank\" rel=\"noopener\"><img loading=\"lazy\" decoding=\"async\" src=\"http:\/\/www.miamibeachfl.gov\/wp-content\/uploads\/2017\/12\/CMBBicyclePlan.png\" alt=\"CMBBicycle Plan\" width=\"320\" height=\"207\" \/><\/a><\/h3>\n<\/td>\n<\/tr>\n<tr>\n<td><strong>Pautas de dise\u00f1o de calles<\/strong><\/td>\n<td><strong>Plan Maestro de Blue Ways<\/strong><\/td>\n<\/tr>\n<tr>\n<td><a href=\"\/wp-content\/uploads\/2017\/12\/street-design-guidlines-FINAL.pdf\" target=\"_blank\" rel=\"noopener\"><img loading=\"lazy\" decoding=\"async\" src=\"http:\/\/www.miamibeachfl.gov\/wp-content\/uploads\/2017\/12\/StreetDesignGuidelines.png\" alt=\"Street Design Guidelines\" width=\"326\" height=\"211\" \/><\/a><\/td>\n<td><a href=\"\/wp-content\/uploads\/2017\/12\/final-blueways-master-plan-5-28-15.pdf\" target=\"_blank\" rel=\"noopener\"><img loading=\"lazy\" decoding=\"async\" src=\"http:\/\/www.miamibeachfl.gov\/wp-content\/uploads\/2017\/12\/CMBBluewayPlan.png\" alt=\"CMBBlueway Plan\" width=\"323\" height=\"209\" \/><\/a><\/td>\n<\/tr>\n<\/tbody>\n<\/table>\n\t<p><a href=\"https:\/\/www.miamibeachfl.gov\/wp-content\/uploads\/2025\/06\/MB_VZAP_Report_FINAL_12202024.pdf\"><img loading=\"lazy\" decoding=\"async\" src=\"https:\/\/www.miamibeachfl.gov\/wp-content\/uploads\/2025\/06\/Screenshot-2025-06-18-at-4.52.18\u202fPM.png\" alt=\"CITY OF MIAMI BEACH VISION ZERO ACTION PLAN\" width=\"570\" height=\"145\" \/><\/a><\/p>\n<hr \/>\n<p><strong><a href=\"https:\/\/www.miamibeachfl.gov\/wp-content\/uploads\/2025\/06\/MB_VZAP_Report_FINAL_12202024.pdf\">VER PLAN DE ACCI\u00d3N VISI\u00d3N CERO (PDF)<\/a> | <a href=\"https:\/\/www.miamibeachfl.gov\/wp-content\/uploads\/2025\/06\/MB_VZAP_Report_FINAL_12202024_PrinterFriendly.pdf\">ARCHIVO DE IMPRESI\u00d3N<\/a><\/strong><\/p>\n<p>&nbsp;<\/p>\n\t\t\t\t\t<a href=\"#\"  id=\"fl-accordion--label-0\" tabindex=\"0\" aria-controls=\"fl-accordion--panel-0\">Estudio de viabilidad para peatones, ciclistas y transporte p\u00fablico de la calle 17<\/a>\n\t\t\t\t\t\t\t\t\t\t\t<a href=\"#\" id=\"fl-accordion--icon-0\"  tabindex=\"0\"><i title=\"Expandir\">Expandir<\/i><\/a>\n\t\t\t\t\t<ul>\n<li><a href=\"http:\/\/www.miamibeachfl.gov\/wp-content\/uploads\/2019\/11\/Public-Meeting-2-Presentation-11.18.19.pdf\">Presentaci\u00f3n de la reuni\u00f3n p\u00fablica #2 18\/11\/19<\/a><\/li>\n<li><a href=\"https:\/\/youtu.be\/T1yTlAx01mk\">V\u00eddeo conceptual de 17 Street<\/a>\n<ul>\n<li>*Este video es un borrador de trabajo y se present\u00f3 en la reuni\u00f3n p\u00fablica del 18\/11\/19. La versi\u00f3n final podr\u00e1 actualizarse y se considerar\u00e1 la versi\u00f3n final.<\/li>\n<\/ul>\n<\/li>\n<\/ul>\n\t\t\t\t\t<a href=\"#\"  id=\"fl-accordion--label-1\" tabindex=\"0\" aria-controls=\"fl-accordion--panel-1\">Sendero de uso compartido de Dade Boulevard<\/a>\n\t\t\t\t\t\t\t\t\t\t\t<a href=\"#\" id=\"fl-accordion--icon-1\"  tabindex=\"0\"><i title=\"Expandir\">Expandir<\/i><\/a>\n\t\t\t\t\t<ul>\n<li><a href=\"http:\/\/www.miamibeachfl.gov\/wp-content\/uploads\/2019\/10\/Public-Meeting-1.pdf\">Reuni\u00f3n p\u00fablica #1<\/a><\/li>\n<\/ul>\n\t\t\t\t\t<a href=\"#\"  id=\"fl-accordion--label-2\" tabindex=\"0\" aria-controls=\"fl-accordion--panel-2\">Estudio completo de calles de la calle 23<\/a>\n\t\t\t\t\t\t\t\t\t\t\t<a href=\"#\" id=\"fl-accordion--icon-2\"  tabindex=\"0\"><i title=\"Expandir\">Expandir<\/i><\/a>\n\t\t\t\t\t<ul>\n<li><a href=\"https:\/\/youtu.be\/KexbbzrGoRk\">V\u00eddeo conceptual completo de la calle 23<\/a><\/li>\n<li><a href=\"http:\/\/www.miamibeachfl.gov\/wp-content\/uploads\/2019\/11\/23-Final-Layout_Bike-Lanes-Final.pdf\">23 Dise\u00f1o final_Carriles bici (final)<\/a><\/li>\n<li><a href=\"http:\/\/www.miamibeachfl.gov\/wp-content\/uploads\/2019\/12\/23-Street-Concept-Brochure.pdf\">Folleto del concepto de 23 Street<\/a><\/li>\n<li><a href=\"http:\/\/www.miamibeachfl.gov\/wp-content\/uploads\/2019\/12\/Proposed-Typical-Sections.pdf\">Secciones t\u00edpicas propuestas<\/a><\/li>\n<\/ul>\n\t\t\t\t\t<a href=\"#\"  id=\"fl-accordion--label-3\" tabindex=\"0\" aria-controls=\"fl-accordion--panel-3\">V\u00eda verde del vecindario de North Beach<\/a>\n\t\t\t\t\t\t\t\t\t\t\t<a href=\"#\" id=\"fl-accordion--icon-3\"  tabindex=\"0\"><i title=\"Expandir\">Expandir<\/i><\/a>\n\t\t\t\t\t<ul>\n<li><a href=\"http:\/\/www.miamibeachfl.gov\/wp-content\/uploads\/2019\/10\/Resolution-2019-30745.pdf\">Resoluci\u00f3n 2019-30745<\/a><\/li>\n<li><a href=\"http:\/\/www.miamibeachfl.gov\/wp-content\/uploads\/2019\/10\/North-Beach-Project-Area-Map.pdf\">Mapa del \u00e1rea del proyecto North Beach<\/a><\/li>\n<li><a href=\"http:\/\/www.miamibeachfl.gov\/wp-content\/uploads\/2019\/10\/77th-Street-Proposed.pdf\">Propuesta de la calle 77<\/a><\/li>\n<li><a href=\"http:\/\/www.miamibeachfl.gov\/wp-content\/uploads\/2019\/10\/81st-Street-Proposed.pdf\">Propuesta de la calle 81<\/a><\/li>\n<li><a href=\"http:\/\/www.miamibeachfl.gov\/wp-content\/uploads\/2019\/10\/NORTH-BEACH-STUDY_FINAL.pdf\">ESTUDIO DE NORTH BEACH_FINAL<\/a><\/li>\n<\/ul>\n\t\t\t\t\t<a href=\"#\"  id=\"fl-accordion--label-4\" tabindex=\"0\" aria-controls=\"fl-accordion--panel-4\">V\u00eda verde vecinal de North Bay Road<\/a>\n\t\t\t\t\t\t\t\t\t\t\t<a href=\"#\" id=\"fl-accordion--icon-4\"  tabindex=\"0\"><i title=\"Expandir\">Expandir<\/i><\/a>\n\t\t\t\t\t<ul>\n<li><a href=\"http:\/\/www.miamibeachfl.gov\/wp-content\/uploads\/2019\/10\/Resolution-2019-30744.pdf\">Resoluci\u00f3n 2019-30744<\/a><\/li>\n<li><a href=\"http:\/\/www.miamibeachfl.gov\/wp-content\/uploads\/2019\/10\/North-Bay-Road-Project-Map.pdf\">Mapa del proyecto de North Bay Road<\/a><\/li>\n<li><a href=\"http:\/\/www.miamibeachfl.gov\/wp-content\/uploads\/2019\/10\/Proposed_NBR_Concepts.pdf\">Conceptos propuestos por NBR<\/a><\/li>\n<li><a href=\"http:\/\/www.miamibeachfl.gov\/wp-content\/uploads\/2019\/10\/NORTH-BAY-ROAD-STUDY_FINAL.pdf\">ESTUDIO DE CARRETERAS DE NORTH BAY_FINAL<\/a><\/li>\n<\/ul>\n\t\t\t\t\t<a href=\"#\"  id=\"fl-accordion--label-5\" tabindex=\"0\" aria-controls=\"fl-accordion--panel-5\">V\u00eda verde del vecindario de Bay Drive<\/a>\n\t\t\t\t\t\t\t\t\t\t\t<a href=\"#\" id=\"fl-accordion--icon-5\"  tabindex=\"0\"><i title=\"Expandir\">Expandir<\/i><\/a>\n\t\t\t\t\t<ul>\n<li><a href=\"http:\/\/www.miamibeachfl.gov\/wp-content\/uploads\/2019\/10\/Bay-Drive-Project-Map.pdf\">Mapa del proyecto Bay Drive<\/a><\/li>\n<li><a href=\"http:\/\/www.miamibeachfl.gov\/wp-content\/uploads\/2019\/10\/Segment-2-Proposed.pdf\">Segmento 2 propuesto<\/a><\/li>\n<li><a href=\"http:\/\/www.miamibeachfl.gov\/wp-content\/uploads\/2019\/10\/Segment-3-Proposed.pdf\">Segmento 3 propuesto<\/a><\/li>\n<li><a href=\"http:\/\/www.miamibeachfl.gov\/wp-content\/uploads\/2019\/10\/BAY-DRIVE-STUDY_FINAL.pdf\">ESTUDIO DE BAY DRIVE_FINAL<\/a><\/li>\n<\/ul>\n\t\t\t\t\t<a href=\"#\"  id=\"fl-accordion--label-6\" tabindex=\"0\" aria-controls=\"fl-accordion--panel-6\">Avenida Meridian, calle 16 hasta Dade Boulevard \u2013 Carriles para bicicletas<\/a>\n\t\t\t\t\t\t\t\t\t\t\t<a href=\"#\" id=\"fl-accordion--icon-6\"  tabindex=\"0\"><i title=\"Expandir\">Expandir<\/i><\/a>\n\t\t\t\t\t<ul>\n<li><a href=\"http:\/\/www.miamibeachfl.gov\/wp-content\/uploads\/2019\/10\/Resolution-2018-30538.pdf\">Resoluci\u00f3n 2018-30538<\/a><\/li>\n<li><a href=\"http:\/\/www.miamibeachfl.gov\/wp-content\/uploads\/2019\/10\/Meridian-Avenue-DRAFT-Conceptual-Plan.pdf\">Plan conceptual preliminar de Meridian Avenue<\/a><\/li>\n<li><a href=\"http:\/\/www.miamibeachfl.gov\/wp-content\/uploads\/2019\/10\/Meridian-Avenue-Final-Report.pdf\">Avenida Meridian \u2013 Informe final<\/a><\/li>\n<\/ul>\n\t\t\t\t\t<a href=\"#\"  id=\"fl-accordion--label-7\" tabindex=\"0\" aria-controls=\"fl-accordion--panel-7\">Avenida Chase: mejoras en intersecciones y senderos de uso compartido<\/a>\n\t\t\t\t\t\t\t\t\t\t\t<a href=\"#\" id=\"fl-accordion--icon-7\"  tabindex=\"0\"><i title=\"Expandir\">Expandir<\/i><\/a>\n\t\t\t\t\t<ul>\n<li><a href=\"http:\/\/www.miamibeachfl.gov\/wp-content\/uploads\/2019\/10\/Resolution-2019-30852.pdf\">Resoluci\u00f3n 2019-30852<\/a><\/li>\n<li><a href=\"http:\/\/www.miamibeachfl.gov\/wp-content\/uploads\/2019\/12\/Resolution-2019-31036.pdf\">Resoluci\u00f3n 2019-31036<\/a><\/li>\n<li><a href=\"http:\/\/www.miamibeachfl.gov\/wp-content\/uploads\/2019\/10\/Alton-and-Chase-intersection-Improvements.pdf\">Mejoras en la intersecci\u00f3n de Alton y Chase<\/a><\/li>\n<li><a href=\"http:\/\/www.miamibeachfl.gov\/wp-content\/uploads\/2019\/10\/Preferred-Alternative.pdf\">Alternativa preferida<\/a><\/li>\n<li><a href=\"http:\/\/www.miamibeachfl.gov\/wp-content\/uploads\/2019\/10\/Chase-Ave-34th-Street-Shared-Path_Final-Report.pdf\">Informe final de la ruta compartida de la calle 34 de Chase Ave<\/a><\/li>\n<li><a href=\"http:\/\/www.miamibeachfl.gov\/wp-content\/uploads\/2019\/10\/Alton-Rd-at-Chase-Ave-Intersection-Report.pdf\">Informe de la intersecci\u00f3n de Alton Rd y Chase Ave<\/a><\/li>\n<\/ul>\n\t\tNavegar a\u2026\t\t\t\n\t\t\t\t\t<ul id=\"menu-transportation-plans-and-studies\"><li id=\"menu-item-363621\"><a href=\"\/es\/city-hall\/transportation\/plans-studies\/dade-boulevard-public-meeting-1\/\">Camino de uso compartido<\/a><\/li>\n<\/ul>\t\n\t<div class=\"page-navigation\"><a class=\"prev-page\" href=\"https:\/\/www.miamibeachfl.gov\/es\/city-hall\/transportation\/jose-gonzalez-bio\/\">\u2190 Biograf\u00eda del PE Jos\u00e9 R. Gonz\u00e1lez<\/a> <a class=\"next-page\" href=\"https:\/\/www.miamibeachfl.gov\/es\/city-hall\/transportation\/collins-avenue-traffic-mitigation\/\">Servicio de transporte p\u00fablico a demanda para la mitigaci\u00f3n del tr\u00e1fico en Collins Avenue \u2192<\/a><\/div>","protected":false},"excerpt":{"rendered":"<p>Plans &#038; studies Home &gt; City Hall &gt; Transportation &#038; Mobility &gt; Plans &#038; Studies The City of Miami Beach [&hellip;]<\/p>\n","protected":false},"author":222,"featured_media":0,"parent":28743,"menu_order":63,"comment_status":"closed","ping_status":"closed","template":"","meta":{"_searchwp_excluded":"","site-sidebar-layout":"default","site-content-layout":"","ast-site-content-layout":"default","site-content-style":"default","site-sidebar-style":"default","ast-global-header-display":"","ast-banner-title-visibility":"","ast-main-header-display":"","ast-hfb-above-header-display":"","ast-hfb-below-header-display":"","ast-hfb-mobile-header-display":"","site-post-title":"","ast-breadcrumbs-content":"","ast-featured-img":"","footer-sml-layout":"","theme-transparent-header-meta":"","adv-header-id-meta":"","stick-header-meta":"","header-above-stick-meta":"","header-main-stick-meta":"","header-below-stick-meta":"","astra-migrate-meta-layouts":"default","ast-page-background-enabled":"default","ast-page-background-meta":{"desktop":{"background-color":"var(--ast-global-color-5)","background-image":"","background-repeat":"repeat","background-position":"center center","background-size":"auto","background-attachment":"scroll","background-type":"","background-media":"","overlay-type":"","overlay-color":"","overlay-opacity":"","overlay-gradient":""},"tablet":{"background-color":"","background-image":"","background-repeat":"repeat","background-position":"center center","background-size":"auto","background-attachment":"scroll","background-type":"","background-media":"","overlay-type":"","overlay-color":"","overlay-opacity":"","overlay-gradient":""},"mobile":{"background-color":"","background-image":"","background-repeat":"repeat","background-position":"center center","background-size":"auto","background-attachment":"scroll","background-type":"","background-media":"","overlay-type":"","overlay-color":"","overlay-opacity":"","overlay-gradient":""}},"ast-content-background-meta":{"desktop":{"background-color":"var(--ast-global-color-4)","background-image":"","background-repeat":"repeat","background-position":"center center","background-size":"auto","background-attachment":"scroll","background-type":"","background-media":"","overlay-type":"","overlay-color":"","overlay-opacity":"","overlay-gradient":""},"tablet":{"background-color":"var(--ast-global-color-4)","background-image":"","background-repeat":"repeat","background-position":"center center","background-size":"auto","background-attachment":"scroll","background-type":"","background-media":"","overlay-type":"","overlay-color":"","overlay-opacity":"","overlay-gradient":""},"mobile":{"background-color":"var(--ast-global-color-4)","background-image":"","background-repeat":"repeat","background-position":"center center","background-size":"auto","background-attachment":"scroll","background-type":"","background-media":"","overlay-type":"","overlay-color":"","overlay-opacity":"","overlay-gradient":""}},"footnotes":""},"categories":[],"tags":[],"class_list":["post-41111","page","type-page","status-publish","hentry"],"yoast_head":"<!-- This site is optimized with the Yoast SEO Premium plugin v27.4 (Yoast SEO v27.4) - https:\/\/yoast.com\/product\/yoast-seo-premium-wordpress\/ -->\n<title>Plans &amp; Studies - City of Miami Beach<\/title>\n<meta name=\"description\" content=\"%\" \/>\n<meta name=\"robots\" content=\"index, follow, max-snippet:-1, max-image-preview:large, max-video-preview:-1\" \/>\n<link rel=\"canonical\" href=\"https:\/\/www.miamibeachfl.gov\/es\/city-hall\/transportation\/plans-studies\/\" \/>\n<meta property=\"og:locale\" content=\"es_ES\" \/>\n<meta property=\"og:type\" content=\"article\" \/>\n<meta property=\"og:title\" content=\"Plans &amp; Studies\" \/>\n<meta property=\"og:description\" content=\"%\" \/>\n<meta property=\"og:url\" content=\"https:\/\/www.miamibeachfl.gov\/es\/city-hall\/transportation\/plans-studies\/\" \/>\n<meta property=\"og:site_name\" content=\"City of Miami Beach\" \/>\n<meta property=\"article:publisher\" content=\"https:\/\/www.facebook.com\/cityofmiamibeach\" \/>\n<meta property=\"article:modified_time\" content=\"2025-06-18T20:57:29+00:00\" \/>\n<meta property=\"og:image\" content=\"https:\/\/www.miamibeachfl.gov\/wp-content\/uploads\/2022\/07\/hero-small.jpg\" \/>\n<meta name=\"twitter:card\" content=\"summary_large_image\" \/>\n<meta name=\"twitter:site\" content=\"@Miamibeachnews\" \/>\n<script type=\"application\/ld+json\" class=\"yoast-schema-graph\">{\"@context\":\"https:\\\/\\\/schema.org\",\"@graph\":[{\"@type\":\"WebPage\",\"@id\":\"https:\\\/\\\/www.miamibeachfl.gov\\\/city-hall\\\/transportation\\\/plans-studies\\\/\",\"url\":\"https:\\\/\\\/www.miamibeachfl.gov\\\/city-hall\\\/transportation\\\/plans-studies\\\/\",\"name\":\"Plans & Studies - City of Miami Beach\",\"isPartOf\":{\"@id\":\"https:\\\/\\\/www.miamibeachfl.gov\\\/#website\"},\"primaryImageOfPage\":{\"@id\":\"https:\\\/\\\/www.miamibeachfl.gov\\\/city-hall\\\/transportation\\\/plans-studies\\\/#primaryimage\"},\"image\":{\"@id\":\"https:\\\/\\\/www.miamibeachfl.gov\\\/city-hall\\\/transportation\\\/plans-studies\\\/#primaryimage\"},\"thumbnailUrl\":\"https:\\\/\\\/www.miamibeachfl.gov\\\/wp-content\\\/uploads\\\/2022\\\/07\\\/hero-small.jpg\",\"datePublished\":\"2017-11-17T16:00:17+00:00\",\"dateModified\":\"2025-06-18T20:57:29+00:00\",\"description\":\"%\",\"breadcrumb\":{\"@id\":\"https:\\\/\\\/www.miamibeachfl.gov\\\/city-hall\\\/transportation\\\/plans-studies\\\/#breadcrumb\"},\"inLanguage\":\"es\",\"potentialAction\":[{\"@type\":\"ReadAction\",\"target\":[\"https:\\\/\\\/www.miamibeachfl.gov\\\/city-hall\\\/transportation\\\/plans-studies\\\/\"]}]},{\"@type\":\"ImageObject\",\"inLanguage\":\"es\",\"@id\":\"https:\\\/\\\/www.miamibeachfl.gov\\\/city-hall\\\/transportation\\\/plans-studies\\\/#primaryimage\",\"url\":\"https:\\\/\\\/www.miamibeachfl.gov\\\/wp-content\\\/uploads\\\/2022\\\/07\\\/hero-small.jpg\",\"contentUrl\":\"https:\\\/\\\/www.miamibeachfl.gov\\\/wp-content\\\/uploads\\\/2022\\\/07\\\/hero-small.jpg\"},{\"@type\":\"BreadcrumbList\",\"@id\":\"https:\\\/\\\/www.miamibeachfl.gov\\\/city-hall\\\/transportation\\\/plans-studies\\\/#breadcrumb\",\"itemListElement\":[{\"@type\":\"ListItem\",\"position\":1,\"name\":\"Home\",\"item\":\"https:\\\/\\\/www.miamibeachfl.gov\\\/\"},{\"@type\":\"ListItem\",\"position\":2,\"name\":\"City Hall\",\"item\":\"https:\\\/\\\/www.miamibeachfl.gov\\\/city-hall\\\/\"},{\"@type\":\"ListItem\",\"position\":3,\"name\":\"Transportation &#038; Mobility\",\"item\":\"https:\\\/\\\/www.miamibeachfl.gov\\\/city-hall\\\/transportation\\\/\"},{\"@type\":\"ListItem\",\"position\":4,\"name\":\"Plans &#038; Studies\"}]},{\"@type\":\"WebSite\",\"@id\":\"https:\\\/\\\/www.miamibeachfl.gov\\\/#website\",\"url\":\"https:\\\/\\\/www.miamibeachfl.gov\\\/\",\"name\":\"City of Miami Beach\",\"description\":\"The official website of the City of Miami Beach. Stay informed, find important information on city services, news, alerts, events, trolley routes, government employment and more.\",\"publisher\":{\"@id\":\"https:\\\/\\\/www.miamibeachfl.gov\\\/#organization\"},\"potentialAction\":[{\"@type\":\"SearchAction\",\"target\":{\"@type\":\"EntryPoint\",\"urlTemplate\":\"https:\\\/\\\/www.miamibeachfl.gov\\\/?s={search_term_string}\"},\"query-input\":{\"@type\":\"PropertyValueSpecification\",\"valueRequired\":true,\"valueName\":\"search_term_string\"}}],\"inLanguage\":\"es\"},{\"@type\":\"Organization\",\"@id\":\"https:\\\/\\\/www.miamibeachfl.gov\\\/#organization\",\"name\":\"City of Miami Beach\",\"url\":\"https:\\\/\\\/www.miamibeachfl.gov\\\/\",\"logo\":{\"@type\":\"ImageObject\",\"inLanguage\":\"es\",\"@id\":\"https:\\\/\\\/www.miamibeachfl.gov\\\/#\\\/schema\\\/logo\\\/image\\\/\",\"url\":\"https:\\\/\\\/www.miamibeachfl.gov\\\/wp-content\\\/uploads\\\/2022\\\/06\\\/miamibeach-logoblue.png\",\"contentUrl\":\"https:\\\/\\\/www.miamibeachfl.gov\\\/wp-content\\\/uploads\\\/2022\\\/06\\\/miamibeach-logoblue.png\",\"width\":1962,\"height\":381,\"caption\":\"City of Miami Beach\"},\"image\":{\"@id\":\"https:\\\/\\\/www.miamibeachfl.gov\\\/#\\\/schema\\\/logo\\\/image\\\/\"},\"sameAs\":[\"https:\\\/\\\/www.facebook.com\\\/cityofmiamibeach\",\"https:\\\/\\\/x.com\\\/Miamibeachnews\",\"https:\\\/\\\/www.instagram.com\\\/miamibeachnews\\\/\"],\"description\":\"The official website of the City of Miami Beach. Stay informed, find important information on city services, news, alerts, events, trolley routes, government employment and more.\",\"telephone\":\"305.604.CITY(2489)\",\"legalName\":\"City of Miami Beach\"}]}<\/script>\n<!-- \/ Yoast SEO Premium plugin. -->","yoast_head_json":{"title":"Planes y Estudios - Ciudad de Miami Beach","description":"%","robots":{"index":"index","follow":"follow","max-snippet":"max-snippet:-1","max-image-preview":"max-image-preview:large","max-video-preview":"max-video-preview:-1"},"canonical":"https:\/\/www.miamibeachfl.gov\/es\/city-hall\/transportation\/plans-studies\/","og_locale":"es_ES","og_type":"article","og_title":"Plans & Studies","og_description":"%","og_url":"https:\/\/www.miamibeachfl.gov\/es\/city-hall\/transportation\/plans-studies\/","og_site_name":"City of Miami Beach","article_publisher":"https:\/\/www.facebook.com\/cityofmiamibeach","article_modified_time":"2025-06-18T20:57:29+00:00","og_image":[{"url":"https:\/\/www.miamibeachfl.gov\/wp-content\/uploads\/2022\/07\/hero-small.jpg","type":"","width":"","height":""}],"twitter_card":"summary_large_image","twitter_site":"@Miamibeachnews","schema":{"@context":"https:\/\/schema.org","@graph":[{"@type":"WebPage","@id":"https:\/\/www.miamibeachfl.gov\/city-hall\/transportation\/plans-studies\/","url":"https:\/\/www.miamibeachfl.gov\/city-hall\/transportation\/plans-studies\/","name":"Planes y Estudios - Ciudad de Miami Beach","isPartOf":{"@id":"https:\/\/www.miamibeachfl.gov\/#website"},"primaryImageOfPage":{"@id":"https:\/\/www.miamibeachfl.gov\/city-hall\/transportation\/plans-studies\/#primaryimage"},"image":{"@id":"https:\/\/www.miamibeachfl.gov\/city-hall\/transportation\/plans-studies\/#primaryimage"},"thumbnailUrl":"https:\/\/www.miamibeachfl.gov\/wp-content\/uploads\/2022\/07\/hero-small.jpg","datePublished":"2017-11-17T16:00:17+00:00","dateModified":"2025-06-18T20:57:29+00:00","description":"%","breadcrumb":{"@id":"https:\/\/www.miamibeachfl.gov\/city-hall\/transportation\/plans-studies\/#breadcrumb"},"inLanguage":"es","potentialAction":[{"@type":"ReadAction","target":["https:\/\/www.miamibeachfl.gov\/city-hall\/transportation\/plans-studies\/"]}]},{"@type":"ImageObject","inLanguage":"es","@id":"https:\/\/www.miamibeachfl.gov\/city-hall\/transportation\/plans-studies\/#primaryimage","url":"https:\/\/www.miamibeachfl.gov\/wp-content\/uploads\/2022\/07\/hero-small.jpg","contentUrl":"https:\/\/www.miamibeachfl.gov\/wp-content\/uploads\/2022\/07\/hero-small.jpg"},{"@type":"BreadcrumbList","@id":"https:\/\/www.miamibeachfl.gov\/city-hall\/transportation\/plans-studies\/#breadcrumb","itemListElement":[{"@type":"ListItem","position":1,"name":"Home","item":"https:\/\/www.miamibeachfl.gov\/"},{"@type":"ListItem","position":2,"name":"City Hall","item":"https:\/\/www.miamibeachfl.gov\/city-hall\/"},{"@type":"ListItem","position":3,"name":"Transportation &#038; Mobility","item":"https:\/\/www.miamibeachfl.gov\/city-hall\/transportation\/"},{"@type":"ListItem","position":4,"name":"Plans &#038; Studies"}]},{"@type":"WebSite","@id":"https:\/\/www.miamibeachfl.gov\/#website","url":"https:\/\/www.miamibeachfl.gov\/","name":"Ciudad de Miami Beach","description":"Sitio web oficial de la Ciudad de Miami Beach. Mant\u00e9ngase informado, encuentre informaci\u00f3n importante sobre servicios municipales, noticias, alertas, eventos, rutas de tranv\u00edas, empleos gubernamentales y m\u00e1s.","publisher":{"@id":"https:\/\/www.miamibeachfl.gov\/#organization"},"potentialAction":[{"@type":"SearchAction","target":{"@type":"EntryPoint","urlTemplate":"https:\/\/www.miamibeachfl.gov\/?s={search_term_string}"},"query-input":{"@type":"PropertyValueSpecification","valueRequired":true,"valueName":"search_term_string"}}],"inLanguage":"es"},{"@type":"Organization","@id":"https:\/\/www.miamibeachfl.gov\/#organization","name":"Ciudad de Miami Beach","url":"https:\/\/www.miamibeachfl.gov\/","logo":{"@type":"ImageObject","inLanguage":"es","@id":"https:\/\/www.miamibeachfl.gov\/#\/schema\/logo\/image\/","url":"https:\/\/www.miamibeachfl.gov\/wp-content\/uploads\/2022\/06\/miamibeach-logoblue.png","contentUrl":"https:\/\/www.miamibeachfl.gov\/wp-content\/uploads\/2022\/06\/miamibeach-logoblue.png","width":1962,"height":381,"caption":"City of Miami Beach"},"image":{"@id":"https:\/\/www.miamibeachfl.gov\/#\/schema\/logo\/image\/"},"sameAs":["https:\/\/www.facebook.com\/cityofmiamibeach","https:\/\/x.com\/Miamibeachnews","https:\/\/www.instagram.com\/miamibeachnews\/"],"description":"Sitio web oficial de la Ciudad de Miami Beach. Mant\u00e9ngase informado, encuentre informaci\u00f3n importante sobre servicios municipales, noticias, alertas, eventos, rutas de tranv\u00edas, empleos gubernamentales y m\u00e1s.","telephone":"305.604.CITY(2489)","legalName":"City of Miami Beach"}]}},"_links":{"self":[{"href":"https:\/\/www.miamibeachfl.gov\/es\/wp-json\/wp\/v2\/pages\/41111","targetHints":{"allow":["GET"]}}],"collection":[{"href":"https:\/\/www.miamibeachfl.gov\/es\/wp-json\/wp\/v2\/pages"}],"about":[{"href":"https:\/\/www.miamibeachfl.gov\/es\/wp-json\/wp\/v2\/types\/page"}],"author":[{"embeddable":true,"href":"https:\/\/www.miamibeachfl.gov\/es\/wp-json\/wp\/v2\/users\/222"}],"replies":[{"embeddable":true,"href":"https:\/\/www.miamibeachfl.gov\/es\/wp-json\/wp\/v2\/comments?post=41111"}],"version-history":[{"count":2,"href":"https:\/\/www.miamibeachfl.gov\/es\/wp-json\/wp\/v2\/pages\/41111\/revisions"}],"predecessor-version":[{"id":384229,"href":"https:\/\/www.miamibeachfl.gov\/es\/wp-json\/wp\/v2\/pages\/41111\/revisions\/384229"}],"up":[{"embeddable":true,"href":"https:\/\/www.miamibeachfl.gov\/es\/wp-json\/wp\/v2\/pages\/28743"}],"wp:attachment":[{"href":"https:\/\/www.miamibeachfl.gov\/es\/wp-json\/wp\/v2\/media?parent=41111"}],"wp:term":[{"taxonomy":"category","embeddable":true,"href":"https:\/\/www.miamibeachfl.gov\/es\/wp-json\/wp\/v2\/categories?post=41111"},{"taxonomy":"post_tag","embeddable":true,"href":"https:\/\/www.miamibeachfl.gov\/es\/wp-json\/wp\/v2\/tags?post=41111"}],"curies":[{"name":"gracias","href":"https:\/\/api.w.org\/{rel}","templated":true}]}}