{"id":56231,"date":"2018-01-31T11:51:19","date_gmt":"2018-01-31T16:51:19","guid":{"rendered":"http:\/\/www.miamibeachfl.gov\/city-hall\/planning\/planning-readmore\/"},"modified":"2025-12-04T13:43:53","modified_gmt":"2025-12-04T18:43:53","slug":"planning-readmore","status":"publish","type":"page","link":"https:\/\/www.miamibeachfl.gov\/es\/city-hall\/planning\/planning-readmore\/","title":{"rendered":"M\u00e1s informaci\u00f3n sobre Planificaci\u00f3n y Zonificaci\u00f3n"},"content":{"rendered":"<img decoding=\"async\" src=\"https:\/\/www.miamibeachfl.gov\/wp-content\/uploads\/2022\/07\/hero-small.jpg\" alt=\"ocean drive art deco buildings\" itemprop=\"image\" height=\"211\" width=\"2395\" title=\"h\u00e9roe peque\u00f1o\" onerror=\"this.style.display='none'\" loading=\"lazy\" \/>\n<h1>\n\t\t\tPlanificaci\u00f3n y zonificaci\u00f3n\t<\/h1>\n\t<nav id=\"breadcrumbs\" aria-label=\"Pan rallado\"><a href=\"https:\/\/www.miamibeachfl.gov\/es\/\">Hogar<\/a> &gt; <a href=\"https:\/\/www.miamibeachfl.gov\/es\/city-hall\/\">Ayuntamiento<\/a> &gt; <a href=\"https:\/\/www.miamibeachfl.gov\/es\/city-hall\/planning\/\">Planificaci\u00f3n y zonificaci\u00f3n<\/a> &gt; <strong>M\u00e1s informaci\u00f3n sobre Planificaci\u00f3n y Zonificaci\u00f3n<\/strong><\/nav>\n\t<p>La Secci\u00f3n de Planificaci\u00f3n gestiona el proceso integral de planificaci\u00f3n de la Ciudad y las modificaciones a las normas de desarrollo urban\u00edstico. Esto incluye nuevos c\u00f3digos y enmiendas a los mismos, as\u00ed como cambios al plan integral. La Secci\u00f3n de Planificaci\u00f3n tambi\u00e9n brinda apoyo administrativo a la Junta de Planificaci\u00f3n, la agencia de planificaci\u00f3n urban\u00edstica de la Ciudad. Adem\u00e1s de estas \u00e1reas, la Junta de Planificaci\u00f3n administra los procesos de Uso Condicional y de Establecimiento de Impacto Vecinal.<\/p>\n<p>La secci\u00f3n de Zonificaci\u00f3n revisa todas las solicitudes de licencia y planos de construcci\u00f3n, como parte del proceso de Permiso de Construcci\u00f3n, para garantizar el cumplimiento de las normas de desarrollo urban\u00edstico. La secci\u00f3n de Zonificaci\u00f3n tambi\u00e9n brinda apoyo a la Junta de Ajustes, lo que incluye la tramitaci\u00f3n y formulaci\u00f3n de recomendaciones para todas las solicitudes de variaci\u00f3n y apelaciones de decisiones administrativas e interpretaciones del c\u00f3digo.<\/p>\n<p>La secci\u00f3n de Planificaci\u00f3n Vecinal eval\u00faa \u00e1reas definidas de la Ciudad para abordar problemas espec\u00edficos del vecindario. Esto incluye el establecimiento de distritos superpuestos, planes vecinales y modificaciones y mejoras del paisaje urbano.<\/p>\n<p>La Secci\u00f3n de Dise\u00f1o Urbano y Preservaci\u00f3n Hist\u00f3rica examina todos los planos de emplazamientos y edificaciones para confirmar que las modificaciones propuestas a un emplazamiento o edificio existente sean coherentes con el car\u00e1cter est\u00e9tico del entorno de la comunidad. Esta secci\u00f3n tambi\u00e9n proporciona apoyo t\u00e9cnico y administrativo a la Junta de Revisi\u00f3n de Dise\u00f1os y a la Junta de Preservaci\u00f3n Hist\u00f3rica. La Secci\u00f3n de Preservaci\u00f3n Hist\u00f3rica tambi\u00e9n elabora informes sobre edificios y sitios de importancia hist\u00f3rica y formula recomendaciones a la Junta de Preservaci\u00f3n Hist\u00f3rica sobre las solicitudes de Certificados de Idoneidad para demolici\u00f3n y Designaci\u00f3n Hist\u00f3rica.<\/p>\n<h3>Declaraci\u00f3n de misi\u00f3n<\/h3>\n<p>Nos dedicamos a desarrollar, perfeccionar e implementar una visi\u00f3n integral de planificaci\u00f3n urbana para Miami Beach con el objetivo de preservar la integridad del patrimonio de dise\u00f1o \u00fanico de la ciudad, mejorar la calidad y la diversidad de la experiencia urbana, incluyendo sus barrios residenciales, distritos comerciales y \u00e1reas tur\u00edsticas, recreativas y de entretenimiento.<\/p>\n\t\tNavegar a\u2026\t\t\t\n\t\t\t\t\t<ul id=\"menu-planning-main-menu\"><li id=\"menu-item-363958\"><a href=\"\/es\/city-hall\/planning\/general-zoning-information-code-interpretation\/\">Interpretaci\u00f3n de la zonificaci\u00f3n general y administrativa<\/a><\/li>\n<li id=\"menu-item-365954\"><a href=\"\/es\/city-hall\/planning\/certificate-of-use\/\">Obtenga un Certificado de Uso (CU)<\/a><\/li>\n<li id=\"menu-item-363959\"><a href=\"\/es\/city-hall\/planning\/land-development-dashboard\/\">Panel de desarrollo territorial<\/a><\/li>\n<li id=\"menu-item-363960\"><a href=\"\/es\/city-hall\/planning\/land-use-boards\/\">Juntas de Uso del Suelo<\/a><\/li>\n<li id=\"menu-item-363961\"><a href=\"\/es\/city-hall\/planning\/landscape-requirements\/\">Requisitos del paisaje<\/a><\/li>\n<li id=\"menu-item-363962\"><a href=\"\/es\/city-hall\/planning\/planning-document-checklist\/\">Documentos de planificaci\u00f3n, listas de verificaci\u00f3n y formularios<\/a><\/li>\n<li id=\"menu-item-363963\"><a href=\"\/es\/city-hall\/planning\/planning-faqs\/\">Preguntas frecuentes sobre planificaci\u00f3n<\/a><\/li>\n<li id=\"menu-item-363964\"><a href=\"\/es\/city-hall\/planning\/maps-and-guidelines\/\">Mapas y directrices de planificaci\u00f3n<\/a><\/li>\n<li id=\"menu-item-363965\"><a href=\"\/es\/city-hall\/planning\/resiliency-code\/\">C\u00f3digo de Resiliencia \/ Plan Integral<\/a><\/li>\n<li id=\"menu-item-363966\"><a href=\"\/es\/city-hall\/planning\/studies\/\">Estudios e informes de designaci\u00f3n<\/a><\/li>\n<\/ul>\t\n\t<div class=\"page-navigation\"><a class=\"prev-page\" href=\"https:\/\/www.miamibeachfl.gov\/es\/city-hall\/fire-police-pension\/announcements-2\/\">\u2190 Anuncios<\/a> <a class=\"next-page\" href=\"https:\/\/www.miamibeachfl.gov\/es\/city-hall\/fire-police-pension\/firepolice-agendas\/\">Agendas de bomberos y polic\u00eda \u2192<\/a><\/div>","protected":false},"excerpt":{"rendered":"<p>Planning and Zoning Home &gt; City Hall &gt; Planning &#038; Zoning &gt; more information on Planning and Zoning The Planning [&hellip;]<\/p>\n","protected":false},"author":222,"featured_media":0,"parent":28864,"menu_order":120,"comment_status":"closed","ping_status":"closed","template":"","meta":{"_searchwp_excluded":"","site-sidebar-layout":"default","site-content-layout":"","ast-site-content-layout":"default","site-content-style":"default","site-sidebar-style":"default","ast-global-header-display":"","ast-banner-title-visibility":"","ast-main-header-display":"","ast-hfb-above-header-display":"","ast-hfb-below-header-display":"","ast-hfb-mobile-header-display":"","site-post-title":"","ast-breadcrumbs-content":"","ast-featured-img":"","footer-sml-layout":"","theme-transparent-header-meta":"","adv-header-id-meta":"","stick-header-meta":"","header-above-stick-meta":"","header-main-stick-meta":"","header-below-stick-meta":"","astra-migrate-meta-layouts":"default","ast-page-background-enabled":"default","ast-page-background-meta":{"desktop":{"background-color":"var(--ast-global-color-5)","background-image":"","background-repeat":"repeat","background-position":"center center","background-size":"auto","background-attachment":"scroll","background-type":"","background-media":"","overlay-type":"","overlay-color":"","overlay-opacity":"","overlay-gradient":""},"tablet":{"background-color":"","background-image":"","background-repeat":"repeat","background-position":"center center","background-size":"auto","background-attachment":"scroll","background-type":"","background-media":"","overlay-type":"","overlay-color":"","overlay-opacity":"","overlay-gradient":""},"mobile":{"background-color":"","background-image":"","background-repeat":"repeat","background-position":"center center","background-size":"auto","background-attachment":"scroll","background-type":"","background-media":"","overlay-type":"","overlay-color":"","overlay-opacity":"","overlay-gradient":""}},"ast-content-background-meta":{"desktop":{"background-color":"var(--ast-global-color-4)","background-image":"","background-repeat":"repeat","background-position":"center center","background-size":"auto","background-attachment":"scroll","background-type":"","background-media":"","overlay-type":"","overlay-color":"","overlay-opacity":"","overlay-gradient":""},"tablet":{"background-color":"var(--ast-global-color-4)","background-image":"","background-repeat":"repeat","background-position":"center center","background-size":"auto","background-attachment":"scroll","background-type":"","background-media":"","overlay-type":"","overlay-color":"","overlay-opacity":"","overlay-gradient":""},"mobile":{"background-color":"var(--ast-global-color-4)","background-image":"","background-repeat":"repeat","background-position":"center center","background-size":"auto","background-attachment":"scroll","background-type":"","background-media":"","overlay-type":"","overlay-color":"","overlay-opacity":"","overlay-gradient":""}},"footnotes":""},"categories":[],"tags":[],"class_list":["post-56231","page","type-page","status-publish","hentry"],"yoast_head":"<!-- This site is optimized with the Yoast SEO Premium plugin v27.4 (Yoast SEO v27.4) - https:\/\/yoast.com\/product\/yoast-seo-premium-wordpress\/ -->\n<title>more information on Planning and Zoning - City of Miami Beach<\/title>\n<meta name=\"description\" content=\"The Planning section manages the City\u2019s comprehensive planning process and modifications to the land development regulations. This includes new codes and code amendments, as well as changes to the comprehensive plan.\" \/>\n<meta name=\"robots\" content=\"index, follow, max-snippet:-1, max-image-preview:large, max-video-preview:-1\" \/>\n<link rel=\"canonical\" href=\"https:\/\/www.miamibeachfl.gov\/es\/city-hall\/planning\/planning-readmore\/\" \/>\n<meta property=\"og:locale\" content=\"es_ES\" \/>\n<meta property=\"og:type\" content=\"article\" \/>\n<meta property=\"og:title\" content=\"more information on Planning and Zoning\" \/>\n<meta property=\"og:description\" content=\"The Planning section manages the City\u2019s comprehensive planning process and modifications to the land development regulations. This includes new codes and code amendments, as well as changes to the comprehensive plan.\" \/>\n<meta property=\"og:url\" content=\"https:\/\/www.miamibeachfl.gov\/es\/city-hall\/planning\/planning-readmore\/\" \/>\n<meta property=\"og:site_name\" content=\"City of Miami Beach\" \/>\n<meta property=\"article:publisher\" content=\"https:\/\/www.facebook.com\/cityofmiamibeach\" \/>\n<meta property=\"article:modified_time\" content=\"2025-12-04T18:43:53+00:00\" \/>\n<meta property=\"og:image\" content=\"https:\/\/www.miamibeachfl.gov\/wp-content\/uploads\/2022\/07\/hero-small.jpg\" \/>\n<meta name=\"twitter:card\" content=\"summary_large_image\" \/>\n<meta name=\"twitter:site\" content=\"@Miamibeachnews\" \/>\n<script type=\"application\/ld+json\" class=\"yoast-schema-graph\">{\"@context\":\"https:\\\/\\\/schema.org\",\"@graph\":[{\"@type\":\"WebPage\",\"@id\":\"https:\\\/\\\/www.miamibeachfl.gov\\\/city-hall\\\/planning\\\/planning-readmore\\\/\",\"url\":\"https:\\\/\\\/www.miamibeachfl.gov\\\/city-hall\\\/planning\\\/planning-readmore\\\/\",\"name\":\"more information on Planning and Zoning - City of Miami Beach\",\"isPartOf\":{\"@id\":\"https:\\\/\\\/www.miamibeachfl.gov\\\/#website\"},\"primaryImageOfPage\":{\"@id\":\"https:\\\/\\\/www.miamibeachfl.gov\\\/city-hall\\\/planning\\\/planning-readmore\\\/#primaryimage\"},\"image\":{\"@id\":\"https:\\\/\\\/www.miamibeachfl.gov\\\/city-hall\\\/planning\\\/planning-readmore\\\/#primaryimage\"},\"thumbnailUrl\":\"https:\\\/\\\/www.miamibeachfl.gov\\\/wp-content\\\/uploads\\\/2022\\\/07\\\/hero-small.jpg\",\"datePublished\":\"2018-01-31T16:51:19+00:00\",\"dateModified\":\"2025-12-04T18:43:53+00:00\",\"description\":\"The Planning section manages the City\u2019s comprehensive planning process and modifications to the land development regulations. This includes new codes and code amendments, as well as changes to the comprehensive plan.\",\"breadcrumb\":{\"@id\":\"https:\\\/\\\/www.miamibeachfl.gov\\\/city-hall\\\/planning\\\/planning-readmore\\\/#breadcrumb\"},\"inLanguage\":\"es\",\"potentialAction\":[{\"@type\":\"ReadAction\",\"target\":[\"https:\\\/\\\/www.miamibeachfl.gov\\\/city-hall\\\/planning\\\/planning-readmore\\\/\"]}]},{\"@type\":\"ImageObject\",\"inLanguage\":\"es\",\"@id\":\"https:\\\/\\\/www.miamibeachfl.gov\\\/city-hall\\\/planning\\\/planning-readmore\\\/#primaryimage\",\"url\":\"https:\\\/\\\/www.miamibeachfl.gov\\\/wp-content\\\/uploads\\\/2022\\\/07\\\/hero-small.jpg\",\"contentUrl\":\"https:\\\/\\\/www.miamibeachfl.gov\\\/wp-content\\\/uploads\\\/2022\\\/07\\\/hero-small.jpg\"},{\"@type\":\"BreadcrumbList\",\"@id\":\"https:\\\/\\\/www.miamibeachfl.gov\\\/city-hall\\\/planning\\\/planning-readmore\\\/#breadcrumb\",\"itemListElement\":[{\"@type\":\"ListItem\",\"position\":1,\"name\":\"Home\",\"item\":\"https:\\\/\\\/www.miamibeachfl.gov\\\/\"},{\"@type\":\"ListItem\",\"position\":2,\"name\":\"City Hall\",\"item\":\"https:\\\/\\\/www.miamibeachfl.gov\\\/city-hall\\\/\"},{\"@type\":\"ListItem\",\"position\":3,\"name\":\"Planning &#038; Zoning\",\"item\":\"https:\\\/\\\/www.miamibeachfl.gov\\\/city-hall\\\/planning\\\/\"},{\"@type\":\"ListItem\",\"position\":4,\"name\":\"more information on Planning and Zoning\"}]},{\"@type\":\"WebSite\",\"@id\":\"https:\\\/\\\/www.miamibeachfl.gov\\\/#website\",\"url\":\"https:\\\/\\\/www.miamibeachfl.gov\\\/\",\"name\":\"City of Miami Beach\",\"description\":\"The official website of the City of Miami Beach. Stay informed, find important information on city services, news, alerts, events, trolley routes, government employment and more.\",\"publisher\":{\"@id\":\"https:\\\/\\\/www.miamibeachfl.gov\\\/#organization\"},\"potentialAction\":[{\"@type\":\"SearchAction\",\"target\":{\"@type\":\"EntryPoint\",\"urlTemplate\":\"https:\\\/\\\/www.miamibeachfl.gov\\\/?s={search_term_string}\"},\"query-input\":{\"@type\":\"PropertyValueSpecification\",\"valueRequired\":true,\"valueName\":\"search_term_string\"}}],\"inLanguage\":\"es\"},{\"@type\":\"Organization\",\"@id\":\"https:\\\/\\\/www.miamibeachfl.gov\\\/#organization\",\"name\":\"City of Miami Beach\",\"url\":\"https:\\\/\\\/www.miamibeachfl.gov\\\/\",\"logo\":{\"@type\":\"ImageObject\",\"inLanguage\":\"es\",\"@id\":\"https:\\\/\\\/www.miamibeachfl.gov\\\/#\\\/schema\\\/logo\\\/image\\\/\",\"url\":\"https:\\\/\\\/www.miamibeachfl.gov\\\/wp-content\\\/uploads\\\/2022\\\/06\\\/miamibeach-logoblue.png\",\"contentUrl\":\"https:\\\/\\\/www.miamibeachfl.gov\\\/wp-content\\\/uploads\\\/2022\\\/06\\\/miamibeach-logoblue.png\",\"width\":1962,\"height\":381,\"caption\":\"City of Miami Beach\"},\"image\":{\"@id\":\"https:\\\/\\\/www.miamibeachfl.gov\\\/#\\\/schema\\\/logo\\\/image\\\/\"},\"sameAs\":[\"https:\\\/\\\/www.facebook.com\\\/cityofmiamibeach\",\"https:\\\/\\\/x.com\\\/Miamibeachnews\",\"https:\\\/\\\/www.instagram.com\\\/miamibeachnews\\\/\"],\"description\":\"The official website of the City of Miami Beach. Stay informed, find important information on city services, news, alerts, events, trolley routes, government employment and more.\",\"telephone\":\"305.604.CITY(2489)\",\"legalName\":\"City of Miami Beach\"}]}<\/script>\n<!-- \/ Yoast SEO Premium plugin. -->","yoast_head_json":{"title":"M\u00e1s informaci\u00f3n sobre planificaci\u00f3n y zonificaci\u00f3n - Ciudad de Miami Beach","description":"La Secci\u00f3n de Planificaci\u00f3n gestiona el proceso de planificaci\u00f3n integral de la Ciudad y las modificaciones a la normativa urban\u00edstica. Esto incluye nuevos c\u00f3digos y enmiendas a los c\u00f3digos, as\u00ed como cambios al plan integral.","robots":{"index":"index","follow":"follow","max-snippet":"max-snippet:-1","max-image-preview":"max-image-preview:large","max-video-preview":"max-video-preview:-1"},"canonical":"https:\/\/www.miamibeachfl.gov\/es\/city-hall\/planning\/planning-readmore\/","og_locale":"es_ES","og_type":"article","og_title":"more information on Planning and Zoning","og_description":"The Planning section manages the City\u2019s comprehensive planning process and modifications to the land development regulations. This includes new codes and code amendments, as well as changes to the comprehensive plan.","og_url":"https:\/\/www.miamibeachfl.gov\/es\/city-hall\/planning\/planning-readmore\/","og_site_name":"City of Miami Beach","article_publisher":"https:\/\/www.facebook.com\/cityofmiamibeach","article_modified_time":"2025-12-04T18:43:53+00:00","og_image":[{"url":"https:\/\/www.miamibeachfl.gov\/wp-content\/uploads\/2022\/07\/hero-small.jpg","type":"","width":"","height":""}],"twitter_card":"summary_large_image","twitter_site":"@Miamibeachnews","schema":{"@context":"https:\/\/schema.org","@graph":[{"@type":"WebPage","@id":"https:\/\/www.miamibeachfl.gov\/city-hall\/planning\/planning-readmore\/","url":"https:\/\/www.miamibeachfl.gov\/city-hall\/planning\/planning-readmore\/","name":"M\u00e1s informaci\u00f3n sobre planificaci\u00f3n y zonificaci\u00f3n - Ciudad de Miami Beach","isPartOf":{"@id":"https:\/\/www.miamibeachfl.gov\/#website"},"primaryImageOfPage":{"@id":"https:\/\/www.miamibeachfl.gov\/city-hall\/planning\/planning-readmore\/#primaryimage"},"image":{"@id":"https:\/\/www.miamibeachfl.gov\/city-hall\/planning\/planning-readmore\/#primaryimage"},"thumbnailUrl":"https:\/\/www.miamibeachfl.gov\/wp-content\/uploads\/2022\/07\/hero-small.jpg","datePublished":"2018-01-31T16:51:19+00:00","dateModified":"2025-12-04T18:43:53+00:00","description":"La Secci\u00f3n de Planificaci\u00f3n gestiona el proceso de planificaci\u00f3n integral de la Ciudad y las modificaciones a la normativa urban\u00edstica. Esto incluye nuevos c\u00f3digos y enmiendas a los c\u00f3digos, as\u00ed como cambios al plan integral.","breadcrumb":{"@id":"https:\/\/www.miamibeachfl.gov\/city-hall\/planning\/planning-readmore\/#breadcrumb"},"inLanguage":"es","potentialAction":[{"@type":"ReadAction","target":["https:\/\/www.miamibeachfl.gov\/city-hall\/planning\/planning-readmore\/"]}]},{"@type":"ImageObject","inLanguage":"es","@id":"https:\/\/www.miamibeachfl.gov\/city-hall\/planning\/planning-readmore\/#primaryimage","url":"https:\/\/www.miamibeachfl.gov\/wp-content\/uploads\/2022\/07\/hero-small.jpg","contentUrl":"https:\/\/www.miamibeachfl.gov\/wp-content\/uploads\/2022\/07\/hero-small.jpg"},{"@type":"BreadcrumbList","@id":"https:\/\/www.miamibeachfl.gov\/city-hall\/planning\/planning-readmore\/#breadcrumb","itemListElement":[{"@type":"ListItem","position":1,"name":"Home","item":"https:\/\/www.miamibeachfl.gov\/"},{"@type":"ListItem","position":2,"name":"City Hall","item":"https:\/\/www.miamibeachfl.gov\/city-hall\/"},{"@type":"ListItem","position":3,"name":"Planning &#038; Zoning","item":"https:\/\/www.miamibeachfl.gov\/city-hall\/planning\/"},{"@type":"ListItem","position":4,"name":"more information on Planning and Zoning"}]},{"@type":"WebSite","@id":"https:\/\/www.miamibeachfl.gov\/#website","url":"https:\/\/www.miamibeachfl.gov\/","name":"Ciudad de Miami Beach","description":"Sitio web oficial de la Ciudad de Miami Beach. Mant\u00e9ngase informado, encuentre informaci\u00f3n importante sobre servicios municipales, noticias, alertas, eventos, rutas de tranv\u00edas, empleos gubernamentales y m\u00e1s.","publisher":{"@id":"https:\/\/www.miamibeachfl.gov\/#organization"},"potentialAction":[{"@type":"SearchAction","target":{"@type":"EntryPoint","urlTemplate":"https:\/\/www.miamibeachfl.gov\/?s={search_term_string}"},"query-input":{"@type":"PropertyValueSpecification","valueRequired":true,"valueName":"search_term_string"}}],"inLanguage":"es"},{"@type":"Organization","@id":"https:\/\/www.miamibeachfl.gov\/#organization","name":"Ciudad de Miami Beach","url":"https:\/\/www.miamibeachfl.gov\/","logo":{"@type":"ImageObject","inLanguage":"es","@id":"https:\/\/www.miamibeachfl.gov\/#\/schema\/logo\/image\/","url":"https:\/\/www.miamibeachfl.gov\/wp-content\/uploads\/2022\/06\/miamibeach-logoblue.png","contentUrl":"https:\/\/www.miamibeachfl.gov\/wp-content\/uploads\/2022\/06\/miamibeach-logoblue.png","width":1962,"height":381,"caption":"City of Miami Beach"},"image":{"@id":"https:\/\/www.miamibeachfl.gov\/#\/schema\/logo\/image\/"},"sameAs":["https:\/\/www.facebook.com\/cityofmiamibeach","https:\/\/x.com\/Miamibeachnews","https:\/\/www.instagram.com\/miamibeachnews\/"],"description":"Sitio web oficial de la Ciudad de Miami Beach. Mant\u00e9ngase informado, encuentre informaci\u00f3n importante sobre servicios municipales, noticias, alertas, eventos, rutas de tranv\u00edas, empleos gubernamentales y m\u00e1s.","telephone":"305.604.CITY(2489)","legalName":"City of Miami Beach"}]}},"_links":{"self":[{"href":"https:\/\/www.miamibeachfl.gov\/es\/wp-json\/wp\/v2\/pages\/56231","targetHints":{"allow":["GET"]}}],"collection":[{"href":"https:\/\/www.miamibeachfl.gov\/es\/wp-json\/wp\/v2\/pages"}],"about":[{"href":"https:\/\/www.miamibeachfl.gov\/es\/wp-json\/wp\/v2\/types\/page"}],"author":[{"embeddable":true,"href":"https:\/\/www.miamibeachfl.gov\/es\/wp-json\/wp\/v2\/users\/222"}],"replies":[{"embeddable":true,"href":"https:\/\/www.miamibeachfl.gov\/es\/wp-json\/wp\/v2\/comments?post=56231"}],"version-history":[{"count":3,"href":"https:\/\/www.miamibeachfl.gov\/es\/wp-json\/wp\/v2\/pages\/56231\/revisions"}],"predecessor-version":[{"id":392918,"href":"https:\/\/www.miamibeachfl.gov\/es\/wp-json\/wp\/v2\/pages\/56231\/revisions\/392918"}],"up":[{"embeddable":true,"href":"https:\/\/www.miamibeachfl.gov\/es\/wp-json\/wp\/v2\/pages\/28864"}],"wp:attachment":[{"href":"https:\/\/www.miamibeachfl.gov\/es\/wp-json\/wp\/v2\/media?parent=56231"}],"wp:term":[{"taxonomy":"category","embeddable":true,"href":"https:\/\/www.miamibeachfl.gov\/es\/wp-json\/wp\/v2\/categories?post=56231"},{"taxonomy":"post_tag","embeddable":true,"href":"https:\/\/www.miamibeachfl.gov\/es\/wp-json\/wp\/v2\/tags?post=56231"}],"curies":[{"name":"gracias","href":"https:\/\/api.w.org\/{rel}","templated":true}]}}