{"id":77010,"date":"2018-08-14T12:22:02","date_gmt":"2018-08-14T16:22:02","guid":{"rendered":"http:\/\/www.miamibeachfl.gov\/city-hall\/city-clerk\/election-information\/november-6-2018-special-election\/related-resolutions\/"},"modified":"2025-02-23T14:51:01","modified_gmt":"2025-02-23T19:51:01","slug":"related-resolutions","status":"publish","type":"page","link":"https:\/\/www.miamibeachfl.gov\/es\/city-hall\/city-clerk\/election-information\/november-6-2018-special-election\/related-resolutions\/","title":{"rendered":"Resoluciones relacionadas"},"content":{"rendered":"<img loading=\"lazy\" decoding=\"async\" src=\"https:\/\/www.miamibeachfl.gov\/wp-content\/uploads\/2022\/07\/hero-small.jpg\" alt=\"ocean drive art deco buildings\" itemprop=\"image\" height=\"211\" width=\"2395\" title=\"h\u00e9roe peque\u00f1o\" onerror=\"this.style.display='none'\"  \/>\n<h1>\n\t\tResoluciones relacionadas\n\t<\/h1>\n\t<nav id=\"breadcrumbs\" aria-label=\"Pan rallado\"><a href=\"https:\/\/www.miamibeachfl.gov\/es\/\">Hogar<\/a> &gt; <a href=\"https:\/\/www.miamibeachfl.gov\/es\/city-hall\/\">Ayuntamiento<\/a> &gt; <a href=\"https:\/\/www.miamibeachfl.gov\/es\/city-hall\/city-clerk\/\">Secretario de la ciudad<\/a> &gt; <a href=\"https:\/\/www.miamibeachfl.gov\/es\/city-hall\/city-clerk\/election-information\/\">Informaci\u00f3n electoral<\/a> &gt; <a href=\"https:\/\/www.miamibeachfl.gov\/es\/city-hall\/city-clerk\/election-information\/november-6-2018-special-election\/\">6 de noviembre de 2018 \u2013 Elecciones especiales<\/a> &gt; <strong>Resoluciones relacionadas<\/strong><\/nav>\n\t<ul>\n<li><a href=\"http:\/\/www.miamibeachfl.gov\/wp-content\/uploads\/2021\/05\/2018-30619-Resolution-1.pdf\">Resoluci\u00f3n No. 2018-30619<\/a><br \/>\nRESOLUCI\u00d3N DEL ALCALDE Y LA COMISI\u00d3N MUNICIPAL DE LA CIUDAD DE MIAMI BEACH, FLORIDA, ADOPTAR LA CERTIFICACI\u00d3N DE LA JUNTA DE ESCRUTINIO DEL CONDADO DE MIAMI-DADE PARA LAS ELECCIONES ESPECIALES DEL 6 DE NOVIEMBRE DE 2018 PARA LA CIUDAD DE MIAMI BEACH, Y DECLARAR LOS RESULTADOS DE LAS MISMAS.<\/li>\n<li><a href=\"http:\/\/www.miamibeachfl.gov\/wp-content\/uploads\/2018\/10\/Resolution-2018-30454.pdf\">Resoluci\u00f3n No. 2018-30454<\/a><br \/>\nUNA RESOLUCI\u00d3N DEL ALCALDE Y LA COMISI\u00d3N MUNICIPAL DE LA CIUDAD DE MIAMI BEACH, FLORIDA, AFIRMANDO EL PROP\u00d3SITO P\u00daBLICO DE INFORMAR Y EDUCAR A LOS VOTANTES DE LA CIUDAD SOBRE LAS SEIS (6) PREGUNTAS DE LA BOLETA DE LA ELECCI\u00d3N ESPECIAL DE LA CIUDAD QUE APARECER\u00c1N EN LA BOLETA PARA LA ELECCI\u00d3N ESPECIAL DEL 6 DE NOVIEMBRE DE 2018 A TRAV\u00c9S DE VARIOS M\u00c9TODOS, INCLUYENDO UNA GU\u00cdA IMPRESA DEL VOTANTE Y UN VIDEO EDUCATIVO PARA VOTANTES; Y APROBANDO EL GASTO DE $$15,400 ADICIONALES DE FONDOS PRESUPUESTADOS, PARA AGREGAR HASTA VEINTE (20) P\u00c1GINAS ADICIONALES A LA EDICI\u00d3N DE OCTUBRE DE 2018 DE LA REVISTA MB PARA INCLUIR LA GU\u00cdA DEL VOTANTE EN DICHA PUBLICACI\u00d3N.<\/li>\n<li><a href=\"http:\/\/www.miamibeachfl.gov\/wp-content\/uploads\/2018\/10\/Resolution-2018-30453.pdf\">Resoluci\u00f3n No. 2018-30453<\/a><br \/>\nRESOLUCI\u00d3N DEL ALCALDE Y LA COMISI\u00d3N MUNICIPAL DE LA CIUDAD DE MIAMI BEACH, FLORIDA, AUTORIZANDO A LA JUNTA DE ESCRUTINIO DEL CONDADO DE MIAMI-DADE PARA LAS ELECCIONES GENERALES DEL 6 DE NOVIEMBRE DE 2018 A SERVIR COMO JUNTA DE ESCRUTINIO PARA LAS ELECCIONES ESPECIALES DE LA CIUDAD DE MIAMI BEACH QUE SE CELEBRAR\u00c1N EL 6 DE NOVIEMBRE DE 2018.<\/li>\n<li><a href=\"http:\/\/www.miamibeachfl.gov\/wp-content\/uploads\/2018\/10\/Resolution-2018-30452.pdf\">Resoluci\u00f3n No. 2018-30452<\/a><br \/>\nRESOLUCI\u00d3N DEL ALCALDE Y LA COMISI\u00d3N MUNICIPAL DE LA CIUDAD DE MIAMI BEACH, FLORIDA, RECONOCIENDO Y APROBANDO LA VOTACI\u00d3N ANTICIPADA PARA LAS ELECCIONES ESPECIALES DE LA CIUDAD DE MIAMI BEACH DEL 6 DE NOVIEMBRE DE 2018.<\/li>\n<li><a href=\"http:\/\/docmgmt.miamibeachfl.gov\/weblink\/0\/doc\/239424\/Page1.aspx\">Resoluci\u00f3n 2018-30425<\/a><br \/>\nEspa\u00f1ol RESOLUCI\u00d3N DEL ALCALDE Y LA COMISI\u00d3N MUNICIPAL DE LA CIUDAD DE MIAMI BEACH, FLORIDA, CONVOCANDO A UNA ELECCI\u00d3N ESPECIAL EL 6 DE NOVIEMBRE DE 2018, CON EL PROP\u00d3SITO DE SOMETER AL ELECTORADO DE LA CIUDAD DE MIAMI BEACH, FLORIDA, UNA PREGUNTA ELECTORAL QUE PREGUNTA SI LA CIUDAD DEBER\u00cdA ARRENDAR UNA PROPIEDAD DE 2.6 ACRES EN LA ESQUINA NORESTE DE 17TH STREET Y CONVENTION CENTER DRIVE A MB MIXED USE INVESTMENT, LLC POR 99 A\u00d1OS, REQUIRIENDO, SEG\u00daN LA RESOLUCI\u00d3N 2018-30425, LA CONSTRUCCI\u00d3N\/OPERACI\u00d3N DE UN HOTEL DE 800 HABITACIONES (ALTURA M\u00c1XIMA DE 185 PIES), CONECTADO AL CENTRO DE CONVENCIONES; SIN FINANCIAMIENTO DE LA CIUDAD; SIN JUEGOS DE AZAR; Y ALQUILER A LA CIUDAD DESPU\u00c9S DE LA APERTURA DEL HOTEL, INCLUYENDO EL MAYOR DE: ALQUILER GARANTIZADO ($16, 616,242 DURANTE LOS PRIMEROS DIEZ A\u00d1OS, AJUSTADO DESPU\u00c9S) O PORCENTAJE DE LOS INGRESOS ANUALES DEL HOTEL.<\/li>\n<li><strong>Refer\u00e9ndum 1 de Miami Beach:<\/strong> <a href=\"http:\/\/docmgmt.miamibeachfl.gov\/weblink\/0\/doc\/238267\/Page1.aspx\">Resoluci\u00f3n 2018-30437<\/a><br \/>\nRESOLUCI\u00d3N DEL ALCALDE Y LA COMISI\u00d3N MUNICIPAL DE LA CIUDAD DE MIAMI BEACH, FLORIDA, CONVOCANDO A UNA ELECCI\u00d3N ESPECIAL EL 6 DE NOVIEMBRE DE 2018, CON EL PROP\u00d3SITO DE SOMETER AL ELECTORADO DE LA CIUDAD DE MIAMI BEACH, FLORIDA, UNA PREGUNTA ELECTORAL QUE PREGUNTA SI LA CARTA DE LA CIUDAD DEBE SER ENMENDADA PARA CREAR EL CARGO DEL INSPECTOR GENERAL Y ESTABLECER LOS FACULTADES DEL CARGO (INCLUIDO EL FACULTAD PARA CITA A TESTIGOS, ADMINISTRAR JURAMENTOS Y EXIGIR LA PRODUCCI\u00d3N DE REGISTROS), SIEMPRE QUE EL NOMBRAMIENTO, PER\u00cdODO, FUNCIONES Y FACULTADES DE DICHO CARGO SE ESTABLEZCAN ADEM\u00c1S POR ORDENANZA.<\/li>\n<li><strong>Refer\u00e9ndum 2 de Miami Beach:<\/strong>\u00a0<a href=\"http:\/\/docmgmt.miamibeachfl.gov\/weblink\/0\/doc\/238268\/Page1.aspx\">Resoluci\u00f3n 2018-30439<\/a><br \/>\nRESOLUCI\u00d3N DEL ALCALDE Y LA COMISI\u00d3N MUNICIPAL DE LA CIUDAD DE MIAMI BEACH, FLORIDA, QUE CONVOCA A UNA ELECCI\u00d3N ESPECIAL EL 6 DE NOVIEMBRE DE 2018, CON EL PROP\u00d3SITO DE SOMETER AL ELECTORADO DE LA CIUDAD DE MIAMI BEACH, FLORIDA, UNA PREGUNTA ELECTORAL QUE PREGUNTA SI, SI LOS VOTANTES APRUEBAN EL CONTRATO DE ARRENDAMIENTO DEL HOTEL DE CONVENCIONES DE LA CIUDAD CON MB MIXED USE INVESTMENT, LLC, LA CIUDAD DEBER\u00c1 ADOPTAR UNA ORDENANZA QUE DEDIQUE TODOS LOS PAGOS DE ALQUILER DEL HOTEL RECIBIDOS POR LA CIUDAD A MEJORAR LA FINANCIACI\u00d3N (NO REEMPLAZAR NI SUSTITUIR LA FINANCIACI\u00d3N ACTUAL DE LA CIUDAD), EN PORCIONES IGUALES ANUALMENTE, PARA: EDUCACI\u00d3N DE PREK\u00cdNDER A 12.\u00ba GRADO, MEDIDAS DE REDUCCI\u00d3N DEL TR\u00c1FICO Y PROYECTOS DE AGUAS PLUVIALES (EN LUGAR DE AUMENTOS DE TARIFAS), CON CUALQUIER MODIFICACI\u00d3N DE DICHA ORDENANZA SUJETA A LA APROBACI\u00d3N POR REFER\u00c9NDUM DE LOS VOTANTES.<\/li>\n<li><strong>Refer\u00e9ndum 3 de Miami Beach:<\/strong> <a href=\"http:\/\/docmgmt.miamibeachfl.gov\/weblink\/0\/doc\/238269\/Page1.aspx\">Resoluci\u00f3n 2018-30438<\/a><br \/>\nEspa\u00f1ol RESOLUCI\u00d3N DEL ALCALDE Y LA COMISI\u00d3N MUNICIPAL DE LA CIUDAD DE MIAMI BEACH, FLORIDA, CONVOCANDO A UNA ELECCI\u00d3N ESPECIAL EL 6 DE NOVIEMBRE DE 2018, CON EL PROP\u00d3SITO DE SOMETER AL ELECTORADO DE LA CIUDAD DE MIAMI BEACH, FLORIDA, UNA PREGUNTA ELECTORAL QUE PREGUNTA SI LA CIUDAD DEBER\u00cdA ARRENDAR UNA PROPIEDAD DE 2.6 ACRES EN LA ESQUINA NORESTE DE 17TH STREET Y CONVENTION CENTER DRIVE A MB MIXED USE INVESTMENT, LLC POR 99 A\u00d1OS, REQUIRIENDO, POR LA RESOLUCI\u00d3N 2018-30427 LA CONSTRUCCI\u00d3N\/OPERACI\u00d3N DE UN HOTEL DE 800 HABITACIONES CON UNA ALTURA M\u00c1XIMA DE 185 PIES, CONECTADO AL CENTRO DE CONVENCIONES; SIN FINANCIAMIENTO DE LA CIUDAD; SIN JUEGOS DE AZAR; Y ALQUILER A LA CIUDAD DESPU\u00c9S DE LA APERTURA DEL HOTEL, INCLUYENDO EL MAYOR DE: ALQUILER GARANTIZADO ($16,616,242 DURANTE LOS PRIMEROS DIEZ A\u00d1OS, AJUSTADO DESPU\u00c9S) O PORCENTAJE DE LOS INGRESOS ANUALES DEL HOTEL.<\/li>\n<li><strong>Refer\u00e9ndum 4 de Miami Beach:<\/strong> <a href=\"http:\/\/docmgmt.miamibeachfl.gov\/weblink\/0\/doc\/238270\/Page1.aspx\">Resoluci\u00f3n 2018-30442<\/a><br \/>\nRESOLUCI\u00d3N DEL ALCALDE Y LA COMISI\u00d3N MUNICIPAL DE LA CIUDAD DE MIAMI BEACH, FLORIDA, QUE CONVOCA A UNA ELECCI\u00d3N ESPECIAL EL 6 DE NOVIEMBRE DE 2018, CON EL PROP\u00d3SITO DE SOMETER AL ELECTORADO DE LA CIUDAD DE MIAMI BEACH, FLORIDA, UNA PREGUNTA ELECTORAL QUE PREGUNTA SI LA CIUDAD ESTAR\u00c1 AUTORIZADA A EMITIR BONOS DE OBLIGACI\u00d3N GENERAL, PERI\u00d3DICAMENTE, QUE NO EXCEDA $169,000,000 EN MONTO PRINCIPAL TOTAL, PAGADEROS CON IMPUESTOS AD VALOREM ILIMITADOS, QUE DEVENGUEN INTERESES QUE NO EXCEDA LA TASA DE INTER\u00c9S LEGAL M\u00c1XIMA Y CON VENCIMIENTO A M\u00c1S TARDAR DE 30 A\u00d1OS A PARTIR DE LA FECHA DE EMISI\u00d3N, PARA MEJORAR LOS PARQUES, LAS INSTALACIONES RECREATIVAS Y INSTALACIONES CULTURALES, INCLUYENDO PARQUES INFANTILES, PASEOS DE BAH\u00cdA, PASEOS DE PLAYA, V\u00cdAS FLUVIALES, PAISAJISMO, EQUIPO, ILUMINACI\u00d3N, SEGURIDAD Y ESTACIONAMIENTO RELACIONADO CON DICHAS INSTALACIONES.<\/li>\n<li><strong>Refer\u00e9ndum de Miami Beach 5:<\/strong> <a href=\"http:\/\/docmgmt.miamibeachfl.gov\/weblink\/0\/doc\/238271\/Page1.aspx\">Resoluci\u00f3n 2018-30441<\/a><br \/>\nRESOLUCI\u00d3N DEL ALCALDE Y LA COMISI\u00d3N MUNICIPAL DE LA CIUDAD DE MIAMI BEACH, FLORIDA, QUE CONVOCA A UNA ELECCI\u00d3N ESPECIAL EL 6 DE NOVIEMBRE DE 2018, CON EL PROP\u00d3SITO DE SOMETER AL ELECTORADO DE LA CIUDAD DE MIAMI BEACH, FLORIDA, UNA PREGUNTA ELECTORAL QUE PREGUNTA SI LA CIUDAD ESTAR\u00c1 AUTORIZADA A EMITIR BONOS DE OBLIGACI\u00d3N GENERAL, PERI\u00d3DICAMENTE, QUE NO EXCEDA $198,000,000 EN MONTO PRINCIPAL TOTAL, PAGADEROS CON IMPUESTOS AD VALOREM ILIMITADOS, QUE DEVENGUEN INTERESES QUE NO EXCEDA LA TASA DE INTER\u00c9S LEGAL M\u00c1XIMA Y CON VENCIMIENTO A M\u00c1S TARDAR DE 30 A\u00d1OS A PARTIR DE LA FECHA DE EMISI\u00d3N, PARA MEJORAR LOS BARRIOS Y LA INFRAESTRUCTURA DE LA CIUDAD, INCLUYENDO PROYECTOS DE MITIGACI\u00d3N DE AGUAS PLUVIALES E INUNDACIONES, RENOVACI\u00d3N Y REPARACI\u00d3N DE ACERAS Y CALLES, CARRILES PARA BICICLETAS PROTEGIDOS, SENDAS PEATONALES, PAISAJISMO E ILUMINACI\u00d3N.<\/li>\n<li><strong>Refer\u00e9ndum 6 de Miami Beach:<\/strong>\u00a0<a href=\"http:\/\/docmgmt.miamibeachfl.gov\/weblink\/0\/doc\/238272\/Page1.aspx\">Resoluci\u00f3n 2018-30440<\/a><br \/>\nRESOLUCI\u00d3N DEL ALCALDE Y LA COMISI\u00d3N MUNICIPAL DE LA CIUDAD DE MIAMI BEACH, FLORIDA, QUE CONVOCA A UNA ELECCI\u00d3N ESPECIAL EL 6 DE NOVIEMBRE DE 2018, CON EL PROP\u00d3SITO DE SOMETER AL ELECTORADO DE LA CIUDAD DE MIAMI BEACH, FLORIDA, UNA PREGUNTA ELECTORAL QUE PREGUNTA SI LA CIUDAD ESTAR\u00c1 AUTORIZADA A EMITIR BONOS DE OBLIGACI\u00d3N GENERAL, DE VEZ EN CUANDO, QUE NO EXCEDA $72,000,000 EN MONTO PRINCIPAL TOTAL, PAGADEROS CON IMPUESTOS AD VALOREM ILIMITADOS, QUE DEVENGUEN INTERESES QUE NO EXCEDA LA TASA DE INTER\u00c9S LEGAL M\u00c1XIMA Y CON VENCIMIENTO A M\u00c1S TARDAR DE 30 A\u00d1OS A PARTIR DE LA FECHA DE EMISI\u00d3N, PARA MEJORAR LA POLIC\u00cdA, LOS BOMBEROS Y LA SEGURIDAD P\u00daBLICA DE LA CIUDAD INSTALACIONES, EQUIPOS Y TECNOLOG\u00cdA, Y MEJORAR LA ILUMINACI\u00d3N Y LA SEGURIDAD EN TODA LA CIUDAD.<\/li>\n<\/ul>\n\t\t\t<a href=\"https:\/\/www.miamibeachfl.gov\/es\/city-hall\/city-clerk\/election-information\/november-6-2018-special-election\/related-resolutions\/\" target=\"_self\" rel=\"noopener\">\n\t\t\t\t\t\t\tResoluciones relacionadas\n\t\t\t\t\t<\/a>\n\t<div class=\"page-navigation\"><a class=\"prev-page\" href=\"https:\/\/www.miamibeachfl.gov\/es\/non-profit-lottery\/\">\u2190 Loter\u00eda sin fines de lucro<\/a> <a class=\"next-page\" href=\"https:\/\/www.miamibeachfl.gov\/es\/city-hall\/facilities-and-fleet-management\/asset-management\/\">Gesti\u00f3n de activos \u2192<\/a><\/div>","protected":false},"excerpt":{"rendered":"<p>Related Resolutions Home &gt; City Hall &gt; City Clerk &gt; Election Information &gt; November 6, 2018 &#8211; Special Election &gt; [&hellip;]<\/p>\n","protected":false},"author":222,"featured_media":0,"parent":76916,"menu_order":143,"comment_status":"closed","ping_status":"closed","template":"page-blank.php","meta":{"_searchwp_excluded":"","site-sidebar-layout":"default","site-content-layout":"","ast-site-content-layout":"default","site-content-style":"default","site-sidebar-style":"default","ast-global-header-display":"","ast-banner-title-visibility":"","ast-main-header-display":"","ast-hfb-above-header-display":"","ast-hfb-below-header-display":"","ast-hfb-mobile-header-display":"","site-post-title":"","ast-breadcrumbs-content":"","ast-featured-img":"","footer-sml-layout":"","theme-transparent-header-meta":"","adv-header-id-meta":"","stick-header-meta":"","header-above-stick-meta":"","header-main-stick-meta":"","header-below-stick-meta":"","astra-migrate-meta-layouts":"default","ast-page-background-enabled":"default","ast-page-background-meta":{"desktop":{"background-color":"var(--ast-global-color-5)","background-image":"","background-repeat":"repeat","background-position":"center center","background-size":"auto","background-attachment":"scroll","background-type":"","background-media":"","overlay-type":"","overlay-color":"","overlay-opacity":"","overlay-gradient":""},"tablet":{"background-color":"","background-image":"","background-repeat":"repeat","background-position":"center center","background-size":"auto","background-attachment":"scroll","background-type":"","background-media":"","overlay-type":"","overlay-color":"","overlay-opacity":"","overlay-gradient":""},"mobile":{"background-color":"","background-image":"","background-repeat":"repeat","background-position":"center center","background-size":"auto","background-attachment":"scroll","background-type":"","background-media":"","overlay-type":"","overlay-color":"","overlay-opacity":"","overlay-gradient":""}},"ast-content-background-meta":{"desktop":{"background-color":"var(--ast-global-color-4)","background-image":"","background-repeat":"repeat","background-position":"center center","background-size":"auto","background-attachment":"scroll","background-type":"","background-media":"","overlay-type":"","overlay-color":"","overlay-opacity":"","overlay-gradient":""},"tablet":{"background-color":"var(--ast-global-color-4)","background-image":"","background-repeat":"repeat","background-position":"center center","background-size":"auto","background-attachment":"scroll","background-type":"","background-media":"","overlay-type":"","overlay-color":"","overlay-opacity":"","overlay-gradient":""},"mobile":{"background-color":"var(--ast-global-color-4)","background-image":"","background-repeat":"repeat","background-position":"center center","background-size":"auto","background-attachment":"scroll","background-type":"","background-media":"","overlay-type":"","overlay-color":"","overlay-opacity":"","overlay-gradient":""}},"footnotes":""},"categories":[],"tags":[],"class_list":["post-77010","page","type-page","status-publish","hentry"],"yoast_head":"<!-- This site is optimized with the Yoast SEO Premium plugin v26.6 (Yoast SEO v26.6) - https:\/\/yoast.com\/wordpress\/plugins\/seo\/ -->\n<title>Related Resolutions - City of Miami Beach<\/title>\n<meta name=\"description\" content=\"%\" \/>\n<meta name=\"robots\" content=\"index, follow, max-snippet:-1, max-image-preview:large, max-video-preview:-1\" \/>\n<link rel=\"canonical\" href=\"https:\/\/www.miamibeachfl.gov\/es\/city-hall\/city-clerk\/election-information\/november-6-2018-special-election\/related-resolutions\/\" \/>\n<meta property=\"og:locale\" content=\"es_ES\" \/>\n<meta property=\"og:type\" content=\"article\" \/>\n<meta property=\"og:title\" content=\"Related Resolutions\" \/>\n<meta property=\"og:description\" content=\"%\" \/>\n<meta property=\"og:url\" content=\"https:\/\/www.miamibeachfl.gov\/es\/city-hall\/city-clerk\/election-information\/november-6-2018-special-election\/related-resolutions\/\" \/>\n<meta property=\"og:site_name\" content=\"City of Miami Beach\" \/>\n<meta property=\"article:publisher\" content=\"https:\/\/www.facebook.com\/cityofmiamibeach\" \/>\n<meta property=\"article:modified_time\" content=\"2025-02-23T19:51:01+00:00\" \/>\n<meta property=\"og:image\" content=\"https:\/\/www.miamibeachfl.gov\/wp-content\/uploads\/2022\/07\/hero-small.jpg\" \/>\n<meta name=\"twitter:card\" content=\"summary_large_image\" \/>\n<meta name=\"twitter:site\" content=\"@Miamibeachnews\" \/>\n<script type=\"application\/ld+json\" class=\"yoast-schema-graph\">{\"@context\":\"https:\/\/schema.org\",\"@graph\":[{\"@type\":\"WebPage\",\"@id\":\"https:\/\/www.miamibeachfl.gov\/city-hall\/city-clerk\/election-information\/november-6-2018-special-election\/related-resolutions\/\",\"url\":\"https:\/\/www.miamibeachfl.gov\/city-hall\/city-clerk\/election-information\/november-6-2018-special-election\/related-resolutions\/\",\"name\":\"Related Resolutions - City of Miami Beach\",\"isPartOf\":{\"@id\":\"https:\/\/www.miamibeachfl.gov\/#website\"},\"primaryImageOfPage\":{\"@id\":\"https:\/\/www.miamibeachfl.gov\/city-hall\/city-clerk\/election-information\/november-6-2018-special-election\/related-resolutions\/#primaryimage\"},\"image\":{\"@id\":\"https:\/\/www.miamibeachfl.gov\/city-hall\/city-clerk\/election-information\/november-6-2018-special-election\/related-resolutions\/#primaryimage\"},\"thumbnailUrl\":\"https:\/\/www.miamibeachfl.gov\/wp-content\/uploads\/2022\/07\/hero-small.jpg\",\"datePublished\":\"2018-08-14T16:22:02+00:00\",\"dateModified\":\"2025-02-23T19:51:01+00:00\",\"description\":\"%\",\"breadcrumb\":{\"@id\":\"https:\/\/www.miamibeachfl.gov\/city-hall\/city-clerk\/election-information\/november-6-2018-special-election\/related-resolutions\/#breadcrumb\"},\"inLanguage\":\"es\",\"potentialAction\":[{\"@type\":\"ReadAction\",\"target\":[\"https:\/\/www.miamibeachfl.gov\/city-hall\/city-clerk\/election-information\/november-6-2018-special-election\/related-resolutions\/\"]}]},{\"@type\":\"ImageObject\",\"inLanguage\":\"es\",\"@id\":\"https:\/\/www.miamibeachfl.gov\/city-hall\/city-clerk\/election-information\/november-6-2018-special-election\/related-resolutions\/#primaryimage\",\"url\":\"https:\/\/www.miamibeachfl.gov\/wp-content\/uploads\/2022\/07\/hero-small.jpg\",\"contentUrl\":\"https:\/\/www.miamibeachfl.gov\/wp-content\/uploads\/2022\/07\/hero-small.jpg\"},{\"@type\":\"BreadcrumbList\",\"@id\":\"https:\/\/www.miamibeachfl.gov\/city-hall\/city-clerk\/election-information\/november-6-2018-special-election\/related-resolutions\/#breadcrumb\",\"itemListElement\":[{\"@type\":\"ListItem\",\"position\":1,\"name\":\"Home\",\"item\":\"https:\/\/www.miamibeachfl.gov\/\"},{\"@type\":\"ListItem\",\"position\":2,\"name\":\"City Hall\",\"item\":\"https:\/\/www.miamibeachfl.gov\/city-hall\/\"},{\"@type\":\"ListItem\",\"position\":3,\"name\":\"City Clerk\",\"item\":\"https:\/\/www.miamibeachfl.gov\/city-hall\/city-clerk\/\"},{\"@type\":\"ListItem\",\"position\":4,\"name\":\"Election Information\",\"item\":\"https:\/\/www.miamibeachfl.gov\/city-hall\/city-clerk\/election-information\/\"},{\"@type\":\"ListItem\",\"position\":5,\"name\":\"November 6, 2018 &#8211; Special Election\",\"item\":\"https:\/\/www.miamibeachfl.gov\/city-hall\/city-clerk\/election-information\/november-6-2018-special-election\/\"},{\"@type\":\"ListItem\",\"position\":6,\"name\":\"Related Resolutions\"}]},{\"@type\":\"WebSite\",\"@id\":\"https:\/\/www.miamibeachfl.gov\/#website\",\"url\":\"https:\/\/www.miamibeachfl.gov\/\",\"name\":\"City of Miami Beach\",\"description\":\"The official website of the City of Miami Beach. Stay informed, find important information on city services, news, alerts, events, trolley routes, government employment and more.\",\"publisher\":{\"@id\":\"https:\/\/www.miamibeachfl.gov\/#organization\"},\"potentialAction\":[{\"@type\":\"SearchAction\",\"target\":{\"@type\":\"EntryPoint\",\"urlTemplate\":\"https:\/\/www.miamibeachfl.gov\/?s={search_term_string}\"},\"query-input\":{\"@type\":\"PropertyValueSpecification\",\"valueRequired\":true,\"valueName\":\"search_term_string\"}}],\"inLanguage\":\"es\"},{\"@type\":\"Organization\",\"@id\":\"https:\/\/www.miamibeachfl.gov\/#organization\",\"name\":\"City of Miami Beach\",\"url\":\"https:\/\/www.miamibeachfl.gov\/\",\"logo\":{\"@type\":\"ImageObject\",\"inLanguage\":\"es\",\"@id\":\"https:\/\/www.miamibeachfl.gov\/#\/schema\/logo\/image\/\",\"url\":\"https:\/\/www.miamibeachfl.gov\/wp-content\/uploads\/2022\/06\/miamibeach-logoblue.png\",\"contentUrl\":\"https:\/\/www.miamibeachfl.gov\/wp-content\/uploads\/2022\/06\/miamibeach-logoblue.png\",\"width\":1962,\"height\":381,\"caption\":\"City of Miami Beach\"},\"image\":{\"@id\":\"https:\/\/www.miamibeachfl.gov\/#\/schema\/logo\/image\/\"},\"sameAs\":[\"https:\/\/www.facebook.com\/cityofmiamibeach\",\"https:\/\/x.com\/Miamibeachnews\",\"https:\/\/www.instagram.com\/miamibeachnews\/\"],\"description\":\"The official website of the City of Miami Beach. Stay informed, find important information on city services, news, alerts, events, trolley routes, government employment and more.\",\"telephone\":\"305.604.CITY(2489)\",\"legalName\":\"City of Miami Beach\"}]}<\/script>\n<!-- \/ Yoast SEO Premium plugin. -->","yoast_head_json":{"title":"Resoluciones relacionadas - Ciudad de Miami Beach","description":"%","robots":{"index":"index","follow":"follow","max-snippet":"max-snippet:-1","max-image-preview":"max-image-preview:large","max-video-preview":"max-video-preview:-1"},"canonical":"https:\/\/www.miamibeachfl.gov\/es\/city-hall\/city-clerk\/election-information\/november-6-2018-special-election\/related-resolutions\/","og_locale":"es_ES","og_type":"article","og_title":"Related Resolutions","og_description":"%","og_url":"https:\/\/www.miamibeachfl.gov\/es\/city-hall\/city-clerk\/election-information\/november-6-2018-special-election\/related-resolutions\/","og_site_name":"City of Miami Beach","article_publisher":"https:\/\/www.facebook.com\/cityofmiamibeach","article_modified_time":"2025-02-23T19:51:01+00:00","og_image":[{"url":"https:\/\/www.miamibeachfl.gov\/wp-content\/uploads\/2022\/07\/hero-small.jpg","type":"","width":"","height":""}],"twitter_card":"summary_large_image","twitter_site":"@Miamibeachnews","schema":{"@context":"https:\/\/schema.org","@graph":[{"@type":"WebPage","@id":"https:\/\/www.miamibeachfl.gov\/city-hall\/city-clerk\/election-information\/november-6-2018-special-election\/related-resolutions\/","url":"https:\/\/www.miamibeachfl.gov\/city-hall\/city-clerk\/election-information\/november-6-2018-special-election\/related-resolutions\/","name":"Resoluciones relacionadas - Ciudad de Miami Beach","isPartOf":{"@id":"https:\/\/www.miamibeachfl.gov\/#website"},"primaryImageOfPage":{"@id":"https:\/\/www.miamibeachfl.gov\/city-hall\/city-clerk\/election-information\/november-6-2018-special-election\/related-resolutions\/#primaryimage"},"image":{"@id":"https:\/\/www.miamibeachfl.gov\/city-hall\/city-clerk\/election-information\/november-6-2018-special-election\/related-resolutions\/#primaryimage"},"thumbnailUrl":"https:\/\/www.miamibeachfl.gov\/wp-content\/uploads\/2022\/07\/hero-small.jpg","datePublished":"2018-08-14T16:22:02+00:00","dateModified":"2025-02-23T19:51:01+00:00","description":"%","breadcrumb":{"@id":"https:\/\/www.miamibeachfl.gov\/city-hall\/city-clerk\/election-information\/november-6-2018-special-election\/related-resolutions\/#breadcrumb"},"inLanguage":"es","potentialAction":[{"@type":"ReadAction","target":["https:\/\/www.miamibeachfl.gov\/city-hall\/city-clerk\/election-information\/november-6-2018-special-election\/related-resolutions\/"]}]},{"@type":"ImageObject","inLanguage":"es","@id":"https:\/\/www.miamibeachfl.gov\/city-hall\/city-clerk\/election-information\/november-6-2018-special-election\/related-resolutions\/#primaryimage","url":"https:\/\/www.miamibeachfl.gov\/wp-content\/uploads\/2022\/07\/hero-small.jpg","contentUrl":"https:\/\/www.miamibeachfl.gov\/wp-content\/uploads\/2022\/07\/hero-small.jpg"},{"@type":"BreadcrumbList","@id":"https:\/\/www.miamibeachfl.gov\/city-hall\/city-clerk\/election-information\/november-6-2018-special-election\/related-resolutions\/#breadcrumb","itemListElement":[{"@type":"ListItem","position":1,"name":"Home","item":"https:\/\/www.miamibeachfl.gov\/"},{"@type":"ListItem","position":2,"name":"City Hall","item":"https:\/\/www.miamibeachfl.gov\/city-hall\/"},{"@type":"ListItem","position":3,"name":"City Clerk","item":"https:\/\/www.miamibeachfl.gov\/city-hall\/city-clerk\/"},{"@type":"ListItem","position":4,"name":"Election Information","item":"https:\/\/www.miamibeachfl.gov\/city-hall\/city-clerk\/election-information\/"},{"@type":"ListItem","position":5,"name":"November 6, 2018 &#8211; Special Election","item":"https:\/\/www.miamibeachfl.gov\/city-hall\/city-clerk\/election-information\/november-6-2018-special-election\/"},{"@type":"ListItem","position":6,"name":"Related Resolutions"}]},{"@type":"WebSite","@id":"https:\/\/www.miamibeachfl.gov\/#website","url":"https:\/\/www.miamibeachfl.gov\/","name":"Ciudad de Miami Beach","description":"Sitio web oficial de la Ciudad de Miami Beach. Mant\u00e9ngase informado, encuentre informaci\u00f3n importante sobre servicios municipales, noticias, alertas, eventos, rutas de tranv\u00edas, empleos gubernamentales y m\u00e1s.","publisher":{"@id":"https:\/\/www.miamibeachfl.gov\/#organization"},"potentialAction":[{"@type":"SearchAction","target":{"@type":"EntryPoint","urlTemplate":"https:\/\/www.miamibeachfl.gov\/?s={search_term_string}"},"query-input":{"@type":"PropertyValueSpecification","valueRequired":true,"valueName":"search_term_string"}}],"inLanguage":"es"},{"@type":"Organization","@id":"https:\/\/www.miamibeachfl.gov\/#organization","name":"Ciudad de Miami Beach","url":"https:\/\/www.miamibeachfl.gov\/","logo":{"@type":"ImageObject","inLanguage":"es","@id":"https:\/\/www.miamibeachfl.gov\/#\/schema\/logo\/image\/","url":"https:\/\/www.miamibeachfl.gov\/wp-content\/uploads\/2022\/06\/miamibeach-logoblue.png","contentUrl":"https:\/\/www.miamibeachfl.gov\/wp-content\/uploads\/2022\/06\/miamibeach-logoblue.png","width":1962,"height":381,"caption":"City of Miami Beach"},"image":{"@id":"https:\/\/www.miamibeachfl.gov\/#\/schema\/logo\/image\/"},"sameAs":["https:\/\/www.facebook.com\/cityofmiamibeach","https:\/\/x.com\/Miamibeachnews","https:\/\/www.instagram.com\/miamibeachnews\/"],"description":"Sitio web oficial de la Ciudad de Miami Beach. Mant\u00e9ngase informado, encuentre informaci\u00f3n importante sobre servicios municipales, noticias, alertas, eventos, rutas de tranv\u00edas, empleos gubernamentales y m\u00e1s.","telephone":"305.604.CITY(2489)","legalName":"City of Miami Beach"}]}},"_links":{"self":[{"href":"https:\/\/www.miamibeachfl.gov\/es\/wp-json\/wp\/v2\/pages\/77010","targetHints":{"allow":["GET"]}}],"collection":[{"href":"https:\/\/www.miamibeachfl.gov\/es\/wp-json\/wp\/v2\/pages"}],"about":[{"href":"https:\/\/www.miamibeachfl.gov\/es\/wp-json\/wp\/v2\/types\/page"}],"author":[{"embeddable":true,"href":"https:\/\/www.miamibeachfl.gov\/es\/wp-json\/wp\/v2\/users\/222"}],"replies":[{"embeddable":true,"href":"https:\/\/www.miamibeachfl.gov\/es\/wp-json\/wp\/v2\/comments?post=77010"}],"version-history":[{"count":0,"href":"https:\/\/www.miamibeachfl.gov\/es\/wp-json\/wp\/v2\/pages\/77010\/revisions"}],"up":[{"embeddable":true,"href":"https:\/\/www.miamibeachfl.gov\/es\/wp-json\/wp\/v2\/pages\/76916"}],"wp:attachment":[{"href":"https:\/\/www.miamibeachfl.gov\/es\/wp-json\/wp\/v2\/media?parent=77010"}],"wp:term":[{"taxonomy":"category","embeddable":true,"href":"https:\/\/www.miamibeachfl.gov\/es\/wp-json\/wp\/v2\/categories?post=77010"},{"taxonomy":"post_tag","embeddable":true,"href":"https:\/\/www.miamibeachfl.gov\/es\/wp-json\/wp\/v2\/tags?post=77010"}],"curies":[{"name":"gracias","href":"https:\/\/api.w.org\/{rel}","templated":true}]}}