{"id":90833,"date":"2018-12-19T13:24:50","date_gmt":"2018-12-19T18:24:50","guid":{"rendered":"http:\/\/www.miamibeachfl.gov\/city-hall\/city-clerk\/city-commission-vacancy-group-iv\/"},"modified":"2025-05-25T16:59:40","modified_gmt":"2025-05-25T20:59:40","slug":"city-commission-vacancy-group-iv","status":"publish","type":"page","link":"https:\/\/www.miamibeachfl.gov\/es\/city-hall\/city-clerk\/city-commission-vacancy-group-iv\/","title":{"rendered":"Grupo IV de vacantes de la Comisi\u00f3n de la Ciudad"},"content":{"rendered":"<img decoding=\"async\" src=\"https:\/\/www.miamibeachfl.gov\/wp-content\/uploads\/2022\/07\/hero-small.jpg\" alt=\"ocean drive art deco buildings\" itemprop=\"image\" title=\"h\u00e9roe peque\u00f1o\" onerror=\"this.style.display='none'\" loading='lazy' \/>\n<h1>\n\t\t\tGrupo IV de vacantes de la Comisi\u00f3n de la Ciudad\t<\/h1>\n\t<nav id=\"breadcrumbs\" aria-label=\"Pan rallado\"><a href=\"https:\/\/www.miamibeachfl.gov\/es\/\">Hogar<\/a> &gt; <a href=\"https:\/\/www.miamibeachfl.gov\/es\/city-hall\/\">Ayuntamiento<\/a> &gt; <a href=\"https:\/\/www.miamibeachfl.gov\/es\/city-hall\/city-clerk\/\">Secretario de la ciudad<\/a> &gt; <strong>Grupo IV de vacantes de la Comisi\u00f3n de la Ciudad<\/strong><\/nav>\n\t<p>&nbsp;<\/p>\n<table>\n<tbody>\n<tr>\n<td><strong>Informaci\u00f3n general<\/strong><\/td>\n<\/tr>\n<tr>\n<td><a href=\"http:\/\/www.miamibeachfl.gov\/wp-content\/uploads\/2018\/12\/Notice-of-Miami-Beach-City-Commission-Vacancy.pdf\">Aviso de vacante en la Comisi\u00f3n de la Ciudad de Miami Beach<\/a><\/td>\n<\/tr>\n<tr>\n<td><a href=\"http:\/\/www.miamibeachfl.gov\/wp-content\/uploads\/2018\/12\/City-Commission-Group-IV-Vacancy-Application.pdf\">Solicitud de vacante del Grupo IV de la Comisi\u00f3n de la Ciudad<\/a><\/td>\n<\/tr>\n<tr>\n<td><a href=\"http:\/\/www.miamibeachfl.gov\/wp-content\/uploads\/2019\/01\/CITY-OF-MIAMI-BEACH-OATH-2019.pdf\">Juramento de la Ciudad de Miami Beach 2019<\/a><\/td>\n<\/tr>\n<tr>\n<td><a href=\"http:\/\/www.miamibeachfl.gov\/wp-content\/uploads\/2019\/01\/Notice-of-Procedures-for-Filling-Group-IV-Vacancy-1.pdf\">Aviso de procedimientos para cubrir vacantes del Grupo IV<\/a><\/td>\n<\/tr>\n<tr>\n<td><a href=\"http:\/\/www.miamibeachfl.gov\/wp-content\/uploads\/2019\/04\/Resolution-2019-30694.pdf\">Resoluci\u00f3n No. 2019-30694 Nombramiento de Joy Malakoff para el puesto de la Comisi\u00f3n de la Ciudad para el Grupo IV<\/a><\/td>\n<\/tr>\n<\/tbody>\n<\/table>\n<table>\n<tbody>\n<tr>\n<td><strong>Solicitantes<\/strong><\/td>\n<\/tr>\n<tr>\n<td>Appel, Gary<\/td>\n<\/tr>\n<tr>\n<td>Bar\u00f3n, Richard<\/td>\n<\/tr>\n<tr>\n<td>Barrineau, Michael David<\/td>\n<\/tr>\n<tr>\n<td>Ben-Gal, Oriah<\/td>\n<\/tr>\n<tr>\n<td>Branch, Gregory<\/td>\n<\/tr>\n<tr>\n<td>Breslin, Ray<\/td>\n<\/tr>\n<tr>\n<td>Buttacavoli, Mayra<\/td>\n<\/tr>\n<tr>\n<td>Costales, Glenn<\/td>\n<\/tr>\n<tr>\n<td>Cristal, David<\/td>\n<\/tr>\n<tr>\n<td>Dennis, Patrick<\/td>\n<\/tr>\n<tr>\n<td>Diskin, Arthur<\/td>\n<\/tr>\n<tr>\n<td>Duggan, Chris<\/td>\n<\/tr>\n<tr>\n<td>Verde, Michael<\/td>\n<\/tr>\n<tr>\n<td>Gross, Sa\u00fal<\/td>\n<\/tr>\n<tr>\n<td>Hall, Michael<\/td>\n<\/tr>\n<tr>\n<td>Hern\u00e1ndez, Carely<\/td>\n<\/tr>\n<tr>\n<td>Hern\u00e1ndez, Lucas<\/td>\n<\/tr>\n<tr>\n<td>Islam, Mahoma<\/td>\n<\/tr>\n<tr>\n<td>Lamadrid, Jorge<\/td>\n<\/tr>\n<tr>\n<td>Levy, Joshua<\/td>\n<\/tr>\n<tr>\n<td>L\u00f3pez, Liliam<\/td>\n<\/tr>\n<tr>\n<td>Lumerman, Mark<\/td>\n<\/tr>\n<tr>\n<td>Malakoff, Joy<\/td>\n<\/tr>\n<tr>\n<td>Manning, Josefina<\/td>\n<\/tr>\n<tr>\n<td>Mart\u00ednez, Frances<\/td>\n<\/tr>\n<tr>\n<td>Morel, Ariel<\/td>\n<\/tr>\n<tr>\n<td>Mosley, Isa\u00edas<\/td>\n<\/tr>\n<tr>\n<td>Novela, Marcella<\/td>\n<\/tr>\n<tr>\n<td>Pacheco, Raquel<\/td>\n<\/tr>\n<tr>\n<td>Pi\u00f1era, Juan<\/td>\n<\/tr>\n<tr>\n<td>Rodr\u00edguez, Mario<\/td>\n<\/tr>\n<tr>\n<td>Rynor, Jeffrey<\/td>\n<\/tr>\n<tr>\n<td>Shelley, Michael<\/td>\n<\/tr>\n<tr>\n<td>Stojanovic, Aleksandar<\/td>\n<\/tr>\n<tr>\n<td>Swartz, Helen<\/td>\n<\/tr>\n<tr>\n<td>Wieder, David<\/td>\n<\/tr>\n<tr>\n<td>Inviernos, Christopher<\/td>\n<\/tr>\n<tr>\n<td>Joven, Blake<\/td>\n<\/tr>\n<\/tbody>\n<\/table>\n\t\tNavegar a\u2026\t\t\t\n\t\t\t\t\t<ul id=\"menu-city-clerk-main-menu\"><li id=\"menu-item-363744\"><a href=\"\/es\/city-hall\/city-clerk\/boards-and-committees\/\">Juntas y comit\u00e9s<\/a><\/li>\n<li id=\"menu-item-363745\"><a href=\"\/es\/city-hall\/city-clerk\/meetings-and-agendas\/\">Reuniones y agendas de la ciudad de Miami Beach<\/a><\/li>\n<li id=\"menu-item-363746\"><a href=\"\/es\/city-hall\/city-clerk\/discrimination-in-employment\/\">Discriminaci\u00f3n en el empleo<\/a><\/li>\n<li id=\"menu-item-363747\"><a href=\"\/es\/city-hall\/city-clerk\/election-information\/\">Informaci\u00f3n electoral<\/a><\/li>\n<li id=\"menu-item-363748\"><a href=\"\/es\/city-hall\/city-clerk\/forms\/\">Formularios<\/a><\/li>\n<li id=\"menu-item-363749\"><a href=\"\/es\/city-hall\/city-clerk\/meeting-notices\/\">Avisos legales y avisos p\u00fablicos<\/a><\/li>\n<li id=\"menu-item-363750\"><a href=\"\/es\/city-hall\/city-clerk\/lobbyist-information\/\">Informaci\u00f3n para lobbistas<\/a><\/li>\n<li id=\"menu-item-363751\"><a href=\"\/es\/city-hall\/city-clerk\/marriage-license\/\">Licencia de matrimonio<\/a><\/li>\n<li id=\"menu-item-363752\"><a href=\"\/es\/city-hall\/city-clerk\/public-records-request\/\">Registros p\u00fablicos \/ Laserfiche<\/a><\/li>\n<li id=\"menu-item-363753\"><a href=\"\/es\/city-hall\/city-clerk\/public-records-portal\/\">Portal de registros p\u00fablicos<\/a><\/li>\n<li id=\"menu-item-363754\"><a href=\"\/es\/city-hall\/city-clerk\/residents-right-to-know\/\">El derecho de los residentes a saber<\/a><\/li>\n<li id=\"menu-item-363755\"><a href=\"\/es\/city-hall\/city-clerk\/special-magistrate\/\">Magistrado Especial<\/a><\/li>\n<\/ul>\t\n\t<div class=\"page-navigation\"><a class=\"prev-page\" href=\"https:\/\/www.miamibeachfl.gov\/es\/city-hall\/office-of-budget-peformance\/budget\/budget-archive\/budget-amendments-resolutions-fy18-19\/\">\u2190 Enmiendas y resoluciones presupuestarias del a\u00f1o fiscal 2018\/2019<\/a> <a class=\"next-page\" href=\"https:\/\/www.miamibeachfl.gov\/es\/city-hall\/office-of-budget-peformance\/budget\/city-managers-budget-message\/\">Mensaje presupuestario del administrador de la ciudad \u2192<\/a><\/div>","protected":false},"excerpt":{"rendered":"<p>City Commission Vacancy Group IV Home &gt; City Hall &gt; City Clerk &gt; City Commission Vacancy Group IV &nbsp; General [&hellip;]<\/p>\n","protected":false},"author":222,"featured_media":0,"parent":28337,"menu_order":85,"comment_status":"closed","ping_status":"closed","template":"","meta":{"_searchwp_excluded":"","site-sidebar-layout":"default","site-content-layout":"","ast-site-content-layout":"default","site-content-style":"default","site-sidebar-style":"default","ast-global-header-display":"","ast-banner-title-visibility":"","ast-main-header-display":"","ast-hfb-above-header-display":"","ast-hfb-below-header-display":"","ast-hfb-mobile-header-display":"","site-post-title":"","ast-breadcrumbs-content":"","ast-featured-img":"","footer-sml-layout":"","theme-transparent-header-meta":"","adv-header-id-meta":"","stick-header-meta":"","header-above-stick-meta":"","header-main-stick-meta":"","header-below-stick-meta":"","astra-migrate-meta-layouts":"default","ast-page-background-enabled":"default","ast-page-background-meta":{"desktop":{"background-color":"var(--ast-global-color-5)","background-image":"","background-repeat":"repeat","background-position":"center center","background-size":"auto","background-attachment":"scroll","background-type":"","background-media":"","overlay-type":"","overlay-color":"","overlay-opacity":"","overlay-gradient":""},"tablet":{"background-color":"","background-image":"","background-repeat":"repeat","background-position":"center center","background-size":"auto","background-attachment":"scroll","background-type":"","background-media":"","overlay-type":"","overlay-color":"","overlay-opacity":"","overlay-gradient":""},"mobile":{"background-color":"","background-image":"","background-repeat":"repeat","background-position":"center center","background-size":"auto","background-attachment":"scroll","background-type":"","background-media":"","overlay-type":"","overlay-color":"","overlay-opacity":"","overlay-gradient":""}},"ast-content-background-meta":{"desktop":{"background-color":"var(--ast-global-color-4)","background-image":"","background-repeat":"repeat","background-position":"center center","background-size":"auto","background-attachment":"scroll","background-type":"","background-media":"","overlay-type":"","overlay-color":"","overlay-opacity":"","overlay-gradient":""},"tablet":{"background-color":"var(--ast-global-color-4)","background-image":"","background-repeat":"repeat","background-position":"center center","background-size":"auto","background-attachment":"scroll","background-type":"","background-media":"","overlay-type":"","overlay-color":"","overlay-opacity":"","overlay-gradient":""},"mobile":{"background-color":"var(--ast-global-color-4)","background-image":"","background-repeat":"repeat","background-position":"center center","background-size":"auto","background-attachment":"scroll","background-type":"","background-media":"","overlay-type":"","overlay-color":"","overlay-opacity":"","overlay-gradient":""}},"footnotes":""},"categories":[],"tags":[],"class_list":["post-90833","page","type-page","status-publish","hentry"],"yoast_head":"<!-- This site is optimized with the Yoast SEO Premium plugin v27.4 (Yoast SEO v27.4) - https:\/\/yoast.com\/product\/yoast-seo-premium-wordpress\/ -->\n<title>City Commission Vacancy Group IV - City of Miami Beach<\/title>\n<meta name=\"description\" content=\"%\" \/>\n<meta name=\"robots\" content=\"index, follow, max-snippet:-1, max-image-preview:large, max-video-preview:-1\" \/>\n<link rel=\"canonical\" href=\"https:\/\/www.miamibeachfl.gov\/es\/city-hall\/city-clerk\/city-commission-vacancy-group-iv\/\" \/>\n<meta property=\"og:locale\" content=\"es_ES\" \/>\n<meta property=\"og:type\" content=\"article\" \/>\n<meta property=\"og:title\" content=\"City Commission Vacancy Group IV\" \/>\n<meta property=\"og:description\" content=\"%\" \/>\n<meta property=\"og:url\" content=\"https:\/\/www.miamibeachfl.gov\/es\/city-hall\/city-clerk\/city-commission-vacancy-group-iv\/\" \/>\n<meta property=\"og:site_name\" content=\"City of Miami Beach\" \/>\n<meta property=\"article:publisher\" content=\"https:\/\/www.facebook.com\/cityofmiamibeach\" \/>\n<meta property=\"article:modified_time\" content=\"2025-05-25T20:59:40+00:00\" \/>\n<meta property=\"og:image\" content=\"https:\/\/www.miamibeachfl.gov\/wp-content\/uploads\/2022\/07\/hero-small.jpg\" \/>\n<meta name=\"twitter:card\" content=\"summary_large_image\" \/>\n<meta name=\"twitter:site\" content=\"@Miamibeachnews\" \/>\n<script type=\"application\/ld+json\" class=\"yoast-schema-graph\">{\"@context\":\"https:\\\/\\\/schema.org\",\"@graph\":[{\"@type\":\"WebPage\",\"@id\":\"https:\\\/\\\/www.miamibeachfl.gov\\\/city-hall\\\/city-clerk\\\/city-commission-vacancy-group-iv\\\/\",\"url\":\"https:\\\/\\\/www.miamibeachfl.gov\\\/city-hall\\\/city-clerk\\\/city-commission-vacancy-group-iv\\\/\",\"name\":\"City Commission Vacancy Group IV - City of Miami Beach\",\"isPartOf\":{\"@id\":\"https:\\\/\\\/www.miamibeachfl.gov\\\/#website\"},\"primaryImageOfPage\":{\"@id\":\"https:\\\/\\\/www.miamibeachfl.gov\\\/city-hall\\\/city-clerk\\\/city-commission-vacancy-group-iv\\\/#primaryimage\"},\"image\":{\"@id\":\"https:\\\/\\\/www.miamibeachfl.gov\\\/city-hall\\\/city-clerk\\\/city-commission-vacancy-group-iv\\\/#primaryimage\"},\"thumbnailUrl\":\"https:\\\/\\\/www.miamibeachfl.gov\\\/wp-content\\\/uploads\\\/2022\\\/07\\\/hero-small.jpg\",\"datePublished\":\"2018-12-19T18:24:50+00:00\",\"dateModified\":\"2025-05-25T20:59:40+00:00\",\"description\":\"%\",\"breadcrumb\":{\"@id\":\"https:\\\/\\\/www.miamibeachfl.gov\\\/city-hall\\\/city-clerk\\\/city-commission-vacancy-group-iv\\\/#breadcrumb\"},\"inLanguage\":\"es\",\"potentialAction\":[{\"@type\":\"ReadAction\",\"target\":[\"https:\\\/\\\/www.miamibeachfl.gov\\\/city-hall\\\/city-clerk\\\/city-commission-vacancy-group-iv\\\/\"]}]},{\"@type\":\"ImageObject\",\"inLanguage\":\"es\",\"@id\":\"https:\\\/\\\/www.miamibeachfl.gov\\\/city-hall\\\/city-clerk\\\/city-commission-vacancy-group-iv\\\/#primaryimage\",\"url\":\"https:\\\/\\\/www.miamibeachfl.gov\\\/wp-content\\\/uploads\\\/2022\\\/07\\\/hero-small.jpg\",\"contentUrl\":\"https:\\\/\\\/www.miamibeachfl.gov\\\/wp-content\\\/uploads\\\/2022\\\/07\\\/hero-small.jpg\"},{\"@type\":\"BreadcrumbList\",\"@id\":\"https:\\\/\\\/www.miamibeachfl.gov\\\/city-hall\\\/city-clerk\\\/city-commission-vacancy-group-iv\\\/#breadcrumb\",\"itemListElement\":[{\"@type\":\"ListItem\",\"position\":1,\"name\":\"Home\",\"item\":\"https:\\\/\\\/www.miamibeachfl.gov\\\/\"},{\"@type\":\"ListItem\",\"position\":2,\"name\":\"City Hall\",\"item\":\"https:\\\/\\\/www.miamibeachfl.gov\\\/city-hall\\\/\"},{\"@type\":\"ListItem\",\"position\":3,\"name\":\"City Clerk\",\"item\":\"https:\\\/\\\/www.miamibeachfl.gov\\\/city-hall\\\/city-clerk\\\/\"},{\"@type\":\"ListItem\",\"position\":4,\"name\":\"City Commission Vacancy Group IV\"}]},{\"@type\":\"WebSite\",\"@id\":\"https:\\\/\\\/www.miamibeachfl.gov\\\/#website\",\"url\":\"https:\\\/\\\/www.miamibeachfl.gov\\\/\",\"name\":\"City of Miami Beach\",\"description\":\"The official website of the City of Miami Beach. Stay informed, find important information on city services, news, alerts, events, trolley routes, government employment and more.\",\"publisher\":{\"@id\":\"https:\\\/\\\/www.miamibeachfl.gov\\\/#organization\"},\"potentialAction\":[{\"@type\":\"SearchAction\",\"target\":{\"@type\":\"EntryPoint\",\"urlTemplate\":\"https:\\\/\\\/www.miamibeachfl.gov\\\/?s={search_term_string}\"},\"query-input\":{\"@type\":\"PropertyValueSpecification\",\"valueRequired\":true,\"valueName\":\"search_term_string\"}}],\"inLanguage\":\"es\"},{\"@type\":\"Organization\",\"@id\":\"https:\\\/\\\/www.miamibeachfl.gov\\\/#organization\",\"name\":\"City of Miami Beach\",\"url\":\"https:\\\/\\\/www.miamibeachfl.gov\\\/\",\"logo\":{\"@type\":\"ImageObject\",\"inLanguage\":\"es\",\"@id\":\"https:\\\/\\\/www.miamibeachfl.gov\\\/#\\\/schema\\\/logo\\\/image\\\/\",\"url\":\"https:\\\/\\\/www.miamibeachfl.gov\\\/wp-content\\\/uploads\\\/2022\\\/06\\\/miamibeach-logoblue.png\",\"contentUrl\":\"https:\\\/\\\/www.miamibeachfl.gov\\\/wp-content\\\/uploads\\\/2022\\\/06\\\/miamibeach-logoblue.png\",\"width\":1962,\"height\":381,\"caption\":\"City of Miami Beach\"},\"image\":{\"@id\":\"https:\\\/\\\/www.miamibeachfl.gov\\\/#\\\/schema\\\/logo\\\/image\\\/\"},\"sameAs\":[\"https:\\\/\\\/www.facebook.com\\\/cityofmiamibeach\",\"https:\\\/\\\/x.com\\\/Miamibeachnews\",\"https:\\\/\\\/www.instagram.com\\\/miamibeachnews\\\/\"],\"description\":\"The official website of the City of Miami Beach. Stay informed, find important information on city services, news, alerts, events, trolley routes, government employment and more.\",\"telephone\":\"305.604.CITY(2489)\",\"legalName\":\"City of Miami Beach\"}]}<\/script>\n<!-- \/ Yoast SEO Premium plugin. -->","yoast_head_json":{"title":"Grupo IV de vacantes de la Comisi\u00f3n Municipal - Ciudad de Miami Beach","description":"%","robots":{"index":"index","follow":"follow","max-snippet":"max-snippet:-1","max-image-preview":"max-image-preview:large","max-video-preview":"max-video-preview:-1"},"canonical":"https:\/\/www.miamibeachfl.gov\/es\/city-hall\/city-clerk\/city-commission-vacancy-group-iv\/","og_locale":"es_ES","og_type":"article","og_title":"City Commission Vacancy Group IV","og_description":"%","og_url":"https:\/\/www.miamibeachfl.gov\/es\/city-hall\/city-clerk\/city-commission-vacancy-group-iv\/","og_site_name":"City of Miami Beach","article_publisher":"https:\/\/www.facebook.com\/cityofmiamibeach","article_modified_time":"2025-05-25T20:59:40+00:00","og_image":[{"url":"https:\/\/www.miamibeachfl.gov\/wp-content\/uploads\/2022\/07\/hero-small.jpg","type":"","width":"","height":""}],"twitter_card":"summary_large_image","twitter_site":"@Miamibeachnews","schema":{"@context":"https:\/\/schema.org","@graph":[{"@type":"WebPage","@id":"https:\/\/www.miamibeachfl.gov\/city-hall\/city-clerk\/city-commission-vacancy-group-iv\/","url":"https:\/\/www.miamibeachfl.gov\/city-hall\/city-clerk\/city-commission-vacancy-group-iv\/","name":"Grupo IV de vacantes de la Comisi\u00f3n Municipal - Ciudad de Miami Beach","isPartOf":{"@id":"https:\/\/www.miamibeachfl.gov\/#website"},"primaryImageOfPage":{"@id":"https:\/\/www.miamibeachfl.gov\/city-hall\/city-clerk\/city-commission-vacancy-group-iv\/#primaryimage"},"image":{"@id":"https:\/\/www.miamibeachfl.gov\/city-hall\/city-clerk\/city-commission-vacancy-group-iv\/#primaryimage"},"thumbnailUrl":"https:\/\/www.miamibeachfl.gov\/wp-content\/uploads\/2022\/07\/hero-small.jpg","datePublished":"2018-12-19T18:24:50+00:00","dateModified":"2025-05-25T20:59:40+00:00","description":"%","breadcrumb":{"@id":"https:\/\/www.miamibeachfl.gov\/city-hall\/city-clerk\/city-commission-vacancy-group-iv\/#breadcrumb"},"inLanguage":"es","potentialAction":[{"@type":"ReadAction","target":["https:\/\/www.miamibeachfl.gov\/city-hall\/city-clerk\/city-commission-vacancy-group-iv\/"]}]},{"@type":"ImageObject","inLanguage":"es","@id":"https:\/\/www.miamibeachfl.gov\/city-hall\/city-clerk\/city-commission-vacancy-group-iv\/#primaryimage","url":"https:\/\/www.miamibeachfl.gov\/wp-content\/uploads\/2022\/07\/hero-small.jpg","contentUrl":"https:\/\/www.miamibeachfl.gov\/wp-content\/uploads\/2022\/07\/hero-small.jpg"},{"@type":"BreadcrumbList","@id":"https:\/\/www.miamibeachfl.gov\/city-hall\/city-clerk\/city-commission-vacancy-group-iv\/#breadcrumb","itemListElement":[{"@type":"ListItem","position":1,"name":"Home","item":"https:\/\/www.miamibeachfl.gov\/"},{"@type":"ListItem","position":2,"name":"City Hall","item":"https:\/\/www.miamibeachfl.gov\/city-hall\/"},{"@type":"ListItem","position":3,"name":"City Clerk","item":"https:\/\/www.miamibeachfl.gov\/city-hall\/city-clerk\/"},{"@type":"ListItem","position":4,"name":"City Commission Vacancy Group IV"}]},{"@type":"WebSite","@id":"https:\/\/www.miamibeachfl.gov\/#website","url":"https:\/\/www.miamibeachfl.gov\/","name":"Ciudad de Miami Beach","description":"Sitio web oficial de la Ciudad de Miami Beach. Mant\u00e9ngase informado, encuentre informaci\u00f3n importante sobre servicios municipales, noticias, alertas, eventos, rutas de tranv\u00edas, empleos gubernamentales y m\u00e1s.","publisher":{"@id":"https:\/\/www.miamibeachfl.gov\/#organization"},"potentialAction":[{"@type":"SearchAction","target":{"@type":"EntryPoint","urlTemplate":"https:\/\/www.miamibeachfl.gov\/?s={search_term_string}"},"query-input":{"@type":"PropertyValueSpecification","valueRequired":true,"valueName":"search_term_string"}}],"inLanguage":"es"},{"@type":"Organization","@id":"https:\/\/www.miamibeachfl.gov\/#organization","name":"Ciudad de Miami Beach","url":"https:\/\/www.miamibeachfl.gov\/","logo":{"@type":"ImageObject","inLanguage":"es","@id":"https:\/\/www.miamibeachfl.gov\/#\/schema\/logo\/image\/","url":"https:\/\/www.miamibeachfl.gov\/wp-content\/uploads\/2022\/06\/miamibeach-logoblue.png","contentUrl":"https:\/\/www.miamibeachfl.gov\/wp-content\/uploads\/2022\/06\/miamibeach-logoblue.png","width":1962,"height":381,"caption":"City of Miami Beach"},"image":{"@id":"https:\/\/www.miamibeachfl.gov\/#\/schema\/logo\/image\/"},"sameAs":["https:\/\/www.facebook.com\/cityofmiamibeach","https:\/\/x.com\/Miamibeachnews","https:\/\/www.instagram.com\/miamibeachnews\/"],"description":"Sitio web oficial de la Ciudad de Miami Beach. Mant\u00e9ngase informado, encuentre informaci\u00f3n importante sobre servicios municipales, noticias, alertas, eventos, rutas de tranv\u00edas, empleos gubernamentales y m\u00e1s.","telephone":"305.604.CITY(2489)","legalName":"City of Miami Beach"}]}},"_links":{"self":[{"href":"https:\/\/www.miamibeachfl.gov\/es\/wp-json\/wp\/v2\/pages\/90833","targetHints":{"allow":["GET"]}}],"collection":[{"href":"https:\/\/www.miamibeachfl.gov\/es\/wp-json\/wp\/v2\/pages"}],"about":[{"href":"https:\/\/www.miamibeachfl.gov\/es\/wp-json\/wp\/v2\/types\/page"}],"author":[{"embeddable":true,"href":"https:\/\/www.miamibeachfl.gov\/es\/wp-json\/wp\/v2\/users\/222"}],"replies":[{"embeddable":true,"href":"https:\/\/www.miamibeachfl.gov\/es\/wp-json\/wp\/v2\/comments?post=90833"}],"version-history":[{"count":0,"href":"https:\/\/www.miamibeachfl.gov\/es\/wp-json\/wp\/v2\/pages\/90833\/revisions"}],"up":[{"embeddable":true,"href":"https:\/\/www.miamibeachfl.gov\/es\/wp-json\/wp\/v2\/pages\/28337"}],"wp:attachment":[{"href":"https:\/\/www.miamibeachfl.gov\/es\/wp-json\/wp\/v2\/media?parent=90833"}],"wp:term":[{"taxonomy":"category","embeddable":true,"href":"https:\/\/www.miamibeachfl.gov\/es\/wp-json\/wp\/v2\/categories?post=90833"},{"taxonomy":"post_tag","embeddable":true,"href":"https:\/\/www.miamibeachfl.gov\/es\/wp-json\/wp\/v2\/tags?post=90833"}],"curies":[{"name":"gracias","href":"https:\/\/api.w.org\/{rel}","templated":true}]}}