{"id":111227,"date":"2019-07-30T16:37:56","date_gmt":"2019-07-30T20:37:56","guid":{"rendered":"http:\/\/www.miamibeachfl.gov\/city-hall\/city-clerk\/election-information\/cmb_election\/election-related-resolutions\/"},"modified":"2025-02-23T14:29:03","modified_gmt":"2025-02-23T19:29:03","slug":"election-related-resolutions","status":"publish","type":"page","link":"https:\/\/www.miamibeachfl.gov\/fr\/city-hall\/city-clerk\/election-information\/cmb_election\/election-related-resolutions\/","title":{"rendered":"R\u00e9solutions relatives aux \u00e9lections"},"content":{"rendered":"<img loading=\"lazy\" decoding=\"async\" src=\"https:\/\/www.miamibeachfl.gov\/wp-content\/uploads\/2022\/07\/hero-small.jpg\" alt=\"ocean drive art deco buildings\" itemprop=\"image\" height=\"211\" width=\"2395\" title=\"petit h\u00e9ros\" onerror=\"this.style.display='none'\"  \/>\n<h1>\n\t\tR\u00e9solutions relatives aux \u00e9lections\n\t<\/h1>\n\t<nav id=\"breadcrumbs\" aria-label=\"Fil d&#039;Ariane\"><a href=\"https:\/\/www.miamibeachfl.gov\/fr\/\">Maison<\/a> &gt; <a href=\"https:\/\/www.miamibeachfl.gov\/fr\/city-hall\/\">l&#039;h\u00f4tel de ville<\/a> &gt; <a href=\"https:\/\/www.miamibeachfl.gov\/fr\/city-hall\/city-clerk\/\">greffier de la ville<\/a> &gt; <a href=\"https:\/\/www.miamibeachfl.gov\/fr\/city-hall\/city-clerk\/election-information\/\">Informations \u00e9lectorales<\/a> &gt; <a href=\"https:\/\/www.miamibeachfl.gov\/fr\/city-hall\/city-clerk\/election-information\/cmb_election\/\">Informations 2019<\/a> &gt; <strong>R\u00e9solutions relatives aux \u00e9lections<\/strong><\/nav>\n\t<ul>\n<li><a href=\"http:\/\/www.miamibeachfl.gov\/wp-content\/uploads\/2019\/07\/Resolution-2019-30895.pdf\">R\u00e9solution n\u00b0 2019-30895<\/a><br \/>\nR\u00c9SOLUTION DU MAIRE ET DE LA COMMISSION MUNICIPALE DE LA VILLE DE MIAMI BEACH, FLORIDE, DEMANDANT LA TENUE D&#039;UNE \u00c9LECTION G\u00c9N\u00c9RALE LE 5 NOVEMBRE 2019 DANS LA VILLE DE MIAMI BEACH AFIN D&#039;\u00c9LIRE UN MAIRE ET TROIS COMMISSAIRES MUNICIPAUX (GROUPES IV, V ET VI) ; PR\u00c9VOYANT EN OUTRE LA TENUE D&#039;UN SECOND TOUR, SI N\u00c9CESSAIRE, LE 19 NOVEMBRE 2019 ; PR\u00c9VOYANT LA CONDUITE DE CES \u00c9LECTIONS PAR LE D\u00c9PARTEMENT DES \u00c9LECTIONS DU COMT\u00c9 DE MIAMI-DADE ; PR\u00c9VOYANT QUE LES BUREAUX DE VOTE POUR CES \u00c9LECTIONS SERONT CEUX \u00c9TABLIS PAR LE COMT\u00c9 DE MIAMI-DADE ; PR\u00c9VOYANT L&#039;AVIS DE CES \u00c9LECTIONS ; PR\u00c9VOYANT LES FORMES DE BULLETIN DE VOTE ET D&#039;ENREGISTREMENT DES \u00c9LECTEURS CONFORM\u00c9MENT \u00c0 LA LOI DE L&#039;\u00c9TAT ; ET PR\u00c9VOYANT LE PAIEMENT POUR LA CONDUITE DES \u00c9LECTIONS DANS LE COMT\u00c9 DE MIAMI-DADE.<\/li>\n<li><a href=\"http:\/\/www.miamibeachfl.gov\/wp-content\/uploads\/2019\/07\/Resolution-2019-30896.pdf\">R\u00e9solution n\u00b0 2019-30896<\/a><br \/>\nUNE R\u00c9SOLUTION DU MAIRE ET DE LA COMMISSION MUNICIPALE DE LA VILLE DE MIAMI BEACH, FLORIDE, AUTORISANT LE VOTE ANTICIP\u00c9 POUR L&#039;\u00c9LECTION G\u00c9N\u00c9RALE DE LA VILLE DE MIAMI BEACH DU 5 NOVEMBRE 2019, L&#039;\u00c9LECTION SP\u00c9CIALE ET, SI N\u00c9CESSAIRE, UN SECOND TOUR DU 19 NOVEMBRE 2019.<\/li>\n<li><a href=\"http:\/\/www.miamibeachfl.gov\/wp-content\/uploads\/2019\/08\/Resolution-2019-30897.pdf\">R\u00e9solution n\u00b0 2019-30897<\/a><br \/>\nUNE R\u00c9SOLUTION DU MAIRE ET DE LA COMMISSION MUNICIPALE DE LA VILLE DE MIAMI BEACH, FLORIDE, AUTORISANT L&#039;ADMINISTRATION \u00c0 VID\u00c9O - ENREGISTRER ET DIFFUSER SUR MBTV LES PR\u00c9SENTATIONS VID\u00c9O DES CANDIDATS DU MAIRE ET DES GROUPES IV, V ET VI DE LA COMMISSION POUR L&#039;\u00c9LECTION G\u00c9N\u00c9RALE DU 5 NOVEMBRE 2019.<\/li>\n<li><a href=\"http:\/\/www.miamibeachfl.gov\/wp-content\/uploads\/2019\/08\/Resolution-2019-30898.pdf\">R\u00e9solution n\u00b0 2019-30898<\/a><br \/>\nUNE R\u00c9SOLUTION DU MAIRE ET DE LA COMMISSION MUNICIPALE DE LA VILLE DE MIAMI BEACH, FLORIDE, APPROUVANT UNE D\u00c9PENSE DE FONDS BUDG\u00c9TIS\u00c9S EN MONTANTS RAISONNABLES ET N\u00c9CESSAIRES \u00c0 DES FINS PUBLIQUES D&#039;INFORMATION ET D&#039;\u00c9DUCATION DES \u00c9LECTEURS DE LA VILLE DE MIAMI BEACH CONCERNANT LES QUESTIONS DE VOTE SUR LE BULLETIN DE VOTE \u00c9LECTORAL SP\u00c9CIAL DE LA VILLE DU 5 NOVEMBRE 2019 AFIN DE PARVENIR \u00c0 UN VOTE \u00c9LECTORAL PLUS \u00c9CLAIR\u00c9.<\/li>\n<li><a href=\"http:\/\/www.miamibeachfl.gov\/wp-content\/uploads\/2019\/10\/Resolution-2019-30899.pdf\">R\u00e9solution n\u00b0 2019-30899<\/a><br \/>\nFran\u00e7ais UNE R\u00c9SOLUTION DU MAIRE ET DE LA COMMISSION MUNICIPALE DE LA VILLE DE MIAMI BEACH, FLORIDE, DEMANDANT UNE \u00c9LECTION SP\u00c9CIALE LE 5 NOVEMBRE 2019, DANS LE BUT DE SOUMETTRE \u00c0 L&#039;\u00c9LECTORAT DE LA VILLE DE MIAMI BEACH, FLORIDE, UNE QUESTION DEMANDANT SI, \u00c0 COMPTER DE L&#039;\u00c9LECTION G\u00c9N\u00c9RALE DE LA VILLE DE NOVEMBRE 2021, LES ARTICLES 2. 01 ET 2. 02 DE LA CHARTE DE LA VILLE DEVRAIENT \u00caTRE MODIFI\u00c9S POUR : AUGMENTER LE MANDAT DU MAIRE DE DEUX \u00c0 QUATRE ANS ; MODIFIER LA LIMITE DU MANDAT DU MAIRE DE TROIS MANDATS DE DEUX ANS \u00c0 DEUX MANDATS DE QUATRE ANS ; CONSERVER LES DISPOSITIONS R\u00c9TROACTIVES DE MESURE ET DE CALCUL DE LA CHARTE ; ET INTERDIT AUX PERSONNES D&#039;EXERCER LE FONCTIONNEMENT DE MAIRE PENDANT PLUS DE HUIT ANS (P\u00c9RIODE COMPRENANT LES ANN\u00c9ES PR\u00c9C\u00c9DEMMENT EXERC\u00c9ES EN TANT QUE MAIRE), SAUF POUR TERMINER UN MANDAT DONT LA MOITI\u00c9 A \u00c9T\u00c9 EFFECTU\u00c9E.<\/li>\n<li><a href=\"http:\/\/www.miamibeachfl.gov\/wp-content\/uploads\/2019\/10\/Resolution-2019-30900.pdf\">R\u00e9solution n\u00b0 2019-30900<\/a><br \/>\nUNE R\u00c9SOLUTION DU MAIRE ET DE LA COMMISSION MUNICIPALE DE LA VILLE DE MIAMI BEACH, FLORIDE, DEMANDANT UNE \u00c9LECTION SP\u00c9CIALE LE 5 NOVEMBRE 2019, DANS LE BUT DE SOUMETTRE \u00c0 L&#039;\u00c9LECTORAT DE LA VILLE DE MIAMI BEACH, FLORIDE, UNE QUESTION DEMANDANT SI, \u00c0 COMPTER DES \u00c9LECTIONS G\u00c9N\u00c9RALES DE LA VILLE DE NOVEMBRE 2021, L&#039;ARTICLE 2.02 DE LA CHARTE DE LA VILLE DEVRAIT \u00caTRE MODIFI\u00c9 POUR AUGMENTER LA R\u00c9MUN\u00c9RATION ANNUELLE DU MAIRE ET DES COMMISSAIRES DE LA VILLE,<br \/>\nCES COMPENSATIONS SERONT AUGMENT\u00c9ES ANNUELLEMENT EN FONCTION DE L&#039;INDICE DES PRIX \u00c0 LA CONSOMMATION, SANS D\u00c9PASSER TROIS POUR CENT PAR AN.<\/li>\n<li><a href=\"http:\/\/www.miamibeachfl.gov\/wp-content\/uploads\/2019\/10\/Resolution-2019-30901.pdf\">R\u00e9solution n\u00b0 2019-30901<\/a><br \/>\nUNE R\u00c9SOLUTION DU MAIRE ET DE LA COMMISSION MUNICIPALE DE LA VILLE DE MIAMI BEACH, FLORIDE, DEMANDANT UNE \u00c9LECTION SP\u00c9CIALE \u00c0 LA VILLE DE MIAMI BEACH LE 5 NOVEMBRE 2019, DANS LE BUT DE SOUMETTRE \u00c0 L&#039;\u00c9LECTORAT DE LA VILLE DE MIAMI BEACH UNE QUESTION DEMANDANT SI L&#039;ARTICLE 2.07 DE LA CHARTE DE LA VILLE, QUI \u00c9TABLIT LES PROC\u00c9DURES DE REMPLISSAGE DES POSTES VACANTS AU SEIN DE LA COMMISSION MUNICIPALE, DEVRAIT \u00caTRE MODIFI\u00c9 AFIN DE CR\u00c9ER DES PROC\u00c9DURES DE REMPLISSAGE D&#039;UN POSTE VACANT CAUS\u00c9 PAR LA D\u00c9MISSION D&#039;UN MEMBRE DE LA COMMISSION MUNICIPALE, DE PR\u00c9CISER QU&#039;EN CAS DE VACANCE, LA COMMISSION N&#039;EST PAS TENUE DE NOMMER QUELQU&#039;UN POUR REMPLIR LE POSTE VACANT, MAIS DOIT PLUT\u00d4T D\u00c9CIDER DE NOMMER OU DE PROGRAMMER UNE \u00c9LECTION, ET D&#039;\u00c9TABLIR LE CALENDRIER DES NOMINATIONS<br \/>\nET LES \u00c9LECTIONS, AVEC D\u2019AUTRES DISPOSITIONS CONNEXES AUX \u00c9LECTIONS \u00c0 \u00c9TABLIR DANS LA R\u00c9SOLUTION DE LA VILLE PLANIFIANT LADITE \u00c9LECTION.<\/li>\n<li><a href=\"http:\/\/www.miamibeachfl.gov\/wp-content\/uploads\/2019\/10\/Resolution-2019-30902.pdf\">R\u00e9solution n\u00b0 2019-30902<\/a><br \/>\nUNE R\u00c9SOLUTION DU MAIRE ET DE LA COMMISSION MUNICIPALE DE LA VILLE DE MIAMI BEACH, FLORIDE, DEMANDANT UNE \u00c9LECTION SP\u00c9CIALE LE 5 NOVEMBRE 2019, DANS LE BUT DE SOUMETTRE \u00c0 L&#039;\u00c9LECTORAT DE LA VILLE DE MIAMI BEACH, FLORIDE, UNE QUESTION DE VOTE DEMANDANT SI LE CENTRE DE CONGR\u00c8S PRINCIPAL<br \/>\nPARC \/P -LOT (SITU\u00c9 G\u00c9N\u00c9RALEMENT \u00c0 L&#039;OUEST DE CONVENTION CENTER DRIVE, \u00c0 L&#039;EST DE MERIDIAN AVENUE ET ENTRE LES 18E ET 19E RUES) SERA NOMM\u00c9<br \/>\nPARC DE LA FIERT\u00c9 \u00ab ?<\/li>\n<li><a href=\"http:\/\/www.miamibeachfl.gov\/wp-content\/uploads\/2019\/10\/Resolution-2019-30903.pdf\">R\u00e9solution n\u00b0 2019-30903<\/a><br \/>\nUNE R\u00c9SOLUTION DU MAIRE ET DE LA COMMISSION MUNICIPALE DE LA VILLE DE MIAMI BEACH, FLORIDE, DEMANDANT UNE \u00c9LECTION SP\u00c9CIALE LE 5 NOVEMBRE 2019, DANS LE BUT DE SOUMETTRE \u00c0 L&#039;\u00c9LECTORAT DE LA VILLE DE MIAMI BEACH, FLORIDE, UNE QUESTION DE VOTE DEMANDANT SI LA COMMISSION MUNICIPALE DOIT ADOPTER UNE ORDONNANCE AUTORISANT L&#039;UTILISATION D&#039;UNE NOUVELLE SURFACE DE PLANCHER DANS LES B\u00c2TIMENTS HISTORIQUES POUR LA R\u00c9UTILISATION ADAPTATIVE DE CES B\u00c2TIMENTS.<\/li>\n<li><a href=\"http:\/\/www.miamibeachfl.gov\/wp-content\/uploads\/2019\/10\/Resolution-2019-30904.pdf\">R\u00e9solution n\u00b0 2019-30904<\/a><br \/>\nUNE R\u00c9SOLUTION DU MAIRE ET DE LA COMMISSION MUNICIPALE DE LA VILLE DE MIAMI BEACH, FLORIDE, DEMANDANT UNE \u00c9LECTION SP\u00c9CIALE LE 5 NOVEMBRE 2019, DANS LE BUT DE SOUMETTRE \u00c0 L&#039;\u00c9LECTORAT DE LA VILLE DE MIAMI BEACH, FLORIDE, UNE QUESTION DE VOTE DEMANDANT SI LA COMMISSION MUNICIPALE DOIT ADOPTER UNE ORDONNANCE AUGMENTANT LE RATIO DE SURFACE DE PLANCHER MAXIMUM \u00c0 2,0 POUR LES B\u00c2TIMENTS DU DISTRICT CD -2, LE LONG DE WASHINGTON AVENUE ET ALTON ROAD, QUI CONTIENNENT DES USAGES DE BUREAUX.<\/li>\n<li><a href=\"http:\/\/www.miamibeachfl.gov\/wp-content\/uploads\/2019\/11\/Resolution-2019-31077.pdf\">R\u00e9solution n\u00b0 2019-31077<\/a><br \/>\nUNE R\u00c9SOLUTION DU MAIRE ET DE LA COMMISSION MUNICIPALE DE LA VILLE DE MIAMI BEACH, FLORIDE, MODIFIANT LA R\u00c9SOLUTION N\u00b0 2019-30896 DE LA VILLE DE MIAMI BEACH DANS LE BUT LIMIT\u00c9 D&#039;AUTORISER LE VENDREDI 15 NOVEMBRE 2019 COMME JOUR SUPPL\u00c9MENTAIRE DE VOTE ANTICIP\u00c9 POUR LE SECOND TOUR DES \u00c9LECTIONS DE LA VILLE DE MIAMI BEACH DU 19 NOVEMBRE 2019.<\/li>\n<\/ul>\n\t\t\t<a href=\"https:\/\/www.miamibeachfl.gov\/fr\/city-hall\/city-clerk\/election-information\/cmb_election\/election-related-resolutions\/\" target=\"_self\" rel=\"noopener\">\n\t\t\t\t\t\t\tR\u00e9solutions relatives aux \u00e9lections\n\t\t\t\t\t<\/a>\n\t<div class=\"page-navigation\"><a class=\"prev-page\" href=\"https:\/\/www.miamibeachfl.gov\/fr\/race2trace\/\">\u2190 race2trace<\/a> <a class=\"next-page\" href=\"https:\/\/www.miamibeachfl.gov\/fr\/city-hall\/customer-service-center\/wait-times\/\">Temps d&#039;attente \u2192<\/a><\/div>","protected":false},"excerpt":{"rendered":"<p>Election Related Resolutions Home &gt; City Hall &gt; City Clerk &gt; Election Information &gt; 2019 Information &gt; Election Related Resolutions [&hellip;]<\/p>\n","protected":false},"author":222,"featured_media":0,"parent":88833,"menu_order":111,"comment_status":"closed","ping_status":"closed","template":"page-blank.php","meta":{"_searchwp_excluded":"","site-sidebar-layout":"default","site-content-layout":"","ast-site-content-layout":"default","site-content-style":"default","site-sidebar-style":"default","ast-global-header-display":"","ast-banner-title-visibility":"","ast-main-header-display":"","ast-hfb-above-header-display":"","ast-hfb-below-header-display":"","ast-hfb-mobile-header-display":"","site-post-title":"","ast-breadcrumbs-content":"","ast-featured-img":"","footer-sml-layout":"","theme-transparent-header-meta":"","adv-header-id-meta":"","stick-header-meta":"","header-above-stick-meta":"","header-main-stick-meta":"","header-below-stick-meta":"","astra-migrate-meta-layouts":"default","ast-page-background-enabled":"default","ast-page-background-meta":{"desktop":{"background-color":"var(--ast-global-color-5)","background-image":"","background-repeat":"repeat","background-position":"center center","background-size":"auto","background-attachment":"scroll","background-type":"","background-media":"","overlay-type":"","overlay-color":"","overlay-opacity":"","overlay-gradient":""},"tablet":{"background-color":"","background-image":"","background-repeat":"repeat","background-position":"center center","background-size":"auto","background-attachment":"scroll","background-type":"","background-media":"","overlay-type":"","overlay-color":"","overlay-opacity":"","overlay-gradient":""},"mobile":{"background-color":"","background-image":"","background-repeat":"repeat","background-position":"center center","background-size":"auto","background-attachment":"scroll","background-type":"","background-media":"","overlay-type":"","overlay-color":"","overlay-opacity":"","overlay-gradient":""}},"ast-content-background-meta":{"desktop":{"background-color":"var(--ast-global-color-4)","background-image":"","background-repeat":"repeat","background-position":"center center","background-size":"auto","background-attachment":"scroll","background-type":"","background-media":"","overlay-type":"","overlay-color":"","overlay-opacity":"","overlay-gradient":""},"tablet":{"background-color":"var(--ast-global-color-4)","background-image":"","background-repeat":"repeat","background-position":"center center","background-size":"auto","background-attachment":"scroll","background-type":"","background-media":"","overlay-type":"","overlay-color":"","overlay-opacity":"","overlay-gradient":""},"mobile":{"background-color":"var(--ast-global-color-4)","background-image":"","background-repeat":"repeat","background-position":"center center","background-size":"auto","background-attachment":"scroll","background-type":"","background-media":"","overlay-type":"","overlay-color":"","overlay-opacity":"","overlay-gradient":""}},"footnotes":""},"categories":[],"tags":[],"class_list":["post-111227","page","type-page","status-publish","hentry"],"yoast_head":"<!-- This site is optimized with the Yoast SEO Premium plugin v26.6 (Yoast SEO v26.6) - https:\/\/yoast.com\/wordpress\/plugins\/seo\/ -->\n<title>Election Related Resolutions - City of Miami Beach<\/title>\n<meta name=\"description\" content=\"%\" \/>\n<meta name=\"robots\" content=\"index, follow, max-snippet:-1, max-image-preview:large, max-video-preview:-1\" \/>\n<link rel=\"canonical\" href=\"https:\/\/www.miamibeachfl.gov\/fr\/city-hall\/city-clerk\/election-information\/cmb_election\/election-related-resolutions\/\" \/>\n<meta property=\"og:locale\" content=\"fr_FR\" \/>\n<meta property=\"og:type\" content=\"article\" \/>\n<meta property=\"og:title\" content=\"Election Related Resolutions\" \/>\n<meta property=\"og:description\" content=\"%\" \/>\n<meta property=\"og:url\" content=\"https:\/\/www.miamibeachfl.gov\/fr\/city-hall\/city-clerk\/election-information\/cmb_election\/election-related-resolutions\/\" \/>\n<meta property=\"og:site_name\" content=\"City of Miami Beach\" \/>\n<meta property=\"article:publisher\" content=\"https:\/\/www.facebook.com\/cityofmiamibeach\" \/>\n<meta property=\"article:modified_time\" content=\"2025-02-23T19:29:03+00:00\" \/>\n<meta property=\"og:image\" content=\"https:\/\/www.miamibeachfl.gov\/wp-content\/uploads\/2022\/07\/hero-small.jpg\" \/>\n<meta name=\"twitter:card\" content=\"summary_large_image\" \/>\n<meta name=\"twitter:site\" content=\"@Miamibeachnews\" \/>\n<script type=\"application\/ld+json\" class=\"yoast-schema-graph\">{\"@context\":\"https:\/\/schema.org\",\"@graph\":[{\"@type\":\"WebPage\",\"@id\":\"https:\/\/www.miamibeachfl.gov\/city-hall\/city-clerk\/election-information\/cmb_election\/election-related-resolutions\/\",\"url\":\"https:\/\/www.miamibeachfl.gov\/city-hall\/city-clerk\/election-information\/cmb_election\/election-related-resolutions\/\",\"name\":\"Election Related Resolutions - City of Miami Beach\",\"isPartOf\":{\"@id\":\"https:\/\/www.miamibeachfl.gov\/#website\"},\"primaryImageOfPage\":{\"@id\":\"https:\/\/www.miamibeachfl.gov\/city-hall\/city-clerk\/election-information\/cmb_election\/election-related-resolutions\/#primaryimage\"},\"image\":{\"@id\":\"https:\/\/www.miamibeachfl.gov\/city-hall\/city-clerk\/election-information\/cmb_election\/election-related-resolutions\/#primaryimage\"},\"thumbnailUrl\":\"https:\/\/www.miamibeachfl.gov\/wp-content\/uploads\/2022\/07\/hero-small.jpg\",\"datePublished\":\"2019-07-30T20:37:56+00:00\",\"dateModified\":\"2025-02-23T19:29:03+00:00\",\"description\":\"%\",\"breadcrumb\":{\"@id\":\"https:\/\/www.miamibeachfl.gov\/city-hall\/city-clerk\/election-information\/cmb_election\/election-related-resolutions\/#breadcrumb\"},\"inLanguage\":\"fr-FR\",\"potentialAction\":[{\"@type\":\"ReadAction\",\"target\":[\"https:\/\/www.miamibeachfl.gov\/city-hall\/city-clerk\/election-information\/cmb_election\/election-related-resolutions\/\"]}]},{\"@type\":\"ImageObject\",\"inLanguage\":\"fr-FR\",\"@id\":\"https:\/\/www.miamibeachfl.gov\/city-hall\/city-clerk\/election-information\/cmb_election\/election-related-resolutions\/#primaryimage\",\"url\":\"https:\/\/www.miamibeachfl.gov\/wp-content\/uploads\/2022\/07\/hero-small.jpg\",\"contentUrl\":\"https:\/\/www.miamibeachfl.gov\/wp-content\/uploads\/2022\/07\/hero-small.jpg\"},{\"@type\":\"BreadcrumbList\",\"@id\":\"https:\/\/www.miamibeachfl.gov\/city-hall\/city-clerk\/election-information\/cmb_election\/election-related-resolutions\/#breadcrumb\",\"itemListElement\":[{\"@type\":\"ListItem\",\"position\":1,\"name\":\"Home\",\"item\":\"https:\/\/www.miamibeachfl.gov\/\"},{\"@type\":\"ListItem\",\"position\":2,\"name\":\"City Hall\",\"item\":\"https:\/\/www.miamibeachfl.gov\/city-hall\/\"},{\"@type\":\"ListItem\",\"position\":3,\"name\":\"City Clerk\",\"item\":\"https:\/\/www.miamibeachfl.gov\/city-hall\/city-clerk\/\"},{\"@type\":\"ListItem\",\"position\":4,\"name\":\"Election Information\",\"item\":\"https:\/\/www.miamibeachfl.gov\/city-hall\/city-clerk\/election-information\/\"},{\"@type\":\"ListItem\",\"position\":5,\"name\":\"2019 Information\",\"item\":\"https:\/\/www.miamibeachfl.gov\/city-hall\/city-clerk\/election-information\/cmb_election\/\"},{\"@type\":\"ListItem\",\"position\":6,\"name\":\"Election Related Resolutions\"}]},{\"@type\":\"WebSite\",\"@id\":\"https:\/\/www.miamibeachfl.gov\/#website\",\"url\":\"https:\/\/www.miamibeachfl.gov\/\",\"name\":\"City of Miami Beach\",\"description\":\"The official website of the City of Miami Beach. Stay informed, find important information on city services, news, alerts, events, trolley routes, government employment and more.\",\"publisher\":{\"@id\":\"https:\/\/www.miamibeachfl.gov\/#organization\"},\"potentialAction\":[{\"@type\":\"SearchAction\",\"target\":{\"@type\":\"EntryPoint\",\"urlTemplate\":\"https:\/\/www.miamibeachfl.gov\/?s={search_term_string}\"},\"query-input\":{\"@type\":\"PropertyValueSpecification\",\"valueRequired\":true,\"valueName\":\"search_term_string\"}}],\"inLanguage\":\"fr-FR\"},{\"@type\":\"Organization\",\"@id\":\"https:\/\/www.miamibeachfl.gov\/#organization\",\"name\":\"City of Miami Beach\",\"url\":\"https:\/\/www.miamibeachfl.gov\/\",\"logo\":{\"@type\":\"ImageObject\",\"inLanguage\":\"fr-FR\",\"@id\":\"https:\/\/www.miamibeachfl.gov\/#\/schema\/logo\/image\/\",\"url\":\"https:\/\/www.miamibeachfl.gov\/wp-content\/uploads\/2022\/06\/miamibeach-logoblue.png\",\"contentUrl\":\"https:\/\/www.miamibeachfl.gov\/wp-content\/uploads\/2022\/06\/miamibeach-logoblue.png\",\"width\":1962,\"height\":381,\"caption\":\"City of Miami Beach\"},\"image\":{\"@id\":\"https:\/\/www.miamibeachfl.gov\/#\/schema\/logo\/image\/\"},\"sameAs\":[\"https:\/\/www.facebook.com\/cityofmiamibeach\",\"https:\/\/x.com\/Miamibeachnews\",\"https:\/\/www.instagram.com\/miamibeachnews\/\"],\"description\":\"The official website of the City of Miami Beach. Stay informed, find important information on city services, news, alerts, events, trolley routes, government employment and more.\",\"telephone\":\"305.604.CITY(2489)\",\"legalName\":\"City of Miami Beach\"}]}<\/script>\n<!-- \/ Yoast SEO Premium plugin. -->","yoast_head_json":{"title":"R\u00e9solutions \u00e9lectorales \u2013 Ville de Miami Beach","description":"%","robots":{"index":"index","follow":"follow","max-snippet":"max-snippet:-1","max-image-preview":"max-image-preview:large","max-video-preview":"max-video-preview:-1"},"canonical":"https:\/\/www.miamibeachfl.gov\/fr\/city-hall\/city-clerk\/election-information\/cmb_election\/election-related-resolutions\/","og_locale":"fr_FR","og_type":"article","og_title":"Election Related Resolutions","og_description":"%","og_url":"https:\/\/www.miamibeachfl.gov\/fr\/city-hall\/city-clerk\/election-information\/cmb_election\/election-related-resolutions\/","og_site_name":"City of Miami Beach","article_publisher":"https:\/\/www.facebook.com\/cityofmiamibeach","article_modified_time":"2025-02-23T19:29:03+00:00","og_image":[{"url":"https:\/\/www.miamibeachfl.gov\/wp-content\/uploads\/2022\/07\/hero-small.jpg","type":"","width":"","height":""}],"twitter_card":"summary_large_image","twitter_site":"@Miamibeachnews","schema":{"@context":"https:\/\/schema.org","@graph":[{"@type":"WebPage","@id":"https:\/\/www.miamibeachfl.gov\/city-hall\/city-clerk\/election-information\/cmb_election\/election-related-resolutions\/","url":"https:\/\/www.miamibeachfl.gov\/city-hall\/city-clerk\/election-information\/cmb_election\/election-related-resolutions\/","name":"R\u00e9solutions \u00e9lectorales \u2013 Ville de Miami Beach","isPartOf":{"@id":"https:\/\/www.miamibeachfl.gov\/#website"},"primaryImageOfPage":{"@id":"https:\/\/www.miamibeachfl.gov\/city-hall\/city-clerk\/election-information\/cmb_election\/election-related-resolutions\/#primaryimage"},"image":{"@id":"https:\/\/www.miamibeachfl.gov\/city-hall\/city-clerk\/election-information\/cmb_election\/election-related-resolutions\/#primaryimage"},"thumbnailUrl":"https:\/\/www.miamibeachfl.gov\/wp-content\/uploads\/2022\/07\/hero-small.jpg","datePublished":"2019-07-30T20:37:56+00:00","dateModified":"2025-02-23T19:29:03+00:00","description":"%","breadcrumb":{"@id":"https:\/\/www.miamibeachfl.gov\/city-hall\/city-clerk\/election-information\/cmb_election\/election-related-resolutions\/#breadcrumb"},"inLanguage":"fr-FR","potentialAction":[{"@type":"ReadAction","target":["https:\/\/www.miamibeachfl.gov\/city-hall\/city-clerk\/election-information\/cmb_election\/election-related-resolutions\/"]}]},{"@type":"ImageObject","inLanguage":"fr-FR","@id":"https:\/\/www.miamibeachfl.gov\/city-hall\/city-clerk\/election-information\/cmb_election\/election-related-resolutions\/#primaryimage","url":"https:\/\/www.miamibeachfl.gov\/wp-content\/uploads\/2022\/07\/hero-small.jpg","contentUrl":"https:\/\/www.miamibeachfl.gov\/wp-content\/uploads\/2022\/07\/hero-small.jpg"},{"@type":"BreadcrumbList","@id":"https:\/\/www.miamibeachfl.gov\/city-hall\/city-clerk\/election-information\/cmb_election\/election-related-resolutions\/#breadcrumb","itemListElement":[{"@type":"ListItem","position":1,"name":"Home","item":"https:\/\/www.miamibeachfl.gov\/"},{"@type":"ListItem","position":2,"name":"City Hall","item":"https:\/\/www.miamibeachfl.gov\/city-hall\/"},{"@type":"ListItem","position":3,"name":"City Clerk","item":"https:\/\/www.miamibeachfl.gov\/city-hall\/city-clerk\/"},{"@type":"ListItem","position":4,"name":"Election Information","item":"https:\/\/www.miamibeachfl.gov\/city-hall\/city-clerk\/election-information\/"},{"@type":"ListItem","position":5,"name":"2019 Information","item":"https:\/\/www.miamibeachfl.gov\/city-hall\/city-clerk\/election-information\/cmb_election\/"},{"@type":"ListItem","position":6,"name":"Election Related Resolutions"}]},{"@type":"WebSite","@id":"https:\/\/www.miamibeachfl.gov\/#website","url":"https:\/\/www.miamibeachfl.gov\/","name":"Ville de Miami Beach","description":"Site officiel de la ville de Miami Beach. Restez inform\u00e9 et trouvez des informations importantes sur les services municipaux, les actualit\u00e9s, les alertes, les \u00e9v\u00e9nements, les itin\u00e9raires de tramway, les emplois gouvernementaux et bien plus encore.","publisher":{"@id":"https:\/\/www.miamibeachfl.gov\/#organization"},"potentialAction":[{"@type":"SearchAction","target":{"@type":"EntryPoint","urlTemplate":"https:\/\/www.miamibeachfl.gov\/?s={search_term_string}"},"query-input":{"@type":"PropertyValueSpecification","valueRequired":true,"valueName":"search_term_string"}}],"inLanguage":"fr-FR"},{"@type":"Organization","@id":"https:\/\/www.miamibeachfl.gov\/#organization","name":"Ville de Miami Beach","url":"https:\/\/www.miamibeachfl.gov\/","logo":{"@type":"ImageObject","inLanguage":"fr-FR","@id":"https:\/\/www.miamibeachfl.gov\/#\/schema\/logo\/image\/","url":"https:\/\/www.miamibeachfl.gov\/wp-content\/uploads\/2022\/06\/miamibeach-logoblue.png","contentUrl":"https:\/\/www.miamibeachfl.gov\/wp-content\/uploads\/2022\/06\/miamibeach-logoblue.png","width":1962,"height":381,"caption":"City of Miami Beach"},"image":{"@id":"https:\/\/www.miamibeachfl.gov\/#\/schema\/logo\/image\/"},"sameAs":["https:\/\/www.facebook.com\/cityofmiamibeach","https:\/\/x.com\/Miamibeachnews","https:\/\/www.instagram.com\/miamibeachnews\/"],"description":"Site officiel de la ville de Miami Beach. Restez inform\u00e9 et trouvez des informations importantes sur les services municipaux, les actualit\u00e9s, les alertes, les \u00e9v\u00e9nements, les itin\u00e9raires de tramway, les emplois gouvernementaux et bien plus encore.","telephone":"305.604.CITY(2489)","legalName":"City of Miami Beach"}]}},"_links":{"self":[{"href":"https:\/\/www.miamibeachfl.gov\/fr\/wp-json\/wp\/v2\/pages\/111227","targetHints":{"allow":["GET"]}}],"collection":[{"href":"https:\/\/www.miamibeachfl.gov\/fr\/wp-json\/wp\/v2\/pages"}],"about":[{"href":"https:\/\/www.miamibeachfl.gov\/fr\/wp-json\/wp\/v2\/types\/page"}],"author":[{"embeddable":true,"href":"https:\/\/www.miamibeachfl.gov\/fr\/wp-json\/wp\/v2\/users\/222"}],"replies":[{"embeddable":true,"href":"https:\/\/www.miamibeachfl.gov\/fr\/wp-json\/wp\/v2\/comments?post=111227"}],"version-history":[{"count":0,"href":"https:\/\/www.miamibeachfl.gov\/fr\/wp-json\/wp\/v2\/pages\/111227\/revisions"}],"up":[{"embeddable":true,"href":"https:\/\/www.miamibeachfl.gov\/fr\/wp-json\/wp\/v2\/pages\/88833"}],"wp:attachment":[{"href":"https:\/\/www.miamibeachfl.gov\/fr\/wp-json\/wp\/v2\/media?parent=111227"}],"wp:term":[{"taxonomy":"category","embeddable":true,"href":"https:\/\/www.miamibeachfl.gov\/fr\/wp-json\/wp\/v2\/categories?post=111227"},{"taxonomy":"post_tag","embeddable":true,"href":"https:\/\/www.miamibeachfl.gov\/fr\/wp-json\/wp\/v2\/tags?post=111227"}],"curies":[{"name":"wp","href":"https:\/\/api.w.org\/{rel}","templated":true}]}}