{"id":124280,"date":"2020-01-28T14:52:30","date_gmt":"2020-01-28T19:52:30","guid":{"rendered":"http:\/\/www.miamibeachfl.gov\/city-hall\/city-clerk\/election-information\/mail-ballot-election-for-the-creation-of-a-special-assessment-district-to-be-known-as-the-south-beach-business-improvement-district\/resolutions\/"},"modified":"2025-02-23T13:41:01","modified_gmt":"2025-02-23T18:41:01","slug":"resolutions","status":"publish","type":"page","link":"https:\/\/www.miamibeachfl.gov\/fr\/city-hall\/city-clerk\/election-information\/mail-ballot-election-for-the-creation-of-a-special-assessment-district-to-be-known-as-the-south-beach-business-improvement-district\/resolutions\/","title":{"rendered":"R\u00e9solutions"},"content":{"rendered":"<img loading=\"lazy\" decoding=\"async\" src=\"https:\/\/www.miamibeachfl.gov\/wp-content\/uploads\/2022\/07\/hero-small.jpg\" alt=\"ocean drive art deco buildings\" itemprop=\"image\" height=\"211\" width=\"2395\" title=\"petit h\u00e9ros\" onerror=\"this.style.display='none'\"  \/>\n<h1>\n\t\tR\u00e9solutions\n\t<\/h1>\n\t<nav id=\"breadcrumbs\" aria-label=\"Fil d&#039;Ariane\"><a href=\"https:\/\/www.miamibeachfl.gov\/fr\/\">Maison<\/a> &gt; <a href=\"https:\/\/www.miamibeachfl.gov\/fr\/city-hall\/\">l&#039;h\u00f4tel de ville<\/a> &gt; <a href=\"https:\/\/www.miamibeachfl.gov\/fr\/city-hall\/city-clerk\/\">greffier de la ville<\/a> &gt; <a href=\"https:\/\/www.miamibeachfl.gov\/fr\/city-hall\/city-clerk\/election-information\/\">Informations \u00e9lectorales<\/a> &gt; <a href=\"https:\/\/www.miamibeachfl.gov\/fr\/city-hall\/city-clerk\/election-information\/mail-ballot-election-for-the-creation-of-a-special-assessment-district-to-be-known-as-the-south-beach-business-improvement-district\/\">\u00c9lection par correspondance<\/a> &gt; <strong>R\u00e9solutions<\/strong><\/nav>\n\t<a href=\"http:\/\/www.miamibeachfl.gov\/wp-content\/uploads\/2020\/05\/Resolution-2020-31236.pdf\">R\u00e9solution 2020-31236<\/a><strong><br \/>\nUNE R\u00c9SOLUTION DU MAIRE ET DE LA COMMISSION MUNICIPALE DE LA VILLE DE MIAMI BEACH, FLORIDE, ABROGEANT LA R\u00c9SOLUTION N\u00b0 2020-31168, QUI DEMANDAIT UNE \u00c9LECTION SP\u00c9CIALE PAR BULLETIN DE VOTE PAR CORRESPONDANCE \u00c0 TENIR DU 1ER JUIN 2020 AU 31 AO\u00dbT 2020, POUR D\u00c9TERMINER SI UNE MAJORIT\u00c9 DES PROPRI\u00c9TAIRES CONCERN\u00c9S APPROUVENT LA CR\u00c9ATION D&#039;UN DISTRICT D&#039;\u00c9VALUATION SP\u00c9CIAL CONNU SOUS LE NOM DE DISTRICT D&#039;AM\u00c9LIORATION DES AFFAIRES DE SOUTH BEACH, ET REPORTANT L&#039;\u00c9LECTION SP\u00c9CIALE JUSQU&#039;\u00c0 CE QUE LES MENACES ASSOCI\u00c9ES \u00c0 LA PAND\u00c9MIE DE COVID-19 S&#039;AM\u00c9LIORENT.<\/strong>\n<a href=\"http:\/\/www.miamibeachfl.gov\/wp-content\/uploads\/2020\/02\/Resolution-2020-31169.pdf\">R\u00e9solution 2020-31169<\/a><br \/>\n<strong>UNE R\u00c9SOLUTION DU MAIRE ET DE LA COMMISSION MUNICIPALE DE LA VILLE DE MIAMI BEACH, FLORIDE, APPROUVANT ET AUTORISANT LE DIRECTEUR MUNICIPAL \u00c0 EX\u00c9CUTER UN PROTOCOLE D&#039;ACCORD ENTRE LA VILLE DE MIAMI BEACH ET SOUTH BEACH BID PARTNERS, INC. (LA \u00ab SOUMISSION \u00bb), POUR ORGANISER UNE \u00c9LECTION SP\u00c9CIALE PAR BULLETIN DE VOTE PAR CORRESPONDANCE AFIN DE D\u00c9TERMINER SI UNE MAJORIT\u00c9 DES PROPRI\u00c9TAIRES CONCERN\u00c9S APPROUVENT LA CR\u00c9ATION D&#039;UN DISTRICT D&#039;\u00c9VALUATION SP\u00c9CIAL CONNU SOUS LE NOM DE SOUTH BEACH BUSINESS IMPROVEMENT DISTRICT, LAQUELLE \u00c9LECTION SERA MEN\u00c9E PAR LE BUREAU DU GREFFIER DE LA VILLE ET LE BUREAU DU PROCUREUR DE LA VILLE, ET DE PR\u00c9VOIR QUE LA SOUMISSION COUVRIRA LES CO\u00dbTS DE LA CONDUITE DE CETTE \u00c9LECTION.<br \/>\n<\/strong><br \/>\n<a href=\"http:\/\/www.miamibeachfl.gov\/wp-content\/uploads\/2020\/02\/Resolution-2020-31168.pdf\">R\u00e9solution 2020-31168<\/a><br \/>\n<strong>UNE R\u00c9SOLUTION DU MAIRE ET DE LA COMMISSION MUNICIPALE DE LA VILLE DE MIAMI BEACH, FLORIDE, DEMANDANT UNE \u00c9LECTION SP\u00c9CIALE PAR BULLETIN DE VOTE PAR CORRESPONDANCE QUI SE TIENDRA DU 1ER JUIN 2020 AU 31 AO\u00dbT 2020, AFIN DE D\u00c9TERMINER SI UNE MAJORIT\u00c9 DES PROPRI\u00c9TAIRES CONCERN\u00c9S APPROUVENT LA CR\u00c9ATION D&#039;UN DISTRICT D&#039;\u00c9VALUATION SP\u00c9CIAL CONNU SOUS LE NOM DE SOUTH BEACH BUSINESS IMPROVEMENT DISTRICT (LE \u00ab DISTRICT \u00bb) ; PR\u00c9VOYANT QUE LE BUREAU DU GREFFIER DE LA VILLE ET LE BUREAU DU PROCUREUR DE LA VILLE ORGANISERONT CETTE \u00c9LECTION ; FOURNISSANT LE FORME DU BULLETIN DE VOTE ; ET ORDONNANT AU GREFFIER DE LA VILLE DE DONNER AVIS DE CETTE \u00c9LECTION COMME L&#039;EXIGENT LE CODE DE LA VILLE ET LA LOI DE L&#039;\u00c9TAT.<br \/>\n<\/strong><br \/>\n<a href=\"http:\/\/www.miamibeachfl.gov\/wp-content\/uploads\/2020\/01\/Resolution-2020-31144.pdf\">R\u00e9solution 2020-31144<\/a><br \/>\n<strong>UNE R\u00c9SOLUTION DU MAIRE ET DE LA COMMISSION MUNICIPALE DE LA VILLE DE MIAMI BEACH, FLORIDE, CR\u00c9ANT, CONFORM\u00c9MENT AU CHAPITRE 170 DES STATUTS DE FLORIDE, ET SOUS R\u00c9SERVE DE L&#039;APPROBATION DE LA MAJORIT\u00c9 DES PROPRI\u00c9TAIRES CONCERN\u00c9S, UN DISTRICT D&#039;\u00c9VALUATION SP\u00c9CIAL CONNU SOUS LE NOM DE \u00ab DISTRICT D&#039;AM\u00c9LIORATION COMMERCIALE DE SOUTH BEACH \u00bb, POUR UNE DUR\u00c9E DE DIX (10) ANS, AFIN DE STABILISER ET D&#039;AM\u00c9LIORER CERTAINES ZONES DE LA VILLE DE MIAMI BEACH, CI-APR\u00c8S D\u00c9NOMM\u00c9ES LE QUARTIER COMMERCIAL D&#039;OCEAN DRIVE ET COLLINS AVENUE, LEQUEL DISTRICT EST G\u00c9N\u00c9RALEMENT SITU\u00c9 DANS UN QUARTIER HISTORIQUE RECONNU \u00c0 L&#039;\u00c9CHELLE NATIONALE, PAR LE BIAIS DE LA PROMOTION, DE LA GESTION, DU MARKETING ET D&#039;AUTRES SERVICES SIMILAIRES (LE (\u00ab SERVICES \u00bb) ; PR\u00c9VOYANT LA PR\u00c9L\u00c8VEMENT ET LA COLLECTE DE COTISATIONS SP\u00c9CIALES, D&#039;UN MONTANT DE $2 093 335 PAR AN ; INDIQUANT L&#039;EMPLACEMENT, LA NATURE ET LE CO\u00dbT ESTIM\u00c9 DES SERVICES, DONT LES CO\u00dbTS DOIVENT \u00caTRE PAY\u00c9S PAR LES COTISATIONS SP\u00c9CIALES ; PR\u00c9VOYANT LA MANI\u00c8RE DONT CES COTISATIONS SP\u00c9CIALES DOIVENT \u00caTRE EFFECTU\u00c9ES ; PR\u00c9VOYANT QUAND CES COTISATIONS SP\u00c9CIALES DOIVENT \u00caTRE EFFECTU\u00c9ES ; D\u00c9SIGNANT LES TERRES SUR LESQUELLES LES COTISATIONS SP\u00c9CIALES DOIVENT \u00caTRE PR\u00c9LEV\u00c9ES ; PR\u00c9VOYANT LA PUBLICATION DE LA PR\u00c9SENTE R\u00c9SOLUTION, CONFORM\u00c9MENT \u00c0 L&#039;ARTICLE 170.05 DES STATUTS DE FLORIDE ; AUTORISANT L&#039;ADMINISTRATION DE LA VILLE \u00c0 FAIRE \u00c9TABLIR UN R\u00d4LE D&#039;\u00c9VALUATION PR\u00c9LIMINAIRE, CONFORM\u00c9MENT \u00c0 L&#039;ARTICLE 170.02 DES STATUTS DE LA FLORIDE ; ET UNE FOIS CE R\u00d4LE D&#039;\u00c9VALUATION PR\u00c9LIMINAIRE TERMIN\u00c9, \u00c0 CONDITION QUE CE R\u00d4LE D&#039;\u00c9VALUATION SOIT D\u00c9POS\u00c9 AUPR\u00c8S DU BUREAU DU GREFFIER DE LA VILLE ET OUVERT \u00c0 L&#039;INSPECTION DU PUBLIC.<\/strong>\n\t\t\t<a href=\"https:\/\/www.miamibeachfl.gov\/fr\/city-hall\/city-clerk\/election-information\/mail-ballot-election-for-the-creation-of-a-special-assessment-district-to-be-known-as-the-south-beach-business-improvement-district\/\" target=\"_self\" rel=\"noopener\">\n\t\t\t\t\t\t\t\u00c9lection par correspondance\n\t\t\t\t\t<\/a>\n\t<div class=\"page-navigation\"><a class=\"prev-page\" href=\"https:\/\/www.miamibeachfl.gov\/fr\/yourmbpd\/neighborhoods\/\">\u2190 Quartiers<\/a> <a class=\"next-page\" href=\"https:\/\/www.miamibeachfl.gov\/fr\/yourmbpd\/services\/crime-prevention\/\">Pr\u00e9vention de la criminalit\u00e9 \u2192<\/a><\/div>","protected":false},"excerpt":{"rendered":"<p>Resolutions Home &gt; City Hall &gt; City Clerk &gt; Election Information &gt; Mail-Ballot Election &gt; Resolutions Resolution 2020-31236 A RESOLUTION [&hellip;]<\/p>\n","protected":false},"author":222,"featured_media":0,"parent":124277,"menu_order":97,"comment_status":"closed","ping_status":"closed","template":"page-blank.php","meta":{"_searchwp_excluded":"","site-sidebar-layout":"default","site-content-layout":"","ast-site-content-layout":"default","site-content-style":"default","site-sidebar-style":"default","ast-global-header-display":"","ast-banner-title-visibility":"","ast-main-header-display":"","ast-hfb-above-header-display":"","ast-hfb-below-header-display":"","ast-hfb-mobile-header-display":"","site-post-title":"","ast-breadcrumbs-content":"","ast-featured-img":"","footer-sml-layout":"","theme-transparent-header-meta":"","adv-header-id-meta":"","stick-header-meta":"","header-above-stick-meta":"","header-main-stick-meta":"","header-below-stick-meta":"","astra-migrate-meta-layouts":"default","ast-page-background-enabled":"default","ast-page-background-meta":{"desktop":{"background-color":"var(--ast-global-color-5)","background-image":"","background-repeat":"repeat","background-position":"center center","background-size":"auto","background-attachment":"scroll","background-type":"","background-media":"","overlay-type":"","overlay-color":"","overlay-opacity":"","overlay-gradient":""},"tablet":{"background-color":"","background-image":"","background-repeat":"repeat","background-position":"center center","background-size":"auto","background-attachment":"scroll","background-type":"","background-media":"","overlay-type":"","overlay-color":"","overlay-opacity":"","overlay-gradient":""},"mobile":{"background-color":"","background-image":"","background-repeat":"repeat","background-position":"center center","background-size":"auto","background-attachment":"scroll","background-type":"","background-media":"","overlay-type":"","overlay-color":"","overlay-opacity":"","overlay-gradient":""}},"ast-content-background-meta":{"desktop":{"background-color":"var(--ast-global-color-4)","background-image":"","background-repeat":"repeat","background-position":"center center","background-size":"auto","background-attachment":"scroll","background-type":"","background-media":"","overlay-type":"","overlay-color":"","overlay-opacity":"","overlay-gradient":""},"tablet":{"background-color":"var(--ast-global-color-4)","background-image":"","background-repeat":"repeat","background-position":"center center","background-size":"auto","background-attachment":"scroll","background-type":"","background-media":"","overlay-type":"","overlay-color":"","overlay-opacity":"","overlay-gradient":""},"mobile":{"background-color":"var(--ast-global-color-4)","background-image":"","background-repeat":"repeat","background-position":"center center","background-size":"auto","background-attachment":"scroll","background-type":"","background-media":"","overlay-type":"","overlay-color":"","overlay-opacity":"","overlay-gradient":""}},"footnotes":""},"categories":[],"tags":[],"class_list":["post-124280","page","type-page","status-publish","hentry"],"yoast_head":"<!-- This site is optimized with the Yoast SEO Premium plugin v26.6 (Yoast SEO v26.6) - https:\/\/yoast.com\/wordpress\/plugins\/seo\/ -->\n<title>Resolutions - City of Miami Beach<\/title>\n<meta name=\"description\" content=\"%\" \/>\n<meta name=\"robots\" content=\"index, follow, max-snippet:-1, max-image-preview:large, max-video-preview:-1\" \/>\n<link rel=\"canonical\" href=\"https:\/\/www.miamibeachfl.gov\/fr\/city-hall\/city-clerk\/election-information\/mail-ballot-election-for-the-creation-of-a-special-assessment-district-to-be-known-as-the-south-beach-business-improvement-district\/resolutions\/\" \/>\n<meta property=\"og:locale\" content=\"fr_FR\" \/>\n<meta property=\"og:type\" content=\"article\" \/>\n<meta property=\"og:title\" content=\"Resolutions\" \/>\n<meta property=\"og:description\" content=\"%\" \/>\n<meta property=\"og:url\" content=\"https:\/\/www.miamibeachfl.gov\/fr\/city-hall\/city-clerk\/election-information\/mail-ballot-election-for-the-creation-of-a-special-assessment-district-to-be-known-as-the-south-beach-business-improvement-district\/resolutions\/\" \/>\n<meta property=\"og:site_name\" content=\"City of Miami Beach\" \/>\n<meta property=\"article:publisher\" content=\"https:\/\/www.facebook.com\/cityofmiamibeach\" \/>\n<meta property=\"article:modified_time\" content=\"2025-02-23T18:41:01+00:00\" \/>\n<meta property=\"og:image\" content=\"https:\/\/www.miamibeachfl.gov\/wp-content\/uploads\/2022\/07\/hero-small.jpg\" \/>\n<meta name=\"twitter:card\" content=\"summary_large_image\" \/>\n<meta name=\"twitter:site\" content=\"@Miamibeachnews\" \/>\n<script type=\"application\/ld+json\" class=\"yoast-schema-graph\">{\"@context\":\"https:\/\/schema.org\",\"@graph\":[{\"@type\":\"WebPage\",\"@id\":\"https:\/\/www.miamibeachfl.gov\/city-hall\/city-clerk\/election-information\/mail-ballot-election-for-the-creation-of-a-special-assessment-district-to-be-known-as-the-south-beach-business-improvement-district\/resolutions\/\",\"url\":\"https:\/\/www.miamibeachfl.gov\/city-hall\/city-clerk\/election-information\/mail-ballot-election-for-the-creation-of-a-special-assessment-district-to-be-known-as-the-south-beach-business-improvement-district\/resolutions\/\",\"name\":\"Resolutions - City of Miami Beach\",\"isPartOf\":{\"@id\":\"https:\/\/www.miamibeachfl.gov\/#website\"},\"primaryImageOfPage\":{\"@id\":\"https:\/\/www.miamibeachfl.gov\/city-hall\/city-clerk\/election-information\/mail-ballot-election-for-the-creation-of-a-special-assessment-district-to-be-known-as-the-south-beach-business-improvement-district\/resolutions\/#primaryimage\"},\"image\":{\"@id\":\"https:\/\/www.miamibeachfl.gov\/city-hall\/city-clerk\/election-information\/mail-ballot-election-for-the-creation-of-a-special-assessment-district-to-be-known-as-the-south-beach-business-improvement-district\/resolutions\/#primaryimage\"},\"thumbnailUrl\":\"https:\/\/www.miamibeachfl.gov\/wp-content\/uploads\/2022\/07\/hero-small.jpg\",\"datePublished\":\"2020-01-28T19:52:30+00:00\",\"dateModified\":\"2025-02-23T18:41:01+00:00\",\"description\":\"%\",\"breadcrumb\":{\"@id\":\"https:\/\/www.miamibeachfl.gov\/city-hall\/city-clerk\/election-information\/mail-ballot-election-for-the-creation-of-a-special-assessment-district-to-be-known-as-the-south-beach-business-improvement-district\/resolutions\/#breadcrumb\"},\"inLanguage\":\"fr-FR\",\"potentialAction\":[{\"@type\":\"ReadAction\",\"target\":[\"https:\/\/www.miamibeachfl.gov\/city-hall\/city-clerk\/election-information\/mail-ballot-election-for-the-creation-of-a-special-assessment-district-to-be-known-as-the-south-beach-business-improvement-district\/resolutions\/\"]}]},{\"@type\":\"ImageObject\",\"inLanguage\":\"fr-FR\",\"@id\":\"https:\/\/www.miamibeachfl.gov\/city-hall\/city-clerk\/election-information\/mail-ballot-election-for-the-creation-of-a-special-assessment-district-to-be-known-as-the-south-beach-business-improvement-district\/resolutions\/#primaryimage\",\"url\":\"https:\/\/www.miamibeachfl.gov\/wp-content\/uploads\/2022\/07\/hero-small.jpg\",\"contentUrl\":\"https:\/\/www.miamibeachfl.gov\/wp-content\/uploads\/2022\/07\/hero-small.jpg\"},{\"@type\":\"BreadcrumbList\",\"@id\":\"https:\/\/www.miamibeachfl.gov\/city-hall\/city-clerk\/election-information\/mail-ballot-election-for-the-creation-of-a-special-assessment-district-to-be-known-as-the-south-beach-business-improvement-district\/resolutions\/#breadcrumb\",\"itemListElement\":[{\"@type\":\"ListItem\",\"position\":1,\"name\":\"Home\",\"item\":\"https:\/\/www.miamibeachfl.gov\/\"},{\"@type\":\"ListItem\",\"position\":2,\"name\":\"City Hall\",\"item\":\"https:\/\/www.miamibeachfl.gov\/city-hall\/\"},{\"@type\":\"ListItem\",\"position\":3,\"name\":\"City Clerk\",\"item\":\"https:\/\/www.miamibeachfl.gov\/city-hall\/city-clerk\/\"},{\"@type\":\"ListItem\",\"position\":4,\"name\":\"Election Information\",\"item\":\"https:\/\/www.miamibeachfl.gov\/city-hall\/city-clerk\/election-information\/\"},{\"@type\":\"ListItem\",\"position\":5,\"name\":\"Mail-Ballot Election\",\"item\":\"https:\/\/www.miamibeachfl.gov\/city-hall\/city-clerk\/election-information\/mail-ballot-election-for-the-creation-of-a-special-assessment-district-to-be-known-as-the-south-beach-business-improvement-district\/\"},{\"@type\":\"ListItem\",\"position\":6,\"name\":\"Resolutions\"}]},{\"@type\":\"WebSite\",\"@id\":\"https:\/\/www.miamibeachfl.gov\/#website\",\"url\":\"https:\/\/www.miamibeachfl.gov\/\",\"name\":\"City of Miami Beach\",\"description\":\"The official website of the City of Miami Beach. Stay informed, find important information on city services, news, alerts, events, trolley routes, government employment and more.\",\"publisher\":{\"@id\":\"https:\/\/www.miamibeachfl.gov\/#organization\"},\"potentialAction\":[{\"@type\":\"SearchAction\",\"target\":{\"@type\":\"EntryPoint\",\"urlTemplate\":\"https:\/\/www.miamibeachfl.gov\/?s={search_term_string}\"},\"query-input\":{\"@type\":\"PropertyValueSpecification\",\"valueRequired\":true,\"valueName\":\"search_term_string\"}}],\"inLanguage\":\"fr-FR\"},{\"@type\":\"Organization\",\"@id\":\"https:\/\/www.miamibeachfl.gov\/#organization\",\"name\":\"City of Miami Beach\",\"url\":\"https:\/\/www.miamibeachfl.gov\/\",\"logo\":{\"@type\":\"ImageObject\",\"inLanguage\":\"fr-FR\",\"@id\":\"https:\/\/www.miamibeachfl.gov\/#\/schema\/logo\/image\/\",\"url\":\"https:\/\/www.miamibeachfl.gov\/wp-content\/uploads\/2022\/06\/miamibeach-logoblue.png\",\"contentUrl\":\"https:\/\/www.miamibeachfl.gov\/wp-content\/uploads\/2022\/06\/miamibeach-logoblue.png\",\"width\":1962,\"height\":381,\"caption\":\"City of Miami Beach\"},\"image\":{\"@id\":\"https:\/\/www.miamibeachfl.gov\/#\/schema\/logo\/image\/\"},\"sameAs\":[\"https:\/\/www.facebook.com\/cityofmiamibeach\",\"https:\/\/x.com\/Miamibeachnews\",\"https:\/\/www.instagram.com\/miamibeachnews\/\"],\"description\":\"The official website of the City of Miami Beach. Stay informed, find important information on city services, news, alerts, events, trolley routes, government employment and more.\",\"telephone\":\"305.604.CITY(2489)\",\"legalName\":\"City of Miami Beach\"}]}<\/script>\n<!-- \/ Yoast SEO Premium plugin. -->","yoast_head_json":{"title":"R\u00e9solutions - Ville de Miami Beach","description":"%","robots":{"index":"index","follow":"follow","max-snippet":"max-snippet:-1","max-image-preview":"max-image-preview:large","max-video-preview":"max-video-preview:-1"},"canonical":"https:\/\/www.miamibeachfl.gov\/fr\/city-hall\/city-clerk\/election-information\/mail-ballot-election-for-the-creation-of-a-special-assessment-district-to-be-known-as-the-south-beach-business-improvement-district\/resolutions\/","og_locale":"fr_FR","og_type":"article","og_title":"Resolutions","og_description":"%","og_url":"https:\/\/www.miamibeachfl.gov\/fr\/city-hall\/city-clerk\/election-information\/mail-ballot-election-for-the-creation-of-a-special-assessment-district-to-be-known-as-the-south-beach-business-improvement-district\/resolutions\/","og_site_name":"City of Miami Beach","article_publisher":"https:\/\/www.facebook.com\/cityofmiamibeach","article_modified_time":"2025-02-23T18:41:01+00:00","og_image":[{"url":"https:\/\/www.miamibeachfl.gov\/wp-content\/uploads\/2022\/07\/hero-small.jpg","type":"","width":"","height":""}],"twitter_card":"summary_large_image","twitter_site":"@Miamibeachnews","schema":{"@context":"https:\/\/schema.org","@graph":[{"@type":"WebPage","@id":"https:\/\/www.miamibeachfl.gov\/city-hall\/city-clerk\/election-information\/mail-ballot-election-for-the-creation-of-a-special-assessment-district-to-be-known-as-the-south-beach-business-improvement-district\/resolutions\/","url":"https:\/\/www.miamibeachfl.gov\/city-hall\/city-clerk\/election-information\/mail-ballot-election-for-the-creation-of-a-special-assessment-district-to-be-known-as-the-south-beach-business-improvement-district\/resolutions\/","name":"R\u00e9solutions - Ville de Miami Beach","isPartOf":{"@id":"https:\/\/www.miamibeachfl.gov\/#website"},"primaryImageOfPage":{"@id":"https:\/\/www.miamibeachfl.gov\/city-hall\/city-clerk\/election-information\/mail-ballot-election-for-the-creation-of-a-special-assessment-district-to-be-known-as-the-south-beach-business-improvement-district\/resolutions\/#primaryimage"},"image":{"@id":"https:\/\/www.miamibeachfl.gov\/city-hall\/city-clerk\/election-information\/mail-ballot-election-for-the-creation-of-a-special-assessment-district-to-be-known-as-the-south-beach-business-improvement-district\/resolutions\/#primaryimage"},"thumbnailUrl":"https:\/\/www.miamibeachfl.gov\/wp-content\/uploads\/2022\/07\/hero-small.jpg","datePublished":"2020-01-28T19:52:30+00:00","dateModified":"2025-02-23T18:41:01+00:00","description":"%","breadcrumb":{"@id":"https:\/\/www.miamibeachfl.gov\/city-hall\/city-clerk\/election-information\/mail-ballot-election-for-the-creation-of-a-special-assessment-district-to-be-known-as-the-south-beach-business-improvement-district\/resolutions\/#breadcrumb"},"inLanguage":"fr-FR","potentialAction":[{"@type":"ReadAction","target":["https:\/\/www.miamibeachfl.gov\/city-hall\/city-clerk\/election-information\/mail-ballot-election-for-the-creation-of-a-special-assessment-district-to-be-known-as-the-south-beach-business-improvement-district\/resolutions\/"]}]},{"@type":"ImageObject","inLanguage":"fr-FR","@id":"https:\/\/www.miamibeachfl.gov\/city-hall\/city-clerk\/election-information\/mail-ballot-election-for-the-creation-of-a-special-assessment-district-to-be-known-as-the-south-beach-business-improvement-district\/resolutions\/#primaryimage","url":"https:\/\/www.miamibeachfl.gov\/wp-content\/uploads\/2022\/07\/hero-small.jpg","contentUrl":"https:\/\/www.miamibeachfl.gov\/wp-content\/uploads\/2022\/07\/hero-small.jpg"},{"@type":"BreadcrumbList","@id":"https:\/\/www.miamibeachfl.gov\/city-hall\/city-clerk\/election-information\/mail-ballot-election-for-the-creation-of-a-special-assessment-district-to-be-known-as-the-south-beach-business-improvement-district\/resolutions\/#breadcrumb","itemListElement":[{"@type":"ListItem","position":1,"name":"Home","item":"https:\/\/www.miamibeachfl.gov\/"},{"@type":"ListItem","position":2,"name":"City Hall","item":"https:\/\/www.miamibeachfl.gov\/city-hall\/"},{"@type":"ListItem","position":3,"name":"City Clerk","item":"https:\/\/www.miamibeachfl.gov\/city-hall\/city-clerk\/"},{"@type":"ListItem","position":4,"name":"Election Information","item":"https:\/\/www.miamibeachfl.gov\/city-hall\/city-clerk\/election-information\/"},{"@type":"ListItem","position":5,"name":"Mail-Ballot Election","item":"https:\/\/www.miamibeachfl.gov\/city-hall\/city-clerk\/election-information\/mail-ballot-election-for-the-creation-of-a-special-assessment-district-to-be-known-as-the-south-beach-business-improvement-district\/"},{"@type":"ListItem","position":6,"name":"Resolutions"}]},{"@type":"WebSite","@id":"https:\/\/www.miamibeachfl.gov\/#website","url":"https:\/\/www.miamibeachfl.gov\/","name":"Ville de Miami Beach","description":"Site officiel de la ville de Miami Beach. Restez inform\u00e9 et trouvez des informations importantes sur les services municipaux, les actualit\u00e9s, les alertes, les \u00e9v\u00e9nements, les itin\u00e9raires de tramway, les emplois gouvernementaux et bien plus encore.","publisher":{"@id":"https:\/\/www.miamibeachfl.gov\/#organization"},"potentialAction":[{"@type":"SearchAction","target":{"@type":"EntryPoint","urlTemplate":"https:\/\/www.miamibeachfl.gov\/?s={search_term_string}"},"query-input":{"@type":"PropertyValueSpecification","valueRequired":true,"valueName":"search_term_string"}}],"inLanguage":"fr-FR"},{"@type":"Organization","@id":"https:\/\/www.miamibeachfl.gov\/#organization","name":"Ville de Miami Beach","url":"https:\/\/www.miamibeachfl.gov\/","logo":{"@type":"ImageObject","inLanguage":"fr-FR","@id":"https:\/\/www.miamibeachfl.gov\/#\/schema\/logo\/image\/","url":"https:\/\/www.miamibeachfl.gov\/wp-content\/uploads\/2022\/06\/miamibeach-logoblue.png","contentUrl":"https:\/\/www.miamibeachfl.gov\/wp-content\/uploads\/2022\/06\/miamibeach-logoblue.png","width":1962,"height":381,"caption":"City of Miami Beach"},"image":{"@id":"https:\/\/www.miamibeachfl.gov\/#\/schema\/logo\/image\/"},"sameAs":["https:\/\/www.facebook.com\/cityofmiamibeach","https:\/\/x.com\/Miamibeachnews","https:\/\/www.instagram.com\/miamibeachnews\/"],"description":"Site officiel de la ville de Miami Beach. Restez inform\u00e9 et trouvez des informations importantes sur les services municipaux, les actualit\u00e9s, les alertes, les \u00e9v\u00e9nements, les itin\u00e9raires de tramway, les emplois gouvernementaux et bien plus encore.","telephone":"305.604.CITY(2489)","legalName":"City of Miami Beach"}]}},"_links":{"self":[{"href":"https:\/\/www.miamibeachfl.gov\/fr\/wp-json\/wp\/v2\/pages\/124280","targetHints":{"allow":["GET"]}}],"collection":[{"href":"https:\/\/www.miamibeachfl.gov\/fr\/wp-json\/wp\/v2\/pages"}],"about":[{"href":"https:\/\/www.miamibeachfl.gov\/fr\/wp-json\/wp\/v2\/types\/page"}],"author":[{"embeddable":true,"href":"https:\/\/www.miamibeachfl.gov\/fr\/wp-json\/wp\/v2\/users\/222"}],"replies":[{"embeddable":true,"href":"https:\/\/www.miamibeachfl.gov\/fr\/wp-json\/wp\/v2\/comments?post=124280"}],"version-history":[{"count":0,"href":"https:\/\/www.miamibeachfl.gov\/fr\/wp-json\/wp\/v2\/pages\/124280\/revisions"}],"up":[{"embeddable":true,"href":"https:\/\/www.miamibeachfl.gov\/fr\/wp-json\/wp\/v2\/pages\/124277"}],"wp:attachment":[{"href":"https:\/\/www.miamibeachfl.gov\/fr\/wp-json\/wp\/v2\/media?parent=124280"}],"wp:term":[{"taxonomy":"category","embeddable":true,"href":"https:\/\/www.miamibeachfl.gov\/fr\/wp-json\/wp\/v2\/categories?post=124280"},{"taxonomy":"post_tag","embeddable":true,"href":"https:\/\/www.miamibeachfl.gov\/fr\/wp-json\/wp\/v2\/tags?post=124280"}],"curies":[{"name":"wp","href":"https:\/\/api.w.org\/{rel}","templated":true}]}}