{"id":124374,"date":"2020-01-29T17:03:29","date_gmt":"2020-01-29T22:03:29","guid":{"rendered":"http:\/\/www.miamibeachfl.gov\/?page_id=124374"},"modified":"2026-01-07T10:13:06","modified_gmt":"2026-01-07T15:13:06","slug":"wayne-a-jones","status":"publish","type":"page","link":"https:\/\/www.miamibeachfl.gov\/fr\/yourmbpd\/wayne-a-jones\/","title":{"rendered":"Wayne A. Jones"},"content":{"rendered":"<a href=\"\/fr\/yourmbpd\/\"  target=\"_self\" itemprop=\"url\">\n\t\t\t\t<img decoding=\"async\" src=\"https:\/\/www.miamibeachfl.gov\/wp-content\/uploads\/2019\/12\/badge-for-banner.png\" alt=\"badge for banner\" itemprop=\"image\" height=\"556\" width=\"1000\" title=\"badge pour banni\u00e8re\" onerror=\"this.style.display='none'\" loading=\"lazy\" \/>\n\t\t\t\t<\/a>\n<h1>\n\t\t<a href=\"\/fr\/yourmbpd\/leadership\/\" title=\"DIRECTION\"  target=\"_self\">\n\t\t\tDIRECTION\t\t<\/a>\n\t<\/h1>\n<h1>\n\t\t<a href=\"\/fr\/yourmbpd\/neighborhoods\/\" title=\"QUARTIERS\"  target=\"_self\">\n\t\t\tQUARTIERS\t\t<\/a>\n\t<\/h1>\n<h1>\n\t\t<a href=\"\/fr\/yourmbpd\/services\/\" title=\"SERVICES\"  target=\"_self\">\n\t\t\tSERVICES\t\t<\/a>\n\t<\/h1>\n<h1>\n\t\t<a href=\"\/fr\/yourmbpd\/monthlycrimesdatareport\/\" title=\"DONN\u00c9ES SUR LA CRIMINALIT\u00c9\"  target=\"_self\">\n\t\t\tDONN\u00c9ES SUR LA CRIMINALIT\u00c9\t\t<\/a>\n\t<\/h1>\n<h1>\n\t\t<a href=\"\/fr\/yourmbpd\/contact\/\" title=\"CONTACT\"  target=\"_self\">\n\t\t\tCONTACT\t\t<\/a>\n\t<\/h1>\n\t\t\t\t<img decoding=\"async\" src=\"https:\/\/www.miamibeachfl.gov\/wp-content\/uploads\/2025\/08\/Staff-ChiefWayneJones-Circle.png\" alt=\"Chief Wayne Jones\" itemprop=\"image\" height=\"250\" width=\"250\" title=\"Chef d&#039;\u00e9tat-major Wayne Jones-Circle\" onerror=\"this.style.display='none'\" loading=\"lazy\" \/>\n<h1>\n\t\t\tWAYNE A. JONES\t<\/h1>\n<h2>\n\t\t\tPr\u00e9fet de police\t<\/h2>\n\t<p><strong>Wayne A. Jones<\/strong>\u00a0Le chef Jones a pris ses fonctions de 21e chef de police du d\u00e9partement de police de Miami Beach le 1er septembre 2023. Fort d&#039;une brillante carri\u00e8re de 27 ans enti\u00e8rement au sein de la ville de Miami Beach, il a occup\u00e9 divers postes, notamment ceux d&#039;agent de patrouille, d&#039;inspecteur, de sergent, de lieutenant, de capitaine et de major, pour finalement atteindre le poste de chef adjoint en 2019. Sa vaste exp\u00e9rience a grandement b\u00e9n\u00e9fici\u00e9 \u00e0 notre ville. En particulier, pendant son mandat de sergent aux affaires communautaires, il a jet\u00e9 les bases du programme d&#039;agents de ressources pour les sans-abri, d\u00e9sormais reconnu \u00e0 l&#039;\u00e9chelle nationale, qui utilise une approche globale de la sensibilisation, de l&#039;engagement et de l&#039;application de la loi.<\/p>\n<p>En tant que major supervisant les services de soutien, le chef Jones a orchestr\u00e9 une initiative strat\u00e9gique visant \u00e0 renforcer le recrutement de polici\u00e8res, ce qui a permis d&#039;augmenter le nombre d&#039;embauches de 12% \u00e0 18%. De plus, alors qu&#039;il \u00e9tait major au sein de la division des enqu\u00eates criminelles, il a cr\u00e9\u00e9 l&#039;unit\u00e9 de lutte contre la traite des \u00eatres humains du d\u00e9partement. Cette unit\u00e9 a ensuite dirig\u00e9 les enqu\u00eates et les arrestations pour trafic sexuel dans le comt\u00e9 de Miami-Dade.<\/p>\n<p>Le chef Jones est titulaire d&#039;une licence en sciences politiques et en administration publique de la Florida Memorial University, ainsi que d&#039;un master en administration publique de la Florida International University. Son parcours acad\u00e9mique comprend \u00e9galement un dipl\u00f4me d&#039;associ\u00e9 du Miami Dade College en pilotage professionnel et technologie. Il est un ancien \u00e9l\u00e8ve distingu\u00e9 des Miami Fellows (classe II). Parmi ses r\u00e9alisations notables, on peut citer la r\u00e9ussite du s\u00e9minaire de perfectionnement des cadres des forces de l&#039;ordre du Federal Bureau of Investigation et du Senior Management Institute for Police du Police Executive Research Forum.<\/p>\n<h3>\n\t\t\t1100, avenue Washington,<br \/>Miami Beach, Floride 33139\t<\/h3>\n<h3>\n\t\t\t305.673.7925\t<\/h3>\n<h3>\n\t\t<a href=\"mailto:policechief@miamibeachfl.gov\" title=\"policechief@miamibeachfl.gov\"  target=\"_self\">\n\t\t\tpolicechief@miamibeachfl.gov\t\t<\/a>\n\t<\/h3>\n\t<p>\u00a9 2025 Copyright Ville de Miami Beach.<\/p>\n\t\t\t<a href=\"\/fr\/\" target=\"_self\">\n\t\t\t\t\t\t\tSite Web de la ville de Miami Beach\n\t\t\t\t\t<\/a>\n\t\t\t<a href=\"\/fr\/policies-disclaimers\/\" target=\"_self\">\n\t\t\t\t\t\t\tPolitiques et avis de non-responsabilit\u00e9\n\t\t\t\t\t<\/a>\n\t\t\t<a href=\"\/fr\/accessibility\/\" target=\"_self\">\n\t\t\t\t\t\t\tAccessibilit\u00e9\n\t\t\t\t\t<\/a>\n\t\t\t<a href=\"\/fr\/policies-disclaimers\/#cookies\" target=\"_self\">\n\t\t\t\t\t\t\tParam\u00e8tres des cookies\n\t\t\t\t\t<\/a>","protected":false},"excerpt":{"rendered":"<p>LEADERSHIP NEIGHBORHOODS SERVICES CRIME DATA CONTACT WAYNE A. JONES Chief of Police Wayne A. Jones\u00a0assumed the role of the 21st [&hellip;]<\/p>\n","protected":false},"author":222,"featured_media":0,"parent":120936,"menu_order":111,"comment_status":"closed","ping_status":"closed","template":"","meta":{"_searchwp_excluded":"","site-sidebar-layout":"default","site-content-layout":"","ast-site-content-layout":"","site-content-style":"default","site-sidebar-style":"default","ast-global-header-display":"disabled","ast-banner-title-visibility":"","ast-main-header-display":"","ast-hfb-above-header-display":"","ast-hfb-below-header-display":"","ast-hfb-mobile-header-display":"","site-post-title":"","ast-breadcrumbs-content":"","ast-featured-img":"","footer-sml-layout":"disabled","theme-transparent-header-meta":"","adv-header-id-meta":"","stick-header-meta":"","header-above-stick-meta":"","header-main-stick-meta":"","header-below-stick-meta":"","astra-migrate-meta-layouts":"default","ast-page-background-enabled":"default","ast-page-background-meta":{"desktop":{"background-color":"var(--ast-global-color-5)","background-image":"","background-repeat":"repeat","background-position":"center center","background-size":"auto","background-attachment":"scroll","background-type":"","background-media":"","overlay-type":"","overlay-color":"","overlay-opacity":"","overlay-gradient":""},"tablet":{"background-color":"","background-image":"","background-repeat":"repeat","background-position":"center center","background-size":"auto","background-attachment":"scroll","background-type":"","background-media":"","overlay-type":"","overlay-color":"","overlay-opacity":"","overlay-gradient":""},"mobile":{"background-color":"","background-image":"","background-repeat":"repeat","background-position":"center center","background-size":"auto","background-attachment":"scroll","background-type":"","background-media":"","overlay-type":"","overlay-color":"","overlay-opacity":"","overlay-gradient":""}},"ast-content-background-meta":{"desktop":{"background-color":"var(--ast-global-color-4)","background-image":"","background-repeat":"repeat","background-position":"center center","background-size":"auto","background-attachment":"scroll","background-type":"","background-media":"","overlay-type":"","overlay-color":"","overlay-opacity":"","overlay-gradient":""},"tablet":{"background-color":"var(--ast-global-color-4)","background-image":"","background-repeat":"repeat","background-position":"center center","background-size":"auto","background-attachment":"scroll","background-type":"","background-media":"","overlay-type":"","overlay-color":"","overlay-opacity":"","overlay-gradient":""},"mobile":{"background-color":"var(--ast-global-color-4)","background-image":"","background-repeat":"repeat","background-position":"center center","background-size":"auto","background-attachment":"scroll","background-type":"","background-media":"","overlay-type":"","overlay-color":"","overlay-opacity":"","overlay-gradient":""}},"footnotes":""},"categories":[],"tags":[],"class_list":["post-124374","page","type-page","status-publish","hentry"],"yoast_head":"<!-- This site is optimized with the Yoast SEO Premium plugin v27.4 (Yoast SEO v27.4) - https:\/\/yoast.com\/product\/yoast-seo-premium-wordpress\/ -->\n<title>Wayne A Jones - City of Miami Beach<\/title>\n<meta name=\"description\" content=\"Deputy Chief Wayne A. Jones was appointed as the deputy police chief of the Miami Beach Police Department on July 1, 2019. Jones has served with the Department since 1996. During his tenure, he has succeeded in various capacities and positions of rank, including patrol and special operations, community affairs, internal affairs, and criminal investigations. Most recently, he was assigned as Major of the Criminal Investigations division, overseeing all investigations.\" \/>\n<meta name=\"robots\" content=\"index, follow, max-snippet:-1, max-image-preview:large, max-video-preview:-1\" \/>\n<link rel=\"canonical\" href=\"https:\/\/www.miamibeachfl.gov\/fr\/yourmbpd\/wayne-a-jones\/\" \/>\n<meta property=\"og:locale\" content=\"fr_FR\" \/>\n<meta property=\"og:type\" content=\"article\" \/>\n<meta property=\"og:title\" content=\"Wayne A Jones\" \/>\n<meta property=\"og:description\" content=\"Deputy Chief Wayne A. Jones was appointed as the deputy police chief of the Miami Beach Police Department on July 1, 2019. Jones has served with the Department since 1996. During his tenure, he has succeeded in various capacities and positions of rank, including patrol and special operations, community affairs, internal affairs, and criminal investigations. Most recently, he was assigned as Major of the Criminal Investigations division, overseeing all investigations.\" \/>\n<meta property=\"og:url\" content=\"https:\/\/www.miamibeachfl.gov\/fr\/yourmbpd\/wayne-a-jones\/\" \/>\n<meta property=\"og:site_name\" content=\"City of Miami Beach\" \/>\n<meta property=\"article:publisher\" content=\"https:\/\/www.facebook.com\/cityofmiamibeach\" \/>\n<meta property=\"article:modified_time\" content=\"2026-01-07T15:13:06+00:00\" \/>\n<meta property=\"og:image\" content=\"https:\/\/www.miamibeachfl.gov\/wp-content\/uploads\/2019\/12\/badge-for-banner.png\" \/>\n<meta name=\"twitter:card\" content=\"summary_large_image\" \/>\n<meta name=\"twitter:site\" content=\"@Miamibeachnews\" \/>\n<script type=\"application\/ld+json\" class=\"yoast-schema-graph\">{\"@context\":\"https:\\\/\\\/schema.org\",\"@graph\":[{\"@type\":\"WebPage\",\"@id\":\"https:\\\/\\\/www.miamibeachfl.gov\\\/yourmbpd\\\/wayne-a-jones\\\/\",\"url\":\"https:\\\/\\\/www.miamibeachfl.gov\\\/yourmbpd\\\/wayne-a-jones\\\/\",\"name\":\"Wayne A Jones - City of Miami Beach\",\"isPartOf\":{\"@id\":\"https:\\\/\\\/www.miamibeachfl.gov\\\/#website\"},\"primaryImageOfPage\":{\"@id\":\"https:\\\/\\\/www.miamibeachfl.gov\\\/yourmbpd\\\/wayne-a-jones\\\/#primaryimage\"},\"image\":{\"@id\":\"https:\\\/\\\/www.miamibeachfl.gov\\\/yourmbpd\\\/wayne-a-jones\\\/#primaryimage\"},\"thumbnailUrl\":\"https:\\\/\\\/www.miamibeachfl.gov\\\/wp-content\\\/uploads\\\/2019\\\/12\\\/badge-for-banner.png\",\"datePublished\":\"2020-01-29T22:03:29+00:00\",\"dateModified\":\"2026-01-07T15:13:06+00:00\",\"description\":\"Deputy Chief Wayne A. Jones was appointed as the deputy police chief of the Miami Beach Police Department on July 1, 2019. Jones has served with the Department since 1996. During his tenure, he has succeeded in various capacities and positions of rank, including patrol and special operations, community affairs, internal affairs, and criminal investigations. Most recently, he was assigned as Major of the Criminal Investigations division, overseeing all investigations.\",\"breadcrumb\":{\"@id\":\"https:\\\/\\\/www.miamibeachfl.gov\\\/yourmbpd\\\/wayne-a-jones\\\/#breadcrumb\"},\"inLanguage\":\"fr-FR\",\"potentialAction\":[{\"@type\":\"ReadAction\",\"target\":[\"https:\\\/\\\/www.miamibeachfl.gov\\\/yourmbpd\\\/wayne-a-jones\\\/\"]}]},{\"@type\":\"ImageObject\",\"inLanguage\":\"fr-FR\",\"@id\":\"https:\\\/\\\/www.miamibeachfl.gov\\\/yourmbpd\\\/wayne-a-jones\\\/#primaryimage\",\"url\":\"https:\\\/\\\/www.miamibeachfl.gov\\\/wp-content\\\/uploads\\\/2019\\\/12\\\/badge-for-banner.png\",\"contentUrl\":\"https:\\\/\\\/www.miamibeachfl.gov\\\/wp-content\\\/uploads\\\/2019\\\/12\\\/badge-for-banner.png\"},{\"@type\":\"BreadcrumbList\",\"@id\":\"https:\\\/\\\/www.miamibeachfl.gov\\\/yourmbpd\\\/wayne-a-jones\\\/#breadcrumb\",\"itemListElement\":[{\"@type\":\"ListItem\",\"position\":1,\"name\":\"Home\",\"item\":\"https:\\\/\\\/www.miamibeachfl.gov\\\/\"},{\"@type\":\"ListItem\",\"position\":2,\"name\":\"Police\",\"item\":\"https:\\\/\\\/www.miamibeachfl.gov\\\/yourmbpd\\\/\"},{\"@type\":\"ListItem\",\"position\":3,\"name\":\"Wayne A Jones\"}]},{\"@type\":\"WebSite\",\"@id\":\"https:\\\/\\\/www.miamibeachfl.gov\\\/#website\",\"url\":\"https:\\\/\\\/www.miamibeachfl.gov\\\/\",\"name\":\"City of Miami Beach\",\"description\":\"The official website of the City of Miami Beach. Stay informed, find important information on city services, news, alerts, events, trolley routes, government employment and more.\",\"publisher\":{\"@id\":\"https:\\\/\\\/www.miamibeachfl.gov\\\/#organization\"},\"potentialAction\":[{\"@type\":\"SearchAction\",\"target\":{\"@type\":\"EntryPoint\",\"urlTemplate\":\"https:\\\/\\\/www.miamibeachfl.gov\\\/?s={search_term_string}\"},\"query-input\":{\"@type\":\"PropertyValueSpecification\",\"valueRequired\":true,\"valueName\":\"search_term_string\"}}],\"inLanguage\":\"fr-FR\"},{\"@type\":\"Organization\",\"@id\":\"https:\\\/\\\/www.miamibeachfl.gov\\\/#organization\",\"name\":\"City of Miami Beach\",\"url\":\"https:\\\/\\\/www.miamibeachfl.gov\\\/\",\"logo\":{\"@type\":\"ImageObject\",\"inLanguage\":\"fr-FR\",\"@id\":\"https:\\\/\\\/www.miamibeachfl.gov\\\/#\\\/schema\\\/logo\\\/image\\\/\",\"url\":\"https:\\\/\\\/www.miamibeachfl.gov\\\/wp-content\\\/uploads\\\/2022\\\/06\\\/miamibeach-logoblue.png\",\"contentUrl\":\"https:\\\/\\\/www.miamibeachfl.gov\\\/wp-content\\\/uploads\\\/2022\\\/06\\\/miamibeach-logoblue.png\",\"width\":1962,\"height\":381,\"caption\":\"City of Miami Beach\"},\"image\":{\"@id\":\"https:\\\/\\\/www.miamibeachfl.gov\\\/#\\\/schema\\\/logo\\\/image\\\/\"},\"sameAs\":[\"https:\\\/\\\/www.facebook.com\\\/cityofmiamibeach\",\"https:\\\/\\\/x.com\\\/Miamibeachnews\",\"https:\\\/\\\/www.instagram.com\\\/miamibeachnews\\\/\"],\"description\":\"The official website of the City of Miami Beach. Stay informed, find important information on city services, news, alerts, events, trolley routes, government employment and more.\",\"telephone\":\"305.604.CITY(2489)\",\"legalName\":\"City of Miami Beach\"}]}<\/script>\n<!-- \/ Yoast SEO Premium plugin. -->","yoast_head_json":{"title":"Wayne A. Jones - Ville de Miami Beach","description":"Le chef adjoint Wayne A. Jones a \u00e9t\u00e9 nomm\u00e9 chef adjoint de la police de Miami Beach le 1er juillet 2019. Il est au service de la police depuis 1996. Durant son mandat, il a occup\u00e9 divers postes et responsabilit\u00e9s, notamment dans les patrouilles et les op\u00e9rations sp\u00e9ciales, les affaires communautaires, les affaires internes et les enqu\u00eates criminelles. Plus r\u00e9cemment, il a \u00e9t\u00e9 nomm\u00e9 commandant de la division des enqu\u00eates criminelles, supervisant l&#039;ensemble des enqu\u00eates.","robots":{"index":"index","follow":"follow","max-snippet":"max-snippet:-1","max-image-preview":"max-image-preview:large","max-video-preview":"max-video-preview:-1"},"canonical":"https:\/\/www.miamibeachfl.gov\/fr\/yourmbpd\/wayne-a-jones\/","og_locale":"fr_FR","og_type":"article","og_title":"Wayne A Jones","og_description":"Deputy Chief Wayne A. Jones was appointed as the deputy police chief of the Miami Beach Police Department on July 1, 2019. Jones has served with the Department since 1996. During his tenure, he has succeeded in various capacities and positions of rank, including patrol and special operations, community affairs, internal affairs, and criminal investigations. Most recently, he was assigned as Major of the Criminal Investigations division, overseeing all investigations.","og_url":"https:\/\/www.miamibeachfl.gov\/fr\/yourmbpd\/wayne-a-jones\/","og_site_name":"City of Miami Beach","article_publisher":"https:\/\/www.facebook.com\/cityofmiamibeach","article_modified_time":"2026-01-07T15:13:06+00:00","og_image":[{"url":"https:\/\/www.miamibeachfl.gov\/wp-content\/uploads\/2019\/12\/badge-for-banner.png","type":"","width":"","height":""}],"twitter_card":"summary_large_image","twitter_site":"@Miamibeachnews","schema":{"@context":"https:\/\/schema.org","@graph":[{"@type":"WebPage","@id":"https:\/\/www.miamibeachfl.gov\/yourmbpd\/wayne-a-jones\/","url":"https:\/\/www.miamibeachfl.gov\/yourmbpd\/wayne-a-jones\/","name":"Wayne A. Jones - Ville de Miami Beach","isPartOf":{"@id":"https:\/\/www.miamibeachfl.gov\/#website"},"primaryImageOfPage":{"@id":"https:\/\/www.miamibeachfl.gov\/yourmbpd\/wayne-a-jones\/#primaryimage"},"image":{"@id":"https:\/\/www.miamibeachfl.gov\/yourmbpd\/wayne-a-jones\/#primaryimage"},"thumbnailUrl":"https:\/\/www.miamibeachfl.gov\/wp-content\/uploads\/2019\/12\/badge-for-banner.png","datePublished":"2020-01-29T22:03:29+00:00","dateModified":"2026-01-07T15:13:06+00:00","description":"Le chef adjoint Wayne A. Jones a \u00e9t\u00e9 nomm\u00e9 chef adjoint de la police de Miami Beach le 1er juillet 2019. Il est au service de la police depuis 1996. Durant son mandat, il a occup\u00e9 divers postes et responsabilit\u00e9s, notamment dans les patrouilles et les op\u00e9rations sp\u00e9ciales, les affaires communautaires, les affaires internes et les enqu\u00eates criminelles. Plus r\u00e9cemment, il a \u00e9t\u00e9 nomm\u00e9 commandant de la division des enqu\u00eates criminelles, supervisant l&#039;ensemble des enqu\u00eates.","breadcrumb":{"@id":"https:\/\/www.miamibeachfl.gov\/yourmbpd\/wayne-a-jones\/#breadcrumb"},"inLanguage":"fr-FR","potentialAction":[{"@type":"ReadAction","target":["https:\/\/www.miamibeachfl.gov\/yourmbpd\/wayne-a-jones\/"]}]},{"@type":"ImageObject","inLanguage":"fr-FR","@id":"https:\/\/www.miamibeachfl.gov\/yourmbpd\/wayne-a-jones\/#primaryimage","url":"https:\/\/www.miamibeachfl.gov\/wp-content\/uploads\/2019\/12\/badge-for-banner.png","contentUrl":"https:\/\/www.miamibeachfl.gov\/wp-content\/uploads\/2019\/12\/badge-for-banner.png"},{"@type":"BreadcrumbList","@id":"https:\/\/www.miamibeachfl.gov\/yourmbpd\/wayne-a-jones\/#breadcrumb","itemListElement":[{"@type":"ListItem","position":1,"name":"Home","item":"https:\/\/www.miamibeachfl.gov\/"},{"@type":"ListItem","position":2,"name":"Police","item":"https:\/\/www.miamibeachfl.gov\/yourmbpd\/"},{"@type":"ListItem","position":3,"name":"Wayne A Jones"}]},{"@type":"WebSite","@id":"https:\/\/www.miamibeachfl.gov\/#website","url":"https:\/\/www.miamibeachfl.gov\/","name":"Ville de Miami Beach","description":"Site officiel de la ville de Miami Beach. Restez inform\u00e9 et trouvez des informations importantes sur les services municipaux, les actualit\u00e9s, les alertes, les \u00e9v\u00e9nements, les itin\u00e9raires de tramway, les emplois gouvernementaux et bien plus encore.","publisher":{"@id":"https:\/\/www.miamibeachfl.gov\/#organization"},"potentialAction":[{"@type":"SearchAction","target":{"@type":"EntryPoint","urlTemplate":"https:\/\/www.miamibeachfl.gov\/?s={search_term_string}"},"query-input":{"@type":"PropertyValueSpecification","valueRequired":true,"valueName":"search_term_string"}}],"inLanguage":"fr-FR"},{"@type":"Organization","@id":"https:\/\/www.miamibeachfl.gov\/#organization","name":"Ville de Miami Beach","url":"https:\/\/www.miamibeachfl.gov\/","logo":{"@type":"ImageObject","inLanguage":"fr-FR","@id":"https:\/\/www.miamibeachfl.gov\/#\/schema\/logo\/image\/","url":"https:\/\/www.miamibeachfl.gov\/wp-content\/uploads\/2022\/06\/miamibeach-logoblue.png","contentUrl":"https:\/\/www.miamibeachfl.gov\/wp-content\/uploads\/2022\/06\/miamibeach-logoblue.png","width":1962,"height":381,"caption":"City of Miami Beach"},"image":{"@id":"https:\/\/www.miamibeachfl.gov\/#\/schema\/logo\/image\/"},"sameAs":["https:\/\/www.facebook.com\/cityofmiamibeach","https:\/\/x.com\/Miamibeachnews","https:\/\/www.instagram.com\/miamibeachnews\/"],"description":"Site officiel de la ville de Miami Beach. Restez inform\u00e9 et trouvez des informations importantes sur les services municipaux, les actualit\u00e9s, les alertes, les \u00e9v\u00e9nements, les itin\u00e9raires de tramway, les emplois gouvernementaux et bien plus encore.","telephone":"305.604.CITY(2489)","legalName":"City of Miami Beach"}]}},"_links":{"self":[{"href":"https:\/\/www.miamibeachfl.gov\/fr\/wp-json\/wp\/v2\/pages\/124374","targetHints":{"allow":["GET"]}}],"collection":[{"href":"https:\/\/www.miamibeachfl.gov\/fr\/wp-json\/wp\/v2\/pages"}],"about":[{"href":"https:\/\/www.miamibeachfl.gov\/fr\/wp-json\/wp\/v2\/types\/page"}],"author":[{"embeddable":true,"href":"https:\/\/www.miamibeachfl.gov\/fr\/wp-json\/wp\/v2\/users\/222"}],"replies":[{"embeddable":true,"href":"https:\/\/www.miamibeachfl.gov\/fr\/wp-json\/wp\/v2\/comments?post=124374"}],"version-history":[{"count":7,"href":"https:\/\/www.miamibeachfl.gov\/fr\/wp-json\/wp\/v2\/pages\/124374\/revisions"}],"predecessor-version":[{"id":394648,"href":"https:\/\/www.miamibeachfl.gov\/fr\/wp-json\/wp\/v2\/pages\/124374\/revisions\/394648"}],"up":[{"embeddable":true,"href":"https:\/\/www.miamibeachfl.gov\/fr\/wp-json\/wp\/v2\/pages\/120936"}],"wp:attachment":[{"href":"https:\/\/www.miamibeachfl.gov\/fr\/wp-json\/wp\/v2\/media?parent=124374"}],"wp:term":[{"taxonomy":"category","embeddable":true,"href":"https:\/\/www.miamibeachfl.gov\/fr\/wp-json\/wp\/v2\/categories?post=124374"},{"taxonomy":"post_tag","embeddable":true,"href":"https:\/\/www.miamibeachfl.gov\/fr\/wp-json\/wp\/v2\/tags?post=124374"}],"curies":[{"name":"wp","href":"https:\/\/api.w.org\/{rel}","templated":true}]}}