{"id":124408,"date":"2020-01-30T12:36:28","date_gmt":"2020-01-30T17:36:28","guid":{"rendered":"http:\/\/www.miamibeachfl.gov\/?page_id=124408"},"modified":"2025-06-07T10:33:27","modified_gmt":"2025-06-07T14:33:27","slug":"enrique-doce","status":"publish","type":"page","link":"https:\/\/www.miamibeachfl.gov\/fr\/yourmbpd\/enrique-doce\/","title":{"rendered":"Enrique Doce"},"content":{"rendered":"<a href=\"\/fr\/yourmbpd\/\"  target=\"_self\" itemprop=\"url\">\n\t\t\t\t<img decoding=\"async\" src=\"https:\/\/www.miamibeachfl.gov\/wp-content\/uploads\/2019\/12\/badge-for-banner.png\" alt=\"badge for banner\" itemprop=\"image\" title=\"badge pour banni\u00e8re\" onerror=\"this.style.display='none'\" loading='lazy' \/>\n\t\t\t\t<\/a>\n<h3>\n\t\t<a href=\"\/fr\/yourmbpd\/leadership\/\" title=\"DIRECTION\"  target=\"_self\">\n\t\t\tDIRECTION\t\t<\/a>\n\t<\/h3>\n<h3>\n\t\t<a href=\"\/fr\/yourmbpd\/neighborhoods\/\" title=\"QUARTIERS\"  target=\"_self\">\n\t\t\tQUARTIERS\t\t<\/a>\n\t<\/h3>\n<h3>\n\t\t<a href=\"\/fr\/yourmbpd\/services\/\" title=\"SERVICES\"  target=\"_self\">\n\t\t\tSERVICES\t\t<\/a>\n\t<\/h3>\n\t\t\t\t<img decoding=\"async\" src=\"http:\/\/www.miamibeachfl.gov\/wp-content\/uploads\/2019\/11\/Major-Enrique-Doce.jpg\" alt=\"Major Enrique Doce\" itemprop=\"image\" title=\"Major Enrique Doce\" onerror=\"this.style.display='none'\" loading='lazy' \/>\n<h1>\n\t\t\tEnrique Doce\t<\/h1>\n<h2>\n\t\t\tMajor en enqu\u00eates criminelles\t<\/h2>\n\t<p><strong>Major Enrique Doce<\/strong> N\u00e9 \u00e0 La Havane, \u00e0 Cuba, le major Doce a grandi \u00e0 Miami, en Floride. Il est dipl\u00f4m\u00e9 du lyc\u00e9e j\u00e9suite de Belen et du Miami-Dade College. Il a r\u00e9cemment obtenu une licence et une ma\u00eetrise en administration publique \u00e0 l&#039;universit\u00e9 Barry. Il a supervis\u00e9 avec succ\u00e8s notre division des op\u00e9rations au cours des deux derni\u00e8res ann\u00e9es, supervisant la zone sud, la zone de Mid-Beach, la zone de r\u00e9am\u00e9nagement (RDA), le quartier des divertissements et la zone nord de la sous-station de North End. Il dirige d\u00e9sormais notre division des enqu\u00eates criminelles pour la deuxi\u00e8me fois de sa carri\u00e8re. Il a \u00e9galement \u00e9t\u00e9 commandant de notre division des affaires internes.<\/p>\n<p>Le major Doce a d\u00e9but\u00e9 sa carri\u00e8re dans les forces de l&#039;ordre au sein du d\u00e9partement de police de Virginia Gardens en 1984, puis a rejoint celui de Miami Beach en 1989. Au sein de la division des patrouilles, il a effectu\u00e9 diverses missions d&#039;infiltration et a particip\u00e9 \u00e0 l&#039;\u00e9mission t\u00e9l\u00e9vis\u00e9e COPS. Il a ensuite \u00e9t\u00e9 s\u00e9lectionn\u00e9 pour int\u00e9grer l&#039;unit\u00e9 canine de la police, o\u00f9 il a servi pendant vingt et un ans comme ma\u00eetre-chien, sergent, lieutenant et capitaine.<\/p>\n<p>Le major Doce a coordonn\u00e9 la planification et la mise en \u0153uvre de la planification du week-end du Memorial Day du D\u00e9partement depuis 2009 et a mis en \u0153uvre la formation de rel\u00e8ve des membres du personnel junior dans le processus de planification de 2015.<\/p>\n<p>Au cours de ses trente-trois ann\u00e9es au sein du d\u00e9partement de police de Miami Beach, le major Doce a \u00e9t\u00e9 nomm\u00e9 officier du mois huit fois et a \u00e9t\u00e9 officier de l&#039;ann\u00e9e en 2001. Il a remport\u00e9 le prix du patrimoine hispanique en octobre 2016 pour son service en tant que professionnel de la s\u00e9curit\u00e9 publique hispanique.<\/p>\n<p>Le major Doce poursuit constamment sa croissance au sein et \u00e0 l&#039;ext\u00e9rieur du d\u00e9partement de police de Miami Beach pour approfondir ses connaissances et ses opportunit\u00e9s.<\/p>\n<h4>\n\t\t\t1100, avenue Washington,<br \/>Miami Beach, Floride 33139\t<\/h4>\n<h4>\n\t\t\t305.673.7776 poste 5449\t<\/h4>\n<h4>\n\t\t<a href=\"mailto:enriquedoce@miamibeachfl.gov\" title=\"enriquedoce@miamibeachfl.gov\"  target=\"_self\">\n\t\t\tenriquedoce@miamibeachfl.gov\t\t<\/a>\n\t<\/h4>\n\t<p>\u00a9 2025 Copyright Ville de Miami Beach.<\/p>\n\t\t\t<a href=\"\/fr\/\" target=\"_self\">\n\t\t\t\t\t\t\tSite Web de la ville de Miami Beach\n\t\t\t\t\t<\/a>\n\t\t\t<a href=\"\/fr\/policies-disclaimers\/\" target=\"_self\">\n\t\t\t\t\t\t\tPolitiques et avis de non-responsabilit\u00e9\n\t\t\t\t\t<\/a>\n\t\t\t<a href=\"\/fr\/accessibility\/\" target=\"_self\">\n\t\t\t\t\t\t\tAccessibilit\u00e9\n\t\t\t\t\t<\/a>\n\t\t\t<a href=\"\/fr\/policies-disclaimers\/#cookies\" target=\"_self\">\n\t\t\t\t\t\t\tParam\u00e8tres des cookies\n\t\t\t\t\t<\/a>","protected":false},"excerpt":{"rendered":"<p>DIRECTION QUARTIERS SERVICES Enrique Doce Enqu\u00eates criminelles Major Le major Enrique Doce est n\u00e9 \u00e0 La Havane, \u00e0 Cuba, et a grandi \u00e0 [\u2026]<\/p>","protected":false},"author":222,"featured_media":0,"parent":120936,"menu_order":111,"comment_status":"closed","ping_status":"closed","template":"","meta":{"_searchwp_excluded":"","site-sidebar-layout":"default","site-content-layout":"","ast-site-content-layout":"","site-content-style":"default","site-sidebar-style":"default","ast-global-header-display":"disabled","ast-banner-title-visibility":"","ast-main-header-display":"","ast-hfb-above-header-display":"","ast-hfb-below-header-display":"","ast-hfb-mobile-header-display":"","site-post-title":"","ast-breadcrumbs-content":"","ast-featured-img":"","footer-sml-layout":"disabled","theme-transparent-header-meta":"","adv-header-id-meta":"","stick-header-meta":"","header-above-stick-meta":"","header-main-stick-meta":"","header-below-stick-meta":"","astra-migrate-meta-layouts":"default","ast-page-background-enabled":"default","ast-page-background-meta":{"desktop":{"background-color":"var(--ast-global-color-5)","background-image":"","background-repeat":"repeat","background-position":"center center","background-size":"auto","background-attachment":"scroll","background-type":"","background-media":"","overlay-type":"","overlay-color":"","overlay-opacity":"","overlay-gradient":""},"tablet":{"background-color":"","background-image":"","background-repeat":"repeat","background-position":"center center","background-size":"auto","background-attachment":"scroll","background-type":"","background-media":"","overlay-type":"","overlay-color":"","overlay-opacity":"","overlay-gradient":""},"mobile":{"background-color":"","background-image":"","background-repeat":"repeat","background-position":"center center","background-size":"auto","background-attachment":"scroll","background-type":"","background-media":"","overlay-type":"","overlay-color":"","overlay-opacity":"","overlay-gradient":""}},"ast-content-background-meta":{"desktop":{"background-color":"var(--ast-global-color-4)","background-image":"","background-repeat":"repeat","background-position":"center center","background-size":"auto","background-attachment":"scroll","background-type":"","background-media":"","overlay-type":"","overlay-color":"","overlay-opacity":"","overlay-gradient":""},"tablet":{"background-color":"var(--ast-global-color-4)","background-image":"","background-repeat":"repeat","background-position":"center center","background-size":"auto","background-attachment":"scroll","background-type":"","background-media":"","overlay-type":"","overlay-color":"","overlay-opacity":"","overlay-gradient":""},"mobile":{"background-color":"var(--ast-global-color-4)","background-image":"","background-repeat":"repeat","background-position":"center center","background-size":"auto","background-attachment":"scroll","background-type":"","background-media":"","overlay-type":"","overlay-color":"","overlay-opacity":"","overlay-gradient":""}},"footnotes":""},"categories":[],"tags":[],"class_list":["post-124408","page","type-page","status-publish","hentry"],"yoast_head":"<!-- This site is optimized with the Yoast SEO Premium plugin v26.6 (Yoast SEO v26.6) - https:\/\/yoast.com\/wordpress\/plugins\/seo\/ -->\n<title>Enrique Doce - City of Miami Beach<\/title>\n<meta name=\"description\" content=\"%\" \/>\n<meta name=\"robots\" content=\"index, follow, max-snippet:-1, max-image-preview:large, max-video-preview:-1\" \/>\n<link rel=\"canonical\" href=\"https:\/\/www.miamibeachfl.gov\/fr\/yourmbpd\/enrique-doce\/\" \/>\n<meta property=\"og:locale\" content=\"fr_FR\" \/>\n<meta property=\"og:type\" content=\"article\" \/>\n<meta property=\"og:title\" content=\"Enrique Doce\" \/>\n<meta property=\"og:description\" content=\"%\" \/>\n<meta property=\"og:url\" content=\"https:\/\/www.miamibeachfl.gov\/fr\/yourmbpd\/enrique-doce\/\" \/>\n<meta property=\"og:site_name\" content=\"City of Miami Beach\" \/>\n<meta property=\"article:publisher\" content=\"https:\/\/www.facebook.com\/cityofmiamibeach\" \/>\n<meta property=\"article:modified_time\" content=\"2025-06-07T14:33:27+00:00\" \/>\n<meta property=\"og:image\" content=\"https:\/\/www.miamibeachfl.gov\/wp-content\/uploads\/2019\/12\/badge-for-banner.png\" \/>\n<meta name=\"twitter:card\" content=\"summary_large_image\" \/>\n<meta name=\"twitter:site\" content=\"@Miamibeachnews\" \/>\n<script type=\"application\/ld+json\" class=\"yoast-schema-graph\">{\"@context\":\"https:\/\/schema.org\",\"@graph\":[{\"@type\":\"WebPage\",\"@id\":\"https:\/\/www.miamibeachfl.gov\/yourmbpd\/enrique-doce\/\",\"url\":\"https:\/\/www.miamibeachfl.gov\/yourmbpd\/enrique-doce\/\",\"name\":\"Enrique Doce - City of Miami Beach\",\"isPartOf\":{\"@id\":\"https:\/\/www.miamibeachfl.gov\/#website\"},\"primaryImageOfPage\":{\"@id\":\"https:\/\/www.miamibeachfl.gov\/yourmbpd\/enrique-doce\/#primaryimage\"},\"image\":{\"@id\":\"https:\/\/www.miamibeachfl.gov\/yourmbpd\/enrique-doce\/#primaryimage\"},\"thumbnailUrl\":\"https:\/\/www.miamibeachfl.gov\/wp-content\/uploads\/2019\/12\/badge-for-banner.png\",\"datePublished\":\"2020-01-30T17:36:28+00:00\",\"dateModified\":\"2025-06-07T14:33:27+00:00\",\"description\":\"%\",\"breadcrumb\":{\"@id\":\"https:\/\/www.miamibeachfl.gov\/yourmbpd\/enrique-doce\/#breadcrumb\"},\"inLanguage\":\"fr-FR\",\"potentialAction\":[{\"@type\":\"ReadAction\",\"target\":[\"https:\/\/www.miamibeachfl.gov\/yourmbpd\/enrique-doce\/\"]}]},{\"@type\":\"ImageObject\",\"inLanguage\":\"fr-FR\",\"@id\":\"https:\/\/www.miamibeachfl.gov\/yourmbpd\/enrique-doce\/#primaryimage\",\"url\":\"https:\/\/www.miamibeachfl.gov\/wp-content\/uploads\/2019\/12\/badge-for-banner.png\",\"contentUrl\":\"https:\/\/www.miamibeachfl.gov\/wp-content\/uploads\/2019\/12\/badge-for-banner.png\"},{\"@type\":\"BreadcrumbList\",\"@id\":\"https:\/\/www.miamibeachfl.gov\/yourmbpd\/enrique-doce\/#breadcrumb\",\"itemListElement\":[{\"@type\":\"ListItem\",\"position\":1,\"name\":\"Home\",\"item\":\"https:\/\/www.miamibeachfl.gov\/\"},{\"@type\":\"ListItem\",\"position\":2,\"name\":\"Police\",\"item\":\"https:\/\/www.miamibeachfl.gov\/yourmbpd\/\"},{\"@type\":\"ListItem\",\"position\":3,\"name\":\"Enrique Doce\"}]},{\"@type\":\"WebSite\",\"@id\":\"https:\/\/www.miamibeachfl.gov\/#website\",\"url\":\"https:\/\/www.miamibeachfl.gov\/\",\"name\":\"City of Miami Beach\",\"description\":\"The official website of the City of Miami Beach. Stay informed, find important information on city services, news, alerts, events, trolley routes, government employment and more.\",\"publisher\":{\"@id\":\"https:\/\/www.miamibeachfl.gov\/#organization\"},\"potentialAction\":[{\"@type\":\"SearchAction\",\"target\":{\"@type\":\"EntryPoint\",\"urlTemplate\":\"https:\/\/www.miamibeachfl.gov\/?s={search_term_string}\"},\"query-input\":{\"@type\":\"PropertyValueSpecification\",\"valueRequired\":true,\"valueName\":\"search_term_string\"}}],\"inLanguage\":\"fr-FR\"},{\"@type\":\"Organization\",\"@id\":\"https:\/\/www.miamibeachfl.gov\/#organization\",\"name\":\"City of Miami Beach\",\"url\":\"https:\/\/www.miamibeachfl.gov\/\",\"logo\":{\"@type\":\"ImageObject\",\"inLanguage\":\"fr-FR\",\"@id\":\"https:\/\/www.miamibeachfl.gov\/#\/schema\/logo\/image\/\",\"url\":\"https:\/\/www.miamibeachfl.gov\/wp-content\/uploads\/2022\/06\/miamibeach-logoblue.png\",\"contentUrl\":\"https:\/\/www.miamibeachfl.gov\/wp-content\/uploads\/2022\/06\/miamibeach-logoblue.png\",\"width\":1962,\"height\":381,\"caption\":\"City of Miami Beach\"},\"image\":{\"@id\":\"https:\/\/www.miamibeachfl.gov\/#\/schema\/logo\/image\/\"},\"sameAs\":[\"https:\/\/www.facebook.com\/cityofmiamibeach\",\"https:\/\/x.com\/Miamibeachnews\",\"https:\/\/www.instagram.com\/miamibeachnews\/\"],\"description\":\"The official website of the City of Miami Beach. Stay informed, find important information on city services, news, alerts, events, trolley routes, government employment and more.\",\"telephone\":\"305.604.CITY(2489)\",\"legalName\":\"City of Miami Beach\"}]}<\/script>\n<!-- \/ Yoast SEO Premium plugin. -->","yoast_head_json":{"title":"Enrique Doce - Ville de Miami Beach","description":"%","robots":{"index":"index","follow":"follow","max-snippet":"max-snippet:-1","max-image-preview":"max-image-preview:large","max-video-preview":"max-video-preview:-1"},"canonical":"https:\/\/www.miamibeachfl.gov\/fr\/yourmbpd\/enrique-doce\/","og_locale":"fr_FR","og_type":"article","og_title":"Enrique Doce","og_description":"%","og_url":"https:\/\/www.miamibeachfl.gov\/fr\/yourmbpd\/enrique-doce\/","og_site_name":"City of Miami Beach","article_publisher":"https:\/\/www.facebook.com\/cityofmiamibeach","article_modified_time":"2025-06-07T14:33:27+00:00","og_image":[{"url":"https:\/\/www.miamibeachfl.gov\/wp-content\/uploads\/2019\/12\/badge-for-banner.png","type":"","width":"","height":""}],"twitter_card":"summary_large_image","twitter_site":"@Miamibeachnews","schema":{"@context":"https:\/\/schema.org","@graph":[{"@type":"WebPage","@id":"https:\/\/www.miamibeachfl.gov\/yourmbpd\/enrique-doce\/","url":"https:\/\/www.miamibeachfl.gov\/yourmbpd\/enrique-doce\/","name":"Enrique Doce - Ville de Miami Beach","isPartOf":{"@id":"https:\/\/www.miamibeachfl.gov\/#website"},"primaryImageOfPage":{"@id":"https:\/\/www.miamibeachfl.gov\/yourmbpd\/enrique-doce\/#primaryimage"},"image":{"@id":"https:\/\/www.miamibeachfl.gov\/yourmbpd\/enrique-doce\/#primaryimage"},"thumbnailUrl":"https:\/\/www.miamibeachfl.gov\/wp-content\/uploads\/2019\/12\/badge-for-banner.png","datePublished":"2020-01-30T17:36:28+00:00","dateModified":"2025-06-07T14:33:27+00:00","description":"%","breadcrumb":{"@id":"https:\/\/www.miamibeachfl.gov\/yourmbpd\/enrique-doce\/#breadcrumb"},"inLanguage":"fr-FR","potentialAction":[{"@type":"ReadAction","target":["https:\/\/www.miamibeachfl.gov\/yourmbpd\/enrique-doce\/"]}]},{"@type":"ImageObject","inLanguage":"fr-FR","@id":"https:\/\/www.miamibeachfl.gov\/yourmbpd\/enrique-doce\/#primaryimage","url":"https:\/\/www.miamibeachfl.gov\/wp-content\/uploads\/2019\/12\/badge-for-banner.png","contentUrl":"https:\/\/www.miamibeachfl.gov\/wp-content\/uploads\/2019\/12\/badge-for-banner.png"},{"@type":"BreadcrumbList","@id":"https:\/\/www.miamibeachfl.gov\/yourmbpd\/enrique-doce\/#breadcrumb","itemListElement":[{"@type":"ListItem","position":1,"name":"Home","item":"https:\/\/www.miamibeachfl.gov\/"},{"@type":"ListItem","position":2,"name":"Police","item":"https:\/\/www.miamibeachfl.gov\/yourmbpd\/"},{"@type":"ListItem","position":3,"name":"Enrique Doce"}]},{"@type":"WebSite","@id":"https:\/\/www.miamibeachfl.gov\/#website","url":"https:\/\/www.miamibeachfl.gov\/","name":"Ville de Miami Beach","description":"Site officiel de la ville de Miami Beach. Restez inform\u00e9 et trouvez des informations importantes sur les services municipaux, les actualit\u00e9s, les alertes, les \u00e9v\u00e9nements, les itin\u00e9raires de tramway, les emplois gouvernementaux et bien plus encore.","publisher":{"@id":"https:\/\/www.miamibeachfl.gov\/#organization"},"potentialAction":[{"@type":"SearchAction","target":{"@type":"EntryPoint","urlTemplate":"https:\/\/www.miamibeachfl.gov\/?s={search_term_string}"},"query-input":{"@type":"PropertyValueSpecification","valueRequired":true,"valueName":"search_term_string"}}],"inLanguage":"fr-FR"},{"@type":"Organization","@id":"https:\/\/www.miamibeachfl.gov\/#organization","name":"Ville de Miami Beach","url":"https:\/\/www.miamibeachfl.gov\/","logo":{"@type":"ImageObject","inLanguage":"fr-FR","@id":"https:\/\/www.miamibeachfl.gov\/#\/schema\/logo\/image\/","url":"https:\/\/www.miamibeachfl.gov\/wp-content\/uploads\/2022\/06\/miamibeach-logoblue.png","contentUrl":"https:\/\/www.miamibeachfl.gov\/wp-content\/uploads\/2022\/06\/miamibeach-logoblue.png","width":1962,"height":381,"caption":"City of Miami Beach"},"image":{"@id":"https:\/\/www.miamibeachfl.gov\/#\/schema\/logo\/image\/"},"sameAs":["https:\/\/www.facebook.com\/cityofmiamibeach","https:\/\/x.com\/Miamibeachnews","https:\/\/www.instagram.com\/miamibeachnews\/"],"description":"Site officiel de la ville de Miami Beach. Restez inform\u00e9 et trouvez des informations importantes sur les services municipaux, les actualit\u00e9s, les alertes, les \u00e9v\u00e9nements, les itin\u00e9raires de tramway, les emplois gouvernementaux et bien plus encore.","telephone":"305.604.CITY(2489)","legalName":"City of Miami Beach"}]}},"_links":{"self":[{"href":"https:\/\/www.miamibeachfl.gov\/fr\/wp-json\/wp\/v2\/pages\/124408","targetHints":{"allow":["GET"]}}],"collection":[{"href":"https:\/\/www.miamibeachfl.gov\/fr\/wp-json\/wp\/v2\/pages"}],"about":[{"href":"https:\/\/www.miamibeachfl.gov\/fr\/wp-json\/wp\/v2\/types\/page"}],"author":[{"embeddable":true,"href":"https:\/\/www.miamibeachfl.gov\/fr\/wp-json\/wp\/v2\/users\/222"}],"replies":[{"embeddable":true,"href":"https:\/\/www.miamibeachfl.gov\/fr\/wp-json\/wp\/v2\/comments?post=124408"}],"version-history":[{"count":0,"href":"https:\/\/www.miamibeachfl.gov\/fr\/wp-json\/wp\/v2\/pages\/124408\/revisions"}],"up":[{"embeddable":true,"href":"https:\/\/www.miamibeachfl.gov\/fr\/wp-json\/wp\/v2\/pages\/120936"}],"wp:attachment":[{"href":"https:\/\/www.miamibeachfl.gov\/fr\/wp-json\/wp\/v2\/media?parent=124408"}],"wp:term":[{"taxonomy":"category","embeddable":true,"href":"https:\/\/www.miamibeachfl.gov\/fr\/wp-json\/wp\/v2\/categories?post=124408"},{"taxonomy":"post_tag","embeddable":true,"href":"https:\/\/www.miamibeachfl.gov\/fr\/wp-json\/wp\/v2\/tags?post=124408"}],"curies":[{"name":"wp","href":"https:\/\/api.w.org\/{rel}","templated":true}]}}