{"id":126401,"date":"2020-03-09T09:05:42","date_gmt":"2020-03-09T13:05:42","guid":{"rendered":"http:\/\/www.miamibeachfl.gov\/inspectorgeneral\/powers-duties\/"},"modified":"2025-05-28T14:41:48","modified_gmt":"2025-05-28T18:41:48","slug":"powers-duties","status":"publish","type":"page","link":"https:\/\/www.miamibeachfl.gov\/fr\/inspectorgeneral\/powers-duties\/","title":{"rendered":"Pouvoirs et devoirs"},"content":{"rendered":"<a href=\"\/fr\/inspectorgeneral\/\"  target=\"_self\" itemprop=\"url\">\n\t\t\t\t<img decoding=\"async\" src=\"https:\/\/www.miamibeachfl.gov\/wp-content\/uploads\/2020\/02\/IGlogoDrafts5-01-1024x791.png\" alt=\"IGlogoDrafts5-01\" itemprop=\"image\" title=\"IGlogoDrafts5-01\" onerror=\"this.style.display='none'\" loading='lazy' \/>\n\t\t\t\t<\/a>\n<h1>\n\t\t\tPouvoirs et devoirs\t<\/h1>\n\t<p>L&#039;OIG peut exiger des fonctionnaires ou des employ\u00e9s de la ville qu&#039;ils fournissent des rapports concernant toute enqu\u00eate qu&#039;il m\u00e8ne et peut d\u00e9livrer des assignations \u00e0 compara\u00eetre \u00e0 des t\u00e9moins pour qu&#039;ils fournissent un t\u00e9moignage sous serment ou pour la production de documents ou d&#039;autres preuves.<\/p>\n<p>L&#039;OIG est sp\u00e9cialement charg\u00e9e de la surveillance des contrats de la Ville, y compris tout contrat ou d\u00e9pense li\u00e9 au programme d&#039;obligations g\u00e9n\u00e9rales de la Ville.<\/p>\n\t<p><strong>Ordonnances ci-dessous :<\/strong><\/p>\n<ul>\n<li><a href=\"http:\/\/www.miamibeachfl.gov\/wp-content\/uploads\/2020\/03\/Ordinance-2020-4325-.5-percent-allocation.pdf\">Ordonnance 2020-4325 (allocation de 0,5 %)<\/a><\/li>\n<li><a href=\"http:\/\/www.miamibeachfl.gov\/wp-content\/uploads\/2020\/03\/Whistleblower-Ordinance.pdf\">Ordonnance sur les lanceurs d&#039;alerte<\/a><\/li>\n<li><a href=\"http:\/\/www.miamibeachfl.gov\/wp-content\/uploads\/2020\/03\/Ordinance-2019-4239-1.pdf\">Ordonnance 2019-4239<\/a><\/li>\n<\/ul>\n<h2>\n\t\t\tLiens rapides de la ville :\t<\/h2>\n\t\t\t<a href=\"\/fr\/city-hall\/\" target=\"_blank\" rel=\"noopener\">\n\t\t\t\t\t\t\tAnnuaire de la ville\n\t\t\t\t\t<\/a>\n\t\t\t<a href=\"\/fr\/city-hall\/city-clerk\/meeting-notices\/\" target=\"_blank\" rel=\"noopener\">\n\t\t\t\t\t\t\tAvis de r\u00e9union municipale\n\t\t\t\t\t<\/a>\n\t\t\t<a href=\"\/fr\/city-hall\/city-clerk\/meetings-and-agendas\/\" target=\"_blank\" rel=\"noopener\">\n\t\t\t\t\t\t\tR\u00e9unions de la Commission et du Conseil d&#039;administration\n\t\t\t\t\t<\/a>\n\t\t\t<a href=\"\/fr\/residents\/neighborhood-associations\/\" target=\"_blank\" rel=\"noopener\">\n\t\t\t\t\t\t\tAssociations de quartier et de copropri\u00e9t\u00e9s\n\t\t\t\t\t<\/a>\n\t\t\t<a href=\"\/fr\/city-employee-helpful-links\/\" target=\"_blank\" rel=\"noopener\">\n\t\t\t\t\t\t\tEmploy\u00e9s\n\t\t\t\t\t<\/a>\n\t\t\t<a href=\"\/fr\/flood-awareness\/\" target=\"_blank\" rel=\"noopener\">\n\t\t\t\t\t\t\tSensibilisation aux inondations\n\t\t\t\t\t<\/a>\n\t\t\t<a href=\"\/fr\/city-hall\/transportation\/tracking-trolley-live\/\" target=\"_blank\" rel=\"noopener\">\n\t\t\t\t\t\t\tMises \u00e0 jour du chariot en direct\n\t\t\t\t\t<\/a>\n\t\t\t<a href=\"\/fr\/government\/master-plans\/\" target=\"_blank\" rel=\"noopener\">\n\t\t\t\t\t\t\tPlans directeurs\n\t\t\t\t\t<\/a>\n\t\t\t<a href=\"\/fr\/city-hall\/parking\/\" target=\"_blank\" rel=\"noopener\">\n\t\t\t\t\t\t\tInformations sur le stationnement\n\t\t\t\t\t<\/a>\n\t\t\t<a href=\"\/fr\/city-hall\/parks-and-recreation\/\" target=\"_self\">\n\t\t\t\t\t\t\tParcs et loisirs\n\t\t\t\t\t<\/a>\n\t\t\t<a href=\"\/fr\/residents\/neighborhood-associations\/neighborhood-affairs-division\/active-projects\/other\/north-beach-cra\/\" target=\"_self\">\n\t\t\t\t\t\t\tAgence de r\u00e9am\u00e9nagement communautaire de North Beach\n\t\t\t\t\t<\/a>\n\t\t\t<a href=\"https:\/\/www2.miami-dadeclerk.com\/PayParking\/\" target=\"_blank\" rel=\"noopener\">\n\t\t\t\t\t\t\tPayer les contraventions de stationnement\n\t\t\t\t\t<\/a>\n\t\t\t<a href=\"\/fr\/pay-invoice\/\" target=\"_blank\" rel=\"noopener\">\n\t\t\t\t\t\t\tPayer les factures\n\t\t\t\t\t<\/a>\n\t\t\t<a href=\"\/fr\/city-hall\/environmental-sustainability\/sustainability\/recycling\/\" target=\"_self\">\n\t\t\t\t\t\t\tRecycler\n\t\t\t\t\t<\/a>\n\t\t\t<a href=\"\/fr\/inspectorgeneral\/\" target=\"_self\">\n\t\t\t\t\t\t\tSignaler une fraude\n\t\t\t\t\t<\/a>\n\t\t\t<a href=\"\/fr\/city-hall\/city-clerk\/special-magistrate\/\" target=\"_self\">\n\t\t\t\t\t\t\tmagistrat sp\u00e9cial\n\t\t\t\t\t<\/a>\n\t\t\t<a href=\"\/fr\/city-hall\/economic-development\/redevelopment-agency\/\" target=\"_self\">\n\t\t\t\t\t\t\tAgence de r\u00e9am\u00e9nagement de Miami Beach\n\t\t\t\t\t<\/a>\n\t<p>\u00a9 2025 Copyright Ville de Miami Beach.<\/p>\n\t\t\t<a href=\"\/fr\/contact\/\" target=\"_self\">\n\t\t\t\t\t\t\tContactez-nous\n\t\t\t\t\t<\/a>\n\t\t\t<a href=\"\/fr\/policies-disclaimers\/\" target=\"_self\">\n\t\t\t\t\t\t\tPolitiques et avis de non-responsabilit\u00e9\n\t\t\t\t\t<\/a>\n\t\t\t<a href=\"\/fr\/accessibility\/\" target=\"_self\">\n\t\t\t\t\t\t\tAccessibilit\u00e9\n\t\t\t\t\t<\/a>\n\t\t\t<a href=\"\/fr\/policies-disclaimers\/#cookies\" target=\"_self\">\n\t\t\t\t\t\t\tParam\u00e8tres des cookies\n\t\t\t\t\t<\/a>","protected":false},"excerpt":{"rendered":"<p>Powers &#038; Duties The OIG may require City officials or employees to provide reports concerning any inquiry it conducts, and [&hellip;]<\/p>\n","protected":false},"author":222,"featured_media":0,"parent":123929,"menu_order":0,"comment_status":"closed","ping_status":"closed","template":"","meta":{"_searchwp_excluded":"","site-sidebar-layout":"default","site-content-layout":"","ast-site-content-layout":"","site-content-style":"default","site-sidebar-style":"default","ast-global-header-display":"disabled","ast-banner-title-visibility":"","ast-main-header-display":"","ast-hfb-above-header-display":"","ast-hfb-below-header-display":"","ast-hfb-mobile-header-display":"","site-post-title":"","ast-breadcrumbs-content":"","ast-featured-img":"","footer-sml-layout":"disabled","theme-transparent-header-meta":"","adv-header-id-meta":"","stick-header-meta":"","header-above-stick-meta":"","header-main-stick-meta":"","header-below-stick-meta":"","astra-migrate-meta-layouts":"default","ast-page-background-enabled":"default","ast-page-background-meta":{"desktop":{"background-color":"var(--ast-global-color-5)","background-image":"","background-repeat":"repeat","background-position":"center center","background-size":"auto","background-attachment":"scroll","background-type":"","background-media":"","overlay-type":"","overlay-color":"","overlay-opacity":"","overlay-gradient":""},"tablet":{"background-color":"","background-image":"","background-repeat":"repeat","background-position":"center center","background-size":"auto","background-attachment":"scroll","background-type":"","background-media":"","overlay-type":"","overlay-color":"","overlay-opacity":"","overlay-gradient":""},"mobile":{"background-color":"","background-image":"","background-repeat":"repeat","background-position":"center center","background-size":"auto","background-attachment":"scroll","background-type":"","background-media":"","overlay-type":"","overlay-color":"","overlay-opacity":"","overlay-gradient":""}},"ast-content-background-meta":{"desktop":{"background-color":"var(--ast-global-color-4)","background-image":"","background-repeat":"repeat","background-position":"center center","background-size":"auto","background-attachment":"scroll","background-type":"","background-media":"","overlay-type":"","overlay-color":"","overlay-opacity":"","overlay-gradient":""},"tablet":{"background-color":"var(--ast-global-color-4)","background-image":"","background-repeat":"repeat","background-position":"center center","background-size":"auto","background-attachment":"scroll","background-type":"","background-media":"","overlay-type":"","overlay-color":"","overlay-opacity":"","overlay-gradient":""},"mobile":{"background-color":"var(--ast-global-color-4)","background-image":"","background-repeat":"repeat","background-position":"center center","background-size":"auto","background-attachment":"scroll","background-type":"","background-media":"","overlay-type":"","overlay-color":"","overlay-opacity":"","overlay-gradient":""}},"footnotes":""},"categories":[],"tags":[],"class_list":["post-126401","page","type-page","status-publish","hentry"],"yoast_head":"<!-- This site is optimized with the Yoast SEO Premium plugin v27.4 (Yoast SEO v27.4) - https:\/\/yoast.com\/product\/yoast-seo-premium-wordpress\/ -->\n<title>Powers &amp; Duties - City of Miami Beach<\/title>\n<meta name=\"description\" content=\"%\" \/>\n<meta name=\"robots\" content=\"index, follow, max-snippet:-1, max-image-preview:large, max-video-preview:-1\" \/>\n<link rel=\"canonical\" href=\"https:\/\/www.miamibeachfl.gov\/fr\/inspectorgeneral\/powers-duties\/\" \/>\n<meta property=\"og:locale\" content=\"fr_FR\" \/>\n<meta property=\"og:type\" content=\"article\" \/>\n<meta property=\"og:title\" content=\"Powers &amp; Duties\" \/>\n<meta property=\"og:description\" content=\"%\" \/>\n<meta property=\"og:url\" content=\"https:\/\/www.miamibeachfl.gov\/fr\/inspectorgeneral\/powers-duties\/\" \/>\n<meta property=\"og:site_name\" content=\"City of Miami Beach\" \/>\n<meta property=\"article:publisher\" content=\"https:\/\/www.facebook.com\/cityofmiamibeach\" \/>\n<meta property=\"article:modified_time\" content=\"2025-05-28T18:41:48+00:00\" \/>\n<meta property=\"og:image\" content=\"https:\/\/www.miamibeachfl.gov\/wp-content\/uploads\/2020\/02\/IGlogoDrafts5-01-1024x791.png\" \/>\n<meta name=\"twitter:card\" content=\"summary_large_image\" \/>\n<meta name=\"twitter:site\" content=\"@Miamibeachnews\" \/>\n<script type=\"application\/ld+json\" class=\"yoast-schema-graph\">{\"@context\":\"https:\\\/\\\/schema.org\",\"@graph\":[{\"@type\":\"WebPage\",\"@id\":\"https:\\\/\\\/www.miamibeachfl.gov\\\/inspectorgeneral\\\/powers-duties\\\/\",\"url\":\"https:\\\/\\\/www.miamibeachfl.gov\\\/inspectorgeneral\\\/powers-duties\\\/\",\"name\":\"Powers & Duties - City of Miami Beach\",\"isPartOf\":{\"@id\":\"https:\\\/\\\/www.miamibeachfl.gov\\\/#website\"},\"primaryImageOfPage\":{\"@id\":\"https:\\\/\\\/www.miamibeachfl.gov\\\/inspectorgeneral\\\/powers-duties\\\/#primaryimage\"},\"image\":{\"@id\":\"https:\\\/\\\/www.miamibeachfl.gov\\\/inspectorgeneral\\\/powers-duties\\\/#primaryimage\"},\"thumbnailUrl\":\"https:\\\/\\\/www.miamibeachfl.gov\\\/wp-content\\\/uploads\\\/2020\\\/02\\\/IGlogoDrafts5-01-1024x791.png\",\"datePublished\":\"2020-03-09T13:05:42+00:00\",\"dateModified\":\"2025-05-28T18:41:48+00:00\",\"description\":\"%\",\"breadcrumb\":{\"@id\":\"https:\\\/\\\/www.miamibeachfl.gov\\\/inspectorgeneral\\\/powers-duties\\\/#breadcrumb\"},\"inLanguage\":\"fr-FR\",\"potentialAction\":[{\"@type\":\"ReadAction\",\"target\":[\"https:\\\/\\\/www.miamibeachfl.gov\\\/inspectorgeneral\\\/powers-duties\\\/\"]}]},{\"@type\":\"ImageObject\",\"inLanguage\":\"fr-FR\",\"@id\":\"https:\\\/\\\/www.miamibeachfl.gov\\\/inspectorgeneral\\\/powers-duties\\\/#primaryimage\",\"url\":\"https:\\\/\\\/www.miamibeachfl.gov\\\/wp-content\\\/uploads\\\/2020\\\/02\\\/IGlogoDrafts5-01-1024x791.png\",\"contentUrl\":\"https:\\\/\\\/www.miamibeachfl.gov\\\/wp-content\\\/uploads\\\/2020\\\/02\\\/IGlogoDrafts5-01-1024x791.png\"},{\"@type\":\"BreadcrumbList\",\"@id\":\"https:\\\/\\\/www.miamibeachfl.gov\\\/inspectorgeneral\\\/powers-duties\\\/#breadcrumb\",\"itemListElement\":[{\"@type\":\"ListItem\",\"position\":1,\"name\":\"Home\",\"item\":\"https:\\\/\\\/www.miamibeachfl.gov\\\/\"},{\"@type\":\"ListItem\",\"position\":2,\"name\":\"Inspector General\",\"item\":\"https:\\\/\\\/www.miamibeachfl.gov\\\/inspectorgeneral\\\/\"},{\"@type\":\"ListItem\",\"position\":3,\"name\":\"Powers &#038; Duties\"}]},{\"@type\":\"WebSite\",\"@id\":\"https:\\\/\\\/www.miamibeachfl.gov\\\/#website\",\"url\":\"https:\\\/\\\/www.miamibeachfl.gov\\\/\",\"name\":\"City of Miami Beach\",\"description\":\"The official website of the City of Miami Beach. Stay informed, find important information on city services, news, alerts, events, trolley routes, government employment and more.\",\"publisher\":{\"@id\":\"https:\\\/\\\/www.miamibeachfl.gov\\\/#organization\"},\"potentialAction\":[{\"@type\":\"SearchAction\",\"target\":{\"@type\":\"EntryPoint\",\"urlTemplate\":\"https:\\\/\\\/www.miamibeachfl.gov\\\/?s={search_term_string}\"},\"query-input\":{\"@type\":\"PropertyValueSpecification\",\"valueRequired\":true,\"valueName\":\"search_term_string\"}}],\"inLanguage\":\"fr-FR\"},{\"@type\":\"Organization\",\"@id\":\"https:\\\/\\\/www.miamibeachfl.gov\\\/#organization\",\"name\":\"City of Miami Beach\",\"url\":\"https:\\\/\\\/www.miamibeachfl.gov\\\/\",\"logo\":{\"@type\":\"ImageObject\",\"inLanguage\":\"fr-FR\",\"@id\":\"https:\\\/\\\/www.miamibeachfl.gov\\\/#\\\/schema\\\/logo\\\/image\\\/\",\"url\":\"https:\\\/\\\/www.miamibeachfl.gov\\\/wp-content\\\/uploads\\\/2022\\\/06\\\/miamibeach-logoblue.png\",\"contentUrl\":\"https:\\\/\\\/www.miamibeachfl.gov\\\/wp-content\\\/uploads\\\/2022\\\/06\\\/miamibeach-logoblue.png\",\"width\":1962,\"height\":381,\"caption\":\"City of Miami Beach\"},\"image\":{\"@id\":\"https:\\\/\\\/www.miamibeachfl.gov\\\/#\\\/schema\\\/logo\\\/image\\\/\"},\"sameAs\":[\"https:\\\/\\\/www.facebook.com\\\/cityofmiamibeach\",\"https:\\\/\\\/x.com\\\/Miamibeachnews\",\"https:\\\/\\\/www.instagram.com\\\/miamibeachnews\\\/\"],\"description\":\"The official website of the City of Miami Beach. Stay informed, find important information on city services, news, alerts, events, trolley routes, government employment and more.\",\"telephone\":\"305.604.CITY(2489)\",\"legalName\":\"City of Miami Beach\"}]}<\/script>\n<!-- \/ Yoast SEO Premium plugin. -->","yoast_head_json":{"title":"Pouvoirs et devoirs - Ville de Miami Beach","description":"%","robots":{"index":"index","follow":"follow","max-snippet":"max-snippet:-1","max-image-preview":"max-image-preview:large","max-video-preview":"max-video-preview:-1"},"canonical":"https:\/\/www.miamibeachfl.gov\/fr\/inspectorgeneral\/powers-duties\/","og_locale":"fr_FR","og_type":"article","og_title":"Powers & Duties","og_description":"%","og_url":"https:\/\/www.miamibeachfl.gov\/fr\/inspectorgeneral\/powers-duties\/","og_site_name":"City of Miami Beach","article_publisher":"https:\/\/www.facebook.com\/cityofmiamibeach","article_modified_time":"2025-05-28T18:41:48+00:00","og_image":[{"url":"https:\/\/www.miamibeachfl.gov\/wp-content\/uploads\/2020\/02\/IGlogoDrafts5-01-1024x791.png","type":"","width":"","height":""}],"twitter_card":"summary_large_image","twitter_site":"@Miamibeachnews","schema":{"@context":"https:\/\/schema.org","@graph":[{"@type":"WebPage","@id":"https:\/\/www.miamibeachfl.gov\/inspectorgeneral\/powers-duties\/","url":"https:\/\/www.miamibeachfl.gov\/inspectorgeneral\/powers-duties\/","name":"Pouvoirs et devoirs - Ville de Miami Beach","isPartOf":{"@id":"https:\/\/www.miamibeachfl.gov\/#website"},"primaryImageOfPage":{"@id":"https:\/\/www.miamibeachfl.gov\/inspectorgeneral\/powers-duties\/#primaryimage"},"image":{"@id":"https:\/\/www.miamibeachfl.gov\/inspectorgeneral\/powers-duties\/#primaryimage"},"thumbnailUrl":"https:\/\/www.miamibeachfl.gov\/wp-content\/uploads\/2020\/02\/IGlogoDrafts5-01-1024x791.png","datePublished":"2020-03-09T13:05:42+00:00","dateModified":"2025-05-28T18:41:48+00:00","description":"%","breadcrumb":{"@id":"https:\/\/www.miamibeachfl.gov\/inspectorgeneral\/powers-duties\/#breadcrumb"},"inLanguage":"fr-FR","potentialAction":[{"@type":"ReadAction","target":["https:\/\/www.miamibeachfl.gov\/inspectorgeneral\/powers-duties\/"]}]},{"@type":"ImageObject","inLanguage":"fr-FR","@id":"https:\/\/www.miamibeachfl.gov\/inspectorgeneral\/powers-duties\/#primaryimage","url":"https:\/\/www.miamibeachfl.gov\/wp-content\/uploads\/2020\/02\/IGlogoDrafts5-01-1024x791.png","contentUrl":"https:\/\/www.miamibeachfl.gov\/wp-content\/uploads\/2020\/02\/IGlogoDrafts5-01-1024x791.png"},{"@type":"BreadcrumbList","@id":"https:\/\/www.miamibeachfl.gov\/inspectorgeneral\/powers-duties\/#breadcrumb","itemListElement":[{"@type":"ListItem","position":1,"name":"Home","item":"https:\/\/www.miamibeachfl.gov\/"},{"@type":"ListItem","position":2,"name":"Inspector General","item":"https:\/\/www.miamibeachfl.gov\/inspectorgeneral\/"},{"@type":"ListItem","position":3,"name":"Powers &#038; Duties"}]},{"@type":"WebSite","@id":"https:\/\/www.miamibeachfl.gov\/#website","url":"https:\/\/www.miamibeachfl.gov\/","name":"Ville de Miami Beach","description":"Site officiel de la ville de Miami Beach. Restez inform\u00e9 et trouvez des informations importantes sur les services municipaux, les actualit\u00e9s, les alertes, les \u00e9v\u00e9nements, les itin\u00e9raires de tramway, les emplois gouvernementaux et bien plus encore.","publisher":{"@id":"https:\/\/www.miamibeachfl.gov\/#organization"},"potentialAction":[{"@type":"SearchAction","target":{"@type":"EntryPoint","urlTemplate":"https:\/\/www.miamibeachfl.gov\/?s={search_term_string}"},"query-input":{"@type":"PropertyValueSpecification","valueRequired":true,"valueName":"search_term_string"}}],"inLanguage":"fr-FR"},{"@type":"Organization","@id":"https:\/\/www.miamibeachfl.gov\/#organization","name":"Ville de Miami Beach","url":"https:\/\/www.miamibeachfl.gov\/","logo":{"@type":"ImageObject","inLanguage":"fr-FR","@id":"https:\/\/www.miamibeachfl.gov\/#\/schema\/logo\/image\/","url":"https:\/\/www.miamibeachfl.gov\/wp-content\/uploads\/2022\/06\/miamibeach-logoblue.png","contentUrl":"https:\/\/www.miamibeachfl.gov\/wp-content\/uploads\/2022\/06\/miamibeach-logoblue.png","width":1962,"height":381,"caption":"City of Miami Beach"},"image":{"@id":"https:\/\/www.miamibeachfl.gov\/#\/schema\/logo\/image\/"},"sameAs":["https:\/\/www.facebook.com\/cityofmiamibeach","https:\/\/x.com\/Miamibeachnews","https:\/\/www.instagram.com\/miamibeachnews\/"],"description":"Site officiel de la ville de Miami Beach. Restez inform\u00e9 et trouvez des informations importantes sur les services municipaux, les actualit\u00e9s, les alertes, les \u00e9v\u00e9nements, les itin\u00e9raires de tramway, les emplois gouvernementaux et bien plus encore.","telephone":"305.604.CITY(2489)","legalName":"City of Miami Beach"}]}},"_links":{"self":[{"href":"https:\/\/www.miamibeachfl.gov\/fr\/wp-json\/wp\/v2\/pages\/126401","targetHints":{"allow":["GET"]}}],"collection":[{"href":"https:\/\/www.miamibeachfl.gov\/fr\/wp-json\/wp\/v2\/pages"}],"about":[{"href":"https:\/\/www.miamibeachfl.gov\/fr\/wp-json\/wp\/v2\/types\/page"}],"author":[{"embeddable":true,"href":"https:\/\/www.miamibeachfl.gov\/fr\/wp-json\/wp\/v2\/users\/222"}],"replies":[{"embeddable":true,"href":"https:\/\/www.miamibeachfl.gov\/fr\/wp-json\/wp\/v2\/comments?post=126401"}],"version-history":[{"count":2,"href":"https:\/\/www.miamibeachfl.gov\/fr\/wp-json\/wp\/v2\/pages\/126401\/revisions"}],"predecessor-version":[{"id":374371,"href":"https:\/\/www.miamibeachfl.gov\/fr\/wp-json\/wp\/v2\/pages\/126401\/revisions\/374371"}],"up":[{"embeddable":true,"href":"https:\/\/www.miamibeachfl.gov\/fr\/wp-json\/wp\/v2\/pages\/123929"}],"wp:attachment":[{"href":"https:\/\/www.miamibeachfl.gov\/fr\/wp-json\/wp\/v2\/media?parent=126401"}],"wp:term":[{"taxonomy":"category","embeddable":true,"href":"https:\/\/www.miamibeachfl.gov\/fr\/wp-json\/wp\/v2\/categories?post=126401"},{"taxonomy":"post_tag","embeddable":true,"href":"https:\/\/www.miamibeachfl.gov\/fr\/wp-json\/wp\/v2\/tags?post=126401"}],"curies":[{"name":"wp","href":"https:\/\/api.w.org\/{rel}","templated":true}]}}