{"id":128307,"date":"2020-04-02T16:08:48","date_gmt":"2020-04-02T20:08:48","guid":{"rendered":"http:\/\/www.miamibeachfl.gov\/city-hall\/public-works\/process-workflows-and-checklists\/"},"modified":"2026-03-03T09:53:27","modified_gmt":"2026-03-03T14:53:27","slug":"process-workflows-and-checklists","status":"publish","type":"page","link":"https:\/\/www.miamibeachfl.gov\/fr\/city-hall\/public-works\/process-workflows-and-checklists\/","title":{"rendered":"Flux de travail et listes de contr\u00f4le du processus d&#039;autorisation"},"content":{"rendered":"<img decoding=\"async\" src=\"https:\/\/www.miamibeachfl.gov\/wp-content\/uploads\/2022\/07\/hero-small.jpg\" alt=\"ocean drive art deco buildings\" itemprop=\"image\" height=\"211\" width=\"2395\" title=\"petit h\u00e9ros\" onerror=\"this.style.display='none'\" loading=\"lazy\" \/>\n<h1>\n\t\t\tFlux de travail et listes de contr\u00f4le du processus d&#039;autorisation\t<\/h1>\n\t<nav id=\"breadcrumbs\" aria-label=\"Fil d&#039;Ariane\"><a href=\"https:\/\/www.miamibeachfl.gov\/fr\/\">Maison<\/a> &gt; <a href=\"https:\/\/www.miamibeachfl.gov\/fr\/city-hall\/\">l&#039;h\u00f4tel de ville<\/a> &gt; <a href=\"https:\/\/www.miamibeachfl.gov\/fr\/city-hall\/public-works\/\">Travaux publics<\/a> &gt; <strong>Flux de travail et listes de contr\u00f4le du processus d&#039;autorisation<\/strong><\/nav>\n\t<ul>\n<li><a href=\"https:\/\/www.miamibeachfl.gov\/wp-content\/uploads\/2025\/02\/Asphalt-Driveway-Approach-Construction-in-ROW-2025.pdf\"><strong>Construction d&#039;une voie d&#039;acc\u00e8s asphalt\u00e9e dans le ROW 2025<\/strong><\/a><\/li>\n<li><a href=\"https:\/\/www.miamibeachfl.gov\/wp-content\/uploads\/2025\/02\/Crane-Set-Up-in-the-ROW-Checklist-2025.pdf\"><strong>Liste de contr\u00f4le pour l&#039;installation d&#039;une grue dans le droit de passage 2025<\/strong><\/a><\/li>\n<li><a href=\"https:\/\/www.miamibeachfl.gov\/wp-content\/uploads\/2025\/04\/Decorative-Driveway-Approach-Construction-in-ROW-2025.pdf\"><strong>Construction d&#039;une all\u00e9e d\u00e9corative dans le ROW 2025<\/strong><\/a><\/li>\n<li><a href=\"https:\/\/www.miamibeachfl.gov\/wp-content\/uploads\/2025\/04\/Demolition-Bond-Permit-2025.pdf\"><strong>Permis de d\u00e9molition 2025<\/strong><\/a><\/li>\n<li><a href=\"https:\/\/www.miamibeachfl.gov\/wp-content\/uploads\/2025\/02\/Fire-Line-Service-Connections-2025.pdf\"><strong>Raccordements des services d&#039;incendie 2025<\/strong><\/a><\/li>\n<li><a href=\"https:\/\/www.miamibeachfl.gov\/wp-content\/uploads\/2025\/04\/Landscaping-in-the-Right-of-Way-Checklist-2025.pdf\"><strong>Liste de contr\u00f4le de l&#039;am\u00e9nagement paysager dans l&#039;emprise 2025<\/strong><\/a><\/li>\n<li><a href=\"https:\/\/www.miamibeachfl.gov\/wp-content\/uploads\/2025\/02\/Local-Street-Closure-Checklist-2025.pdf\"><strong>Liste de contr\u00f4le des fermetures de rues locales 2025<\/strong><\/a><\/li>\n<li><a href=\"https:\/\/www.miamibeachfl.gov\/wp-content\/uploads\/2025\/02\/Pedestrian-Scaffolding-Placement-2025.pdf\"><strong>Placement des \u00e9chafaudages pour pi\u00e9tons 2025<\/strong><\/a><\/li>\n<li><strong><a href=\"https:\/\/www.miamibeachfl.gov\/wp-content\/uploads\/2025\/02\/Sanitary-Sewer-Lateral-Service-Connection-2025.pdf\">Raccordement au r\u00e9seau d&#039;\u00e9gouts sanitaires 2025<\/a><\/strong><\/li>\n<li><a href=\"https:\/\/www.miamibeachfl.gov\/wp-content\/uploads\/2025\/02\/Sidewalk-Closure-Checklist-2025.pdf\"><strong>Liste de contr\u00f4le de fermeture de trottoir 2025<\/strong><\/a><\/li>\n<li><a href=\"https:\/\/www.miamibeachfl.gov\/wp-content\/uploads\/2025\/02\/Sub-Meter-Application-Package-2025.pdf\"><strong>Dossier de demande de compteur divisionnaire 2025<\/strong><\/a><\/li>\n<li><a href=\"https:\/\/www.miamibeachfl.gov\/wp-content\/uploads\/2025\/02\/Underground-Utilities-Checklist-2025.pdf\"><strong>Liste de contr\u00f4le des services publics souterrains 2025<\/strong><\/a><\/li>\n<li><a href=\"https:\/\/www.miamibeachfl.gov\/wp-content\/uploads\/2025\/02\/Water-Meter-Installation-Service-2025.pdf\"><strong>Service d&#039;installation de compteurs d&#039;eau 2025<\/strong><\/a><\/li>\n<li><strong><a href=\"https:\/\/www.miamibeachfl.gov\/wp-content\/uploads\/2025\/02\/Sidewalk-Cafe-Site-Plan-PUBLIC-WORKS-Checklist.pdf\" aria-label=\"\"sidewalk cafe site plan public works checklist\" (edit)\">Plan du site du caf\u00e9-terrasse Liste de contr\u00f4le des travaux publics<\/a><\/strong><\/li>\n<li><strong><a href=\"https:\/\/www.miamibeachfl.gov\/wp-content\/uploads\/2025\/02\/Sidewalk-Cafe-Site-Plan-FIRE-Checklist.pdf\" aria-label=\"\"sidewalk cafe site plan fire checklist\" (edit)\">Plan d&#039;implantation d&#039;un caf\u00e9-terrasse\u00a0: liste de contr\u00f4le en cas d&#039;incendie<\/a><\/strong><\/li>\n<li><a href=\"https:\/\/www.miamibeachfl.gov\/wp-content\/uploads\/2025\/02\/Parklet-Checklist.pdf\"><strong>Liste de contr\u00f4le du Parklet<\/strong><\/a><\/li>\n<li><a href=\"https:\/\/www.miamibeachfl.gov\/wp-content\/uploads\/2025\/02\/Sidewalk-Cafe-Site-Plan-PLUMBING-Checklist.pdf\"><strong>Liste de contr\u00f4le de la plomberie du plan du site du caf\u00e9-terrasse<\/strong><\/a><\/li>\n<\/ul>\n\t\tAcc\u00e9der \u00e0\u2026\t\t\t\n\t\t\t\t\t<ul id=\"menu-public-works-menu\"><li id=\"menu-item-364156\"><a href=\"\/fr\/ada\/\">Informations sur l&#039;ADA<\/a><\/li>\n<li id=\"menu-item-364157\"><a href=\"\/fr\/city-hall\/public-works\/elevator-division\/\">Division des ascenseurs<\/a><\/li>\n<li id=\"menu-item-364158\"><a href=\"\/fr\/city-hall\/public-works\/engineering-division\/\">Division d&#039;ing\u00e9nierie<\/a><\/li>\n<li id=\"menu-item-364159\"><a href=\"\/fr\/city-hall\/public-works\/geographical-information-systems\/\">Syst\u00e8mes d&#039;information g\u00e9ographique<\/a><\/li>\n<li id=\"menu-item-364160\"><a href=\"\/fr\/city-hall\/public-works\/green-space-management-division\/\">Gestion des espaces verts<\/a><\/li>\n<li id=\"menu-item-364161\"><a href=\"\/fr\/city-hall\/public-works\/manual-standards\/\">Normes du manuel<\/a><\/li>\n<li id=\"menu-item-364162\"><a href=\"\/fr\/city-hall\/public-works\/operations-division\/\">Division des op\u00e9rations<\/a><\/li>\n<li id=\"menu-item-364163\"><a href=\"\/fr\/city-hall\/public-works\/process-workflows-and-checklists\/\">Flux de travail et listes de contr\u00f4le du processus d&#039;autorisation<\/a><\/li>\n<li id=\"menu-item-364164\"><a href=\"\/fr\/city-hall\/public-works\/permitting-faq-4\/\">FAQ sur les permis<\/a><\/li>\n<li id=\"menu-item-364165\"><a href=\"\/fr\/city-hall\/public-works\/sanitation-division\/\">Division de l&#039;assainissement<\/a><\/li>\n<li id=\"menu-item-364166\"><a href=\"\/fr\/city-hall\/public-works\/utility-rates\/\">Structures tarifaires des services publics<\/a><\/li>\n<\/ul>\t\n\t<div class=\"page-navigation\"><a class=\"prev-page\" href=\"https:\/\/www.miamibeachfl.gov\/fr\/city-hall\/public-works\/sobecats\/\">\u2190 Programme communautaire pour chats de Miami Beach<\/a> <a class=\"next-page\" href=\"https:\/\/www.miamibeachfl.gov\/fr\/city-hall\/city-clerk\/election-information\/election-related-resolutions\/\">R\u00e9solutions relatives aux \u00e9lections \u2192<\/a><\/div>","protected":false},"excerpt":{"rendered":"<p>Permit Process Workflows and Checklists Home &gt; City Hall &gt; Public Works &gt; Permit Process Workflows and Checklists Asphalt Driveway [&hellip;]<\/p>\n","protected":false},"author":222,"featured_media":0,"parent":28931,"menu_order":79,"comment_status":"closed","ping_status":"closed","template":"","meta":{"_searchwp_excluded":"","site-sidebar-layout":"default","site-content-layout":"","ast-site-content-layout":"default","site-content-style":"default","site-sidebar-style":"default","ast-global-header-display":"","ast-banner-title-visibility":"","ast-main-header-display":"","ast-hfb-above-header-display":"","ast-hfb-below-header-display":"","ast-hfb-mobile-header-display":"","site-post-title":"","ast-breadcrumbs-content":"","ast-featured-img":"","footer-sml-layout":"","theme-transparent-header-meta":"","adv-header-id-meta":"","stick-header-meta":"","header-above-stick-meta":"","header-main-stick-meta":"","header-below-stick-meta":"","astra-migrate-meta-layouts":"default","ast-page-background-enabled":"default","ast-page-background-meta":{"desktop":{"background-color":"var(--ast-global-color-5)","background-image":"","background-repeat":"repeat","background-position":"center center","background-size":"auto","background-attachment":"scroll","background-type":"","background-media":"","overlay-type":"","overlay-color":"","overlay-opacity":"","overlay-gradient":""},"tablet":{"background-color":"","background-image":"","background-repeat":"repeat","background-position":"center center","background-size":"auto","background-attachment":"scroll","background-type":"","background-media":"","overlay-type":"","overlay-color":"","overlay-opacity":"","overlay-gradient":""},"mobile":{"background-color":"","background-image":"","background-repeat":"repeat","background-position":"center center","background-size":"auto","background-attachment":"scroll","background-type":"","background-media":"","overlay-type":"","overlay-color":"","overlay-opacity":"","overlay-gradient":""}},"ast-content-background-meta":{"desktop":{"background-color":"var(--ast-global-color-4)","background-image":"","background-repeat":"repeat","background-position":"center center","background-size":"auto","background-attachment":"scroll","background-type":"","background-media":"","overlay-type":"","overlay-color":"","overlay-opacity":"","overlay-gradient":""},"tablet":{"background-color":"var(--ast-global-color-4)","background-image":"","background-repeat":"repeat","background-position":"center center","background-size":"auto","background-attachment":"scroll","background-type":"","background-media":"","overlay-type":"","overlay-color":"","overlay-opacity":"","overlay-gradient":""},"mobile":{"background-color":"var(--ast-global-color-4)","background-image":"","background-repeat":"repeat","background-position":"center center","background-size":"auto","background-attachment":"scroll","background-type":"","background-media":"","overlay-type":"","overlay-color":"","overlay-opacity":"","overlay-gradient":""}},"footnotes":""},"categories":[],"tags":[1018],"class_list":["post-128307","page","type-page","status-publish","hentry","tag-permitting-public-works"],"yoast_head":"<!-- This site is optimized with the Yoast SEO Premium plugin v27.4 (Yoast SEO v27.4) - https:\/\/yoast.com\/product\/yoast-seo-premium-wordpress\/ -->\n<title>Permit Process Workflows and Checklists - City of Miami Beach<\/title>\n<meta name=\"description\" content=\"%\" \/>\n<meta name=\"robots\" content=\"index, follow, max-snippet:-1, max-image-preview:large, max-video-preview:-1\" \/>\n<link rel=\"canonical\" href=\"https:\/\/www.miamibeachfl.gov\/fr\/city-hall\/public-works\/process-workflows-and-checklists\/\" \/>\n<meta property=\"og:locale\" content=\"fr_FR\" \/>\n<meta property=\"og:type\" content=\"article\" \/>\n<meta property=\"og:title\" content=\"Permit Process Workflows and Checklists\" \/>\n<meta property=\"og:description\" content=\"%\" \/>\n<meta property=\"og:url\" content=\"https:\/\/www.miamibeachfl.gov\/fr\/city-hall\/public-works\/process-workflows-and-checklists\/\" \/>\n<meta property=\"og:site_name\" content=\"City of Miami Beach\" \/>\n<meta property=\"article:publisher\" content=\"https:\/\/www.facebook.com\/cityofmiamibeach\" \/>\n<meta property=\"article:modified_time\" content=\"2026-03-03T14:53:27+00:00\" \/>\n<meta property=\"og:image\" content=\"https:\/\/www.miamibeachfl.gov\/wp-content\/uploads\/2022\/07\/hero-small.jpg\" \/>\n<meta name=\"twitter:card\" content=\"summary_large_image\" \/>\n<meta name=\"twitter:site\" content=\"@Miamibeachnews\" \/>\n<script type=\"application\/ld+json\" class=\"yoast-schema-graph\">{\"@context\":\"https:\\\/\\\/schema.org\",\"@graph\":[{\"@type\":\"WebPage\",\"@id\":\"https:\\\/\\\/www.miamibeachfl.gov\\\/city-hall\\\/public-works\\\/process-workflows-and-checklists\\\/\",\"url\":\"https:\\\/\\\/www.miamibeachfl.gov\\\/city-hall\\\/public-works\\\/process-workflows-and-checklists\\\/\",\"name\":\"Permit Process Workflows and Checklists - City of Miami Beach\",\"isPartOf\":{\"@id\":\"https:\\\/\\\/www.miamibeachfl.gov\\\/#website\"},\"primaryImageOfPage\":{\"@id\":\"https:\\\/\\\/www.miamibeachfl.gov\\\/city-hall\\\/public-works\\\/process-workflows-and-checklists\\\/#primaryimage\"},\"image\":{\"@id\":\"https:\\\/\\\/www.miamibeachfl.gov\\\/city-hall\\\/public-works\\\/process-workflows-and-checklists\\\/#primaryimage\"},\"thumbnailUrl\":\"https:\\\/\\\/www.miamibeachfl.gov\\\/wp-content\\\/uploads\\\/2022\\\/07\\\/hero-small.jpg\",\"datePublished\":\"2020-04-02T20:08:48+00:00\",\"dateModified\":\"2026-03-03T14:53:27+00:00\",\"description\":\"%\",\"breadcrumb\":{\"@id\":\"https:\\\/\\\/www.miamibeachfl.gov\\\/city-hall\\\/public-works\\\/process-workflows-and-checklists\\\/#breadcrumb\"},\"inLanguage\":\"fr-FR\",\"potentialAction\":[{\"@type\":\"ReadAction\",\"target\":[\"https:\\\/\\\/www.miamibeachfl.gov\\\/city-hall\\\/public-works\\\/process-workflows-and-checklists\\\/\"]}]},{\"@type\":\"ImageObject\",\"inLanguage\":\"fr-FR\",\"@id\":\"https:\\\/\\\/www.miamibeachfl.gov\\\/city-hall\\\/public-works\\\/process-workflows-and-checklists\\\/#primaryimage\",\"url\":\"https:\\\/\\\/www.miamibeachfl.gov\\\/wp-content\\\/uploads\\\/2022\\\/07\\\/hero-small.jpg\",\"contentUrl\":\"https:\\\/\\\/www.miamibeachfl.gov\\\/wp-content\\\/uploads\\\/2022\\\/07\\\/hero-small.jpg\"},{\"@type\":\"BreadcrumbList\",\"@id\":\"https:\\\/\\\/www.miamibeachfl.gov\\\/city-hall\\\/public-works\\\/process-workflows-and-checklists\\\/#breadcrumb\",\"itemListElement\":[{\"@type\":\"ListItem\",\"position\":1,\"name\":\"Home\",\"item\":\"https:\\\/\\\/www.miamibeachfl.gov\\\/\"},{\"@type\":\"ListItem\",\"position\":2,\"name\":\"City Hall\",\"item\":\"https:\\\/\\\/www.miamibeachfl.gov\\\/city-hall\\\/\"},{\"@type\":\"ListItem\",\"position\":3,\"name\":\"Public Works\",\"item\":\"https:\\\/\\\/www.miamibeachfl.gov\\\/city-hall\\\/public-works\\\/\"},{\"@type\":\"ListItem\",\"position\":4,\"name\":\"Permit Process Workflows and Checklists\"}]},{\"@type\":\"WebSite\",\"@id\":\"https:\\\/\\\/www.miamibeachfl.gov\\\/#website\",\"url\":\"https:\\\/\\\/www.miamibeachfl.gov\\\/\",\"name\":\"City of Miami Beach\",\"description\":\"The official website of the City of Miami Beach. Stay informed, find important information on city services, news, alerts, events, trolley routes, government employment and more.\",\"publisher\":{\"@id\":\"https:\\\/\\\/www.miamibeachfl.gov\\\/#organization\"},\"potentialAction\":[{\"@type\":\"SearchAction\",\"target\":{\"@type\":\"EntryPoint\",\"urlTemplate\":\"https:\\\/\\\/www.miamibeachfl.gov\\\/?s={search_term_string}\"},\"query-input\":{\"@type\":\"PropertyValueSpecification\",\"valueRequired\":true,\"valueName\":\"search_term_string\"}}],\"inLanguage\":\"fr-FR\"},{\"@type\":\"Organization\",\"@id\":\"https:\\\/\\\/www.miamibeachfl.gov\\\/#organization\",\"name\":\"City of Miami Beach\",\"url\":\"https:\\\/\\\/www.miamibeachfl.gov\\\/\",\"logo\":{\"@type\":\"ImageObject\",\"inLanguage\":\"fr-FR\",\"@id\":\"https:\\\/\\\/www.miamibeachfl.gov\\\/#\\\/schema\\\/logo\\\/image\\\/\",\"url\":\"https:\\\/\\\/www.miamibeachfl.gov\\\/wp-content\\\/uploads\\\/2022\\\/06\\\/miamibeach-logoblue.png\",\"contentUrl\":\"https:\\\/\\\/www.miamibeachfl.gov\\\/wp-content\\\/uploads\\\/2022\\\/06\\\/miamibeach-logoblue.png\",\"width\":1962,\"height\":381,\"caption\":\"City of Miami Beach\"},\"image\":{\"@id\":\"https:\\\/\\\/www.miamibeachfl.gov\\\/#\\\/schema\\\/logo\\\/image\\\/\"},\"sameAs\":[\"https:\\\/\\\/www.facebook.com\\\/cityofmiamibeach\",\"https:\\\/\\\/x.com\\\/Miamibeachnews\",\"https:\\\/\\\/www.instagram.com\\\/miamibeachnews\\\/\"],\"description\":\"The official website of the City of Miami Beach. Stay informed, find important information on city services, news, alerts, events, trolley routes, government employment and more.\",\"telephone\":\"305.604.CITY(2489)\",\"legalName\":\"City of Miami Beach\"}]}<\/script>\n<!-- \/ Yoast SEO Premium plugin. -->","yoast_head_json":{"title":"Flux de travail et listes de contr\u00f4le du processus d&#039;autorisation - Ville de Miami Beach","description":"%","robots":{"index":"index","follow":"follow","max-snippet":"max-snippet:-1","max-image-preview":"max-image-preview:large","max-video-preview":"max-video-preview:-1"},"canonical":"https:\/\/www.miamibeachfl.gov\/fr\/city-hall\/public-works\/process-workflows-and-checklists\/","og_locale":"fr_FR","og_type":"article","og_title":"Permit Process Workflows and Checklists","og_description":"%","og_url":"https:\/\/www.miamibeachfl.gov\/fr\/city-hall\/public-works\/process-workflows-and-checklists\/","og_site_name":"City of Miami Beach","article_publisher":"https:\/\/www.facebook.com\/cityofmiamibeach","article_modified_time":"2026-03-03T14:53:27+00:00","og_image":[{"url":"https:\/\/www.miamibeachfl.gov\/wp-content\/uploads\/2022\/07\/hero-small.jpg","type":"","width":"","height":""}],"twitter_card":"summary_large_image","twitter_site":"@Miamibeachnews","schema":{"@context":"https:\/\/schema.org","@graph":[{"@type":"WebPage","@id":"https:\/\/www.miamibeachfl.gov\/city-hall\/public-works\/process-workflows-and-checklists\/","url":"https:\/\/www.miamibeachfl.gov\/city-hall\/public-works\/process-workflows-and-checklists\/","name":"Flux de travail et listes de contr\u00f4le du processus d&#039;autorisation - Ville de Miami Beach","isPartOf":{"@id":"https:\/\/www.miamibeachfl.gov\/#website"},"primaryImageOfPage":{"@id":"https:\/\/www.miamibeachfl.gov\/city-hall\/public-works\/process-workflows-and-checklists\/#primaryimage"},"image":{"@id":"https:\/\/www.miamibeachfl.gov\/city-hall\/public-works\/process-workflows-and-checklists\/#primaryimage"},"thumbnailUrl":"https:\/\/www.miamibeachfl.gov\/wp-content\/uploads\/2022\/07\/hero-small.jpg","datePublished":"2020-04-02T20:08:48+00:00","dateModified":"2026-03-03T14:53:27+00:00","description":"%","breadcrumb":{"@id":"https:\/\/www.miamibeachfl.gov\/city-hall\/public-works\/process-workflows-and-checklists\/#breadcrumb"},"inLanguage":"fr-FR","potentialAction":[{"@type":"ReadAction","target":["https:\/\/www.miamibeachfl.gov\/city-hall\/public-works\/process-workflows-and-checklists\/"]}]},{"@type":"ImageObject","inLanguage":"fr-FR","@id":"https:\/\/www.miamibeachfl.gov\/city-hall\/public-works\/process-workflows-and-checklists\/#primaryimage","url":"https:\/\/www.miamibeachfl.gov\/wp-content\/uploads\/2022\/07\/hero-small.jpg","contentUrl":"https:\/\/www.miamibeachfl.gov\/wp-content\/uploads\/2022\/07\/hero-small.jpg"},{"@type":"BreadcrumbList","@id":"https:\/\/www.miamibeachfl.gov\/city-hall\/public-works\/process-workflows-and-checklists\/#breadcrumb","itemListElement":[{"@type":"ListItem","position":1,"name":"Home","item":"https:\/\/www.miamibeachfl.gov\/"},{"@type":"ListItem","position":2,"name":"City Hall","item":"https:\/\/www.miamibeachfl.gov\/city-hall\/"},{"@type":"ListItem","position":3,"name":"Public Works","item":"https:\/\/www.miamibeachfl.gov\/city-hall\/public-works\/"},{"@type":"ListItem","position":4,"name":"Permit Process Workflows and Checklists"}]},{"@type":"WebSite","@id":"https:\/\/www.miamibeachfl.gov\/#website","url":"https:\/\/www.miamibeachfl.gov\/","name":"Ville de Miami Beach","description":"Site officiel de la ville de Miami Beach. Restez inform\u00e9 et trouvez des informations importantes sur les services municipaux, les actualit\u00e9s, les alertes, les \u00e9v\u00e9nements, les itin\u00e9raires de tramway, les emplois gouvernementaux et bien plus encore.","publisher":{"@id":"https:\/\/www.miamibeachfl.gov\/#organization"},"potentialAction":[{"@type":"SearchAction","target":{"@type":"EntryPoint","urlTemplate":"https:\/\/www.miamibeachfl.gov\/?s={search_term_string}"},"query-input":{"@type":"PropertyValueSpecification","valueRequired":true,"valueName":"search_term_string"}}],"inLanguage":"fr-FR"},{"@type":"Organization","@id":"https:\/\/www.miamibeachfl.gov\/#organization","name":"Ville de Miami Beach","url":"https:\/\/www.miamibeachfl.gov\/","logo":{"@type":"ImageObject","inLanguage":"fr-FR","@id":"https:\/\/www.miamibeachfl.gov\/#\/schema\/logo\/image\/","url":"https:\/\/www.miamibeachfl.gov\/wp-content\/uploads\/2022\/06\/miamibeach-logoblue.png","contentUrl":"https:\/\/www.miamibeachfl.gov\/wp-content\/uploads\/2022\/06\/miamibeach-logoblue.png","width":1962,"height":381,"caption":"City of Miami Beach"},"image":{"@id":"https:\/\/www.miamibeachfl.gov\/#\/schema\/logo\/image\/"},"sameAs":["https:\/\/www.facebook.com\/cityofmiamibeach","https:\/\/x.com\/Miamibeachnews","https:\/\/www.instagram.com\/miamibeachnews\/"],"description":"Site officiel de la ville de Miami Beach. Restez inform\u00e9 et trouvez des informations importantes sur les services municipaux, les actualit\u00e9s, les alertes, les \u00e9v\u00e9nements, les itin\u00e9raires de tramway, les emplois gouvernementaux et bien plus encore.","telephone":"305.604.CITY(2489)","legalName":"City of Miami Beach"}]}},"_links":{"self":[{"href":"https:\/\/www.miamibeachfl.gov\/fr\/wp-json\/wp\/v2\/pages\/128307","targetHints":{"allow":["GET"]}}],"collection":[{"href":"https:\/\/www.miamibeachfl.gov\/fr\/wp-json\/wp\/v2\/pages"}],"about":[{"href":"https:\/\/www.miamibeachfl.gov\/fr\/wp-json\/wp\/v2\/types\/page"}],"author":[{"embeddable":true,"href":"https:\/\/www.miamibeachfl.gov\/fr\/wp-json\/wp\/v2\/users\/222"}],"replies":[{"embeddable":true,"href":"https:\/\/www.miamibeachfl.gov\/fr\/wp-json\/wp\/v2\/comments?post=128307"}],"version-history":[{"count":2,"href":"https:\/\/www.miamibeachfl.gov\/fr\/wp-json\/wp\/v2\/pages\/128307\/revisions"}],"predecessor-version":[{"id":397015,"href":"https:\/\/www.miamibeachfl.gov\/fr\/wp-json\/wp\/v2\/pages\/128307\/revisions\/397015"}],"up":[{"embeddable":true,"href":"https:\/\/www.miamibeachfl.gov\/fr\/wp-json\/wp\/v2\/pages\/28931"}],"wp:attachment":[{"href":"https:\/\/www.miamibeachfl.gov\/fr\/wp-json\/wp\/v2\/media?parent=128307"}],"wp:term":[{"taxonomy":"category","embeddable":true,"href":"https:\/\/www.miamibeachfl.gov\/fr\/wp-json\/wp\/v2\/categories?post=128307"},{"taxonomy":"post_tag","embeddable":true,"href":"https:\/\/www.miamibeachfl.gov\/fr\/wp-json\/wp\/v2\/tags?post=128307"}],"curies":[{"name":"wp","href":"https:\/\/api.w.org\/{rel}","templated":true}]}}