{"id":140310,"date":"2020-07-30T10:48:24","date_gmt":"2020-07-30T14:48:24","guid":{"rendered":"http:\/\/www.miamibeachfl.gov\/city-hall\/city-clerk\/election-information\/november-3-2020-general-election\/"},"modified":"2025-02-23T14:04:32","modified_gmt":"2025-02-23T19:04:32","slug":"november-3-2020-general-election","status":"publish","type":"page","link":"https:\/\/www.miamibeachfl.gov\/fr\/city-hall\/city-clerk\/election-information\/november-3-2020-general-election\/","title":{"rendered":"3 novembre 2020\u00a0: \u00c9lections g\u00e9n\u00e9rales"},"content":{"rendered":"<img loading=\"lazy\" decoding=\"async\" src=\"https:\/\/www.miamibeachfl.gov\/wp-content\/uploads\/2022\/07\/hero-small.jpg\" alt=\"ocean drive art deco buildings\" itemprop=\"image\" height=\"211\" width=\"2395\" title=\"petit h\u00e9ros\" onerror=\"this.style.display='none'\"  \/>\n<h1>\n\t\t3 novembre 2020\u00a0: \u00c9lections g\u00e9n\u00e9rales\n\t<\/h1>\n\t<nav id=\"breadcrumbs\" aria-label=\"Fil d&#039;Ariane\"><a href=\"https:\/\/www.miamibeachfl.gov\/fr\/\">Maison<\/a> &gt; <a href=\"https:\/\/www.miamibeachfl.gov\/fr\/city-hall\/\">l&#039;h\u00f4tel de ville<\/a> &gt; <a href=\"https:\/\/www.miamibeachfl.gov\/fr\/city-hall\/city-clerk\/\">greffier de la ville<\/a> &gt; <a href=\"https:\/\/www.miamibeachfl.gov\/fr\/city-hall\/city-clerk\/election-information\/\">Informations \u00e9lectorales<\/a> &gt; <strong>3 novembre 2020\u00a0: \u00c9lections g\u00e9n\u00e9rales<\/strong><\/nav>\n\t<ul>\n<li><a href=\"https:\/\/www.miamidade.gov\/elections\/earlyvoting\/wait-times.asp\" target=\"_blank\" rel=\"noopener\">Temps d&#039;attente pour le vote anticip\u00e9<\/a><\/li>\n<li><a href=\"http:\/\/www.miamibeachfl.gov\/wp-content\/uploads\/2020\/09\/110320-01-NOTICE-OF-SPECIAL-ELECTION-REG-RB-LH.pdf\">Avis d&#039;\u00e9lection sp\u00e9ciale<\/a><br \/>\n<a href=\"http:\/\/www.miamibeachfl.gov\/wp-content\/uploads\/2020\/09\/110320-01-ES-AVISO-DE-ELECCION-ESPECIAL-REG-RB-LH.pdf\">Avis d&#039;\u00e9lection sp\u00e9cial<\/a><\/li>\n<li><a href=\"http:\/\/www.miamibeachfl.gov\/wp-content\/uploads\/2020\/09\/VotersGuide2020_DC_FinalWeb.pdf\">Guide de l&#039;\u00e9lecteur de Miami Beach<\/a><br \/>\n<a href=\"http:\/\/www.miamibeachfl.gov\/wp-content\/uploads\/2020\/09\/VotersGuide2020_DC_FinalWeb.pdf\">Guide du Votant de Miami Beach<\/a><\/li>\n<li><a href=\"https:\/\/youtu.be\/7wl1sQ2E7lI\">Guide vid\u00e9o de l&#039;\u00e9lecteur de Miami Beach<\/a><\/li>\n<li><a href=\"https:\/\/youtu.be\/E8qcdSSUl9E\">Vid\u00e9o de Aviso de Elecci\u00f3n Especial<\/a><\/li>\n<li><a href=\"http:\/\/www.miamibeachfl.gov\/wp-content\/uploads\/2020\/10\/Voter-Education-Ad.pdf\">Calendrier des programmes d&#039;\u00e9ducation \u00e9lectorale<\/a><\/li>\n<li><a href=\"http:\/\/www.miamibeachfl.gov\/wp-content\/uploads\/2020\/10\/110320-08-ES-Voter-Education-Ad.pdf\">Horaire du programme \u00e9ducatif pour les \u00e9lecteurs<\/a><\/li>\n<li><a href=\"http:\/\/www.miamibeachfl.gov\/wp-content\/uploads\/2020\/09\/2020-in-person-voting-health-safety-fact-sheet.pdf\">Fiche d&#039;information sur la sant\u00e9 et la s\u00e9curit\u00e9 li\u00e9es \u00e0 la COVID-19 pour le vote en personne<\/a><br \/>\n<a href=\"http:\/\/www.miamibeachfl.gov\/wp-content\/uploads\/2020\/09\/2020-in-person-voting-health-safety-fact-sheet-sp.pdf\">Heure d&#039;information sur la s\u00e9curit\u00e9 et la sant\u00e9 avant le COVID-19 pour le vote personnel<\/a><\/li>\n<li><a href=\"http:\/\/www.miamibeachfl.gov\/wp-content\/uploads\/2020\/10\/IMPORTANT-DATES-AND-DEADLINES.pdf\">Dates et d\u00e9lais importants<\/a><\/li>\n<li><a href=\"https:\/\/www.miamidade.gov\/elections\/library\/legal-notices\/2020-11-03-canvassing-board-schedule.pdf\">Calendrier des \u00e9lections g\u00e9n\u00e9rales et des \u00e9lections sp\u00e9ciales \u00e0 Miami Beach\u00a0: comit\u00e9 de sollicitation<\/a><br \/>\n<a href=\"https:\/\/www.miamidade.gov\/elections\/library\/legal-notices\/2020-11-03-canvassing-board-schedule.pdf\">Chronogramme de la Junta de Escrutinio \u2013 \u00c9lections g\u00e9n\u00e9rales et \u00e9lections sp\u00e9ciales de Miami Beach<\/a><\/li>\n<li><a href=\"http:\/\/www.miamibeachfl.gov\/wp-content\/uploads\/2020\/09\/110320-06-SAMPLE-BALLOT-TO-POST.pdf\">Exemple de bulletin de vote officiel pour l&#039;\u00e9lection sp\u00e9ciale de Miami Beach<\/a><br \/>\n<a href=\"http:\/\/www.miamibeachfl.gov\/wp-content\/uploads\/2020\/09\/110320-06-SAMPLE-BALLOT-TO-POST.pdf\">Boleta Oficial de Muestra de la Elecci\u00f3n Especial de Miami Beach<\/a><\/li>\n<li><a href=\"https:\/\/www.miamidade.gov\/global\/service.page?Mduid_service=ser151187731708822\">Voir un exemple de bulletin de vote personnalis\u00e9<\/a><\/li>\n<li><a href=\"http:\/\/www.miamibeachfl.gov\/wp-content\/uploads\/2020\/09\/110320-03-EARLY-VOTING-NOTICE-VERSION-1.pdf\">Calendrier du vote anticip\u00e9 \u00e0 Miami Beach et informations sur les urnes<\/a><br \/>\n<a href=\"http:\/\/www.miamibeachfl.gov\/wp-content\/uploads\/2020\/09\/110320-03-ES-AVISO-DE-VOTACION-ANTICIPADA-VERSION-1.pdf\">Chronogramme de vote anticip\u00e9 et d&#039;informations sur le contr\u00f4le de s\u00e9curit\u00e9 de Miami Beach<\/a><\/li>\n<li><a href=\"http:\/\/www.miamibeachfl.gov\/wp-content\/uploads\/2020\/09\/2020-general-early-voting-schedule.pdf\">Informations sur le vote anticip\u00e9 et les urnes du comt\u00e9 de Miami-Dade<\/a><\/li>\n<li><a href=\"http:\/\/www.miamidade.gov\/global\/service.page?Mduid_service=ser1512065909614490\" data-toggle=\"modal\" data-target=\"#speedbump\">Vote par correspondance<\/a> \u2013 La date limite pour demander le vote par correspondance est le 24 octobre 2020 \u00e0 17 heures.<\/li>\n<li><a href=\"http:\/\/www.miamidade.gov\/global\/service.page?Mduid_service=ser1533227558214251\">Votez le jour des \u00e9lections<\/a><\/li>\n<li><a href=\"http:\/\/www.miamibeachfl.gov\/wp-content\/uploads\/2020\/09\/110320-02-POLLING-PLACES-REG.pdf\">Bureaux de vote de Miami Beach<\/a><br \/>\n<a href=\"http:\/\/www.miamibeachfl.gov\/wp-content\/uploads\/2020\/09\/110320-02-ES-LISTA-DE-LUGARES-DE-VOTACI\u00d3N-REG.pdf\">Liste des lieux de vote \u00e0 Miami Beach<\/a><\/li>\n<li><a href=\"https:\/\/www.miamidade.gov\/elections\/library\/instructions\/poll-watcher-designation.pdf\">Directives pour les observateurs du scrutin<\/a><\/li>\n<li><a href=\"http:\/\/www.miamidade.gov\/global\/service.page?Mduid_service=ser1482258761076685\" data-toggle=\"modal\" data-target=\"#speedbump\">Inscrivez-vous pour voter<\/a> \u2013 La date limite est le 6 octobre 2020 \u00e0 19h00<\/li>\n<li><a href=\"https:\/\/www.miamidade.gov\/global\/service.page?Mduid_service=ser151187731708822\">Informations aux \u00e9lecteurs<\/a> \u2013 V\u00e9rifiez votre statut d\u2019\u00e9lecteur<\/li>\n<li><a href=\"https:\/\/www8.miamidade.gov\/global\/news-item.page?Mduid_news=news1587760694394885\" data-toggle=\"modal\" data-target=\"#speedbump\">Mettez \u00e0 jour votre signature<\/a>\u00a0\u2013 Il est courant que les signatures changent au fil des ans, veuillez vous assurer que votre derni\u00e8re signature figure dans nos archives<\/li>\n<li><a href=\"https:\/\/www.miamidade.gov\/global\/news-item.page?Mduid_news=news1564521852501706\" data-toggle=\"modal\" data-target=\"#speedbump\">Informations g\u00e9n\u00e9rales concernant les \u00e9lections de 2020<\/a><\/li>\n<li><a href=\"https:\/\/www.miamidade.gov\/global\/service.page?Mduid_service=ser1513878201782808\" data-toggle=\"modal\" data-target=\"#speedbump\">Informations pour les \u00e9lecteurs ayant des besoins sp\u00e9ciaux<\/a><\/li>\n<li><a href=\"https:\/\/www.miamidade.gov\/global\/service.page?Mduid_service=ser1496340543264351\">Soyez un fier agent \u00e9lectoral<\/a><\/li>\n<li><a href=\"https:\/\/www.miamibeachfl.gov\/fr\/city-hall\/city-clerk\/election-information\/november-3-2020-general-election\/related-resolutions\/\">R\u00e9solutions connexes<\/a><\/li>\n<\/ul>\n<p>Les questions relatives aux \u00e9lections doivent \u00eatre adress\u00e9es au d\u00e9partement des \u00e9lections du comt\u00e9 de Miami-Dade.<\/p>\n<strong>Coordonn\u00e9es:<\/strong><br \/>\nService des \u00e9lections T\u00e9l. : 305.499.8683 \/ 305.499.8480 ATS<br \/>\n2700 NW 87th Avenue Courriel : soedade@miamidade.gov<br \/>\nMiami, FL 33172\n\t\t\t<a href=\"https:\/\/www.miamibeachfl.gov\/fr\/city-hall\/city-clerk\/election-information\/november-3-2020-general-election\/related-resolutions\/\" target=\"_self\" rel=\"noopener\">\n\t\t\t\t\t\t\tR\u00e9solutions connexes\n\t\t\t\t\t<\/a>\n\t<div class=\"page-navigation\"><a class=\"prev-page\" href=\"https:\/\/www.miamibeachfl.gov\/fr\/city-hall\/city-clerk\/election-information\/general-election\/\">\u2190 \u00c9lections g\u00e9n\u00e9rales et sp\u00e9ciales\/Second tour<\/a> <a class=\"next-page\" href=\"https:\/\/www.miamibeachfl.gov\/fr\/city-hall\/city-clerk\/election-information\/november-3-2020-general-election\/related-resolutions\/marina-park-project\/\">Projet Marina Park \u2192<\/a><\/div>","protected":false},"excerpt":{"rendered":"<p>3 novembre 2020 : \u00c9lections g\u00e9n\u00e9rales Accueil &gt; H\u00f4tel de ville &gt; Greffier municipal &gt; Informations \u00e9lectorales &gt; 3 novembre 2020 : \u00c9lections g\u00e9n\u00e9rales [\u2026]<\/p>","protected":false},"author":222,"featured_media":0,"parent":28358,"menu_order":85,"comment_status":"closed","ping_status":"closed","template":"page-blank.php","meta":{"_searchwp_excluded":"","site-sidebar-layout":"default","site-content-layout":"","ast-site-content-layout":"default","site-content-style":"default","site-sidebar-style":"default","ast-global-header-display":"","ast-banner-title-visibility":"","ast-main-header-display":"","ast-hfb-above-header-display":"","ast-hfb-below-header-display":"","ast-hfb-mobile-header-display":"","site-post-title":"","ast-breadcrumbs-content":"","ast-featured-img":"","footer-sml-layout":"","theme-transparent-header-meta":"","adv-header-id-meta":"","stick-header-meta":"","header-above-stick-meta":"","header-main-stick-meta":"","header-below-stick-meta":"","astra-migrate-meta-layouts":"default","ast-page-background-enabled":"default","ast-page-background-meta":{"desktop":{"background-color":"var(--ast-global-color-5)","background-image":"","background-repeat":"repeat","background-position":"center center","background-size":"auto","background-attachment":"scroll","background-type":"","background-media":"","overlay-type":"","overlay-color":"","overlay-opacity":"","overlay-gradient":""},"tablet":{"background-color":"","background-image":"","background-repeat":"repeat","background-position":"center center","background-size":"auto","background-attachment":"scroll","background-type":"","background-media":"","overlay-type":"","overlay-color":"","overlay-opacity":"","overlay-gradient":""},"mobile":{"background-color":"","background-image":"","background-repeat":"repeat","background-position":"center center","background-size":"auto","background-attachment":"scroll","background-type":"","background-media":"","overlay-type":"","overlay-color":"","overlay-opacity":"","overlay-gradient":""}},"ast-content-background-meta":{"desktop":{"background-color":"var(--ast-global-color-4)","background-image":"","background-repeat":"repeat","background-position":"center center","background-size":"auto","background-attachment":"scroll","background-type":"","background-media":"","overlay-type":"","overlay-color":"","overlay-opacity":"","overlay-gradient":""},"tablet":{"background-color":"var(--ast-global-color-4)","background-image":"","background-repeat":"repeat","background-position":"center center","background-size":"auto","background-attachment":"scroll","background-type":"","background-media":"","overlay-type":"","overlay-color":"","overlay-opacity":"","overlay-gradient":""},"mobile":{"background-color":"var(--ast-global-color-4)","background-image":"","background-repeat":"repeat","background-position":"center center","background-size":"auto","background-attachment":"scroll","background-type":"","background-media":"","overlay-type":"","overlay-color":"","overlay-opacity":"","overlay-gradient":""}},"footnotes":""},"categories":[],"tags":[],"class_list":["post-140310","page","type-page","status-publish","hentry"],"yoast_head":"<!-- This site is optimized with the Yoast SEO Premium plugin v26.6 (Yoast SEO v26.6) - https:\/\/yoast.com\/wordpress\/plugins\/seo\/ -->\n<title>November 3, 2020: General Election - City of Miami Beach<\/title>\n<meta name=\"description\" content=\"%\" \/>\n<meta name=\"robots\" content=\"index, follow, max-snippet:-1, max-image-preview:large, max-video-preview:-1\" \/>\n<link rel=\"canonical\" href=\"https:\/\/www.miamibeachfl.gov\/fr\/city-hall\/city-clerk\/election-information\/november-3-2020-general-election\/\" \/>\n<meta property=\"og:locale\" content=\"fr_FR\" \/>\n<meta property=\"og:type\" content=\"article\" \/>\n<meta property=\"og:title\" content=\"November 3, 2020: General Election\" \/>\n<meta property=\"og:description\" content=\"%\" \/>\n<meta property=\"og:url\" content=\"https:\/\/www.miamibeachfl.gov\/fr\/city-hall\/city-clerk\/election-information\/november-3-2020-general-election\/\" \/>\n<meta property=\"og:site_name\" content=\"City of Miami Beach\" \/>\n<meta property=\"article:publisher\" content=\"https:\/\/www.facebook.com\/cityofmiamibeach\" \/>\n<meta property=\"article:modified_time\" content=\"2025-02-23T19:04:32+00:00\" \/>\n<meta property=\"og:image\" content=\"https:\/\/www.miamibeachfl.gov\/wp-content\/uploads\/2022\/07\/hero-small.jpg\" \/>\n<meta name=\"twitter:card\" content=\"summary_large_image\" \/>\n<meta name=\"twitter:site\" content=\"@Miamibeachnews\" \/>\n<script type=\"application\/ld+json\" class=\"yoast-schema-graph\">{\"@context\":\"https:\/\/schema.org\",\"@graph\":[{\"@type\":\"WebPage\",\"@id\":\"https:\/\/www.miamibeachfl.gov\/city-hall\/city-clerk\/election-information\/november-3-2020-general-election\/\",\"url\":\"https:\/\/www.miamibeachfl.gov\/city-hall\/city-clerk\/election-information\/november-3-2020-general-election\/\",\"name\":\"November 3, 2020: General Election - City of Miami Beach\",\"isPartOf\":{\"@id\":\"https:\/\/www.miamibeachfl.gov\/#website\"},\"primaryImageOfPage\":{\"@id\":\"https:\/\/www.miamibeachfl.gov\/city-hall\/city-clerk\/election-information\/november-3-2020-general-election\/#primaryimage\"},\"image\":{\"@id\":\"https:\/\/www.miamibeachfl.gov\/city-hall\/city-clerk\/election-information\/november-3-2020-general-election\/#primaryimage\"},\"thumbnailUrl\":\"https:\/\/www.miamibeachfl.gov\/wp-content\/uploads\/2022\/07\/hero-small.jpg\",\"datePublished\":\"2020-07-30T14:48:24+00:00\",\"dateModified\":\"2025-02-23T19:04:32+00:00\",\"description\":\"%\",\"breadcrumb\":{\"@id\":\"https:\/\/www.miamibeachfl.gov\/city-hall\/city-clerk\/election-information\/november-3-2020-general-election\/#breadcrumb\"},\"inLanguage\":\"fr-FR\",\"potentialAction\":[{\"@type\":\"ReadAction\",\"target\":[\"https:\/\/www.miamibeachfl.gov\/city-hall\/city-clerk\/election-information\/november-3-2020-general-election\/\"]}]},{\"@type\":\"ImageObject\",\"inLanguage\":\"fr-FR\",\"@id\":\"https:\/\/www.miamibeachfl.gov\/city-hall\/city-clerk\/election-information\/november-3-2020-general-election\/#primaryimage\",\"url\":\"https:\/\/www.miamibeachfl.gov\/wp-content\/uploads\/2022\/07\/hero-small.jpg\",\"contentUrl\":\"https:\/\/www.miamibeachfl.gov\/wp-content\/uploads\/2022\/07\/hero-small.jpg\"},{\"@type\":\"BreadcrumbList\",\"@id\":\"https:\/\/www.miamibeachfl.gov\/city-hall\/city-clerk\/election-information\/november-3-2020-general-election\/#breadcrumb\",\"itemListElement\":[{\"@type\":\"ListItem\",\"position\":1,\"name\":\"Home\",\"item\":\"https:\/\/www.miamibeachfl.gov\/\"},{\"@type\":\"ListItem\",\"position\":2,\"name\":\"City Hall\",\"item\":\"https:\/\/www.miamibeachfl.gov\/city-hall\/\"},{\"@type\":\"ListItem\",\"position\":3,\"name\":\"City Clerk\",\"item\":\"https:\/\/www.miamibeachfl.gov\/city-hall\/city-clerk\/\"},{\"@type\":\"ListItem\",\"position\":4,\"name\":\"Election Information\",\"item\":\"https:\/\/www.miamibeachfl.gov\/city-hall\/city-clerk\/election-information\/\"},{\"@type\":\"ListItem\",\"position\":5,\"name\":\"November 3, 2020: General Election\"}]},{\"@type\":\"WebSite\",\"@id\":\"https:\/\/www.miamibeachfl.gov\/#website\",\"url\":\"https:\/\/www.miamibeachfl.gov\/\",\"name\":\"City of Miami Beach\",\"description\":\"The official website of the City of Miami Beach. Stay informed, find important information on city services, news, alerts, events, trolley routes, government employment and more.\",\"publisher\":{\"@id\":\"https:\/\/www.miamibeachfl.gov\/#organization\"},\"potentialAction\":[{\"@type\":\"SearchAction\",\"target\":{\"@type\":\"EntryPoint\",\"urlTemplate\":\"https:\/\/www.miamibeachfl.gov\/?s={search_term_string}\"},\"query-input\":{\"@type\":\"PropertyValueSpecification\",\"valueRequired\":true,\"valueName\":\"search_term_string\"}}],\"inLanguage\":\"fr-FR\"},{\"@type\":\"Organization\",\"@id\":\"https:\/\/www.miamibeachfl.gov\/#organization\",\"name\":\"City of Miami Beach\",\"url\":\"https:\/\/www.miamibeachfl.gov\/\",\"logo\":{\"@type\":\"ImageObject\",\"inLanguage\":\"fr-FR\",\"@id\":\"https:\/\/www.miamibeachfl.gov\/#\/schema\/logo\/image\/\",\"url\":\"https:\/\/www.miamibeachfl.gov\/wp-content\/uploads\/2022\/06\/miamibeach-logoblue.png\",\"contentUrl\":\"https:\/\/www.miamibeachfl.gov\/wp-content\/uploads\/2022\/06\/miamibeach-logoblue.png\",\"width\":1962,\"height\":381,\"caption\":\"City of Miami Beach\"},\"image\":{\"@id\":\"https:\/\/www.miamibeachfl.gov\/#\/schema\/logo\/image\/\"},\"sameAs\":[\"https:\/\/www.facebook.com\/cityofmiamibeach\",\"https:\/\/x.com\/Miamibeachnews\",\"https:\/\/www.instagram.com\/miamibeachnews\/\"],\"description\":\"The official website of the City of Miami Beach. Stay informed, find important information on city services, news, alerts, events, trolley routes, government employment and more.\",\"telephone\":\"305.604.CITY(2489)\",\"legalName\":\"City of Miami Beach\"}]}<\/script>\n<!-- \/ Yoast SEO Premium plugin. -->","yoast_head_json":{"title":"3 novembre 2020\u00a0: \u00c9lections g\u00e9n\u00e9rales \u2013 Ville de Miami Beach","description":"%","robots":{"index":"index","follow":"follow","max-snippet":"max-snippet:-1","max-image-preview":"max-image-preview:large","max-video-preview":"max-video-preview:-1"},"canonical":"https:\/\/www.miamibeachfl.gov\/fr\/city-hall\/city-clerk\/election-information\/november-3-2020-general-election\/","og_locale":"fr_FR","og_type":"article","og_title":"November 3, 2020: General Election","og_description":"%","og_url":"https:\/\/www.miamibeachfl.gov\/fr\/city-hall\/city-clerk\/election-information\/november-3-2020-general-election\/","og_site_name":"City of Miami Beach","article_publisher":"https:\/\/www.facebook.com\/cityofmiamibeach","article_modified_time":"2025-02-23T19:04:32+00:00","og_image":[{"url":"https:\/\/www.miamibeachfl.gov\/wp-content\/uploads\/2022\/07\/hero-small.jpg","type":"","width":"","height":""}],"twitter_card":"summary_large_image","twitter_site":"@Miamibeachnews","schema":{"@context":"https:\/\/schema.org","@graph":[{"@type":"WebPage","@id":"https:\/\/www.miamibeachfl.gov\/city-hall\/city-clerk\/election-information\/november-3-2020-general-election\/","url":"https:\/\/www.miamibeachfl.gov\/city-hall\/city-clerk\/election-information\/november-3-2020-general-election\/","name":"3 novembre 2020\u00a0: \u00c9lections g\u00e9n\u00e9rales \u2013 Ville de Miami Beach","isPartOf":{"@id":"https:\/\/www.miamibeachfl.gov\/#website"},"primaryImageOfPage":{"@id":"https:\/\/www.miamibeachfl.gov\/city-hall\/city-clerk\/election-information\/november-3-2020-general-election\/#primaryimage"},"image":{"@id":"https:\/\/www.miamibeachfl.gov\/city-hall\/city-clerk\/election-information\/november-3-2020-general-election\/#primaryimage"},"thumbnailUrl":"https:\/\/www.miamibeachfl.gov\/wp-content\/uploads\/2022\/07\/hero-small.jpg","datePublished":"2020-07-30T14:48:24+00:00","dateModified":"2025-02-23T19:04:32+00:00","description":"%","breadcrumb":{"@id":"https:\/\/www.miamibeachfl.gov\/city-hall\/city-clerk\/election-information\/november-3-2020-general-election\/#breadcrumb"},"inLanguage":"fr-FR","potentialAction":[{"@type":"ReadAction","target":["https:\/\/www.miamibeachfl.gov\/city-hall\/city-clerk\/election-information\/november-3-2020-general-election\/"]}]},{"@type":"ImageObject","inLanguage":"fr-FR","@id":"https:\/\/www.miamibeachfl.gov\/city-hall\/city-clerk\/election-information\/november-3-2020-general-election\/#primaryimage","url":"https:\/\/www.miamibeachfl.gov\/wp-content\/uploads\/2022\/07\/hero-small.jpg","contentUrl":"https:\/\/www.miamibeachfl.gov\/wp-content\/uploads\/2022\/07\/hero-small.jpg"},{"@type":"BreadcrumbList","@id":"https:\/\/www.miamibeachfl.gov\/city-hall\/city-clerk\/election-information\/november-3-2020-general-election\/#breadcrumb","itemListElement":[{"@type":"ListItem","position":1,"name":"Home","item":"https:\/\/www.miamibeachfl.gov\/"},{"@type":"ListItem","position":2,"name":"City Hall","item":"https:\/\/www.miamibeachfl.gov\/city-hall\/"},{"@type":"ListItem","position":3,"name":"City Clerk","item":"https:\/\/www.miamibeachfl.gov\/city-hall\/city-clerk\/"},{"@type":"ListItem","position":4,"name":"Election Information","item":"https:\/\/www.miamibeachfl.gov\/city-hall\/city-clerk\/election-information\/"},{"@type":"ListItem","position":5,"name":"November 3, 2020: General Election"}]},{"@type":"WebSite","@id":"https:\/\/www.miamibeachfl.gov\/#website","url":"https:\/\/www.miamibeachfl.gov\/","name":"Ville de Miami Beach","description":"Site officiel de la ville de Miami Beach. Restez inform\u00e9 et trouvez des informations importantes sur les services municipaux, les actualit\u00e9s, les alertes, les \u00e9v\u00e9nements, les itin\u00e9raires de tramway, les emplois gouvernementaux et bien plus encore.","publisher":{"@id":"https:\/\/www.miamibeachfl.gov\/#organization"},"potentialAction":[{"@type":"SearchAction","target":{"@type":"EntryPoint","urlTemplate":"https:\/\/www.miamibeachfl.gov\/?s={search_term_string}"},"query-input":{"@type":"PropertyValueSpecification","valueRequired":true,"valueName":"search_term_string"}}],"inLanguage":"fr-FR"},{"@type":"Organization","@id":"https:\/\/www.miamibeachfl.gov\/#organization","name":"Ville de Miami Beach","url":"https:\/\/www.miamibeachfl.gov\/","logo":{"@type":"ImageObject","inLanguage":"fr-FR","@id":"https:\/\/www.miamibeachfl.gov\/#\/schema\/logo\/image\/","url":"https:\/\/www.miamibeachfl.gov\/wp-content\/uploads\/2022\/06\/miamibeach-logoblue.png","contentUrl":"https:\/\/www.miamibeachfl.gov\/wp-content\/uploads\/2022\/06\/miamibeach-logoblue.png","width":1962,"height":381,"caption":"City of Miami Beach"},"image":{"@id":"https:\/\/www.miamibeachfl.gov\/#\/schema\/logo\/image\/"},"sameAs":["https:\/\/www.facebook.com\/cityofmiamibeach","https:\/\/x.com\/Miamibeachnews","https:\/\/www.instagram.com\/miamibeachnews\/"],"description":"Site officiel de la ville de Miami Beach. Restez inform\u00e9 et trouvez des informations importantes sur les services municipaux, les actualit\u00e9s, les alertes, les \u00e9v\u00e9nements, les itin\u00e9raires de tramway, les emplois gouvernementaux et bien plus encore.","telephone":"305.604.CITY(2489)","legalName":"City of Miami Beach"}]}},"_links":{"self":[{"href":"https:\/\/www.miamibeachfl.gov\/fr\/wp-json\/wp\/v2\/pages\/140310","targetHints":{"allow":["GET"]}}],"collection":[{"href":"https:\/\/www.miamibeachfl.gov\/fr\/wp-json\/wp\/v2\/pages"}],"about":[{"href":"https:\/\/www.miamibeachfl.gov\/fr\/wp-json\/wp\/v2\/types\/page"}],"author":[{"embeddable":true,"href":"https:\/\/www.miamibeachfl.gov\/fr\/wp-json\/wp\/v2\/users\/222"}],"replies":[{"embeddable":true,"href":"https:\/\/www.miamibeachfl.gov\/fr\/wp-json\/wp\/v2\/comments?post=140310"}],"version-history":[{"count":0,"href":"https:\/\/www.miamibeachfl.gov\/fr\/wp-json\/wp\/v2\/pages\/140310\/revisions"}],"up":[{"embeddable":true,"href":"https:\/\/www.miamibeachfl.gov\/fr\/wp-json\/wp\/v2\/pages\/28358"}],"wp:attachment":[{"href":"https:\/\/www.miamibeachfl.gov\/fr\/wp-json\/wp\/v2\/media?parent=140310"}],"wp:term":[{"taxonomy":"category","embeddable":true,"href":"https:\/\/www.miamibeachfl.gov\/fr\/wp-json\/wp\/v2\/categories?post=140310"},{"taxonomy":"post_tag","embeddable":true,"href":"https:\/\/www.miamibeachfl.gov\/fr\/wp-json\/wp\/v2\/tags?post=140310"}],"curies":[{"name":"wp","href":"https:\/\/api.w.org\/{rel}","templated":true}]}}