{"id":140922,"date":"2020-08-12T10:00:27","date_gmt":"2020-08-12T14:00:27","guid":{"rendered":"http:\/\/www.miamibeachfl.gov\/?page_id=140922"},"modified":"2026-04-29T09:56:16","modified_gmt":"2026-04-29T13:56:16","slug":"floating-dock-mg-park","status":"publish","type":"page","link":"https:\/\/www.miamibeachfl.gov\/fr\/residents\/neighborhood-affairs-division\/active-projects\/other\/floating-dock-mg-park\/","title":{"rendered":"Quai flottant du parc comm\u00e9moratif Maurice Gibb"},"content":{"rendered":"<p> Projet termin\u00e9<\/p>\n<h2>\n\t\t\tQuai flottant du parc Maurice Gibb\t<\/h2>\n<header id=\"widget_202_1615_1551\">This project includes the construction of the concrete floating dock and ramp; stairs to access the ramp and the installation of new signage. Creating an access point to Biscayne Bay Aquatic Preserve and the intracoastal waterway, the project is listed in City&#8217;s Blueways Master Plan.The launch will be free of charge, open to the public and accessible to hundreds of thousands of visitors annually<\/header>\n\t\t\t\t\t<a role=\"heading\" aria-level=\"2\" tabindex=\"-1\"  id=\"fl-accordion--label-0\">Cliquez ici pour les mises \u00e0 jour du projet<\/a>\n\t\t\t\t\t\t\t\t\t\t\t<button type=\"button\" id=\"fl-accordion--icon-0\" aria-expanded=\"false\" aria-controls=\"fl-accordion--panel-0\"><i>D\u00e9velopper<\/i><\/button>\n\t\t\t\t\t<p><a href=\"http:\/\/r20.rs6.net\/tn.jsp?f=0015E266a4yHRO-Naw9Wkhfntt60TctxoiePaoR0mFKgva2abDTlj5ARuHocyUibKJ5jDA102daCCoyOTrgh2gZzbRG2iYuefprjGO0SNNMvoPiV33zQSLyFIhM9jXAI6x3FtpR_9zXOQOMh9ofiZYQoQ==&amp;c=TOUrpQlvwrIuKd7u6C865Q9XCzaGLhu2Bo6vVcPg3zcngfol9b7Npg==&amp;ch=P7i68htZUYwAgiFKk7a8CEbQxG1oBEk5Up-lqlb94qXn2GMu-PduQQ==\"><strong>Maurice Gibb Memorial Park Floating Dock &#8211; Project Update &#8211; 7\/29\/20<\/strong><\/a><\/p>\n<p><a href=\"https:\/\/myemail.constantcontact.com\/Maurice-Gibb-Floating-Dock---Project-Advisory.html?soid=1011085968389&amp;aid=JQ26SKiszJ4\"><strong>Maurice Gibb Memorial Park Floating Dock &#8211; Project Update &#8211; 4\/9\/20<\/strong><\/a><\/p>\n<p>&nbsp;<\/p>\n\t<p><strong>Chef de d\u00e9partement<\/strong><\/p>\n<p>D\u00e9partement des travaux publics<\/p>\n<p><strong>Directeur du d\u00e9partement<\/strong><\/p>\n<p>Joe Gomez<\/p>\n<p><strong>Coordonnateur de projet<\/strong><\/p>\n<p>Giancarlo Pena, ing\u00e9nieur \u00e9lectricien<\/p>\n\t<h3>Emplacement<\/h3>\n\t<iframe src=\"https:\/\/www.google.com\/maps\/embed\/v1\/place?q=Maurice+Gibb+Park&#038;key=AIzaSyD09zQ9PNDNNy9TadMuzRV_UsPUoWKntt8\" aria-hidden=\"true\"><\/iframe>","protected":false},"excerpt":{"rendered":"<p>Project Completed Maurice Gibb Park Floating Dock This project includes the construction of the concrete floating dock and ramp; stairs [&hellip;]<\/p>\n","protected":false},"author":222,"featured_media":297946,"parent":28467,"menu_order":194,"comment_status":"closed","ping_status":"closed","template":"","meta":{"_searchwp_excluded":"","site-sidebar-layout":"default","site-content-layout":"","ast-site-content-layout":"default","site-content-style":"default","site-sidebar-style":"default","ast-global-header-display":"","ast-banner-title-visibility":"","ast-main-header-display":"","ast-hfb-above-header-display":"","ast-hfb-below-header-display":"","ast-hfb-mobile-header-display":"","site-post-title":"","ast-breadcrumbs-content":"","ast-featured-img":"","footer-sml-layout":"","theme-transparent-header-meta":"","adv-header-id-meta":"","stick-header-meta":"","header-above-stick-meta":"","header-main-stick-meta":"","header-below-stick-meta":"","astra-migrate-meta-layouts":"default","ast-page-background-enabled":"default","ast-page-background-meta":{"desktop":{"background-color":"var(--ast-global-color-5)","background-image":"","background-repeat":"repeat","background-position":"center center","background-size":"auto","background-attachment":"scroll","background-type":"","background-media":"","overlay-type":"","overlay-color":"","overlay-opacity":"","overlay-gradient":""},"tablet":{"background-color":"","background-image":"","background-repeat":"repeat","background-position":"center center","background-size":"auto","background-attachment":"scroll","background-type":"","background-media":"","overlay-type":"","overlay-color":"","overlay-opacity":"","overlay-gradient":""},"mobile":{"background-color":"","background-image":"","background-repeat":"repeat","background-position":"center center","background-size":"auto","background-attachment":"scroll","background-type":"","background-media":"","overlay-type":"","overlay-color":"","overlay-opacity":"","overlay-gradient":""}},"ast-content-background-meta":{"desktop":{"background-color":"var(--ast-global-color-4)","background-image":"","background-repeat":"repeat","background-position":"center center","background-size":"auto","background-attachment":"scroll","background-type":"","background-media":"","overlay-type":"","overlay-color":"","overlay-opacity":"","overlay-gradient":""},"tablet":{"background-color":"var(--ast-global-color-4)","background-image":"","background-repeat":"repeat","background-position":"center center","background-size":"auto","background-attachment":"scroll","background-type":"","background-media":"","overlay-type":"","overlay-color":"","overlay-opacity":"","overlay-gradient":""},"mobile":{"background-color":"var(--ast-global-color-4)","background-image":"","background-repeat":"repeat","background-position":"center center","background-size":"auto","background-attachment":"scroll","background-type":"","background-media":"","overlay-type":"","overlay-color":"","overlay-opacity":"","overlay-gradient":""}},"footnotes":""},"categories":[1888],"tags":[],"class_list":["post-140922","page","type-page","status-publish","has-post-thumbnail","hentry","category-completed-projects"],"yoast_head":"<!-- This site is optimized with the Yoast SEO Premium plugin v27.4 (Yoast SEO v27.4) - https:\/\/yoast.com\/product\/yoast-seo-premium-wordpress\/ -->\n<title>Floating Dock Maurice Gibb Memorial Park - City of Miami Beach<\/title>\n<meta name=\"description\" content=\"Learn about the Floating Dock Maurice Gibb Memorial Park, featuring a free launch and new access point for visitors.\" \/>\n<meta name=\"robots\" content=\"index, follow, max-snippet:-1, max-image-preview:large, max-video-preview:-1\" \/>\n<link rel=\"canonical\" href=\"https:\/\/www.miamibeachfl.gov\/fr\/residents\/neighborhood-affairs-division\/active-projects\/other\/floating-dock-mg-park\/\" \/>\n<meta property=\"og:locale\" content=\"fr_FR\" \/>\n<meta property=\"og:type\" content=\"article\" \/>\n<meta property=\"og:title\" content=\"Floating Dock Maurice Gibb Memorial Park\" \/>\n<meta property=\"og:description\" content=\"Learn about the Floating Dock Maurice Gibb Memorial Park, featuring a free launch and new access point for visitors.\" \/>\n<meta property=\"og:url\" content=\"https:\/\/www.miamibeachfl.gov\/fr\/residents\/neighborhood-affairs-division\/active-projects\/other\/floating-dock-mg-park\/\" \/>\n<meta property=\"og:site_name\" content=\"City of Miami Beach\" \/>\n<meta property=\"article:publisher\" content=\"https:\/\/www.facebook.com\/cityofmiamibeach\" \/>\n<meta property=\"article:modified_time\" content=\"2026-04-29T13:56:16+00:00\" \/>\n<meta property=\"og:image\" content=\"https:\/\/www.miamibeachfl.gov\/wp-content\/uploads\/2024\/04\/MauriceGibbDock-1200sq.jpeg\" \/>\n\t<meta property=\"og:image:width\" content=\"1000\" \/>\n\t<meta property=\"og:image:height\" content=\"1000\" \/>\n\t<meta property=\"og:image:type\" content=\"image\/jpeg\" \/>\n<meta name=\"twitter:card\" content=\"summary_large_image\" \/>\n<meta name=\"twitter:site\" content=\"@Miamibeachnews\" \/>\n<script type=\"application\/ld+json\" class=\"yoast-schema-graph\">{\"@context\":\"https:\\\/\\\/schema.org\",\"@graph\":[{\"@type\":\"WebPage\",\"@id\":\"https:\\\/\\\/www.miamibeachfl.gov\\\/residents\\\/neighborhood-affairs-division\\\/active-projects\\\/other\\\/floating-dock-mg-park\\\/\",\"url\":\"https:\\\/\\\/www.miamibeachfl.gov\\\/residents\\\/neighborhood-affairs-division\\\/active-projects\\\/other\\\/floating-dock-mg-park\\\/\",\"name\":\"Floating Dock Maurice Gibb Memorial Park - City of Miami Beach\",\"isPartOf\":{\"@id\":\"https:\\\/\\\/www.miamibeachfl.gov\\\/#website\"},\"primaryImageOfPage\":{\"@id\":\"https:\\\/\\\/www.miamibeachfl.gov\\\/residents\\\/neighborhood-affairs-division\\\/active-projects\\\/other\\\/floating-dock-mg-park\\\/#primaryimage\"},\"image\":{\"@id\":\"https:\\\/\\\/www.miamibeachfl.gov\\\/residents\\\/neighborhood-affairs-division\\\/active-projects\\\/other\\\/floating-dock-mg-park\\\/#primaryimage\"},\"thumbnailUrl\":\"https:\\\/\\\/www.miamibeachfl.gov\\\/wp-content\\\/uploads\\\/2024\\\/04\\\/MauriceGibbDock-1200sq.jpeg\",\"datePublished\":\"2020-08-12T14:00:27+00:00\",\"dateModified\":\"2026-04-29T13:56:16+00:00\",\"description\":\"Learn about the Floating Dock Maurice Gibb Memorial Park, featuring a free launch and new access point for visitors.\",\"breadcrumb\":{\"@id\":\"https:\\\/\\\/www.miamibeachfl.gov\\\/residents\\\/neighborhood-affairs-division\\\/active-projects\\\/other\\\/floating-dock-mg-park\\\/#breadcrumb\"},\"inLanguage\":\"fr-FR\",\"potentialAction\":[{\"@type\":\"ReadAction\",\"target\":[\"https:\\\/\\\/www.miamibeachfl.gov\\\/residents\\\/neighborhood-affairs-division\\\/active-projects\\\/other\\\/floating-dock-mg-park\\\/\"]}]},{\"@type\":\"ImageObject\",\"inLanguage\":\"fr-FR\",\"@id\":\"https:\\\/\\\/www.miamibeachfl.gov\\\/residents\\\/neighborhood-affairs-division\\\/active-projects\\\/other\\\/floating-dock-mg-park\\\/#primaryimage\",\"url\":\"https:\\\/\\\/www.miamibeachfl.gov\\\/wp-content\\\/uploads\\\/2024\\\/04\\\/MauriceGibbDock-1200sq.jpeg\",\"contentUrl\":\"https:\\\/\\\/www.miamibeachfl.gov\\\/wp-content\\\/uploads\\\/2024\\\/04\\\/MauriceGibbDock-1200sq.jpeg\",\"width\":1000,\"height\":1000,\"caption\":\"Maurice Gibb Boat Ramp\"},{\"@type\":\"BreadcrumbList\",\"@id\":\"https:\\\/\\\/www.miamibeachfl.gov\\\/residents\\\/neighborhood-affairs-division\\\/active-projects\\\/other\\\/floating-dock-mg-park\\\/#breadcrumb\",\"itemListElement\":[{\"@type\":\"ListItem\",\"position\":1,\"name\":\"Home\",\"item\":\"https:\\\/\\\/www.miamibeachfl.gov\\\/\"},{\"@type\":\"ListItem\",\"position\":2,\"name\":\"Residents\",\"item\":\"https:\\\/\\\/www.miamibeachfl.gov\\\/residents\\\/\"},{\"@type\":\"ListItem\",\"position\":3,\"name\":\"Neighborhood Affairs Division\",\"item\":\"https:\\\/\\\/www.miamibeachfl.gov\\\/residents\\\/neighborhood-affairs-division\\\/\"},{\"@type\":\"ListItem\",\"position\":4,\"name\":\"Active Projects\",\"item\":\"https:\\\/\\\/www.miamibeachfl.gov\\\/residents\\\/neighborhood-affairs-division\\\/active-projects\\\/\"},{\"@type\":\"ListItem\",\"position\":5,\"name\":\"Other\",\"item\":\"https:\\\/\\\/www.miamibeachfl.gov\\\/residents\\\/neighborhood-affairs-division\\\/active-projects\\\/other\\\/\"},{\"@type\":\"ListItem\",\"position\":6,\"name\":\"Floating Dock Maurice Gibb Memorial Park\"}]},{\"@type\":\"WebSite\",\"@id\":\"https:\\\/\\\/www.miamibeachfl.gov\\\/#website\",\"url\":\"https:\\\/\\\/www.miamibeachfl.gov\\\/\",\"name\":\"City of Miami Beach\",\"description\":\"The official website of the City of Miami Beach. Stay informed, find important information on city services, news, alerts, events, trolley routes, government employment and more.\",\"publisher\":{\"@id\":\"https:\\\/\\\/www.miamibeachfl.gov\\\/#organization\"},\"potentialAction\":[{\"@type\":\"SearchAction\",\"target\":{\"@type\":\"EntryPoint\",\"urlTemplate\":\"https:\\\/\\\/www.miamibeachfl.gov\\\/?s={search_term_string}\"},\"query-input\":{\"@type\":\"PropertyValueSpecification\",\"valueRequired\":true,\"valueName\":\"search_term_string\"}}],\"inLanguage\":\"fr-FR\"},{\"@type\":\"Organization\",\"@id\":\"https:\\\/\\\/www.miamibeachfl.gov\\\/#organization\",\"name\":\"City of Miami Beach\",\"url\":\"https:\\\/\\\/www.miamibeachfl.gov\\\/\",\"logo\":{\"@type\":\"ImageObject\",\"inLanguage\":\"fr-FR\",\"@id\":\"https:\\\/\\\/www.miamibeachfl.gov\\\/#\\\/schema\\\/logo\\\/image\\\/\",\"url\":\"https:\\\/\\\/www.miamibeachfl.gov\\\/wp-content\\\/uploads\\\/2022\\\/06\\\/miamibeach-logoblue.png\",\"contentUrl\":\"https:\\\/\\\/www.miamibeachfl.gov\\\/wp-content\\\/uploads\\\/2022\\\/06\\\/miamibeach-logoblue.png\",\"width\":1962,\"height\":381,\"caption\":\"City of Miami Beach\"},\"image\":{\"@id\":\"https:\\\/\\\/www.miamibeachfl.gov\\\/#\\\/schema\\\/logo\\\/image\\\/\"},\"sameAs\":[\"https:\\\/\\\/www.facebook.com\\\/cityofmiamibeach\",\"https:\\\/\\\/x.com\\\/Miamibeachnews\",\"https:\\\/\\\/www.instagram.com\\\/miamibeachnews\\\/\"],\"description\":\"The official website of the City of Miami Beach. Stay informed, find important information on city services, news, alerts, events, trolley routes, government employment and more.\",\"telephone\":\"305.604.CITY(2489)\",\"legalName\":\"City of Miami Beach\"}]}<\/script>\n<!-- \/ Yoast SEO Premium plugin. -->","yoast_head_json":{"title":"Floating Dock Maurice Gibb Memorial Park - City of Miami Beach","description":"Learn about the Floating Dock Maurice Gibb Memorial Park, featuring a free launch and new access point for visitors.","robots":{"index":"index","follow":"follow","max-snippet":"max-snippet:-1","max-image-preview":"max-image-preview:large","max-video-preview":"max-video-preview:-1"},"canonical":"https:\/\/www.miamibeachfl.gov\/fr\/residents\/neighborhood-affairs-division\/active-projects\/other\/floating-dock-mg-park\/","og_locale":"fr_FR","og_type":"article","og_title":"Floating Dock Maurice Gibb Memorial Park","og_description":"Learn about the Floating Dock Maurice Gibb Memorial Park, featuring a free launch and new access point for visitors.","og_url":"https:\/\/www.miamibeachfl.gov\/fr\/residents\/neighborhood-affairs-division\/active-projects\/other\/floating-dock-mg-park\/","og_site_name":"City of Miami Beach","article_publisher":"https:\/\/www.facebook.com\/cityofmiamibeach","article_modified_time":"2026-04-29T13:56:16+00:00","og_image":[{"width":1000,"height":1000,"url":"https:\/\/www.miamibeachfl.gov\/wp-content\/uploads\/2024\/04\/MauriceGibbDock-1200sq.jpeg","type":"image\/jpeg"}],"twitter_card":"summary_large_image","twitter_site":"@Miamibeachnews","schema":{"@context":"https:\/\/schema.org","@graph":[{"@type":"WebPage","@id":"https:\/\/www.miamibeachfl.gov\/residents\/neighborhood-affairs-division\/active-projects\/other\/floating-dock-mg-park\/","url":"https:\/\/www.miamibeachfl.gov\/residents\/neighborhood-affairs-division\/active-projects\/other\/floating-dock-mg-park\/","name":"Floating Dock Maurice Gibb Memorial Park - City of Miami Beach","isPartOf":{"@id":"https:\/\/www.miamibeachfl.gov\/#website"},"primaryImageOfPage":{"@id":"https:\/\/www.miamibeachfl.gov\/residents\/neighborhood-affairs-division\/active-projects\/other\/floating-dock-mg-park\/#primaryimage"},"image":{"@id":"https:\/\/www.miamibeachfl.gov\/residents\/neighborhood-affairs-division\/active-projects\/other\/floating-dock-mg-park\/#primaryimage"},"thumbnailUrl":"https:\/\/www.miamibeachfl.gov\/wp-content\/uploads\/2024\/04\/MauriceGibbDock-1200sq.jpeg","datePublished":"2020-08-12T14:00:27+00:00","dateModified":"2026-04-29T13:56:16+00:00","description":"Learn about the Floating Dock Maurice Gibb Memorial Park, featuring a free launch and new access point for visitors.","breadcrumb":{"@id":"https:\/\/www.miamibeachfl.gov\/residents\/neighborhood-affairs-division\/active-projects\/other\/floating-dock-mg-park\/#breadcrumb"},"inLanguage":"fr-FR","potentialAction":[{"@type":"ReadAction","target":["https:\/\/www.miamibeachfl.gov\/residents\/neighborhood-affairs-division\/active-projects\/other\/floating-dock-mg-park\/"]}]},{"@type":"ImageObject","inLanguage":"fr-FR","@id":"https:\/\/www.miamibeachfl.gov\/residents\/neighborhood-affairs-division\/active-projects\/other\/floating-dock-mg-park\/#primaryimage","url":"https:\/\/www.miamibeachfl.gov\/wp-content\/uploads\/2024\/04\/MauriceGibbDock-1200sq.jpeg","contentUrl":"https:\/\/www.miamibeachfl.gov\/wp-content\/uploads\/2024\/04\/MauriceGibbDock-1200sq.jpeg","width":1000,"height":1000,"caption":"Maurice Gibb Boat Ramp"},{"@type":"BreadcrumbList","@id":"https:\/\/www.miamibeachfl.gov\/residents\/neighborhood-affairs-division\/active-projects\/other\/floating-dock-mg-park\/#breadcrumb","itemListElement":[{"@type":"ListItem","position":1,"name":"Home","item":"https:\/\/www.miamibeachfl.gov\/"},{"@type":"ListItem","position":2,"name":"Residents","item":"https:\/\/www.miamibeachfl.gov\/residents\/"},{"@type":"ListItem","position":3,"name":"Neighborhood Affairs Division","item":"https:\/\/www.miamibeachfl.gov\/residents\/neighborhood-affairs-division\/"},{"@type":"ListItem","position":4,"name":"Active Projects","item":"https:\/\/www.miamibeachfl.gov\/residents\/neighborhood-affairs-division\/active-projects\/"},{"@type":"ListItem","position":5,"name":"Other","item":"https:\/\/www.miamibeachfl.gov\/residents\/neighborhood-affairs-division\/active-projects\/other\/"},{"@type":"ListItem","position":6,"name":"Floating Dock Maurice Gibb Memorial Park"}]},{"@type":"WebSite","@id":"https:\/\/www.miamibeachfl.gov\/#website","url":"https:\/\/www.miamibeachfl.gov\/","name":"Ville de Miami Beach","description":"Site officiel de la ville de Miami Beach. Restez inform\u00e9 et trouvez des informations importantes sur les services municipaux, les actualit\u00e9s, les alertes, les \u00e9v\u00e9nements, les itin\u00e9raires de tramway, les emplois gouvernementaux et bien plus encore.","publisher":{"@id":"https:\/\/www.miamibeachfl.gov\/#organization"},"potentialAction":[{"@type":"SearchAction","target":{"@type":"EntryPoint","urlTemplate":"https:\/\/www.miamibeachfl.gov\/?s={search_term_string}"},"query-input":{"@type":"PropertyValueSpecification","valueRequired":true,"valueName":"search_term_string"}}],"inLanguage":"fr-FR"},{"@type":"Organization","@id":"https:\/\/www.miamibeachfl.gov\/#organization","name":"Ville de Miami Beach","url":"https:\/\/www.miamibeachfl.gov\/","logo":{"@type":"ImageObject","inLanguage":"fr-FR","@id":"https:\/\/www.miamibeachfl.gov\/#\/schema\/logo\/image\/","url":"https:\/\/www.miamibeachfl.gov\/wp-content\/uploads\/2022\/06\/miamibeach-logoblue.png","contentUrl":"https:\/\/www.miamibeachfl.gov\/wp-content\/uploads\/2022\/06\/miamibeach-logoblue.png","width":1962,"height":381,"caption":"City of Miami Beach"},"image":{"@id":"https:\/\/www.miamibeachfl.gov\/#\/schema\/logo\/image\/"},"sameAs":["https:\/\/www.facebook.com\/cityofmiamibeach","https:\/\/x.com\/Miamibeachnews","https:\/\/www.instagram.com\/miamibeachnews\/"],"description":"Site officiel de la ville de Miami Beach. Restez inform\u00e9 et trouvez des informations importantes sur les services municipaux, les actualit\u00e9s, les alertes, les \u00e9v\u00e9nements, les itin\u00e9raires de tramway, les emplois gouvernementaux et bien plus encore.","telephone":"305.604.CITY(2489)","legalName":"City of Miami Beach"}]}},"_links":{"self":[{"href":"https:\/\/www.miamibeachfl.gov\/fr\/wp-json\/wp\/v2\/pages\/140922","targetHints":{"allow":["GET"]}}],"collection":[{"href":"https:\/\/www.miamibeachfl.gov\/fr\/wp-json\/wp\/v2\/pages"}],"about":[{"href":"https:\/\/www.miamibeachfl.gov\/fr\/wp-json\/wp\/v2\/types\/page"}],"author":[{"embeddable":true,"href":"https:\/\/www.miamibeachfl.gov\/fr\/wp-json\/wp\/v2\/users\/222"}],"replies":[{"embeddable":true,"href":"https:\/\/www.miamibeachfl.gov\/fr\/wp-json\/wp\/v2\/comments?post=140922"}],"version-history":[{"count":4,"href":"https:\/\/www.miamibeachfl.gov\/fr\/wp-json\/wp\/v2\/pages\/140922\/revisions"}],"predecessor-version":[{"id":399794,"href":"https:\/\/www.miamibeachfl.gov\/fr\/wp-json\/wp\/v2\/pages\/140922\/revisions\/399794"}],"up":[{"embeddable":true,"href":"https:\/\/www.miamibeachfl.gov\/fr\/wp-json\/wp\/v2\/pages\/28467"}],"wp:featuredmedia":[{"embeddable":true,"href":"https:\/\/www.miamibeachfl.gov\/fr\/wp-json\/wp\/v2\/media\/297946"}],"wp:attachment":[{"href":"https:\/\/www.miamibeachfl.gov\/fr\/wp-json\/wp\/v2\/media?parent=140922"}],"wp:term":[{"taxonomy":"category","embeddable":true,"href":"https:\/\/www.miamibeachfl.gov\/fr\/wp-json\/wp\/v2\/categories?post=140922"},{"taxonomy":"post_tag","embeddable":true,"href":"https:\/\/www.miamibeachfl.gov\/fr\/wp-json\/wp\/v2\/tags?post=140922"}],"curies":[{"name":"wp","href":"https:\/\/api.w.org\/{rel}","templated":true}]}}