{"id":147572,"date":"2021-01-08T15:04:40","date_gmt":"2021-01-08T20:04:40","guid":{"rendered":"http:\/\/www.miamibeachfl.gov\/residents\/neighborhood-associations\/neighborhood-affairs-division\/active-projects\/other\/tatum-waterway-study\/"},"modified":"2026-04-23T10:25:00","modified_gmt":"2026-04-23T14:25:00","slug":"tatum-waterway-study","status":"publish","type":"page","link":"https:\/\/www.miamibeachfl.gov\/fr\/residents\/neighborhood-affairs-division\/active-projects\/other\/tatum-waterway-study\/","title":{"rendered":"\u00c9tude de la voie navigable Tatum"},"content":{"rendered":"<p> Projet termin\u00e9<\/p>\n<header id=\"widget_202_1615_1551\">\n<h3>Phase du projet \u2013 Construction<\/h3>\n<\/header>\n<p><strong>Limites du projet<\/strong><\/p>\n<p>La 42e Rue est un corridor \u00e0 deux voies \u00e0 sens unique entre Pine Tree Drive et Prairie Avenue. En ao\u00fbt 2015, la Ville a finalis\u00e9 une \u00e9tude visant \u00e0 rendre bidirectionnelle la section du corridor entre Sheridan Avenue et Pine Tree Drive. Cette configuration permettra aux automobilistes souhaitant acc\u00e9der au Centre communautaire juif d&#039;emprunter Sheridan Avenue et la 42e Rue pour y acc\u00e9der confortablement. De plus, cette am\u00e9lioration am\u00e9liorera la s\u00e9curit\u00e9 \u00e0 l&#039;intersection de Pine Tree Drive et de la 42e Rue gr\u00e2ce \u00e0 la mise en place de passages pi\u00e9tons signalis\u00e9s. Pour mettre en \u0153uvre cette configuration, les feux de circulation \u00e0 l&#039;intersection de Pine Tree Drive et de la 42e Rue devront \u00eatre modernis\u00e9s pour permettre la circulation en direction est. Cette \u00e9tude a \u00e9t\u00e9 approuv\u00e9e par le D\u00e9partement des Transports et des Travaux Publics du comt\u00e9 de Miami-Dade.<\/p>\n<p><strong>Chronologie du projet<\/strong><\/p>\nDate de d\u00e9but : janvier 2019<br \/>\nDate d&#039;ach\u00e8vement pr\u00e9vue : mai 2018\n<p><strong>\u00a0\u00c9tendue des travaux\u00a0<\/strong><\/p>\n<p><em>Am\u00e9liorations des routes<\/em>:<\/p>\n<ul>\n<li>Reconstruction compl\u00e8te de toutes les chauss\u00e9es en asphalte dans les limites du projet<\/li>\n<li>Reconfiguration de la 42e rue d&#039;une voie \u00e0 sens unique \u00e0 une voie \u00e0 double sens.<\/li>\n<\/ul>\n\t\t\t\t\t<a role=\"heading\" aria-level=\"2\" tabindex=\"-1\"  id=\"fl-accordion--label-0\">Mises \u00e0 jour du projet<\/a>\n\t\t\t\t\t\t\t\t\t\t\t<button type=\"button\" id=\"fl-accordion--icon-0\" aria-expanded=\"false\" aria-controls=\"fl-accordion--panel-0\"><i>D\u00e9velopper<\/i><\/button>\n\t\t\t\t\t<p>Veuillez consulter ci-dessous les mises \u00e0 jour du projet.<\/p>\n<p><strong><a href=\"http:\/\/campaign.r20.constantcontact.com\/render?ca=b95a3ca4-1ec2-4bc6-bac1-52f877248b24&amp;preview=true&amp;m=1011085968389&amp;id=preview\">Mise \u00e0 jour de Washington Ave 31\/07<\/a><\/strong><\/p>\n<p><a href=\"https:\/\/youtu.be\/aVFJLuf86OA\"><strong>Enregistrement de la r\u00e9union publique d&#039;harmonisation de la phase II de West Avenue (Zoom) \u2013 20 mai 2020<\/strong><\/a><\/p>\n<p><strong><a href=\"http:\/\/www.miamibeachfl.gov\/wp-content\/uploads\/2020\/05\/FINAL-West-Ave-Ph2-drainage_harmon_Presentation-052020_WEB.pdf\">Pr\u00e9sentation de la r\u00e9union publique d&#039;harmonisation de la phase II de West Avenue \u2013 20 mai 2020<\/a><\/strong><\/p>\n<p><strong><a href=\"https:\/\/conta.cc\/2T8kkBQ\">Webinaire sur la r\u00e9union publique d&#039;harmonisation de la phase II de West Avenue \u2013 Notification par courriel<\/a><\/strong><\/p>\n<p><strong><a href=\"http:\/\/www.miamibeachfl.gov\/wp-content\/uploads\/2020\/06\/B2._Discussion_Regarding_Siting_Of_The_Stormwater_Pump_Station_And_Above_Ground_Components_For_The_West_Avenue_Neighborhood_Project._CIP-1.pdf\">Note du Comit\u00e9 d&#039;am\u00e9nagement du territoire et de d\u00e9veloppement durable de la phase II de West Avenue \u2013 6 mai 2020<\/a><\/strong><\/p>\n<p><a href=\"http:\/\/www.miamibeachfl.gov\/wp-content\/uploads\/2020\/06\/West-Avenue-Ph2-FAQ-text_06302020.pdf\"><strong>West Avenue Phase II\u00a0: Foire aux questions (FAQ)<\/strong><\/a><\/p>\n<p><a href=\"http:\/\/www.miamibeachfl.gov\/wp-content\/uploads\/2020\/05\/West-Avenue-Ph-2-Project-Charter-FINAL.pdf\"><strong>Charte du projet West Avenue Phase II<\/strong><\/a><\/p>\n<p><a href=\"http:\/\/www.miamibeachfl.gov\/wp-content\/uploads\/2020\/06\/West-Ave-Ph-2-RISE-PLAN_052620_FINAL.pdf\"><strong>Guide RISE de la phase II de West Avenue<\/strong><\/a><\/p>\n<p><strong><a href=\"https:\/\/files.constantcontact.com\/9509dbbc401\/adb5b5d4-4fb5-47c4-877c-c692237227a9.pdf\">Mise \u00e0 jour du projet West Avenue \u2013 19 novembre 2019<\/a><\/strong><\/p>\n\t\t\t\t\t<a role=\"heading\" aria-level=\"2\" tabindex=\"-1\"  id=\"fl-accordion--label-1\">Images du projet<\/a>\n\t\t\t\t\t\t\t\t\t\t\t<button type=\"button\" id=\"fl-accordion--icon-1\" aria-expanded=\"false\" aria-controls=\"fl-accordion--panel-1\"><i>D\u00e9velopper<\/i><\/button>\n\t<h3><strong>Projet d&#039;am\u00e9lioration des immobilisations pour les personnes \u00e2g\u00e9es<\/strong><\/h3>\n<h4>David Gomez<\/h4>\n<h3><strong>Projet d&#039;am\u00e9lioration des immobilisations<\/strong><\/h3>\n<h4>Steven Smith<\/h4>\n\t<h3><strong>Coordonnateur des affaires de quartier<\/strong><\/h3>\n<h4>Jean Smith<br \/>\n123.456.7890<br \/>\n<a href=\"http:\/\/google.com\">JohnSmith@MiamiBeachFl.gov<\/a><\/h4>\n\t<h3><strong>Entrepreneur<\/strong><\/h3>\n<h4>Big Dawg Construction de Floride<\/h4>\n\t<h3><strong>Emplacement<\/strong><\/h3>\n\t<iframe src=\"https:\/\/www.google.com\/maps\/embed\/v1\/place?q=W+42+Street+Miami+Beach&#038;key=AIzaSyD09zQ9PNDNNy9TadMuzRV_UsPUoWKntt8\" aria-hidden=\"true\"><\/iframe>","protected":false},"excerpt":{"rendered":"<p>Project Completed Project Phase &#8211; Construction Project Limits 42 Street is a one-way two lane corridor between Pine Tree Drive [&hellip;]<\/p>\n","protected":false},"author":222,"featured_media":394896,"parent":28467,"menu_order":69,"comment_status":"closed","ping_status":"closed","template":"","meta":{"_searchwp_excluded":"","site-sidebar-layout":"default","site-content-layout":"","ast-site-content-layout":"default","site-content-style":"default","site-sidebar-style":"default","ast-global-header-display":"","ast-banner-title-visibility":"","ast-main-header-display":"","ast-hfb-above-header-display":"","ast-hfb-below-header-display":"","ast-hfb-mobile-header-display":"","site-post-title":"","ast-breadcrumbs-content":"","ast-featured-img":"","footer-sml-layout":"","theme-transparent-header-meta":"","adv-header-id-meta":"","stick-header-meta":"","header-above-stick-meta":"","header-main-stick-meta":"","header-below-stick-meta":"","astra-migrate-meta-layouts":"default","ast-page-background-enabled":"default","ast-page-background-meta":{"desktop":{"background-color":"var(--ast-global-color-5)","background-image":"","background-repeat":"repeat","background-position":"center center","background-size":"auto","background-attachment":"scroll","background-type":"","background-media":"","overlay-type":"","overlay-color":"","overlay-opacity":"","overlay-gradient":""},"tablet":{"background-color":"","background-image":"","background-repeat":"repeat","background-position":"center center","background-size":"auto","background-attachment":"scroll","background-type":"","background-media":"","overlay-type":"","overlay-color":"","overlay-opacity":"","overlay-gradient":""},"mobile":{"background-color":"","background-image":"","background-repeat":"repeat","background-position":"center center","background-size":"auto","background-attachment":"scroll","background-type":"","background-media":"","overlay-type":"","overlay-color":"","overlay-opacity":"","overlay-gradient":""}},"ast-content-background-meta":{"desktop":{"background-color":"var(--ast-global-color-4)","background-image":"","background-repeat":"repeat","background-position":"center center","background-size":"auto","background-attachment":"scroll","background-type":"","background-media":"","overlay-type":"","overlay-color":"","overlay-opacity":"","overlay-gradient":""},"tablet":{"background-color":"var(--ast-global-color-4)","background-image":"","background-repeat":"repeat","background-position":"center center","background-size":"auto","background-attachment":"scroll","background-type":"","background-media":"","overlay-type":"","overlay-color":"","overlay-opacity":"","overlay-gradient":""},"mobile":{"background-color":"var(--ast-global-color-4)","background-image":"","background-repeat":"repeat","background-position":"center center","background-size":"auto","background-attachment":"scroll","background-type":"","background-media":"","overlay-type":"","overlay-color":"","overlay-opacity":"","overlay-gradient":""}},"footnotes":""},"categories":[1888],"tags":[],"class_list":["post-147572","page","type-page","status-publish","has-post-thumbnail","hentry","category-completed-projects"],"yoast_head":"<!-- This site is optimized with the Yoast SEO Premium plugin v27.4 (Yoast SEO v27.4) - https:\/\/yoast.com\/product\/yoast-seo-premium-wordpress\/ -->\n<title>Tatum Waterway Study - City of Miami Beach<\/title>\n<meta name=\"description\" content=\"Learn about the improvements from the Tatum Waterway Study, enhancing access and safety for drivers and pedestrians alike.\" \/>\n<meta name=\"robots\" content=\"index, follow, max-snippet:-1, max-image-preview:large, max-video-preview:-1\" \/>\n<link rel=\"canonical\" href=\"https:\/\/www.miamibeachfl.gov\/fr\/residents\/neighborhood-affairs-division\/active-projects\/other\/tatum-waterway-study\/\" \/>\n<meta property=\"og:locale\" content=\"fr_FR\" \/>\n<meta property=\"og:type\" content=\"article\" \/>\n<meta property=\"og:title\" content=\"Tatum Waterway Study\" \/>\n<meta property=\"og:description\" content=\"Learn about the improvements from the Tatum Waterway Study, enhancing access and safety for drivers and pedestrians alike.\" \/>\n<meta property=\"og:url\" content=\"https:\/\/www.miamibeachfl.gov\/fr\/residents\/neighborhood-affairs-division\/active-projects\/other\/tatum-waterway-study\/\" \/>\n<meta property=\"og:site_name\" content=\"City of Miami Beach\" \/>\n<meta property=\"article:publisher\" content=\"https:\/\/www.facebook.com\/cityofmiamibeach\" \/>\n<meta property=\"article:modified_time\" content=\"2026-04-23T14:25:00+00:00\" \/>\n<meta property=\"og:image\" content=\"https:\/\/www.miamibeachfl.gov\/wp-content\/uploads\/2026\/01\/2B991BF2-05CB-4473-8293-98E7B4125889.jpeg\" \/>\n\t<meta property=\"og:image:width\" content=\"450\" \/>\n\t<meta property=\"og:image:height\" content=\"600\" \/>\n\t<meta property=\"og:image:type\" content=\"image\/jpeg\" \/>\n<meta name=\"twitter:card\" content=\"summary_large_image\" \/>\n<meta name=\"twitter:site\" content=\"@Miamibeachnews\" \/>\n<script type=\"application\/ld+json\" class=\"yoast-schema-graph\">{\"@context\":\"https:\\\/\\\/schema.org\",\"@graph\":[{\"@type\":\"WebPage\",\"@id\":\"https:\\\/\\\/www.miamibeachfl.gov\\\/residents\\\/neighborhood-affairs-division\\\/active-projects\\\/other\\\/tatum-waterway-study\\\/\",\"url\":\"https:\\\/\\\/www.miamibeachfl.gov\\\/residents\\\/neighborhood-affairs-division\\\/active-projects\\\/other\\\/tatum-waterway-study\\\/\",\"name\":\"Tatum Waterway Study - City of Miami Beach\",\"isPartOf\":{\"@id\":\"https:\\\/\\\/www.miamibeachfl.gov\\\/#website\"},\"primaryImageOfPage\":{\"@id\":\"https:\\\/\\\/www.miamibeachfl.gov\\\/residents\\\/neighborhood-affairs-division\\\/active-projects\\\/other\\\/tatum-waterway-study\\\/#primaryimage\"},\"image\":{\"@id\":\"https:\\\/\\\/www.miamibeachfl.gov\\\/residents\\\/neighborhood-affairs-division\\\/active-projects\\\/other\\\/tatum-waterway-study\\\/#primaryimage\"},\"thumbnailUrl\":\"https:\\\/\\\/www.miamibeachfl.gov\\\/wp-content\\\/uploads\\\/2026\\\/01\\\/2B991BF2-05CB-4473-8293-98E7B4125889.jpeg\",\"datePublished\":\"2021-01-08T20:04:40+00:00\",\"dateModified\":\"2026-04-23T14:25:00+00:00\",\"description\":\"Learn about the improvements from the Tatum Waterway Study, enhancing access and safety for drivers and pedestrians alike.\",\"breadcrumb\":{\"@id\":\"https:\\\/\\\/www.miamibeachfl.gov\\\/residents\\\/neighborhood-affairs-division\\\/active-projects\\\/other\\\/tatum-waterway-study\\\/#breadcrumb\"},\"inLanguage\":\"fr-FR\",\"potentialAction\":[{\"@type\":\"ReadAction\",\"target\":[\"https:\\\/\\\/www.miamibeachfl.gov\\\/residents\\\/neighborhood-affairs-division\\\/active-projects\\\/other\\\/tatum-waterway-study\\\/\"]}]},{\"@type\":\"ImageObject\",\"inLanguage\":\"fr-FR\",\"@id\":\"https:\\\/\\\/www.miamibeachfl.gov\\\/residents\\\/neighborhood-affairs-division\\\/active-projects\\\/other\\\/tatum-waterway-study\\\/#primaryimage\",\"url\":\"https:\\\/\\\/www.miamibeachfl.gov\\\/wp-content\\\/uploads\\\/2026\\\/01\\\/2B991BF2-05CB-4473-8293-98E7B4125889.jpeg\",\"contentUrl\":\"https:\\\/\\\/www.miamibeachfl.gov\\\/wp-content\\\/uploads\\\/2026\\\/01\\\/2B991BF2-05CB-4473-8293-98E7B4125889.jpeg\",\"width\":450,\"height\":600,\"caption\":\"Tatum Park\"},{\"@type\":\"BreadcrumbList\",\"@id\":\"https:\\\/\\\/www.miamibeachfl.gov\\\/residents\\\/neighborhood-affairs-division\\\/active-projects\\\/other\\\/tatum-waterway-study\\\/#breadcrumb\",\"itemListElement\":[{\"@type\":\"ListItem\",\"position\":1,\"name\":\"Home\",\"item\":\"https:\\\/\\\/www.miamibeachfl.gov\\\/\"},{\"@type\":\"ListItem\",\"position\":2,\"name\":\"Residents\",\"item\":\"https:\\\/\\\/www.miamibeachfl.gov\\\/residents\\\/\"},{\"@type\":\"ListItem\",\"position\":3,\"name\":\"Neighborhood Affairs Division\",\"item\":\"https:\\\/\\\/www.miamibeachfl.gov\\\/residents\\\/neighborhood-affairs-division\\\/\"},{\"@type\":\"ListItem\",\"position\":4,\"name\":\"Active Projects\",\"item\":\"https:\\\/\\\/www.miamibeachfl.gov\\\/residents\\\/neighborhood-affairs-division\\\/active-projects\\\/\"},{\"@type\":\"ListItem\",\"position\":5,\"name\":\"Other\",\"item\":\"https:\\\/\\\/www.miamibeachfl.gov\\\/residents\\\/neighborhood-affairs-division\\\/active-projects\\\/other\\\/\"},{\"@type\":\"ListItem\",\"position\":6,\"name\":\"Tatum Waterway Study\"}]},{\"@type\":\"WebSite\",\"@id\":\"https:\\\/\\\/www.miamibeachfl.gov\\\/#website\",\"url\":\"https:\\\/\\\/www.miamibeachfl.gov\\\/\",\"name\":\"City of Miami Beach\",\"description\":\"The official website of the City of Miami Beach. Stay informed, find important information on city services, news, alerts, events, trolley routes, government employment and more.\",\"publisher\":{\"@id\":\"https:\\\/\\\/www.miamibeachfl.gov\\\/#organization\"},\"potentialAction\":[{\"@type\":\"SearchAction\",\"target\":{\"@type\":\"EntryPoint\",\"urlTemplate\":\"https:\\\/\\\/www.miamibeachfl.gov\\\/?s={search_term_string}\"},\"query-input\":{\"@type\":\"PropertyValueSpecification\",\"valueRequired\":true,\"valueName\":\"search_term_string\"}}],\"inLanguage\":\"fr-FR\"},{\"@type\":\"Organization\",\"@id\":\"https:\\\/\\\/www.miamibeachfl.gov\\\/#organization\",\"name\":\"City of Miami Beach\",\"url\":\"https:\\\/\\\/www.miamibeachfl.gov\\\/\",\"logo\":{\"@type\":\"ImageObject\",\"inLanguage\":\"fr-FR\",\"@id\":\"https:\\\/\\\/www.miamibeachfl.gov\\\/#\\\/schema\\\/logo\\\/image\\\/\",\"url\":\"https:\\\/\\\/www.miamibeachfl.gov\\\/wp-content\\\/uploads\\\/2022\\\/06\\\/miamibeach-logoblue.png\",\"contentUrl\":\"https:\\\/\\\/www.miamibeachfl.gov\\\/wp-content\\\/uploads\\\/2022\\\/06\\\/miamibeach-logoblue.png\",\"width\":1962,\"height\":381,\"caption\":\"City of Miami Beach\"},\"image\":{\"@id\":\"https:\\\/\\\/www.miamibeachfl.gov\\\/#\\\/schema\\\/logo\\\/image\\\/\"},\"sameAs\":[\"https:\\\/\\\/www.facebook.com\\\/cityofmiamibeach\",\"https:\\\/\\\/x.com\\\/Miamibeachnews\",\"https:\\\/\\\/www.instagram.com\\\/miamibeachnews\\\/\"],\"description\":\"The official website of the City of Miami Beach. Stay informed, find important information on city services, news, alerts, events, trolley routes, government employment and more.\",\"telephone\":\"305.604.CITY(2489)\",\"legalName\":\"City of Miami Beach\"}]}<\/script>\n<!-- \/ Yoast SEO Premium plugin. -->","yoast_head_json":{"title":"Tatum Waterway Study - City of Miami Beach","description":"Learn about the improvements from the Tatum Waterway Study, enhancing access and safety for drivers and pedestrians alike.","robots":{"index":"index","follow":"follow","max-snippet":"max-snippet:-1","max-image-preview":"max-image-preview:large","max-video-preview":"max-video-preview:-1"},"canonical":"https:\/\/www.miamibeachfl.gov\/fr\/residents\/neighborhood-affairs-division\/active-projects\/other\/tatum-waterway-study\/","og_locale":"fr_FR","og_type":"article","og_title":"Tatum Waterway Study","og_description":"Learn about the improvements from the Tatum Waterway Study, enhancing access and safety for drivers and pedestrians alike.","og_url":"https:\/\/www.miamibeachfl.gov\/fr\/residents\/neighborhood-affairs-division\/active-projects\/other\/tatum-waterway-study\/","og_site_name":"City of Miami Beach","article_publisher":"https:\/\/www.facebook.com\/cityofmiamibeach","article_modified_time":"2026-04-23T14:25:00+00:00","og_image":[{"width":450,"height":600,"url":"https:\/\/www.miamibeachfl.gov\/wp-content\/uploads\/2026\/01\/2B991BF2-05CB-4473-8293-98E7B4125889.jpeg","type":"image\/jpeg"}],"twitter_card":"summary_large_image","twitter_site":"@Miamibeachnews","schema":{"@context":"https:\/\/schema.org","@graph":[{"@type":"WebPage","@id":"https:\/\/www.miamibeachfl.gov\/residents\/neighborhood-affairs-division\/active-projects\/other\/tatum-waterway-study\/","url":"https:\/\/www.miamibeachfl.gov\/residents\/neighborhood-affairs-division\/active-projects\/other\/tatum-waterway-study\/","name":"Tatum Waterway Study - City of Miami Beach","isPartOf":{"@id":"https:\/\/www.miamibeachfl.gov\/#website"},"primaryImageOfPage":{"@id":"https:\/\/www.miamibeachfl.gov\/residents\/neighborhood-affairs-division\/active-projects\/other\/tatum-waterway-study\/#primaryimage"},"image":{"@id":"https:\/\/www.miamibeachfl.gov\/residents\/neighborhood-affairs-division\/active-projects\/other\/tatum-waterway-study\/#primaryimage"},"thumbnailUrl":"https:\/\/www.miamibeachfl.gov\/wp-content\/uploads\/2026\/01\/2B991BF2-05CB-4473-8293-98E7B4125889.jpeg","datePublished":"2021-01-08T20:04:40+00:00","dateModified":"2026-04-23T14:25:00+00:00","description":"Learn about the improvements from the Tatum Waterway Study, enhancing access and safety for drivers and pedestrians alike.","breadcrumb":{"@id":"https:\/\/www.miamibeachfl.gov\/residents\/neighborhood-affairs-division\/active-projects\/other\/tatum-waterway-study\/#breadcrumb"},"inLanguage":"fr-FR","potentialAction":[{"@type":"ReadAction","target":["https:\/\/www.miamibeachfl.gov\/residents\/neighborhood-affairs-division\/active-projects\/other\/tatum-waterway-study\/"]}]},{"@type":"ImageObject","inLanguage":"fr-FR","@id":"https:\/\/www.miamibeachfl.gov\/residents\/neighborhood-affairs-division\/active-projects\/other\/tatum-waterway-study\/#primaryimage","url":"https:\/\/www.miamibeachfl.gov\/wp-content\/uploads\/2026\/01\/2B991BF2-05CB-4473-8293-98E7B4125889.jpeg","contentUrl":"https:\/\/www.miamibeachfl.gov\/wp-content\/uploads\/2026\/01\/2B991BF2-05CB-4473-8293-98E7B4125889.jpeg","width":450,"height":600,"caption":"Tatum Park"},{"@type":"BreadcrumbList","@id":"https:\/\/www.miamibeachfl.gov\/residents\/neighborhood-affairs-division\/active-projects\/other\/tatum-waterway-study\/#breadcrumb","itemListElement":[{"@type":"ListItem","position":1,"name":"Home","item":"https:\/\/www.miamibeachfl.gov\/"},{"@type":"ListItem","position":2,"name":"Residents","item":"https:\/\/www.miamibeachfl.gov\/residents\/"},{"@type":"ListItem","position":3,"name":"Neighborhood Affairs Division","item":"https:\/\/www.miamibeachfl.gov\/residents\/neighborhood-affairs-division\/"},{"@type":"ListItem","position":4,"name":"Active Projects","item":"https:\/\/www.miamibeachfl.gov\/residents\/neighborhood-affairs-division\/active-projects\/"},{"@type":"ListItem","position":5,"name":"Other","item":"https:\/\/www.miamibeachfl.gov\/residents\/neighborhood-affairs-division\/active-projects\/other\/"},{"@type":"ListItem","position":6,"name":"Tatum Waterway Study"}]},{"@type":"WebSite","@id":"https:\/\/www.miamibeachfl.gov\/#website","url":"https:\/\/www.miamibeachfl.gov\/","name":"Ville de Miami Beach","description":"Site officiel de la ville de Miami Beach. Restez inform\u00e9 et trouvez des informations importantes sur les services municipaux, les actualit\u00e9s, les alertes, les \u00e9v\u00e9nements, les itin\u00e9raires de tramway, les emplois gouvernementaux et bien plus encore.","publisher":{"@id":"https:\/\/www.miamibeachfl.gov\/#organization"},"potentialAction":[{"@type":"SearchAction","target":{"@type":"EntryPoint","urlTemplate":"https:\/\/www.miamibeachfl.gov\/?s={search_term_string}"},"query-input":{"@type":"PropertyValueSpecification","valueRequired":true,"valueName":"search_term_string"}}],"inLanguage":"fr-FR"},{"@type":"Organization","@id":"https:\/\/www.miamibeachfl.gov\/#organization","name":"Ville de Miami Beach","url":"https:\/\/www.miamibeachfl.gov\/","logo":{"@type":"ImageObject","inLanguage":"fr-FR","@id":"https:\/\/www.miamibeachfl.gov\/#\/schema\/logo\/image\/","url":"https:\/\/www.miamibeachfl.gov\/wp-content\/uploads\/2022\/06\/miamibeach-logoblue.png","contentUrl":"https:\/\/www.miamibeachfl.gov\/wp-content\/uploads\/2022\/06\/miamibeach-logoblue.png","width":1962,"height":381,"caption":"City of Miami Beach"},"image":{"@id":"https:\/\/www.miamibeachfl.gov\/#\/schema\/logo\/image\/"},"sameAs":["https:\/\/www.facebook.com\/cityofmiamibeach","https:\/\/x.com\/Miamibeachnews","https:\/\/www.instagram.com\/miamibeachnews\/"],"description":"Site officiel de la ville de Miami Beach. Restez inform\u00e9 et trouvez des informations importantes sur les services municipaux, les actualit\u00e9s, les alertes, les \u00e9v\u00e9nements, les itin\u00e9raires de tramway, les emplois gouvernementaux et bien plus encore.","telephone":"305.604.CITY(2489)","legalName":"City of Miami Beach"}]}},"_links":{"self":[{"href":"https:\/\/www.miamibeachfl.gov\/fr\/wp-json\/wp\/v2\/pages\/147572","targetHints":{"allow":["GET"]}}],"collection":[{"href":"https:\/\/www.miamibeachfl.gov\/fr\/wp-json\/wp\/v2\/pages"}],"about":[{"href":"https:\/\/www.miamibeachfl.gov\/fr\/wp-json\/wp\/v2\/types\/page"}],"author":[{"embeddable":true,"href":"https:\/\/www.miamibeachfl.gov\/fr\/wp-json\/wp\/v2\/users\/222"}],"replies":[{"embeddable":true,"href":"https:\/\/www.miamibeachfl.gov\/fr\/wp-json\/wp\/v2\/comments?post=147572"}],"version-history":[{"count":3,"href":"https:\/\/www.miamibeachfl.gov\/fr\/wp-json\/wp\/v2\/pages\/147572\/revisions"}],"predecessor-version":[{"id":399410,"href":"https:\/\/www.miamibeachfl.gov\/fr\/wp-json\/wp\/v2\/pages\/147572\/revisions\/399410"}],"up":[{"embeddable":true,"href":"https:\/\/www.miamibeachfl.gov\/fr\/wp-json\/wp\/v2\/pages\/28467"}],"wp:featuredmedia":[{"embeddable":true,"href":"https:\/\/www.miamibeachfl.gov\/fr\/wp-json\/wp\/v2\/media\/394896"}],"wp:attachment":[{"href":"https:\/\/www.miamibeachfl.gov\/fr\/wp-json\/wp\/v2\/media?parent=147572"}],"wp:term":[{"taxonomy":"category","embeddable":true,"href":"https:\/\/www.miamibeachfl.gov\/fr\/wp-json\/wp\/v2\/categories?post=147572"},{"taxonomy":"post_tag","embeddable":true,"href":"https:\/\/www.miamibeachfl.gov\/fr\/wp-json\/wp\/v2\/tags?post=147572"}],"curies":[{"name":"wp","href":"https:\/\/api.w.org\/{rel}","templated":true}]}}