{"id":152725,"date":"2021-02-25T10:18:35","date_gmt":"2021-02-25T15:18:35","guid":{"rendered":"http:\/\/www.miamibeachfl.gov\/city-hall\/city-clerk\/marriage-license\/"},"modified":"2026-04-01T07:10:35","modified_gmt":"2026-04-01T11:10:35","slug":"marriage-license","status":"publish","type":"page","link":"https:\/\/www.miamibeachfl.gov\/fr\/city-hall\/city-clerk\/marriage-license\/","title":{"rendered":"Licence de mariage"},"content":{"rendered":"<img decoding=\"async\" src=\"https:\/\/www.miamibeachfl.gov\/wp-content\/uploads\/2022\/07\/hero-small.jpg\" alt=\"ocean drive art deco buildings\" itemprop=\"image\" height=\"211\" width=\"2395\" title=\"petit h\u00e9ros\" onerror=\"this.style.display='none'\" loading=\"lazy\" \/>\n<h1>\n\t\t\tLicence de mariage\t<\/h1>\n\t<nav id=\"breadcrumbs\" aria-label=\"Fil d&#039;Ariane\"><a href=\"https:\/\/www.miamibeachfl.gov\/fr\/\">Maison<\/a> &gt; <a href=\"https:\/\/www.miamibeachfl.gov\/fr\/city-hall\/\">l&#039;h\u00f4tel de ville<\/a> &gt; <a href=\"https:\/\/www.miamibeachfl.gov\/fr\/city-hall\/city-clerk\/\">greffier de la ville<\/a> &gt; <strong>Licence de mariage<\/strong><\/nav>\n\t<p>Couples souhaitant se marier dans l&#039;\u00c9tat de Floride\u00a0<strong><u>doit<\/u><\/strong> Remplissez la pr\u00e9-demande de licence de mariage en ligne et prenez rendez-vous pour finaliser la proc\u00e9dure d&#039;obtention de la licence. Pour prendre rendez-vous, il vous sera demand\u00e9 le num\u00e9ro de confirmation de la demande. Pour obtenir plus d&#039;informations, d\u00e9marrer la proc\u00e9dure de rendez-vous, consulter ou annuler un rendez-vous existant, cliquez sur <a href=\"http:\/\/www2.miamidadeclerk.gov\/mlsweb\/\"><strong>ICI<\/strong><\/a>.<\/p>\n<p>Une licence de mariage de Floride permet \u00e0 un couple de se marier n&#039;importe o\u00f9 en Floride, quel que soit le comt\u00e9 o\u00f9 la licence a \u00e9t\u00e9 achet\u00e9e. Aucune condition de r\u00e9sidence ou de citoyennet\u00e9 n&#039;est requise pour demander une licence de mariage en Floride. Cependant, si vous vous mariez hors de Floride, vous devez obtenir la licence de mariage de l&#039;\u00c9tat ou du pays o\u00f9 vous vous mariez.<\/p>\n<p>Les mariages ne sont pas c\u00e9l\u00e9br\u00e9s \u00e0 l&#039;h\u00f4tel de ville de Miami Beach. Pour toute question concernant les licences de mariage, veuillez contacter le tribunal de district de Miami Beach, situ\u00e9 au 1130 Washington Avenue, Miami Beach, FL 33139. T\u00e9l. : 305.520.4242.<\/p>\n\t\tAcc\u00e9der \u00e0\u2026\t\t\t\n\t\t\t\t\t<ul id=\"menu-city-clerk-main-menu\"><li id=\"menu-item-363744\"><a href=\"\/fr\/city-hall\/city-clerk\/boards-and-committees\/\">Conseils et comit\u00e9s<\/a><\/li>\n<li id=\"menu-item-395126\"><a href=\"\/fr\/city-hall\/city-clerk\/city-commission-meeting-dates\/\">Dates des r\u00e9unions de la commission municipale<\/a><\/li>\n<li id=\"menu-item-363745\"><a href=\"\/fr\/city-hall\/city-clerk\/meetings-and-agendas\/\">R\u00e9unions et ordres du jour de la ville de Miami Beach<\/a><\/li>\n<li id=\"menu-item-363746\"><a href=\"\/fr\/city-hall\/city-clerk\/discrimination-in-employment\/\">Discrimination dans l&#039;emploi<\/a><\/li>\n<li id=\"menu-item-363747\"><a href=\"\/fr\/city-hall\/city-clerk\/election-information\/\">Informations \u00e9lectorales<\/a><\/li>\n<li id=\"menu-item-363748\"><a href=\"\/fr\/city-hall\/city-clerk\/forms\/\">Formulaires<\/a><\/li>\n<li id=\"menu-item-363749\"><a href=\"\/fr\/city-hall\/city-clerk\/meeting-notices\/\">Annonces l\u00e9gales et avis publics<\/a><\/li>\n<li id=\"menu-item-363750\"><a href=\"\/fr\/city-hall\/city-clerk\/lobbyist-information\/\">Informations sur les lobbyistes<\/a><\/li>\n<li id=\"menu-item-363751\"><a href=\"\/fr\/city-hall\/city-clerk\/marriage-license\/\">Licence de mariage<\/a><\/li>\n<li id=\"menu-item-363752\"><a href=\"\/fr\/city-hall\/city-clerk\/public-records-request\/\">Registres publics \/ Laserfiche<\/a><\/li>\n<li id=\"menu-item-363753\"><a href=\"\/fr\/city-hall\/city-clerk\/public-records-portal\/\">Portail des archives publiques<\/a><\/li>\n<li id=\"menu-item-363754\"><a href=\"\/fr\/city-hall\/city-clerk\/residents-right-to-know\/\">Le droit des r\u00e9sidents \u00e0 savoir<\/a><\/li>\n<li id=\"menu-item-363755\"><a href=\"\/fr\/city-hall\/city-clerk\/special-magistrate\/\">magistrat sp\u00e9cial<\/a><\/li>\n<\/ul>\t\n\t<div class=\"page-navigation\"><a class=\"prev-page\" href=\"https:\/\/www.miamibeachfl.gov\/fr\/city-hall\/city-clerk\/discrimination-in-employment\/\">\u2190 Discrimination dans l&#039;emploi<\/a> <a class=\"next-page\" href=\"https:\/\/www.miamibeachfl.gov\/fr\/city-hall\/city-clerk\/public-records-portal\/\">Portail des archives publiques \u2192<\/a><\/div>","protected":false},"excerpt":{"rendered":"<p>Marriage License Home &gt; City Hall &gt; City Clerk &gt; Marriage License Couples wishing to marry in the state of [&hellip;]<\/p>\n","protected":false},"author":222,"featured_media":0,"parent":28337,"menu_order":94,"comment_status":"closed","ping_status":"closed","template":"","meta":{"_searchwp_excluded":"","site-sidebar-layout":"default","site-content-layout":"","ast-site-content-layout":"default","site-content-style":"default","site-sidebar-style":"default","ast-global-header-display":"","ast-banner-title-visibility":"","ast-main-header-display":"","ast-hfb-above-header-display":"","ast-hfb-below-header-display":"","ast-hfb-mobile-header-display":"","site-post-title":"","ast-breadcrumbs-content":"","ast-featured-img":"","footer-sml-layout":"","theme-transparent-header-meta":"","adv-header-id-meta":"","stick-header-meta":"","header-above-stick-meta":"","header-main-stick-meta":"","header-below-stick-meta":"","astra-migrate-meta-layouts":"default","ast-page-background-enabled":"default","ast-page-background-meta":{"desktop":{"background-color":"var(--ast-global-color-5)","background-image":"","background-repeat":"repeat","background-position":"center center","background-size":"auto","background-attachment":"scroll","background-type":"","background-media":"","overlay-type":"","overlay-color":"","overlay-opacity":"","overlay-gradient":""},"tablet":{"background-color":"","background-image":"","background-repeat":"repeat","background-position":"center center","background-size":"auto","background-attachment":"scroll","background-type":"","background-media":"","overlay-type":"","overlay-color":"","overlay-opacity":"","overlay-gradient":""},"mobile":{"background-color":"","background-image":"","background-repeat":"repeat","background-position":"center center","background-size":"auto","background-attachment":"scroll","background-type":"","background-media":"","overlay-type":"","overlay-color":"","overlay-opacity":"","overlay-gradient":""}},"ast-content-background-meta":{"desktop":{"background-color":"var(--ast-global-color-4)","background-image":"","background-repeat":"repeat","background-position":"center center","background-size":"auto","background-attachment":"scroll","background-type":"","background-media":"","overlay-type":"","overlay-color":"","overlay-opacity":"","overlay-gradient":""},"tablet":{"background-color":"var(--ast-global-color-4)","background-image":"","background-repeat":"repeat","background-position":"center center","background-size":"auto","background-attachment":"scroll","background-type":"","background-media":"","overlay-type":"","overlay-color":"","overlay-opacity":"","overlay-gradient":""},"mobile":{"background-color":"var(--ast-global-color-4)","background-image":"","background-repeat":"repeat","background-position":"center center","background-size":"auto","background-attachment":"scroll","background-type":"","background-media":"","overlay-type":"","overlay-color":"","overlay-opacity":"","overlay-gradient":""}},"footnotes":""},"categories":[],"tags":[],"class_list":["post-152725","page","type-page","status-publish","hentry"],"yoast_head":"<!-- This site is optimized with the Yoast SEO Premium plugin v27.4 (Yoast SEO v27.4) - https:\/\/yoast.com\/product\/yoast-seo-premium-wordpress\/ -->\n<title>Marriage License - City of Miami Beach<\/title>\n<meta name=\"description\" content=\"%\" \/>\n<meta name=\"robots\" content=\"index, follow, max-snippet:-1, max-image-preview:large, max-video-preview:-1\" \/>\n<link rel=\"canonical\" href=\"https:\/\/www.miamibeachfl.gov\/fr\/city-hall\/city-clerk\/marriage-license\/\" \/>\n<meta property=\"og:locale\" content=\"fr_FR\" \/>\n<meta property=\"og:type\" content=\"article\" \/>\n<meta property=\"og:title\" content=\"Marriage License\" \/>\n<meta property=\"og:description\" content=\"%\" \/>\n<meta property=\"og:url\" content=\"https:\/\/www.miamibeachfl.gov\/fr\/city-hall\/city-clerk\/marriage-license\/\" \/>\n<meta property=\"og:site_name\" content=\"City of Miami Beach\" \/>\n<meta property=\"article:publisher\" content=\"https:\/\/www.facebook.com\/cityofmiamibeach\" \/>\n<meta property=\"article:modified_time\" content=\"2026-04-01T11:10:35+00:00\" \/>\n<meta property=\"og:image\" content=\"https:\/\/www.miamibeachfl.gov\/wp-content\/uploads\/2022\/07\/hero-small.jpg\" \/>\n<meta name=\"twitter:card\" content=\"summary_large_image\" \/>\n<meta name=\"twitter:site\" content=\"@Miamibeachnews\" \/>\n<script type=\"application\/ld+json\" class=\"yoast-schema-graph\">{\"@context\":\"https:\\\/\\\/schema.org\",\"@graph\":[{\"@type\":\"WebPage\",\"@id\":\"https:\\\/\\\/www.miamibeachfl.gov\\\/city-hall\\\/city-clerk\\\/marriage-license\\\/\",\"url\":\"https:\\\/\\\/www.miamibeachfl.gov\\\/city-hall\\\/city-clerk\\\/marriage-license\\\/\",\"name\":\"Marriage License - City of Miami Beach\",\"isPartOf\":{\"@id\":\"https:\\\/\\\/www.miamibeachfl.gov\\\/#website\"},\"primaryImageOfPage\":{\"@id\":\"https:\\\/\\\/www.miamibeachfl.gov\\\/city-hall\\\/city-clerk\\\/marriage-license\\\/#primaryimage\"},\"image\":{\"@id\":\"https:\\\/\\\/www.miamibeachfl.gov\\\/city-hall\\\/city-clerk\\\/marriage-license\\\/#primaryimage\"},\"thumbnailUrl\":\"https:\\\/\\\/www.miamibeachfl.gov\\\/wp-content\\\/uploads\\\/2022\\\/07\\\/hero-small.jpg\",\"datePublished\":\"2021-02-25T15:18:35+00:00\",\"dateModified\":\"2026-04-01T11:10:35+00:00\",\"description\":\"%\",\"breadcrumb\":{\"@id\":\"https:\\\/\\\/www.miamibeachfl.gov\\\/city-hall\\\/city-clerk\\\/marriage-license\\\/#breadcrumb\"},\"inLanguage\":\"fr-FR\",\"potentialAction\":[{\"@type\":\"ReadAction\",\"target\":[\"https:\\\/\\\/www.miamibeachfl.gov\\\/city-hall\\\/city-clerk\\\/marriage-license\\\/\"]}]},{\"@type\":\"ImageObject\",\"inLanguage\":\"fr-FR\",\"@id\":\"https:\\\/\\\/www.miamibeachfl.gov\\\/city-hall\\\/city-clerk\\\/marriage-license\\\/#primaryimage\",\"url\":\"https:\\\/\\\/www.miamibeachfl.gov\\\/wp-content\\\/uploads\\\/2022\\\/07\\\/hero-small.jpg\",\"contentUrl\":\"https:\\\/\\\/www.miamibeachfl.gov\\\/wp-content\\\/uploads\\\/2022\\\/07\\\/hero-small.jpg\"},{\"@type\":\"BreadcrumbList\",\"@id\":\"https:\\\/\\\/www.miamibeachfl.gov\\\/city-hall\\\/city-clerk\\\/marriage-license\\\/#breadcrumb\",\"itemListElement\":[{\"@type\":\"ListItem\",\"position\":1,\"name\":\"Home\",\"item\":\"https:\\\/\\\/www.miamibeachfl.gov\\\/\"},{\"@type\":\"ListItem\",\"position\":2,\"name\":\"City Hall\",\"item\":\"https:\\\/\\\/www.miamibeachfl.gov\\\/city-hall\\\/\"},{\"@type\":\"ListItem\",\"position\":3,\"name\":\"City Clerk\",\"item\":\"https:\\\/\\\/www.miamibeachfl.gov\\\/city-hall\\\/city-clerk\\\/\"},{\"@type\":\"ListItem\",\"position\":4,\"name\":\"Marriage License\"}]},{\"@type\":\"WebSite\",\"@id\":\"https:\\\/\\\/www.miamibeachfl.gov\\\/#website\",\"url\":\"https:\\\/\\\/www.miamibeachfl.gov\\\/\",\"name\":\"City of Miami Beach\",\"description\":\"The official website of the City of Miami Beach. Stay informed, find important information on city services, news, alerts, events, trolley routes, government employment and more.\",\"publisher\":{\"@id\":\"https:\\\/\\\/www.miamibeachfl.gov\\\/#organization\"},\"potentialAction\":[{\"@type\":\"SearchAction\",\"target\":{\"@type\":\"EntryPoint\",\"urlTemplate\":\"https:\\\/\\\/www.miamibeachfl.gov\\\/?s={search_term_string}\"},\"query-input\":{\"@type\":\"PropertyValueSpecification\",\"valueRequired\":true,\"valueName\":\"search_term_string\"}}],\"inLanguage\":\"fr-FR\"},{\"@type\":\"Organization\",\"@id\":\"https:\\\/\\\/www.miamibeachfl.gov\\\/#organization\",\"name\":\"City of Miami Beach\",\"url\":\"https:\\\/\\\/www.miamibeachfl.gov\\\/\",\"logo\":{\"@type\":\"ImageObject\",\"inLanguage\":\"fr-FR\",\"@id\":\"https:\\\/\\\/www.miamibeachfl.gov\\\/#\\\/schema\\\/logo\\\/image\\\/\",\"url\":\"https:\\\/\\\/www.miamibeachfl.gov\\\/wp-content\\\/uploads\\\/2022\\\/06\\\/miamibeach-logoblue.png\",\"contentUrl\":\"https:\\\/\\\/www.miamibeachfl.gov\\\/wp-content\\\/uploads\\\/2022\\\/06\\\/miamibeach-logoblue.png\",\"width\":1962,\"height\":381,\"caption\":\"City of Miami Beach\"},\"image\":{\"@id\":\"https:\\\/\\\/www.miamibeachfl.gov\\\/#\\\/schema\\\/logo\\\/image\\\/\"},\"sameAs\":[\"https:\\\/\\\/www.facebook.com\\\/cityofmiamibeach\",\"https:\\\/\\\/x.com\\\/Miamibeachnews\",\"https:\\\/\\\/www.instagram.com\\\/miamibeachnews\\\/\"],\"description\":\"The official website of the City of Miami Beach. Stay informed, find important information on city services, news, alerts, events, trolley routes, government employment and more.\",\"telephone\":\"305.604.CITY(2489)\",\"legalName\":\"City of Miami Beach\"}]}<\/script>\n<!-- \/ Yoast SEO Premium plugin. -->","yoast_head_json":{"title":"Licence de mariage - Ville de Miami Beach","description":"%","robots":{"index":"index","follow":"follow","max-snippet":"max-snippet:-1","max-image-preview":"max-image-preview:large","max-video-preview":"max-video-preview:-1"},"canonical":"https:\/\/www.miamibeachfl.gov\/fr\/city-hall\/city-clerk\/marriage-license\/","og_locale":"fr_FR","og_type":"article","og_title":"Marriage License","og_description":"%","og_url":"https:\/\/www.miamibeachfl.gov\/fr\/city-hall\/city-clerk\/marriage-license\/","og_site_name":"City of Miami Beach","article_publisher":"https:\/\/www.facebook.com\/cityofmiamibeach","article_modified_time":"2026-04-01T11:10:35+00:00","og_image":[{"url":"https:\/\/www.miamibeachfl.gov\/wp-content\/uploads\/2022\/07\/hero-small.jpg","type":"","width":"","height":""}],"twitter_card":"summary_large_image","twitter_site":"@Miamibeachnews","schema":{"@context":"https:\/\/schema.org","@graph":[{"@type":"WebPage","@id":"https:\/\/www.miamibeachfl.gov\/city-hall\/city-clerk\/marriage-license\/","url":"https:\/\/www.miamibeachfl.gov\/city-hall\/city-clerk\/marriage-license\/","name":"Licence de mariage - Ville de Miami Beach","isPartOf":{"@id":"https:\/\/www.miamibeachfl.gov\/#website"},"primaryImageOfPage":{"@id":"https:\/\/www.miamibeachfl.gov\/city-hall\/city-clerk\/marriage-license\/#primaryimage"},"image":{"@id":"https:\/\/www.miamibeachfl.gov\/city-hall\/city-clerk\/marriage-license\/#primaryimage"},"thumbnailUrl":"https:\/\/www.miamibeachfl.gov\/wp-content\/uploads\/2022\/07\/hero-small.jpg","datePublished":"2021-02-25T15:18:35+00:00","dateModified":"2026-04-01T11:10:35+00:00","description":"%","breadcrumb":{"@id":"https:\/\/www.miamibeachfl.gov\/city-hall\/city-clerk\/marriage-license\/#breadcrumb"},"inLanguage":"fr-FR","potentialAction":[{"@type":"ReadAction","target":["https:\/\/www.miamibeachfl.gov\/city-hall\/city-clerk\/marriage-license\/"]}]},{"@type":"ImageObject","inLanguage":"fr-FR","@id":"https:\/\/www.miamibeachfl.gov\/city-hall\/city-clerk\/marriage-license\/#primaryimage","url":"https:\/\/www.miamibeachfl.gov\/wp-content\/uploads\/2022\/07\/hero-small.jpg","contentUrl":"https:\/\/www.miamibeachfl.gov\/wp-content\/uploads\/2022\/07\/hero-small.jpg"},{"@type":"BreadcrumbList","@id":"https:\/\/www.miamibeachfl.gov\/city-hall\/city-clerk\/marriage-license\/#breadcrumb","itemListElement":[{"@type":"ListItem","position":1,"name":"Home","item":"https:\/\/www.miamibeachfl.gov\/"},{"@type":"ListItem","position":2,"name":"City Hall","item":"https:\/\/www.miamibeachfl.gov\/city-hall\/"},{"@type":"ListItem","position":3,"name":"City Clerk","item":"https:\/\/www.miamibeachfl.gov\/city-hall\/city-clerk\/"},{"@type":"ListItem","position":4,"name":"Marriage License"}]},{"@type":"WebSite","@id":"https:\/\/www.miamibeachfl.gov\/#website","url":"https:\/\/www.miamibeachfl.gov\/","name":"Ville de Miami Beach","description":"Site officiel de la ville de Miami Beach. Restez inform\u00e9 et trouvez des informations importantes sur les services municipaux, les actualit\u00e9s, les alertes, les \u00e9v\u00e9nements, les itin\u00e9raires de tramway, les emplois gouvernementaux et bien plus encore.","publisher":{"@id":"https:\/\/www.miamibeachfl.gov\/#organization"},"potentialAction":[{"@type":"SearchAction","target":{"@type":"EntryPoint","urlTemplate":"https:\/\/www.miamibeachfl.gov\/?s={search_term_string}"},"query-input":{"@type":"PropertyValueSpecification","valueRequired":true,"valueName":"search_term_string"}}],"inLanguage":"fr-FR"},{"@type":"Organization","@id":"https:\/\/www.miamibeachfl.gov\/#organization","name":"Ville de Miami Beach","url":"https:\/\/www.miamibeachfl.gov\/","logo":{"@type":"ImageObject","inLanguage":"fr-FR","@id":"https:\/\/www.miamibeachfl.gov\/#\/schema\/logo\/image\/","url":"https:\/\/www.miamibeachfl.gov\/wp-content\/uploads\/2022\/06\/miamibeach-logoblue.png","contentUrl":"https:\/\/www.miamibeachfl.gov\/wp-content\/uploads\/2022\/06\/miamibeach-logoblue.png","width":1962,"height":381,"caption":"City of Miami Beach"},"image":{"@id":"https:\/\/www.miamibeachfl.gov\/#\/schema\/logo\/image\/"},"sameAs":["https:\/\/www.facebook.com\/cityofmiamibeach","https:\/\/x.com\/Miamibeachnews","https:\/\/www.instagram.com\/miamibeachnews\/"],"description":"Site officiel de la ville de Miami Beach. Restez inform\u00e9 et trouvez des informations importantes sur les services municipaux, les actualit\u00e9s, les alertes, les \u00e9v\u00e9nements, les itin\u00e9raires de tramway, les emplois gouvernementaux et bien plus encore.","telephone":"305.604.CITY(2489)","legalName":"City of Miami Beach"}]}},"_links":{"self":[{"href":"https:\/\/www.miamibeachfl.gov\/fr\/wp-json\/wp\/v2\/pages\/152725","targetHints":{"allow":["GET"]}}],"collection":[{"href":"https:\/\/www.miamibeachfl.gov\/fr\/wp-json\/wp\/v2\/pages"}],"about":[{"href":"https:\/\/www.miamibeachfl.gov\/fr\/wp-json\/wp\/v2\/types\/page"}],"author":[{"embeddable":true,"href":"https:\/\/www.miamibeachfl.gov\/fr\/wp-json\/wp\/v2\/users\/222"}],"replies":[{"embeddable":true,"href":"https:\/\/www.miamibeachfl.gov\/fr\/wp-json\/wp\/v2\/comments?post=152725"}],"version-history":[{"count":1,"href":"https:\/\/www.miamibeachfl.gov\/fr\/wp-json\/wp\/v2\/pages\/152725\/revisions"}],"predecessor-version":[{"id":398161,"href":"https:\/\/www.miamibeachfl.gov\/fr\/wp-json\/wp\/v2\/pages\/152725\/revisions\/398161"}],"up":[{"embeddable":true,"href":"https:\/\/www.miamibeachfl.gov\/fr\/wp-json\/wp\/v2\/pages\/28337"}],"wp:attachment":[{"href":"https:\/\/www.miamibeachfl.gov\/fr\/wp-json\/wp\/v2\/media?parent=152725"}],"wp:term":[{"taxonomy":"category","embeddable":true,"href":"https:\/\/www.miamibeachfl.gov\/fr\/wp-json\/wp\/v2\/categories?post=152725"},{"taxonomy":"post_tag","embeddable":true,"href":"https:\/\/www.miamibeachfl.gov\/fr\/wp-json\/wp\/v2\/tags?post=152725"}],"curies":[{"name":"wp","href":"https:\/\/api.w.org\/{rel}","templated":true}]}}