{"id":159904,"date":"2021-05-19T10:39:03","date_gmt":"2021-05-19T14:39:03","guid":{"rendered":"http:\/\/www.miamibeachfl.gov\/?page_id=159904"},"modified":"2025-06-02T22:04:01","modified_gmt":"2025-06-03T02:04:01","slug":"june-2021","status":"publish","type":"page","link":"https:\/\/www.miamibeachfl.gov\/fr\/spotlight\/june-2021\/","title":{"rendered":"Pleins feux sur les entreprises de juin 2021"},"content":{"rendered":"<h5>\n\t\t<a href=\"https:\/\/www.miamibeachfl.gov\/fr\/mbbiznews\/\" title=\"Abonnez-vous ici pour recevoir chaque mois la newsletter commerciale de la Ville dans votre bo\u00eete de r\u00e9ception.\"  target=\"_blank\"  rel=\"noopener\">\n\t\t\tAbonnez-vous ici pour recevoir chaque mois la newsletter commerciale de la Ville dans votre bo\u00eete de r\u00e9ception.\t\t<\/a>\n\t<\/h5>\n<h5>\n\t\t<a href=\"https:\/\/myemail.constantcontact.com\/Stay-connected-with-MB-Biz-.html?soid=1011085968389&#038;aid=8VhKWetPOkw\" title=\"Bulletin d&#039;information des entreprises\"  target=\"_blank\"  rel=\"noopener\">\n\t\t\tBulletin d&#039;information des entreprises\t\t<\/a>\n\t<\/h5>\n<h3>\n\t\t\tLes petites entreprises re\u00e7oivent des dollars en p\u00e9riode difficile\t<\/h3>\n\t<figure id=\"attachment_162806\" aria-describedby=\"caption-attachment-162806\" style=\"width: 200px\" class=\"wp-caption alignright\"><img loading=\"lazy\" decoding=\"async\" src=\"http:\/\/www.miamibeachfl.gov\/wp-content\/uploads\/2021\/06\/Picture1.png\" alt=\"\" width=\"200\" height=\"266\" \/><figcaption id=\"caption-attachment-162806\" class=\"wp-caption-text\">Une Aspasia Pappa de Nailed in SoBe ravie r\u00e9v\u00e8le son ch\u00e8que de subvention.<\/figcaption><\/figure>\n<p>Le 28 octobre 2020, la ville a approuv\u00e9 $600 000 de fonds de subvention pour le programme de subventions d&#039;urgence pour les petites entreprises de Miami Beach afin d&#039;aider les petites entreprises touch\u00e9es par la pand\u00e9mie de COVID-19.<\/p>\n<p>Le programme a \u00e9t\u00e9 lanc\u00e9 le 6 janvier 2021, la Ville menant une action de sensibilisation pour encourager les petites entreprises et les microentreprises \u00e9ligibles \u00e0 demander des subventions allant jusqu&#039;\u00e0 $20 000 pour le loyer, l&#039;hypoth\u00e8que, les services publics, la paie, les fournitures d&#039;exploitation et les d\u00e9penses li\u00e9es au COVID-19.<\/p>\n<p>Ce programme vise \u00e0 soutenir la p\u00e9rennit\u00e9 des entreprises et \u00e0 cr\u00e9er des emplois pour les r\u00e9sidents locaux. \u00c0 ce jour, il a aid\u00e9 15 petites entreprises et soutenu l&#039;emploi de 10 r\u00e9sidents de Miami Beach.<\/p>\n<p>Au moins 30 entreprises b\u00e9n\u00e9ficieront d\u2019une aide dans le cadre du programme, et il est encore temps de pr\u00e9senter une demande.<\/p>\n<h3>\n\t\t\tLe salon Nailed reste ouvert gr\u00e2ce \u00e0 une subvention \t<\/h3>\n\t\t\t\t<img decoding=\"async\" src=\"http:\/\/www.miamibeachfl.gov\/wp-content\/uploads\/2021\/06\/Picture2-1.png\" alt=\"Nailed Salon Keeps Doors Open with Grant Funds  \" itemprop=\"image\" title=\"Image 2\" onerror=\"this.style.display='none'\" loading='lazy' \/>\n\t\tLe salon Nailed reste ouvert gr\u00e2ce \u00e0 une subvention  \n\t\t\t\t<img decoding=\"async\" src=\"http:\/\/www.miamibeachfl.gov\/wp-content\/uploads\/2021\/06\/Picture3-1.png\" alt=\"A lovely young customer enjoys her first nail salon experience at Nailed.\" itemprop=\"image\" title=\"Image 3\" onerror=\"this.style.display='none'\" loading='lazy' \/>\n\t\tUne charmante jeune cliente profite de sa premi\u00e8re exp\u00e9rience en salon de manucure chez Nailed.\n\t<p>\u00ab Sans ce programme, je ne pense pas que nous aurions pu maintenir notre activit\u00e9 \u00bb, a d\u00e9clar\u00e9 Aspasia Pappa, propri\u00e9taire de Nailed, un salon de manucure situ\u00e9 dans le quartier MXE de Miami Beach. Compte tenu de la nature de son activit\u00e9, un secteur \u00e0 forte dimension humaine, le plus grand d\u00e9fi d&#039;Aspasia est de s&#039;assurer que ses clients se sentent \u00e0 l&#039;aise lorsqu&#039;ils franchissent ses portes.<\/p>\n<p>Gr\u00e2ce au programme de subventions, Aspasia a pu s\u2019assurer de trouver un soulagement financier imm\u00e9diat pour son entreprise et garantir qu\u2019elle disposait de tout l\u2019\u00e9quipement de protection individuelle n\u00e9cessaire pour offrir \u00e0 ses clients une exp\u00e9rience s\u00fbre et agr\u00e9able.<\/p>\n<h3>\n\t\t\tL&#039;esprit communautaire est omnipr\u00e9sent chez Abbott Florist\t<\/h3>\n\t\t\t\t<img decoding=\"async\" src=\"http:\/\/www.miamibeachfl.gov\/wp-content\/uploads\/2021\/06\/Picture4.png\" alt=\"Abbott Florist, family owned and operated in North Beach since 1990\" itemprop=\"image\" title=\"Image 4\" onerror=\"this.style.display='none'\" loading='lazy' \/>\n\t\tAbbott Florist, entreprise familiale situ\u00e9e \u00e0 North Beach depuis 1990\n\t<p>Abbott Florist, fleuriste familial et pilier de la communaut\u00e9 de North Beach, conna\u00eet bien les difficult\u00e9s d&#039;une entreprise fond\u00e9e sur le contact direct. Raul Encio et sa fille Romina Orozco-Encio, qui ont fond\u00e9 leur entreprise en 1990, ont d\u00e9clar\u00e9 que le plus difficile dans la gestion d&#039;une entreprise en pleine pand\u00e9mie \u00e9tait l&#039;absence de touristes \u00e0 Miami Beach, l&#039;un des facteurs qui ont motiv\u00e9 leur choix de s&#039;installer \u00e0 Miami Beach.<\/p>\n<p>\u00ab Nous avons d\u00e9cid\u00e9 de cr\u00e9er notre entreprise \u00e0 Miami Beach en raison de son c\u00f4t\u00e9 familial, de sa diversit\u00e9 culturelle et de sa popularit\u00e9 touristique. Un quartier regorgeant d&#039;h\u00f4tels, de complexes h\u00f4teliers et de salles de r\u00e9ception est id\u00e9al pour notre secteur d&#039;activit\u00e9 \u00bb, a d\u00e9clar\u00e9 Romina.<\/p>\n<p>En raison des restrictions li\u00e9es au COVID-19, Abbott Florist a constat\u00e9 une baisse de 80% de ses revenus.<\/p>\n<p>\u00ab Le plus grand d\u00e9fi a \u00e9t\u00e9 de maintenir notre magasin ouvert et op\u00e9rationnel. Nous avions onze \u00e9v\u00e9nements r\u00e9serv\u00e9s entre mars et octobre 2020, pour lesquels nous avons d\u00fb rembourser int\u00e9gralement nos clients. Nous d\u00e9pendons fortement des mariages et des \u00e9v\u00e9nements d&#039;entreprise, et l&#039;absence de ces revenus a eu un impact d\u00e9vastateur sur nos activit\u00e9s \u00bb, a d\u00e9clar\u00e9 Romina.<\/p>\n<p>Gr\u00e2ce au programme de subventions d&#039;urgence pour le remboursement des d\u00e9penses des petites entreprises de la ville, Raul et sa famille ont pu recevoir $20 000 pour rembourser les d\u00e9penses professionnelles afin de maintenir le magasin \u00e0 flot jusqu&#039;au retour de la haute saison.<\/p>\n\t\t\t\t<img decoding=\"async\" src=\"http:\/\/www.miamibeachfl.gov\/wp-content\/uploads\/2021\/06\/Picture6.png\" alt=\"Romina Orozco-Encio with flower arrangements and gifts customers can buy or send to loved ones.\" itemprop=\"image\" title=\"Image 6\" onerror=\"this.style.display='none'\" loading='lazy' \/>\n\t\tRomina Orozco-Encio avec des compositions florales et des cadeaux que les clients peuvent acheter ou envoyer \u00e0 leurs proches.\n\t<p>\u00ab Maintenant que la ville a rouvert ses portes, que les remises de dipl\u00f4mes, les mariages et autres \u00e9v\u00e9nements sociaux ont repris, les affaires ont repris. Ce programme a \u00e9t\u00e9 la meilleure chose qui nous soit arriv\u00e9e pendant la pand\u00e9mie, car il nous a fait gagner du temps. Nous sommes extr\u00eamement reconnaissants envers la Ville de Miami Beach et le D\u00e9partement du D\u00e9veloppement \u00c9conomique \u00bb, a d\u00e9clar\u00e9 Romina.<\/p>\n\t\t\t\t<img decoding=\"async\" src=\"http:\/\/www.miamibeachfl.gov\/wp-content\/uploads\/2021\/06\/Picture1wer.png\" alt=\"Picture1wer\" itemprop=\"image\" title=\"Image1wer\" onerror=\"this.style.display='none'\" loading='lazy' \/>\n\t\t\t\t<img decoding=\"async\" src=\"http:\/\/www.miamibeachfl.gov\/wp-content\/uploads\/2021\/06\/Picture1wwer.png\" alt=\"Picture1wwer\" itemprop=\"image\" title=\"Image1wwer\" onerror=\"this.style.display='none'\" loading='lazy' \/>\n\t<p>Lorsqu&#039;on leur a demand\u00e9 quels conseils donneraient-ils aux entreprises locales de Miami Beach souhaitant postuler\u00a0? \u00ab\u00a0Ne vous laissez pas intimider par le processus de candidature\u00a0! C&#039;est sans conteste le meilleur programme disponible pour notre communaut\u00e9 de petites entreprises locales, mais surtout, les personnes qui le soutiennent sont les plus gentilles, les plus diligentes et les plus serviables\u00a0\u00bb, a d\u00e9clar\u00e9 Aspasia, reconnaissante.<\/p>\n<p>La subvention est actuellement administr\u00e9e et attribu\u00e9e selon le principe du premier arriv\u00e9, premier servi, via une demande en ligne. Pour \u00eatre admissibles, les entrepreneurs doivent avoir un revenu faible ou moyen ou employer et conserver un r\u00e9sident de Miami Beach \u00e0 revenu faible ou moyen.<\/p>\n<p>Les propri\u00e9taires d&#039;entreprise souhaitant postuler doivent visiter <a href=\"https:\/\/miamibeachfl.gosmart.org\"><strong>miamibeachfl.gosmart.org<\/strong><\/a> Pour consulter les directives du programme et vous connecter ou cr\u00e9er un nouveau profil pour consulter le formulaire de candidature, veuillez cliquer ici. Les candidatures seront ouvertes jusqu&#039;au 31 juillet 2021.<\/p>\n<p>Les petites entreprises \u00e9ligibles sont encourag\u00e9es \u00e0 postuler d\u00e8s maintenant \u2013 ne manquez pas l\u2019occasion de b\u00e9n\u00e9ficier de ce formidable avantage pour les entreprises de Miami Beach\u00a0!<\/p>\n<p>Si les propri\u00e9taires de petites entreprises locales ont besoin d&#039;aide avec le processus de demande ou ont des questions sur le programme, veuillez contacter Michael Rivera du d\u00e9partement du d\u00e9veloppement \u00e9conomique \u00e0 <strong><a href=\"mailto:michaelrivera@miamibeachfl.gov\">michaelrivera@miamibeachfl.gov<\/a><\/strong> pour plus d&#039;informations.<\/p>","protected":false},"excerpt":{"rendered":"<p>Subscribe here to receive the City&#8217;s business newsletter to your inbox monthly. Business Newsletter Small Businesses Granted Dollars During Trying [&hellip;]<\/p>\n","protected":false},"author":222,"featured_media":0,"parent":253255,"menu_order":0,"comment_status":"closed","ping_status":"closed","template":"","meta":{"_searchwp_excluded":"","site-sidebar-layout":"default","site-content-layout":"","ast-site-content-layout":"default","site-content-style":"default","site-sidebar-style":"default","ast-global-header-display":"","ast-banner-title-visibility":"","ast-main-header-display":"","ast-hfb-above-header-display":"","ast-hfb-below-header-display":"","ast-hfb-mobile-header-display":"","site-post-title":"","ast-breadcrumbs-content":"","ast-featured-img":"","footer-sml-layout":"","theme-transparent-header-meta":"","adv-header-id-meta":"","stick-header-meta":"","header-above-stick-meta":"","header-main-stick-meta":"","header-below-stick-meta":"","astra-migrate-meta-layouts":"default","ast-page-background-enabled":"default","ast-page-background-meta":{"desktop":{"background-color":"var(--ast-global-color-5)","background-image":"","background-repeat":"repeat","background-position":"center center","background-size":"auto","background-attachment":"scroll","background-type":"","background-media":"","overlay-type":"","overlay-color":"","overlay-opacity":"","overlay-gradient":""},"tablet":{"background-color":"","background-image":"","background-repeat":"repeat","background-position":"center center","background-size":"auto","background-attachment":"scroll","background-type":"","background-media":"","overlay-type":"","overlay-color":"","overlay-opacity":"","overlay-gradient":""},"mobile":{"background-color":"","background-image":"","background-repeat":"repeat","background-position":"center center","background-size":"auto","background-attachment":"scroll","background-type":"","background-media":"","overlay-type":"","overlay-color":"","overlay-opacity":"","overlay-gradient":""}},"ast-content-background-meta":{"desktop":{"background-color":"var(--ast-global-color-4)","background-image":"","background-repeat":"repeat","background-position":"center center","background-size":"auto","background-attachment":"scroll","background-type":"","background-media":"","overlay-type":"","overlay-color":"","overlay-opacity":"","overlay-gradient":""},"tablet":{"background-color":"var(--ast-global-color-4)","background-image":"","background-repeat":"repeat","background-position":"center center","background-size":"auto","background-attachment":"scroll","background-type":"","background-media":"","overlay-type":"","overlay-color":"","overlay-opacity":"","overlay-gradient":""},"mobile":{"background-color":"var(--ast-global-color-4)","background-image":"","background-repeat":"repeat","background-position":"center center","background-size":"auto","background-attachment":"scroll","background-type":"","background-media":"","overlay-type":"","overlay-color":"","overlay-opacity":"","overlay-gradient":""}},"footnotes":""},"categories":[],"tags":[],"class_list":["post-159904","page","type-page","status-publish","hentry"],"yoast_head":"<!-- This site is optimized with the Yoast SEO Premium plugin v27.4 (Yoast SEO v27.4) - https:\/\/yoast.com\/product\/yoast-seo-premium-wordpress\/ -->\n<title>June 2021 Business Spotlight - City of Miami Beach<\/title>\n<meta name=\"description\" content=\"%\" \/>\n<meta name=\"robots\" content=\"index, follow, max-snippet:-1, max-image-preview:large, max-video-preview:-1\" \/>\n<link rel=\"canonical\" href=\"https:\/\/www.miamibeachfl.gov\/fr\/spotlight\/june-2021\/\" \/>\n<meta property=\"og:locale\" content=\"fr_FR\" \/>\n<meta property=\"og:type\" content=\"article\" \/>\n<meta property=\"og:title\" content=\"June 2021 Business Spotlight\" \/>\n<meta property=\"og:description\" content=\"%\" \/>\n<meta property=\"og:url\" content=\"https:\/\/www.miamibeachfl.gov\/fr\/spotlight\/june-2021\/\" \/>\n<meta property=\"og:site_name\" content=\"City of Miami Beach\" \/>\n<meta property=\"article:publisher\" content=\"https:\/\/www.facebook.com\/cityofmiamibeach\" \/>\n<meta property=\"article:modified_time\" content=\"2025-06-03T02:04:01+00:00\" \/>\n<meta property=\"og:image\" content=\"http:\/\/www.miamibeachfl.gov\/wp-content\/uploads\/2021\/06\/Picture1.png\" \/>\n<meta name=\"twitter:card\" content=\"summary_large_image\" \/>\n<meta name=\"twitter:site\" content=\"@Miamibeachnews\" \/>\n<script type=\"application\/ld+json\" class=\"yoast-schema-graph\">{\"@context\":\"https:\\\/\\\/schema.org\",\"@graph\":[{\"@type\":\"WebPage\",\"@id\":\"https:\\\/\\\/www.miamibeachfl.gov\\\/spotlight\\\/june-2021\\\/\",\"url\":\"https:\\\/\\\/www.miamibeachfl.gov\\\/spotlight\\\/june-2021\\\/\",\"name\":\"June 2021 Business Spotlight - City of Miami Beach\",\"isPartOf\":{\"@id\":\"https:\\\/\\\/www.miamibeachfl.gov\\\/#website\"},\"primaryImageOfPage\":{\"@id\":\"https:\\\/\\\/www.miamibeachfl.gov\\\/spotlight\\\/june-2021\\\/#primaryimage\"},\"image\":{\"@id\":\"https:\\\/\\\/www.miamibeachfl.gov\\\/spotlight\\\/june-2021\\\/#primaryimage\"},\"thumbnailUrl\":\"http:\\\/\\\/www.miamibeachfl.gov\\\/wp-content\\\/uploads\\\/2021\\\/06\\\/Picture1.png\",\"datePublished\":\"2021-05-19T14:39:03+00:00\",\"dateModified\":\"2025-06-03T02:04:01+00:00\",\"description\":\"%\",\"breadcrumb\":{\"@id\":\"https:\\\/\\\/www.miamibeachfl.gov\\\/spotlight\\\/june-2021\\\/#breadcrumb\"},\"inLanguage\":\"fr-FR\",\"potentialAction\":[{\"@type\":\"ReadAction\",\"target\":[\"https:\\\/\\\/www.miamibeachfl.gov\\\/spotlight\\\/june-2021\\\/\"]}]},{\"@type\":\"ImageObject\",\"inLanguage\":\"fr-FR\",\"@id\":\"https:\\\/\\\/www.miamibeachfl.gov\\\/spotlight\\\/june-2021\\\/#primaryimage\",\"url\":\"http:\\\/\\\/www.miamibeachfl.gov\\\/wp-content\\\/uploads\\\/2021\\\/06\\\/Picture1.png\",\"contentUrl\":\"http:\\\/\\\/www.miamibeachfl.gov\\\/wp-content\\\/uploads\\\/2021\\\/06\\\/Picture1.png\"},{\"@type\":\"BreadcrumbList\",\"@id\":\"https:\\\/\\\/www.miamibeachfl.gov\\\/spotlight\\\/june-2021\\\/#breadcrumb\",\"itemListElement\":[{\"@type\":\"ListItem\",\"position\":1,\"name\":\"Home\",\"item\":\"https:\\\/\\\/www.miamibeachfl.gov\\\/\"},{\"@type\":\"ListItem\",\"position\":2,\"name\":\"Business Newsletters and Spotlights\",\"item\":\"https:\\\/\\\/www.miamibeachfl.gov\\\/spotlight\\\/\"},{\"@type\":\"ListItem\",\"position\":3,\"name\":\"June 2021 Business Spotlight\"}]},{\"@type\":\"WebSite\",\"@id\":\"https:\\\/\\\/www.miamibeachfl.gov\\\/#website\",\"url\":\"https:\\\/\\\/www.miamibeachfl.gov\\\/\",\"name\":\"City of Miami Beach\",\"description\":\"The official website of the City of Miami Beach. Stay informed, find important information on city services, news, alerts, events, trolley routes, government employment and more.\",\"publisher\":{\"@id\":\"https:\\\/\\\/www.miamibeachfl.gov\\\/#organization\"},\"potentialAction\":[{\"@type\":\"SearchAction\",\"target\":{\"@type\":\"EntryPoint\",\"urlTemplate\":\"https:\\\/\\\/www.miamibeachfl.gov\\\/?s={search_term_string}\"},\"query-input\":{\"@type\":\"PropertyValueSpecification\",\"valueRequired\":true,\"valueName\":\"search_term_string\"}}],\"inLanguage\":\"fr-FR\"},{\"@type\":\"Organization\",\"@id\":\"https:\\\/\\\/www.miamibeachfl.gov\\\/#organization\",\"name\":\"City of Miami Beach\",\"url\":\"https:\\\/\\\/www.miamibeachfl.gov\\\/\",\"logo\":{\"@type\":\"ImageObject\",\"inLanguage\":\"fr-FR\",\"@id\":\"https:\\\/\\\/www.miamibeachfl.gov\\\/#\\\/schema\\\/logo\\\/image\\\/\",\"url\":\"https:\\\/\\\/www.miamibeachfl.gov\\\/wp-content\\\/uploads\\\/2022\\\/06\\\/miamibeach-logoblue.png\",\"contentUrl\":\"https:\\\/\\\/www.miamibeachfl.gov\\\/wp-content\\\/uploads\\\/2022\\\/06\\\/miamibeach-logoblue.png\",\"width\":1962,\"height\":381,\"caption\":\"City of Miami Beach\"},\"image\":{\"@id\":\"https:\\\/\\\/www.miamibeachfl.gov\\\/#\\\/schema\\\/logo\\\/image\\\/\"},\"sameAs\":[\"https:\\\/\\\/www.facebook.com\\\/cityofmiamibeach\",\"https:\\\/\\\/x.com\\\/Miamibeachnews\",\"https:\\\/\\\/www.instagram.com\\\/miamibeachnews\\\/\"],\"description\":\"The official website of the City of Miami Beach. Stay informed, find important information on city services, news, alerts, events, trolley routes, government employment and more.\",\"telephone\":\"305.604.CITY(2489)\",\"legalName\":\"City of Miami Beach\"}]}<\/script>\n<!-- \/ Yoast SEO Premium plugin. -->","yoast_head_json":{"title":"Coup de projecteur sur les entreprises de juin 2021\u00a0: Ville de Miami Beach","description":"%","robots":{"index":"index","follow":"follow","max-snippet":"max-snippet:-1","max-image-preview":"max-image-preview:large","max-video-preview":"max-video-preview:-1"},"canonical":"https:\/\/www.miamibeachfl.gov\/fr\/spotlight\/june-2021\/","og_locale":"fr_FR","og_type":"article","og_title":"June 2021 Business Spotlight","og_description":"%","og_url":"https:\/\/www.miamibeachfl.gov\/fr\/spotlight\/june-2021\/","og_site_name":"City of Miami Beach","article_publisher":"https:\/\/www.facebook.com\/cityofmiamibeach","article_modified_time":"2025-06-03T02:04:01+00:00","og_image":[{"url":"http:\/\/www.miamibeachfl.gov\/wp-content\/uploads\/2021\/06\/Picture1.png","type":"","width":"","height":""}],"twitter_card":"summary_large_image","twitter_site":"@Miamibeachnews","schema":{"@context":"https:\/\/schema.org","@graph":[{"@type":"WebPage","@id":"https:\/\/www.miamibeachfl.gov\/spotlight\/june-2021\/","url":"https:\/\/www.miamibeachfl.gov\/spotlight\/june-2021\/","name":"Coup de projecteur sur les entreprises de juin 2021\u00a0: Ville de Miami Beach","isPartOf":{"@id":"https:\/\/www.miamibeachfl.gov\/#website"},"primaryImageOfPage":{"@id":"https:\/\/www.miamibeachfl.gov\/spotlight\/june-2021\/#primaryimage"},"image":{"@id":"https:\/\/www.miamibeachfl.gov\/spotlight\/june-2021\/#primaryimage"},"thumbnailUrl":"http:\/\/www.miamibeachfl.gov\/wp-content\/uploads\/2021\/06\/Picture1.png","datePublished":"2021-05-19T14:39:03+00:00","dateModified":"2025-06-03T02:04:01+00:00","description":"%","breadcrumb":{"@id":"https:\/\/www.miamibeachfl.gov\/spotlight\/june-2021\/#breadcrumb"},"inLanguage":"fr-FR","potentialAction":[{"@type":"ReadAction","target":["https:\/\/www.miamibeachfl.gov\/spotlight\/june-2021\/"]}]},{"@type":"ImageObject","inLanguage":"fr-FR","@id":"https:\/\/www.miamibeachfl.gov\/spotlight\/june-2021\/#primaryimage","url":"http:\/\/www.miamibeachfl.gov\/wp-content\/uploads\/2021\/06\/Picture1.png","contentUrl":"http:\/\/www.miamibeachfl.gov\/wp-content\/uploads\/2021\/06\/Picture1.png"},{"@type":"BreadcrumbList","@id":"https:\/\/www.miamibeachfl.gov\/spotlight\/june-2021\/#breadcrumb","itemListElement":[{"@type":"ListItem","position":1,"name":"Home","item":"https:\/\/www.miamibeachfl.gov\/"},{"@type":"ListItem","position":2,"name":"Business Newsletters and Spotlights","item":"https:\/\/www.miamibeachfl.gov\/spotlight\/"},{"@type":"ListItem","position":3,"name":"June 2021 Business Spotlight"}]},{"@type":"WebSite","@id":"https:\/\/www.miamibeachfl.gov\/#website","url":"https:\/\/www.miamibeachfl.gov\/","name":"Ville de Miami Beach","description":"Site officiel de la ville de Miami Beach. Restez inform\u00e9 et trouvez des informations importantes sur les services municipaux, les actualit\u00e9s, les alertes, les \u00e9v\u00e9nements, les itin\u00e9raires de tramway, les emplois gouvernementaux et bien plus encore.","publisher":{"@id":"https:\/\/www.miamibeachfl.gov\/#organization"},"potentialAction":[{"@type":"SearchAction","target":{"@type":"EntryPoint","urlTemplate":"https:\/\/www.miamibeachfl.gov\/?s={search_term_string}"},"query-input":{"@type":"PropertyValueSpecification","valueRequired":true,"valueName":"search_term_string"}}],"inLanguage":"fr-FR"},{"@type":"Organization","@id":"https:\/\/www.miamibeachfl.gov\/#organization","name":"Ville de Miami Beach","url":"https:\/\/www.miamibeachfl.gov\/","logo":{"@type":"ImageObject","inLanguage":"fr-FR","@id":"https:\/\/www.miamibeachfl.gov\/#\/schema\/logo\/image\/","url":"https:\/\/www.miamibeachfl.gov\/wp-content\/uploads\/2022\/06\/miamibeach-logoblue.png","contentUrl":"https:\/\/www.miamibeachfl.gov\/wp-content\/uploads\/2022\/06\/miamibeach-logoblue.png","width":1962,"height":381,"caption":"City of Miami Beach"},"image":{"@id":"https:\/\/www.miamibeachfl.gov\/#\/schema\/logo\/image\/"},"sameAs":["https:\/\/www.facebook.com\/cityofmiamibeach","https:\/\/x.com\/Miamibeachnews","https:\/\/www.instagram.com\/miamibeachnews\/"],"description":"Site officiel de la ville de Miami Beach. Restez inform\u00e9 et trouvez des informations importantes sur les services municipaux, les actualit\u00e9s, les alertes, les \u00e9v\u00e9nements, les itin\u00e9raires de tramway, les emplois gouvernementaux et bien plus encore.","telephone":"305.604.CITY(2489)","legalName":"City of Miami Beach"}]}},"_links":{"self":[{"href":"https:\/\/www.miamibeachfl.gov\/fr\/wp-json\/wp\/v2\/pages\/159904","targetHints":{"allow":["GET"]}}],"collection":[{"href":"https:\/\/www.miamibeachfl.gov\/fr\/wp-json\/wp\/v2\/pages"}],"about":[{"href":"https:\/\/www.miamibeachfl.gov\/fr\/wp-json\/wp\/v2\/types\/page"}],"author":[{"embeddable":true,"href":"https:\/\/www.miamibeachfl.gov\/fr\/wp-json\/wp\/v2\/users\/222"}],"replies":[{"embeddable":true,"href":"https:\/\/www.miamibeachfl.gov\/fr\/wp-json\/wp\/v2\/comments?post=159904"}],"version-history":[{"count":1,"href":"https:\/\/www.miamibeachfl.gov\/fr\/wp-json\/wp\/v2\/pages\/159904\/revisions"}],"predecessor-version":[{"id":375062,"href":"https:\/\/www.miamibeachfl.gov\/fr\/wp-json\/wp\/v2\/pages\/159904\/revisions\/375062"}],"up":[{"embeddable":true,"href":"https:\/\/www.miamibeachfl.gov\/fr\/wp-json\/wp\/v2\/pages\/253255"}],"wp:attachment":[{"href":"https:\/\/www.miamibeachfl.gov\/fr\/wp-json\/wp\/v2\/media?parent=159904"}],"wp:term":[{"taxonomy":"category","embeddable":true,"href":"https:\/\/www.miamibeachfl.gov\/fr\/wp-json\/wp\/v2\/categories?post=159904"},{"taxonomy":"post_tag","embeddable":true,"href":"https:\/\/www.miamibeachfl.gov\/fr\/wp-json\/wp\/v2\/tags?post=159904"}],"curies":[{"name":"wp","href":"https:\/\/api.w.org\/{rel}","templated":true}]}}