{"id":172429,"date":"2021-11-09T09:26:43","date_gmt":"2021-11-09T14:26:43","guid":{"rendered":"http:\/\/www.miamibeachfl.gov\/?page_id=172429"},"modified":"2025-06-02T22:14:10","modified_gmt":"2025-06-03T02:14:10","slug":"november-2021-business-spotlight","status":"publish","type":"page","link":"https:\/\/www.miamibeachfl.gov\/fr\/spotlight\/november-2021-business-spotlight\/","title":{"rendered":"Pleins feux sur les affaires de novembre 2021"},"content":{"rendered":"<h5>\n\t\t<a href=\"https:\/\/www.miamibeachfl.gov\/fr\/mbbiznews\/\" title=\"Abonnez-vous ici pour recevoir chaque mois la newsletter commerciale de la Ville dans votre bo\u00eete de r\u00e9ception.\"  target=\"_blank\"  rel=\"noopener\">\n\t\t\tAbonnez-vous ici pour recevoir chaque mois la newsletter commerciale de la Ville dans votre bo\u00eete de r\u00e9ception.\t\t<\/a>\n\t<\/h5>\n<h5>\n\t\t<a href=\"https:\/\/myemail.constantcontact.com\/Stay-connected-with-MB-Biz-.html?soid=1011085968389&#038;aid=RvxKKzKVV9Q\" title=\"Bulletin d&#039;information des entreprises\"  target=\"_blank\"  rel=\"noopener\">\n\t\t\tBulletin d&#039;information des entreprises\t\t<\/a>\n\t<\/h5>\n<h3>\n\t\t\tHomeoffs vise \u00e0 red\u00e9finir la maison et le lieu de travail\t<\/h3>\n\t\t\t\t<img decoding=\"async\" src=\"http:\/\/www.miamibeachfl.gov\/wp-content\/uploads\/2021\/11\/1.jpg\" alt=\"1\" itemprop=\"image\" title=\"1\" onerror=\"this.style.display='none'\" loading='lazy' \/>\n\t<p><em>Homeoffs, situ\u00e9 \u00e0 Miami Beach, dispose d&#039;un espace patio ext\u00e9rieur qui peut \u00eatre utilis\u00e9 pour des \u00e9v\u00e9nements priv\u00e9s apr\u00e8s les heures ouvrables.<\/em><\/p>\n\t<p>La pand\u00e9mie de COVID-19 a contraint de nombreuses entreprises \u00e0 adopter le t\u00e9l\u00e9travail. Pour certaines, la transition pourrait perdurer. L&#039;un des avantages consid\u00e9rables du t\u00e9l\u00e9travail est le confort de ne pas avoir de lieu de travail fixe, ce qui permet aux t\u00e9l\u00e9travailleurs de voyager tout en poursuivant leur carri\u00e8re. Mais que faire si vous \u00eates de passage dans le sud ensoleill\u00e9 de la Floride et que vous avez besoin d&#039;une heure de calme pour votre r\u00e9union de 13 h avec votre client, votre patron ou votre coll\u00e8gue\u00a0?<\/p>\n<p>Entrez Homeoffs.<\/p>\n<p>Miami Beach est ravi d&#039;accueillir Homeoffs, un club de conciergerie d&#039;\u00e9lite pour les ind\u00e9pendants, les entrepreneurs, les professionnels en d\u00e9placement et les travailleurs \u00e0 distance qui cherchent \u00e0 \u00e9chapper aux distractions du bureau \u00e0 domicile ou du bar \u00e0 jus local.<\/p>\n<p>Gr\u00e2ce \u00e0 son mod\u00e8le d&#039;adh\u00e9sion, Homeoffs propose des bureaux confortables et priv\u00e9s et des salles de conf\u00e9rence lumineuses qui peuvent \u00eatre r\u00e9serv\u00e9es \u00e0 l&#039;heure.<\/p>\n<p>Situ\u00e9 au 1355 Alton Rd. \u00e0 Miami Beach, Homeoffs est une communaut\u00e9 d&#039;affaires exclusive o\u00f9 les membres ont acc\u00e8s \u00e0 des espaces de travail modernes et priv\u00e9s, \u00e0 des services de conciergerie, \u00e0 une vari\u00e9t\u00e9 de programmes d&#039;\u00e9v\u00e9nements d&#039;affaires ainsi qu&#039;\u00e0 des opportunit\u00e9s de r\u00e9seautage.<\/p>\n<p>\u00ab Le monde du travail \u00e9volue. De nombreuses personnes travaillent d\u00e9sormais \u00e0 domicile, ce qui peut engendrer des difficult\u00e9s et des distractions \u00bb, explique Pauline Nivens, directrice de la communaut\u00e9 Homeoffs. \u00ab Nous souhaitions apporter une solution \u00e0 ces probl\u00e8mes \u00e0 la communaut\u00e9 de Miami Beach. \u00bb<\/p>\n<p>L&#039;un des objectifs principaux de la cr\u00e9ation de Homeoffs \u00e9tait de s&#039;\u00e9loigner de l&#039;environnement d&#039;entreprise traditionnel pour offrir une atmosph\u00e8re de type boutique, d\u00e9contract\u00e9e et confortable, propice au travail. Cet espace d&#039;angle de 310 m\u00b2 comprend 17 bureaux priv\u00e9s parfaitement \u00e9clair\u00e9s, ainsi que deux salles de conf\u00e9rence pouvant \u00eatre r\u00e9serv\u00e9es pour des r\u00e9unions de groupe.<\/p>\n\t\t\t\t<img decoding=\"async\" src=\"http:\/\/www.miamibeachfl.gov\/wp-content\/uploads\/2021\/11\/2.jpg\" alt=\"2\" itemprop=\"image\" title=\"2\" onerror=\"this.style.display='none'\" loading='lazy' \/>\n\t\t\t\t<img decoding=\"async\" src=\"http:\/\/www.miamibeachfl.gov\/wp-content\/uploads\/2021\/11\/3.jpg\" alt=\"3\" itemprop=\"image\" title=\"3\" onerror=\"this.style.display='none'\" loading='lazy' \/>\n\t<p><em>Les membres peuvent r\u00e9server leur propre espace de bureau priv\u00e9 ou salle de conf\u00e9rence via l&#039;application Homeoffs.<\/em><\/p>\n\t<p>Que vous soyez en ville pour la semaine ou seulement quelques jours, Homeoffs propose un service de conciergerie qui peut vous connecter aux derniers \u00e9v\u00e9nements artistiques et culturels de la ville pour profiter au maximum de votre visite.<\/p>\n<p>Homeoffs propose trois options aux professionnels. L&#039;adh\u00e9sion au Miami Beach Club comprend l&#039;utilisation des bureaux et l&#039;acc\u00e8s \u00e0 toutes les commodit\u00e9s, dont 20 heures d&#039;espace de bureau priv\u00e9 par mois.<\/p>\n<p>L&#039;abonnement au Club Virtuel, sp\u00e9cialement con\u00e7u pour les visiteurs de Miami Beach, offre une adresse professionnelle \u00e0 Miami Beach o\u00f9 les membres peuvent recevoir leur courrier professionnel. Les utilisateurs peuvent souscrire temporairement \u00e0 l&#039;abonnement au Club Miami Beach lors de leur passage \u00e0 Miami Beach, \u00e0 un tarif r\u00e9duit.<\/p>\n<p>Vous n&#039;\u00eates pas encore pr\u00eat \u00e0 souscrire \u00e0 un abonnement, mais vous souhaitez en savoir plus sur Homeoffs\u00a0? Les visites sans rendez-vous sont \u00e9galement les bienvenues, moyennant un tarif horaire. Toutes les adh\u00e9sions et r\u00e9servations peuvent \u00eatre effectu\u00e9es via l&#039;application Homeoffs, t\u00e9l\u00e9chargeable sur l&#039;App Store iOS.<\/p>\n<p>\u00ab Venez visiter les lieux, d\u00e9couvrez l&#039;espace et tout ce que nous avons \u00e0 offrir \u00bb, a ajout\u00e9 Nivens. \u00ab Vous constaterez que c&#039;est aussi chaleureux qu&#039;\u00e0 la maison, sans les interruptions. \u00bb<\/p>\n<p>Homeoffs est \u00e9galement une excellente occasion pour les r\u00e9sidents et les entrepreneurs de Miami Beach de r\u00e9seauter et de nouer de solides relations professionnelles au sein de la communaut\u00e9. Homeoffs propose des offres vari\u00e9es de clubs d&#039;affaires pour r\u00e9pondre aux besoins de tous types d&#039;utilisateurs, allant d&#039;un espace de bureau priv\u00e9 \u00e0 des services de conciergerie VIP.<\/p>\n<p>Cliquez <strong><a href=\"https:\/\/homeoffs.com\/\">ici<\/a> <\/strong>pour plus d&#039;informations sur Homeoffs au 1355 Alton Rd. ou pour planifier une visite.<\/p>","protected":false},"excerpt":{"rendered":"<p>Subscribe here to receive the City&#8217;s business newsletter to your inbox monthly. Business Newsletter Homeoffs Aims to Redefine Home and [&hellip;]<\/p>\n","protected":false},"author":222,"featured_media":0,"parent":253255,"menu_order":0,"comment_status":"closed","ping_status":"closed","template":"","meta":{"_searchwp_excluded":"","site-sidebar-layout":"default","site-content-layout":"","ast-site-content-layout":"default","site-content-style":"default","site-sidebar-style":"default","ast-global-header-display":"","ast-banner-title-visibility":"","ast-main-header-display":"","ast-hfb-above-header-display":"","ast-hfb-below-header-display":"","ast-hfb-mobile-header-display":"","site-post-title":"","ast-breadcrumbs-content":"","ast-featured-img":"","footer-sml-layout":"","theme-transparent-header-meta":"","adv-header-id-meta":"","stick-header-meta":"","header-above-stick-meta":"","header-main-stick-meta":"","header-below-stick-meta":"","astra-migrate-meta-layouts":"default","ast-page-background-enabled":"default","ast-page-background-meta":{"desktop":{"background-color":"var(--ast-global-color-5)","background-image":"","background-repeat":"repeat","background-position":"center center","background-size":"auto","background-attachment":"scroll","background-type":"","background-media":"","overlay-type":"","overlay-color":"","overlay-opacity":"","overlay-gradient":""},"tablet":{"background-color":"","background-image":"","background-repeat":"repeat","background-position":"center center","background-size":"auto","background-attachment":"scroll","background-type":"","background-media":"","overlay-type":"","overlay-color":"","overlay-opacity":"","overlay-gradient":""},"mobile":{"background-color":"","background-image":"","background-repeat":"repeat","background-position":"center center","background-size":"auto","background-attachment":"scroll","background-type":"","background-media":"","overlay-type":"","overlay-color":"","overlay-opacity":"","overlay-gradient":""}},"ast-content-background-meta":{"desktop":{"background-color":"var(--ast-global-color-4)","background-image":"","background-repeat":"repeat","background-position":"center center","background-size":"auto","background-attachment":"scroll","background-type":"","background-media":"","overlay-type":"","overlay-color":"","overlay-opacity":"","overlay-gradient":""},"tablet":{"background-color":"var(--ast-global-color-4)","background-image":"","background-repeat":"repeat","background-position":"center center","background-size":"auto","background-attachment":"scroll","background-type":"","background-media":"","overlay-type":"","overlay-color":"","overlay-opacity":"","overlay-gradient":""},"mobile":{"background-color":"var(--ast-global-color-4)","background-image":"","background-repeat":"repeat","background-position":"center center","background-size":"auto","background-attachment":"scroll","background-type":"","background-media":"","overlay-type":"","overlay-color":"","overlay-opacity":"","overlay-gradient":""}},"footnotes":""},"categories":[],"tags":[],"class_list":["post-172429","page","type-page","status-publish","hentry"],"yoast_head":"<!-- This site is optimized with the Yoast SEO Premium plugin v27.4 (Yoast SEO v27.4) - https:\/\/yoast.com\/product\/yoast-seo-premium-wordpress\/ -->\n<title>November 2021 Business Spotlight - City of Miami Beach<\/title>\n<meta name=\"description\" content=\"%\" \/>\n<meta name=\"robots\" content=\"index, follow, max-snippet:-1, max-image-preview:large, max-video-preview:-1\" \/>\n<link rel=\"canonical\" href=\"https:\/\/www.miamibeachfl.gov\/fr\/spotlight\/november-2021-business-spotlight\/\" \/>\n<meta property=\"og:locale\" content=\"fr_FR\" \/>\n<meta property=\"og:type\" content=\"article\" \/>\n<meta property=\"og:title\" content=\"November 2021 Business Spotlight\" \/>\n<meta property=\"og:description\" content=\"%\" \/>\n<meta property=\"og:url\" content=\"https:\/\/www.miamibeachfl.gov\/fr\/spotlight\/november-2021-business-spotlight\/\" \/>\n<meta property=\"og:site_name\" content=\"City of Miami Beach\" \/>\n<meta property=\"article:publisher\" content=\"https:\/\/www.facebook.com\/cityofmiamibeach\" \/>\n<meta property=\"article:modified_time\" content=\"2025-06-03T02:14:10+00:00\" \/>\n<meta property=\"og:image\" content=\"http:\/\/www.miamibeachfl.gov\/wp-content\/uploads\/2021\/11\/1.jpg\" \/>\n<meta name=\"twitter:card\" content=\"summary_large_image\" \/>\n<meta name=\"twitter:site\" content=\"@Miamibeachnews\" \/>\n<script type=\"application\/ld+json\" class=\"yoast-schema-graph\">{\"@context\":\"https:\\\/\\\/schema.org\",\"@graph\":[{\"@type\":\"WebPage\",\"@id\":\"https:\\\/\\\/www.miamibeachfl.gov\\\/spotlight\\\/november-2021-business-spotlight\\\/\",\"url\":\"https:\\\/\\\/www.miamibeachfl.gov\\\/spotlight\\\/november-2021-business-spotlight\\\/\",\"name\":\"November 2021 Business Spotlight - City of Miami Beach\",\"isPartOf\":{\"@id\":\"https:\\\/\\\/www.miamibeachfl.gov\\\/#website\"},\"primaryImageOfPage\":{\"@id\":\"https:\\\/\\\/www.miamibeachfl.gov\\\/spotlight\\\/november-2021-business-spotlight\\\/#primaryimage\"},\"image\":{\"@id\":\"https:\\\/\\\/www.miamibeachfl.gov\\\/spotlight\\\/november-2021-business-spotlight\\\/#primaryimage\"},\"thumbnailUrl\":\"http:\\\/\\\/www.miamibeachfl.gov\\\/wp-content\\\/uploads\\\/2021\\\/11\\\/1.jpg\",\"datePublished\":\"2021-11-09T14:26:43+00:00\",\"dateModified\":\"2025-06-03T02:14:10+00:00\",\"description\":\"%\",\"breadcrumb\":{\"@id\":\"https:\\\/\\\/www.miamibeachfl.gov\\\/spotlight\\\/november-2021-business-spotlight\\\/#breadcrumb\"},\"inLanguage\":\"fr-FR\",\"potentialAction\":[{\"@type\":\"ReadAction\",\"target\":[\"https:\\\/\\\/www.miamibeachfl.gov\\\/spotlight\\\/november-2021-business-spotlight\\\/\"]}]},{\"@type\":\"ImageObject\",\"inLanguage\":\"fr-FR\",\"@id\":\"https:\\\/\\\/www.miamibeachfl.gov\\\/spotlight\\\/november-2021-business-spotlight\\\/#primaryimage\",\"url\":\"http:\\\/\\\/www.miamibeachfl.gov\\\/wp-content\\\/uploads\\\/2021\\\/11\\\/1.jpg\",\"contentUrl\":\"http:\\\/\\\/www.miamibeachfl.gov\\\/wp-content\\\/uploads\\\/2021\\\/11\\\/1.jpg\"},{\"@type\":\"BreadcrumbList\",\"@id\":\"https:\\\/\\\/www.miamibeachfl.gov\\\/spotlight\\\/november-2021-business-spotlight\\\/#breadcrumb\",\"itemListElement\":[{\"@type\":\"ListItem\",\"position\":1,\"name\":\"Home\",\"item\":\"https:\\\/\\\/www.miamibeachfl.gov\\\/\"},{\"@type\":\"ListItem\",\"position\":2,\"name\":\"Business Newsletters and Spotlights\",\"item\":\"https:\\\/\\\/www.miamibeachfl.gov\\\/spotlight\\\/\"},{\"@type\":\"ListItem\",\"position\":3,\"name\":\"November 2021 Business Spotlight\"}]},{\"@type\":\"WebSite\",\"@id\":\"https:\\\/\\\/www.miamibeachfl.gov\\\/#website\",\"url\":\"https:\\\/\\\/www.miamibeachfl.gov\\\/\",\"name\":\"City of Miami Beach\",\"description\":\"The official website of the City of Miami Beach. Stay informed, find important information on city services, news, alerts, events, trolley routes, government employment and more.\",\"publisher\":{\"@id\":\"https:\\\/\\\/www.miamibeachfl.gov\\\/#organization\"},\"potentialAction\":[{\"@type\":\"SearchAction\",\"target\":{\"@type\":\"EntryPoint\",\"urlTemplate\":\"https:\\\/\\\/www.miamibeachfl.gov\\\/?s={search_term_string}\"},\"query-input\":{\"@type\":\"PropertyValueSpecification\",\"valueRequired\":true,\"valueName\":\"search_term_string\"}}],\"inLanguage\":\"fr-FR\"},{\"@type\":\"Organization\",\"@id\":\"https:\\\/\\\/www.miamibeachfl.gov\\\/#organization\",\"name\":\"City of Miami Beach\",\"url\":\"https:\\\/\\\/www.miamibeachfl.gov\\\/\",\"logo\":{\"@type\":\"ImageObject\",\"inLanguage\":\"fr-FR\",\"@id\":\"https:\\\/\\\/www.miamibeachfl.gov\\\/#\\\/schema\\\/logo\\\/image\\\/\",\"url\":\"https:\\\/\\\/www.miamibeachfl.gov\\\/wp-content\\\/uploads\\\/2022\\\/06\\\/miamibeach-logoblue.png\",\"contentUrl\":\"https:\\\/\\\/www.miamibeachfl.gov\\\/wp-content\\\/uploads\\\/2022\\\/06\\\/miamibeach-logoblue.png\",\"width\":1962,\"height\":381,\"caption\":\"City of Miami Beach\"},\"image\":{\"@id\":\"https:\\\/\\\/www.miamibeachfl.gov\\\/#\\\/schema\\\/logo\\\/image\\\/\"},\"sameAs\":[\"https:\\\/\\\/www.facebook.com\\\/cityofmiamibeach\",\"https:\\\/\\\/x.com\\\/Miamibeachnews\",\"https:\\\/\\\/www.instagram.com\\\/miamibeachnews\\\/\"],\"description\":\"The official website of the City of Miami Beach. Stay informed, find important information on city services, news, alerts, events, trolley routes, government employment and more.\",\"telephone\":\"305.604.CITY(2489)\",\"legalName\":\"City of Miami Beach\"}]}<\/script>\n<!-- \/ Yoast SEO Premium plugin. -->","yoast_head_json":{"title":"Actualit\u00e9s \u00e9conomiques de novembre 2021\u00a0: Ville de Miami Beach","description":"%","robots":{"index":"index","follow":"follow","max-snippet":"max-snippet:-1","max-image-preview":"max-image-preview:large","max-video-preview":"max-video-preview:-1"},"canonical":"https:\/\/www.miamibeachfl.gov\/fr\/spotlight\/november-2021-business-spotlight\/","og_locale":"fr_FR","og_type":"article","og_title":"November 2021 Business Spotlight","og_description":"%","og_url":"https:\/\/www.miamibeachfl.gov\/fr\/spotlight\/november-2021-business-spotlight\/","og_site_name":"City of Miami Beach","article_publisher":"https:\/\/www.facebook.com\/cityofmiamibeach","article_modified_time":"2025-06-03T02:14:10+00:00","og_image":[{"url":"http:\/\/www.miamibeachfl.gov\/wp-content\/uploads\/2021\/11\/1.jpg","type":"","width":"","height":""}],"twitter_card":"summary_large_image","twitter_site":"@Miamibeachnews","schema":{"@context":"https:\/\/schema.org","@graph":[{"@type":"WebPage","@id":"https:\/\/www.miamibeachfl.gov\/spotlight\/november-2021-business-spotlight\/","url":"https:\/\/www.miamibeachfl.gov\/spotlight\/november-2021-business-spotlight\/","name":"Actualit\u00e9s \u00e9conomiques de novembre 2021\u00a0: Ville de Miami Beach","isPartOf":{"@id":"https:\/\/www.miamibeachfl.gov\/#website"},"primaryImageOfPage":{"@id":"https:\/\/www.miamibeachfl.gov\/spotlight\/november-2021-business-spotlight\/#primaryimage"},"image":{"@id":"https:\/\/www.miamibeachfl.gov\/spotlight\/november-2021-business-spotlight\/#primaryimage"},"thumbnailUrl":"http:\/\/www.miamibeachfl.gov\/wp-content\/uploads\/2021\/11\/1.jpg","datePublished":"2021-11-09T14:26:43+00:00","dateModified":"2025-06-03T02:14:10+00:00","description":"%","breadcrumb":{"@id":"https:\/\/www.miamibeachfl.gov\/spotlight\/november-2021-business-spotlight\/#breadcrumb"},"inLanguage":"fr-FR","potentialAction":[{"@type":"ReadAction","target":["https:\/\/www.miamibeachfl.gov\/spotlight\/november-2021-business-spotlight\/"]}]},{"@type":"ImageObject","inLanguage":"fr-FR","@id":"https:\/\/www.miamibeachfl.gov\/spotlight\/november-2021-business-spotlight\/#primaryimage","url":"http:\/\/www.miamibeachfl.gov\/wp-content\/uploads\/2021\/11\/1.jpg","contentUrl":"http:\/\/www.miamibeachfl.gov\/wp-content\/uploads\/2021\/11\/1.jpg"},{"@type":"BreadcrumbList","@id":"https:\/\/www.miamibeachfl.gov\/spotlight\/november-2021-business-spotlight\/#breadcrumb","itemListElement":[{"@type":"ListItem","position":1,"name":"Home","item":"https:\/\/www.miamibeachfl.gov\/"},{"@type":"ListItem","position":2,"name":"Business Newsletters and Spotlights","item":"https:\/\/www.miamibeachfl.gov\/spotlight\/"},{"@type":"ListItem","position":3,"name":"November 2021 Business Spotlight"}]},{"@type":"WebSite","@id":"https:\/\/www.miamibeachfl.gov\/#website","url":"https:\/\/www.miamibeachfl.gov\/","name":"Ville de Miami Beach","description":"Site officiel de la ville de Miami Beach. Restez inform\u00e9 et trouvez des informations importantes sur les services municipaux, les actualit\u00e9s, les alertes, les \u00e9v\u00e9nements, les itin\u00e9raires de tramway, les emplois gouvernementaux et bien plus encore.","publisher":{"@id":"https:\/\/www.miamibeachfl.gov\/#organization"},"potentialAction":[{"@type":"SearchAction","target":{"@type":"EntryPoint","urlTemplate":"https:\/\/www.miamibeachfl.gov\/?s={search_term_string}"},"query-input":{"@type":"PropertyValueSpecification","valueRequired":true,"valueName":"search_term_string"}}],"inLanguage":"fr-FR"},{"@type":"Organization","@id":"https:\/\/www.miamibeachfl.gov\/#organization","name":"Ville de Miami Beach","url":"https:\/\/www.miamibeachfl.gov\/","logo":{"@type":"ImageObject","inLanguage":"fr-FR","@id":"https:\/\/www.miamibeachfl.gov\/#\/schema\/logo\/image\/","url":"https:\/\/www.miamibeachfl.gov\/wp-content\/uploads\/2022\/06\/miamibeach-logoblue.png","contentUrl":"https:\/\/www.miamibeachfl.gov\/wp-content\/uploads\/2022\/06\/miamibeach-logoblue.png","width":1962,"height":381,"caption":"City of Miami Beach"},"image":{"@id":"https:\/\/www.miamibeachfl.gov\/#\/schema\/logo\/image\/"},"sameAs":["https:\/\/www.facebook.com\/cityofmiamibeach","https:\/\/x.com\/Miamibeachnews","https:\/\/www.instagram.com\/miamibeachnews\/"],"description":"Site officiel de la ville de Miami Beach. Restez inform\u00e9 et trouvez des informations importantes sur les services municipaux, les actualit\u00e9s, les alertes, les \u00e9v\u00e9nements, les itin\u00e9raires de tramway, les emplois gouvernementaux et bien plus encore.","telephone":"305.604.CITY(2489)","legalName":"City of Miami Beach"}]}},"_links":{"self":[{"href":"https:\/\/www.miamibeachfl.gov\/fr\/wp-json\/wp\/v2\/pages\/172429","targetHints":{"allow":["GET"]}}],"collection":[{"href":"https:\/\/www.miamibeachfl.gov\/fr\/wp-json\/wp\/v2\/pages"}],"about":[{"href":"https:\/\/www.miamibeachfl.gov\/fr\/wp-json\/wp\/v2\/types\/page"}],"author":[{"embeddable":true,"href":"https:\/\/www.miamibeachfl.gov\/fr\/wp-json\/wp\/v2\/users\/222"}],"replies":[{"embeddable":true,"href":"https:\/\/www.miamibeachfl.gov\/fr\/wp-json\/wp\/v2\/comments?post=172429"}],"version-history":[{"count":1,"href":"https:\/\/www.miamibeachfl.gov\/fr\/wp-json\/wp\/v2\/pages\/172429\/revisions"}],"predecessor-version":[{"id":375081,"href":"https:\/\/www.miamibeachfl.gov\/fr\/wp-json\/wp\/v2\/pages\/172429\/revisions\/375081"}],"up":[{"embeddable":true,"href":"https:\/\/www.miamibeachfl.gov\/fr\/wp-json\/wp\/v2\/pages\/253255"}],"wp:attachment":[{"href":"https:\/\/www.miamibeachfl.gov\/fr\/wp-json\/wp\/v2\/media?parent=172429"}],"wp:term":[{"taxonomy":"category","embeddable":true,"href":"https:\/\/www.miamibeachfl.gov\/fr\/wp-json\/wp\/v2\/categories?post=172429"},{"taxonomy":"post_tag","embeddable":true,"href":"https:\/\/www.miamibeachfl.gov\/fr\/wp-json\/wp\/v2\/tags?post=172429"}],"curies":[{"name":"wp","href":"https:\/\/api.w.org\/{rel}","templated":true}]}}