{"id":176199,"date":"2021-12-16T14:14:19","date_gmt":"2021-12-16T19:14:19","guid":{"rendered":"http:\/\/www.miamibeachfl.gov\/?page_id=176199"},"modified":"2026-04-16T16:40:30","modified_gmt":"2026-04-16T20:40:30","slug":"engagementtoolbox","status":"publish","type":"page","link":"https:\/\/www.miamibeachfl.gov\/fr\/engagementtoolbox\/","title":{"rendered":"Restez inform\u00e9 et connect\u00e9 \u00e0 la ville de Miami Beach"},"content":{"rendered":"<h1>\n\t\t\tEngagez-vous avec nous\t<\/h1>\n<h2>\n\t\t\tVous trouverez ci-dessous une liste de tous les moyens que vous pouvez utiliser pour rester connect\u00e9 avec la ville.\t<\/h2>\n\t<iframe title=\"MB Magazine Printemps 2026 Volume 21, Num\u00e9ro 2\" allow=\"clipboard-write\" sandbox=\"allow-top-navigation allow-top-navigation-by-user-activation allow-downloads allow-scripts allow-same-origin allow-popups allow-modals allow-popups-to-escape-sandbox allow-forms\" allowfullscreen=\"true\" src=\"https:\/\/e.issuu.com\/embed.html?d=mb_magazine_spring_2026_volume_21_issue_number_2&#038;u=cityofmiamibeach\"><\/iframe>\n\t<ul>\n\t\t<li>\t\t\n\t\t\t\t<img decoding=\"async\" src=\"https:\/\/www.miamibeachfl.gov\/wp-content\/uploads\/bb-plugin\/cache\/biz-manoncomputer-1000sq-square.jpg\" alt=\"Man looking at a computer\" title=\"biz-manoncomputer-1000sq\" itemprop=\"image\"\/>\n\t\t<h3>MBTV<\/h3><p><a href=\"https:\/\/www.miamibeachfl.gov\/fr\/government\/mbtv\/\"><strong>Cliquez ici pour regarder les r\u00e9unions en direct<\/strong>. Connectez-vous au streaming MBTV en direct sur notre site Web ou localement sur la cha\u00eene Atlantic Broadband 660\/AT&amp;T U-verse cha\u00eene 99.<\/a><\/p><\/li>\t<\/ul>\n\t<ul>\n\t\t<li>\t\t\n\t\t\t\t<img decoding=\"async\" src=\"https:\/\/www.miamibeachfl.gov\/wp-content\/uploads\/bb-plugin\/cache\/MiamiBeach-Trolley-square.jpg\" alt=\"Miami Beach Getting Around the Free Trolley\" title=\"MiamiBeach-Trolley\" itemprop=\"image\"\/>\n\t\t<h3>Se d\u00e9placer<\/h3><p><strong><a href=\"https:\/\/www.miamibeachfl.gov\/fr\/visitors\/getting-around\/\">Informations pratiques pour faciliter vos d\u00e9placements \u00e0 Miami Beach. Cliquez ici pour en savoir plus.<\/a><\/strong><\/p><\/li><li>\t\t\n\t\t\t\t<img decoding=\"async\" src=\"https:\/\/www.miamibeachfl.gov\/wp-content\/uploads\/bb-plugin\/cache\/familyatthebeach-square.jpg\" alt=\"Family at the Beach\" title=\"famille\u00e0laplage\" itemprop=\"image\"\/>\n\t\t<h3>Conditions actuelles de la plage<\/h3><p><strong><a href=\"https:\/\/www.miamibeachfl.gov\/fr\/city-hall\/fire\/ocean-rescue\/currentbeachconditions\/\">Bulletin de s\u00e9curit\u00e9 et conditions m\u00e9t\u00e9orologiques de Miami Beach Ocean Rescue. Cliquez ici pour en savoir plus.<\/a><\/strong><\/p><\/li>\t<\/ul>\n\t<ul>\n\t\t<li>\t\t\n\t\t\t\t<img decoding=\"async\" src=\"https:\/\/www.miamibeachfl.gov\/wp-content\/uploads\/bb-plugin\/cache\/traffic-square.jpg\" alt=\"Miami Beach Traffic\" title=\"trafic\" itemprop=\"image\"\/>\n\t\t<h3>Projets de construction du FDOT<\/h3><p><strong><a href=\"http:\/\/www.i395-miami.com\/miamibeachtrafficreport\/\">Informations concernant les fermetures de voies programm\u00e9es sur les chantiers du FDOT affectant la circulation \u00e0 destination, en provenance et \u00e0 l&#039;int\u00e9rieur de Miami Beach. Cliquez ici pour en savoir plus.<\/a><\/strong><\/p><\/li><li>\t\t\n\t\t\t\t<img decoding=\"async\" src=\"https:\/\/www.miamibeachfl.gov\/wp-content\/uploads\/bb-plugin\/cache\/CityOwnedFacility-ArtDecoWelcomeCenter-square.jpg\" alt=\"Miami Beach Art Deco Welcome Center\" title=\"Centre d&#039;accueil Art D\u00e9co, propri\u00e9t\u00e9 de la ville\" itemprop=\"image\"\/>\n\t\t<h3>Obligation GO<\/h3><p><strong><a href=\"https:\/\/www.gombinfo.com\/\">Lors des \u00e9lections municipales, les \u00e9lecteurs de Miami Beach ont clairement exprim\u00e9 leur volont\u00e9 d&#039;investir dans l&#039;avenir de leur ville. Pour en savoir plus sur les projets financ\u00e9s par les obligations GO et suivre leur \u00e9volution, cliquez ici.<\/a><\/strong><\/p><\/li>\t<\/ul>\n\t\t\t\t\t\t\t\t<h3>l&#039;h\u00f4tel de ville<\/h3>\t\t\t\n\t<h3>\n\t\t\t\tRestez au courant de ce qui se passe.\n\t\t\t<\/h3>\n\t\t\t<a href=\"\/fr\/city-hall\/city-clerk\/meeting-notices\/\" target=\"_self\"  aria-label=\"Avis de r\u00e9union\">\n\t\t\t\t\t\t\t\tAvis de r\u00e9union \n\t\t\t\t\t\t\t<\/a>\n\t\t\t\t\t&amp;\t\t\t\t\n\t\t\t<a href=\"\/fr\/city-hall\/city-clerk\/agenda-archive-main-page-2\/\" target=\"_self\"  aria-label=\"Ordres du jour des r\u00e9unions\">\n\t\t\t\t\t\t\t\tOrdres du jour des r\u00e9unions\n\t\t\t\t\t\t\t<\/a>\n\t\t\t<a href=\"https:\/\/events.miamibeachfl.gov\/city-meetings\/\"  target=\"_self\">\n\t\t\t\t\t\t\tCalendrier de la ville\n\t\t\t\t\t<\/a>\n\t\t\t<a href=\"\/fr\/city-hall\/communications\/press-releases\/\"  target=\"_self\">\n\t\t\t\t\t\t\tCommuniqu\u00e9s de presse\n\t\t\t\t\t<\/a>\n\t\t\t\t\t\t\t\t<h3>Restez connect\u00e9<\/h3>\t\t\t\n\t<h3>\n\t\t\t\tM\u00e9dias sociaux, actualit\u00e9s, alertes et plus\n\t\t\t<\/h3>\n\t<ul>\n\t\t<li>\t\t\t\t\n\t\t<h3>Bulletins \u00e9lectroniques<\/h3><p><strong><a href=\"\/fr\/city-hall\/communications\/subscriptions\/\">Cliquez ici pour vous inscrire et recevoir des notifications par courriel sur des sujets, des r\u00e9unions ou sur toutes les notifications de la ville.<\/a><\/strong><\/p><\/li><li>\t\t\t\t\n\t\t<h3>Alertes texte<\/h3><p><strong><a href=\"https:\/\/www.miamibeachfl.gov\/fr\/miami-beach-text-message-services\/\">Cliquez ici pour savoir comment vous abonner et recevoir des notifications sur votre appareil mobile.<\/a><br \/>Envoyez MBAlert par SMS au 888777 pour vous inscrire aux alertes d&#039;urgence et aux alertes routi\u00e8res importantes. <\/strong><\/p><\/li><li>\t\t\t\t\n\t\t<h3>Le droit des r\u00e9sidents \u00e0 savoir<\/h3><p><a href=\"https:\/\/apps.miamibeachfl.gov\/residentsrighttoknow\">Cliquez ici pour recevoir des notifications \u00e9lectroniques cibl\u00e9es concernant les sujets qui ont une incidence sur la qualit\u00e9 de vie des r\u00e9sidents. Recevez des notifications pour Mid-Beach, North Beach, South Beach ou les trois quartiers.<\/a><\/p><\/li><li>\t\t\t\t\n\t\t<h3>Applications mobiles<\/h3><p><strong><a href=\"\/fr\/mobile-apps\/\">T\u00e9l\u00e9chargez toutes nos applications mobiles\u00a0! Suivez le trafic du tramway, signalez les probl\u00e8mes dans votre quartier, trouvez la place de stationnement la plus proche, consultez le calendrier municipal et bien plus encore.<\/a><\/strong><\/p><\/li><li>\t\t\t\t\n\t\t<h3>Signaler un probl\u00e8me<\/h3><p>Les r\u00e9sidents peuvent signaler leurs pr\u00e9occupations 24 heures sur 24, 7 jours sur 7.<br \/>Utilisez l\u2019une des m\u00e9thodes ci-dessous\u00a0:<ul><li>Pour une assistance imm\u00e9diate, veuillez appeler le 305.604.CITY (2489) ou notre ligne de police non urgente au <a href=\"tel:3056737900\">305.673.7900<\/a><\/li><li><a href=\"https:\/\/apps.miamibeachfl.gov\/egovweb\">Utilisez l&#039;application Miami Beach Gov en ligne<\/a> (<a href=\"https:\/\/apps.apple.com\/us\/app\/city-of-miami-beach-e-gov\/id883739690\">Apple Store<\/a> ou <a href=\"https:\/\/play.google.com\/store\/apps\/details?id=gov.miamibeachfl.mbegov\">Google Play<\/a>)<\/li><\/ul><strong>En cas d&#039;urgence, veuillez toujours appeler le 911<\/strong><\/p><\/li><li>\t\t\t\t\n\t\t<h3>Division des affaires de quartier (NAD)<\/h3><p>Consid\u00e9rez la division des affaires de quartier de Miami Beach comme votre concierge de l&#039;h\u00f4tel de ville lorsque vous avez un probl\u00e8me ou que vous souhaitez en savoir plus sur les services municipaux et les projets de construction qui comptent le plus pour vous.\u00a0<strong><a href=\"https:\/\/www.miamibeachfl.gov\/fr\/residents\/neighborhood-affairs-division\/\">Visitez notre portail de la Division des affaires de quartier pour en savoir plus et pour contacter votre repr\u00e9sentant r\u00e9gional.<\/a> <\/strong><\/p><\/li>\t<\/ul>\n\t\t<h2>Division des affaires de quartier<\/h2>\n\t\t<p>La Division des affaires de quartier travaille en \u00e9troite collaboration avec les services op\u00e9rationnels de la ville pour coordonner une prestation am\u00e9lior\u00e9e des services municipaux d&#039;une mani\u00e8re qui r\u00e9ponde aux besoins et aux demandes sp\u00e9cifiques des quartiers de la ville.<\/p>\n\t\t\t<a href=\"\/fr\/residents\/neighborhood-affairs-division\/\"  target=\"_self\">\n\t\t\t\t\t\t\tApprendre encore plus\n\t\t\t<\/a>","protected":false},"excerpt":{"rendered":"<p>Engage With Us Below is a list of all avenues you can use to stay connected with the city MBTV [&hellip;]<\/p>\n","protected":false},"author":222,"featured_media":0,"parent":0,"menu_order":80,"comment_status":"closed","ping_status":"closed","template":"","meta":{"_searchwp_excluded":"","site-sidebar-layout":"default","site-content-layout":"","ast-site-content-layout":"default","site-content-style":"default","site-sidebar-style":"default","ast-global-header-display":"","ast-banner-title-visibility":"","ast-main-header-display":"","ast-hfb-above-header-display":"","ast-hfb-below-header-display":"","ast-hfb-mobile-header-display":"","site-post-title":"","ast-breadcrumbs-content":"","ast-featured-img":"","footer-sml-layout":"","ast-disable-related-posts":"","theme-transparent-header-meta":"","adv-header-id-meta":"","stick-header-meta":"","header-above-stick-meta":"","header-main-stick-meta":"","header-below-stick-meta":"","astra-migrate-meta-layouts":"default","ast-page-background-enabled":"default","ast-page-background-meta":{"desktop":{"background-color":"var(--ast-global-color-5)","background-image":"","background-repeat":"repeat","background-position":"center center","background-size":"auto","background-attachment":"scroll","background-type":"","background-media":"","overlay-type":"","overlay-color":"","overlay-opacity":"","overlay-gradient":""},"tablet":{"background-color":"","background-image":"","background-repeat":"repeat","background-position":"center center","background-size":"auto","background-attachment":"scroll","background-type":"","background-media":"","overlay-type":"","overlay-color":"","overlay-opacity":"","overlay-gradient":""},"mobile":{"background-color":"","background-image":"","background-repeat":"repeat","background-position":"center center","background-size":"auto","background-attachment":"scroll","background-type":"","background-media":"","overlay-type":"","overlay-color":"","overlay-opacity":"","overlay-gradient":""}},"ast-content-background-meta":{"desktop":{"background-color":"var(--ast-global-color-4)","background-image":"","background-repeat":"repeat","background-position":"center center","background-size":"auto","background-attachment":"scroll","background-type":"","background-media":"","overlay-type":"","overlay-color":"","overlay-opacity":"","overlay-gradient":""},"tablet":{"background-color":"var(--ast-global-color-4)","background-image":"","background-repeat":"repeat","background-position":"center center","background-size":"auto","background-attachment":"scroll","background-type":"","background-media":"","overlay-type":"","overlay-color":"","overlay-opacity":"","overlay-gradient":""},"mobile":{"background-color":"var(--ast-global-color-4)","background-image":"","background-repeat":"repeat","background-position":"center center","background-size":"auto","background-attachment":"scroll","background-type":"","background-media":"","overlay-type":"","overlay-color":"","overlay-opacity":"","overlay-gradient":""}},"footnotes":""},"categories":[],"tags":[],"class_list":["post-176199","page","type-page","status-publish","hentry"],"yoast_head":"<!-- This site is optimized with the Yoast SEO Premium plugin v27.4 (Yoast SEO v27.4) - https:\/\/yoast.com\/product\/yoast-seo-premium-wordpress\/ -->\n<title>Stay Informed and Connected to the City of miami Beach - City of Miami Beach<\/title>\n<meta name=\"description\" content=\"A list of all communication tools you can use to stay informed and connected with the City of Miami Beach\" \/>\n<meta name=\"robots\" content=\"index, follow, max-snippet:-1, max-image-preview:large, max-video-preview:-1\" \/>\n<link rel=\"canonical\" href=\"https:\/\/www.miamibeachfl.gov\/fr\/engagementtoolbox\/\" \/>\n<meta property=\"og:locale\" content=\"fr_FR\" \/>\n<meta property=\"og:type\" content=\"article\" \/>\n<meta property=\"og:title\" content=\"Stay Informed and Connected to the City of miami Beach\" \/>\n<meta property=\"og:description\" content=\"A list of all communication tools you can use to stay informed and connected with the City of Miami Beach\" \/>\n<meta property=\"og:url\" content=\"https:\/\/www.miamibeachfl.gov\/fr\/engagementtoolbox\/\" \/>\n<meta property=\"og:site_name\" content=\"City of Miami Beach\" \/>\n<meta property=\"article:publisher\" content=\"https:\/\/www.facebook.com\/cityofmiamibeach\" \/>\n<meta property=\"article:modified_time\" content=\"2026-04-16T20:40:30+00:00\" \/>\n<meta property=\"og:image\" content=\"https:\/\/www.miamibeachfl.gov\/wp-content\/uploads\/bb-plugin\/cache\/biz-manoncomputer-1000sq-square.jpg\" \/>\n<meta name=\"twitter:card\" content=\"summary_large_image\" \/>\n<meta name=\"twitter:site\" content=\"@Miamibeachnews\" \/>\n<script type=\"application\/ld+json\" class=\"yoast-schema-graph\">{\"@context\":\"https:\\\/\\\/schema.org\",\"@graph\":[{\"@type\":\"WebPage\",\"@id\":\"https:\\\/\\\/www.miamibeachfl.gov\\\/engagementtoolbox\\\/\",\"url\":\"https:\\\/\\\/www.miamibeachfl.gov\\\/engagementtoolbox\\\/\",\"name\":\"Stay Informed and Connected to the City of miami Beach - City of Miami Beach\",\"isPartOf\":{\"@id\":\"https:\\\/\\\/www.miamibeachfl.gov\\\/#website\"},\"primaryImageOfPage\":{\"@id\":\"https:\\\/\\\/www.miamibeachfl.gov\\\/engagementtoolbox\\\/#primaryimage\"},\"image\":{\"@id\":\"https:\\\/\\\/www.miamibeachfl.gov\\\/engagementtoolbox\\\/#primaryimage\"},\"thumbnailUrl\":\"https:\\\/\\\/www.miamibeachfl.gov\\\/wp-content\\\/uploads\\\/bb-plugin\\\/cache\\\/biz-manoncomputer-1000sq-square.jpg\",\"datePublished\":\"2021-12-16T19:14:19+00:00\",\"dateModified\":\"2026-04-16T20:40:30+00:00\",\"description\":\"A list of all communication tools you can use to stay informed and connected with the City of Miami Beach\",\"breadcrumb\":{\"@id\":\"https:\\\/\\\/www.miamibeachfl.gov\\\/engagementtoolbox\\\/#breadcrumb\"},\"inLanguage\":\"fr-FR\",\"potentialAction\":[{\"@type\":\"ReadAction\",\"target\":[\"https:\\\/\\\/www.miamibeachfl.gov\\\/engagementtoolbox\\\/\"]}]},{\"@type\":\"ImageObject\",\"inLanguage\":\"fr-FR\",\"@id\":\"https:\\\/\\\/www.miamibeachfl.gov\\\/engagementtoolbox\\\/#primaryimage\",\"url\":\"https:\\\/\\\/www.miamibeachfl.gov\\\/wp-content\\\/uploads\\\/bb-plugin\\\/cache\\\/biz-manoncomputer-1000sq-square.jpg\",\"contentUrl\":\"https:\\\/\\\/www.miamibeachfl.gov\\\/wp-content\\\/uploads\\\/bb-plugin\\\/cache\\\/biz-manoncomputer-1000sq-square.jpg\"},{\"@type\":\"BreadcrumbList\",\"@id\":\"https:\\\/\\\/www.miamibeachfl.gov\\\/engagementtoolbox\\\/#breadcrumb\",\"itemListElement\":[{\"@type\":\"ListItem\",\"position\":1,\"name\":\"Home\",\"item\":\"https:\\\/\\\/www.miamibeachfl.gov\\\/\"},{\"@type\":\"ListItem\",\"position\":2,\"name\":\"Stay Informed and Connected to the City of miami Beach\"}]},{\"@type\":\"WebSite\",\"@id\":\"https:\\\/\\\/www.miamibeachfl.gov\\\/#website\",\"url\":\"https:\\\/\\\/www.miamibeachfl.gov\\\/\",\"name\":\"City of Miami Beach\",\"description\":\"The official website of the City of Miami Beach. Stay informed, find important information on city services, news, alerts, events, trolley routes, government employment and more.\",\"publisher\":{\"@id\":\"https:\\\/\\\/www.miamibeachfl.gov\\\/#organization\"},\"potentialAction\":[{\"@type\":\"SearchAction\",\"target\":{\"@type\":\"EntryPoint\",\"urlTemplate\":\"https:\\\/\\\/www.miamibeachfl.gov\\\/?s={search_term_string}\"},\"query-input\":{\"@type\":\"PropertyValueSpecification\",\"valueRequired\":true,\"valueName\":\"search_term_string\"}}],\"inLanguage\":\"fr-FR\"},{\"@type\":\"Organization\",\"@id\":\"https:\\\/\\\/www.miamibeachfl.gov\\\/#organization\",\"name\":\"City of Miami Beach\",\"url\":\"https:\\\/\\\/www.miamibeachfl.gov\\\/\",\"logo\":{\"@type\":\"ImageObject\",\"inLanguage\":\"fr-FR\",\"@id\":\"https:\\\/\\\/www.miamibeachfl.gov\\\/#\\\/schema\\\/logo\\\/image\\\/\",\"url\":\"https:\\\/\\\/www.miamibeachfl.gov\\\/wp-content\\\/uploads\\\/2022\\\/06\\\/miamibeach-logoblue.png\",\"contentUrl\":\"https:\\\/\\\/www.miamibeachfl.gov\\\/wp-content\\\/uploads\\\/2022\\\/06\\\/miamibeach-logoblue.png\",\"width\":1962,\"height\":381,\"caption\":\"City of Miami Beach\"},\"image\":{\"@id\":\"https:\\\/\\\/www.miamibeachfl.gov\\\/#\\\/schema\\\/logo\\\/image\\\/\"},\"sameAs\":[\"https:\\\/\\\/www.facebook.com\\\/cityofmiamibeach\",\"https:\\\/\\\/x.com\\\/Miamibeachnews\",\"https:\\\/\\\/www.instagram.com\\\/miamibeachnews\\\/\"],\"description\":\"The official website of the City of Miami Beach. Stay informed, find important information on city services, news, alerts, events, trolley routes, government employment and more.\",\"telephone\":\"305.604.CITY(2489)\",\"legalName\":\"City of Miami Beach\"}]}<\/script>\n<!-- \/ Yoast SEO Premium plugin. -->","yoast_head_json":{"title":"Restez inform\u00e9 et connect\u00e9 \u00e0 la ville de Miami Beach - Ville de Miami Beach","description":"Une liste de tous les outils de communication que vous pouvez utiliser pour rester inform\u00e9 et connect\u00e9 avec la ville de Miami Beach","robots":{"index":"index","follow":"follow","max-snippet":"max-snippet:-1","max-image-preview":"max-image-preview:large","max-video-preview":"max-video-preview:-1"},"canonical":"https:\/\/www.miamibeachfl.gov\/fr\/engagementtoolbox\/","og_locale":"fr_FR","og_type":"article","og_title":"Stay Informed and Connected to the City of miami Beach","og_description":"A list of all communication tools you can use to stay informed and connected with the City of Miami Beach","og_url":"https:\/\/www.miamibeachfl.gov\/fr\/engagementtoolbox\/","og_site_name":"City of Miami Beach","article_publisher":"https:\/\/www.facebook.com\/cityofmiamibeach","article_modified_time":"2026-04-16T20:40:30+00:00","og_image":[{"url":"https:\/\/www.miamibeachfl.gov\/wp-content\/uploads\/bb-plugin\/cache\/biz-manoncomputer-1000sq-square.jpg","type":"","width":"","height":""}],"twitter_card":"summary_large_image","twitter_site":"@Miamibeachnews","schema":{"@context":"https:\/\/schema.org","@graph":[{"@type":"WebPage","@id":"https:\/\/www.miamibeachfl.gov\/engagementtoolbox\/","url":"https:\/\/www.miamibeachfl.gov\/engagementtoolbox\/","name":"Restez inform\u00e9 et connect\u00e9 \u00e0 la ville de Miami Beach - Ville de Miami Beach","isPartOf":{"@id":"https:\/\/www.miamibeachfl.gov\/#website"},"primaryImageOfPage":{"@id":"https:\/\/www.miamibeachfl.gov\/engagementtoolbox\/#primaryimage"},"image":{"@id":"https:\/\/www.miamibeachfl.gov\/engagementtoolbox\/#primaryimage"},"thumbnailUrl":"https:\/\/www.miamibeachfl.gov\/wp-content\/uploads\/bb-plugin\/cache\/biz-manoncomputer-1000sq-square.jpg","datePublished":"2021-12-16T19:14:19+00:00","dateModified":"2026-04-16T20:40:30+00:00","description":"Une liste de tous les outils de communication que vous pouvez utiliser pour rester inform\u00e9 et connect\u00e9 avec la ville de Miami Beach","breadcrumb":{"@id":"https:\/\/www.miamibeachfl.gov\/engagementtoolbox\/#breadcrumb"},"inLanguage":"fr-FR","potentialAction":[{"@type":"ReadAction","target":["https:\/\/www.miamibeachfl.gov\/engagementtoolbox\/"]}]},{"@type":"ImageObject","inLanguage":"fr-FR","@id":"https:\/\/www.miamibeachfl.gov\/engagementtoolbox\/#primaryimage","url":"https:\/\/www.miamibeachfl.gov\/wp-content\/uploads\/bb-plugin\/cache\/biz-manoncomputer-1000sq-square.jpg","contentUrl":"https:\/\/www.miamibeachfl.gov\/wp-content\/uploads\/bb-plugin\/cache\/biz-manoncomputer-1000sq-square.jpg"},{"@type":"BreadcrumbList","@id":"https:\/\/www.miamibeachfl.gov\/engagementtoolbox\/#breadcrumb","itemListElement":[{"@type":"ListItem","position":1,"name":"Home","item":"https:\/\/www.miamibeachfl.gov\/"},{"@type":"ListItem","position":2,"name":"Stay Informed and Connected to the City of miami Beach"}]},{"@type":"WebSite","@id":"https:\/\/www.miamibeachfl.gov\/#website","url":"https:\/\/www.miamibeachfl.gov\/","name":"Ville de Miami Beach","description":"Site officiel de la ville de Miami Beach. Restez inform\u00e9 et trouvez des informations importantes sur les services municipaux, les actualit\u00e9s, les alertes, les \u00e9v\u00e9nements, les itin\u00e9raires de tramway, les emplois gouvernementaux et bien plus encore.","publisher":{"@id":"https:\/\/www.miamibeachfl.gov\/#organization"},"potentialAction":[{"@type":"SearchAction","target":{"@type":"EntryPoint","urlTemplate":"https:\/\/www.miamibeachfl.gov\/?s={search_term_string}"},"query-input":{"@type":"PropertyValueSpecification","valueRequired":true,"valueName":"search_term_string"}}],"inLanguage":"fr-FR"},{"@type":"Organization","@id":"https:\/\/www.miamibeachfl.gov\/#organization","name":"Ville de Miami Beach","url":"https:\/\/www.miamibeachfl.gov\/","logo":{"@type":"ImageObject","inLanguage":"fr-FR","@id":"https:\/\/www.miamibeachfl.gov\/#\/schema\/logo\/image\/","url":"https:\/\/www.miamibeachfl.gov\/wp-content\/uploads\/2022\/06\/miamibeach-logoblue.png","contentUrl":"https:\/\/www.miamibeachfl.gov\/wp-content\/uploads\/2022\/06\/miamibeach-logoblue.png","width":1962,"height":381,"caption":"City of Miami Beach"},"image":{"@id":"https:\/\/www.miamibeachfl.gov\/#\/schema\/logo\/image\/"},"sameAs":["https:\/\/www.facebook.com\/cityofmiamibeach","https:\/\/x.com\/Miamibeachnews","https:\/\/www.instagram.com\/miamibeachnews\/"],"description":"Site officiel de la ville de Miami Beach. Restez inform\u00e9 et trouvez des informations importantes sur les services municipaux, les actualit\u00e9s, les alertes, les \u00e9v\u00e9nements, les itin\u00e9raires de tramway, les emplois gouvernementaux et bien plus encore.","telephone":"305.604.CITY(2489)","legalName":"City of Miami Beach"}]}},"_links":{"self":[{"href":"https:\/\/www.miamibeachfl.gov\/fr\/wp-json\/wp\/v2\/pages\/176199","targetHints":{"allow":["GET"]}}],"collection":[{"href":"https:\/\/www.miamibeachfl.gov\/fr\/wp-json\/wp\/v2\/pages"}],"about":[{"href":"https:\/\/www.miamibeachfl.gov\/fr\/wp-json\/wp\/v2\/types\/page"}],"author":[{"embeddable":true,"href":"https:\/\/www.miamibeachfl.gov\/fr\/wp-json\/wp\/v2\/users\/222"}],"replies":[{"embeddable":true,"href":"https:\/\/www.miamibeachfl.gov\/fr\/wp-json\/wp\/v2\/comments?post=176199"}],"version-history":[{"count":12,"href":"https:\/\/www.miamibeachfl.gov\/fr\/wp-json\/wp\/v2\/pages\/176199\/revisions"}],"predecessor-version":[{"id":399041,"href":"https:\/\/www.miamibeachfl.gov\/fr\/wp-json\/wp\/v2\/pages\/176199\/revisions\/399041"}],"wp:attachment":[{"href":"https:\/\/www.miamibeachfl.gov\/fr\/wp-json\/wp\/v2\/media?parent=176199"}],"wp:term":[{"taxonomy":"category","embeddable":true,"href":"https:\/\/www.miamibeachfl.gov\/fr\/wp-json\/wp\/v2\/categories?post=176199"},{"taxonomy":"post_tag","embeddable":true,"href":"https:\/\/www.miamibeachfl.gov\/fr\/wp-json\/wp\/v2\/tags?post=176199"}],"curies":[{"name":"wp","href":"https:\/\/api.w.org\/{rel}","templated":true}]}}