{"id":176355,"date":"2021-12-17T15:00:23","date_gmt":"2021-12-17T20:00:23","guid":{"rendered":"http:\/\/www.miamibeachfl.gov\/?page_id=176355"},"modified":"2025-06-02T21:53:30","modified_gmt":"2025-06-03T01:53:30","slug":"december-2021-business-spotlight-2","status":"publish","type":"page","link":"https:\/\/www.miamibeachfl.gov\/fr\/spotlight\/december-2021-business-spotlight-2\/","title":{"rendered":"Pleins feux sur les affaires de d\u00e9cembre 2021"},"content":{"rendered":"<h5>\n\t\t<a href=\"https:\/\/www.miamibeachfl.gov\/fr\/mbbiznews\/\" title=\"Abonnez-vous ici pour recevoir chaque mois la newsletter commerciale de la Ville dans votre bo\u00eete de r\u00e9ception.\"  target=\"_blank\"  rel=\"noopener\">\n\t\t\tAbonnez-vous ici pour recevoir chaque mois la newsletter commerciale de la Ville dans votre bo\u00eete de r\u00e9ception.\t\t<\/a>\n\t<\/h5>\n<h5>\n\t\t<a href=\"https:\/\/myemail.constantcontact.com\/Stay-connected-with-MB-Biz-.html?soid=1011085968389&#038;aid=FMwVRWpjuT0\" title=\"Bulletin d&#039;information des entreprises\"  target=\"_blank\"  rel=\"noopener\">\n\t\t\tBulletin d&#039;information des entreprises\t\t<\/a>\n\t<\/h5>\n<h3>\n\t\t\tGymage : l&#039;avenir du fitness social\t<\/h3>\n\t<p>Fatigu\u00e9 d&#039;\u00eatre jug\u00e9 pour vos selfies pendant votre s\u00e9ance de sport\u00a0? Amateurs de selfies, r\u00e9jouissez-vous\u00a0: le Gymage Lifestyle Resort Miami est l&#039;endroit id\u00e9al pour vous.<\/p>\n<p>Bas\u00e9e \u00e0 Madrid, Gymage est un jeu d&#039;enfant entre salle de sport et image. L&#039;entreprise a ouvert un nouveau local \u00e0 Miami Beach, au 355 Lincoln Rd., dans l&#039;embl\u00e9matique Bhojwani Tower. Se pr\u00e9sentant comme \u00ab la nouvelle salle de sport instagrammable de Miami \u00bb, Gymage est \u00e9quip\u00e9e d&#039;un \u00e9clairage puissant, d&#039;\u00e9quipements de pointe et de perches \u00e0 selfie \u00e0 chaque poste, ouvrant la voie \u00e0 l&#039;avenir du fitness social. L&#039;entrepreneur madril\u00e8ne Carlos Enguidanos, PDG de Gymage, a r\u00eav\u00e9 de ce concept alors qu&#039;il \u00e9tait \u00e9tudiant en Espagne. \u00ab Nous sommes le paradis des amateurs de fitness \u00bb, explique-t-il. \u00ab Nous privil\u00e9gions avant tout l&#039;exp\u00e9rience d&#039;entra\u00eenement et son aspect social. La salle est donc pr\u00eate \u00e0 accueillir les membres pour qu&#039;ils puissent prendre des photos et partager leurs progr\u00e8s. \u00bb<\/p>\n\t\t\t\t<img decoding=\"async\" src=\"http:\/\/www.miamibeachfl.gov\/wp-content\/uploads\/2021\/12\/1.jpg\" alt=\"1\" itemprop=\"image\" title=\"1\" onerror=\"this.style.display='none'\" loading='lazy' \/>\n\t<p><em>Gymage, le nouveau complexe h\u00f4telier futuriste de Miami Beach<\/em><\/p>\n\t<p>Situ\u00e9e au c\u0153ur de South Beach, cette salle de sport de 930 m\u00b2 allie ambiance tropicale et \u00e9quipements haut de gamme. Envie de regarder une \u00e9mission tout en vous entra\u00eenant\u00a0? Gymage est l\u00e0 pour vous. \u00c9quip\u00e9e des derniers \u00e9quipements LifeFitness Premium, la salle permet aux membres de regarder des vid\u00e9os YouTube, Netflix et m\u00eame Spotify tout en courant ou en trottinant sur l&#039;une des nombreuses machines de cardio. Enguidanos pr\u00e9voit d&#039;agrandir sa salle de sport de r\u00eave en 2022 avec l&#039;ouverture d&#039;un restaurant et d&#039;un salon sur le toit, o\u00f9 les clients pourront se ressourcer apr\u00e8s avoir br\u00fbl\u00e9 des calories.<\/p>\n<p>\u00ab Nous sommes inspir\u00e9s par l&#039;aspect social du fitness. C&#039;est pourquoi notre vision est d&#039;\u00eatre un lieu de vill\u00e9giature o\u00f9 l&#039;on peut venir travailler sa sant\u00e9, mais aussi, \u00e0 l&#039;avenir, d\u00eener et boire un verre entre amis \u00bb, a-t-il d\u00e9clar\u00e9. \u00ab Nous sommes inspir\u00e9s par la singularit\u00e9 et la diversit\u00e9 de chacun. Nous voulons que nos membres soient fiers de se montrer et de laisser leur image parler. \u00ab Parlez de votre image \u00bb : c&#039;est plus qu&#039;un slogan, c&#039;est un \u00e9tat d&#039;esprit. \u00bb<\/p>\n\t\t\t\t<img decoding=\"async\" src=\"http:\/\/www.miamibeachfl.gov\/wp-content\/uploads\/2021\/12\/2.jpg\" alt=\"2\" itemprop=\"image\" title=\"2\" onerror=\"this.style.display='none'\" loading='lazy' \/>\n\t\t\t\t<img decoding=\"async\" src=\"http:\/\/www.miamibeachfl.gov\/wp-content\/uploads\/2021\/12\/3.jpg\" alt=\"3\" itemprop=\"image\" title=\"3\" onerror=\"this.style.display='none'\" loading='lazy' \/>\n\t<p><em>Manuel Clavel, le cerveau derri\u00e8re l&#039;architecture de luxe du Museum Garage dans le Design District de Miami et les projets pour Louis Vuitton, a con\u00e7u l&#039;espace.<\/em><\/p>\n\t<p>Gr\u00e2ce au soutien du Conseil Beacon de Miami-Dade, la ville de Miami Beach a pu recruter Gymage pour sa magnifique ville. Gymage a \u00e9t\u00e9 r\u00e9compens\u00e9 par le Conseil Beacon lors de la c\u00e9r\u00e9monie annuelle de remise des cl\u00e9s 2021, o\u00f9 la maire Daniella Levine Cava lui a remis une cl\u00e9 du comt\u00e9.<\/p>\n<p>Situ\u00e9 \u00e0 l&#039;intersection de deux grands quartiers commerciaux, Gymage est tr\u00e8s accessible et b\u00e9n\u00e9ficie des initiatives prometteuses des quartiers d&#039;affaires de Washington Avenue et de Lincoln Road. L&#039;entreprise a constat\u00e9 que Miami Beach incarnait Gymage \u00e0 bien des \u00e9gards. Tropicale et branch\u00e9e, elle regorge de personnes cr\u00e9atives. Gymage compte 500 membres et son nombre ne cesse de cro\u00eetre. L&#039;entreprise propose des abonnements mensuels ainsi que des pass hebdomadaires et journaliers.<\/p>\n<p>Apprenez-en plus sur Gymage Miami et d\u00e9couvrez les derni\u00e8res offres et tarifs membres en visitant le <strong><a href=\"https:\/\/gymage.com\/\">site web<\/a>.<\/strong><\/p>","protected":false},"excerpt":{"rendered":"<p>Subscribe here to receive the City&#8217;s business newsletter to your inbox monthly. Business Newsletter Gymage: The Future of Social Fitness [&hellip;]<\/p>\n","protected":false},"author":222,"featured_media":0,"parent":253255,"menu_order":0,"comment_status":"closed","ping_status":"closed","template":"","meta":{"_searchwp_excluded":"","site-sidebar-layout":"default","site-content-layout":"","ast-site-content-layout":"default","site-content-style":"default","site-sidebar-style":"default","ast-global-header-display":"","ast-banner-title-visibility":"","ast-main-header-display":"","ast-hfb-above-header-display":"","ast-hfb-below-header-display":"","ast-hfb-mobile-header-display":"","site-post-title":"","ast-breadcrumbs-content":"","ast-featured-img":"","footer-sml-layout":"","theme-transparent-header-meta":"","adv-header-id-meta":"","stick-header-meta":"","header-above-stick-meta":"","header-main-stick-meta":"","header-below-stick-meta":"","astra-migrate-meta-layouts":"default","ast-page-background-enabled":"default","ast-page-background-meta":{"desktop":{"background-color":"var(--ast-global-color-5)","background-image":"","background-repeat":"repeat","background-position":"center center","background-size":"auto","background-attachment":"scroll","background-type":"","background-media":"","overlay-type":"","overlay-color":"","overlay-opacity":"","overlay-gradient":""},"tablet":{"background-color":"","background-image":"","background-repeat":"repeat","background-position":"center center","background-size":"auto","background-attachment":"scroll","background-type":"","background-media":"","overlay-type":"","overlay-color":"","overlay-opacity":"","overlay-gradient":""},"mobile":{"background-color":"","background-image":"","background-repeat":"repeat","background-position":"center center","background-size":"auto","background-attachment":"scroll","background-type":"","background-media":"","overlay-type":"","overlay-color":"","overlay-opacity":"","overlay-gradient":""}},"ast-content-background-meta":{"desktop":{"background-color":"var(--ast-global-color-4)","background-image":"","background-repeat":"repeat","background-position":"center center","background-size":"auto","background-attachment":"scroll","background-type":"","background-media":"","overlay-type":"","overlay-color":"","overlay-opacity":"","overlay-gradient":""},"tablet":{"background-color":"var(--ast-global-color-4)","background-image":"","background-repeat":"repeat","background-position":"center center","background-size":"auto","background-attachment":"scroll","background-type":"","background-media":"","overlay-type":"","overlay-color":"","overlay-opacity":"","overlay-gradient":""},"mobile":{"background-color":"var(--ast-global-color-4)","background-image":"","background-repeat":"repeat","background-position":"center center","background-size":"auto","background-attachment":"scroll","background-type":"","background-media":"","overlay-type":"","overlay-color":"","overlay-opacity":"","overlay-gradient":""}},"footnotes":""},"categories":[],"tags":[],"class_list":["post-176355","page","type-page","status-publish","hentry"],"yoast_head":"<!-- This site is optimized with the Yoast SEO Premium plugin v27.4 (Yoast SEO v27.4) - https:\/\/yoast.com\/product\/yoast-seo-premium-wordpress\/ -->\n<title>December 2021 Business Spotlight - City of Miami Beach<\/title>\n<meta name=\"description\" content=\"%\" \/>\n<meta name=\"robots\" content=\"index, follow, max-snippet:-1, max-image-preview:large, max-video-preview:-1\" \/>\n<link rel=\"canonical\" href=\"https:\/\/www.miamibeachfl.gov\/fr\/spotlight\/december-2021-business-spotlight-2\/\" \/>\n<meta property=\"og:locale\" content=\"fr_FR\" \/>\n<meta property=\"og:type\" content=\"article\" \/>\n<meta property=\"og:title\" content=\"December 2021 Business Spotlight\" \/>\n<meta property=\"og:description\" content=\"%\" \/>\n<meta property=\"og:url\" content=\"https:\/\/www.miamibeachfl.gov\/fr\/spotlight\/december-2021-business-spotlight-2\/\" \/>\n<meta property=\"og:site_name\" content=\"City of Miami Beach\" \/>\n<meta property=\"article:publisher\" content=\"https:\/\/www.facebook.com\/cityofmiamibeach\" \/>\n<meta property=\"article:modified_time\" content=\"2025-06-03T01:53:30+00:00\" \/>\n<meta property=\"og:image\" content=\"http:\/\/www.miamibeachfl.gov\/wp-content\/uploads\/2021\/12\/1.jpg\" \/>\n<meta name=\"twitter:card\" content=\"summary_large_image\" \/>\n<meta name=\"twitter:site\" content=\"@Miamibeachnews\" \/>\n<script type=\"application\/ld+json\" class=\"yoast-schema-graph\">{\"@context\":\"https:\\\/\\\/schema.org\",\"@graph\":[{\"@type\":\"WebPage\",\"@id\":\"https:\\\/\\\/www.miamibeachfl.gov\\\/spotlight\\\/december-2021-business-spotlight-2\\\/\",\"url\":\"https:\\\/\\\/www.miamibeachfl.gov\\\/spotlight\\\/december-2021-business-spotlight-2\\\/\",\"name\":\"December 2021 Business Spotlight - City of Miami Beach\",\"isPartOf\":{\"@id\":\"https:\\\/\\\/www.miamibeachfl.gov\\\/#website\"},\"primaryImageOfPage\":{\"@id\":\"https:\\\/\\\/www.miamibeachfl.gov\\\/spotlight\\\/december-2021-business-spotlight-2\\\/#primaryimage\"},\"image\":{\"@id\":\"https:\\\/\\\/www.miamibeachfl.gov\\\/spotlight\\\/december-2021-business-spotlight-2\\\/#primaryimage\"},\"thumbnailUrl\":\"http:\\\/\\\/www.miamibeachfl.gov\\\/wp-content\\\/uploads\\\/2021\\\/12\\\/1.jpg\",\"datePublished\":\"2021-12-17T20:00:23+00:00\",\"dateModified\":\"2025-06-03T01:53:30+00:00\",\"description\":\"%\",\"breadcrumb\":{\"@id\":\"https:\\\/\\\/www.miamibeachfl.gov\\\/spotlight\\\/december-2021-business-spotlight-2\\\/#breadcrumb\"},\"inLanguage\":\"fr-FR\",\"potentialAction\":[{\"@type\":\"ReadAction\",\"target\":[\"https:\\\/\\\/www.miamibeachfl.gov\\\/spotlight\\\/december-2021-business-spotlight-2\\\/\"]}]},{\"@type\":\"ImageObject\",\"inLanguage\":\"fr-FR\",\"@id\":\"https:\\\/\\\/www.miamibeachfl.gov\\\/spotlight\\\/december-2021-business-spotlight-2\\\/#primaryimage\",\"url\":\"http:\\\/\\\/www.miamibeachfl.gov\\\/wp-content\\\/uploads\\\/2021\\\/12\\\/1.jpg\",\"contentUrl\":\"http:\\\/\\\/www.miamibeachfl.gov\\\/wp-content\\\/uploads\\\/2021\\\/12\\\/1.jpg\"},{\"@type\":\"BreadcrumbList\",\"@id\":\"https:\\\/\\\/www.miamibeachfl.gov\\\/spotlight\\\/december-2021-business-spotlight-2\\\/#breadcrumb\",\"itemListElement\":[{\"@type\":\"ListItem\",\"position\":1,\"name\":\"Home\",\"item\":\"https:\\\/\\\/www.miamibeachfl.gov\\\/\"},{\"@type\":\"ListItem\",\"position\":2,\"name\":\"Business Newsletters and Spotlights\",\"item\":\"https:\\\/\\\/www.miamibeachfl.gov\\\/spotlight\\\/\"},{\"@type\":\"ListItem\",\"position\":3,\"name\":\"December 2021 Business Spotlight\"}]},{\"@type\":\"WebSite\",\"@id\":\"https:\\\/\\\/www.miamibeachfl.gov\\\/#website\",\"url\":\"https:\\\/\\\/www.miamibeachfl.gov\\\/\",\"name\":\"City of Miami Beach\",\"description\":\"The official website of the City of Miami Beach. Stay informed, find important information on city services, news, alerts, events, trolley routes, government employment and more.\",\"publisher\":{\"@id\":\"https:\\\/\\\/www.miamibeachfl.gov\\\/#organization\"},\"potentialAction\":[{\"@type\":\"SearchAction\",\"target\":{\"@type\":\"EntryPoint\",\"urlTemplate\":\"https:\\\/\\\/www.miamibeachfl.gov\\\/?s={search_term_string}\"},\"query-input\":{\"@type\":\"PropertyValueSpecification\",\"valueRequired\":true,\"valueName\":\"search_term_string\"}}],\"inLanguage\":\"fr-FR\"},{\"@type\":\"Organization\",\"@id\":\"https:\\\/\\\/www.miamibeachfl.gov\\\/#organization\",\"name\":\"City of Miami Beach\",\"url\":\"https:\\\/\\\/www.miamibeachfl.gov\\\/\",\"logo\":{\"@type\":\"ImageObject\",\"inLanguage\":\"fr-FR\",\"@id\":\"https:\\\/\\\/www.miamibeachfl.gov\\\/#\\\/schema\\\/logo\\\/image\\\/\",\"url\":\"https:\\\/\\\/www.miamibeachfl.gov\\\/wp-content\\\/uploads\\\/2022\\\/06\\\/miamibeach-logoblue.png\",\"contentUrl\":\"https:\\\/\\\/www.miamibeachfl.gov\\\/wp-content\\\/uploads\\\/2022\\\/06\\\/miamibeach-logoblue.png\",\"width\":1962,\"height\":381,\"caption\":\"City of Miami Beach\"},\"image\":{\"@id\":\"https:\\\/\\\/www.miamibeachfl.gov\\\/#\\\/schema\\\/logo\\\/image\\\/\"},\"sameAs\":[\"https:\\\/\\\/www.facebook.com\\\/cityofmiamibeach\",\"https:\\\/\\\/x.com\\\/Miamibeachnews\",\"https:\\\/\\\/www.instagram.com\\\/miamibeachnews\\\/\"],\"description\":\"The official website of the City of Miami Beach. Stay informed, find important information on city services, news, alerts, events, trolley routes, government employment and more.\",\"telephone\":\"305.604.CITY(2489)\",\"legalName\":\"City of Miami Beach\"}]}<\/script>\n<!-- \/ Yoast SEO Premium plugin. -->","yoast_head_json":{"title":"Coup de projecteur sur les entreprises de d\u00e9cembre 2021\u00a0: Ville de Miami Beach","description":"%","robots":{"index":"index","follow":"follow","max-snippet":"max-snippet:-1","max-image-preview":"max-image-preview:large","max-video-preview":"max-video-preview:-1"},"canonical":"https:\/\/www.miamibeachfl.gov\/fr\/spotlight\/december-2021-business-spotlight-2\/","og_locale":"fr_FR","og_type":"article","og_title":"December 2021 Business Spotlight","og_description":"%","og_url":"https:\/\/www.miamibeachfl.gov\/fr\/spotlight\/december-2021-business-spotlight-2\/","og_site_name":"City of Miami Beach","article_publisher":"https:\/\/www.facebook.com\/cityofmiamibeach","article_modified_time":"2025-06-03T01:53:30+00:00","og_image":[{"url":"http:\/\/www.miamibeachfl.gov\/wp-content\/uploads\/2021\/12\/1.jpg","type":"","width":"","height":""}],"twitter_card":"summary_large_image","twitter_site":"@Miamibeachnews","schema":{"@context":"https:\/\/schema.org","@graph":[{"@type":"WebPage","@id":"https:\/\/www.miamibeachfl.gov\/spotlight\/december-2021-business-spotlight-2\/","url":"https:\/\/www.miamibeachfl.gov\/spotlight\/december-2021-business-spotlight-2\/","name":"Coup de projecteur sur les entreprises de d\u00e9cembre 2021\u00a0: Ville de Miami Beach","isPartOf":{"@id":"https:\/\/www.miamibeachfl.gov\/#website"},"primaryImageOfPage":{"@id":"https:\/\/www.miamibeachfl.gov\/spotlight\/december-2021-business-spotlight-2\/#primaryimage"},"image":{"@id":"https:\/\/www.miamibeachfl.gov\/spotlight\/december-2021-business-spotlight-2\/#primaryimage"},"thumbnailUrl":"http:\/\/www.miamibeachfl.gov\/wp-content\/uploads\/2021\/12\/1.jpg","datePublished":"2021-12-17T20:00:23+00:00","dateModified":"2025-06-03T01:53:30+00:00","description":"%","breadcrumb":{"@id":"https:\/\/www.miamibeachfl.gov\/spotlight\/december-2021-business-spotlight-2\/#breadcrumb"},"inLanguage":"fr-FR","potentialAction":[{"@type":"ReadAction","target":["https:\/\/www.miamibeachfl.gov\/spotlight\/december-2021-business-spotlight-2\/"]}]},{"@type":"ImageObject","inLanguage":"fr-FR","@id":"https:\/\/www.miamibeachfl.gov\/spotlight\/december-2021-business-spotlight-2\/#primaryimage","url":"http:\/\/www.miamibeachfl.gov\/wp-content\/uploads\/2021\/12\/1.jpg","contentUrl":"http:\/\/www.miamibeachfl.gov\/wp-content\/uploads\/2021\/12\/1.jpg"},{"@type":"BreadcrumbList","@id":"https:\/\/www.miamibeachfl.gov\/spotlight\/december-2021-business-spotlight-2\/#breadcrumb","itemListElement":[{"@type":"ListItem","position":1,"name":"Home","item":"https:\/\/www.miamibeachfl.gov\/"},{"@type":"ListItem","position":2,"name":"Business Newsletters and Spotlights","item":"https:\/\/www.miamibeachfl.gov\/spotlight\/"},{"@type":"ListItem","position":3,"name":"December 2021 Business Spotlight"}]},{"@type":"WebSite","@id":"https:\/\/www.miamibeachfl.gov\/#website","url":"https:\/\/www.miamibeachfl.gov\/","name":"Ville de Miami Beach","description":"Site officiel de la ville de Miami Beach. Restez inform\u00e9 et trouvez des informations importantes sur les services municipaux, les actualit\u00e9s, les alertes, les \u00e9v\u00e9nements, les itin\u00e9raires de tramway, les emplois gouvernementaux et bien plus encore.","publisher":{"@id":"https:\/\/www.miamibeachfl.gov\/#organization"},"potentialAction":[{"@type":"SearchAction","target":{"@type":"EntryPoint","urlTemplate":"https:\/\/www.miamibeachfl.gov\/?s={search_term_string}"},"query-input":{"@type":"PropertyValueSpecification","valueRequired":true,"valueName":"search_term_string"}}],"inLanguage":"fr-FR"},{"@type":"Organization","@id":"https:\/\/www.miamibeachfl.gov\/#organization","name":"Ville de Miami Beach","url":"https:\/\/www.miamibeachfl.gov\/","logo":{"@type":"ImageObject","inLanguage":"fr-FR","@id":"https:\/\/www.miamibeachfl.gov\/#\/schema\/logo\/image\/","url":"https:\/\/www.miamibeachfl.gov\/wp-content\/uploads\/2022\/06\/miamibeach-logoblue.png","contentUrl":"https:\/\/www.miamibeachfl.gov\/wp-content\/uploads\/2022\/06\/miamibeach-logoblue.png","width":1962,"height":381,"caption":"City of Miami Beach"},"image":{"@id":"https:\/\/www.miamibeachfl.gov\/#\/schema\/logo\/image\/"},"sameAs":["https:\/\/www.facebook.com\/cityofmiamibeach","https:\/\/x.com\/Miamibeachnews","https:\/\/www.instagram.com\/miamibeachnews\/"],"description":"Site officiel de la ville de Miami Beach. Restez inform\u00e9 et trouvez des informations importantes sur les services municipaux, les actualit\u00e9s, les alertes, les \u00e9v\u00e9nements, les itin\u00e9raires de tramway, les emplois gouvernementaux et bien plus encore.","telephone":"305.604.CITY(2489)","legalName":"City of Miami Beach"}]}},"_links":{"self":[{"href":"https:\/\/www.miamibeachfl.gov\/fr\/wp-json\/wp\/v2\/pages\/176355","targetHints":{"allow":["GET"]}}],"collection":[{"href":"https:\/\/www.miamibeachfl.gov\/fr\/wp-json\/wp\/v2\/pages"}],"about":[{"href":"https:\/\/www.miamibeachfl.gov\/fr\/wp-json\/wp\/v2\/types\/page"}],"author":[{"embeddable":true,"href":"https:\/\/www.miamibeachfl.gov\/fr\/wp-json\/wp\/v2\/users\/222"}],"replies":[{"embeddable":true,"href":"https:\/\/www.miamibeachfl.gov\/fr\/wp-json\/wp\/v2\/comments?post=176355"}],"version-history":[{"count":1,"href":"https:\/\/www.miamibeachfl.gov\/fr\/wp-json\/wp\/v2\/pages\/176355\/revisions"}],"predecessor-version":[{"id":375047,"href":"https:\/\/www.miamibeachfl.gov\/fr\/wp-json\/wp\/v2\/pages\/176355\/revisions\/375047"}],"up":[{"embeddable":true,"href":"https:\/\/www.miamibeachfl.gov\/fr\/wp-json\/wp\/v2\/pages\/253255"}],"wp:attachment":[{"href":"https:\/\/www.miamibeachfl.gov\/fr\/wp-json\/wp\/v2\/media?parent=176355"}],"wp:term":[{"taxonomy":"category","embeddable":true,"href":"https:\/\/www.miamibeachfl.gov\/fr\/wp-json\/wp\/v2\/categories?post=176355"},{"taxonomy":"post_tag","embeddable":true,"href":"https:\/\/www.miamibeachfl.gov\/fr\/wp-json\/wp\/v2\/tags?post=176355"}],"curies":[{"name":"wp","href":"https:\/\/api.w.org\/{rel}","templated":true}]}}