{"id":179616,"date":"2022-01-27T17:02:13","date_gmt":"2022-01-27T22:02:13","guid":{"rendered":"http:\/\/www.miamibeachfl.gov\/?page_id=179616"},"modified":"2026-01-28T16:31:03","modified_gmt":"2026-01-28T21:31:03","slug":"take-care-of-our-city","status":"publish","type":"page","link":"https:\/\/www.miamibeachfl.gov\/fr\/take-care-of-our-city\/","title":{"rendered":"Prenez soin de notre ville"},"content":{"rendered":"\n\n\t\t\t\t<img decoding=\"async\" src=\"http:\/\/www.miamibeachfl.gov\/wp-content\/uploads\/2022\/02\/Spring-Break-Leading-Image83.jpg\" alt=\"Take Care of Our City and It Will Take Care of You Banner\" itemprop=\"image\" title=\"Spring Break - Leading Image[83]\" onerror=\"this.style.display='none'\" loading=\"lazy\" \/>\n\t<p>We can&#8217;t wait for you to experience all that Miami Beach has to offer and learn how to do it safely! Whether you are visiting for your first time or your tenth, we have something for everyone.<\/p>\n<h2>\n\t\t\tCLICK BELOW FOR OUR TOP TIPS ON HOW TO ENJOY MIAMI BEACH SAFELY.\t<\/h2>\n\t\t\t\t<img decoding=\"async\" src=\"https:\/\/www.miamibeachfl.gov\/wp-content\/uploads\/2025\/02\/LincolnPoliceDog.jpg\" alt=\"Police Dog\"\/>\n\t\t\t<h3>CHECK OUT OUR SAFETY RULES<\/h3>\n\t\t\t\t<p><strong>LINCOLN<\/strong><br \/><b>MBPD THERAPY DOG<\/b>\u00a0<\/p>\n\t\t<a href=\"https:\/\/www.miamiandbeaches.com\/take-care-of-our-city\/k9-dog\" target=\"_blank\" rel=\"noopener\" aria-label=\"Go to https:\/\/www.miamiandbeaches.com\/take-care-of-our-city\/k9-dog\"><\/a>\n\t\t\t\t<img decoding=\"async\" src=\"https:\/\/www.miamibeachfl.gov\/wp-content\/uploads\/2025\/02\/TeeTee-Terry-Social-Media-1080x1080-3.jpg\" alt=\"TeeTee Terry- Social Media 1080x1080 3\"\/>\n\t\t\t<h3>CHECK OUT OUR ART &#038; MORE<\/h3>\n\t\t\t\t<p><b>TWANISHA &#8220;TEETEE&#8221; TERRY<br \/>OLYMPIC GOLD MEDALIST<\/b><br \/>\u00a0<\/p>\n\t\t<a href=\"https:\/\/www.miamiandbeaches.com\/take-care-of-our-city\/twanisha-terry\" target=\"_blank\" rel=\"noopener\" aria-label=\"Go to https:\/\/www.miamiandbeaches.com\/take-care-of-our-city\/twanisha-terry\"><\/a>\n\t\t\t\t<img decoding=\"async\" src=\"https:\/\/www.miamibeachfl.gov\/wp-content\/uploads\/2025\/02\/Kayla-1080x1080-1.jpg\" alt=\"Kayla 1080x1080\"\/>\n\t\t\t<h3>CHECK OUT MY FAVORITE SPOTS<\/h3>\n\t\t\t\t<p><b>KAYLA JOSEPH<br \/>MIAMI BEACH STUDENT<\/b>\u00a0\u00a0<\/p>\n\t\t<a href=\"https:\/\/www.miamiandbeaches.com\/take-care-of-our-city\/kayla-joseph\" target=\"_blank\" rel=\"noopener\" aria-label=\"Go to https:\/\/www.miamiandbeaches.com\/take-care-of-our-city\/kayla-joseph\"><\/a>\n\t\t\t\t<img decoding=\"async\" src=\"https:\/\/www.miamibeachfl.gov\/wp-content\/uploads\/2023\/02\/michaelschwartz.jpg\" alt=\"Michael Schwartz\"\/>\n\t\t\t<h3>CHECK OUT MY FAVORITE SPOTS<\/h3>\n\t\t\t\t<p><b>MICHAEL SCHWARTZ<\/b><br \/>\u00a0<\/p>\n\t\t<a href=\"http:\/\/www.miamiandbeaches.com\/take-care-of-our-city\/michael-schwartz\" target=\"_blank\" rel=\"noopener\" aria-label=\"Go to http:\/\/www.miamiandbeaches.com\/take-care-of-our-city\/michael-schwartz\"><\/a>\n\t\t\t\t<img decoding=\"async\" src=\"https:\/\/www.miamibeachfl.gov\/wp-content\/uploads\/2023\/02\/djirie.jpg\" alt=\"DJ Irie\"\/>\n\t\t\t<h3>CHECK OUT MY FAVORITE SPOTS<\/h3>\n\t\t\t\t<p><b>DJ IRIE<\/b><br \/>\u00a0<\/p>\n\t\t<a href=\"http:\/\/www.miamiandbeaches.com\/take-care-of-our-city\/dj-irie\" target=\"_blank\" rel=\"noopener\" aria-label=\"Go to http:\/\/www.miamiandbeaches.com\/take-care-of-our-city\/dj-irie\"><\/a>\n\t\t\t\t<img decoding=\"async\" src=\"https:\/\/www.miamibeachfl.gov\/wp-content\/uploads\/2025\/02\/CaroTourGuide-Social-Media-1080x10802-1.jpg\" alt=\"CaroTourGuide- Social Media 1080x10802\"\/>\n\t\t\t<h3>CHECK OUT MY FAVORITE SPOTS<\/h3>\n\t\t\t\t<p><b>CARO THE TOUR GUIDE<\/b><br \/>\u00a0<\/p>\n\t\t<a href=\"https:\/\/www.miamiandbeaches.com\/take-care-of-our-city\/caro-the-tour-guide\" target=\"_blank\" rel=\"noopener\" aria-label=\"Go to https:\/\/www.miamiandbeaches.com\/take-care-of-our-city\/caro-the-tour-guide\"><\/a>\n<h3  id=\"locallaws\">\n\t\t\tSEE SOMETHING, SAY SOMETHING!\t<\/h3>\n\t<p>As we come together to honor and remember, your safety is our top priority. If you\u00a0<strong>see something<\/strong>\u00a0that doesn&#8217;t look right,\u00a0<strong>say something.\u00a0<\/strong><\/p>\n<p>Alert the nearest police officer or call 911 in case of an emergency. Your vigilance helps keep everyone safe.<\/p>\n<h2  id=\"locallaws\">\n\t\t\tLOCAL LAWS &#038; REGULATIONS\t<\/h2>\n\t\t\t\t<img decoding=\"async\" src=\"https:\/\/www.miamibeachfl.gov\/wp-content\/uploads\/2022\/02\/tcoc-122x300.jpg\" alt=\"tcoc\" itemprop=\"image\" height=\"300\" width=\"122\" title=\"tcoc\" onerror=\"this.style.display='none'\" loading=\"lazy\" \/>\n<h3>\n\t\t\tLOCAL LAWS &#038; REGULATIONS\t<\/h3>\n\t<p>The following is illegal:<\/p>\n<ul>\n<li>Consumption of alcohol in public.<\/li>\n<li>Smoking on beaches or in parks.<\/li>\n<li>Narcotics and marijuana.<\/li>\n<li>Driving under the influence.<\/li>\n<li>Driving a scooter or vehicle irresponsibly.<\/li>\n<li>Violence of any kind.<\/li>\n<\/ul>\n<h3>\n\t\t\tPROHIBITED ON THE BEACH:\t<\/h3>\n\t<ul>\n<li>Cigarettes.<\/li>\n<li>Coolers, inflatable devices, tents or tables.<\/li>\n<li>Loud music.<\/li>\n<li>Glass containers.<\/li>\n<li>Styrofoam, plastic straws and balloons.<\/li>\n<\/ul>\n\n\t\t\t\t<img decoding=\"async\" src=\"https:\/\/www.miamibeachfl.gov\/wp-content\/uploads\/2023\/01\/Nofilter-takecareofourcity.jpg\" alt=\"#Nofilter\" itemprop=\"image\" height=\"400\" width=\"400\" title=\"Nofilter-takecareofourcity\" onerror=\"this.style.display='none'\" loading=\"lazy\" \/>\n\t<p>Cigarette smoking and other tobacco products are banned from public beaches and parks as per Ordinance 2022-4509. Fines range from $100 &#8211; $500 or up to 60 days in jail.<\/p>\n<p>Up to 98% of cigarette filters are made of plastic fibers, which leads to an estimated 1.69 billion pounds of trash each year and each butt can take up to 10 years to disintegrate.<\/p>\n<p>Let&#8217;s all do our part and keep our beautiful beaches clean!<\/p>\n\t\t\t\t\t<img decoding=\"async\" src=\"https:\/\/i.ytimg.com\/vi\/MaTv_Ms-oeU\/hqdefault.jpg\" alt=\"youtube-video-thumbnail\"\/>\n\t\t<h2>\n\t\t\tMORE THINGS TO DO IN MIAMI BEACH\t<\/h2>\n\t\t\t\t\t\t\t\t<a href=\"http:\/\/www.miamiandbeaches.com\/things-to-do\/restaurants\/south-beach-restaurants\" target=\"_self\">\n\t\t\t\t\t\t<\/a>\n\t<h3><a href=\"http:\/\/www.miamiandbeaches.com\/things-to-do\/restaurants\/south-beach-restaurants\"  target=\"_self\">RESTAURANTS<\/a><\/h3><p>The best eats in Miami Beach<\/p>\n\t\t\t<a href=\"http:\/\/www.miamiandbeaches.com\/things-to-do\/restaurants\/south-beach-restaurants\" target=\"_self\">\n\t\t\t\t\t\t\tEAT\n\t\t\t\t\t<\/a>\n\t\t\t\t\t\t\t\t<a href=\"http:\/\/www.miamiandbeaches.com\/things-to-do\/beaches\/south-beach-beaches\" target=\"_self\">\n\t\t\t\t\t\t<\/a>\n\t<h3><a href=\"http:\/\/www.miamiandbeaches.com\/things-to-do\/beaches\/south-beach-beaches\"  target=\"_self\">BEACHES<\/a><\/h3><p>Best places to get some sun<\/p>\n\t\t\t<a href=\"http:\/\/www.miamiandbeaches.com\/things-to-do\/beaches\/south-beach-beaches\" target=\"_self\">\n\t\t\t\t\t\t\tSWIM\n\t\t\t\t\t<\/a>\n\t\t\t\t\t\t\t\t<a href=\"http:\/\/www.miamiandbeaches.com\/search\/?filter=hotels&#038;regionsIds=33&#038;orderBy=Random\" target=\"_self\">\n\t\t\t\t\t\t<\/a>\n\t<h3><a href=\"http:\/\/www.miamiandbeaches.com\/search\/?filter=hotels&#038;regionsIds=33&#038;orderBy=Random\"  target=\"_self\">HOTELS<\/a><\/h3><p>Find your home away from home<\/p>\n\t\t\t<a href=\"http:\/\/www.miamiandbeaches.com\/search\/?filter=hotels&#038;regionsIds=33&#038;orderBy=Random\" target=\"_self\">\n\t\t\t\t\t\t\tSTAY\n\t\t\t\t\t<\/a>\n\t\t\t\t\t\t\t\t<a href=\"http:\/\/www.miamiandbeaches.com\/things-to-do\/art-and-culture\/art-culture-on-miami-beach\" target=\"_self\">\n\t\t\t\t\t\t<\/a>\n\t<h3><a href=\"http:\/\/www.miamiandbeaches.com\/things-to-do\/art-and-culture\/art-culture-on-miami-beach\"  target=\"_self\">ART &#038; CULTURE<\/a><\/h3><p>Public Art, Museums &amp; Music<\/p>\n\t\t\t<a href=\"http:\/\/www.miamiandbeaches.com\/things-to-do\/art-and-culture\/art-culture-on-miami-beach\" target=\"_self\">\n\t\t\t\t\t\t\tEXPLORE\n\t\t\t\t\t<\/a>\n\t\t\t\t\t\t\t\t<a href=\"http:\/\/www.miamibeachfl.gov\/city-hall\/parks-and-recreation\/\" target=\"_self\">\n\t\t\t\t\t\t<\/a>\n\t<h3><a href=\"http:\/\/www.miamibeachfl.gov\/city-hall\/parks-and-recreation\/\"  target=\"_self\">FAMILY FUN<\/a><\/h3><p>Parks, Skating and Classes<\/p>\n\t\t\t<a href=\"http:\/\/www.miamibeachfl.gov\/city-hall\/parks-and-recreation\/\" target=\"_self\">\n\t\t\t\t\t\t\tPLAY\n\t\t\t\t\t<\/a>\n\n","protected":false},"excerpt":{"rendered":"<p>We can&#8217;t wait for you to experience all that Miami Beach has to offer and learn how to do it [&hellip;]<\/p>\n","protected":false},"author":222,"featured_media":0,"parent":0,"menu_order":83,"comment_status":"closed","ping_status":"closed","template":"","meta":{"_searchwp_excluded":"","site-sidebar-layout":"default","site-content-layout":"","ast-site-content-layout":"default","site-content-style":"default","site-sidebar-style":"default","ast-global-header-display":"","ast-banner-title-visibility":"","ast-main-header-display":"","ast-hfb-above-header-display":"","ast-hfb-below-header-display":"","ast-hfb-mobile-header-display":"","site-post-title":"","ast-breadcrumbs-content":"","ast-featured-img":"","footer-sml-layout":"","theme-transparent-header-meta":"","adv-header-id-meta":"","stick-header-meta":"","header-above-stick-meta":"","header-main-stick-meta":"","header-below-stick-meta":"","astra-migrate-meta-layouts":"default","ast-page-background-enabled":"default","ast-page-background-meta":{"desktop":{"background-color":"var(--ast-global-color-5)","background-image":"","background-repeat":"repeat","background-position":"center center","background-size":"auto","background-attachment":"scroll","background-type":"","background-media":"","overlay-type":"","overlay-color":"","overlay-opacity":"","overlay-gradient":""},"tablet":{"background-color":"","background-image":"","background-repeat":"repeat","background-position":"center center","background-size":"auto","background-attachment":"scroll","background-type":"","background-media":"","overlay-type":"","overlay-color":"","overlay-opacity":"","overlay-gradient":""},"mobile":{"background-color":"","background-image":"","background-repeat":"repeat","background-position":"center center","background-size":"auto","background-attachment":"scroll","background-type":"","background-media":"","overlay-type":"","overlay-color":"","overlay-opacity":"","overlay-gradient":""}},"ast-content-background-meta":{"desktop":{"background-color":"var(--ast-global-color-4)","background-image":"","background-repeat":"repeat","background-position":"center center","background-size":"auto","background-attachment":"scroll","background-type":"","background-media":"","overlay-type":"","overlay-color":"","overlay-opacity":"","overlay-gradient":""},"tablet":{"background-color":"var(--ast-global-color-4)","background-image":"","background-repeat":"repeat","background-position":"center center","background-size":"auto","background-attachment":"scroll","background-type":"","background-media":"","overlay-type":"","overlay-color":"","overlay-opacity":"","overlay-gradient":""},"mobile":{"background-color":"var(--ast-global-color-4)","background-image":"","background-repeat":"repeat","background-position":"center center","background-size":"auto","background-attachment":"scroll","background-type":"","background-media":"","overlay-type":"","overlay-color":"","overlay-opacity":"","overlay-gradient":""}},"footnotes":""},"categories":[],"tags":[],"class_list":["post-179616","page","type-page","status-publish","hentry"],"yoast_head":"<!-- This site is optimized with the Yoast SEO Premium plugin v27.4 (Yoast SEO v27.4) - https:\/\/yoast.com\/product\/yoast-seo-premium-wordpress\/ -->\n<title>Take Care of Our City - City of Miami Beach<\/title>\n<meta name=\"description\" content=\"We can&#039;t wait for you to experience all that Miami Beach has to offer, and learn how to do it safely! Take Care of Our City.\" \/>\n<meta name=\"robots\" content=\"index, follow, max-snippet:-1, max-image-preview:large, max-video-preview:-1\" \/>\n<link rel=\"canonical\" href=\"https:\/\/www.miamibeachfl.gov\/fr\/take-care-of-our-city\/\" \/>\n<meta property=\"og:locale\" content=\"fr_FR\" \/>\n<meta property=\"og:type\" content=\"article\" \/>\n<meta property=\"og:title\" content=\"Take Care of Our City\" \/>\n<meta property=\"og:description\" content=\"We can&#039;t wait for you to experience all that Miami Beach has to offer, and learn how to do it safely! Take Care of Our City.\" \/>\n<meta property=\"og:url\" content=\"https:\/\/www.miamibeachfl.gov\/fr\/take-care-of-our-city\/\" \/>\n<meta property=\"og:site_name\" content=\"City of Miami Beach\" \/>\n<meta property=\"article:publisher\" content=\"https:\/\/www.facebook.com\/cityofmiamibeach\" \/>\n<meta property=\"article:modified_time\" content=\"2026-01-28T21:31:03+00:00\" \/>\n<meta property=\"og:image\" content=\"http:\/\/www.miamibeachfl.gov\/wp-content\/uploads\/2022\/02\/Spring-Break-Leading-Image83.jpg\" \/>\n<meta name=\"twitter:card\" content=\"summary_large_image\" \/>\n<meta name=\"twitter:site\" content=\"@Miamibeachnews\" \/>\n<script type=\"application\/ld+json\" class=\"yoast-schema-graph\">{\"@context\":\"https:\\\/\\\/schema.org\",\"@graph\":[{\"@type\":\"WebPage\",\"@id\":\"https:\\\/\\\/www.miamibeachfl.gov\\\/take-care-of-our-city\\\/\",\"url\":\"https:\\\/\\\/www.miamibeachfl.gov\\\/take-care-of-our-city\\\/\",\"name\":\"Take Care of Our City - City of Miami Beach\",\"isPartOf\":{\"@id\":\"https:\\\/\\\/www.miamibeachfl.gov\\\/#website\"},\"primaryImageOfPage\":{\"@id\":\"https:\\\/\\\/www.miamibeachfl.gov\\\/take-care-of-our-city\\\/#primaryimage\"},\"image\":{\"@id\":\"https:\\\/\\\/www.miamibeachfl.gov\\\/take-care-of-our-city\\\/#primaryimage\"},\"thumbnailUrl\":\"http:\\\/\\\/www.miamibeachfl.gov\\\/wp-content\\\/uploads\\\/2022\\\/02\\\/Spring-Break-Leading-Image83.jpg\",\"datePublished\":\"2022-01-27T22:02:13+00:00\",\"dateModified\":\"2026-01-28T21:31:03+00:00\",\"description\":\"We can't wait for you to experience all that Miami Beach has to offer, and learn how to do it safely! Take Care of Our City.\",\"breadcrumb\":{\"@id\":\"https:\\\/\\\/www.miamibeachfl.gov\\\/take-care-of-our-city\\\/#breadcrumb\"},\"inLanguage\":\"fr-FR\",\"potentialAction\":[{\"@type\":\"ReadAction\",\"target\":[\"https:\\\/\\\/www.miamibeachfl.gov\\\/take-care-of-our-city\\\/\"]}]},{\"@type\":\"ImageObject\",\"inLanguage\":\"fr-FR\",\"@id\":\"https:\\\/\\\/www.miamibeachfl.gov\\\/take-care-of-our-city\\\/#primaryimage\",\"url\":\"http:\\\/\\\/www.miamibeachfl.gov\\\/wp-content\\\/uploads\\\/2022\\\/02\\\/Spring-Break-Leading-Image83.jpg\",\"contentUrl\":\"http:\\\/\\\/www.miamibeachfl.gov\\\/wp-content\\\/uploads\\\/2022\\\/02\\\/Spring-Break-Leading-Image83.jpg\"},{\"@type\":\"BreadcrumbList\",\"@id\":\"https:\\\/\\\/www.miamibeachfl.gov\\\/take-care-of-our-city\\\/#breadcrumb\",\"itemListElement\":[{\"@type\":\"ListItem\",\"position\":1,\"name\":\"Home\",\"item\":\"https:\\\/\\\/www.miamibeachfl.gov\\\/\"},{\"@type\":\"ListItem\",\"position\":2,\"name\":\"Take Care of Our City\"}]},{\"@type\":\"WebSite\",\"@id\":\"https:\\\/\\\/www.miamibeachfl.gov\\\/#website\",\"url\":\"https:\\\/\\\/www.miamibeachfl.gov\\\/\",\"name\":\"City of Miami Beach\",\"description\":\"The official website of the City of Miami Beach. Stay informed, find important information on city services, news, alerts, events, trolley routes, government employment and more.\",\"publisher\":{\"@id\":\"https:\\\/\\\/www.miamibeachfl.gov\\\/#organization\"},\"potentialAction\":[{\"@type\":\"SearchAction\",\"target\":{\"@type\":\"EntryPoint\",\"urlTemplate\":\"https:\\\/\\\/www.miamibeachfl.gov\\\/?s={search_term_string}\"},\"query-input\":{\"@type\":\"PropertyValueSpecification\",\"valueRequired\":true,\"valueName\":\"search_term_string\"}}],\"inLanguage\":\"fr-FR\"},{\"@type\":\"Organization\",\"@id\":\"https:\\\/\\\/www.miamibeachfl.gov\\\/#organization\",\"name\":\"City of Miami Beach\",\"url\":\"https:\\\/\\\/www.miamibeachfl.gov\\\/\",\"logo\":{\"@type\":\"ImageObject\",\"inLanguage\":\"fr-FR\",\"@id\":\"https:\\\/\\\/www.miamibeachfl.gov\\\/#\\\/schema\\\/logo\\\/image\\\/\",\"url\":\"https:\\\/\\\/www.miamibeachfl.gov\\\/wp-content\\\/uploads\\\/2022\\\/06\\\/miamibeach-logoblue.png\",\"contentUrl\":\"https:\\\/\\\/www.miamibeachfl.gov\\\/wp-content\\\/uploads\\\/2022\\\/06\\\/miamibeach-logoblue.png\",\"width\":1962,\"height\":381,\"caption\":\"City of Miami Beach\"},\"image\":{\"@id\":\"https:\\\/\\\/www.miamibeachfl.gov\\\/#\\\/schema\\\/logo\\\/image\\\/\"},\"sameAs\":[\"https:\\\/\\\/www.facebook.com\\\/cityofmiamibeach\",\"https:\\\/\\\/x.com\\\/Miamibeachnews\",\"https:\\\/\\\/www.instagram.com\\\/miamibeachnews\\\/\"],\"description\":\"The official website of the City of Miami Beach. Stay informed, find important information on city services, news, alerts, events, trolley routes, government employment and more.\",\"telephone\":\"305.604.CITY(2489)\",\"legalName\":\"City of Miami Beach\"}]}<\/script>\n<!-- \/ Yoast SEO Premium plugin. -->","yoast_head_json":{"title":"Prenez soin de notre ville \u2013 Ville de Miami Beach","description":"Nous avons h\u00e2te de vous faire d\u00e9couvrir tout ce que Miami Beach a \u00e0 offrir et d&#039;apprendre \u00e0 le faire en toute s\u00e9curit\u00e9\u00a0! Prenez soin de notre ville.","robots":{"index":"index","follow":"follow","max-snippet":"max-snippet:-1","max-image-preview":"max-image-preview:large","max-video-preview":"max-video-preview:-1"},"canonical":"https:\/\/www.miamibeachfl.gov\/fr\/take-care-of-our-city\/","og_locale":"fr_FR","og_type":"article","og_title":"Take Care of Our City","og_description":"We can't wait for you to experience all that Miami Beach has to offer, and learn how to do it safely! Take Care of Our City.","og_url":"https:\/\/www.miamibeachfl.gov\/fr\/take-care-of-our-city\/","og_site_name":"City of Miami Beach","article_publisher":"https:\/\/www.facebook.com\/cityofmiamibeach","article_modified_time":"2026-01-28T21:31:03+00:00","og_image":[{"url":"http:\/\/www.miamibeachfl.gov\/wp-content\/uploads\/2022\/02\/Spring-Break-Leading-Image83.jpg","type":"","width":"","height":""}],"twitter_card":"summary_large_image","twitter_site":"@Miamibeachnews","schema":{"@context":"https:\/\/schema.org","@graph":[{"@type":"WebPage","@id":"https:\/\/www.miamibeachfl.gov\/take-care-of-our-city\/","url":"https:\/\/www.miamibeachfl.gov\/take-care-of-our-city\/","name":"Prenez soin de notre ville \u2013 Ville de Miami Beach","isPartOf":{"@id":"https:\/\/www.miamibeachfl.gov\/#website"},"primaryImageOfPage":{"@id":"https:\/\/www.miamibeachfl.gov\/take-care-of-our-city\/#primaryimage"},"image":{"@id":"https:\/\/www.miamibeachfl.gov\/take-care-of-our-city\/#primaryimage"},"thumbnailUrl":"http:\/\/www.miamibeachfl.gov\/wp-content\/uploads\/2022\/02\/Spring-Break-Leading-Image83.jpg","datePublished":"2022-01-27T22:02:13+00:00","dateModified":"2026-01-28T21:31:03+00:00","description":"Nous avons h\u00e2te de vous faire d\u00e9couvrir tout ce que Miami Beach a \u00e0 offrir et d&#039;apprendre \u00e0 le faire en toute s\u00e9curit\u00e9\u00a0! Prenez soin de notre ville.","breadcrumb":{"@id":"https:\/\/www.miamibeachfl.gov\/take-care-of-our-city\/#breadcrumb"},"inLanguage":"fr-FR","potentialAction":[{"@type":"ReadAction","target":["https:\/\/www.miamibeachfl.gov\/take-care-of-our-city\/"]}]},{"@type":"ImageObject","inLanguage":"fr-FR","@id":"https:\/\/www.miamibeachfl.gov\/take-care-of-our-city\/#primaryimage","url":"http:\/\/www.miamibeachfl.gov\/wp-content\/uploads\/2022\/02\/Spring-Break-Leading-Image83.jpg","contentUrl":"http:\/\/www.miamibeachfl.gov\/wp-content\/uploads\/2022\/02\/Spring-Break-Leading-Image83.jpg"},{"@type":"BreadcrumbList","@id":"https:\/\/www.miamibeachfl.gov\/take-care-of-our-city\/#breadcrumb","itemListElement":[{"@type":"ListItem","position":1,"name":"Home","item":"https:\/\/www.miamibeachfl.gov\/"},{"@type":"ListItem","position":2,"name":"Take Care of Our City"}]},{"@type":"WebSite","@id":"https:\/\/www.miamibeachfl.gov\/#website","url":"https:\/\/www.miamibeachfl.gov\/","name":"Ville de Miami Beach","description":"Site officiel de la ville de Miami Beach. Restez inform\u00e9 et trouvez des informations importantes sur les services municipaux, les actualit\u00e9s, les alertes, les \u00e9v\u00e9nements, les itin\u00e9raires de tramway, les emplois gouvernementaux et bien plus encore.","publisher":{"@id":"https:\/\/www.miamibeachfl.gov\/#organization"},"potentialAction":[{"@type":"SearchAction","target":{"@type":"EntryPoint","urlTemplate":"https:\/\/www.miamibeachfl.gov\/?s={search_term_string}"},"query-input":{"@type":"PropertyValueSpecification","valueRequired":true,"valueName":"search_term_string"}}],"inLanguage":"fr-FR"},{"@type":"Organization","@id":"https:\/\/www.miamibeachfl.gov\/#organization","name":"Ville de Miami Beach","url":"https:\/\/www.miamibeachfl.gov\/","logo":{"@type":"ImageObject","inLanguage":"fr-FR","@id":"https:\/\/www.miamibeachfl.gov\/#\/schema\/logo\/image\/","url":"https:\/\/www.miamibeachfl.gov\/wp-content\/uploads\/2022\/06\/miamibeach-logoblue.png","contentUrl":"https:\/\/www.miamibeachfl.gov\/wp-content\/uploads\/2022\/06\/miamibeach-logoblue.png","width":1962,"height":381,"caption":"City of Miami Beach"},"image":{"@id":"https:\/\/www.miamibeachfl.gov\/#\/schema\/logo\/image\/"},"sameAs":["https:\/\/www.facebook.com\/cityofmiamibeach","https:\/\/x.com\/Miamibeachnews","https:\/\/www.instagram.com\/miamibeachnews\/"],"description":"Site officiel de la ville de Miami Beach. Restez inform\u00e9 et trouvez des informations importantes sur les services municipaux, les actualit\u00e9s, les alertes, les \u00e9v\u00e9nements, les itin\u00e9raires de tramway, les emplois gouvernementaux et bien plus encore.","telephone":"305.604.CITY(2489)","legalName":"City of Miami Beach"}]}},"_links":{"self":[{"href":"https:\/\/www.miamibeachfl.gov\/fr\/wp-json\/wp\/v2\/pages\/179616","targetHints":{"allow":["GET"]}}],"collection":[{"href":"https:\/\/www.miamibeachfl.gov\/fr\/wp-json\/wp\/v2\/pages"}],"about":[{"href":"https:\/\/www.miamibeachfl.gov\/fr\/wp-json\/wp\/v2\/types\/page"}],"author":[{"embeddable":true,"href":"https:\/\/www.miamibeachfl.gov\/fr\/wp-json\/wp\/v2\/users\/222"}],"replies":[{"embeddable":true,"href":"https:\/\/www.miamibeachfl.gov\/fr\/wp-json\/wp\/v2\/comments?post=179616"}],"version-history":[{"count":4,"href":"https:\/\/www.miamibeachfl.gov\/fr\/wp-json\/wp\/v2\/pages\/179616\/revisions"}],"predecessor-version":[{"id":395718,"href":"https:\/\/www.miamibeachfl.gov\/fr\/wp-json\/wp\/v2\/pages\/179616\/revisions\/395718"}],"wp:attachment":[{"href":"https:\/\/www.miamibeachfl.gov\/fr\/wp-json\/wp\/v2\/media?parent=179616"}],"wp:term":[{"taxonomy":"category","embeddable":true,"href":"https:\/\/www.miamibeachfl.gov\/fr\/wp-json\/wp\/v2\/categories?post=179616"},{"taxonomy":"post_tag","embeddable":true,"href":"https:\/\/www.miamibeachfl.gov\/fr\/wp-json\/wp\/v2\/tags?post=179616"}],"curies":[{"name":"wp","href":"https:\/\/api.w.org\/{rel}","templated":true}]}}