{"id":179847,"date":"2022-01-31T13:20:51","date_gmt":"2022-01-31T18:20:51","guid":{"rendered":"http:\/\/www.miamibeachfl.gov\/?page_id=179847"},"modified":"2026-03-03T10:54:53","modified_gmt":"2026-03-03T15:54:53","slug":"2021-covid-19-invitations-to-quote-itq-archived","status":"publish","type":"page","link":"https:\/\/www.miamibeachfl.gov\/fr\/city-hall\/procurement\/bid-opportunities\/current-bid-opportunities\/2021-covid-19-invitations-to-quote-itq-archived\/","title":{"rendered":"INVITATIONS \u00c0 SOUMETTRE DES DEVIS (ITQ) COVID-19 2021 ARCHIV\u00c9ES"},"content":{"rendered":"<img decoding=\"async\" src=\"https:\/\/www.miamibeachfl.gov\/wp-content\/uploads\/2022\/07\/hero-small.jpg\" alt=\"ocean drive art deco buildings\" itemprop=\"image\" height=\"211\" width=\"2395\" title=\"petit h\u00e9ros\" onerror=\"this.style.display='none'\" loading=\"lazy\" \/>\n<h1>\n\t\t\tINVITATIONS \u00c0 SOUMETTRE DES DEVIS (ITQ) COVID-19 2021 ARCHIV\u00c9ES\t<\/h1>\n\t<nav id=\"breadcrumbs\" aria-label=\"Fil d&#039;Ariane\"><a href=\"https:\/\/www.miamibeachfl.gov\/fr\/\">Maison<\/a> &gt; <a href=\"https:\/\/www.miamibeachfl.gov\/fr\/city-hall\/\">l&#039;h\u00f4tel de ville<\/a> &gt; <a href=\"https:\/\/www.miamibeachfl.gov\/fr\/city-hall\/procurement\/\">Approvisionnement<\/a> &gt; <a href=\"https:\/\/www.miamibeachfl.gov\/fr\/city-hall\/procurement\/bid-opportunities\/\">Opportunit\u00e9s d&#039;appel d&#039;offres<\/a> &gt; <a href=\"https:\/\/www.miamibeachfl.gov\/fr\/city-hall\/procurement\/bid-opportunities\/current-bid-opportunities\/\">Offres d&#039;emploi actuelles<\/a> &gt; <strong>INVITATIONS \u00c0 SOUMETTRE DES DEVIS (ITQ) COVID-19 2021 ARCHIV\u00c9ES<\/strong><\/nav>\n\t<h3>INVITATIONS \u00c0 SOUMETTRE DES DEVIS (ITQ) COVID-19 2021 ARCHIV\u00c9ES<\/h3>\n<p>Vous trouverez ci-dessous les liens vers les prix re\u00e7us en r\u00e9ponse aux appels d&#039;offres (AO) lanc\u00e9s par la Ville pour les fournitures li\u00e9es \u00e0 la COVID-19. Les prix indiqu\u00e9s ne repr\u00e9sentent pas les achats finaux. Les achats finaux d\u00e9pendent de nombreux facteurs, notamment (mais sans s&#039;y limiter)\u00a0: la disponibilit\u00e9 et les d\u00e9lais de livraison des produits, leurs sp\u00e9cifications, les modalit\u00e9s de paiement et les co\u00fbts. La Ville se r\u00e9serve le droit d&#039;acheter toute fourniture li\u00e9e \u00e0 la COVID-19 conform\u00e9ment aux AO, aux contrats municipaux, aux contrats attribu\u00e9s par d&#039;autres organismes ou aux march\u00e9s publics. Pour toute question, veuillez contacter\u00a0<a href=\"mailto:VendorSupport@MiamiBeachFL.gov\">VendorSupport@miamibeachfl.gov<\/a>.<\/p>\n<ul>\n<li><a href=\"http:\/\/www.miamibeachfl.gov\/wp-content\/uploads\/2020\/12\/ITQ-2021-043-DF-for-Nitrile-Gloves.pdf\" target=\"_blank\" rel=\"noopener noreferrer\">ITQ 2021-043-DF \u2013 Gel d\u00e9sinfectant pour les mains<\/a><\/li>\n<li><a href=\"http:\/\/www.miamibeachfl.gov\/wp-content\/uploads\/2021\/01\/ITQ-2021-061-DF-For-Purchase-of-Disposable-Gloves.pdf\" target=\"_blank\" rel=\"noopener noreferrer\">QIT 2021-061-DF \u2013 Achat de gants jetables (assortiment)<\/a><\/li>\n<li><a href=\"http:\/\/www.miamibeachfl.gov\/wp-content\/uploads\/2021\/02\/ITQ-2021-116-DF-For-Gel-Hand-Sanitizer-1.pdf\" target=\"_blank\" rel=\"noopener noreferrer\">QIT 2021-116-DF \u2013 Gel d\u00e9sinfectant pour les mains<\/a><\/li>\n<li><a href=\"http:\/\/www.miamibeachfl.gov\/wp-content\/uploads\/2021\/02\/2021-117-DF-Tab.pdf\" target=\"_blank\" rel=\"noopener noreferrer\">ITQ 2021-117-DF \u2013 Pour les a\u00e9rosols d\u00e9sinfectants, les liquides d\u00e9sinfectants en vrac et les n\u00e9bulisateurs<\/a><\/li>\n<li><a href=\"http:\/\/www.miamibeachfl.gov\/wp-content\/uploads\/2021\/02\/ITQ-2021-135-NA-For-Purchase-and-Delivery-of-Disposable-Gloves-1.pdf\" target=\"_blank\" rel=\"noopener noreferrer\">ITQ 2021-135-NA \u2013 Achat de gants jetables<\/a><\/li>\n<li><a href=\"http:\/\/www.miamibeachfl.gov\/wp-content\/uploads\/2021\/03\/ITQ-2021-132-JA-For-the-Purchase-Delivery-of-HVAC-MERV-13-Pleated-Air-Filters.pdf\" target=\"_blank\" rel=\"noopener noreferrer\">ITQ 2021-132-JA \u2013 Achat et livraison de filtres \u00e0 air pliss\u00e9s CVC MERV 13<\/a><\/li>\n<li><a href=\"http:\/\/www.miamibeachfl.gov\/wp-content\/uploads\/2021\/03\/ITQ-2021-139-JA-For-the-Purchase-Delivery-of-For-3\u2010Ply-Masks.pdf\" target=\"_blank\" rel=\"noopener noreferrer\">ITQ 2021-139-JA \u2013 Achat et livraison de masques 3 plis<\/a><\/li>\n<li><a href=\"http:\/\/www.miamibeachfl.gov\/wp-content\/uploads\/2021\/04\/ITQ-2021-194-NA-For-the-Purchase-Delivery-of-Disinfecting-Wipes.pdf\" target=\"_blank\" rel=\"noopener noreferrer\">ITQ 2021-194-NA \u2013 Achat et livraison de lingettes d\u00e9sinfectantes<\/a><\/li>\n<li><a href=\"http:\/\/www.miamibeachfl.gov\/wp-content\/uploads\/2021\/05\/ITQ-2021-230-NA-For-the-Purchase-and-Delivery-of-Disposable-Gloves.pdf\" target=\"_blank\" rel=\"noopener noreferrer\">ITQ 2021-230-NA \u2013 Achat et livraison de gants jetables<\/a><\/li>\n<\/ul>\n<p>Veuillez noter que nous nous effor\u00e7ons continuellement d&#039;am\u00e9liorer notre site afin de respecter les R\u00e8gles pour l&#039;accessibilit\u00e9 des contenus Web. Si vous avez des questions ou des pr\u00e9occupations concernant l&#039;accessibilit\u00e9 de ce site ou si vous avez besoin d&#039;aide pour utiliser les processus qui y sont d\u00e9crits, veuillez nous contacter au 305.204.2489, option 6, ou en ligne via le <a href=\"https:\/\/www.miamibeachfl.gov\/fr\/city-hall\/public-works\/ada\/ada-request\/\">Formulaire de demande ADA<\/a>Si vous rencontrez un probl\u00e8me d&#039;accessibilit\u00e9, veuillez pr\u00e9ciser la page web concern\u00e9e et nous mettrons tout en \u0153uvre pour la rendre accessible. Pour plus d&#039;informations sur l&#039;ADA, <a href=\"https:\/\/www.miamibeachfl.gov\/fr\/city-hall\/public-works\/ada\/\" target=\"_blank\" rel=\"noopener noreferrer\">Cliquez ici<\/a>.<\/p>\n\t\tAcc\u00e9der \u00e0\u2026\t\t\t\n\t\t\t\t\t<ul id=\"menu-procurement-bid-archives\"><li id=\"menu-item-363373\"><a href=\"\/fr\/city-hall\/procurement\/bid-opportunities\/current-bid-opportunities\/2020-covid-19-invitations-to-quote-itq-archived\/\">INVITATIONS \u00c0 SOUMETTRE DES DEVIS (ITQ) COVID-19 2020 ARCHIV\u00c9ES<\/a><\/li>\n<li id=\"menu-item-363374\"><a href=\"\/fr\/city-hall\/procurement\/bid-opportunities\/current-bid-opportunities\/2021-covid-19-invitations-to-quote-itq-archived\/\">INVITATIONS \u00c0 SOUMETTRE DES DEVIS (ITQ) COVID-19 2021 ARCHIV\u00c9ES<\/a><\/li>\n<\/ul>\t\n\t<div class=\"page-navigation\"><a class=\"prev-page\" href=\"https:\/\/www.miamibeachfl.gov\/fr\/community-development\/home-and-cdbg-2022-rfp\/\">\u2190 Accueil et CDBG 2023 RFA<\/a> <a class=\"next-page\" href=\"https:\/\/www.miamibeachfl.gov\/fr\/city-hall\/procurement\/bid-opportunities\/\">Appels d&#039;offres \u2192<\/a><\/div>","protected":false},"excerpt":{"rendered":"<p>APPELS DE SOUMISSION (ISQ) COVID-19 2021 ARCHIV\u00c9S Accueil &gt; H\u00f4tel de ville &gt; Approvisionnement &gt; Appels d&#039;offres &gt; Appels d&#039;offres actuels [\u2026]<\/p>","protected":false},"author":26,"featured_media":0,"parent":28915,"menu_order":0,"comment_status":"closed","ping_status":"closed","template":"","meta":{"_searchwp_excluded":"","site-sidebar-layout":"default","site-content-layout":"","ast-site-content-layout":"default","site-content-style":"default","site-sidebar-style":"default","ast-global-header-display":"","ast-banner-title-visibility":"","ast-main-header-display":"","ast-hfb-above-header-display":"","ast-hfb-below-header-display":"","ast-hfb-mobile-header-display":"","site-post-title":"","ast-breadcrumbs-content":"","ast-featured-img":"","footer-sml-layout":"","theme-transparent-header-meta":"","adv-header-id-meta":"","stick-header-meta":"","header-above-stick-meta":"","header-main-stick-meta":"","header-below-stick-meta":"","astra-migrate-meta-layouts":"default","ast-page-background-enabled":"default","ast-page-background-meta":{"desktop":{"background-color":"var(--ast-global-color-5)","background-image":"","background-repeat":"repeat","background-position":"center center","background-size":"auto","background-attachment":"scroll","background-type":"","background-media":"","overlay-type":"","overlay-color":"","overlay-opacity":"","overlay-gradient":""},"tablet":{"background-color":"","background-image":"","background-repeat":"repeat","background-position":"center center","background-size":"auto","background-attachment":"scroll","background-type":"","background-media":"","overlay-type":"","overlay-color":"","overlay-opacity":"","overlay-gradient":""},"mobile":{"background-color":"","background-image":"","background-repeat":"repeat","background-position":"center center","background-size":"auto","background-attachment":"scroll","background-type":"","background-media":"","overlay-type":"","overlay-color":"","overlay-opacity":"","overlay-gradient":""}},"ast-content-background-meta":{"desktop":{"background-color":"var(--ast-global-color-4)","background-image":"","background-repeat":"repeat","background-position":"center center","background-size":"auto","background-attachment":"scroll","background-type":"","background-media":"","overlay-type":"","overlay-color":"","overlay-opacity":"","overlay-gradient":""},"tablet":{"background-color":"var(--ast-global-color-4)","background-image":"","background-repeat":"repeat","background-position":"center center","background-size":"auto","background-attachment":"scroll","background-type":"","background-media":"","overlay-type":"","overlay-color":"","overlay-opacity":"","overlay-gradient":""},"mobile":{"background-color":"var(--ast-global-color-4)","background-image":"","background-repeat":"repeat","background-position":"center center","background-size":"auto","background-attachment":"scroll","background-type":"","background-media":"","overlay-type":"","overlay-color":"","overlay-opacity":"","overlay-gradient":""}},"footnotes":""},"categories":[],"tags":[],"class_list":["post-179847","page","type-page","status-publish","hentry"],"yoast_head":"<!-- This site is optimized with the Yoast SEO Premium plugin v26.6 (Yoast SEO v26.6) - https:\/\/yoast.com\/wordpress\/plugins\/seo\/ -->\n<title>2021 COVID-19 INVITATIONS TO QUOTE (ITQ) ARCHIVED - City of Miami Beach<\/title>\n<meta name=\"description\" content=\"%\" \/>\n<meta name=\"robots\" content=\"index, follow, max-snippet:-1, max-image-preview:large, max-video-preview:-1\" \/>\n<link rel=\"canonical\" href=\"https:\/\/www.miamibeachfl.gov\/fr\/city-hall\/procurement\/bid-opportunities\/current-bid-opportunities\/2021-covid-19-invitations-to-quote-itq-archived\/\" \/>\n<meta property=\"og:locale\" content=\"fr_FR\" \/>\n<meta property=\"og:type\" content=\"article\" \/>\n<meta property=\"og:title\" content=\"2021 COVID-19 INVITATIONS TO QUOTE (ITQ) ARCHIVED\" \/>\n<meta property=\"og:description\" content=\"%\" \/>\n<meta property=\"og:url\" content=\"https:\/\/www.miamibeachfl.gov\/fr\/city-hall\/procurement\/bid-opportunities\/current-bid-opportunities\/2021-covid-19-invitations-to-quote-itq-archived\/\" \/>\n<meta property=\"og:site_name\" content=\"City of Miami Beach\" \/>\n<meta property=\"article:publisher\" content=\"https:\/\/www.facebook.com\/cityofmiamibeach\" \/>\n<meta property=\"article:modified_time\" content=\"2026-03-03T15:54:53+00:00\" \/>\n<meta property=\"og:image\" content=\"https:\/\/www.miamibeachfl.gov\/wp-content\/uploads\/2022\/07\/hero-small.jpg\" \/>\n<meta name=\"twitter:card\" content=\"summary_large_image\" \/>\n<meta name=\"twitter:site\" content=\"@Miamibeachnews\" \/>\n<script type=\"application\/ld+json\" class=\"yoast-schema-graph\">{\"@context\":\"https:\/\/schema.org\",\"@graph\":[{\"@type\":\"WebPage\",\"@id\":\"https:\/\/www.miamibeachfl.gov\/city-hall\/procurement\/bid-opportunities\/current-bid-opportunities\/2021-covid-19-invitations-to-quote-itq-archived\/\",\"url\":\"https:\/\/www.miamibeachfl.gov\/city-hall\/procurement\/bid-opportunities\/current-bid-opportunities\/2021-covid-19-invitations-to-quote-itq-archived\/\",\"name\":\"2021 COVID-19 INVITATIONS TO QUOTE (ITQ) ARCHIVED - City of Miami Beach\",\"isPartOf\":{\"@id\":\"https:\/\/www.miamibeachfl.gov\/#website\"},\"primaryImageOfPage\":{\"@id\":\"https:\/\/www.miamibeachfl.gov\/city-hall\/procurement\/bid-opportunities\/current-bid-opportunities\/2021-covid-19-invitations-to-quote-itq-archived\/#primaryimage\"},\"image\":{\"@id\":\"https:\/\/www.miamibeachfl.gov\/city-hall\/procurement\/bid-opportunities\/current-bid-opportunities\/2021-covid-19-invitations-to-quote-itq-archived\/#primaryimage\"},\"thumbnailUrl\":\"https:\/\/www.miamibeachfl.gov\/wp-content\/uploads\/2022\/07\/hero-small.jpg\",\"datePublished\":\"2022-01-31T18:20:51+00:00\",\"dateModified\":\"2026-03-03T15:54:53+00:00\",\"description\":\"%\",\"breadcrumb\":{\"@id\":\"https:\/\/www.miamibeachfl.gov\/city-hall\/procurement\/bid-opportunities\/current-bid-opportunities\/2021-covid-19-invitations-to-quote-itq-archived\/#breadcrumb\"},\"inLanguage\":\"fr-FR\",\"potentialAction\":[{\"@type\":\"ReadAction\",\"target\":[\"https:\/\/www.miamibeachfl.gov\/city-hall\/procurement\/bid-opportunities\/current-bid-opportunities\/2021-covid-19-invitations-to-quote-itq-archived\/\"]}]},{\"@type\":\"ImageObject\",\"inLanguage\":\"fr-FR\",\"@id\":\"https:\/\/www.miamibeachfl.gov\/city-hall\/procurement\/bid-opportunities\/current-bid-opportunities\/2021-covid-19-invitations-to-quote-itq-archived\/#primaryimage\",\"url\":\"https:\/\/www.miamibeachfl.gov\/wp-content\/uploads\/2022\/07\/hero-small.jpg\",\"contentUrl\":\"https:\/\/www.miamibeachfl.gov\/wp-content\/uploads\/2022\/07\/hero-small.jpg\"},{\"@type\":\"BreadcrumbList\",\"@id\":\"https:\/\/www.miamibeachfl.gov\/city-hall\/procurement\/bid-opportunities\/current-bid-opportunities\/2021-covid-19-invitations-to-quote-itq-archived\/#breadcrumb\",\"itemListElement\":[{\"@type\":\"ListItem\",\"position\":1,\"name\":\"Home\",\"item\":\"https:\/\/www.miamibeachfl.gov\/\"},{\"@type\":\"ListItem\",\"position\":2,\"name\":\"City Hall\",\"item\":\"https:\/\/www.miamibeachfl.gov\/city-hall\/\"},{\"@type\":\"ListItem\",\"position\":3,\"name\":\"Procurement\",\"item\":\"https:\/\/www.miamibeachfl.gov\/city-hall\/procurement\/\"},{\"@type\":\"ListItem\",\"position\":4,\"name\":\"Bid Opportunities\",\"item\":\"https:\/\/www.miamibeachfl.gov\/city-hall\/procurement\/bid-opportunities\/\"},{\"@type\":\"ListItem\",\"position\":5,\"name\":\"Current Bid Opportunities\",\"item\":\"https:\/\/www.miamibeachfl.gov\/city-hall\/procurement\/bid-opportunities\/current-bid-opportunities\/\"},{\"@type\":\"ListItem\",\"position\":6,\"name\":\"2021 COVID-19 INVITATIONS TO QUOTE (ITQ) ARCHIVED\"}]},{\"@type\":\"WebSite\",\"@id\":\"https:\/\/www.miamibeachfl.gov\/#website\",\"url\":\"https:\/\/www.miamibeachfl.gov\/\",\"name\":\"City of Miami Beach\",\"description\":\"The official website of the City of Miami Beach. Stay informed, find important information on city services, news, alerts, events, trolley routes, government employment and more.\",\"publisher\":{\"@id\":\"https:\/\/www.miamibeachfl.gov\/#organization\"},\"potentialAction\":[{\"@type\":\"SearchAction\",\"target\":{\"@type\":\"EntryPoint\",\"urlTemplate\":\"https:\/\/www.miamibeachfl.gov\/?s={search_term_string}\"},\"query-input\":{\"@type\":\"PropertyValueSpecification\",\"valueRequired\":true,\"valueName\":\"search_term_string\"}}],\"inLanguage\":\"fr-FR\"},{\"@type\":\"Organization\",\"@id\":\"https:\/\/www.miamibeachfl.gov\/#organization\",\"name\":\"City of Miami Beach\",\"url\":\"https:\/\/www.miamibeachfl.gov\/\",\"logo\":{\"@type\":\"ImageObject\",\"inLanguage\":\"fr-FR\",\"@id\":\"https:\/\/www.miamibeachfl.gov\/#\/schema\/logo\/image\/\",\"url\":\"https:\/\/www.miamibeachfl.gov\/wp-content\/uploads\/2022\/06\/miamibeach-logoblue.png\",\"contentUrl\":\"https:\/\/www.miamibeachfl.gov\/wp-content\/uploads\/2022\/06\/miamibeach-logoblue.png\",\"width\":1962,\"height\":381,\"caption\":\"City of Miami Beach\"},\"image\":{\"@id\":\"https:\/\/www.miamibeachfl.gov\/#\/schema\/logo\/image\/\"},\"sameAs\":[\"https:\/\/www.facebook.com\/cityofmiamibeach\",\"https:\/\/x.com\/Miamibeachnews\",\"https:\/\/www.instagram.com\/miamibeachnews\/\"],\"description\":\"The official website of the City of Miami Beach. Stay informed, find important information on city services, news, alerts, events, trolley routes, government employment and more.\",\"telephone\":\"305.604.CITY(2489)\",\"legalName\":\"City of Miami Beach\"}]}<\/script>\n<!-- \/ Yoast SEO Premium plugin. -->","yoast_head_json":{"title":"Appels \u00e0 soumissionner (ITQ) COVID-19 2021 ARCHIV\u00c9S - Ville de Miami Beach","description":"%","robots":{"index":"index","follow":"follow","max-snippet":"max-snippet:-1","max-image-preview":"max-image-preview:large","max-video-preview":"max-video-preview:-1"},"canonical":"https:\/\/www.miamibeachfl.gov\/fr\/city-hall\/procurement\/bid-opportunities\/current-bid-opportunities\/2021-covid-19-invitations-to-quote-itq-archived\/","og_locale":"fr_FR","og_type":"article","og_title":"2021 COVID-19 INVITATIONS TO QUOTE (ITQ) ARCHIVED","og_description":"%","og_url":"https:\/\/www.miamibeachfl.gov\/fr\/city-hall\/procurement\/bid-opportunities\/current-bid-opportunities\/2021-covid-19-invitations-to-quote-itq-archived\/","og_site_name":"City of Miami Beach","article_publisher":"https:\/\/www.facebook.com\/cityofmiamibeach","article_modified_time":"2026-03-03T15:54:53+00:00","og_image":[{"url":"https:\/\/www.miamibeachfl.gov\/wp-content\/uploads\/2022\/07\/hero-small.jpg","type":"","width":"","height":""}],"twitter_card":"summary_large_image","twitter_site":"@Miamibeachnews","schema":{"@context":"https:\/\/schema.org","@graph":[{"@type":"WebPage","@id":"https:\/\/www.miamibeachfl.gov\/city-hall\/procurement\/bid-opportunities\/current-bid-opportunities\/2021-covid-19-invitations-to-quote-itq-archived\/","url":"https:\/\/www.miamibeachfl.gov\/city-hall\/procurement\/bid-opportunities\/current-bid-opportunities\/2021-covid-19-invitations-to-quote-itq-archived\/","name":"Appels \u00e0 soumissionner (ITQ) COVID-19 2021 ARCHIV\u00c9S - Ville de Miami Beach","isPartOf":{"@id":"https:\/\/www.miamibeachfl.gov\/#website"},"primaryImageOfPage":{"@id":"https:\/\/www.miamibeachfl.gov\/city-hall\/procurement\/bid-opportunities\/current-bid-opportunities\/2021-covid-19-invitations-to-quote-itq-archived\/#primaryimage"},"image":{"@id":"https:\/\/www.miamibeachfl.gov\/city-hall\/procurement\/bid-opportunities\/current-bid-opportunities\/2021-covid-19-invitations-to-quote-itq-archived\/#primaryimage"},"thumbnailUrl":"https:\/\/www.miamibeachfl.gov\/wp-content\/uploads\/2022\/07\/hero-small.jpg","datePublished":"2022-01-31T18:20:51+00:00","dateModified":"2026-03-03T15:54:53+00:00","description":"%","breadcrumb":{"@id":"https:\/\/www.miamibeachfl.gov\/city-hall\/procurement\/bid-opportunities\/current-bid-opportunities\/2021-covid-19-invitations-to-quote-itq-archived\/#breadcrumb"},"inLanguage":"fr-FR","potentialAction":[{"@type":"ReadAction","target":["https:\/\/www.miamibeachfl.gov\/city-hall\/procurement\/bid-opportunities\/current-bid-opportunities\/2021-covid-19-invitations-to-quote-itq-archived\/"]}]},{"@type":"ImageObject","inLanguage":"fr-FR","@id":"https:\/\/www.miamibeachfl.gov\/city-hall\/procurement\/bid-opportunities\/current-bid-opportunities\/2021-covid-19-invitations-to-quote-itq-archived\/#primaryimage","url":"https:\/\/www.miamibeachfl.gov\/wp-content\/uploads\/2022\/07\/hero-small.jpg","contentUrl":"https:\/\/www.miamibeachfl.gov\/wp-content\/uploads\/2022\/07\/hero-small.jpg"},{"@type":"BreadcrumbList","@id":"https:\/\/www.miamibeachfl.gov\/city-hall\/procurement\/bid-opportunities\/current-bid-opportunities\/2021-covid-19-invitations-to-quote-itq-archived\/#breadcrumb","itemListElement":[{"@type":"ListItem","position":1,"name":"Home","item":"https:\/\/www.miamibeachfl.gov\/"},{"@type":"ListItem","position":2,"name":"City Hall","item":"https:\/\/www.miamibeachfl.gov\/city-hall\/"},{"@type":"ListItem","position":3,"name":"Procurement","item":"https:\/\/www.miamibeachfl.gov\/city-hall\/procurement\/"},{"@type":"ListItem","position":4,"name":"Bid Opportunities","item":"https:\/\/www.miamibeachfl.gov\/city-hall\/procurement\/bid-opportunities\/"},{"@type":"ListItem","position":5,"name":"Current Bid Opportunities","item":"https:\/\/www.miamibeachfl.gov\/city-hall\/procurement\/bid-opportunities\/current-bid-opportunities\/"},{"@type":"ListItem","position":6,"name":"2021 COVID-19 INVITATIONS TO QUOTE (ITQ) ARCHIVED"}]},{"@type":"WebSite","@id":"https:\/\/www.miamibeachfl.gov\/#website","url":"https:\/\/www.miamibeachfl.gov\/","name":"Ville de Miami Beach","description":"Site officiel de la ville de Miami Beach. Restez inform\u00e9 et trouvez des informations importantes sur les services municipaux, les actualit\u00e9s, les alertes, les \u00e9v\u00e9nements, les itin\u00e9raires de tramway, les emplois gouvernementaux et bien plus encore.","publisher":{"@id":"https:\/\/www.miamibeachfl.gov\/#organization"},"potentialAction":[{"@type":"SearchAction","target":{"@type":"EntryPoint","urlTemplate":"https:\/\/www.miamibeachfl.gov\/?s={search_term_string}"},"query-input":{"@type":"PropertyValueSpecification","valueRequired":true,"valueName":"search_term_string"}}],"inLanguage":"fr-FR"},{"@type":"Organization","@id":"https:\/\/www.miamibeachfl.gov\/#organization","name":"Ville de Miami Beach","url":"https:\/\/www.miamibeachfl.gov\/","logo":{"@type":"ImageObject","inLanguage":"fr-FR","@id":"https:\/\/www.miamibeachfl.gov\/#\/schema\/logo\/image\/","url":"https:\/\/www.miamibeachfl.gov\/wp-content\/uploads\/2022\/06\/miamibeach-logoblue.png","contentUrl":"https:\/\/www.miamibeachfl.gov\/wp-content\/uploads\/2022\/06\/miamibeach-logoblue.png","width":1962,"height":381,"caption":"City of Miami Beach"},"image":{"@id":"https:\/\/www.miamibeachfl.gov\/#\/schema\/logo\/image\/"},"sameAs":["https:\/\/www.facebook.com\/cityofmiamibeach","https:\/\/x.com\/Miamibeachnews","https:\/\/www.instagram.com\/miamibeachnews\/"],"description":"Site officiel de la ville de Miami Beach. Restez inform\u00e9 et trouvez des informations importantes sur les services municipaux, les actualit\u00e9s, les alertes, les \u00e9v\u00e9nements, les itin\u00e9raires de tramway, les emplois gouvernementaux et bien plus encore.","telephone":"305.604.CITY(2489)","legalName":"City of Miami Beach"}]}},"_links":{"self":[{"href":"https:\/\/www.miamibeachfl.gov\/fr\/wp-json\/wp\/v2\/pages\/179847","targetHints":{"allow":["GET"]}}],"collection":[{"href":"https:\/\/www.miamibeachfl.gov\/fr\/wp-json\/wp\/v2\/pages"}],"about":[{"href":"https:\/\/www.miamibeachfl.gov\/fr\/wp-json\/wp\/v2\/types\/page"}],"author":[{"embeddable":true,"href":"https:\/\/www.miamibeachfl.gov\/fr\/wp-json\/wp\/v2\/users\/26"}],"replies":[{"embeddable":true,"href":"https:\/\/www.miamibeachfl.gov\/fr\/wp-json\/wp\/v2\/comments?post=179847"}],"version-history":[{"count":0,"href":"https:\/\/www.miamibeachfl.gov\/fr\/wp-json\/wp\/v2\/pages\/179847\/revisions"}],"up":[{"embeddable":true,"href":"https:\/\/www.miamibeachfl.gov\/fr\/wp-json\/wp\/v2\/pages\/28915"}],"wp:attachment":[{"href":"https:\/\/www.miamibeachfl.gov\/fr\/wp-json\/wp\/v2\/media?parent=179847"}],"wp:term":[{"taxonomy":"category","embeddable":true,"href":"https:\/\/www.miamibeachfl.gov\/fr\/wp-json\/wp\/v2\/categories?post=179847"},{"taxonomy":"post_tag","embeddable":true,"href":"https:\/\/www.miamibeachfl.gov\/fr\/wp-json\/wp\/v2\/tags?post=179847"}],"curies":[{"name":"wp","href":"https:\/\/api.w.org\/{rel}","templated":true}]}}