{"id":184599,"date":"2022-04-07T14:01:16","date_gmt":"2022-04-07T18:01:16","guid":{"rendered":"http:\/\/www.miamibeachfl.gov\/city-hall\/office-of-organizational-development\/office-of-organizational-development-updated\/resident-resources-updated\/official-college-transcripts-requests\/"},"modified":"2026-01-14T16:59:18","modified_gmt":"2026-01-14T21:59:18","slug":"official-college-transcripts-requests","status":"publish","type":"page","link":"https:\/\/www.miamibeachfl.gov\/fr\/city-hall\/office-of-organizational-development\/resident-resources\/official-college-transcripts-requests\/","title":{"rendered":"Programme de relev\u00e9 de notes universitaires"},"content":{"rendered":"<img decoding=\"async\" src=\"https:\/\/www.miamibeachfl.gov\/wp-content\/uploads\/2022\/05\/icon-orgdev.png\" alt=\"Organizational Development Icon\" itemprop=\"image\" height=\"168\" width=\"240\" title=\"ic\u00f4ne-orgdev\" onerror=\"this.style.display='none'\" loading=\"lazy\" \/>\n<h1>\n\t\t\tProgramme de relev\u00e9 de notes universitaires\t<\/h1>\n<h4>\n\t\t\tLa date limite d&#039;inscription pour l&#039;ann\u00e9e scolaire 2025-2026 est le<br \/>13 f\u00e9vrier 2026.\t<\/h4>\n\t\t\t\t<img decoding=\"async\" src=\"https:\/\/www.miamibeachfl.gov\/wp-content\/uploads\/2026\/01\/graduationcapandbooks.jpg\" alt=\"college graduation cap\" itemprop=\"image\" height=\"508\" width=\"520\" title=\"toque de remise de dipl\u00f4me et livres\" onerror=\"this.style.display='none'\" loading=\"lazy\" \/>\n<h2>\n\t\t\tRELEV\u00c9 DE NOTES UNIVERSITAIRES $125 INCITATION\t<\/h2>\n\t<p>La Ville de Miami Beach finance les frais d&#039;obtention des relev\u00e9s de notes officiels de la Florida International University, du Miami Dade College ou de l&#039;Universit\u00e9 de Floride demand\u00e9s par les lyc\u00e9ens de Miami Beach inscrits au programme de double inscription. Des informations seront mises \u00e0 la disposition des lyc\u00e9ens de Miami Beach chaque ann\u00e9e en octobre.<b>\u00a0<\/b>sur le site de l&#039;\u00e9cole.<\/p>\n<h4>\n\t\t\tComment commencer\t<\/h4>\n\t<ul>\n<li>Pour commencer, les \u00e9tudiants doivent se PR\u00c9INSCRIRE avant le 13 f\u00e9vrier 2026.<\/li>\n<li>Une fois inscrit, le personnel municipal vous contactera au sujet de votre carte-cadeau.<\/li>\n<\/ul>\n\t\t\t<a href=\"https:\/\/online2.snapsurveys.com\/interview\/2260e369-84cd-4027-8768-f459d9f5e01e\" target=\"_self\">\n\t\t\t\t\t\t\tCLIQUEZ ICI POUR VOUS PR\u00c9INSCRIRE\n\t\t\t\t\t<\/a>\n<h4>\n\t\t\tFRAIS DE TRANSCRIPTION\t<\/h4>\n\t<p>Ce programme prend en charge les frais d&#039;obtention des relev\u00e9s de notes officiels de la Florida International University (FIU), du Miami Dade College (MDC) et de l&#039;Universit\u00e9 de Floride (UF). La FIU facture $10 par relev\u00e9 de notes officiel, le MDC $5 et l&#039;UF $10. Le programme finance jusqu&#039;\u00e0 cinq jeux de relev\u00e9s de notes officiels, ce qui repr\u00e9sente une \u00e9conomie potentielle de $125 par \u00e9l\u00e8ve. La ville ne prend en charge les frais de relev\u00e9s de notes que pour la p\u00e9riode durant laquelle l&#039;\u00e9l\u00e8ve fr\u00e9quente le lyc\u00e9e de Miami Beach.<\/p>\n<h4>\n\t\t\tSUIS-JE ADMISSIBLE ?\t<\/h4>\n\t<p>Pour \u00eatre admissibles, les \u00e9l\u00e8ves de terminale doivent avoir suivi des cours universitaires en double inscription dispens\u00e9s par des professeurs agr\u00e9\u00e9s par la Florida International University, le Miami Dade College ou l&#039;Universit\u00e9 de Floride. Ces cours sont offerts dans le cadre d&#039;un programme municipal novateur qui permet aux \u00e9l\u00e8ves d&#039;obtenir des cr\u00e9dits universitaires tout en fr\u00e9quentant le lyc\u00e9e Miami Beach Senior High et le coll\u00e8ge Miami Beach Nautilus Middle School.<\/p>\n<h4>\n\t\t\tQU&#039;EST-CE QUE LA DOUBLE INSCRIPTION\u00a0?\t<\/h4>\n\t<p>L&#039;inscription simultan\u00e9e \u00e0 l&#039;universit\u00e9 et au lyc\u00e9e permet aux \u00e9l\u00e8ves de commencer \u00e0 accumuler des cr\u00e9dits universitaires gratuitement d\u00e8s le coll\u00e8ge et le lyc\u00e9e. Gr\u00e2ce \u00e0 ce dispositif, ils peuvent obtenir leur dipl\u00f4me universitaire dans les d\u00e9lais pr\u00e9vus, voire plus t\u00f4t, ce qui repr\u00e9sente une \u00e9conomie de 150\u00a0000\u00a0$ pour leurs familles.<\/p>\n\t\t\t\t<img decoding=\"async\" src=\"https:\/\/www.miamibeachfl.gov\/wp-content\/uploads\/2026\/01\/collegelogos.jpg\" alt=\"College Logos\" itemprop=\"image\" height=\"236\" width=\"555\" title=\"logos d&#039;universit\u00e9\" onerror=\"this.style.display='none'\" loading=\"lazy\" \/>","protected":false},"excerpt":{"rendered":"<p>College Transcript Program The deadline to register for the 2025-26 school year isFebruary 13, 2026. COLLEGE TRANSCRIPT $125 INCENTIVE The [&hellip;]<\/p>\n","protected":false},"author":222,"featured_media":0,"parent":184535,"menu_order":77,"comment_status":"closed","ping_status":"closed","template":"","meta":{"_searchwp_excluded":"","site-sidebar-layout":"default","site-content-layout":"","ast-site-content-layout":"default","site-content-style":"default","site-sidebar-style":"default","ast-global-header-display":"","ast-banner-title-visibility":"","ast-main-header-display":"","ast-hfb-above-header-display":"","ast-hfb-below-header-display":"","ast-hfb-mobile-header-display":"","site-post-title":"","ast-breadcrumbs-content":"","ast-featured-img":"","footer-sml-layout":"","theme-transparent-header-meta":"","adv-header-id-meta":"","stick-header-meta":"","header-above-stick-meta":"","header-main-stick-meta":"","header-below-stick-meta":"","astra-migrate-meta-layouts":"default","ast-page-background-enabled":"default","ast-page-background-meta":{"desktop":{"background-color":"var(--ast-global-color-5)","background-image":"","background-repeat":"repeat","background-position":"center center","background-size":"auto","background-attachment":"scroll","background-type":"","background-media":"","overlay-type":"","overlay-color":"","overlay-opacity":"","overlay-gradient":""},"tablet":{"background-color":"","background-image":"","background-repeat":"repeat","background-position":"center center","background-size":"auto","background-attachment":"scroll","background-type":"","background-media":"","overlay-type":"","overlay-color":"","overlay-opacity":"","overlay-gradient":""},"mobile":{"background-color":"","background-image":"","background-repeat":"repeat","background-position":"center center","background-size":"auto","background-attachment":"scroll","background-type":"","background-media":"","overlay-type":"","overlay-color":"","overlay-opacity":"","overlay-gradient":""}},"ast-content-background-meta":{"desktop":{"background-color":"var(--ast-global-color-4)","background-image":"","background-repeat":"repeat","background-position":"center center","background-size":"auto","background-attachment":"scroll","background-type":"","background-media":"","overlay-type":"","overlay-color":"","overlay-opacity":"","overlay-gradient":""},"tablet":{"background-color":"var(--ast-global-color-4)","background-image":"","background-repeat":"repeat","background-position":"center center","background-size":"auto","background-attachment":"scroll","background-type":"","background-media":"","overlay-type":"","overlay-color":"","overlay-opacity":"","overlay-gradient":""},"mobile":{"background-color":"var(--ast-global-color-4)","background-image":"","background-repeat":"repeat","background-position":"center center","background-size":"auto","background-attachment":"scroll","background-type":"","background-media":"","overlay-type":"","overlay-color":"","overlay-opacity":"","overlay-gradient":""}},"footnotes":""},"categories":[],"tags":[],"class_list":["post-184599","page","type-page","status-publish","hentry"],"yoast_head":"<!-- This site is optimized with the Yoast SEO Premium plugin v27.4 (Yoast SEO v27.4) - https:\/\/yoast.com\/product\/yoast-seo-premium-wordpress\/ -->\n<title>College Transcript Program - City of Miami Beach<\/title>\n<meta name=\"description\" content=\"The City of Miami Beach funds the cost of securing copies of official transcripts from Florida International University, Miami Dade College, or University of Florida requested by Miami Beach Senior High School graduates enrolled in the dual enrollment program. Information will be available for Miami Beach Senior High seniors every October at the school site.\" \/>\n<meta name=\"robots\" content=\"index, follow, max-snippet:-1, max-image-preview:large, max-video-preview:-1\" \/>\n<link rel=\"canonical\" href=\"https:\/\/www.miamibeachfl.gov\/fr\/city-hall\/office-of-organizational-development\/resident-resources\/official-college-transcripts-requests\/\" \/>\n<meta property=\"og:locale\" content=\"fr_FR\" \/>\n<meta property=\"og:type\" content=\"article\" \/>\n<meta property=\"og:title\" content=\"College Transcript Program\" \/>\n<meta property=\"og:description\" content=\"The City of Miami Beach funds the cost of securing copies of official transcripts from Florida International University, Miami Dade College, or University of Florida requested by Miami Beach Senior High School graduates enrolled in the dual enrollment program. Information will be available for Miami Beach Senior High seniors every October at the school site.\" \/>\n<meta property=\"og:url\" content=\"https:\/\/www.miamibeachfl.gov\/fr\/city-hall\/office-of-organizational-development\/resident-resources\/official-college-transcripts-requests\/\" \/>\n<meta property=\"og:site_name\" content=\"City of Miami Beach\" \/>\n<meta property=\"article:publisher\" content=\"https:\/\/www.facebook.com\/cityofmiamibeach\" \/>\n<meta property=\"article:modified_time\" content=\"2026-01-14T21:59:18+00:00\" \/>\n<meta property=\"og:image\" content=\"https:\/\/www.miamibeachfl.gov\/wp-content\/uploads\/2022\/05\/icon-orgdev.png\" \/>\n<meta name=\"twitter:card\" content=\"summary_large_image\" \/>\n<meta name=\"twitter:site\" content=\"@Miamibeachnews\" \/>\n<script type=\"application\/ld+json\" class=\"yoast-schema-graph\">{\"@context\":\"https:\\\/\\\/schema.org\",\"@graph\":[{\"@type\":\"WebPage\",\"@id\":\"https:\\\/\\\/www.miamibeachfl.gov\\\/city-hall\\\/office-of-organizational-development\\\/resident-resources\\\/official-college-transcripts-requests\\\/\",\"url\":\"https:\\\/\\\/www.miamibeachfl.gov\\\/city-hall\\\/office-of-organizational-development\\\/resident-resources\\\/official-college-transcripts-requests\\\/\",\"name\":\"College Transcript Program - City of Miami Beach\",\"isPartOf\":{\"@id\":\"https:\\\/\\\/www.miamibeachfl.gov\\\/#website\"},\"primaryImageOfPage\":{\"@id\":\"https:\\\/\\\/www.miamibeachfl.gov\\\/city-hall\\\/office-of-organizational-development\\\/resident-resources\\\/official-college-transcripts-requests\\\/#primaryimage\"},\"image\":{\"@id\":\"https:\\\/\\\/www.miamibeachfl.gov\\\/city-hall\\\/office-of-organizational-development\\\/resident-resources\\\/official-college-transcripts-requests\\\/#primaryimage\"},\"thumbnailUrl\":\"https:\\\/\\\/www.miamibeachfl.gov\\\/wp-content\\\/uploads\\\/2022\\\/05\\\/icon-orgdev.png\",\"datePublished\":\"2022-04-07T18:01:16+00:00\",\"dateModified\":\"2026-01-14T21:59:18+00:00\",\"description\":\"The City of Miami Beach funds the cost of securing copies of official transcripts from Florida International University, Miami Dade College, or University of Florida requested by Miami Beach Senior High School graduates enrolled in the dual enrollment program. Information will be available for Miami Beach Senior High seniors every October at the school site.\",\"breadcrumb\":{\"@id\":\"https:\\\/\\\/www.miamibeachfl.gov\\\/city-hall\\\/office-of-organizational-development\\\/resident-resources\\\/official-college-transcripts-requests\\\/#breadcrumb\"},\"inLanguage\":\"fr-FR\",\"potentialAction\":[{\"@type\":\"ReadAction\",\"target\":[\"https:\\\/\\\/www.miamibeachfl.gov\\\/city-hall\\\/office-of-organizational-development\\\/resident-resources\\\/official-college-transcripts-requests\\\/\"]}]},{\"@type\":\"ImageObject\",\"inLanguage\":\"fr-FR\",\"@id\":\"https:\\\/\\\/www.miamibeachfl.gov\\\/city-hall\\\/office-of-organizational-development\\\/resident-resources\\\/official-college-transcripts-requests\\\/#primaryimage\",\"url\":\"https:\\\/\\\/www.miamibeachfl.gov\\\/wp-content\\\/uploads\\\/2022\\\/05\\\/icon-orgdev.png\",\"contentUrl\":\"https:\\\/\\\/www.miamibeachfl.gov\\\/wp-content\\\/uploads\\\/2022\\\/05\\\/icon-orgdev.png\"},{\"@type\":\"BreadcrumbList\",\"@id\":\"https:\\\/\\\/www.miamibeachfl.gov\\\/city-hall\\\/office-of-organizational-development\\\/resident-resources\\\/official-college-transcripts-requests\\\/#breadcrumb\",\"itemListElement\":[{\"@type\":\"ListItem\",\"position\":1,\"name\":\"Home\",\"item\":\"https:\\\/\\\/www.miamibeachfl.gov\\\/\"},{\"@type\":\"ListItem\",\"position\":2,\"name\":\"City Hall\",\"item\":\"https:\\\/\\\/www.miamibeachfl.gov\\\/city-hall\\\/\"},{\"@type\":\"ListItem\",\"position\":3,\"name\":\"Education &#038; Performance Initiatives\",\"item\":\"https:\\\/\\\/www.miamibeachfl.gov\\\/city-hall\\\/office-of-organizational-development\\\/\"},{\"@type\":\"ListItem\",\"position\":4,\"name\":\"Resident Resources: Programs &#038; Services\",\"item\":\"https:\\\/\\\/www.miamibeachfl.gov\\\/city-hall\\\/office-of-organizational-development\\\/resident-resources\\\/\"},{\"@type\":\"ListItem\",\"position\":5,\"name\":\"College Transcript Program\"}]},{\"@type\":\"WebSite\",\"@id\":\"https:\\\/\\\/www.miamibeachfl.gov\\\/#website\",\"url\":\"https:\\\/\\\/www.miamibeachfl.gov\\\/\",\"name\":\"City of Miami Beach\",\"description\":\"The official website of the City of Miami Beach. Stay informed, find important information on city services, news, alerts, events, trolley routes, government employment and more.\",\"publisher\":{\"@id\":\"https:\\\/\\\/www.miamibeachfl.gov\\\/#organization\"},\"potentialAction\":[{\"@type\":\"SearchAction\",\"target\":{\"@type\":\"EntryPoint\",\"urlTemplate\":\"https:\\\/\\\/www.miamibeachfl.gov\\\/?s={search_term_string}\"},\"query-input\":{\"@type\":\"PropertyValueSpecification\",\"valueRequired\":true,\"valueName\":\"search_term_string\"}}],\"inLanguage\":\"fr-FR\"},{\"@type\":\"Organization\",\"@id\":\"https:\\\/\\\/www.miamibeachfl.gov\\\/#organization\",\"name\":\"City of Miami Beach\",\"url\":\"https:\\\/\\\/www.miamibeachfl.gov\\\/\",\"logo\":{\"@type\":\"ImageObject\",\"inLanguage\":\"fr-FR\",\"@id\":\"https:\\\/\\\/www.miamibeachfl.gov\\\/#\\\/schema\\\/logo\\\/image\\\/\",\"url\":\"https:\\\/\\\/www.miamibeachfl.gov\\\/wp-content\\\/uploads\\\/2022\\\/06\\\/miamibeach-logoblue.png\",\"contentUrl\":\"https:\\\/\\\/www.miamibeachfl.gov\\\/wp-content\\\/uploads\\\/2022\\\/06\\\/miamibeach-logoblue.png\",\"width\":1962,\"height\":381,\"caption\":\"City of Miami Beach\"},\"image\":{\"@id\":\"https:\\\/\\\/www.miamibeachfl.gov\\\/#\\\/schema\\\/logo\\\/image\\\/\"},\"sameAs\":[\"https:\\\/\\\/www.facebook.com\\\/cityofmiamibeach\",\"https:\\\/\\\/x.com\\\/Miamibeachnews\",\"https:\\\/\\\/www.instagram.com\\\/miamibeachnews\\\/\"],\"description\":\"The official website of the City of Miami Beach. Stay informed, find important information on city services, news, alerts, events, trolley routes, government employment and more.\",\"telephone\":\"305.604.CITY(2489)\",\"legalName\":\"City of Miami Beach\"}]}<\/script>\n<!-- \/ Yoast SEO Premium plugin. -->","yoast_head_json":{"title":"Programme de relev\u00e9 de notes universitaires \u2013 Ville de Miami Beach","description":"La ville de Miami Beach prend en charge les frais d&#039;obtention des copies des relev\u00e9s de notes officiels de la Florida International University, du Miami Dade College ou de l&#039;University of Florida, \u00e0 la demande des \u00e9l\u00e8ves de terminale du lyc\u00e9e de Miami Beach inscrits au programme de double inscription. Des informations seront disponibles pour les \u00e9l\u00e8ves de terminale du lyc\u00e9e de Miami Beach chaque ann\u00e9e en octobre, sur le site de l&#039;\u00e9tablissement.","robots":{"index":"index","follow":"follow","max-snippet":"max-snippet:-1","max-image-preview":"max-image-preview:large","max-video-preview":"max-video-preview:-1"},"canonical":"https:\/\/www.miamibeachfl.gov\/fr\/city-hall\/office-of-organizational-development\/resident-resources\/official-college-transcripts-requests\/","og_locale":"fr_FR","og_type":"article","og_title":"College Transcript Program","og_description":"The City of Miami Beach funds the cost of securing copies of official transcripts from Florida International University, Miami Dade College, or University of Florida requested by Miami Beach Senior High School graduates enrolled in the dual enrollment program. Information will be available for Miami Beach Senior High seniors every October at the school site.","og_url":"https:\/\/www.miamibeachfl.gov\/fr\/city-hall\/office-of-organizational-development\/resident-resources\/official-college-transcripts-requests\/","og_site_name":"City of Miami Beach","article_publisher":"https:\/\/www.facebook.com\/cityofmiamibeach","article_modified_time":"2026-01-14T21:59:18+00:00","og_image":[{"url":"https:\/\/www.miamibeachfl.gov\/wp-content\/uploads\/2022\/05\/icon-orgdev.png","type":"","width":"","height":""}],"twitter_card":"summary_large_image","twitter_site":"@Miamibeachnews","schema":{"@context":"https:\/\/schema.org","@graph":[{"@type":"WebPage","@id":"https:\/\/www.miamibeachfl.gov\/city-hall\/office-of-organizational-development\/resident-resources\/official-college-transcripts-requests\/","url":"https:\/\/www.miamibeachfl.gov\/city-hall\/office-of-organizational-development\/resident-resources\/official-college-transcripts-requests\/","name":"Programme de relev\u00e9 de notes universitaires \u2013 Ville de Miami Beach","isPartOf":{"@id":"https:\/\/www.miamibeachfl.gov\/#website"},"primaryImageOfPage":{"@id":"https:\/\/www.miamibeachfl.gov\/city-hall\/office-of-organizational-development\/resident-resources\/official-college-transcripts-requests\/#primaryimage"},"image":{"@id":"https:\/\/www.miamibeachfl.gov\/city-hall\/office-of-organizational-development\/resident-resources\/official-college-transcripts-requests\/#primaryimage"},"thumbnailUrl":"https:\/\/www.miamibeachfl.gov\/wp-content\/uploads\/2022\/05\/icon-orgdev.png","datePublished":"2022-04-07T18:01:16+00:00","dateModified":"2026-01-14T21:59:18+00:00","description":"La ville de Miami Beach prend en charge les frais d&#039;obtention des copies des relev\u00e9s de notes officiels de la Florida International University, du Miami Dade College ou de l&#039;University of Florida, \u00e0 la demande des \u00e9l\u00e8ves de terminale du lyc\u00e9e de Miami Beach inscrits au programme de double inscription. Des informations seront disponibles pour les \u00e9l\u00e8ves de terminale du lyc\u00e9e de Miami Beach chaque ann\u00e9e en octobre, sur le site de l&#039;\u00e9tablissement.","breadcrumb":{"@id":"https:\/\/www.miamibeachfl.gov\/city-hall\/office-of-organizational-development\/resident-resources\/official-college-transcripts-requests\/#breadcrumb"},"inLanguage":"fr-FR","potentialAction":[{"@type":"ReadAction","target":["https:\/\/www.miamibeachfl.gov\/city-hall\/office-of-organizational-development\/resident-resources\/official-college-transcripts-requests\/"]}]},{"@type":"ImageObject","inLanguage":"fr-FR","@id":"https:\/\/www.miamibeachfl.gov\/city-hall\/office-of-organizational-development\/resident-resources\/official-college-transcripts-requests\/#primaryimage","url":"https:\/\/www.miamibeachfl.gov\/wp-content\/uploads\/2022\/05\/icon-orgdev.png","contentUrl":"https:\/\/www.miamibeachfl.gov\/wp-content\/uploads\/2022\/05\/icon-orgdev.png"},{"@type":"BreadcrumbList","@id":"https:\/\/www.miamibeachfl.gov\/city-hall\/office-of-organizational-development\/resident-resources\/official-college-transcripts-requests\/#breadcrumb","itemListElement":[{"@type":"ListItem","position":1,"name":"Home","item":"https:\/\/www.miamibeachfl.gov\/"},{"@type":"ListItem","position":2,"name":"City Hall","item":"https:\/\/www.miamibeachfl.gov\/city-hall\/"},{"@type":"ListItem","position":3,"name":"Education &#038; Performance Initiatives","item":"https:\/\/www.miamibeachfl.gov\/city-hall\/office-of-organizational-development\/"},{"@type":"ListItem","position":4,"name":"Resident Resources: Programs &#038; Services","item":"https:\/\/www.miamibeachfl.gov\/city-hall\/office-of-organizational-development\/resident-resources\/"},{"@type":"ListItem","position":5,"name":"College Transcript Program"}]},{"@type":"WebSite","@id":"https:\/\/www.miamibeachfl.gov\/#website","url":"https:\/\/www.miamibeachfl.gov\/","name":"Ville de Miami Beach","description":"Site officiel de la ville de Miami Beach. Restez inform\u00e9 et trouvez des informations importantes sur les services municipaux, les actualit\u00e9s, les alertes, les \u00e9v\u00e9nements, les itin\u00e9raires de tramway, les emplois gouvernementaux et bien plus encore.","publisher":{"@id":"https:\/\/www.miamibeachfl.gov\/#organization"},"potentialAction":[{"@type":"SearchAction","target":{"@type":"EntryPoint","urlTemplate":"https:\/\/www.miamibeachfl.gov\/?s={search_term_string}"},"query-input":{"@type":"PropertyValueSpecification","valueRequired":true,"valueName":"search_term_string"}}],"inLanguage":"fr-FR"},{"@type":"Organization","@id":"https:\/\/www.miamibeachfl.gov\/#organization","name":"Ville de Miami Beach","url":"https:\/\/www.miamibeachfl.gov\/","logo":{"@type":"ImageObject","inLanguage":"fr-FR","@id":"https:\/\/www.miamibeachfl.gov\/#\/schema\/logo\/image\/","url":"https:\/\/www.miamibeachfl.gov\/wp-content\/uploads\/2022\/06\/miamibeach-logoblue.png","contentUrl":"https:\/\/www.miamibeachfl.gov\/wp-content\/uploads\/2022\/06\/miamibeach-logoblue.png","width":1962,"height":381,"caption":"City of Miami Beach"},"image":{"@id":"https:\/\/www.miamibeachfl.gov\/#\/schema\/logo\/image\/"},"sameAs":["https:\/\/www.facebook.com\/cityofmiamibeach","https:\/\/x.com\/Miamibeachnews","https:\/\/www.instagram.com\/miamibeachnews\/"],"description":"Site officiel de la ville de Miami Beach. Restez inform\u00e9 et trouvez des informations importantes sur les services municipaux, les actualit\u00e9s, les alertes, les \u00e9v\u00e9nements, les itin\u00e9raires de tramway, les emplois gouvernementaux et bien plus encore.","telephone":"305.604.CITY(2489)","legalName":"City of Miami Beach"}]}},"_links":{"self":[{"href":"https:\/\/www.miamibeachfl.gov\/fr\/wp-json\/wp\/v2\/pages\/184599","targetHints":{"allow":["GET"]}}],"collection":[{"href":"https:\/\/www.miamibeachfl.gov\/fr\/wp-json\/wp\/v2\/pages"}],"about":[{"href":"https:\/\/www.miamibeachfl.gov\/fr\/wp-json\/wp\/v2\/types\/page"}],"author":[{"embeddable":true,"href":"https:\/\/www.miamibeachfl.gov\/fr\/wp-json\/wp\/v2\/users\/222"}],"replies":[{"embeddable":true,"href":"https:\/\/www.miamibeachfl.gov\/fr\/wp-json\/wp\/v2\/comments?post=184599"}],"version-history":[{"count":6,"href":"https:\/\/www.miamibeachfl.gov\/fr\/wp-json\/wp\/v2\/pages\/184599\/revisions"}],"predecessor-version":[{"id":395083,"href":"https:\/\/www.miamibeachfl.gov\/fr\/wp-json\/wp\/v2\/pages\/184599\/revisions\/395083"}],"up":[{"embeddable":true,"href":"https:\/\/www.miamibeachfl.gov\/fr\/wp-json\/wp\/v2\/pages\/184535"}],"wp:attachment":[{"href":"https:\/\/www.miamibeachfl.gov\/fr\/wp-json\/wp\/v2\/media?parent=184599"}],"wp:term":[{"taxonomy":"category","embeddable":true,"href":"https:\/\/www.miamibeachfl.gov\/fr\/wp-json\/wp\/v2\/categories?post=184599"},{"taxonomy":"post_tag","embeddable":true,"href":"https:\/\/www.miamibeachfl.gov\/fr\/wp-json\/wp\/v2\/tags?post=184599"}],"curies":[{"name":"wp","href":"https:\/\/api.w.org\/{rel}","templated":true}]}}