{"id":184642,"date":"2022-04-07T15:26:03","date_gmt":"2022-04-07T19:26:03","guid":{"rendered":"http:\/\/www.miamibeachfl.gov\/?page_id=184642"},"modified":"2026-04-06T11:26:37","modified_gmt":"2026-04-06T15:26:37","slug":"archived-articles-2","status":"publish","type":"page","link":"https:\/\/www.miamibeachfl.gov\/fr\/city-hall\/office-of-organizational-development\/next-generation\/archived-articles-2\/","title":{"rendered":"Articles archiv\u00e9s"},"content":{"rendered":"<img decoding=\"async\" src=\"https:\/\/www.miamibeachfl.gov\/wp-content\/uploads\/2022\/05\/icon-orgdev.png\" alt=\"Organizational Development Icon\" itemprop=\"image\" height=\"168\" width=\"240\" title=\"ic\u00f4ne-orgdev\" onerror=\"this.style.display='none'\" loading=\"lazy\" \/>\n<h3>\n\t\t\tArticles archiv\u00e9s\t<\/h3>\n\t<ul>\n<li><strong><a href=\"https:\/\/www.miamibeachfl.gov\/wp-content\/uploads\/2026\/04\/Fleet-Internships-Drive-Job-Market-Experience-Spring-2026.pdf\">Fleet Internships Drive Job Market Experience &#8211; (Spring 2026)<\/a><\/strong><\/li>\n<li><a href=\"https:\/\/www.miamibeachfl.gov\/wp-content\/uploads\/2025\/12\/Winter-2025-MIAMI-BEACH-SCHOLARSHIP.pdf\">Bourse d&#039;\u00e9tudes de Miami Beach (Hiver 2025)<\/a><\/li>\n<li><a href=\"https:\/\/www.miamibeachfl.gov\/wp-content\/uploads\/2025\/12\/Summer-2025-Another-Reason-to-Choose-MB.pdf\">Une autre raison de choisir MB (\u00c9t\u00e9 2025)<\/a><\/li>\n<li><a href=\"https:\/\/www.miamibeachfl.gov\/wp-content\/uploads\/2025\/12\/Spring-2025MIDDLE-SCHOOLERS-FIND-THEIR-JAM.pdf\">Les coll\u00e9giens trouvent leur passion (Printemps 2025)<\/a><\/li>\n<li><a href=\"https:\/\/www.miamibeachfl.gov\/wp-content\/uploads\/2025\/12\/Spring-2024-Coming-Out-With-Community.pdf\">Coming Out avec le soutien de la communaut\u00e9 (printemps 2024)<\/a><\/li>\n<li><a href=\"https:\/\/www.miamibeachfl.gov\/wp-content\/uploads\/2025\/12\/Winter-2024-Flying-High.pdf\">Voler haut (hiver 2024)<\/a><\/li>\n<li><a href=\"https:\/\/www.miamibeachfl.gov\/wp-content\/uploads\/2025\/12\/Fall-2024-Virtual-Peace-of-Mind.pdf\">Tranquillit\u00e9 d&#039;esprit virtuelle (automne 2024)<\/a><\/li>\n<li><a href=\"https:\/\/www.miamibeachfl.gov\/wp-content\/uploads\/2025\/12\/Fall-2023-Educational-Enhancements-Expanded.pdf\">Am\u00e9liorations p\u00e9dagogiques \u00e9tendues (automne 2023)<\/a><\/li>\n<li><a href=\"https:\/\/www.miamibeachfl.gov\/wp-content\/uploads\/2023\/12\/LGBTIQIAfrom-MBmagazineSummer2023-FINAL-1.pdf\">Miami Beach Cares soutient les jeunes LGBTQIA+ (\u00e9t\u00e9 2023)\u00a0<\/a><\/li>\n<li><a href=\"https:\/\/www.miamibeachfl.gov\/wp-content\/uploads\/2023\/06\/Ensemble-Still-Rocking-Half-Century-Later.pdf\">Ensemble toujours aussi rock un demi-si\u00e8cle plus tard (printemps 2023) <\/a><\/li>\n<li><a href=\"https:\/\/www.miamibeachfl.gov\/wp-content\/uploads\/2023\/01\/MBmagazineWinter2023Issuu.pdf\">Bourse du Miami Beach College (hiver 2023)<\/a><\/li>\n<li><a href=\"https:\/\/www.miamibeachfl.gov\/wp-content\/uploads\/2023\/12\/Educational-Enhancements-Fall-2023-Magazine.pdf\">Am\u00e9liorations p\u00e9dagogiques \u00e9tendues \u00e0 tous les enfants de Miami Beach (automne 2023)\u00a0<\/a><\/li>\n<li><a href=\"https:\/\/www.miamibeachfl.gov\/wp-content\/uploads\/2022\/09\/Youth-Fair-1.pdf\">Premiers emplois (automne 2022)<\/a><\/li>\n<li><a href=\"https:\/\/www.miamibeachfl.gov\/wp-content\/uploads\/2022\/07\/Miami-Beach-Schools-Step-Into-Prime-Time-MBmagazineSummer2022.pdf\">Entrez dans les heures de grande \u00e9coute (\u00e9t\u00e9 2022)<\/a><\/li>\n<li><a href=\"https:\/\/www.miamibeachfl.gov\/wp-content\/uploads\/2022\/03\/Stop-the-Bleed-MBmagazine-Spring-2022-3.15.22.pdf\">Arr\u00eatez l&#039;h\u00e9morragie (printemps 2022)<\/a><\/li>\n<li><a href=\"http:\/\/www.miamibeachfl.gov\/wp-content\/uploads\/2022\/02\/College-Transcript-Winter-2022.pdf\">Relev\u00e9 de notes du coll\u00e8ge (hiver 2022)<\/a><\/li>\n<li><a href=\"http:\/\/www.miamibeachfl.gov\/wp-content\/uploads\/2022\/02\/Substitute-Teach-at-the-Beach-Fall-2021.pdf\">Enseignant rempla\u00e7ant \u00e0 la plage (automne 2021)<\/a><\/li>\n<li><a href=\"http:\/\/www.miamibeachfl.gov\/wp-content\/uploads\/2022\/02\/Math-xy-Summer-2021.pdf\">Math\u00e9matiques x+y (\u00e9t\u00e9 2021)<\/a><\/li>\n<li><a href=\"http:\/\/www.miamibeachfl.gov\/wp-content\/uploads\/2022\/02\/Youth-Commission-Spring-2021.pdf\">Commission Jeunesse (Printemps 2021)<\/a><\/li>\n<li><a href=\"http:\/\/www.miamibeachfl.gov\/wp-content\/uploads\/2021\/05\/Brighter-Future-Ahead.pdf\">Un avenir meilleur \u00e0 venir (hiver 2021)<\/a><\/li>\n<li><a href=\"http:\/\/www.miamibeachfl.gov\/wp-content\/uploads\/2021\/05\/Beach-Kids-Rock.pdf\">Beach Kids Rock Automne 2020<\/a><\/li>\n<li><a href=\"http:\/\/www.miamibeachfl.gov\/wp-content\/uploads\/2020\/01\/MBmagazineWinter2020p18-19.pdf\">Gel pr\u00e9vu pour l&#039;hiver 2020<\/a><\/li>\n<li><a href=\"http:\/\/www.miamibeachfl.gov\/wp-content\/uploads\/2019\/09\/Next-Generation_Updated.pdf\">Construire l&#039;avenir des rats de biblioth\u00e8que Automne 2019<\/a><\/li>\n<li><a href=\"http:\/\/www.miamibeachfl.gov\/wp-content\/uploads\/2021\/05\/Cracking-the-Code.pdf\">D\u00e9crypter le code Hiver 2019<\/a><\/li>\n<li><a href=\"http:\/\/www.miamibeachfl.gov\/wp-content\/uploads\/2021\/06\/Prep-Works.pdf\">Test Prep Works \u00c9t\u00e9 2018<\/a><\/li>\n<li><a href=\"http:\/\/www.miamibeachfl.gov\/wp-content\/uploads\/2018\/07\/No-Place-for-Hate-Winter-2018.pdf\">Lutter contre l&#039;intimidation et les pr\u00e9jug\u00e9s - Hiver 2018<\/a><\/li>\n<li><a href=\"http:\/\/www.miamibeachfl.gov\/wp-content\/uploads\/2018\/02\/Next-Generation_MBMagSpring2017final.pdf\">Bient\u00f4t dans une cuisine pr\u00e8s de chez vous au printemps 2017<\/a><\/li>\n<li><a href=\"http:\/\/www.miamibeachfl.gov\/wp-content\/uploads\/2018\/02\/Next-Generation_MBWinter2017_FINAL-2.pdf\">Prochaine \u00e9tape\u2026 Dipl\u00f4me de l&#039;IB hiver 2017<\/a><\/li>\n<li><a href=\"http:\/\/www.miamibeachfl.gov\/wp-content\/uploads\/2018\/02\/Next-Generation_MBMagFall2016Final-2.pdf\">Au-del\u00e0 de Call of Duty Automne 2016<\/a><\/li>\n<li><a href=\"http:\/\/www.miamibeachfl.gov\/wp-content\/uploads\/2018\/02\/Excellence-In-Action-Summer-2016.pdf\">Excellence en action \u00c9t\u00e9 2016<\/a><\/li>\n<li><a href=\"http:\/\/www.miamibeachfl.gov\/wp-content\/uploads\/2018\/02\/MBWinter2016Scribed32-33.pdf\">Exp\u00e9rience sur le terrain Hiver 2016<\/a><\/li>\n<li><a href=\"http:\/\/www.miamibeachfl.gov\/wp-content\/uploads\/2018\/02\/Next-Generation-2.pdf\">Tranquillit\u00e9 d&#039;esprit Printemps 2016<\/a><\/li>\n<li>Hablas Espa\u00f1ol Automne 2015<\/li>\n<li>Collaboration colossale \u00c9t\u00e9 2015<\/li>\n<li><a href=\"http:\/\/www.miamibeachfl.gov\/wp-content\/uploads\/2021\/06\/Dual-Options-published.pdf\">Options doubles\u00a0: obtenez des cr\u00e9dits d&#039;\u00e9tudes secondaires et universitaires au printemps\u00a02015<\/a><\/li>\n<li><a href=\"http:\/\/www.miamibeachfl.gov\/wp-content\/uploads\/2021\/06\/Journey-to-Excellence-Final-Version-PUBLISHED-3.17.14.pdf\">Voyage vers l&#039;excellence Printemps 2014<\/a><\/li>\n<li>Un ange envoy\u00e9 du ciel Hiver 2014<\/li>\n<li>B\u00e9n\u00e9volat pour la rentr\u00e9e scolaire automne 2014<\/li>\n<li>Lire pour apprendre \u00c9t\u00e9 2014<\/li>\n<li>Les brutes ne sont pas les bienvenues - Hiver 2013<\/li>\n<li>Apprendre \u00e0 planifier l&#039;\u00e9t\u00e9 2013<\/li>\n<li>Le programme de s\u00e9curit\u00e9 des personnes responsabilise les jeunes (printemps 2013)<\/li>\n<li>Soins de sant\u00e9 au coin de la rue Hiver 2013<\/li>\n<li><a href=\"http:\/\/www.miamibeachfl.gov\/wp-content\/uploads\/2021\/06\/Safety-Article-Oct-2012-Both.pdf\">Stop\u2026Kids Ahead Automne 2012<\/a><\/li>\n<li>Faire une diff\u00e9rence dans le monde \u00c9t\u00e9 2012<\/li>\n<li><a href=\"http:\/\/www.miamibeachfl.gov\/wp-content\/uploads\/2021\/06\/November-2010-No-Parent-Left-Behind-_2_.pdf\">Aucun parent laiss\u00e9 pour compte Hiver 2011<\/a><\/li>\n<li>Dipl\u00f4me de l&#039;IB - Automne 2010<\/li>\n<li>Surfer sur la vague du WiFi \u00c9t\u00e9 2010<\/li>\n<li>Le Pacte \u00e9ducatif de Miami Beach\u00a0: comment une communaut\u00e9 s&#039;engage sur la voie d&#039;\u00e9coles de classe mondiale<\/li>\n<li>En harmonie avec les arts et les \u00e9tudes - Printemps 2010<\/li>\n<li>Parlons-en\u00a0! Les professionnels de la communaut\u00e9 am\u00e9liorent l&#039;apprentissage en classe. Hiver\u00a02009<\/li>\n<li><a href=\"http:\/\/www.miamibeachfl.gov\/wp-content\/uploads\/2021\/06\/Reading-Adventures-Fall-2009.pdf\">Aventures de lecture automne 2009<\/a><\/li>\n<li><a href=\"http:\/\/www.miamibeachfl.gov\/wp-content\/uploads\/2021\/06\/MB-Literacy-Article-August-2009-_3_.pdf\">Construire un continuum d&#039;excellence dans les \u00e9coles MB \u00c9t\u00e9 2009<\/a><\/li>\n<li>Exp\u00e9rience sur le terrain Printemps 2009<\/li>\n<li>Baccalaur\u00e9at international - Un monde de connaissances Hiver 2009<\/li>\n<li>Une fois la journ\u00e9e d&#039;\u00e9cole termin\u00e9e\u2026 et apr\u00e8s\u00a0? Automne 2008<\/li>\n<li>7 habitudes de r\u00e9ussite pour les familles MB \u00c9t\u00e9\/Automne 2008<\/li>\n<li>Promouvoir l&#039;excellence en \u00e9ducation - Qualit\u00e9 et choix Hiver-Printemps 2008<\/li>\n<li>Enrichir nos futurs dirigeants, partie II, \u00e9t\u00e9 2008<\/li>\n<li>Enrichir nos futurs dirigeants, partie I, printemps 2008<\/li>\n<\/ul>","protected":false},"excerpt":{"rendered":"<p>Archived articles Fleet Internships Drive Job Market Experience &#8211; (Spring 2026) Miami Beach Scholarship (Winter 2025) Another Reason to Choose [&hellip;]<\/p>\n","protected":false},"author":222,"featured_media":0,"parent":184605,"menu_order":0,"comment_status":"closed","ping_status":"closed","template":"","meta":{"_searchwp_excluded":"","site-sidebar-layout":"default","site-content-layout":"","ast-site-content-layout":"default","site-content-style":"default","site-sidebar-style":"default","ast-global-header-display":"","ast-banner-title-visibility":"","ast-main-header-display":"","ast-hfb-above-header-display":"","ast-hfb-below-header-display":"","ast-hfb-mobile-header-display":"","site-post-title":"","ast-breadcrumbs-content":"","ast-featured-img":"","footer-sml-layout":"","theme-transparent-header-meta":"","adv-header-id-meta":"","stick-header-meta":"","header-above-stick-meta":"","header-main-stick-meta":"","header-below-stick-meta":"","astra-migrate-meta-layouts":"default","ast-page-background-enabled":"default","ast-page-background-meta":{"desktop":{"background-color":"var(--ast-global-color-5)","background-image":"","background-repeat":"repeat","background-position":"center center","background-size":"auto","background-attachment":"scroll","background-type":"","background-media":"","overlay-type":"","overlay-color":"","overlay-opacity":"","overlay-gradient":""},"tablet":{"background-color":"","background-image":"","background-repeat":"repeat","background-position":"center center","background-size":"auto","background-attachment":"scroll","background-type":"","background-media":"","overlay-type":"","overlay-color":"","overlay-opacity":"","overlay-gradient":""},"mobile":{"background-color":"","background-image":"","background-repeat":"repeat","background-position":"center center","background-size":"auto","background-attachment":"scroll","background-type":"","background-media":"","overlay-type":"","overlay-color":"","overlay-opacity":"","overlay-gradient":""}},"ast-content-background-meta":{"desktop":{"background-color":"var(--ast-global-color-4)","background-image":"","background-repeat":"repeat","background-position":"center center","background-size":"auto","background-attachment":"scroll","background-type":"","background-media":"","overlay-type":"","overlay-color":"","overlay-opacity":"","overlay-gradient":""},"tablet":{"background-color":"var(--ast-global-color-4)","background-image":"","background-repeat":"repeat","background-position":"center center","background-size":"auto","background-attachment":"scroll","background-type":"","background-media":"","overlay-type":"","overlay-color":"","overlay-opacity":"","overlay-gradient":""},"mobile":{"background-color":"var(--ast-global-color-4)","background-image":"","background-repeat":"repeat","background-position":"center center","background-size":"auto","background-attachment":"scroll","background-type":"","background-media":"","overlay-type":"","overlay-color":"","overlay-opacity":"","overlay-gradient":""}},"footnotes":""},"categories":[],"tags":[],"class_list":["post-184642","page","type-page","status-publish","hentry"],"yoast_head":"<!-- This site is optimized with the Yoast SEO Premium plugin v27.4 (Yoast SEO v27.4) - https:\/\/yoast.com\/product\/yoast-seo-premium-wordpress\/ -->\n<title>Archived Articles - City of Miami Beach<\/title>\n<meta name=\"description\" content=\"Educational documents for downloads\" \/>\n<meta name=\"robots\" content=\"index, follow, max-snippet:-1, max-image-preview:large, max-video-preview:-1\" \/>\n<link rel=\"canonical\" href=\"https:\/\/www.miamibeachfl.gov\/fr\/city-hall\/office-of-organizational-development\/next-generation\/archived-articles-2\/\" \/>\n<meta property=\"og:locale\" content=\"fr_FR\" \/>\n<meta property=\"og:type\" content=\"article\" \/>\n<meta property=\"og:title\" content=\"Archived Articles\" \/>\n<meta property=\"og:description\" content=\"Educational documents for downloads\" \/>\n<meta property=\"og:url\" content=\"https:\/\/www.miamibeachfl.gov\/fr\/city-hall\/office-of-organizational-development\/next-generation\/archived-articles-2\/\" \/>\n<meta property=\"og:site_name\" content=\"City of Miami Beach\" \/>\n<meta property=\"article:publisher\" content=\"https:\/\/www.facebook.com\/cityofmiamibeach\" \/>\n<meta property=\"article:modified_time\" content=\"2026-04-06T15:26:37+00:00\" \/>\n<meta property=\"og:image\" content=\"https:\/\/www.miamibeachfl.gov\/wp-content\/uploads\/2022\/05\/icon-orgdev.png\" \/>\n<meta name=\"twitter:card\" content=\"summary_large_image\" \/>\n<meta name=\"twitter:site\" content=\"@Miamibeachnews\" \/>\n<script type=\"application\/ld+json\" class=\"yoast-schema-graph\">{\"@context\":\"https:\\\/\\\/schema.org\",\"@graph\":[{\"@type\":\"WebPage\",\"@id\":\"https:\\\/\\\/www.miamibeachfl.gov\\\/city-hall\\\/office-of-organizational-development\\\/next-generation\\\/archived-articles-2\\\/\",\"url\":\"https:\\\/\\\/www.miamibeachfl.gov\\\/city-hall\\\/office-of-organizational-development\\\/next-generation\\\/archived-articles-2\\\/\",\"name\":\"Archived Articles - City of Miami Beach\",\"isPartOf\":{\"@id\":\"https:\\\/\\\/www.miamibeachfl.gov\\\/#website\"},\"primaryImageOfPage\":{\"@id\":\"https:\\\/\\\/www.miamibeachfl.gov\\\/city-hall\\\/office-of-organizational-development\\\/next-generation\\\/archived-articles-2\\\/#primaryimage\"},\"image\":{\"@id\":\"https:\\\/\\\/www.miamibeachfl.gov\\\/city-hall\\\/office-of-organizational-development\\\/next-generation\\\/archived-articles-2\\\/#primaryimage\"},\"thumbnailUrl\":\"https:\\\/\\\/www.miamibeachfl.gov\\\/wp-content\\\/uploads\\\/2022\\\/05\\\/icon-orgdev.png\",\"datePublished\":\"2022-04-07T19:26:03+00:00\",\"dateModified\":\"2026-04-06T15:26:37+00:00\",\"description\":\"Educational documents for downloads\",\"breadcrumb\":{\"@id\":\"https:\\\/\\\/www.miamibeachfl.gov\\\/city-hall\\\/office-of-organizational-development\\\/next-generation\\\/archived-articles-2\\\/#breadcrumb\"},\"inLanguage\":\"fr-FR\",\"potentialAction\":[{\"@type\":\"ReadAction\",\"target\":[\"https:\\\/\\\/www.miamibeachfl.gov\\\/city-hall\\\/office-of-organizational-development\\\/next-generation\\\/archived-articles-2\\\/\"]}]},{\"@type\":\"ImageObject\",\"inLanguage\":\"fr-FR\",\"@id\":\"https:\\\/\\\/www.miamibeachfl.gov\\\/city-hall\\\/office-of-organizational-development\\\/next-generation\\\/archived-articles-2\\\/#primaryimage\",\"url\":\"https:\\\/\\\/www.miamibeachfl.gov\\\/wp-content\\\/uploads\\\/2022\\\/05\\\/icon-orgdev.png\",\"contentUrl\":\"https:\\\/\\\/www.miamibeachfl.gov\\\/wp-content\\\/uploads\\\/2022\\\/05\\\/icon-orgdev.png\"},{\"@type\":\"BreadcrumbList\",\"@id\":\"https:\\\/\\\/www.miamibeachfl.gov\\\/city-hall\\\/office-of-organizational-development\\\/next-generation\\\/archived-articles-2\\\/#breadcrumb\",\"itemListElement\":[{\"@type\":\"ListItem\",\"position\":1,\"name\":\"Home\",\"item\":\"https:\\\/\\\/www.miamibeachfl.gov\\\/\"},{\"@type\":\"ListItem\",\"position\":2,\"name\":\"City Hall\",\"item\":\"https:\\\/\\\/www.miamibeachfl.gov\\\/city-hall\\\/\"},{\"@type\":\"ListItem\",\"position\":3,\"name\":\"Education &#038; Performance Initiatives\",\"item\":\"https:\\\/\\\/www.miamibeachfl.gov\\\/city-hall\\\/office-of-organizational-development\\\/\"},{\"@type\":\"ListItem\",\"position\":4,\"name\":\"Next Generation\",\"item\":\"https:\\\/\\\/www.miamibeachfl.gov\\\/city-hall\\\/office-of-organizational-development\\\/next-generation\\\/\"},{\"@type\":\"ListItem\",\"position\":5,\"name\":\"Archived Articles\"}]},{\"@type\":\"WebSite\",\"@id\":\"https:\\\/\\\/www.miamibeachfl.gov\\\/#website\",\"url\":\"https:\\\/\\\/www.miamibeachfl.gov\\\/\",\"name\":\"City of Miami Beach\",\"description\":\"The official website of the City of Miami Beach. Stay informed, find important information on city services, news, alerts, events, trolley routes, government employment and more.\",\"publisher\":{\"@id\":\"https:\\\/\\\/www.miamibeachfl.gov\\\/#organization\"},\"potentialAction\":[{\"@type\":\"SearchAction\",\"target\":{\"@type\":\"EntryPoint\",\"urlTemplate\":\"https:\\\/\\\/www.miamibeachfl.gov\\\/?s={search_term_string}\"},\"query-input\":{\"@type\":\"PropertyValueSpecification\",\"valueRequired\":true,\"valueName\":\"search_term_string\"}}],\"inLanguage\":\"fr-FR\"},{\"@type\":\"Organization\",\"@id\":\"https:\\\/\\\/www.miamibeachfl.gov\\\/#organization\",\"name\":\"City of Miami Beach\",\"url\":\"https:\\\/\\\/www.miamibeachfl.gov\\\/\",\"logo\":{\"@type\":\"ImageObject\",\"inLanguage\":\"fr-FR\",\"@id\":\"https:\\\/\\\/www.miamibeachfl.gov\\\/#\\\/schema\\\/logo\\\/image\\\/\",\"url\":\"https:\\\/\\\/www.miamibeachfl.gov\\\/wp-content\\\/uploads\\\/2022\\\/06\\\/miamibeach-logoblue.png\",\"contentUrl\":\"https:\\\/\\\/www.miamibeachfl.gov\\\/wp-content\\\/uploads\\\/2022\\\/06\\\/miamibeach-logoblue.png\",\"width\":1962,\"height\":381,\"caption\":\"City of Miami Beach\"},\"image\":{\"@id\":\"https:\\\/\\\/www.miamibeachfl.gov\\\/#\\\/schema\\\/logo\\\/image\\\/\"},\"sameAs\":[\"https:\\\/\\\/www.facebook.com\\\/cityofmiamibeach\",\"https:\\\/\\\/x.com\\\/Miamibeachnews\",\"https:\\\/\\\/www.instagram.com\\\/miamibeachnews\\\/\"],\"description\":\"The official website of the City of Miami Beach. Stay informed, find important information on city services, news, alerts, events, trolley routes, government employment and more.\",\"telephone\":\"305.604.CITY(2489)\",\"legalName\":\"City of Miami Beach\"}]}<\/script>\n<!-- \/ Yoast SEO Premium plugin. -->","yoast_head_json":{"title":"Articles archiv\u00e9s \u2013 Ville de Miami Beach","description":"Documents p\u00e9dagogiques \u00e0 t\u00e9l\u00e9charger","robots":{"index":"index","follow":"follow","max-snippet":"max-snippet:-1","max-image-preview":"max-image-preview:large","max-video-preview":"max-video-preview:-1"},"canonical":"https:\/\/www.miamibeachfl.gov\/fr\/city-hall\/office-of-organizational-development\/next-generation\/archived-articles-2\/","og_locale":"fr_FR","og_type":"article","og_title":"Archived Articles","og_description":"Educational documents for downloads","og_url":"https:\/\/www.miamibeachfl.gov\/fr\/city-hall\/office-of-organizational-development\/next-generation\/archived-articles-2\/","og_site_name":"City of Miami Beach","article_publisher":"https:\/\/www.facebook.com\/cityofmiamibeach","article_modified_time":"2026-04-06T15:26:37+00:00","og_image":[{"url":"https:\/\/www.miamibeachfl.gov\/wp-content\/uploads\/2022\/05\/icon-orgdev.png","type":"","width":"","height":""}],"twitter_card":"summary_large_image","twitter_site":"@Miamibeachnews","schema":{"@context":"https:\/\/schema.org","@graph":[{"@type":"WebPage","@id":"https:\/\/www.miamibeachfl.gov\/city-hall\/office-of-organizational-development\/next-generation\/archived-articles-2\/","url":"https:\/\/www.miamibeachfl.gov\/city-hall\/office-of-organizational-development\/next-generation\/archived-articles-2\/","name":"Articles archiv\u00e9s \u2013 Ville de Miami Beach","isPartOf":{"@id":"https:\/\/www.miamibeachfl.gov\/#website"},"primaryImageOfPage":{"@id":"https:\/\/www.miamibeachfl.gov\/city-hall\/office-of-organizational-development\/next-generation\/archived-articles-2\/#primaryimage"},"image":{"@id":"https:\/\/www.miamibeachfl.gov\/city-hall\/office-of-organizational-development\/next-generation\/archived-articles-2\/#primaryimage"},"thumbnailUrl":"https:\/\/www.miamibeachfl.gov\/wp-content\/uploads\/2022\/05\/icon-orgdev.png","datePublished":"2022-04-07T19:26:03+00:00","dateModified":"2026-04-06T15:26:37+00:00","description":"Documents p\u00e9dagogiques \u00e0 t\u00e9l\u00e9charger","breadcrumb":{"@id":"https:\/\/www.miamibeachfl.gov\/city-hall\/office-of-organizational-development\/next-generation\/archived-articles-2\/#breadcrumb"},"inLanguage":"fr-FR","potentialAction":[{"@type":"ReadAction","target":["https:\/\/www.miamibeachfl.gov\/city-hall\/office-of-organizational-development\/next-generation\/archived-articles-2\/"]}]},{"@type":"ImageObject","inLanguage":"fr-FR","@id":"https:\/\/www.miamibeachfl.gov\/city-hall\/office-of-organizational-development\/next-generation\/archived-articles-2\/#primaryimage","url":"https:\/\/www.miamibeachfl.gov\/wp-content\/uploads\/2022\/05\/icon-orgdev.png","contentUrl":"https:\/\/www.miamibeachfl.gov\/wp-content\/uploads\/2022\/05\/icon-orgdev.png"},{"@type":"BreadcrumbList","@id":"https:\/\/www.miamibeachfl.gov\/city-hall\/office-of-organizational-development\/next-generation\/archived-articles-2\/#breadcrumb","itemListElement":[{"@type":"ListItem","position":1,"name":"Home","item":"https:\/\/www.miamibeachfl.gov\/"},{"@type":"ListItem","position":2,"name":"City Hall","item":"https:\/\/www.miamibeachfl.gov\/city-hall\/"},{"@type":"ListItem","position":3,"name":"Education &#038; Performance Initiatives","item":"https:\/\/www.miamibeachfl.gov\/city-hall\/office-of-organizational-development\/"},{"@type":"ListItem","position":4,"name":"Next Generation","item":"https:\/\/www.miamibeachfl.gov\/city-hall\/office-of-organizational-development\/next-generation\/"},{"@type":"ListItem","position":5,"name":"Archived Articles"}]},{"@type":"WebSite","@id":"https:\/\/www.miamibeachfl.gov\/#website","url":"https:\/\/www.miamibeachfl.gov\/","name":"Ville de Miami Beach","description":"Site officiel de la ville de Miami Beach. Restez inform\u00e9 et trouvez des informations importantes sur les services municipaux, les actualit\u00e9s, les alertes, les \u00e9v\u00e9nements, les itin\u00e9raires de tramway, les emplois gouvernementaux et bien plus encore.","publisher":{"@id":"https:\/\/www.miamibeachfl.gov\/#organization"},"potentialAction":[{"@type":"SearchAction","target":{"@type":"EntryPoint","urlTemplate":"https:\/\/www.miamibeachfl.gov\/?s={search_term_string}"},"query-input":{"@type":"PropertyValueSpecification","valueRequired":true,"valueName":"search_term_string"}}],"inLanguage":"fr-FR"},{"@type":"Organization","@id":"https:\/\/www.miamibeachfl.gov\/#organization","name":"Ville de Miami Beach","url":"https:\/\/www.miamibeachfl.gov\/","logo":{"@type":"ImageObject","inLanguage":"fr-FR","@id":"https:\/\/www.miamibeachfl.gov\/#\/schema\/logo\/image\/","url":"https:\/\/www.miamibeachfl.gov\/wp-content\/uploads\/2022\/06\/miamibeach-logoblue.png","contentUrl":"https:\/\/www.miamibeachfl.gov\/wp-content\/uploads\/2022\/06\/miamibeach-logoblue.png","width":1962,"height":381,"caption":"City of Miami Beach"},"image":{"@id":"https:\/\/www.miamibeachfl.gov\/#\/schema\/logo\/image\/"},"sameAs":["https:\/\/www.facebook.com\/cityofmiamibeach","https:\/\/x.com\/Miamibeachnews","https:\/\/www.instagram.com\/miamibeachnews\/"],"description":"Site officiel de la ville de Miami Beach. Restez inform\u00e9 et trouvez des informations importantes sur les services municipaux, les actualit\u00e9s, les alertes, les \u00e9v\u00e9nements, les itin\u00e9raires de tramway, les emplois gouvernementaux et bien plus encore.","telephone":"305.604.CITY(2489)","legalName":"City of Miami Beach"}]}},"_links":{"self":[{"href":"https:\/\/www.miamibeachfl.gov\/fr\/wp-json\/wp\/v2\/pages\/184642","targetHints":{"allow":["GET"]}}],"collection":[{"href":"https:\/\/www.miamibeachfl.gov\/fr\/wp-json\/wp\/v2\/pages"}],"about":[{"href":"https:\/\/www.miamibeachfl.gov\/fr\/wp-json\/wp\/v2\/types\/page"}],"author":[{"embeddable":true,"href":"https:\/\/www.miamibeachfl.gov\/fr\/wp-json\/wp\/v2\/users\/222"}],"replies":[{"embeddable":true,"href":"https:\/\/www.miamibeachfl.gov\/fr\/wp-json\/wp\/v2\/comments?post=184642"}],"version-history":[{"count":3,"href":"https:\/\/www.miamibeachfl.gov\/fr\/wp-json\/wp\/v2\/pages\/184642\/revisions"}],"predecessor-version":[{"id":398439,"href":"https:\/\/www.miamibeachfl.gov\/fr\/wp-json\/wp\/v2\/pages\/184642\/revisions\/398439"}],"up":[{"embeddable":true,"href":"https:\/\/www.miamibeachfl.gov\/fr\/wp-json\/wp\/v2\/pages\/184605"}],"wp:attachment":[{"href":"https:\/\/www.miamibeachfl.gov\/fr\/wp-json\/wp\/v2\/media?parent=184642"}],"wp:term":[{"taxonomy":"category","embeddable":true,"href":"https:\/\/www.miamibeachfl.gov\/fr\/wp-json\/wp\/v2\/categories?post=184642"},{"taxonomy":"post_tag","embeddable":true,"href":"https:\/\/www.miamibeachfl.gov\/fr\/wp-json\/wp\/v2\/tags?post=184642"}],"curies":[{"name":"wp","href":"https:\/\/api.w.org\/{rel}","templated":true}]}}